{"id":27553,"date":"2026-02-05T13:54:02","date_gmt":"2026-02-05T12:54:02","guid":{"rendered":"https:\/\/barmaniapro.com\/?post_type=product&#038;p=27553"},"modified":"2026-02-18T12:45:39","modified_gmt":"2026-02-18T11:45:39","slug":"parque-de-freerunning-s-copy","status":"publish","type":"product","link":"https:\/\/barmaniapro.com\/es\/producto\/parque-de-freerunning-s-copy\/","title":{"rendered":"Parkour Flujo Urbano"},"content":{"rendered":"<p data-start=\"812\" data-end=\"848\"><strong>Materiales y construcci\u00f3n de primera calidad<\/strong><\/p>\n<p data-start=\"852\" data-end=\"1037\">&#8211; Columnas:<br data-start=\"864\" data-end=\"867\">Fabricadas en acero inoxidable AISI 316, que garantiza la m\u00e1xima resistencia a la corrosi\u00f3n y durabilidad a largo plazo, ideal para espacios p\u00fablicos exteriores y entornos costeros.<\/p>\n<p data-start=\"1041\" data-end=\"1269\">&#8211; Sistema de abrazaderas:<br data-start=\"1058\" data-end=\"1061\">Equipado con un sistema de abrazaderas patentado, acabado con un revestimiento negro mate para una est\u00e9tica elegante y urbana. El sistema permite configuraciones flexibles manteniendo una estabilidad estructural excepcional. <\/p>\n<p data-start=\"1273\" data-end=\"1469\">&#8211; Barras horizontales:<br data-start=\"1293\" data-end=\"1296\">Barras horizontales de acero de alta calidad con un di\u00e1metro de 48,3 mm, galvanizadas para una mayor durabilidad y un agarre \u00f3ptimo, perfectas para saltos, columpios y transiciones din\u00e1micas.<\/p>\n<hr data-start=\"1471\" data-end=\"1474\">\n<p data-start=\"1476\" data-end=\"1514\"><strong>Dise\u00f1ado para Parkour y Freerunning<\/strong><\/p>\n<p data-start=\"1516\" data-end=\"1569\">El Flujo Urbano Parkour est\u00e1 desarrollado espec\u00edficamente para:<\/p>\n<ul data-start=\"1570\" data-end=\"1718\">\n<li data-start=\"1570\" data-end=\"1593\">\n<p data-start=\"1572\" data-end=\"1593\">Espacios p\u00fablicos al aire libre<\/p>\n<\/li>\n<li data-start=\"1594\" data-end=\"1614\">\n<p data-start=\"1596\" data-end=\"1614\">Parques deportivos urbanos<\/p>\n<\/li>\n<li data-start=\"1615\" data-end=\"1641\">\n<p data-start=\"1617\" data-end=\"1641\">Escuelas y universidades<\/p>\n<\/li>\n<li data-start=\"1642\" data-end=\"1665\">\n<p data-start=\"1644\" data-end=\"1665\">Salas de entrenamiento cubiertas<\/p>\n<\/li>\n<li data-start=\"1666\" data-end=\"1718\">\n<p data-start=\"1668\" data-end=\"1718\">Entornos de parkour profesionales y recreativos<\/p>\n<\/li>\n<\/ul>\n<p data-start=\"1720\" data-end=\"1860\">La disposici\u00f3n fomenta el movimiento continuo, las l\u00edneas naturales y el enrutamiento creativo, apoyando tanto el entrenamiento estructurado como la exploraci\u00f3n libre.<\/p>\n<hr data-start=\"1862\" data-end=\"1865\">\n<p data-start=\"1867\" data-end=\"1907\"><strong>Posibilidades de entrenamiento de Flow y Parkour<\/strong><\/p>\n<p data-start=\"1909\" data-end=\"2041\">Urban Flow est\u00e1 dise\u00f1ado para soportar una amplia gama de entrenamientos de parkour y freerunning, desde la t\u00e9cnica b\u00e1sica hasta rutinas de flow avanzadas.<\/p>\n<p data-start=\"2043\" data-end=\"2065\">Habilidades fundamentales<\/p>\n<ul data-start=\"2066\" data-end=\"2218\">\n<li data-start=\"2066\" data-end=\"2085\">\n<p data-start=\"2068\" data-end=\"2085\">Saltos de precisi\u00f3n<\/p>\n<\/li>\n<li data-start=\"2086\" data-end=\"2134\">\n<p data-start=\"2088\" data-end=\"2134\">B\u00f3vedas (b\u00f3veda de velocidad, b\u00f3veda perezosa, b\u00f3veda kong)<\/p>\n<\/li>\n<li data-start=\"2135\" data-end=\"2163\">\n<p data-start=\"2137\" data-end=\"2163\">Equilibrado y pases de gato<\/p>\n<\/li>\n<li data-start=\"2164\" data-end=\"2191\">\n<p data-start=\"2166\" data-end=\"2191\">Balanceo y traves\u00eda<\/p>\n<\/li>\n<li data-start=\"2192\" data-end=\"2218\">\n<p data-start=\"2194\" data-end=\"2218\">Barras y tic-tacs<\/p>\n<\/li>\n<\/ul>\n<p data-start=\"2220\" data-end=\"2270\">Ejemplo de Rutina de Flujo (Principiante \u2192 Intermedio)<\/p>\n<ol data-start=\"2271\" data-end=\"2527\">\n<li data-start=\"2271\" data-end=\"2320\">\n<p data-start=\"2274\" data-end=\"2320\">Comienza con un paseo de equilibrio a lo largo de las barras<\/p>\n<\/li>\n<li data-start=\"2321\" data-end=\"2374\">\n<p data-start=\"2324\" data-end=\"2374\">Transici\u00f3n a un salto de velocidad sobre barra baja<\/p>\n<\/li>\n<li data-start=\"2375\" data-end=\"2428\">\n<p data-start=\"2378\" data-end=\"2428\">Realiza un salto de precisi\u00f3n a la siguiente secci\u00f3n<\/p>\n<\/li>\n<li data-start=\"2429\" data-end=\"2478\">\n<p data-start=\"2432\" data-end=\"2478\">Fluye hacia una combinaci\u00f3n de columpio + barra inferior<\/p>\n<\/li>\n<li data-start=\"2479\" data-end=\"2527\">\n<p data-start=\"2482\" data-end=\"2527\">Termina con un aterrizaje y giro controlados<\/p>\n<\/li>\n<\/ol>\n<p data-start=\"2529\" data-end=\"2554\">Flujo de Parkour Avanzado<\/p>\n<ul data-start=\"2555\" data-end=\"2727\">\n<li data-start=\"2555\" data-end=\"2588\">\n<p data-start=\"2557\" data-end=\"2588\">Combinaciones de b\u00f3vedas continuas<\/p>\n<\/li>\n<li data-start=\"2589\" data-end=\"2624\">\n<p data-start=\"2591\" data-end=\"2624\">Balanceos y desbloqueos din\u00e1micos de la barra<\/p>\n<\/li>\n<li data-start=\"2625\" data-end=\"2657\">\n<p data-start=\"2627\" data-end=\"2657\">Saltos explosivos entre barras<\/p>\n<\/li>\n<li data-start=\"2658\" data-end=\"2698\">\n<p data-start=\"2660\" data-end=\"2698\">Cambios de direcci\u00f3n y l\u00edneas creativas<\/p>\n<\/li>\n<li data-start=\"2699\" data-end=\"2727\">\n<p data-start=\"2701\" data-end=\"2727\">Flujos de resistencia de alto ritmo<\/p>\n<\/li>\n<\/ul>\n<p data-start=\"2729\" data-end=\"2756\">Acondicionamiento y Fuerza<\/p>\n<ul data-start=\"2757\" data-end=\"2914\">\n<li data-start=\"2757\" data-end=\"2796\">\n<p data-start=\"2759\" data-end=\"2796\">Fuerza de agarre y resistencia del antebrazo<\/p>\n<\/li>\n<li data-start=\"2797\" data-end=\"2836\">\n<p data-start=\"2799\" data-end=\"2836\">Control del n\u00facleo mediante balanceos din\u00e1micos<\/p>\n<\/li>\n<li data-start=\"2837\" data-end=\"2878\">\n<p data-start=\"2839\" data-end=\"2878\">Potencia de la parte superior del cuerpo para saltos explosivos<\/p>\n<\/li>\n<li data-start=\"2879\" data-end=\"2914\">\n<p data-start=\"2881\" data-end=\"2914\">Coordinaci\u00f3n y velocidad de reacci\u00f3n<\/p>\n<\/li>\n<\/ul>\n<hr data-start=\"2916\" data-end=\"2919\">\n<p data-start=\"2921\" data-end=\"2968\"><strong>Construido para uso p\u00fablico y rendimiento a largo plazo<\/strong><\/p>\n<p data-start=\"2970\" data-end=\"3255\">El BarManiaPro Parkour Urban Flow satisface las exigencias de los entornos p\u00fablicos de gran afluencia, al tiempo que ofrece a los atletas una experiencia de entrenamiento profesional. Sus materiales robustos, su configuraci\u00f3n modular y su dise\u00f1o urbano atemporal lo convierten en una inversi\u00f3n de futuro para cualquier espacio centrado en el movimiento. <\/p>\n<p data-start=\"3257\" data-end=\"3420\">Tanto si se utiliza para entrenamiento libre, sesiones estructuradas, talleres o competiciones, Urban Flow ofrece una plataforma en la que confluyen la creatividad y el atletismo.<\/p>\n","protected":false},"excerpt":{"rendered":"<p data-start=\"242\" data-end=\"282\"><strong data-start=\"242\" data-end=\"282\">Dise\u00f1ado para fluir. Construido para el impacto. <\/strong><\/p>\n<p data-start=\"284\" data-end=\"587\">El BarManiaPro Parkour Urban Flow es una estructura de alto rendimiento para parkour y freerunning, dise\u00f1ada para espacios p\u00fablicos, parques deportivos y zonas de entrenamiento en interiores. Construido para soportar un uso diario intensivo, este sistema ofrece infinitas posibilidades de movimiento tanto a principiantes como a atletas avanzados. <\/p>\n<p>El n\u00facleo de Urban Flow es una combinaci\u00f3n de materiales duraderos, dise\u00f1o modular y l\u00f3gica de movimiento fluido, que permite a los atletas entrenar la velocidad, la creatividad, la coordinaci\u00f3n y la fuerza de forma natural y progresiva.<\/p>\n","protected":false},"featured_media":27698,"comment_status":"open","ping_status":"closed","template":"","meta":{"_acf_changed":false,"inline_featured_image":false},"product_brand":[],"product_cat":[614,972],"product_tag":[],"class_list":{"0":"post-27553","1":"product","2":"type-product","3":"status-publish","4":"has-post-thumbnail","6":"product_cat-equipo","7":"product_cat-freerunning","9":"first","10":"instock","11":"taxable","12":"shipping-taxable","13":"product-type-simple"},"acf":[],"yoast_head":"<!-- This site is optimized with the Yoast SEO plugin v26.2 - https:\/\/yoast.com\/wordpress\/plugins\/seo\/ -->\n<title>Parkour Flujo Urbano - BarManiaPro<\/title>\n<meta name=\"robots\" content=\"index, follow, max-snippet:-1, max-image-preview:large, max-video-preview:-1\" \/>\n<link rel=\"canonical\" href=\"https:\/\/barmaniapro.com\/es\/producto\/parque-de-freerunning-s-copy\/\" \/>\n<meta property=\"og:locale\" content=\"es_ES\" \/>\n<meta property=\"og:type\" content=\"article\" \/>\n<meta property=\"og:title\" content=\"Parkour Flujo Urbano - BarManiaPro\" \/>\n<meta property=\"og:description\" content=\"Dise\u00f1ado para fluir. Construido para el impacto. El BarManiaPro Parkour Urban Flow es una estructura de alto rendimiento para parkour y freerunning, dise\u00f1ada para espacios p\u00fablicos, parques deportivos y zonas de entrenamiento en interiores. Construido para soportar un uso diario intensivo, este sistema ofrece infinitas posibilidades de movimiento tanto a principiantes como a atletas avanzados. El n\u00facleo de Urban Flow es una combinaci\u00f3n de materiales duraderos, dise\u00f1o modular y l\u00f3gica de movimiento fluido, que permite a los atletas entrenar la velocidad, la creatividad, la coordinaci\u00f3n y la fuerza de forma natural y progresiva.\" \/>\n<meta property=\"og:url\" content=\"https:\/\/barmaniapro.com\/es\/producto\/parque-de-freerunning-s-copy\/\" \/>\n<meta property=\"og:site_name\" content=\"BarManiaPro\" \/>\n<meta property=\"article:publisher\" content=\"https:\/\/www.facebook.com\/BarManiaPro\/\" \/>\n<meta property=\"article:modified_time\" content=\"2026-02-18T11:45:39+00:00\" \/>\n<meta property=\"og:image\" content=\"https:\/\/barmaniapro.com\/wp-content\/uploads\/2026\/02\/BMP-52004_Parkour-Urban-Flow_1-scaled.png\" \/>\n\t<meta property=\"og:image:width\" content=\"2560\" \/>\n\t<meta property=\"og:image:height\" content=\"1469\" \/>\n\t<meta property=\"og:image:type\" content=\"image\/png\" \/>\n<meta name=\"twitter:card\" content=\"summary_large_image\" \/>\n<meta name=\"twitter:label1\" content=\"Tiempo de lectura\" \/>\n\t<meta name=\"twitter:data1\" content=\"2 minuto\" \/>\n<script type=\"application\/ld+json\" class=\"yoast-schema-graph\">{\"@context\":\"https:\/\/schema.org\",\"@graph\":[{\"@type\":\"WebPage\",\"@id\":\"https:\/\/barmaniapro.com\/es\/producto\/parque-de-freerunning-s-copy\/\",\"url\":\"https:\/\/barmaniapro.com\/es\/producto\/parque-de-freerunning-s-copy\/\",\"name\":\"Parkour Flujo Urbano - BarManiaPro\",\"isPartOf\":{\"@id\":\"https:\/\/barmaniapro.com\/es\/#website\"},\"primaryImageOfPage\":{\"@id\":\"https:\/\/barmaniapro.com\/es\/producto\/parque-de-freerunning-s-copy\/#primaryimage\"},\"image\":{\"@id\":\"https:\/\/barmaniapro.com\/es\/producto\/parque-de-freerunning-s-copy\/#primaryimage\"},\"thumbnailUrl\":\"https:\/\/barmaniapro.com\/wp-content\/uploads\/2026\/02\/BMP-52004_Parkour-Urban-Flow_1-scaled.png\",\"datePublished\":\"2026-02-05T12:54:02+00:00\",\"dateModified\":\"2026-02-18T11:45:39+00:00\",\"breadcrumb\":{\"@id\":\"https:\/\/barmaniapro.com\/es\/producto\/parque-de-freerunning-s-copy\/#breadcrumb\"},\"inLanguage\":\"es\",\"potentialAction\":[{\"@type\":\"ReadAction\",\"target\":[\"https:\/\/barmaniapro.com\/es\/producto\/parque-de-freerunning-s-copy\/\"]}]},{\"@type\":\"ImageObject\",\"inLanguage\":\"es\",\"@id\":\"https:\/\/barmaniapro.com\/es\/producto\/parque-de-freerunning-s-copy\/#primaryimage\",\"url\":\"https:\/\/barmaniapro.com\/wp-content\/uploads\/2026\/02\/BMP-52004_Parkour-Urban-Flow_1-scaled.png\",\"contentUrl\":\"https:\/\/barmaniapro.com\/wp-content\/uploads\/2026\/02\/BMP-52004_Parkour-Urban-Flow_1-scaled.png\",\"width\":2560,\"height\":1469},{\"@type\":\"BreadcrumbList\",\"@id\":\"https:\/\/barmaniapro.com\/es\/producto\/parque-de-freerunning-s-copy\/#breadcrumb\",\"itemListElement\":[{\"@type\":\"ListItem\",\"position\":1,\"name\":\"Tienda\",\"item\":\"https:\/\/barmaniapro.com\/es\/tienda\/\"},{\"@type\":\"ListItem\",\"position\":2,\"name\":\"Parkour Flujo Urbano\"}]},{\"@type\":\"WebSite\",\"@id\":\"https:\/\/barmaniapro.com\/es\/#website\",\"url\":\"https:\/\/barmaniapro.com\/es\/\",\"name\":\"BarManiaPro\",\"description\":\"Manufacturer of Calisthenics equipment\",\"potentialAction\":[{\"@type\":\"SearchAction\",\"target\":{\"@type\":\"EntryPoint\",\"urlTemplate\":\"https:\/\/barmaniapro.com\/es\/?s={search_term_string}\"},\"query-input\":{\"@type\":\"PropertyValueSpecification\",\"valueRequired\":true,\"valueName\":\"search_term_string\"}}],\"inLanguage\":\"es\"}]}<\/script>\n<!-- \/ Yoast SEO plugin. -->","yoast_head_json":{"title":"Parkour Flujo Urbano - BarManiaPro","robots":{"index":"index","follow":"follow","max-snippet":"max-snippet:-1","max-image-preview":"max-image-preview:large","max-video-preview":"max-video-preview:-1"},"canonical":"https:\/\/barmaniapro.com\/es\/producto\/parque-de-freerunning-s-copy\/","og_locale":"es_ES","og_type":"article","og_title":"Parkour Flujo Urbano - BarManiaPro","og_description":"Dise\u00f1ado para fluir. Construido para el impacto. El BarManiaPro Parkour Urban Flow es una estructura de alto rendimiento para parkour y freerunning, dise\u00f1ada para espacios p\u00fablicos, parques deportivos y zonas de entrenamiento en interiores. Construido para soportar un uso diario intensivo, este sistema ofrece infinitas posibilidades de movimiento tanto a principiantes como a atletas avanzados. El n\u00facleo de Urban Flow es una combinaci\u00f3n de materiales duraderos, dise\u00f1o modular y l\u00f3gica de movimiento fluido, que permite a los atletas entrenar la velocidad, la creatividad, la coordinaci\u00f3n y la fuerza de forma natural y progresiva.","og_url":"https:\/\/barmaniapro.com\/es\/producto\/parque-de-freerunning-s-copy\/","og_site_name":"BarManiaPro","article_publisher":"https:\/\/www.facebook.com\/BarManiaPro\/","article_modified_time":"2026-02-18T11:45:39+00:00","og_image":[{"width":2560,"height":1469,"url":"https:\/\/barmaniapro.com\/wp-content\/uploads\/2026\/02\/BMP-52004_Parkour-Urban-Flow_1-scaled.png","type":"image\/png"}],"twitter_card":"summary_large_image","twitter_misc":{"Tiempo de lectura":"2 minuto"},"schema":{"@context":"https:\/\/schema.org","@graph":[{"@type":"WebPage","@id":"https:\/\/barmaniapro.com\/es\/producto\/parque-de-freerunning-s-copy\/","url":"https:\/\/barmaniapro.com\/es\/producto\/parque-de-freerunning-s-copy\/","name":"Parkour Flujo Urbano - BarManiaPro","isPartOf":{"@id":"https:\/\/barmaniapro.com\/es\/#website"},"primaryImageOfPage":{"@id":"https:\/\/barmaniapro.com\/es\/producto\/parque-de-freerunning-s-copy\/#primaryimage"},"image":{"@id":"https:\/\/barmaniapro.com\/es\/producto\/parque-de-freerunning-s-copy\/#primaryimage"},"thumbnailUrl":"https:\/\/barmaniapro.com\/wp-content\/uploads\/2026\/02\/BMP-52004_Parkour-Urban-Flow_1-scaled.png","datePublished":"2026-02-05T12:54:02+00:00","dateModified":"2026-02-18T11:45:39+00:00","breadcrumb":{"@id":"https:\/\/barmaniapro.com\/es\/producto\/parque-de-freerunning-s-copy\/#breadcrumb"},"inLanguage":"es","potentialAction":[{"@type":"ReadAction","target":["https:\/\/barmaniapro.com\/es\/producto\/parque-de-freerunning-s-copy\/"]}]},{"@type":"ImageObject","inLanguage":"es","@id":"https:\/\/barmaniapro.com\/es\/producto\/parque-de-freerunning-s-copy\/#primaryimage","url":"https:\/\/barmaniapro.com\/wp-content\/uploads\/2026\/02\/BMP-52004_Parkour-Urban-Flow_1-scaled.png","contentUrl":"https:\/\/barmaniapro.com\/wp-content\/uploads\/2026\/02\/BMP-52004_Parkour-Urban-Flow_1-scaled.png","width":2560,"height":1469},{"@type":"BreadcrumbList","@id":"https:\/\/barmaniapro.com\/es\/producto\/parque-de-freerunning-s-copy\/#breadcrumb","itemListElement":[{"@type":"ListItem","position":1,"name":"Tienda","item":"https:\/\/barmaniapro.com\/es\/tienda\/"},{"@type":"ListItem","position":2,"name":"Parkour Flujo Urbano"}]},{"@type":"WebSite","@id":"https:\/\/barmaniapro.com\/es\/#website","url":"https:\/\/barmaniapro.com\/es\/","name":"BarManiaPro","description":"Manufacturer of Calisthenics equipment","potentialAction":[{"@type":"SearchAction","target":{"@type":"EntryPoint","urlTemplate":"https:\/\/barmaniapro.com\/es\/?s={search_term_string}"},"query-input":{"@type":"PropertyValueSpecification","valueRequired":true,"valueName":"search_term_string"}}],"inLanguage":"es"}]}},"_links":{"self":[{"href":"https:\/\/barmaniapro.com\/es\/wp-json\/wp\/v2\/product\/27553","targetHints":{"allow":["GET"]}}],"collection":[{"href":"https:\/\/barmaniapro.com\/es\/wp-json\/wp\/v2\/product"}],"about":[{"href":"https:\/\/barmaniapro.com\/es\/wp-json\/wp\/v2\/types\/product"}],"replies":[{"embeddable":true,"href":"https:\/\/barmaniapro.com\/es\/wp-json\/wp\/v2\/comments?post=27553"}],"wp:featuredmedia":[{"embeddable":true,"href":"https:\/\/barmaniapro.com\/es\/wp-json\/wp\/v2\/media\/27698"}],"wp:attachment":[{"href":"https:\/\/barmaniapro.com\/es\/wp-json\/wp\/v2\/media?parent=27553"}],"wp:term":[{"taxonomy":"product_brand","embeddable":true,"href":"https:\/\/barmaniapro.com\/es\/wp-json\/wp\/v2\/product_brand?post=27553"},{"taxonomy":"product_cat","embeddable":true,"href":"https:\/\/barmaniapro.com\/es\/wp-json\/wp\/v2\/product_cat?post=27553"},{"taxonomy":"product_tag","embeddable":true,"href":"https:\/\/barmaniapro.com\/es\/wp-json\/wp\/v2\/product_tag?post=27553"}],"curies":[{"name":"wp","href":"https:\/\/api.w.org\/{rel}","templated":true}]}}