{"id":27174,"date":"2022-06-14T15:13:04","date_gmt":"2022-06-14T13:13:04","guid":{"rendered":"https:\/\/barmaniapro.com\/product\/barras-paralelas-dobles\/"},"modified":"2022-06-14T15:13:04","modified_gmt":"2022-06-14T13:13:04","slug":"barras-paralelas-dobles","status":"publish","type":"product","link":"https:\/\/barmaniapro.com\/es\/producto\/barras-paralelas-dobles\/","title":{"rendered":"Barras paralelas dobles"},"content":{"rendered":"<ul>\n<li><strong>Dise\u00f1o de doble barra:<\/strong> Presenta dos conjuntos de barras paralelas, lo que permite entrenar a varios usuarios a la vez o posibilita combinaciones avanzadas de ejercicios para atletas solitarios.<\/li>\n<li><strong>Altura ideal:<\/strong> Con una altura de 135 cm, estas barras proporcionan un apoyo \u00f3ptimo para las flexiones, las sentadillas en L, el entrenamiento de planchas, las flexiones de manos y mucho m\u00e1s.<\/li>\n<li><strong>Construcci\u00f3n resistente:<\/strong> Fabricadas con acero de primera calidad, las barras garantizan la m\u00e1xima estabilidad y durabilidad para entrenamientos rigurosos.<\/li>\n<li><strong>Acabado resistente a la intemperie:<\/strong> Dise\u00f1ado para soportar las condiciones exteriores con un revestimiento resistente al \u00f3xido y a la intemperie, que garantiza un rendimiento duradero.<\/li>\n<li><strong>Agarre ergon\u00f3mico:<\/strong> El revestimiento antideslizante aumenta la seguridad y la comodidad, dando a los atletas la confianza necesaria para superar sus l\u00edmites.<\/li>\n<li><strong>Herramienta de entrenamiento vers\u00e1til:<\/strong> Perfecta para desarrollar la fuerza de la parte superior del cuerpo, la estabilidad del tronco y la flexibilidad, por lo que es adecuada para todos los niveles de forma f\u00edsica.<\/li>\n<\/ul>\n","protected":false},"excerpt":{"rendered":"<p>Doble versatilidad, \u00a1doble desaf\u00edo! Las Barras Paralelas Cl\u00e1sicas Dobles BarManiaPro\u00ae son lo \u00faltimo en parques de calistenia, ya que ofrecen una plataforma din\u00e1mica para que entrenen simult\u00e1neamente individuos y grupos. Con una altura de 135 cm, estas barras duraderas y de dise\u00f1o ergon\u00f3mico son perfectas para una amplia variedad de ejercicios de peso corporal, y se adaptan a atletas de todos los niveles de habilidad.  <\/p>\n","protected":false},"featured_media":12227,"comment_status":"open","ping_status":"closed","template":"","meta":{"_acf_changed":false,"inline_featured_image":false},"product_brand":[],"product_cat":[610],"product_tag":[611,723],"class_list":{"0":"post-27174","1":"product","2":"type-product","3":"status-publish","4":"has-post-thumbnail","6":"product_cat-calistenia-es","7":"product_tag-calistenia","8":"product_tag-dipbar-es","10":"first","11":"instock","12":"taxable","13":"shipping-taxable","14":"product-type-simple"},"acf":[],"yoast_head":"<!-- This site is optimized with the Yoast SEO plugin v26.2 - https:\/\/yoast.com\/wordpress\/plugins\/seo\/ -->\n<title>Barras paralelas dobles - BarManiaPro<\/title>\n<meta name=\"robots\" content=\"index, follow, max-snippet:-1, max-image-preview:large, max-video-preview:-1\" \/>\n<link rel=\"canonical\" href=\"https:\/\/barmaniapro.com\/es\/producto\/barras-paralelas-dobles\/\" \/>\n<meta property=\"og:locale\" content=\"es_ES\" \/>\n<meta property=\"og:type\" content=\"article\" \/>\n<meta property=\"og:title\" content=\"Barras paralelas dobles - BarManiaPro\" \/>\n<meta property=\"og:description\" content=\"Doble versatilidad, \u00a1doble desaf\u00edo! Las Barras Paralelas Cl\u00e1sicas Dobles BarManiaPro\u00ae son lo \u00faltimo en parques de calistenia, ya que ofrecen una plataforma din\u00e1mica para que entrenen simult\u00e1neamente individuos y grupos. Con una altura de 135 cm, estas barras duraderas y de dise\u00f1o ergon\u00f3mico son perfectas para una amplia variedad de ejercicios de peso corporal, y se adaptan a atletas de todos los niveles de habilidad.\" \/>\n<meta property=\"og:url\" content=\"https:\/\/barmaniapro.com\/es\/producto\/barras-paralelas-dobles\/\" \/>\n<meta property=\"og:site_name\" content=\"BarManiaPro\" \/>\n<meta property=\"article:publisher\" content=\"https:\/\/www.facebook.com\/BarManiaPro\/\" \/>\n<meta property=\"og:image\" content=\"https:\/\/barmaniapro.com\/wp-content\/uploads\/2022\/06\/BMP-51003_Double-parrallel-bars_classic_1-min.png\" \/>\n\t<meta property=\"og:image:width\" content=\"1770\" \/>\n\t<meta property=\"og:image:height\" content=\"1770\" \/>\n\t<meta property=\"og:image:type\" content=\"image\/png\" \/>\n<meta name=\"twitter:card\" content=\"summary_large_image\" \/>\n<meta name=\"twitter:label1\" content=\"Tiempo de lectura\" \/>\n\t<meta name=\"twitter:data1\" content=\"1 minuto\" \/>\n<script type=\"application\/ld+json\" class=\"yoast-schema-graph\">{\"@context\":\"https:\/\/schema.org\",\"@graph\":[{\"@type\":\"WebPage\",\"@id\":\"https:\/\/barmaniapro.com\/es\/producto\/barras-paralelas-dobles\/\",\"url\":\"https:\/\/barmaniapro.com\/es\/producto\/barras-paralelas-dobles\/\",\"name\":\"Barras paralelas dobles - BarManiaPro\",\"isPartOf\":{\"@id\":\"https:\/\/barmaniapro.com\/es\/#website\"},\"primaryImageOfPage\":{\"@id\":\"https:\/\/barmaniapro.com\/es\/producto\/barras-paralelas-dobles\/#primaryimage\"},\"image\":{\"@id\":\"https:\/\/barmaniapro.com\/es\/producto\/barras-paralelas-dobles\/#primaryimage\"},\"thumbnailUrl\":\"https:\/\/barmaniapro.com\/wp-content\/uploads\/2022\/06\/BMP-51003_Double-parrallel-bars_classic_1-min.png\",\"datePublished\":\"2022-06-14T13:13:04+00:00\",\"breadcrumb\":{\"@id\":\"https:\/\/barmaniapro.com\/es\/producto\/barras-paralelas-dobles\/#breadcrumb\"},\"inLanguage\":\"es\",\"potentialAction\":[{\"@type\":\"ReadAction\",\"target\":[\"https:\/\/barmaniapro.com\/es\/producto\/barras-paralelas-dobles\/\"]}]},{\"@type\":\"ImageObject\",\"inLanguage\":\"es\",\"@id\":\"https:\/\/barmaniapro.com\/es\/producto\/barras-paralelas-dobles\/#primaryimage\",\"url\":\"https:\/\/barmaniapro.com\/wp-content\/uploads\/2022\/06\/BMP-51003_Double-parrallel-bars_classic_1-min.png\",\"contentUrl\":\"https:\/\/barmaniapro.com\/wp-content\/uploads\/2022\/06\/BMP-51003_Double-parrallel-bars_classic_1-min.png\",\"width\":1770,\"height\":1770},{\"@type\":\"BreadcrumbList\",\"@id\":\"https:\/\/barmaniapro.com\/es\/producto\/barras-paralelas-dobles\/#breadcrumb\",\"itemListElement\":[{\"@type\":\"ListItem\",\"position\":1,\"name\":\"Tienda\",\"item\":\"https:\/\/barmaniapro.com\/es\/tienda\/\"},{\"@type\":\"ListItem\",\"position\":2,\"name\":\"Barras paralelas dobles\"}]},{\"@type\":\"WebSite\",\"@id\":\"https:\/\/barmaniapro.com\/es\/#website\",\"url\":\"https:\/\/barmaniapro.com\/es\/\",\"name\":\"BarManiaPro\",\"description\":\"Manufacturer of Calisthenics equipment\",\"potentialAction\":[{\"@type\":\"SearchAction\",\"target\":{\"@type\":\"EntryPoint\",\"urlTemplate\":\"https:\/\/barmaniapro.com\/es\/?s={search_term_string}\"},\"query-input\":{\"@type\":\"PropertyValueSpecification\",\"valueRequired\":true,\"valueName\":\"search_term_string\"}}],\"inLanguage\":\"es\"}]}<\/script>\n<!-- \/ Yoast SEO plugin. -->","yoast_head_json":{"title":"Barras paralelas dobles - BarManiaPro","robots":{"index":"index","follow":"follow","max-snippet":"max-snippet:-1","max-image-preview":"max-image-preview:large","max-video-preview":"max-video-preview:-1"},"canonical":"https:\/\/barmaniapro.com\/es\/producto\/barras-paralelas-dobles\/","og_locale":"es_ES","og_type":"article","og_title":"Barras paralelas dobles - BarManiaPro","og_description":"Doble versatilidad, \u00a1doble desaf\u00edo! Las Barras Paralelas Cl\u00e1sicas Dobles BarManiaPro\u00ae son lo \u00faltimo en parques de calistenia, ya que ofrecen una plataforma din\u00e1mica para que entrenen simult\u00e1neamente individuos y grupos. Con una altura de 135 cm, estas barras duraderas y de dise\u00f1o ergon\u00f3mico son perfectas para una amplia variedad de ejercicios de peso corporal, y se adaptan a atletas de todos los niveles de habilidad.","og_url":"https:\/\/barmaniapro.com\/es\/producto\/barras-paralelas-dobles\/","og_site_name":"BarManiaPro","article_publisher":"https:\/\/www.facebook.com\/BarManiaPro\/","og_image":[{"width":1770,"height":1770,"url":"https:\/\/barmaniapro.com\/wp-content\/uploads\/2022\/06\/BMP-51003_Double-parrallel-bars_classic_1-min.png","type":"image\/png"}],"twitter_card":"summary_large_image","twitter_misc":{"Tiempo de lectura":"1 minuto"},"schema":{"@context":"https:\/\/schema.org","@graph":[{"@type":"WebPage","@id":"https:\/\/barmaniapro.com\/es\/producto\/barras-paralelas-dobles\/","url":"https:\/\/barmaniapro.com\/es\/producto\/barras-paralelas-dobles\/","name":"Barras paralelas dobles - BarManiaPro","isPartOf":{"@id":"https:\/\/barmaniapro.com\/es\/#website"},"primaryImageOfPage":{"@id":"https:\/\/barmaniapro.com\/es\/producto\/barras-paralelas-dobles\/#primaryimage"},"image":{"@id":"https:\/\/barmaniapro.com\/es\/producto\/barras-paralelas-dobles\/#primaryimage"},"thumbnailUrl":"https:\/\/barmaniapro.com\/wp-content\/uploads\/2022\/06\/BMP-51003_Double-parrallel-bars_classic_1-min.png","datePublished":"2022-06-14T13:13:04+00:00","breadcrumb":{"@id":"https:\/\/barmaniapro.com\/es\/producto\/barras-paralelas-dobles\/#breadcrumb"},"inLanguage":"es","potentialAction":[{"@type":"ReadAction","target":["https:\/\/barmaniapro.com\/es\/producto\/barras-paralelas-dobles\/"]}]},{"@type":"ImageObject","inLanguage":"es","@id":"https:\/\/barmaniapro.com\/es\/producto\/barras-paralelas-dobles\/#primaryimage","url":"https:\/\/barmaniapro.com\/wp-content\/uploads\/2022\/06\/BMP-51003_Double-parrallel-bars_classic_1-min.png","contentUrl":"https:\/\/barmaniapro.com\/wp-content\/uploads\/2022\/06\/BMP-51003_Double-parrallel-bars_classic_1-min.png","width":1770,"height":1770},{"@type":"BreadcrumbList","@id":"https:\/\/barmaniapro.com\/es\/producto\/barras-paralelas-dobles\/#breadcrumb","itemListElement":[{"@type":"ListItem","position":1,"name":"Tienda","item":"https:\/\/barmaniapro.com\/es\/tienda\/"},{"@type":"ListItem","position":2,"name":"Barras paralelas dobles"}]},{"@type":"WebSite","@id":"https:\/\/barmaniapro.com\/es\/#website","url":"https:\/\/barmaniapro.com\/es\/","name":"BarManiaPro","description":"Manufacturer of Calisthenics equipment","potentialAction":[{"@type":"SearchAction","target":{"@type":"EntryPoint","urlTemplate":"https:\/\/barmaniapro.com\/es\/?s={search_term_string}"},"query-input":{"@type":"PropertyValueSpecification","valueRequired":true,"valueName":"search_term_string"}}],"inLanguage":"es"}]}},"_links":{"self":[{"href":"https:\/\/barmaniapro.com\/es\/wp-json\/wp\/v2\/product\/27174","targetHints":{"allow":["GET"]}}],"collection":[{"href":"https:\/\/barmaniapro.com\/es\/wp-json\/wp\/v2\/product"}],"about":[{"href":"https:\/\/barmaniapro.com\/es\/wp-json\/wp\/v2\/types\/product"}],"replies":[{"embeddable":true,"href":"https:\/\/barmaniapro.com\/es\/wp-json\/wp\/v2\/comments?post=27174"}],"wp:featuredmedia":[{"embeddable":true,"href":"https:\/\/barmaniapro.com\/es\/wp-json\/wp\/v2\/media\/12227"}],"wp:attachment":[{"href":"https:\/\/barmaniapro.com\/es\/wp-json\/wp\/v2\/media?parent=27174"}],"wp:term":[{"taxonomy":"product_brand","embeddable":true,"href":"https:\/\/barmaniapro.com\/es\/wp-json\/wp\/v2\/product_brand?post=27174"},{"taxonomy":"product_cat","embeddable":true,"href":"https:\/\/barmaniapro.com\/es\/wp-json\/wp\/v2\/product_cat?post=27174"},{"taxonomy":"product_tag","embeddable":true,"href":"https:\/\/barmaniapro.com\/es\/wp-json\/wp\/v2\/product_tag?post=27174"}],"curies":[{"name":"wp","href":"https:\/\/api.w.org\/{rel}","templated":true}]}}