{"id":27170,"date":"2022-06-14T15:13:04","date_gmt":"2022-06-14T13:13:04","guid":{"rendered":"https:\/\/barmaniapro.com\/product\/barra-paralela-premium\/"},"modified":"2022-06-14T15:13:04","modified_gmt":"2022-06-14T13:13:04","slug":"barra-paralela-premium","status":"publish","type":"product","link":"https:\/\/barmaniapro.com\/es\/producto\/barra-paralela-premium\/","title":{"rendered":"Barra paralela premium"},"content":{"rendered":"<p>Las Barras Paralelas Premium BarManiaPro\u00ae destacan por su dise\u00f1o robusto y sus caracter\u00edsticas de nivel profesional. Ofrece una plataforma vers\u00e1til para el entrenamiento de la parte superior del cuerpo y el tronco, al tiempo que garantiza la m\u00e1xima seguridad y comodidad. Perfectamente adaptada para espacios p\u00fablicos, esta configuraci\u00f3n invita a los usuarios a realizar entrenamientos eficaces de todo el cuerpo que desarrollan la fuerza, la resistencia y la coordinaci\u00f3n.  <\/p>\n<p>Aporta durabilidad, estilo y funcionalidad a tu espacio de fitness con las Barras Paralelas Premium BarManiaPro, creadas para elevar tu experiencia calist\u00e9nica.<\/p>\n<ul>\n<li><strong>Barras paralelas Premium:<\/strong>\n<ul>\n<li>Barras fabricadas con un di\u00e1metro de 48,3 mm, que proporcionan un agarre c\u00f3modo y seguro para ejercicios como saltos, sentadillas en L, flexiones y mucho m\u00e1s.<\/li>\n<li>Ideal para usuarios de todos los niveles, desde principiantes hasta atletas avanzados.<\/li>\n<\/ul>\n<\/li>\n<li><strong>Estructura inferior reforzada:<\/strong>\n<ul>\n<li>Una parte inferior m\u00e1s gruesa y reforzada mejora la estabilidad, garantizando la seguridad durante los entrenamientos de alta intensidad.<\/li>\n<li>Dise\u00f1ado para soportar cargas pesadas y un uso p\u00fablico continuado.<\/li>\n<\/ul>\n<\/li>\n<li><strong>Construcci\u00f3n duradera y resistente a la intemperie:<\/strong>\n<ul>\n<li>Fabricado con materiales de alta calidad, dise\u00f1ado para su uso al aire libre en gimnasios p\u00fablicos.<\/li>\n<li>El revestimiento antioxidante garantiza que las barras mantengan su rendimiento y aspecto con el paso del tiempo.<\/li>\n<\/ul>\n<\/li>\n<li><strong>Optimizado para Espacios P\u00fablicos:<\/strong>\n<ul>\n<li>Dise\u00f1ada para ser una estaci\u00f3n de fitness fiable y duradera para parques comunitarios, escuelas y \u00e1reas recreativas.<\/li>\n<li>F\u00e1cil de integrar con otros equipos de entrenamiento para una experiencia completa de parque de calistenia.<\/li>\n<\/ul>\n<\/li>\n<\/ul>\n","protected":false},"excerpt":{"rendered":"<p>Las Barras Paralelas BarManiaPro\u00ae Premium son una estaci\u00f3n de calistenia de alta calidad dise\u00f1ada para el entrenamiento de fuerza, el fitness funcional y los ejercicios de peso corporal.<\/p>\n<p>Con una estructura inferior robusta y m\u00e1s gruesa y unas barras paralelas de 48,3 mm de di\u00e1metro, este montaje ofrece una estabilidad y durabilidad inigualables, por lo que es ideal para espacios p\u00fablicos y uso intensivo.<\/p>\n","protected":false},"featured_media":12325,"comment_status":"open","ping_status":"closed","template":"","meta":{"_acf_changed":false,"inline_featured_image":false},"product_brand":[],"product_cat":[610],"product_tag":[611],"class_list":{"0":"post-27170","1":"product","2":"type-product","3":"status-publish","4":"has-post-thumbnail","6":"product_cat-calistenia-es","7":"product_tag-calistenia","9":"first","10":"instock","11":"taxable","12":"shipping-taxable","13":"product-type-simple"},"acf":[],"yoast_head":"<!-- This site is optimized with the Yoast SEO plugin v26.2 - https:\/\/yoast.com\/wordpress\/plugins\/seo\/ -->\n<title>Barra paralela premium - BarManiaPro<\/title>\n<meta name=\"robots\" content=\"index, follow, max-snippet:-1, max-image-preview:large, max-video-preview:-1\" \/>\n<link rel=\"canonical\" href=\"https:\/\/barmaniapro.com\/es\/producto\/barra-paralela-premium\/\" \/>\n<meta property=\"og:locale\" content=\"es_ES\" \/>\n<meta property=\"og:type\" content=\"article\" \/>\n<meta property=\"og:title\" content=\"Barra paralela premium - BarManiaPro\" \/>\n<meta property=\"og:description\" content=\"Las Barras Paralelas BarManiaPro\u00ae Premium son una estaci\u00f3n de calistenia de alta calidad dise\u00f1ada para el entrenamiento de fuerza, el fitness funcional y los ejercicios de peso corporal. Con una estructura inferior robusta y m\u00e1s gruesa y unas barras paralelas de 48,3 mm de di\u00e1metro, este montaje ofrece una estabilidad y durabilidad inigualables, por lo que es ideal para espacios p\u00fablicos y uso intensivo.\" \/>\n<meta property=\"og:url\" content=\"https:\/\/barmaniapro.com\/es\/producto\/barra-paralela-premium\/\" \/>\n<meta property=\"og:site_name\" content=\"BarManiaPro\" \/>\n<meta property=\"article:publisher\" content=\"https:\/\/www.facebook.com\/BarManiaPro\/\" \/>\n<meta property=\"og:image\" content=\"https:\/\/barmaniapro.com\/wp-content\/uploads\/2022\/06\/BMP-51028_Parallel-bar-Premium_classic_1-min.png\" \/>\n\t<meta property=\"og:image:width\" content=\"1770\" \/>\n\t<meta property=\"og:image:height\" content=\"1770\" \/>\n\t<meta property=\"og:image:type\" content=\"image\/png\" \/>\n<meta name=\"twitter:card\" content=\"summary_large_image\" \/>\n<meta name=\"twitter:label1\" content=\"Tiempo de lectura\" \/>\n\t<meta name=\"twitter:data1\" content=\"1 minuto\" \/>\n<script type=\"application\/ld+json\" class=\"yoast-schema-graph\">{\"@context\":\"https:\/\/schema.org\",\"@graph\":[{\"@type\":\"WebPage\",\"@id\":\"https:\/\/barmaniapro.com\/es\/producto\/barra-paralela-premium\/\",\"url\":\"https:\/\/barmaniapro.com\/es\/producto\/barra-paralela-premium\/\",\"name\":\"Barra paralela premium - BarManiaPro\",\"isPartOf\":{\"@id\":\"https:\/\/barmaniapro.com\/es\/#website\"},\"primaryImageOfPage\":{\"@id\":\"https:\/\/barmaniapro.com\/es\/producto\/barra-paralela-premium\/#primaryimage\"},\"image\":{\"@id\":\"https:\/\/barmaniapro.com\/es\/producto\/barra-paralela-premium\/#primaryimage\"},\"thumbnailUrl\":\"https:\/\/barmaniapro.com\/wp-content\/uploads\/2022\/06\/BMP-51028_Parallel-bar-Premium_classic_1-min.png\",\"datePublished\":\"2022-06-14T13:13:04+00:00\",\"breadcrumb\":{\"@id\":\"https:\/\/barmaniapro.com\/es\/producto\/barra-paralela-premium\/#breadcrumb\"},\"inLanguage\":\"es\",\"potentialAction\":[{\"@type\":\"ReadAction\",\"target\":[\"https:\/\/barmaniapro.com\/es\/producto\/barra-paralela-premium\/\"]}]},{\"@type\":\"ImageObject\",\"inLanguage\":\"es\",\"@id\":\"https:\/\/barmaniapro.com\/es\/producto\/barra-paralela-premium\/#primaryimage\",\"url\":\"https:\/\/barmaniapro.com\/wp-content\/uploads\/2022\/06\/BMP-51028_Parallel-bar-Premium_classic_1-min.png\",\"contentUrl\":\"https:\/\/barmaniapro.com\/wp-content\/uploads\/2022\/06\/BMP-51028_Parallel-bar-Premium_classic_1-min.png\",\"width\":1770,\"height\":1770},{\"@type\":\"BreadcrumbList\",\"@id\":\"https:\/\/barmaniapro.com\/es\/producto\/barra-paralela-premium\/#breadcrumb\",\"itemListElement\":[{\"@type\":\"ListItem\",\"position\":1,\"name\":\"Tienda\",\"item\":\"https:\/\/barmaniapro.com\/es\/tienda\/\"},{\"@type\":\"ListItem\",\"position\":2,\"name\":\"Barra paralela premium\"}]},{\"@type\":\"WebSite\",\"@id\":\"https:\/\/barmaniapro.com\/es\/#website\",\"url\":\"https:\/\/barmaniapro.com\/es\/\",\"name\":\"BarManiaPro\",\"description\":\"Manufacturer of Calisthenics equipment\",\"potentialAction\":[{\"@type\":\"SearchAction\",\"target\":{\"@type\":\"EntryPoint\",\"urlTemplate\":\"https:\/\/barmaniapro.com\/es\/?s={search_term_string}\"},\"query-input\":{\"@type\":\"PropertyValueSpecification\",\"valueRequired\":true,\"valueName\":\"search_term_string\"}}],\"inLanguage\":\"es\"}]}<\/script>\n<!-- \/ Yoast SEO plugin. -->","yoast_head_json":{"title":"Barra paralela premium - BarManiaPro","robots":{"index":"index","follow":"follow","max-snippet":"max-snippet:-1","max-image-preview":"max-image-preview:large","max-video-preview":"max-video-preview:-1"},"canonical":"https:\/\/barmaniapro.com\/es\/producto\/barra-paralela-premium\/","og_locale":"es_ES","og_type":"article","og_title":"Barra paralela premium - BarManiaPro","og_description":"Las Barras Paralelas BarManiaPro\u00ae Premium son una estaci\u00f3n de calistenia de alta calidad dise\u00f1ada para el entrenamiento de fuerza, el fitness funcional y los ejercicios de peso corporal. Con una estructura inferior robusta y m\u00e1s gruesa y unas barras paralelas de 48,3 mm de di\u00e1metro, este montaje ofrece una estabilidad y durabilidad inigualables, por lo que es ideal para espacios p\u00fablicos y uso intensivo.","og_url":"https:\/\/barmaniapro.com\/es\/producto\/barra-paralela-premium\/","og_site_name":"BarManiaPro","article_publisher":"https:\/\/www.facebook.com\/BarManiaPro\/","og_image":[{"width":1770,"height":1770,"url":"https:\/\/barmaniapro.com\/wp-content\/uploads\/2022\/06\/BMP-51028_Parallel-bar-Premium_classic_1-min.png","type":"image\/png"}],"twitter_card":"summary_large_image","twitter_misc":{"Tiempo de lectura":"1 minuto"},"schema":{"@context":"https:\/\/schema.org","@graph":[{"@type":"WebPage","@id":"https:\/\/barmaniapro.com\/es\/producto\/barra-paralela-premium\/","url":"https:\/\/barmaniapro.com\/es\/producto\/barra-paralela-premium\/","name":"Barra paralela premium - BarManiaPro","isPartOf":{"@id":"https:\/\/barmaniapro.com\/es\/#website"},"primaryImageOfPage":{"@id":"https:\/\/barmaniapro.com\/es\/producto\/barra-paralela-premium\/#primaryimage"},"image":{"@id":"https:\/\/barmaniapro.com\/es\/producto\/barra-paralela-premium\/#primaryimage"},"thumbnailUrl":"https:\/\/barmaniapro.com\/wp-content\/uploads\/2022\/06\/BMP-51028_Parallel-bar-Premium_classic_1-min.png","datePublished":"2022-06-14T13:13:04+00:00","breadcrumb":{"@id":"https:\/\/barmaniapro.com\/es\/producto\/barra-paralela-premium\/#breadcrumb"},"inLanguage":"es","potentialAction":[{"@type":"ReadAction","target":["https:\/\/barmaniapro.com\/es\/producto\/barra-paralela-premium\/"]}]},{"@type":"ImageObject","inLanguage":"es","@id":"https:\/\/barmaniapro.com\/es\/producto\/barra-paralela-premium\/#primaryimage","url":"https:\/\/barmaniapro.com\/wp-content\/uploads\/2022\/06\/BMP-51028_Parallel-bar-Premium_classic_1-min.png","contentUrl":"https:\/\/barmaniapro.com\/wp-content\/uploads\/2022\/06\/BMP-51028_Parallel-bar-Premium_classic_1-min.png","width":1770,"height":1770},{"@type":"BreadcrumbList","@id":"https:\/\/barmaniapro.com\/es\/producto\/barra-paralela-premium\/#breadcrumb","itemListElement":[{"@type":"ListItem","position":1,"name":"Tienda","item":"https:\/\/barmaniapro.com\/es\/tienda\/"},{"@type":"ListItem","position":2,"name":"Barra paralela premium"}]},{"@type":"WebSite","@id":"https:\/\/barmaniapro.com\/es\/#website","url":"https:\/\/barmaniapro.com\/es\/","name":"BarManiaPro","description":"Manufacturer of Calisthenics equipment","potentialAction":[{"@type":"SearchAction","target":{"@type":"EntryPoint","urlTemplate":"https:\/\/barmaniapro.com\/es\/?s={search_term_string}"},"query-input":{"@type":"PropertyValueSpecification","valueRequired":true,"valueName":"search_term_string"}}],"inLanguage":"es"}]}},"_links":{"self":[{"href":"https:\/\/barmaniapro.com\/es\/wp-json\/wp\/v2\/product\/27170","targetHints":{"allow":["GET"]}}],"collection":[{"href":"https:\/\/barmaniapro.com\/es\/wp-json\/wp\/v2\/product"}],"about":[{"href":"https:\/\/barmaniapro.com\/es\/wp-json\/wp\/v2\/types\/product"}],"replies":[{"embeddable":true,"href":"https:\/\/barmaniapro.com\/es\/wp-json\/wp\/v2\/comments?post=27170"}],"wp:featuredmedia":[{"embeddable":true,"href":"https:\/\/barmaniapro.com\/es\/wp-json\/wp\/v2\/media\/12325"}],"wp:attachment":[{"href":"https:\/\/barmaniapro.com\/es\/wp-json\/wp\/v2\/media?parent=27170"}],"wp:term":[{"taxonomy":"product_brand","embeddable":true,"href":"https:\/\/barmaniapro.com\/es\/wp-json\/wp\/v2\/product_brand?post=27170"},{"taxonomy":"product_cat","embeddable":true,"href":"https:\/\/barmaniapro.com\/es\/wp-json\/wp\/v2\/product_cat?post=27170"},{"taxonomy":"product_tag","embeddable":true,"href":"https:\/\/barmaniapro.com\/es\/wp-json\/wp\/v2\/product_tag?post=27170"}],"curies":[{"name":"wp","href":"https:\/\/api.w.org\/{rel}","templated":true}]}}