{"id":27165,"date":"2022-06-14T15:13:04","date_gmt":"2022-06-14T13:13:04","guid":{"rendered":"https:\/\/barmaniapro.com\/product\/cubo-de-entrenamiento\/"},"modified":"2022-06-14T15:13:04","modified_gmt":"2022-06-14T13:13:04","slug":"cubo-de-entrenamiento","status":"publish","type":"product","link":"https:\/\/barmaniapro.com\/es\/producto\/cubo-de-entrenamiento\/","title":{"rendered":"Cubo de entrenamiento"},"content":{"rendered":"<p>El Cubo de entrenamiento BarManiaPro\u00ae es la estaci\u00f3n de entrenamiento definitiva para los entusiastas de la calistenia que buscan variedad y durabilidad. Tanto si quieres ganar fuerza con las dominadas, aumentar la estabilidad del tronco con el banco de abdominales inclinado o mejorar la flexibilidad en la pared sueca, este equipo te ofrece una soluci\u00f3n completa para tus objetivos de fitness. Su dise\u00f1o robusto, componentes vers\u00e1tiles y construcci\u00f3n de alta calidad lo hacen perfecto tanto para espacios de fitness personales como profesionales.  <\/p>\n<ul>\n<li><strong>Cuatro barras transversales (1450 mm):<\/strong>\n<ul>\n<li>Perfecto para dominadas, flexiones y otros ejercicios con el peso del cuerpo.<\/li>\n<li>El di\u00e1metro de 33,7 mm garantiza un agarre c\u00f3modo y ergon\u00f3mico para sesiones largas.<\/li>\n<li>Ofrece un amplio espacio para varios usuarios, por lo que es ideal para el entrenamiento en grupo o individual.<\/li>\n<\/ul>\n<\/li>\n<li><strong>Banco de abdominales inclinado:<\/strong>\n<ul>\n<li>Dise\u00f1ado para ejercicios abdominales y de tronco, el banco inclinado a\u00f1ade un reto extra a tus entrenamientos.<\/li>\n<li>Ideal para ejercicios como abdominales, elevaciones de piernas y otros movimientos de fortalecimiento del tronco.<\/li>\n<\/ul>\n<\/li>\n<li><strong>Muro sueco:<\/strong>\n<ul>\n<li>Un complemento fant\u00e1stico para ejercicios de movilidad, estiramientos y entrenamiento de fuerza.<\/li>\n<li>Perfecto para movimientos de escalada, ejercicios con bandas de resistencia y para mejorar la flexibilidad y la postura.<\/li>\n<\/ul>\n<\/li>\n<li><strong>Ocho columnas robustas:<\/strong>\n<ul>\n<li>Proporciona una sujeci\u00f3n y estabilidad excepcionales, garantizando seguridad y durabilidad incluso durante los entrenamientos m\u00e1s intensos.<\/li>\n<\/ul>\n<\/li>\n<li><strong>Dieciocho juegos de pinzas:<\/strong>\n<ul>\n<li>Garantiza que cada componente est\u00e9 bien sujeto, aumentando la seguridad y fiabilidad generales del montaje.<\/li>\n<li>Montaje r\u00e1pido y sencillo para una estaci\u00f3n de entrenamiento sin complicaciones.<\/li>\n<\/ul>\n<\/li>\n<li><strong>Construcci\u00f3n duradera:<\/strong>\n<ul>\n<li>Fabricado con materiales de alta calidad y resistentes a la intemperie para soportar un uso intensivo tanto en interiores como en exteriores.<\/li>\n<\/ul>\n<\/li>\n<li><strong>Opciones de entrenamiento vers\u00e1tiles:<\/strong>\n<ul>\n<li>Combina varios componentes calist\u00e9nicos en una sola configuraci\u00f3n, lo que permite realizar una variedad de ejercicios dirigidos a diferentes grupos musculares.<\/li>\n<li>Perfecto para rutinas de entrenamiento de fuerza, resistencia, flexibilidad y peso corporal.<\/li>\n<\/ul>\n<\/li>\n<\/ul>\n","protected":false},"excerpt":{"rendered":"<p>El Cubo de entrenamiento BarManiaPro\u00ae es una estaci\u00f3n de calistenia multifuncional, todo en uno, dise\u00f1ada para elevar tu entrenamiento. Construida para la fuerza, la flexibilidad y la resistencia, esta vers\u00e1til instalaci\u00f3n cuenta con ocho robustas columnas, cuatro barras transversales para dominadas (1450 mm), un banco inclinado para abdominales y una pared sueca. <\/p>\n<p>Dise\u00f1ado pensando en atletas de todos los niveles, la configuraci\u00f3n ofrece todo lo que necesitas para una experiencia de entrenamiento completa.<\/p>\n","protected":false},"featured_media":13684,"comment_status":"closed","ping_status":"closed","template":"","meta":{"_acf_changed":false,"inline_featured_image":false},"product_brand":[],"product_cat":[610],"product_tag":[611],"class_list":{"0":"post-27165","1":"product","2":"type-product","3":"status-publish","4":"has-post-thumbnail","6":"product_cat-calistenia-es","7":"product_tag-calistenia","9":"first","10":"instock","11":"taxable","12":"shipping-taxable","13":"product-type-simple"},"acf":[],"yoast_head":"<!-- This site is optimized with the Yoast SEO plugin v26.2 - https:\/\/yoast.com\/wordpress\/plugins\/seo\/ -->\n<title>Cubo de entrenamiento - BarManiaPro<\/title>\n<meta name=\"robots\" content=\"index, follow, max-snippet:-1, max-image-preview:large, max-video-preview:-1\" \/>\n<link rel=\"canonical\" href=\"https:\/\/barmaniapro.com\/es\/producto\/cubo-de-entrenamiento\/\" \/>\n<meta property=\"og:locale\" content=\"es_ES\" \/>\n<meta property=\"og:type\" content=\"article\" \/>\n<meta property=\"og:title\" content=\"Cubo de entrenamiento - BarManiaPro\" \/>\n<meta property=\"og:description\" content=\"El Cubo de entrenamiento BarManiaPro\u00ae es una estaci\u00f3n de calistenia multifuncional, todo en uno, dise\u00f1ada para elevar tu entrenamiento. Construida para la fuerza, la flexibilidad y la resistencia, esta vers\u00e1til instalaci\u00f3n cuenta con ocho robustas columnas, cuatro barras transversales para dominadas (1450 mm), un banco inclinado para abdominales y una pared sueca.  Dise\u00f1ado pensando en atletas de todos los niveles, la configuraci\u00f3n ofrece todo lo que necesitas para una experiencia de entrenamiento completa.\" \/>\n<meta property=\"og:url\" content=\"https:\/\/barmaniapro.com\/es\/producto\/cubo-de-entrenamiento\/\" \/>\n<meta property=\"og:site_name\" content=\"BarManiaPro\" \/>\n<meta property=\"article:publisher\" content=\"https:\/\/www.facebook.com\/BarManiaPro\/\" \/>\n<meta property=\"og:image\" content=\"https:\/\/barmaniapro.com\/wp-content\/uploads\/2024\/11\/BMP-51026_Workout-cube_classic_1-min.png\" \/>\n\t<meta property=\"og:image:width\" content=\"1770\" \/>\n\t<meta property=\"og:image:height\" content=\"1770\" \/>\n\t<meta property=\"og:image:type\" content=\"image\/png\" \/>\n<meta name=\"twitter:card\" content=\"summary_large_image\" \/>\n<meta name=\"twitter:label1\" content=\"Tiempo de lectura\" \/>\n\t<meta name=\"twitter:data1\" content=\"2 minuto\" \/>\n<script type=\"application\/ld+json\" class=\"yoast-schema-graph\">{\"@context\":\"https:\/\/schema.org\",\"@graph\":[{\"@type\":\"WebPage\",\"@id\":\"https:\/\/barmaniapro.com\/es\/producto\/cubo-de-entrenamiento\/\",\"url\":\"https:\/\/barmaniapro.com\/es\/producto\/cubo-de-entrenamiento\/\",\"name\":\"Cubo de entrenamiento - BarManiaPro\",\"isPartOf\":{\"@id\":\"https:\/\/barmaniapro.com\/es\/#website\"},\"primaryImageOfPage\":{\"@id\":\"https:\/\/barmaniapro.com\/es\/producto\/cubo-de-entrenamiento\/#primaryimage\"},\"image\":{\"@id\":\"https:\/\/barmaniapro.com\/es\/producto\/cubo-de-entrenamiento\/#primaryimage\"},\"thumbnailUrl\":\"https:\/\/barmaniapro.com\/wp-content\/uploads\/2024\/11\/BMP-51026_Workout-cube_classic_1-min.png\",\"datePublished\":\"2022-06-14T13:13:04+00:00\",\"breadcrumb\":{\"@id\":\"https:\/\/barmaniapro.com\/es\/producto\/cubo-de-entrenamiento\/#breadcrumb\"},\"inLanguage\":\"es\",\"potentialAction\":[{\"@type\":\"ReadAction\",\"target\":[\"https:\/\/barmaniapro.com\/es\/producto\/cubo-de-entrenamiento\/\"]}]},{\"@type\":\"ImageObject\",\"inLanguage\":\"es\",\"@id\":\"https:\/\/barmaniapro.com\/es\/producto\/cubo-de-entrenamiento\/#primaryimage\",\"url\":\"https:\/\/barmaniapro.com\/wp-content\/uploads\/2024\/11\/BMP-51026_Workout-cube_classic_1-min.png\",\"contentUrl\":\"https:\/\/barmaniapro.com\/wp-content\/uploads\/2024\/11\/BMP-51026_Workout-cube_classic_1-min.png\",\"width\":1770,\"height\":1770},{\"@type\":\"BreadcrumbList\",\"@id\":\"https:\/\/barmaniapro.com\/es\/producto\/cubo-de-entrenamiento\/#breadcrumb\",\"itemListElement\":[{\"@type\":\"ListItem\",\"position\":1,\"name\":\"Tienda\",\"item\":\"https:\/\/barmaniapro.com\/es\/tienda\/\"},{\"@type\":\"ListItem\",\"position\":2,\"name\":\"Cubo de entrenamiento\"}]},{\"@type\":\"WebSite\",\"@id\":\"https:\/\/barmaniapro.com\/es\/#website\",\"url\":\"https:\/\/barmaniapro.com\/es\/\",\"name\":\"BarManiaPro\",\"description\":\"Manufacturer of Calisthenics equipment\",\"potentialAction\":[{\"@type\":\"SearchAction\",\"target\":{\"@type\":\"EntryPoint\",\"urlTemplate\":\"https:\/\/barmaniapro.com\/es\/?s={search_term_string}\"},\"query-input\":{\"@type\":\"PropertyValueSpecification\",\"valueRequired\":true,\"valueName\":\"search_term_string\"}}],\"inLanguage\":\"es\"}]}<\/script>\n<!-- \/ Yoast SEO plugin. -->","yoast_head_json":{"title":"Cubo de entrenamiento - BarManiaPro","robots":{"index":"index","follow":"follow","max-snippet":"max-snippet:-1","max-image-preview":"max-image-preview:large","max-video-preview":"max-video-preview:-1"},"canonical":"https:\/\/barmaniapro.com\/es\/producto\/cubo-de-entrenamiento\/","og_locale":"es_ES","og_type":"article","og_title":"Cubo de entrenamiento - BarManiaPro","og_description":"El Cubo de entrenamiento BarManiaPro\u00ae es una estaci\u00f3n de calistenia multifuncional, todo en uno, dise\u00f1ada para elevar tu entrenamiento. Construida para la fuerza, la flexibilidad y la resistencia, esta vers\u00e1til instalaci\u00f3n cuenta con ocho robustas columnas, cuatro barras transversales para dominadas (1450 mm), un banco inclinado para abdominales y una pared sueca.  Dise\u00f1ado pensando en atletas de todos los niveles, la configuraci\u00f3n ofrece todo lo que necesitas para una experiencia de entrenamiento completa.","og_url":"https:\/\/barmaniapro.com\/es\/producto\/cubo-de-entrenamiento\/","og_site_name":"BarManiaPro","article_publisher":"https:\/\/www.facebook.com\/BarManiaPro\/","og_image":[{"width":1770,"height":1770,"url":"https:\/\/barmaniapro.com\/wp-content\/uploads\/2024\/11\/BMP-51026_Workout-cube_classic_1-min.png","type":"image\/png"}],"twitter_card":"summary_large_image","twitter_misc":{"Tiempo de lectura":"2 minuto"},"schema":{"@context":"https:\/\/schema.org","@graph":[{"@type":"WebPage","@id":"https:\/\/barmaniapro.com\/es\/producto\/cubo-de-entrenamiento\/","url":"https:\/\/barmaniapro.com\/es\/producto\/cubo-de-entrenamiento\/","name":"Cubo de entrenamiento - BarManiaPro","isPartOf":{"@id":"https:\/\/barmaniapro.com\/es\/#website"},"primaryImageOfPage":{"@id":"https:\/\/barmaniapro.com\/es\/producto\/cubo-de-entrenamiento\/#primaryimage"},"image":{"@id":"https:\/\/barmaniapro.com\/es\/producto\/cubo-de-entrenamiento\/#primaryimage"},"thumbnailUrl":"https:\/\/barmaniapro.com\/wp-content\/uploads\/2024\/11\/BMP-51026_Workout-cube_classic_1-min.png","datePublished":"2022-06-14T13:13:04+00:00","breadcrumb":{"@id":"https:\/\/barmaniapro.com\/es\/producto\/cubo-de-entrenamiento\/#breadcrumb"},"inLanguage":"es","potentialAction":[{"@type":"ReadAction","target":["https:\/\/barmaniapro.com\/es\/producto\/cubo-de-entrenamiento\/"]}]},{"@type":"ImageObject","inLanguage":"es","@id":"https:\/\/barmaniapro.com\/es\/producto\/cubo-de-entrenamiento\/#primaryimage","url":"https:\/\/barmaniapro.com\/wp-content\/uploads\/2024\/11\/BMP-51026_Workout-cube_classic_1-min.png","contentUrl":"https:\/\/barmaniapro.com\/wp-content\/uploads\/2024\/11\/BMP-51026_Workout-cube_classic_1-min.png","width":1770,"height":1770},{"@type":"BreadcrumbList","@id":"https:\/\/barmaniapro.com\/es\/producto\/cubo-de-entrenamiento\/#breadcrumb","itemListElement":[{"@type":"ListItem","position":1,"name":"Tienda","item":"https:\/\/barmaniapro.com\/es\/tienda\/"},{"@type":"ListItem","position":2,"name":"Cubo de entrenamiento"}]},{"@type":"WebSite","@id":"https:\/\/barmaniapro.com\/es\/#website","url":"https:\/\/barmaniapro.com\/es\/","name":"BarManiaPro","description":"Manufacturer of Calisthenics equipment","potentialAction":[{"@type":"SearchAction","target":{"@type":"EntryPoint","urlTemplate":"https:\/\/barmaniapro.com\/es\/?s={search_term_string}"},"query-input":{"@type":"PropertyValueSpecification","valueRequired":true,"valueName":"search_term_string"}}],"inLanguage":"es"}]}},"_links":{"self":[{"href":"https:\/\/barmaniapro.com\/es\/wp-json\/wp\/v2\/product\/27165","targetHints":{"allow":["GET"]}}],"collection":[{"href":"https:\/\/barmaniapro.com\/es\/wp-json\/wp\/v2\/product"}],"about":[{"href":"https:\/\/barmaniapro.com\/es\/wp-json\/wp\/v2\/types\/product"}],"replies":[{"embeddable":true,"href":"https:\/\/barmaniapro.com\/es\/wp-json\/wp\/v2\/comments?post=27165"}],"wp:featuredmedia":[{"embeddable":true,"href":"https:\/\/barmaniapro.com\/es\/wp-json\/wp\/v2\/media\/13684"}],"wp:attachment":[{"href":"https:\/\/barmaniapro.com\/es\/wp-json\/wp\/v2\/media?parent=27165"}],"wp:term":[{"taxonomy":"product_brand","embeddable":true,"href":"https:\/\/barmaniapro.com\/es\/wp-json\/wp\/v2\/product_brand?post=27165"},{"taxonomy":"product_cat","embeddable":true,"href":"https:\/\/barmaniapro.com\/es\/wp-json\/wp\/v2\/product_cat?post=27165"},{"taxonomy":"product_tag","embeddable":true,"href":"https:\/\/barmaniapro.com\/es\/wp-json\/wp\/v2\/product_tag?post=27165"}],"curies":[{"name":"wp","href":"https:\/\/api.w.org\/{rel}","templated":true}]}}