{"id":27162,"date":"2022-06-14T15:13:04","date_gmt":"2022-06-14T13:13:04","guid":{"rendered":"https:\/\/barmaniapro.com\/product\/barra-de-dominadas\/"},"modified":"2022-06-14T15:13:04","modified_gmt":"2022-06-14T13:13:04","slug":"barra-de-dominadas","status":"publish","type":"product","link":"https:\/\/barmaniapro.com\/es\/producto\/barra-de-dominadas\/","title":{"rendered":"Barra de dominadas"},"content":{"rendered":"<div class=\"flex-shrink-0 flex flex-col relative items-end\">\n<div>\n<div class=\"pt-0\">\n<div class=\"gizmo-bot-avatar flex h-8 w-8 items-center justify-center overflow-hidden rounded-full\">\n<div class=\"relative p-1 rounded-sm flex items-center justify-center bg-token-main-surface-primary text-token-text-primary h-8 w-8\"><\/div>\n<\/div>\n<\/div>\n<\/div>\n<\/div>\n<div class=\"group\/conversation-turn relative flex w-full min-w-0 flex-col agent-turn\">\n<div class=\"flex-col gap-1 md:gap-3\">\n<div class=\"flex max-w-full flex-col flex-grow\">\n<div class=\"min-h-8 text-message flex w-full flex-col items-end gap-2 whitespace-normal break-words text-start [.text-message+&amp;]:mt-5\" dir=\"auto\" data-message-author-role=\"assistant\" data-message-id=\"c49c74d3-ffdb-4316-8815-56d8f3291466\" data-message-model-slug=\"gpt-4o-mini\">\n<div class=\"flex w-full flex-col gap-1 empty:hidden first:pt-[3px]\">\n<div class=\"result-streaming markdown prose w-full break-words dark:prose-invert light\">\n<p><strong>Barra de tracci\u00f3n BarManiaPro &#8211; Estaci\u00f3n de calistenia premium para espacios p\u00fablicos, gimnasios y hoteles<\/strong><\/p>\n<p>La barra de dominadas BarManiaPro es una estaci\u00f3n de fitness de alto rendimiento dise\u00f1ada para proporcionar a los atletas una barra alta espec\u00edfica para dominadas explosivas y una gran variedad de ejercicios de calistenia. Ideal para gimnasios, espacios p\u00fablicos y gimnasios de hoteles, esta barra de dominadas est\u00e1 dise\u00f1ada para ofrecer un entrenamiento desafiante a las personas que buscan mejorar la fuerza, potencia y resistencia de la parte superior del cuerpo. Su robusta construcci\u00f3n, combinada con su elegante dise\u00f1o, garantiza un rendimiento duradero y durabilidad en cualquier entorno de mucho tr\u00e1fico.  <\/p>\n<h5><strong>Caracter\u00edsticas:<\/strong><\/h5>\n<ul>\n<li><strong>Barra alta para dominadas explosivas<\/strong>: Perfectamente adaptada para el entrenamiento din\u00e1mico y explosivo de dominadas, esta barra alta permite a los atletas centrarse en el desarrollo de la potencia, la velocidad y la fuerza explosiva de la parte superior del cuerpo.<\/li>\n<li><strong>Entrenamiento calist\u00e9nico vers\u00e1til<\/strong>: Adem\u00e1s de las dominadas, la barra de dominadas BarManiaPro puede utilizarse para una amplia gama de ejercicios con el peso del cuerpo, incluidas las dominadas musculares, las dominadas kipping, las elevaciones de piernas y mucho m\u00e1s, lo que la convierte en una herramienta vers\u00e1til para cualquier rutina de fitness.<\/li>\n<li><strong>Sistema de abrazaderas patentado<\/strong>: El montaje r\u00e1pido y sencillo con nuestro sistema de abrazaderas patentado garantiza que la barra est\u00e9 segura y estable durante el uso, minimizando el tiempo de inactividad y el mantenimiento.<\/li>\n<\/ul>\n<\/div>\n<\/div>\n<\/div>\n<\/div>\n<\/div>\n<\/div>\n","protected":false},"excerpt":{"rendered":"<p>La barra de dominadas consiste en un \u00fanico travesa\u00f1o para dominadas, dominadas de barbilla, dominadas musculares y muchos otros ejercicios.<\/p>\n<ul>\n<li><strong>Construcci\u00f3n de acero pr\u00e9mium<\/strong>: Fabricado para durar, hecho de acero de primera calidad<\/li>\n<li><strong>Protecci\u00f3n contra el \u00f3xido de doble capa<\/strong>: El acabado de doble capa garantiza una protecci\u00f3n duradera contra el \u00f3xido y la corrosi\u00f3n<\/li>\n<li><strong>Dise\u00f1o que ahorra espacio<\/strong>: Perfecto para lugares con espacio limitado<\/li>\n<li><strong>Resistente a la intemperie<\/strong>: Dise\u00f1ado para uso en exteriores, este parque est\u00e1 construido para resistir a los elementos<\/li>\n<li><strong>F\u00e1cil instalaci\u00f3n y mantenimiento<\/strong>: El sistema de abrazadera patentado simplifica el montaje y el mantenimiento<\/li>\n<\/ul>\n<p>&nbsp;<\/p>\n","protected":false},"featured_media":12291,"comment_status":"open","ping_status":"closed","template":"","meta":{"_acf_changed":false,"inline_featured_image":false},"product_brand":[],"product_cat":[616,978],"product_tag":[611],"class_list":{"0":"post-27162","1":"product","2":"type-product","3":"status-publish","4":"has-post-thumbnail","6":"product_cat-entrenamiento-infantil","7":"product_cat-calistenia","8":"product_tag-calistenia","10":"first","11":"instock","12":"taxable","13":"shipping-taxable","14":"product-type-simple"},"acf":[],"yoast_head":"<!-- This site is optimized with the Yoast SEO plugin v26.2 - https:\/\/yoast.com\/wordpress\/plugins\/seo\/ -->\n<title>Barra de dominadas - BarManiaPro<\/title>\n<meta name=\"robots\" content=\"index, follow, max-snippet:-1, max-image-preview:large, max-video-preview:-1\" \/>\n<link rel=\"canonical\" href=\"https:\/\/barmaniapro.com\/es\/producto\/barra-de-dominadas\/\" \/>\n<meta property=\"og:locale\" content=\"es_ES\" \/>\n<meta property=\"og:type\" content=\"article\" \/>\n<meta property=\"og:title\" content=\"Barra de dominadas - BarManiaPro\" \/>\n<meta property=\"og:description\" content=\"La barra de dominadas consiste en un \u00fanico travesa\u00f1o para dominadas, dominadas de barbilla, dominadas musculares y muchos otros ejercicios.  Construcci\u00f3n de acero pr\u00e9mium: Fabricado para durar, hecho de acero de primera calidad  Protecci\u00f3n contra el \u00f3xido de doble capa: El acabado de doble capa garantiza una protecci\u00f3n duradera contra el \u00f3xido y la corrosi\u00f3n  Dise\u00f1o que ahorra espacio: Perfecto para lugares con espacio limitado  Resistente a la intemperie: Dise\u00f1ado para uso en exteriores, este parque est\u00e1 construido para resistir a los elementos  F\u00e1cil instalaci\u00f3n y mantenimiento: El sistema de abrazadera patentado simplifica el montaje y el mantenimiento &nbsp;\" \/>\n<meta property=\"og:url\" content=\"https:\/\/barmaniapro.com\/es\/producto\/barra-de-dominadas\/\" \/>\n<meta property=\"og:site_name\" content=\"BarManiaPro\" \/>\n<meta property=\"article:publisher\" content=\"https:\/\/www.facebook.com\/BarManiaPro\/\" \/>\n<meta property=\"og:image\" content=\"https:\/\/barmaniapro.com\/wp-content\/uploads\/2022\/06\/BMP-51007_Pull-up-bar_classic_1.png\" \/>\n\t<meta property=\"og:image:width\" content=\"1770\" \/>\n\t<meta property=\"og:image:height\" content=\"1770\" \/>\n\t<meta property=\"og:image:type\" content=\"image\/png\" \/>\n<meta name=\"twitter:card\" content=\"summary_large_image\" \/>\n<meta name=\"twitter:label1\" content=\"Tiempo de lectura\" \/>\n\t<meta name=\"twitter:data1\" content=\"1 minuto\" \/>\n<script type=\"application\/ld+json\" class=\"yoast-schema-graph\">{\"@context\":\"https:\/\/schema.org\",\"@graph\":[{\"@type\":\"WebPage\",\"@id\":\"https:\/\/barmaniapro.com\/es\/producto\/barra-de-dominadas\/\",\"url\":\"https:\/\/barmaniapro.com\/es\/producto\/barra-de-dominadas\/\",\"name\":\"Barra de dominadas - BarManiaPro\",\"isPartOf\":{\"@id\":\"https:\/\/barmaniapro.com\/es\/#website\"},\"primaryImageOfPage\":{\"@id\":\"https:\/\/barmaniapro.com\/es\/producto\/barra-de-dominadas\/#primaryimage\"},\"image\":{\"@id\":\"https:\/\/barmaniapro.com\/es\/producto\/barra-de-dominadas\/#primaryimage\"},\"thumbnailUrl\":\"https:\/\/barmaniapro.com\/wp-content\/uploads\/2022\/06\/BMP-51007_Pull-up-bar_classic_1.png\",\"datePublished\":\"2022-06-14T13:13:04+00:00\",\"breadcrumb\":{\"@id\":\"https:\/\/barmaniapro.com\/es\/producto\/barra-de-dominadas\/#breadcrumb\"},\"inLanguage\":\"es\",\"potentialAction\":[{\"@type\":\"ReadAction\",\"target\":[\"https:\/\/barmaniapro.com\/es\/producto\/barra-de-dominadas\/\"]}]},{\"@type\":\"ImageObject\",\"inLanguage\":\"es\",\"@id\":\"https:\/\/barmaniapro.com\/es\/producto\/barra-de-dominadas\/#primaryimage\",\"url\":\"https:\/\/barmaniapro.com\/wp-content\/uploads\/2022\/06\/BMP-51007_Pull-up-bar_classic_1.png\",\"contentUrl\":\"https:\/\/barmaniapro.com\/wp-content\/uploads\/2022\/06\/BMP-51007_Pull-up-bar_classic_1.png\",\"width\":1770,\"height\":1770},{\"@type\":\"BreadcrumbList\",\"@id\":\"https:\/\/barmaniapro.com\/es\/producto\/barra-de-dominadas\/#breadcrumb\",\"itemListElement\":[{\"@type\":\"ListItem\",\"position\":1,\"name\":\"Tienda\",\"item\":\"https:\/\/barmaniapro.com\/es\/tienda\/\"},{\"@type\":\"ListItem\",\"position\":2,\"name\":\"Barra de dominadas\"}]},{\"@type\":\"WebSite\",\"@id\":\"https:\/\/barmaniapro.com\/es\/#website\",\"url\":\"https:\/\/barmaniapro.com\/es\/\",\"name\":\"BarManiaPro\",\"description\":\"Manufacturer of Calisthenics equipment\",\"potentialAction\":[{\"@type\":\"SearchAction\",\"target\":{\"@type\":\"EntryPoint\",\"urlTemplate\":\"https:\/\/barmaniapro.com\/es\/?s={search_term_string}\"},\"query-input\":{\"@type\":\"PropertyValueSpecification\",\"valueRequired\":true,\"valueName\":\"search_term_string\"}}],\"inLanguage\":\"es\"}]}<\/script>\n<!-- \/ Yoast SEO plugin. -->","yoast_head_json":{"title":"Barra de dominadas - BarManiaPro","robots":{"index":"index","follow":"follow","max-snippet":"max-snippet:-1","max-image-preview":"max-image-preview:large","max-video-preview":"max-video-preview:-1"},"canonical":"https:\/\/barmaniapro.com\/es\/producto\/barra-de-dominadas\/","og_locale":"es_ES","og_type":"article","og_title":"Barra de dominadas - BarManiaPro","og_description":"La barra de dominadas consiste en un \u00fanico travesa\u00f1o para dominadas, dominadas de barbilla, dominadas musculares y muchos otros ejercicios.  Construcci\u00f3n de acero pr\u00e9mium: Fabricado para durar, hecho de acero de primera calidad  Protecci\u00f3n contra el \u00f3xido de doble capa: El acabado de doble capa garantiza una protecci\u00f3n duradera contra el \u00f3xido y la corrosi\u00f3n  Dise\u00f1o que ahorra espacio: Perfecto para lugares con espacio limitado  Resistente a la intemperie: Dise\u00f1ado para uso en exteriores, este parque est\u00e1 construido para resistir a los elementos  F\u00e1cil instalaci\u00f3n y mantenimiento: El sistema de abrazadera patentado simplifica el montaje y el mantenimiento &nbsp;","og_url":"https:\/\/barmaniapro.com\/es\/producto\/barra-de-dominadas\/","og_site_name":"BarManiaPro","article_publisher":"https:\/\/www.facebook.com\/BarManiaPro\/","og_image":[{"width":1770,"height":1770,"url":"https:\/\/barmaniapro.com\/wp-content\/uploads\/2022\/06\/BMP-51007_Pull-up-bar_classic_1.png","type":"image\/png"}],"twitter_card":"summary_large_image","twitter_misc":{"Tiempo de lectura":"1 minuto"},"schema":{"@context":"https:\/\/schema.org","@graph":[{"@type":"WebPage","@id":"https:\/\/barmaniapro.com\/es\/producto\/barra-de-dominadas\/","url":"https:\/\/barmaniapro.com\/es\/producto\/barra-de-dominadas\/","name":"Barra de dominadas - BarManiaPro","isPartOf":{"@id":"https:\/\/barmaniapro.com\/es\/#website"},"primaryImageOfPage":{"@id":"https:\/\/barmaniapro.com\/es\/producto\/barra-de-dominadas\/#primaryimage"},"image":{"@id":"https:\/\/barmaniapro.com\/es\/producto\/barra-de-dominadas\/#primaryimage"},"thumbnailUrl":"https:\/\/barmaniapro.com\/wp-content\/uploads\/2022\/06\/BMP-51007_Pull-up-bar_classic_1.png","datePublished":"2022-06-14T13:13:04+00:00","breadcrumb":{"@id":"https:\/\/barmaniapro.com\/es\/producto\/barra-de-dominadas\/#breadcrumb"},"inLanguage":"es","potentialAction":[{"@type":"ReadAction","target":["https:\/\/barmaniapro.com\/es\/producto\/barra-de-dominadas\/"]}]},{"@type":"ImageObject","inLanguage":"es","@id":"https:\/\/barmaniapro.com\/es\/producto\/barra-de-dominadas\/#primaryimage","url":"https:\/\/barmaniapro.com\/wp-content\/uploads\/2022\/06\/BMP-51007_Pull-up-bar_classic_1.png","contentUrl":"https:\/\/barmaniapro.com\/wp-content\/uploads\/2022\/06\/BMP-51007_Pull-up-bar_classic_1.png","width":1770,"height":1770},{"@type":"BreadcrumbList","@id":"https:\/\/barmaniapro.com\/es\/producto\/barra-de-dominadas\/#breadcrumb","itemListElement":[{"@type":"ListItem","position":1,"name":"Tienda","item":"https:\/\/barmaniapro.com\/es\/tienda\/"},{"@type":"ListItem","position":2,"name":"Barra de dominadas"}]},{"@type":"WebSite","@id":"https:\/\/barmaniapro.com\/es\/#website","url":"https:\/\/barmaniapro.com\/es\/","name":"BarManiaPro","description":"Manufacturer of Calisthenics equipment","potentialAction":[{"@type":"SearchAction","target":{"@type":"EntryPoint","urlTemplate":"https:\/\/barmaniapro.com\/es\/?s={search_term_string}"},"query-input":{"@type":"PropertyValueSpecification","valueRequired":true,"valueName":"search_term_string"}}],"inLanguage":"es"}]}},"_links":{"self":[{"href":"https:\/\/barmaniapro.com\/es\/wp-json\/wp\/v2\/product\/27162","targetHints":{"allow":["GET"]}}],"collection":[{"href":"https:\/\/barmaniapro.com\/es\/wp-json\/wp\/v2\/product"}],"about":[{"href":"https:\/\/barmaniapro.com\/es\/wp-json\/wp\/v2\/types\/product"}],"replies":[{"embeddable":true,"href":"https:\/\/barmaniapro.com\/es\/wp-json\/wp\/v2\/comments?post=27162"}],"wp:featuredmedia":[{"embeddable":true,"href":"https:\/\/barmaniapro.com\/es\/wp-json\/wp\/v2\/media\/12291"}],"wp:attachment":[{"href":"https:\/\/barmaniapro.com\/es\/wp-json\/wp\/v2\/media?parent=27162"}],"wp:term":[{"taxonomy":"product_brand","embeddable":true,"href":"https:\/\/barmaniapro.com\/es\/wp-json\/wp\/v2\/product_brand?post=27162"},{"taxonomy":"product_cat","embeddable":true,"href":"https:\/\/barmaniapro.com\/es\/wp-json\/wp\/v2\/product_cat?post=27162"},{"taxonomy":"product_tag","embeddable":true,"href":"https:\/\/barmaniapro.com\/es\/wp-json\/wp\/v2\/product_tag?post=27162"}],"curies":[{"name":"wp","href":"https:\/\/api.w.org\/{rel}","templated":true}]}}