{"id":27156,"date":"2022-06-14T15:14:15","date_gmt":"2022-06-14T13:14:15","guid":{"rendered":"https:\/\/barmaniapro.com\/product\/cuerda-de-combate\/"},"modified":"2022-06-14T15:14:15","modified_gmt":"2022-06-14T13:14:15","slug":"cuerda-de-combate","status":"publish","type":"product","link":"https:\/\/barmaniapro.com\/es\/producto\/cuerda-de-combate\/","title":{"rendered":"Cuerda de combate"},"content":{"rendered":"<h5 data-start=\"577\" data-end=\"590\">Caracter\u00edsticas:<\/h5>\n<ul data-start=\"591\" data-end=\"1585\">\n<li data-start=\"591\" data-end=\"848\"><strong data-start=\"593\" data-end=\"618\">Columna resistente de 1100 mm<\/strong>: La duradera columna ofrece un punto de anclaje s\u00f3lido y estable para tu cuerda de combate, garantizando un rendimiento constante durante cada entrenamiento. Su robusta construcci\u00f3n soporta ejercicios intensos de cuerda de combate sin comprometer la estabilidad. <\/li>\n<li data-start=\"849\" data-end=\"1091\"><strong data-start=\"851\" data-end=\"871\">Anilla<\/strong> de cuerda de combate: La anilla de cuerda de combate de alta calidad garantiza una conexi\u00f3n segura y fiable de la cuerda. Permite un movimiento suave y controlado, para que puedas centrarte en tu entrenamiento sin preocuparte de que la cuerda se desplace o resbale. <\/li>\n<li data-start=\"1092\" data-end=\"1334\"><strong data-start=\"1094\" data-end=\"1111\">Juego de abrazaderas<\/strong>: Las abrazaderas incluidas proporcionan una fijaci\u00f3n segura para tu cuerda, garantizando que permanezca en su sitio durante tu entrenamiento. Estas abrazaderas son f\u00e1ciles de usar y ofrecen una forma sencilla y eficaz de colocar la cuerda para obtener el m\u00e1ximo rendimiento. <\/li>\n<li data-start=\"1335\" data-end=\"1585\">Cuerda <strong data-start=\"1337\" data-end=\"1358\">personalizable<\/strong>: La cuerda de combate no est\u00e1 incluida, lo que permite a los usuarios llevar al parque la cuerda que prefieran. Esta flexibilidad te da la libertad de seleccionar la longitud, el material y el peso de la cuerda que mejor se adapte a tus necesidades de entrenamiento. <\/li>\n<\/ul>\n<h5 data-start=\"1587\" data-end=\"1615\">Ideal para espacios p\u00fablicos:<\/h5>\n<ul data-start=\"1616\" data-end=\"2893\">\n<li data-start=\"1616\" data-end=\"1895\"><strong data-start=\"1618\" data-end=\"1651\">Entrenamiento de fuerza y resistencia<\/strong>: La <strong data-start=\"1657\" data-end=\"1684\">cuerda de combate barManiaPro<\/strong> hace trabajar todo el cuerpo, brazos, hombros, tronco y piernas. Tanto si realizas olas, slams o tirones, esta configuraci\u00f3n proporciona un entrenamiento intenso que mejora la fuerza, la resistencia y la coordinaci\u00f3n. <\/li>\n<li data-start=\"1896\" data-end=\"2129\"><strong data-start=\"1898\" data-end=\"1934\">Experiencia de entrenamiento personalizable<\/strong>: Al traer tu propia cuerda, puedes adaptar tu entrenamiento a tus objetivos espec\u00edficos. Elige una cuerda m\u00e1s pesada para un entrenamiento m\u00e1s exigente o una cuerda m\u00e1s ligera para ejercicios de velocidad y agilidad. <\/li>\n<li data-start=\"2130\" data-end=\"2443\"><strong data-start=\"2132\" data-end=\"2163\">Duradera y resistente a la intemperie<\/strong>: Dise\u00f1ada para su uso en exteriores, la <strong data-start=\"2195\" data-end=\"2222\">cuerda de combate barManiaPro<\/strong> est\u00e1 fabricada con materiales resistentes a la intemperie, lo que la hace perfecta para su uso en parques p\u00fablicos, gimnasios u otras zonas de fitness al aire libre. La robusta columna y el anillo de la cuerda de combate resisten las inclemencias del tiempo, garantizando un rendimiento duradero. <\/li>\n<li data-start=\"2444\" data-end=\"2644\"><strong data-start=\"2446\" data-end=\"2472\">Dise\u00f1o que ocupa poco espacio<\/strong>: El dise\u00f1o compacto de la instalaci\u00f3n la hace ideal para lugares con espacio limitado, lo que permite integrarla f\u00e1cilmente en zonas de fitness al aire libre sin ocupar demasiado espacio.<\/li>\n<li data-start=\"2645\" data-end=\"2893\"><strong data-start=\"2647\" data-end=\"2666\">Bajo mantenimiento<\/strong>: Gracias a su construcci\u00f3n sencilla y duradera y a sus m\u00ednimos requisitos de mantenimiento, <strong data-start=\"2748\" data-end=\"2775\">la Cuerda de Combate barManiaPro<\/strong> es un complemento excelente para los espacios de fitness con mucho tr\u00e1fico. Es f\u00e1cil de instalar y puede soportar un uso constante a lo largo del tiempo. <\/li>\n<\/ul>\n<p data-start=\"2895\" data-end=\"3293\" data-is-last-node=\"\" data-is-only-node=\"\">La <strong data-start=\"2899\" data-end=\"2926\">cuerda de combate barManiaPro<\/strong> ofrece una experiencia de entrenamiento inigualable que involucra a todo tu cuerpo, llevando tu forma f\u00edsica a nuevas cotas. Trae tu propia cuerda y empieza a machacar tus objetivos de fuerza y resistencia con esta herramienta de entrenamiento personalizable y duradera. Perfecta para espacios p\u00fablicos, parques y gimnasios, la <strong data-start=\"3202\" data-end=\"3229\">Cuerda de Batalla barManiaPro<\/strong> es tu compa\u00f1era definitiva para alcanzar el m\u00e1ximo rendimiento f\u00edsico.  <\/p>\n","protected":false},"excerpt":{"rendered":"<p>Lleva tu forma f\u00edsica al siguiente nivel con la Cuerda de combate barManiaPro, una herramienta de entrenamiento vers\u00e1til e intensa dise\u00f1ada para mejorar la fuerza, la resistencia y la forma cardiovascular. Esta configuraci\u00f3n es ideal para atletas y entusiastas del fitness que buscan realizar un entrenamiento de alta intensidad de todo el cuerpo con ejercicios din\u00e1micos que superen tus l\u00edmites. <\/p>\n<p>Si buscas aumentar la resistencia muscular, mejorar la fuerza de agarre o a\u00f1adir variedad a tu rutina de entrenamiento, la cuerda de combate barManiaPro es el complemento perfecto para cualquier parque de fitness o gimnasio al aire libre.  <em>Cuerda no incluida*.<\/em><\/p>\n","protected":false},"featured_media":12598,"comment_status":"open","ping_status":"closed","template":"","meta":{"_acf_changed":false,"inline_featured_image":false},"product_brand":[],"product_cat":[613,614],"product_tag":[615],"class_list":{"0":"post-27156","1":"product","2":"type-product","3":"status-publish","4":"has-post-thumbnail","6":"product_cat-bootcamp-es","7":"product_cat-equipo","8":"product_tag-bootcamp-es","10":"first","11":"instock","12":"taxable","13":"shipping-taxable","14":"product-type-simple"},"acf":[],"yoast_head":"<!-- This site is optimized with the Yoast SEO plugin v26.2 - https:\/\/yoast.com\/wordpress\/plugins\/seo\/ -->\n<title>Cuerda de combate - BarManiaPro<\/title>\n<meta name=\"robots\" content=\"index, follow, max-snippet:-1, max-image-preview:large, max-video-preview:-1\" \/>\n<link rel=\"canonical\" href=\"https:\/\/barmaniapro.com\/es\/producto\/cuerda-de-combate\/\" \/>\n<meta property=\"og:locale\" content=\"es_ES\" \/>\n<meta property=\"og:type\" content=\"article\" \/>\n<meta property=\"og:title\" content=\"Cuerda de combate - BarManiaPro\" \/>\n<meta property=\"og:description\" content=\"Lleva tu forma f\u00edsica al siguiente nivel con la Cuerda de combate barManiaPro, una herramienta de entrenamiento vers\u00e1til e intensa dise\u00f1ada para mejorar la fuerza, la resistencia y la forma cardiovascular. Esta configuraci\u00f3n es ideal para atletas y entusiastas del fitness que buscan realizar un entrenamiento de alta intensidad de todo el cuerpo con ejercicios din\u00e1micos que superen tus l\u00edmites.  Si buscas aumentar la resistencia muscular, mejorar la fuerza de agarre o a\u00f1adir variedad a tu rutina de entrenamiento, la cuerda de combate barManiaPro es el complemento perfecto para cualquier parque de fitness o gimnasio al aire libre. Cuerda no incluida*.\" \/>\n<meta property=\"og:url\" content=\"https:\/\/barmaniapro.com\/es\/producto\/cuerda-de-combate\/\" \/>\n<meta property=\"og:site_name\" content=\"BarManiaPro\" \/>\n<meta property=\"article:publisher\" content=\"https:\/\/www.facebook.com\/BarManiaPro\/\" \/>\n<meta property=\"og:image\" content=\"https:\/\/barmaniapro.com\/wp-content\/uploads\/2022\/06\/BMP-61008_Battle-rope_classic_1.png\" \/>\n\t<meta property=\"og:image:width\" content=\"1770\" \/>\n\t<meta property=\"og:image:height\" content=\"1770\" \/>\n\t<meta property=\"og:image:type\" content=\"image\/png\" \/>\n<meta name=\"twitter:card\" content=\"summary_large_image\" \/>\n<meta name=\"twitter:label1\" content=\"Tiempo de lectura\" \/>\n\t<meta name=\"twitter:data1\" content=\"3 minuto\" \/>\n<script type=\"application\/ld+json\" class=\"yoast-schema-graph\">{\"@context\":\"https:\/\/schema.org\",\"@graph\":[{\"@type\":\"WebPage\",\"@id\":\"https:\/\/barmaniapro.com\/es\/producto\/cuerda-de-combate\/\",\"url\":\"https:\/\/barmaniapro.com\/es\/producto\/cuerda-de-combate\/\",\"name\":\"Cuerda de combate - BarManiaPro\",\"isPartOf\":{\"@id\":\"https:\/\/barmaniapro.com\/es\/#website\"},\"primaryImageOfPage\":{\"@id\":\"https:\/\/barmaniapro.com\/es\/producto\/cuerda-de-combate\/#primaryimage\"},\"image\":{\"@id\":\"https:\/\/barmaniapro.com\/es\/producto\/cuerda-de-combate\/#primaryimage\"},\"thumbnailUrl\":\"https:\/\/barmaniapro.com\/wp-content\/uploads\/2022\/06\/BMP-61008_Battle-rope_classic_1.png\",\"datePublished\":\"2022-06-14T13:14:15+00:00\",\"breadcrumb\":{\"@id\":\"https:\/\/barmaniapro.com\/es\/producto\/cuerda-de-combate\/#breadcrumb\"},\"inLanguage\":\"es\",\"potentialAction\":[{\"@type\":\"ReadAction\",\"target\":[\"https:\/\/barmaniapro.com\/es\/producto\/cuerda-de-combate\/\"]}]},{\"@type\":\"ImageObject\",\"inLanguage\":\"es\",\"@id\":\"https:\/\/barmaniapro.com\/es\/producto\/cuerda-de-combate\/#primaryimage\",\"url\":\"https:\/\/barmaniapro.com\/wp-content\/uploads\/2022\/06\/BMP-61008_Battle-rope_classic_1.png\",\"contentUrl\":\"https:\/\/barmaniapro.com\/wp-content\/uploads\/2022\/06\/BMP-61008_Battle-rope_classic_1.png\",\"width\":1770,\"height\":1770},{\"@type\":\"BreadcrumbList\",\"@id\":\"https:\/\/barmaniapro.com\/es\/producto\/cuerda-de-combate\/#breadcrumb\",\"itemListElement\":[{\"@type\":\"ListItem\",\"position\":1,\"name\":\"Tienda\",\"item\":\"https:\/\/barmaniapro.com\/es\/tienda\/\"},{\"@type\":\"ListItem\",\"position\":2,\"name\":\"Cuerda de combate\"}]},{\"@type\":\"WebSite\",\"@id\":\"https:\/\/barmaniapro.com\/es\/#website\",\"url\":\"https:\/\/barmaniapro.com\/es\/\",\"name\":\"BarManiaPro\",\"description\":\"Manufacturer of Calisthenics equipment\",\"potentialAction\":[{\"@type\":\"SearchAction\",\"target\":{\"@type\":\"EntryPoint\",\"urlTemplate\":\"https:\/\/barmaniapro.com\/es\/?s={search_term_string}\"},\"query-input\":{\"@type\":\"PropertyValueSpecification\",\"valueRequired\":true,\"valueName\":\"search_term_string\"}}],\"inLanguage\":\"es\"}]}<\/script>\n<!-- \/ Yoast SEO plugin. -->","yoast_head_json":{"title":"Cuerda de combate - BarManiaPro","robots":{"index":"index","follow":"follow","max-snippet":"max-snippet:-1","max-image-preview":"max-image-preview:large","max-video-preview":"max-video-preview:-1"},"canonical":"https:\/\/barmaniapro.com\/es\/producto\/cuerda-de-combate\/","og_locale":"es_ES","og_type":"article","og_title":"Cuerda de combate - BarManiaPro","og_description":"Lleva tu forma f\u00edsica al siguiente nivel con la Cuerda de combate barManiaPro, una herramienta de entrenamiento vers\u00e1til e intensa dise\u00f1ada para mejorar la fuerza, la resistencia y la forma cardiovascular. Esta configuraci\u00f3n es ideal para atletas y entusiastas del fitness que buscan realizar un entrenamiento de alta intensidad de todo el cuerpo con ejercicios din\u00e1micos que superen tus l\u00edmites.  Si buscas aumentar la resistencia muscular, mejorar la fuerza de agarre o a\u00f1adir variedad a tu rutina de entrenamiento, la cuerda de combate barManiaPro es el complemento perfecto para cualquier parque de fitness o gimnasio al aire libre. Cuerda no incluida*.","og_url":"https:\/\/barmaniapro.com\/es\/producto\/cuerda-de-combate\/","og_site_name":"BarManiaPro","article_publisher":"https:\/\/www.facebook.com\/BarManiaPro\/","og_image":[{"width":1770,"height":1770,"url":"https:\/\/barmaniapro.com\/wp-content\/uploads\/2022\/06\/BMP-61008_Battle-rope_classic_1.png","type":"image\/png"}],"twitter_card":"summary_large_image","twitter_misc":{"Tiempo de lectura":"3 minuto"},"schema":{"@context":"https:\/\/schema.org","@graph":[{"@type":"WebPage","@id":"https:\/\/barmaniapro.com\/es\/producto\/cuerda-de-combate\/","url":"https:\/\/barmaniapro.com\/es\/producto\/cuerda-de-combate\/","name":"Cuerda de combate - BarManiaPro","isPartOf":{"@id":"https:\/\/barmaniapro.com\/es\/#website"},"primaryImageOfPage":{"@id":"https:\/\/barmaniapro.com\/es\/producto\/cuerda-de-combate\/#primaryimage"},"image":{"@id":"https:\/\/barmaniapro.com\/es\/producto\/cuerda-de-combate\/#primaryimage"},"thumbnailUrl":"https:\/\/barmaniapro.com\/wp-content\/uploads\/2022\/06\/BMP-61008_Battle-rope_classic_1.png","datePublished":"2022-06-14T13:14:15+00:00","breadcrumb":{"@id":"https:\/\/barmaniapro.com\/es\/producto\/cuerda-de-combate\/#breadcrumb"},"inLanguage":"es","potentialAction":[{"@type":"ReadAction","target":["https:\/\/barmaniapro.com\/es\/producto\/cuerda-de-combate\/"]}]},{"@type":"ImageObject","inLanguage":"es","@id":"https:\/\/barmaniapro.com\/es\/producto\/cuerda-de-combate\/#primaryimage","url":"https:\/\/barmaniapro.com\/wp-content\/uploads\/2022\/06\/BMP-61008_Battle-rope_classic_1.png","contentUrl":"https:\/\/barmaniapro.com\/wp-content\/uploads\/2022\/06\/BMP-61008_Battle-rope_classic_1.png","width":1770,"height":1770},{"@type":"BreadcrumbList","@id":"https:\/\/barmaniapro.com\/es\/producto\/cuerda-de-combate\/#breadcrumb","itemListElement":[{"@type":"ListItem","position":1,"name":"Tienda","item":"https:\/\/barmaniapro.com\/es\/tienda\/"},{"@type":"ListItem","position":2,"name":"Cuerda de combate"}]},{"@type":"WebSite","@id":"https:\/\/barmaniapro.com\/es\/#website","url":"https:\/\/barmaniapro.com\/es\/","name":"BarManiaPro","description":"Manufacturer of Calisthenics equipment","potentialAction":[{"@type":"SearchAction","target":{"@type":"EntryPoint","urlTemplate":"https:\/\/barmaniapro.com\/es\/?s={search_term_string}"},"query-input":{"@type":"PropertyValueSpecification","valueRequired":true,"valueName":"search_term_string"}}],"inLanguage":"es"}]}},"_links":{"self":[{"href":"https:\/\/barmaniapro.com\/es\/wp-json\/wp\/v2\/product\/27156","targetHints":{"allow":["GET"]}}],"collection":[{"href":"https:\/\/barmaniapro.com\/es\/wp-json\/wp\/v2\/product"}],"about":[{"href":"https:\/\/barmaniapro.com\/es\/wp-json\/wp\/v2\/types\/product"}],"replies":[{"embeddable":true,"href":"https:\/\/barmaniapro.com\/es\/wp-json\/wp\/v2\/comments?post=27156"}],"wp:featuredmedia":[{"embeddable":true,"href":"https:\/\/barmaniapro.com\/es\/wp-json\/wp\/v2\/media\/12598"}],"wp:attachment":[{"href":"https:\/\/barmaniapro.com\/es\/wp-json\/wp\/v2\/media?parent=27156"}],"wp:term":[{"taxonomy":"product_brand","embeddable":true,"href":"https:\/\/barmaniapro.com\/es\/wp-json\/wp\/v2\/product_brand?post=27156"},{"taxonomy":"product_cat","embeddable":true,"href":"https:\/\/barmaniapro.com\/es\/wp-json\/wp\/v2\/product_cat?post=27156"},{"taxonomy":"product_tag","embeddable":true,"href":"https:\/\/barmaniapro.com\/es\/wp-json\/wp\/v2\/product_tag?post=27156"}],"curies":[{"name":"wp","href":"https:\/\/api.w.org\/{rel}","templated":true}]}}