{"id":27155,"date":"2022-06-14T15:14:15","date_gmt":"2022-06-14T13:14:15","guid":{"rendered":"https:\/\/barmaniapro.com\/product\/red-de-arrastre\/"},"modified":"2022-06-14T15:14:15","modified_gmt":"2022-06-14T13:14:15","slug":"red-de-arrastre","status":"publish","type":"product","link":"https:\/\/barmaniapro.com\/es\/producto\/red-de-arrastre\/","title":{"rendered":"Red de arrastre"},"content":{"rendered":"<div class=\"flex-1 overflow-hidden @container\/thread translate-y-[2rem] -mt-[2rem] pb-[1.5rem]\">\n<div class=\"relative h-full\">\n<div class=\"flex h-full flex-col overflow-y-auto [scrollbar-gutter:stable]\">\n<div class=\"flex flex-col text-sm md:pb-9\">\n<article class=\"w-full text-token-text-primary focus-visible:outline-2 focus-visible:outline-offset-[-4px]\" dir=\"auto\" data-testid=\"conversation-turn-17\" data-scroll-anchor=\"true\">\n<div class=\"m-auto text-base py-[18px] px-6\">\n<div class=\"mx-auto flex flex-1 text-base gap-4 md:gap-5 lg:gap-6 md:max-w-3xl\">\n<div class=\"group\/conversation-turn relative flex w-full min-w-0 flex-col agent-turn @xs\/thread:px-0 @sm\/thread:px-1.5 @md\/thread:px-4\">\n<div class=\"flex-col gap-1 md:gap-3\">\n<div class=\"flex max-w-full flex-col flex-grow\">\n<div class=\"min-h-8 text-message relative flex w-full flex-col items-end gap-2 whitespace-normal break-words text-start [.text-message+&amp;]:mt-5\" dir=\"auto\" data-message-author-role=\"assistant\" data-message-id=\"ca892751-09b5-40b1-9fa2-6d6f76f04ccb\" data-message-model-slug=\"gpt-4o-mini\">\n<div class=\"flex w-full flex-col gap-1 empty:hidden first:pt-[3px]\">\n<div class=\"markdown prose w-full break-words dark:prose-invert light\">\n<h5 data-start=\"582\" data-end=\"595\">Caracter\u00edsticas:<\/h5>\n<ul data-start=\"596\" data-end=\"1521\">\n<li data-start=\"596\" data-end=\"805\"><strong data-start=\"598\" data-end=\"622\">Cuatro columnas de 1500 mm<\/strong>: Estas robustas columnas proporcionan una base s\u00f3lida, garantizando estabilidad y durabilidad para un uso intenso y de alto tr\u00e1fico. Perfectamente dise\u00f1adas para soportar los entornos de entrenamiento m\u00e1s duros. <\/li>\n<li data-start=\"806\" data-end=\"1015\"><strong data-start=\"808\" data-end=\"833\">Dos barras transversales de 1450 mm<\/strong>: Colocadas para mejorar la funcionalidad del montaje, las barras transversales ofrecen un soporte estable para una gran variedad de ejercicios de la parte superior del cuerpo y movimientos de arrastre, garantizando un entrenamiento din\u00e1mico.<\/li>\n<li data-start=\"1016\" data-end=\"1321\"><strong data-start=\"1018\" data-end=\"1059\">Red de gateo H\u00e9rcules (1,30 m x 2,25 m)<\/strong>: El coraz\u00f3n de la estaci\u00f3n, esta resistente y duradera red de gateo proporciona un intenso desaf\u00edo para la fuerza, la movilidad y la resistencia de todo el cuerpo. Con un tama\u00f1o generoso, permite m\u00faltiples opciones de entrenamiento, desde el gateo y el gateo militar hasta otros movimientos con el peso del cuerpo. <\/li>\n<li data-start=\"1322\" data-end=\"1521\"><strong data-start=\"1324\" data-end=\"1353\">Construcci\u00f3n de alta calidad<\/strong>: Construida con materiales resistentes dise\u00f1ados para soportar un uso intensivo, la <strong data-start=\"1426\" data-end=\"1454\">red de arrastre barManiaPro<\/strong> sigue siendo fiable y funcional, incluso en condiciones exteriores duras.<\/li>\n<\/ul>\n<h5 data-start=\"1523\" data-end=\"1551\">Ideal para espacios p\u00fablicos:<\/h5>\n<ul data-start=\"1552\" data-end=\"2727\">\n<li data-start=\"1552\" data-end=\"1833\"><strong data-start=\"1554\" data-end=\"1587\">Entrenamiento de resistencia y fuerza<\/strong>: La <strong data-start=\"1593\" data-end=\"1621\">red de gateo barManiaPro<\/strong> ejercita diversos grupos musculares, centr\u00e1ndose en el tronco, los brazos y las piernas. Arrastrarse por la red aumenta la resistencia y la agilidad, proporcionando un desafiante entrenamiento de todo el cuerpo perfecto para los entusiastas del fitness. <\/li>\n<li data-start=\"1834\" data-end=\"2103\"><strong data-start=\"1836\" data-end=\"1857\">Divertido y desafiante<\/strong>: Este equipo ofrece una forma divertida e interactiva de realizar entrenamientos con obst\u00e1culos. Tanto si trabajas la velocidad, la coordinaci\u00f3n o la fuerza, la red de gateo ofrece infinitas posibilidades para entrenamientos individuales y en grupo. <\/li>\n<li data-start=\"2104\" data-end=\"2320\"><strong data-start=\"2106\" data-end=\"2137\">Resistente a la intemperie y duradera<\/strong>: Dise\u00f1ada para su uso en exteriores, la <strong data-start=\"2169\" data-end=\"2197\">red de gateo barManiaPro<\/strong> est\u00e1 fabricada con materiales resistentes a la intemperie, lo que garantiza que resista el paso del tiempo en todas las estaciones y condiciones exteriores.<\/li>\n<li data-start=\"2321\" data-end=\"2553\"><strong data-start=\"2323\" data-end=\"2358\">Entrenamiento en grupo y fitness social<\/strong>: El dise\u00f1o permite realizar retos en grupo, ejercicios de trabajo en equipo y competiciones de fitness, lo que lo convierte en una gran opci\u00f3n para parques, gimnasios o eventos comunitarios que fomenten el compromiso social y el fitness.<\/li>\n<li data-start=\"2554\" data-end=\"2727\"><strong data-start=\"2556\" data-end=\"2575\">Bajo mantenimiento<\/strong>: El dise\u00f1o robusto y la construcci\u00f3n duradera hacen que esta red de arrastre sea f\u00e1cil de mantener, lo que garantiza que permanezca en las mejores condiciones con un mantenimiento m\u00ednimo.<\/li>\n<\/ul>\n<p data-start=\"2729\" data-end=\"3010\" data-is-last-node=\"\" data-is-only-node=\"\">Transforma tu zona de fitness al aire libre o tu pista de obst\u00e1culos con la <strong data-start=\"2793\" data-end=\"2821\">red de gateo barManiaPro<\/strong>. Tanto si est\u00e1s superando tus l\u00edmites en un entrenamiento en solitario como si participas con otros en desaf\u00edos de fitness en grupo, esta red ofrece una forma \u00fanica, divertida y eficaz de desarrollar fuerza y resistencia. <\/p>\n<\/div>\n<\/div>\n<\/div>\n<\/div>\n<\/div>\n<\/div>\n<\/div>\n<\/div>\n<\/article>\n<\/div>\n<\/div>\n<\/div>\n<\/div>\n<div class=\"md:pt-0 dark:border-white\/20 md:border-transparent md:dark:border-transparent w-full isolate has-[[data-has-thread-error]]:[box-shadow:var(--sharp-edge-bottom-shadow)] has-[[data-has-thread-error]]:pt-2\">\n<div class=\"m-auto text-base px-3 md:px-4 w-full md:px-5 lg:px-4 xl:px-5\">\n<div class=\"mx-auto flex flex-1 text-base gap-4 md:gap-5 lg:gap-6 md:max-w-3xl\">\n<form class=\"w-full\" aria-haspopup=\"dialog\" aria-expanded=\"false\" aria-controls=\"radix-:r15:\" data-state=\"closed\">\n<div class=\"relative z-[1] flex h-full max-w-full flex-1 flex-col\">\n<div class=\"group relative z-[1] flex w-full items-center\">\n<div class=\"w-full\">\n<div id=\"composer-background\" class=\"flex w-full cursor-text flex-col rounded-3xl border border-token-border-light px-3 py-1 duration-150 ease-in-out contain-inline-size motion-safe:transition-[color,background-color,border-color,text-decoration-color,fill,stroke,box-shadow] dark:border-none dark:shadow-none shadow-[0_9px_9px_0px_rgba(0,0,0,0.01),_0_2px_5px_0px_rgba(0,0,0,0.06)] has-[:focus]:shadow-[0_2px_12px_0px_rgba(0,0,0,0.04),_0_9px_9px_0px_rgba(0,0,0,0.01),_0_2px_5px_0px_rgba(0,0,0,0.06)] bg-token-main-surface-primary dark:bg-[#303030]\">\n<div class=\"flex flex-col justify-start\">\n<div class=\"flex min-h-[44px] items-start pl-1\">\n<div class=\"min-w-0 max-w-full flex-1\">\n<div class=\"_prosemirror-parent_1r7mb_1 text-token-text-primary max-h-[25dvh] max-h-52 overflow-auto default-browser\">\n<div id=\"prompt-textarea\" class=\"ProseMirror\" contenteditable=\"true\" translate=\"no\" data-virtualkeyboard=\"true\"><\/div>\n<\/div>\n<\/div>\n<\/div>\n<\/div>\n<\/div>\n<\/div>\n<\/div>\n<\/div>\n<\/form>\n<\/div>\n<\/div>\n<\/div>\n","protected":false},"excerpt":{"rendered":"<p>Lleva tu entrenamiento f\u00edsico al siguiente nivel con la red de gateo barManiaPro, un equipo vers\u00e1til y de alta intensidad dise\u00f1ado para desafiar tu resistencia, fuerza y coordinaci\u00f3n.<\/p>\n<p>Ideal para parques al aire libre, gimnasios y carreras de obst\u00e1culos, esta red de gateo proporciona un entrenamiento divertido y atractivo que se dirige a todo tu cuerpo a la vez que mejora la agilidad y la estabilidad central. Tanto si te arrastras por ella como si la utilizas para realizar diversos movimientos funcionales, la red de gateo barManiaPro ofrece un desaf\u00edo de fitness \u00fanico apto para todos los niveles de habilidad. <\/p>\n","protected":false},"featured_media":12578,"comment_status":"open","ping_status":"closed","template":"","meta":{"_acf_changed":false,"inline_featured_image":false},"product_brand":[],"product_cat":[613,616],"product_tag":[615],"class_list":{"0":"post-27155","1":"product","2":"type-product","3":"status-publish","4":"has-post-thumbnail","6":"product_cat-bootcamp-es","7":"product_cat-entrenamiento-infantil","8":"product_tag-bootcamp-es","10":"first","11":"instock","12":"taxable","13":"shipping-taxable","14":"product-type-simple"},"acf":[],"yoast_head":"<!-- This site is optimized with the Yoast SEO plugin v26.2 - https:\/\/yoast.com\/wordpress\/plugins\/seo\/ -->\n<title>Red de arrastre - BarManiaPro<\/title>\n<meta name=\"robots\" content=\"index, follow, max-snippet:-1, max-image-preview:large, max-video-preview:-1\" \/>\n<link rel=\"canonical\" href=\"https:\/\/barmaniapro.com\/es\/producto\/red-de-arrastre\/\" \/>\n<meta property=\"og:locale\" content=\"es_ES\" \/>\n<meta property=\"og:type\" content=\"article\" \/>\n<meta property=\"og:title\" content=\"Red de arrastre - BarManiaPro\" \/>\n<meta property=\"og:description\" content=\"Lleva tu entrenamiento f\u00edsico al siguiente nivel con la red de gateo barManiaPro, un equipo vers\u00e1til y de alta intensidad dise\u00f1ado para desafiar tu resistencia, fuerza y coordinaci\u00f3n. Ideal para parques al aire libre, gimnasios y carreras de obst\u00e1culos, esta red de gateo proporciona un entrenamiento divertido y atractivo que se dirige a todo tu cuerpo a la vez que mejora la agilidad y la estabilidad central. Tanto si te arrastras por ella como si la utilizas para realizar diversos movimientos funcionales, la red de gateo barManiaPro ofrece un desaf\u00edo de fitness \u00fanico apto para todos los niveles de habilidad.\" \/>\n<meta property=\"og:url\" content=\"https:\/\/barmaniapro.com\/es\/producto\/red-de-arrastre\/\" \/>\n<meta property=\"og:site_name\" content=\"BarManiaPro\" \/>\n<meta property=\"article:publisher\" content=\"https:\/\/www.facebook.com\/BarManiaPro\/\" \/>\n<meta property=\"og:image\" content=\"https:\/\/barmaniapro.com\/wp-content\/uploads\/2022\/06\/BMP-61006_Crawling-net_classic_1.png\" \/>\n\t<meta property=\"og:image:width\" content=\"1770\" \/>\n\t<meta property=\"og:image:height\" content=\"1770\" \/>\n\t<meta property=\"og:image:type\" content=\"image\/png\" \/>\n<meta name=\"twitter:card\" content=\"summary_large_image\" \/>\n<meta name=\"twitter:label1\" content=\"Tiempo de lectura\" \/>\n\t<meta name=\"twitter:data1\" content=\"2 minuto\" \/>\n<script type=\"application\/ld+json\" class=\"yoast-schema-graph\">{\"@context\":\"https:\/\/schema.org\",\"@graph\":[{\"@type\":\"WebPage\",\"@id\":\"https:\/\/barmaniapro.com\/es\/producto\/red-de-arrastre\/\",\"url\":\"https:\/\/barmaniapro.com\/es\/producto\/red-de-arrastre\/\",\"name\":\"Red de arrastre - BarManiaPro\",\"isPartOf\":{\"@id\":\"https:\/\/barmaniapro.com\/es\/#website\"},\"primaryImageOfPage\":{\"@id\":\"https:\/\/barmaniapro.com\/es\/producto\/red-de-arrastre\/#primaryimage\"},\"image\":{\"@id\":\"https:\/\/barmaniapro.com\/es\/producto\/red-de-arrastre\/#primaryimage\"},\"thumbnailUrl\":\"https:\/\/barmaniapro.com\/wp-content\/uploads\/2022\/06\/BMP-61006_Crawling-net_classic_1.png\",\"datePublished\":\"2022-06-14T13:14:15+00:00\",\"breadcrumb\":{\"@id\":\"https:\/\/barmaniapro.com\/es\/producto\/red-de-arrastre\/#breadcrumb\"},\"inLanguage\":\"es\",\"potentialAction\":[{\"@type\":\"ReadAction\",\"target\":[\"https:\/\/barmaniapro.com\/es\/producto\/red-de-arrastre\/\"]}]},{\"@type\":\"ImageObject\",\"inLanguage\":\"es\",\"@id\":\"https:\/\/barmaniapro.com\/es\/producto\/red-de-arrastre\/#primaryimage\",\"url\":\"https:\/\/barmaniapro.com\/wp-content\/uploads\/2022\/06\/BMP-61006_Crawling-net_classic_1.png\",\"contentUrl\":\"https:\/\/barmaniapro.com\/wp-content\/uploads\/2022\/06\/BMP-61006_Crawling-net_classic_1.png\",\"width\":1770,\"height\":1770},{\"@type\":\"BreadcrumbList\",\"@id\":\"https:\/\/barmaniapro.com\/es\/producto\/red-de-arrastre\/#breadcrumb\",\"itemListElement\":[{\"@type\":\"ListItem\",\"position\":1,\"name\":\"Tienda\",\"item\":\"https:\/\/barmaniapro.com\/es\/tienda\/\"},{\"@type\":\"ListItem\",\"position\":2,\"name\":\"Red de arrastre\"}]},{\"@type\":\"WebSite\",\"@id\":\"https:\/\/barmaniapro.com\/es\/#website\",\"url\":\"https:\/\/barmaniapro.com\/es\/\",\"name\":\"BarManiaPro\",\"description\":\"Manufacturer of Calisthenics equipment\",\"potentialAction\":[{\"@type\":\"SearchAction\",\"target\":{\"@type\":\"EntryPoint\",\"urlTemplate\":\"https:\/\/barmaniapro.com\/es\/?s={search_term_string}\"},\"query-input\":{\"@type\":\"PropertyValueSpecification\",\"valueRequired\":true,\"valueName\":\"search_term_string\"}}],\"inLanguage\":\"es\"}]}<\/script>\n<!-- \/ Yoast SEO plugin. -->","yoast_head_json":{"title":"Red de arrastre - BarManiaPro","robots":{"index":"index","follow":"follow","max-snippet":"max-snippet:-1","max-image-preview":"max-image-preview:large","max-video-preview":"max-video-preview:-1"},"canonical":"https:\/\/barmaniapro.com\/es\/producto\/red-de-arrastre\/","og_locale":"es_ES","og_type":"article","og_title":"Red de arrastre - BarManiaPro","og_description":"Lleva tu entrenamiento f\u00edsico al siguiente nivel con la red de gateo barManiaPro, un equipo vers\u00e1til y de alta intensidad dise\u00f1ado para desafiar tu resistencia, fuerza y coordinaci\u00f3n. Ideal para parques al aire libre, gimnasios y carreras de obst\u00e1culos, esta red de gateo proporciona un entrenamiento divertido y atractivo que se dirige a todo tu cuerpo a la vez que mejora la agilidad y la estabilidad central. Tanto si te arrastras por ella como si la utilizas para realizar diversos movimientos funcionales, la red de gateo barManiaPro ofrece un desaf\u00edo de fitness \u00fanico apto para todos los niveles de habilidad.","og_url":"https:\/\/barmaniapro.com\/es\/producto\/red-de-arrastre\/","og_site_name":"BarManiaPro","article_publisher":"https:\/\/www.facebook.com\/BarManiaPro\/","og_image":[{"width":1770,"height":1770,"url":"https:\/\/barmaniapro.com\/wp-content\/uploads\/2022\/06\/BMP-61006_Crawling-net_classic_1.png","type":"image\/png"}],"twitter_card":"summary_large_image","twitter_misc":{"Tiempo de lectura":"2 minuto"},"schema":{"@context":"https:\/\/schema.org","@graph":[{"@type":"WebPage","@id":"https:\/\/barmaniapro.com\/es\/producto\/red-de-arrastre\/","url":"https:\/\/barmaniapro.com\/es\/producto\/red-de-arrastre\/","name":"Red de arrastre - BarManiaPro","isPartOf":{"@id":"https:\/\/barmaniapro.com\/es\/#website"},"primaryImageOfPage":{"@id":"https:\/\/barmaniapro.com\/es\/producto\/red-de-arrastre\/#primaryimage"},"image":{"@id":"https:\/\/barmaniapro.com\/es\/producto\/red-de-arrastre\/#primaryimage"},"thumbnailUrl":"https:\/\/barmaniapro.com\/wp-content\/uploads\/2022\/06\/BMP-61006_Crawling-net_classic_1.png","datePublished":"2022-06-14T13:14:15+00:00","breadcrumb":{"@id":"https:\/\/barmaniapro.com\/es\/producto\/red-de-arrastre\/#breadcrumb"},"inLanguage":"es","potentialAction":[{"@type":"ReadAction","target":["https:\/\/barmaniapro.com\/es\/producto\/red-de-arrastre\/"]}]},{"@type":"ImageObject","inLanguage":"es","@id":"https:\/\/barmaniapro.com\/es\/producto\/red-de-arrastre\/#primaryimage","url":"https:\/\/barmaniapro.com\/wp-content\/uploads\/2022\/06\/BMP-61006_Crawling-net_classic_1.png","contentUrl":"https:\/\/barmaniapro.com\/wp-content\/uploads\/2022\/06\/BMP-61006_Crawling-net_classic_1.png","width":1770,"height":1770},{"@type":"BreadcrumbList","@id":"https:\/\/barmaniapro.com\/es\/producto\/red-de-arrastre\/#breadcrumb","itemListElement":[{"@type":"ListItem","position":1,"name":"Tienda","item":"https:\/\/barmaniapro.com\/es\/tienda\/"},{"@type":"ListItem","position":2,"name":"Red de arrastre"}]},{"@type":"WebSite","@id":"https:\/\/barmaniapro.com\/es\/#website","url":"https:\/\/barmaniapro.com\/es\/","name":"BarManiaPro","description":"Manufacturer of Calisthenics equipment","potentialAction":[{"@type":"SearchAction","target":{"@type":"EntryPoint","urlTemplate":"https:\/\/barmaniapro.com\/es\/?s={search_term_string}"},"query-input":{"@type":"PropertyValueSpecification","valueRequired":true,"valueName":"search_term_string"}}],"inLanguage":"es"}]}},"_links":{"self":[{"href":"https:\/\/barmaniapro.com\/es\/wp-json\/wp\/v2\/product\/27155","targetHints":{"allow":["GET"]}}],"collection":[{"href":"https:\/\/barmaniapro.com\/es\/wp-json\/wp\/v2\/product"}],"about":[{"href":"https:\/\/barmaniapro.com\/es\/wp-json\/wp\/v2\/types\/product"}],"replies":[{"embeddable":true,"href":"https:\/\/barmaniapro.com\/es\/wp-json\/wp\/v2\/comments?post=27155"}],"wp:featuredmedia":[{"embeddable":true,"href":"https:\/\/barmaniapro.com\/es\/wp-json\/wp\/v2\/media\/12578"}],"wp:attachment":[{"href":"https:\/\/barmaniapro.com\/es\/wp-json\/wp\/v2\/media?parent=27155"}],"wp:term":[{"taxonomy":"product_brand","embeddable":true,"href":"https:\/\/barmaniapro.com\/es\/wp-json\/wp\/v2\/product_brand?post=27155"},{"taxonomy":"product_cat","embeddable":true,"href":"https:\/\/barmaniapro.com\/es\/wp-json\/wp\/v2\/product_cat?post=27155"},{"taxonomy":"product_tag","embeddable":true,"href":"https:\/\/barmaniapro.com\/es\/wp-json\/wp\/v2\/product_tag?post=27155"}],"curies":[{"name":"wp","href":"https:\/\/api.w.org\/{rel}","templated":true}]}}