{"id":27152,"date":"2022-06-14T15:14:15","date_gmt":"2022-06-14T13:14:15","guid":{"rendered":"https:\/\/barmaniapro.com\/product\/red-de-escalada\/"},"modified":"2022-06-14T15:14:15","modified_gmt":"2022-06-14T13:14:15","slug":"red-de-escalada","status":"publish","type":"product","link":"https:\/\/barmaniapro.com\/es\/producto\/red-de-escalada\/","title":{"rendered":"Red de escalada"},"content":{"rendered":"<div class=\"flex-1 overflow-hidden @container\/thread translate-y-[2rem] -mt-[2rem] pb-[1.5rem]\">\n<div class=\"relative h-full\">\n<div class=\"flex h-full flex-col overflow-y-auto [scrollbar-gutter:stable]\">\n<div class=\"flex flex-col text-sm md:pb-9\">\n<article class=\"w-full text-token-text-primary focus-visible:outline-2 focus-visible:outline-offset-[-4px]\" dir=\"auto\" data-testid=\"conversation-turn-15\" data-scroll-anchor=\"true\">\n<div class=\"m-auto text-base py-[18px] px-6\">\n<div class=\"mx-auto flex flex-1 text-base gap-4 md:gap-5 lg:gap-6 md:max-w-3xl\">\n<div class=\"group\/conversation-turn relative flex w-full min-w-0 flex-col agent-turn @xs\/thread:px-0 @sm\/thread:px-1.5 @md\/thread:px-4\">\n<div class=\"flex-col gap-1 md:gap-3\">\n<div class=\"flex max-w-full flex-col flex-grow\">\n<div class=\"min-h-8 text-message relative flex w-full flex-col items-end gap-2 whitespace-normal break-words text-start [.text-message+&amp;]:mt-5\" dir=\"auto\" data-message-author-role=\"assistant\" data-message-id=\"5189f28b-f60b-4b50-b928-bb44c1a94ad2\" data-message-model-slug=\"gpt-4o-mini\">\n<div class=\"flex w-full flex-col gap-1 empty:hidden first:pt-[3px]\">\n<div class=\"markdown prose w-full break-words dark:prose-invert light\">\n<h5 data-start=\"419\" data-end=\"432\">Caracter\u00edsticas:<\/h5>\n<ul data-start=\"433\" data-end=\"1320\">\n<li data-start=\"433\" data-end=\"608\"><strong data-start=\"435\" data-end=\"458\">Dos columnas de 3400 mm<\/strong>: Las robustas columnas de alta calidad proporcionan una base s\u00f3lida y duradera, garantizando un rendimiento duradero tanto para principiantes como para atletas avanzados.<\/li>\n<li data-start=\"609\" data-end=\"830\"><strong data-start=\"611\" data-end=\"636\">Dos barras transversales de 1450 mm<\/strong>: Colocadas estrat\u00e9gicamente para un entrenamiento \u00f3ptimo, las barras transversales son perfectas para realizar ejercicios adicionales con el peso del cuerpo, como dominadas o flexiones, y tambi\u00e9n ayudan a los usuarios a desarrollar la fuerza y la resistencia de la parte superior del cuerpo.<\/li>\n<li data-start=\"831\" data-end=\"1115\"><strong data-start=\"833\" data-end=\"874\">Red de Escalada H\u00e9rcules (1,30 m x 2,25 m)<\/strong>: La pieza central de la estaci\u00f3n, la red de escalada H\u00e9rcules ofrece una superficie resistente y fiable para los escaladores. Sus grandes dimensiones permiten una amplia gama de ejercicios, desde la escalada tradicional hasta movimientos din\u00e1micos que implican a todo el cuerpo. <\/li>\n<li data-start=\"1116\" data-end=\"1320\"><strong data-start=\"1118\" data-end=\"1144\">Materiales de alta calidad<\/strong>: Construida con materiales duraderos dise\u00f1ados para resistir a los elementos, la red y la estructura garantizan longevidad y estabilidad incluso durante las sesiones de entrenamiento m\u00e1s intensas.<\/li>\n<\/ul>\n<h5 data-start=\"1322\" data-end=\"1350\">Ideal para espacios p\u00fablicos:<\/h5>\n<ul data-start=\"1351\" data-end=\"2473\">\n<li data-start=\"1351\" data-end=\"1582\"><strong data-start=\"1353\" data-end=\"1375\">Entrenamiento de todo el cuerpo<\/strong>: La <strong data-start=\"1381\" data-end=\"1409\">Red de Escalada barManiaPro<\/strong> desaf\u00eda a m\u00faltiples grupos musculares, desde los brazos y los hombros hasta el tronco y las piernas, proporcionando un entrenamiento completo que mejora la fuerza, la coordinaci\u00f3n y la agilidad en general.<\/li>\n<li data-start=\"1583\" data-end=\"1833\"><strong data-start=\"1585\" data-end=\"1603\">Divertida y atractiva<\/strong>: Tanto si eres un principiante que trabaja t\u00e9cnicas de escalada como un atleta avanzado que busca mejorar su resistencia, la red de escalada H\u00e9rcules es una forma divertida e interactiva de mantenerse en forma. Es ideal para individuos y grupos de todas las edades. <\/li>\n<li data-start=\"1834\" data-end=\"2064\"><strong data-start=\"1836\" data-end=\"1867\">Duradera y resistente a la intemperie<\/strong>: Fabricada para durar, la <strong data-start=\"1888\" data-end=\"1916\">Red de Escalada barManiaPro<\/strong> es perfecta para entornos exteriores. Sus materiales de alta calidad son resistentes a la intemperie, lo que garantiza que se mantenga en excelentes condiciones durante a\u00f1os de uso. <\/li>\n<li data-start=\"2065\" data-end=\"2273\"><strong data-start=\"2067\" data-end=\"2085\">Apto para grupos<\/strong>: Ideal para espacios p\u00fablicos, su dise\u00f1o permite que varios usuarios utilicen el equipo a la vez, lo que lo hace perfecto para el fitness social, los retos en grupo y las actividades de creaci\u00f3n de comunidad.<\/li>\n<li data-start=\"2274\" data-end=\"2473\"><strong data-start=\"2276\" data-end=\"2295\">Bajo Mantenimiento<\/strong>: La robusta construcci\u00f3n de la <strong data-start=\"2328\" data-end=\"2356\">Red de Escalada barManiaPro<\/strong> la convierte en una opci\u00f3n de bajo mantenimiento para zonas muy transitadas, lo que garantiza que siga siendo funcional y segura con un mantenimiento m\u00ednimo.<\/li>\n<\/ul>\n<p data-start=\"2475\" data-end=\"2766\" data-is-last-node=\"\" data-is-only-node=\"\">Mejora tu centro de fitness, parque o gimnasio con la <strong data-start=\"2528\" data-end=\"2556\">Red de Escalada barManiaPro<\/strong>, la herramienta definitiva para desarrollar fuerza, resistencia y agilidad. Con su desafiante dise\u00f1o y atractiva experiencia, esta red de escalada ofrece a los deportistas de todos los niveles una forma emocionante de mejorar su forma f\u00edsica. <\/p>\n<\/div>\n<\/div>\n<\/div>\n<\/div>\n<div class=\"mb-2 flex gap-3 empty:hidden -ml-2\">\n<div class=\"items-center justify-start rounded-xl p-1 flex\">\n<div class=\"flex items-center\"><\/div>\n<\/div>\n<\/div>\n<div class=\"mt-3 w-full empty:hidden\">\n<div class=\"text-center\"><\/div>\n<\/div>\n<\/div>\n<div class=\"absolute\">\n<div class=\"flex items-center justify-center\"><\/div>\n<\/div>\n<\/div>\n<\/div>\n<\/div>\n<\/article>\n<div class=\"pointer-events-none h-px w-px\" aria-hidden=\"true\" data-edge=\"true\"><\/div>\n<div><\/div>\n<\/div>\n<\/div>\n<\/div>\n<\/div>\n<div class=\"md:pt-0 dark:border-white\/20 md:border-transparent md:dark:border-transparent w-full isolate has-[[data-has-thread-error]]:[box-shadow:var(--sharp-edge-bottom-shadow)] has-[[data-has-thread-error]]:pt-2\">\n<div>\n<div class=\"m-auto text-base px-3 md:px-4 w-full md:px-5 lg:px-4 xl:px-5\">\n<div class=\"mx-auto flex flex-1 text-base gap-4 md:gap-5 lg:gap-6 md:max-w-3xl\">\n<div class=\"flex justify-center empty:hidden\"><\/div>\n<form class=\"w-full\" aria-haspopup=\"dialog\" aria-expanded=\"false\" aria-controls=\"radix-:r15:\" data-state=\"closed\">\n<div class=\"relative z-[1] flex h-full max-w-full flex-1 flex-col\">\n<div class=\"absolute bottom-full left-0 right-0 z-20\"><\/div>\n<div class=\"group relative z-[1] flex w-full items-center\">\n<div class=\"w-full\">\n<div id=\"composer-background\" class=\"flex w-full cursor-text flex-col rounded-3xl border border-token-border-light px-3 py-1 duration-150 ease-in-out contain-inline-size motion-safe:transition-[color,background-color,border-color,text-decoration-color,fill,stroke,box-shadow] dark:border-none dark:shadow-none shadow-[0_9px_9px_0px_rgba(0,0,0,0.01),_0_2px_5px_0px_rgba(0,0,0,0.06)] has-[:focus]:shadow-[0_2px_12px_0px_rgba(0,0,0,0.04),_0_9px_9px_0px_rgba(0,0,0,0.01),_0_2px_5px_0px_rgba(0,0,0,0.06)] bg-token-main-surface-primary dark:bg-[#303030]\">\n<div class=\"flex flex-col justify-start\">\n<div class=\"flex min-h-[44px] items-start pl-1\">\n<div class=\"min-w-0 max-w-full flex-1\">\n<div class=\"_prosemirror-parent_1r7mb_1 text-token-text-primary max-h-[25dvh] max-h-52 overflow-auto default-browser\"><textarea class=\"block h-10 w-full resize-none border-0 bg-transparent px-0 py-2 text-token-text-primary placeholder:text-token-text-tertiary\" placeholder=\"Escribe un mensaje\" data-virtualkeyboard=\"true\"><\/textarea><script>window.__oai_logHTML?window.__oai_logHTML():window.__oai_SSR_HTML=window.__oai_SSR_HTML||Date.now();requestAnimationFrame((function(){window.__oai_logTTI?window.__oai_logTTI():window.__oai_SSR_TTI=window.__oai_SSR_TTI||Date.now()}))<\/script><\/p>\n<div id=\"prompt-textarea\" class=\"ProseMirror\" contenteditable=\"true\" translate=\"no\" data-virtualkeyboard=\"true\"><\/div>\n<\/div>\n<\/div>\n<div class=\"w-[32px] pt-1\"><\/div>\n<\/div>\n<\/div>\n<\/div>\n<\/div>\n<\/div>\n<\/div>\n<\/form>\n<\/div>\n<\/div>\n<\/div>\n<\/div>\n","protected":false},"excerpt":{"rendered":"<p>Supera tus l\u00edmites y eleva tu forma f\u00edsica con la Red de Escalada barManiaPro, una herramienta de entrenamiento robusta, desafiante y vers\u00e1til dise\u00f1ada para la fuerza, la agilidad y la resistencia.<\/p>\n<p>Perfecta para zonas de fitness al aire libre, parques y gimnasios, esta red de escalada es un complemento emocionante para cualquier rutina de entrenamiento, ya que ofrece un entrenamiento de todo el cuerpo que se centra en la fuerza de agarre, la coordinaci\u00f3n y la estabilidad central.<\/p>\n","protected":false},"featured_media":12567,"comment_status":"open","ping_status":"closed","template":"","meta":{"_acf_changed":false,"inline_featured_image":false},"product_brand":[],"product_cat":[613,616],"product_tag":[615],"class_list":{"0":"post-27152","1":"product","2":"type-product","3":"status-publish","4":"has-post-thumbnail","6":"product_cat-bootcamp-es","7":"product_cat-entrenamiento-infantil","8":"product_tag-bootcamp-es","10":"first","11":"instock","12":"taxable","13":"shipping-taxable","14":"product-type-simple"},"acf":[],"yoast_head":"<!-- This site is optimized with the Yoast SEO plugin v26.2 - https:\/\/yoast.com\/wordpress\/plugins\/seo\/ -->\n<title>Red de escalada - BarManiaPro<\/title>\n<meta name=\"robots\" content=\"index, follow, max-snippet:-1, max-image-preview:large, max-video-preview:-1\" \/>\n<link rel=\"canonical\" href=\"https:\/\/barmaniapro.com\/es\/producto\/red-de-escalada\/\" \/>\n<meta property=\"og:locale\" content=\"es_ES\" \/>\n<meta property=\"og:type\" content=\"article\" \/>\n<meta property=\"og:title\" content=\"Red de escalada - BarManiaPro\" \/>\n<meta property=\"og:description\" content=\"Supera tus l\u00edmites y eleva tu forma f\u00edsica con la Red de Escalada barManiaPro, una herramienta de entrenamiento robusta, desafiante y vers\u00e1til dise\u00f1ada para la fuerza, la agilidad y la resistencia. Perfecta para zonas de fitness al aire libre, parques y gimnasios, esta red de escalada es un complemento emocionante para cualquier rutina de entrenamiento, ya que ofrece un entrenamiento de todo el cuerpo que se centra en la fuerza de agarre, la coordinaci\u00f3n y la estabilidad central.\" \/>\n<meta property=\"og:url\" content=\"https:\/\/barmaniapro.com\/es\/producto\/red-de-escalada\/\" \/>\n<meta property=\"og:site_name\" content=\"BarManiaPro\" \/>\n<meta property=\"article:publisher\" content=\"https:\/\/www.facebook.com\/BarManiaPro\/\" \/>\n<meta property=\"og:image\" content=\"https:\/\/barmaniapro.com\/wp-content\/uploads\/2022\/06\/BMP-61005_Climbing-net_classic_1.png\" \/>\n\t<meta property=\"og:image:width\" content=\"1770\" \/>\n\t<meta property=\"og:image:height\" content=\"1770\" \/>\n\t<meta property=\"og:image:type\" content=\"image\/png\" \/>\n<meta name=\"twitter:card\" content=\"summary_large_image\" \/>\n<meta name=\"twitter:label1\" content=\"Tiempo de lectura\" \/>\n\t<meta name=\"twitter:data1\" content=\"2 minuto\" \/>\n<script type=\"application\/ld+json\" class=\"yoast-schema-graph\">{\"@context\":\"https:\/\/schema.org\",\"@graph\":[{\"@type\":\"WebPage\",\"@id\":\"https:\/\/barmaniapro.com\/es\/producto\/red-de-escalada\/\",\"url\":\"https:\/\/barmaniapro.com\/es\/producto\/red-de-escalada\/\",\"name\":\"Red de escalada - BarManiaPro\",\"isPartOf\":{\"@id\":\"https:\/\/barmaniapro.com\/es\/#website\"},\"primaryImageOfPage\":{\"@id\":\"https:\/\/barmaniapro.com\/es\/producto\/red-de-escalada\/#primaryimage\"},\"image\":{\"@id\":\"https:\/\/barmaniapro.com\/es\/producto\/red-de-escalada\/#primaryimage\"},\"thumbnailUrl\":\"https:\/\/barmaniapro.com\/wp-content\/uploads\/2022\/06\/BMP-61005_Climbing-net_classic_1.png\",\"datePublished\":\"2022-06-14T13:14:15+00:00\",\"breadcrumb\":{\"@id\":\"https:\/\/barmaniapro.com\/es\/producto\/red-de-escalada\/#breadcrumb\"},\"inLanguage\":\"es\",\"potentialAction\":[{\"@type\":\"ReadAction\",\"target\":[\"https:\/\/barmaniapro.com\/es\/producto\/red-de-escalada\/\"]}]},{\"@type\":\"ImageObject\",\"inLanguage\":\"es\",\"@id\":\"https:\/\/barmaniapro.com\/es\/producto\/red-de-escalada\/#primaryimage\",\"url\":\"https:\/\/barmaniapro.com\/wp-content\/uploads\/2022\/06\/BMP-61005_Climbing-net_classic_1.png\",\"contentUrl\":\"https:\/\/barmaniapro.com\/wp-content\/uploads\/2022\/06\/BMP-61005_Climbing-net_classic_1.png\",\"width\":1770,\"height\":1770},{\"@type\":\"BreadcrumbList\",\"@id\":\"https:\/\/barmaniapro.com\/es\/producto\/red-de-escalada\/#breadcrumb\",\"itemListElement\":[{\"@type\":\"ListItem\",\"position\":1,\"name\":\"Tienda\",\"item\":\"https:\/\/barmaniapro.com\/es\/tienda\/\"},{\"@type\":\"ListItem\",\"position\":2,\"name\":\"Red de escalada\"}]},{\"@type\":\"WebSite\",\"@id\":\"https:\/\/barmaniapro.com\/es\/#website\",\"url\":\"https:\/\/barmaniapro.com\/es\/\",\"name\":\"BarManiaPro\",\"description\":\"Manufacturer of Calisthenics equipment\",\"potentialAction\":[{\"@type\":\"SearchAction\",\"target\":{\"@type\":\"EntryPoint\",\"urlTemplate\":\"https:\/\/barmaniapro.com\/es\/?s={search_term_string}\"},\"query-input\":{\"@type\":\"PropertyValueSpecification\",\"valueRequired\":true,\"valueName\":\"search_term_string\"}}],\"inLanguage\":\"es\"}]}<\/script>\n<!-- \/ Yoast SEO plugin. -->","yoast_head_json":{"title":"Red de escalada - BarManiaPro","robots":{"index":"index","follow":"follow","max-snippet":"max-snippet:-1","max-image-preview":"max-image-preview:large","max-video-preview":"max-video-preview:-1"},"canonical":"https:\/\/barmaniapro.com\/es\/producto\/red-de-escalada\/","og_locale":"es_ES","og_type":"article","og_title":"Red de escalada - BarManiaPro","og_description":"Supera tus l\u00edmites y eleva tu forma f\u00edsica con la Red de Escalada barManiaPro, una herramienta de entrenamiento robusta, desafiante y vers\u00e1til dise\u00f1ada para la fuerza, la agilidad y la resistencia. Perfecta para zonas de fitness al aire libre, parques y gimnasios, esta red de escalada es un complemento emocionante para cualquier rutina de entrenamiento, ya que ofrece un entrenamiento de todo el cuerpo que se centra en la fuerza de agarre, la coordinaci\u00f3n y la estabilidad central.","og_url":"https:\/\/barmaniapro.com\/es\/producto\/red-de-escalada\/","og_site_name":"BarManiaPro","article_publisher":"https:\/\/www.facebook.com\/BarManiaPro\/","og_image":[{"width":1770,"height":1770,"url":"https:\/\/barmaniapro.com\/wp-content\/uploads\/2022\/06\/BMP-61005_Climbing-net_classic_1.png","type":"image\/png"}],"twitter_card":"summary_large_image","twitter_misc":{"Tiempo de lectura":"2 minuto"},"schema":{"@context":"https:\/\/schema.org","@graph":[{"@type":"WebPage","@id":"https:\/\/barmaniapro.com\/es\/producto\/red-de-escalada\/","url":"https:\/\/barmaniapro.com\/es\/producto\/red-de-escalada\/","name":"Red de escalada - BarManiaPro","isPartOf":{"@id":"https:\/\/barmaniapro.com\/es\/#website"},"primaryImageOfPage":{"@id":"https:\/\/barmaniapro.com\/es\/producto\/red-de-escalada\/#primaryimage"},"image":{"@id":"https:\/\/barmaniapro.com\/es\/producto\/red-de-escalada\/#primaryimage"},"thumbnailUrl":"https:\/\/barmaniapro.com\/wp-content\/uploads\/2022\/06\/BMP-61005_Climbing-net_classic_1.png","datePublished":"2022-06-14T13:14:15+00:00","breadcrumb":{"@id":"https:\/\/barmaniapro.com\/es\/producto\/red-de-escalada\/#breadcrumb"},"inLanguage":"es","potentialAction":[{"@type":"ReadAction","target":["https:\/\/barmaniapro.com\/es\/producto\/red-de-escalada\/"]}]},{"@type":"ImageObject","inLanguage":"es","@id":"https:\/\/barmaniapro.com\/es\/producto\/red-de-escalada\/#primaryimage","url":"https:\/\/barmaniapro.com\/wp-content\/uploads\/2022\/06\/BMP-61005_Climbing-net_classic_1.png","contentUrl":"https:\/\/barmaniapro.com\/wp-content\/uploads\/2022\/06\/BMP-61005_Climbing-net_classic_1.png","width":1770,"height":1770},{"@type":"BreadcrumbList","@id":"https:\/\/barmaniapro.com\/es\/producto\/red-de-escalada\/#breadcrumb","itemListElement":[{"@type":"ListItem","position":1,"name":"Tienda","item":"https:\/\/barmaniapro.com\/es\/tienda\/"},{"@type":"ListItem","position":2,"name":"Red de escalada"}]},{"@type":"WebSite","@id":"https:\/\/barmaniapro.com\/es\/#website","url":"https:\/\/barmaniapro.com\/es\/","name":"BarManiaPro","description":"Manufacturer of Calisthenics equipment","potentialAction":[{"@type":"SearchAction","target":{"@type":"EntryPoint","urlTemplate":"https:\/\/barmaniapro.com\/es\/?s={search_term_string}"},"query-input":{"@type":"PropertyValueSpecification","valueRequired":true,"valueName":"search_term_string"}}],"inLanguage":"es"}]}},"_links":{"self":[{"href":"https:\/\/barmaniapro.com\/es\/wp-json\/wp\/v2\/product\/27152","targetHints":{"allow":["GET"]}}],"collection":[{"href":"https:\/\/barmaniapro.com\/es\/wp-json\/wp\/v2\/product"}],"about":[{"href":"https:\/\/barmaniapro.com\/es\/wp-json\/wp\/v2\/types\/product"}],"replies":[{"embeddable":true,"href":"https:\/\/barmaniapro.com\/es\/wp-json\/wp\/v2\/comments?post=27152"}],"wp:featuredmedia":[{"embeddable":true,"href":"https:\/\/barmaniapro.com\/es\/wp-json\/wp\/v2\/media\/12567"}],"wp:attachment":[{"href":"https:\/\/barmaniapro.com\/es\/wp-json\/wp\/v2\/media?parent=27152"}],"wp:term":[{"taxonomy":"product_brand","embeddable":true,"href":"https:\/\/barmaniapro.com\/es\/wp-json\/wp\/v2\/product_brand?post=27152"},{"taxonomy":"product_cat","embeddable":true,"href":"https:\/\/barmaniapro.com\/es\/wp-json\/wp\/v2\/product_cat?post=27152"},{"taxonomy":"product_tag","embeddable":true,"href":"https:\/\/barmaniapro.com\/es\/wp-json\/wp\/v2\/product_tag?post=27152"}],"curies":[{"name":"wp","href":"https:\/\/api.w.org\/{rel}","templated":true}]}}