{"id":27148,"date":"2022-06-14T15:14:15","date_gmt":"2022-06-14T13:14:15","guid":{"rendered":"https:\/\/barmaniapro.com\/product\/pared-serpiente-arriba\/"},"modified":"2022-06-14T15:14:15","modified_gmt":"2022-06-14T13:14:15","slug":"pared-serpiente-arriba","status":"publish","type":"product","link":"https:\/\/barmaniapro.com\/es\/producto\/pared-serpiente-arriba\/","title":{"rendered":"Pared-serpiente-arriba"},"content":{"rendered":"<p>La Estaci\u00f3n Calist\u00e9nica BarManiaPro\u00ae es m\u00e1s que un simple equipo de entrenamiento: es un centro para la creatividad y el progreso. Con su pared sueca para entrenamiento funcional, su barra serpiente para movimientos de estilo libre y sus barras de dominadas ajustables para diversos ejercicios, esta estaci\u00f3n se adapta a las necesidades de cada deportista. Tanto si te centras en la fuerza, la flexibilidad o los movimientos de estilo libre, esta estaci\u00f3n cumple.  <\/p>\n<ul>\n<li><strong>Muro sueco:<\/strong>\n<ul>\n<li>Ideal para ejercicios de movilidad, estiramientos y entrenamiento de fuerza.<\/li>\n<li>Proporciona un marco estable para presas est\u00e1ticas, movimientos de escalada y ejercicios con bandas de resistencia.<\/li>\n<\/ul>\n<\/li>\n<li><strong>Barra de serpiente:<\/strong>\n<ul>\n<li>Dise\u00f1ado para movimientos creativos y din\u00e1micos, permite a los atletas realizar t\u00e9cnicas avanzadas de calistenia, como transiciones din\u00e1micas y variaciones de agarre.<\/li>\n<\/ul>\n<\/li>\n<li><strong>Cinco barras de dominadas a diferentes alturas:<\/strong>\n<ul>\n<li>Ofrece opciones para deportistas de todas las alturas y niveles de entrenamiento, ya que se adapta a una amplia gama de ejercicios, como dominadas, flexiones y dominadas musculares.<\/li>\n<li>Perfecto para sesiones de entrenamiento individuales y en grupo.<\/li>\n<\/ul>\n<\/li>\n<li><strong>Barras transversales de 33,7 mm de di\u00e1metro:<\/strong>\n<ul>\n<li>Dise\u00f1ado ergon\u00f3micamente para un agarre c\u00f3modo y reducir la fatiga de la mano durante entrenamientos prolongados.<\/li>\n<li>Adecuado tanto para principiantes como para deportistas avanzados.<\/li>\n<\/ul>\n<\/li>\n<li><strong>Construcci\u00f3n duradera y estable:<\/strong>\n<ul>\n<li>Construida con materiales de primera calidad, esta estaci\u00f3n ofrece una estabilidad y durabilidad excepcionales para soportar entrenamientos intensos.<\/li>\n<\/ul>\n<\/li>\n<li><strong>Dise\u00f1o multifuncional:<\/strong>\n<ul>\n<li>Combina elementos de fuerza, flexibilidad y movimiento din\u00e1mico, lo que la convierte en una soluci\u00f3n completa de entrenamiento calist\u00e9nico.<\/li>\n<\/ul>\n<\/li>\n<li><strong>Acabado resistente a la intemperie:<\/strong>\n<ul>\n<li>El revestimiento resistente al \u00f3xido garantiza su durabilidad tanto en interiores como en exteriores, por lo que es perfecto para parques de fitness, gimnasios o espacios personales.<\/li>\n<\/ul>\n<\/li>\n<\/ul>\n","protected":false},"excerpt":{"rendered":"<p>La Estaci\u00f3n de Calistenia BarManiaPro\u00ae con Pared Sueca, Barra Serpiente y Barras Ajustables para Flexiones es una instalaci\u00f3n vers\u00e1til y completa dise\u00f1ada para atletas de todos los niveles. Incluye <\/p>\n<p>Pared sueca, una barra serpiente y cinco barras de dominadas a distintas alturas, esta estaci\u00f3n proporciona la plataforma perfecta para una amplia gama de ejercicios de calistenia, desde el entrenamiento de fuerza hasta el trabajo de movilidad. Las barras transversales, con un di\u00e1metro de 33,7 mm, garantizan un agarre y una comodidad \u00f3ptimos, mejorando tu experiencia de entrenamiento. <\/p>\n","protected":false},"featured_media":13676,"comment_status":"open","ping_status":"closed","template":"","meta":{"_acf_changed":false,"inline_featured_image":false},"product_brand":[],"product_cat":[610,616],"product_tag":[611],"class_list":{"0":"post-27148","1":"product","2":"type-product","3":"status-publish","4":"has-post-thumbnail","6":"product_cat-calistenia-es","7":"product_cat-entrenamiento-infantil","8":"product_tag-calistenia","10":"first","11":"instock","12":"taxable","13":"shipping-taxable","14":"product-type-simple"},"acf":[],"yoast_head":"<!-- This site is optimized with the Yoast SEO plugin v26.2 - https:\/\/yoast.com\/wordpress\/plugins\/seo\/ -->\n<title>Pared-serpiente-arriba - BarManiaPro<\/title>\n<meta name=\"robots\" content=\"index, follow, max-snippet:-1, max-image-preview:large, max-video-preview:-1\" \/>\n<link rel=\"canonical\" href=\"https:\/\/barmaniapro.com\/es\/producto\/pared-serpiente-arriba\/\" \/>\n<meta property=\"og:locale\" content=\"es_ES\" \/>\n<meta property=\"og:type\" content=\"article\" \/>\n<meta property=\"og:title\" content=\"Pared-serpiente-arriba - BarManiaPro\" \/>\n<meta property=\"og:description\" content=\"La Estaci\u00f3n de Calistenia BarManiaPro\u00ae con Pared Sueca, Barra Serpiente y Barras Ajustables para Flexiones es una instalaci\u00f3n vers\u00e1til y completa dise\u00f1ada para atletas de todos los niveles. Incluye  Pared sueca, una barra serpiente y cinco barras de dominadas a distintas alturas, esta estaci\u00f3n proporciona la plataforma perfecta para una amplia gama de ejercicios de calistenia, desde el entrenamiento de fuerza hasta el trabajo de movilidad. Las barras transversales, con un di\u00e1metro de 33,7 mm, garantizan un agarre y una comodidad \u00f3ptimos, mejorando tu experiencia de entrenamiento.\" \/>\n<meta property=\"og:url\" content=\"https:\/\/barmaniapro.com\/es\/producto\/pared-serpiente-arriba\/\" \/>\n<meta property=\"og:site_name\" content=\"BarManiaPro\" \/>\n<meta property=\"article:publisher\" content=\"https:\/\/www.facebook.com\/BarManiaPro\/\" \/>\n<meta property=\"og:image\" content=\"https:\/\/barmaniapro.com\/wp-content\/uploads\/2024\/11\/BMP-51012_WallSnake-Pull-up_classic_1-min.png\" \/>\n\t<meta property=\"og:image:width\" content=\"1770\" \/>\n\t<meta property=\"og:image:height\" content=\"1770\" \/>\n\t<meta property=\"og:image:type\" content=\"image\/png\" \/>\n<meta name=\"twitter:card\" content=\"summary_large_image\" \/>\n<meta name=\"twitter:label1\" content=\"Tiempo de lectura\" \/>\n\t<meta name=\"twitter:data1\" content=\"1 minuto\" \/>\n<script type=\"application\/ld+json\" class=\"yoast-schema-graph\">{\"@context\":\"https:\/\/schema.org\",\"@graph\":[{\"@type\":\"WebPage\",\"@id\":\"https:\/\/barmaniapro.com\/es\/producto\/pared-serpiente-arriba\/\",\"url\":\"https:\/\/barmaniapro.com\/es\/producto\/pared-serpiente-arriba\/\",\"name\":\"Pared-serpiente-arriba - BarManiaPro\",\"isPartOf\":{\"@id\":\"https:\/\/barmaniapro.com\/es\/#website\"},\"primaryImageOfPage\":{\"@id\":\"https:\/\/barmaniapro.com\/es\/producto\/pared-serpiente-arriba\/#primaryimage\"},\"image\":{\"@id\":\"https:\/\/barmaniapro.com\/es\/producto\/pared-serpiente-arriba\/#primaryimage\"},\"thumbnailUrl\":\"https:\/\/barmaniapro.com\/wp-content\/uploads\/2024\/11\/BMP-51012_WallSnake-Pull-up_classic_1-min.png\",\"datePublished\":\"2022-06-14T13:14:15+00:00\",\"breadcrumb\":{\"@id\":\"https:\/\/barmaniapro.com\/es\/producto\/pared-serpiente-arriba\/#breadcrumb\"},\"inLanguage\":\"es\",\"potentialAction\":[{\"@type\":\"ReadAction\",\"target\":[\"https:\/\/barmaniapro.com\/es\/producto\/pared-serpiente-arriba\/\"]}]},{\"@type\":\"ImageObject\",\"inLanguage\":\"es\",\"@id\":\"https:\/\/barmaniapro.com\/es\/producto\/pared-serpiente-arriba\/#primaryimage\",\"url\":\"https:\/\/barmaniapro.com\/wp-content\/uploads\/2024\/11\/BMP-51012_WallSnake-Pull-up_classic_1-min.png\",\"contentUrl\":\"https:\/\/barmaniapro.com\/wp-content\/uploads\/2024\/11\/BMP-51012_WallSnake-Pull-up_classic_1-min.png\",\"width\":1770,\"height\":1770},{\"@type\":\"BreadcrumbList\",\"@id\":\"https:\/\/barmaniapro.com\/es\/producto\/pared-serpiente-arriba\/#breadcrumb\",\"itemListElement\":[{\"@type\":\"ListItem\",\"position\":1,\"name\":\"Tienda\",\"item\":\"https:\/\/barmaniapro.com\/es\/tienda\/\"},{\"@type\":\"ListItem\",\"position\":2,\"name\":\"Pared-serpiente-arriba\"}]},{\"@type\":\"WebSite\",\"@id\":\"https:\/\/barmaniapro.com\/es\/#website\",\"url\":\"https:\/\/barmaniapro.com\/es\/\",\"name\":\"BarManiaPro\",\"description\":\"Manufacturer of Calisthenics equipment\",\"potentialAction\":[{\"@type\":\"SearchAction\",\"target\":{\"@type\":\"EntryPoint\",\"urlTemplate\":\"https:\/\/barmaniapro.com\/es\/?s={search_term_string}\"},\"query-input\":{\"@type\":\"PropertyValueSpecification\",\"valueRequired\":true,\"valueName\":\"search_term_string\"}}],\"inLanguage\":\"es\"}]}<\/script>\n<!-- \/ Yoast SEO plugin. -->","yoast_head_json":{"title":"Pared-serpiente-arriba - BarManiaPro","robots":{"index":"index","follow":"follow","max-snippet":"max-snippet:-1","max-image-preview":"max-image-preview:large","max-video-preview":"max-video-preview:-1"},"canonical":"https:\/\/barmaniapro.com\/es\/producto\/pared-serpiente-arriba\/","og_locale":"es_ES","og_type":"article","og_title":"Pared-serpiente-arriba - BarManiaPro","og_description":"La Estaci\u00f3n de Calistenia BarManiaPro\u00ae con Pared Sueca, Barra Serpiente y Barras Ajustables para Flexiones es una instalaci\u00f3n vers\u00e1til y completa dise\u00f1ada para atletas de todos los niveles. Incluye  Pared sueca, una barra serpiente y cinco barras de dominadas a distintas alturas, esta estaci\u00f3n proporciona la plataforma perfecta para una amplia gama de ejercicios de calistenia, desde el entrenamiento de fuerza hasta el trabajo de movilidad. Las barras transversales, con un di\u00e1metro de 33,7 mm, garantizan un agarre y una comodidad \u00f3ptimos, mejorando tu experiencia de entrenamiento.","og_url":"https:\/\/barmaniapro.com\/es\/producto\/pared-serpiente-arriba\/","og_site_name":"BarManiaPro","article_publisher":"https:\/\/www.facebook.com\/BarManiaPro\/","og_image":[{"width":1770,"height":1770,"url":"https:\/\/barmaniapro.com\/wp-content\/uploads\/2024\/11\/BMP-51012_WallSnake-Pull-up_classic_1-min.png","type":"image\/png"}],"twitter_card":"summary_large_image","twitter_misc":{"Tiempo de lectura":"1 minuto"},"schema":{"@context":"https:\/\/schema.org","@graph":[{"@type":"WebPage","@id":"https:\/\/barmaniapro.com\/es\/producto\/pared-serpiente-arriba\/","url":"https:\/\/barmaniapro.com\/es\/producto\/pared-serpiente-arriba\/","name":"Pared-serpiente-arriba - BarManiaPro","isPartOf":{"@id":"https:\/\/barmaniapro.com\/es\/#website"},"primaryImageOfPage":{"@id":"https:\/\/barmaniapro.com\/es\/producto\/pared-serpiente-arriba\/#primaryimage"},"image":{"@id":"https:\/\/barmaniapro.com\/es\/producto\/pared-serpiente-arriba\/#primaryimage"},"thumbnailUrl":"https:\/\/barmaniapro.com\/wp-content\/uploads\/2024\/11\/BMP-51012_WallSnake-Pull-up_classic_1-min.png","datePublished":"2022-06-14T13:14:15+00:00","breadcrumb":{"@id":"https:\/\/barmaniapro.com\/es\/producto\/pared-serpiente-arriba\/#breadcrumb"},"inLanguage":"es","potentialAction":[{"@type":"ReadAction","target":["https:\/\/barmaniapro.com\/es\/producto\/pared-serpiente-arriba\/"]}]},{"@type":"ImageObject","inLanguage":"es","@id":"https:\/\/barmaniapro.com\/es\/producto\/pared-serpiente-arriba\/#primaryimage","url":"https:\/\/barmaniapro.com\/wp-content\/uploads\/2024\/11\/BMP-51012_WallSnake-Pull-up_classic_1-min.png","contentUrl":"https:\/\/barmaniapro.com\/wp-content\/uploads\/2024\/11\/BMP-51012_WallSnake-Pull-up_classic_1-min.png","width":1770,"height":1770},{"@type":"BreadcrumbList","@id":"https:\/\/barmaniapro.com\/es\/producto\/pared-serpiente-arriba\/#breadcrumb","itemListElement":[{"@type":"ListItem","position":1,"name":"Tienda","item":"https:\/\/barmaniapro.com\/es\/tienda\/"},{"@type":"ListItem","position":2,"name":"Pared-serpiente-arriba"}]},{"@type":"WebSite","@id":"https:\/\/barmaniapro.com\/es\/#website","url":"https:\/\/barmaniapro.com\/es\/","name":"BarManiaPro","description":"Manufacturer of Calisthenics equipment","potentialAction":[{"@type":"SearchAction","target":{"@type":"EntryPoint","urlTemplate":"https:\/\/barmaniapro.com\/es\/?s={search_term_string}"},"query-input":{"@type":"PropertyValueSpecification","valueRequired":true,"valueName":"search_term_string"}}],"inLanguage":"es"}]}},"_links":{"self":[{"href":"https:\/\/barmaniapro.com\/es\/wp-json\/wp\/v2\/product\/27148","targetHints":{"allow":["GET"]}}],"collection":[{"href":"https:\/\/barmaniapro.com\/es\/wp-json\/wp\/v2\/product"}],"about":[{"href":"https:\/\/barmaniapro.com\/es\/wp-json\/wp\/v2\/types\/product"}],"replies":[{"embeddable":true,"href":"https:\/\/barmaniapro.com\/es\/wp-json\/wp\/v2\/comments?post=27148"}],"wp:featuredmedia":[{"embeddable":true,"href":"https:\/\/barmaniapro.com\/es\/wp-json\/wp\/v2\/media\/13676"}],"wp:attachment":[{"href":"https:\/\/barmaniapro.com\/es\/wp-json\/wp\/v2\/media?parent=27148"}],"wp:term":[{"taxonomy":"product_brand","embeddable":true,"href":"https:\/\/barmaniapro.com\/es\/wp-json\/wp\/v2\/product_brand?post=27148"},{"taxonomy":"product_cat","embeddable":true,"href":"https:\/\/barmaniapro.com\/es\/wp-json\/wp\/v2\/product_cat?post=27148"},{"taxonomy":"product_tag","embeddable":true,"href":"https:\/\/barmaniapro.com\/es\/wp-json\/wp\/v2\/product_tag?post=27148"}],"curies":[{"name":"wp","href":"https:\/\/api.w.org\/{rel}","templated":true}]}}