{"id":27147,"date":"2022-06-14T15:14:15","date_gmt":"2022-06-14T13:14:15","guid":{"rendered":"https:\/\/barmaniapro.com\/product\/barras-de-dominadas-triangulares\/"},"modified":"2022-06-14T15:14:15","modified_gmt":"2022-06-14T13:14:15","slug":"barras-de-dominadas-triangulares","status":"publish","type":"product","link":"https:\/\/barmaniapro.com\/es\/producto\/barras-de-dominadas-triangulares\/","title":{"rendered":"Barras de dominadas triangulares"},"content":{"rendered":"<p>La barra de tracci\u00f3n triangular BarManiaPro es la soluci\u00f3n ideal para los atletas que desean mejorar la fuerza de la parte superior del cuerpo y dominar las t\u00e9cnicas de tracci\u00f3n. Su dise\u00f1o duradero, combinado con sus vers\u00e1tiles opciones de entrenamiento, la convierten en un excelente complemento para cualquier gimnasio dom\u00e9stico, parque de fitness o espacio de entrenamiento calist\u00e9nico. Tanto si te centras en la espalda, los hombros, los brazos o el tronco, esta barra de dominadas te proporciona todo lo que necesitas para un entrenamiento eficaz.  <\/p>\n<ul>\n<li><strong>Dise\u00f1o de marco triangular:<\/strong>\n<ul>\n<li>La caracter\u00edstica estructura triangular proporciona un apoyo y una estabilidad superiores, por lo que es ideal para ejercicios din\u00e1micos de calistenia.<\/li>\n<li>Su dise\u00f1o maximiza la resistencia y la durabilidad, al tiempo que a\u00f1ade un atractivo est\u00e9tico a tu espacio de entrenamiento.<\/li>\n<\/ul>\n<\/li>\n<li><strong>Tres barras transversales (1450 mm):<\/strong>\n<ul>\n<li>Perfecto para una gran variedad de ejercicios, incluidas las dominadas de agarre ancho, agarre estrecho y agarre neutro.<\/li>\n<li>La longitud de 1450 mm ofrece un amplio espacio para usuarios de diferentes tama\u00f1os y admite m\u00faltiples variaciones de agarre, mejorando la versatilidad de tu rutina de entrenamiento.<\/li>\n<\/ul>\n<\/li>\n<li><strong>Barras transversales de 33,7 mm de di\u00e1metro:<\/strong>\n<ul>\n<li>El c\u00f3modo di\u00e1metro de 33,7 mm garantiza un agarre firme y seguro durante tus entrenamientos, reduciendo la fatiga de la mano incluso en sesiones prolongadas.<\/li>\n<li>Ideal para usuarios de todos los niveles de forma f\u00edsica, desde principiantes hasta experimentados atletas de calistenia.<\/li>\n<\/ul>\n<\/li>\n<li><strong>Tres columnas robustas:<\/strong>\n<ul>\n<li>Proporciona un fuerte apoyo para garantizar la estabilidad incluso durante las sesiones de entrenamiento m\u00e1s intensas.<\/li>\n<li>Dise\u00f1ada para un rendimiento duradero, esta barra de dominadas est\u00e1 fabricada para soportar un uso intensivo.<\/li>\n<\/ul>\n<\/li>\n<li><strong>Seis juegos de pinzas:<\/strong>\n<ul>\n<li>Garantiza que todos los componentes est\u00e9n bien sujetos y estables, proporcionando la m\u00e1xima seguridad durante tu entrenamiento.<\/li>\n<li>F\u00e1cil de montar con un r\u00e1pido proceso de configuraci\u00f3n para un uso sin complicaciones.<\/li>\n<\/ul>\n<\/li>\n<li><strong>Construcci\u00f3n duradera:<\/strong>\n<ul>\n<li>Construida con materiales de alta calidad, esta barra de dominadas est\u00e1 dise\u00f1ada para resistir el uso en exteriores e interiores.<\/li>\n<li>El acabado resistente al \u00f3xido garantiza su durabilidad en todos los entornos, por lo que es perfecto para parques de fitness, gimnasios dom\u00e9sticos y mucho m\u00e1s.<\/li>\n<\/ul>\n<\/li>\n<li><strong>Vers\u00e1til para una amplia gama de ejercicios:<\/strong>\n<ul>\n<li>Adem\u00e1s de las dominadas, esta configuraci\u00f3n admite una gran variedad de ejercicios calist\u00e9nicos, como las dominadas, las elevaciones de piernas colgantes y las presas est\u00e1ticas, proporcionando una experiencia de entrenamiento completa.<\/li>\n<li>Su dise\u00f1o compacto la hace perfecta para espacios peque\u00f1os sin sacrificar su funcionalidad.<\/li>\n<\/ul>\n<\/li>\n<\/ul>\n","protected":false},"excerpt":{"rendered":"<p>La barra de tracci\u00f3n triangular BarManiaPro\u00ae es una estaci\u00f3n de entrenamiento elegante y robusta dise\u00f1ada para elevar tu entrenamiento de calistenia. Con un armaz\u00f3n triangular \u00fanico, esta configuraci\u00f3n incluye tres fuertes columnas y tres barras transversales de 1450 mm con un di\u00e1metro de 33,7 mm, perfectas para una gran variedad de ejercicios de la parte superior del cuerpo. <\/p>\n<p>Tanto si realizas dominadas tradicionales, dominadas, muscle-ups u otros ejercicios con el peso del cuerpo, esta vers\u00e1til barra de dominadas ofrece una estabilidad, durabilidad y rendimiento excepcionales para atletas de todos los niveles.<\/p>\n","protected":false},"featured_media":12501,"comment_status":"open","ping_status":"closed","template":"","meta":{"_acf_changed":false,"inline_featured_image":false},"product_brand":[],"product_cat":[610],"product_tag":[611],"class_list":{"0":"post-27147","1":"product","2":"type-product","3":"status-publish","4":"has-post-thumbnail","6":"product_cat-calistenia-es","7":"product_tag-calistenia","9":"first","10":"instock","11":"taxable","12":"shipping-taxable","13":"product-type-simple"},"acf":[],"yoast_head":"<!-- This site is optimized with the Yoast SEO plugin v26.2 - https:\/\/yoast.com\/wordpress\/plugins\/seo\/ -->\n<title>Barras de dominadas triangulares - BarManiaPro<\/title>\n<meta name=\"robots\" content=\"index, follow, max-snippet:-1, max-image-preview:large, max-video-preview:-1\" \/>\n<link rel=\"canonical\" href=\"https:\/\/barmaniapro.com\/es\/producto\/barras-de-dominadas-triangulares\/\" \/>\n<meta property=\"og:locale\" content=\"es_ES\" \/>\n<meta property=\"og:type\" content=\"article\" \/>\n<meta property=\"og:title\" content=\"Barras de dominadas triangulares - BarManiaPro\" \/>\n<meta property=\"og:description\" content=\"La barra de tracci\u00f3n triangular BarManiaPro\u00ae es una estaci\u00f3n de entrenamiento elegante y robusta dise\u00f1ada para elevar tu entrenamiento de calistenia. Con un armaz\u00f3n triangular \u00fanico, esta configuraci\u00f3n incluye tres fuertes columnas y tres barras transversales de 1450 mm con un di\u00e1metro de 33,7 mm, perfectas para una gran variedad de ejercicios de la parte superior del cuerpo.  Tanto si realizas dominadas tradicionales, dominadas, muscle-ups u otros ejercicios con el peso del cuerpo, esta vers\u00e1til barra de dominadas ofrece una estabilidad, durabilidad y rendimiento excepcionales para atletas de todos los niveles.\" \/>\n<meta property=\"og:url\" content=\"https:\/\/barmaniapro.com\/es\/producto\/barras-de-dominadas-triangulares\/\" \/>\n<meta property=\"og:site_name\" content=\"BarManiaPro\" \/>\n<meta property=\"article:publisher\" content=\"https:\/\/www.facebook.com\/BarManiaPro\/\" \/>\n<meta property=\"og:image\" content=\"https:\/\/barmaniapro.com\/wp-content\/uploads\/2022\/06\/BMP-51014_Triangular-pull-up-bars_classic_1.png\" \/>\n\t<meta property=\"og:image:width\" content=\"1720\" \/>\n\t<meta property=\"og:image:height\" content=\"1720\" \/>\n\t<meta property=\"og:image:type\" content=\"image\/png\" \/>\n<meta name=\"twitter:card\" content=\"summary_large_image\" \/>\n<meta name=\"twitter:label1\" content=\"Tiempo de lectura\" \/>\n\t<meta name=\"twitter:data1\" content=\"2 minuto\" \/>\n<script type=\"application\/ld+json\" class=\"yoast-schema-graph\">{\"@context\":\"https:\/\/schema.org\",\"@graph\":[{\"@type\":\"WebPage\",\"@id\":\"https:\/\/barmaniapro.com\/es\/producto\/barras-de-dominadas-triangulares\/\",\"url\":\"https:\/\/barmaniapro.com\/es\/producto\/barras-de-dominadas-triangulares\/\",\"name\":\"Barras de dominadas triangulares - BarManiaPro\",\"isPartOf\":{\"@id\":\"https:\/\/barmaniapro.com\/es\/#website\"},\"primaryImageOfPage\":{\"@id\":\"https:\/\/barmaniapro.com\/es\/producto\/barras-de-dominadas-triangulares\/#primaryimage\"},\"image\":{\"@id\":\"https:\/\/barmaniapro.com\/es\/producto\/barras-de-dominadas-triangulares\/#primaryimage\"},\"thumbnailUrl\":\"https:\/\/barmaniapro.com\/wp-content\/uploads\/2022\/06\/BMP-51014_Triangular-pull-up-bars_classic_1.png\",\"datePublished\":\"2022-06-14T13:14:15+00:00\",\"breadcrumb\":{\"@id\":\"https:\/\/barmaniapro.com\/es\/producto\/barras-de-dominadas-triangulares\/#breadcrumb\"},\"inLanguage\":\"es\",\"potentialAction\":[{\"@type\":\"ReadAction\",\"target\":[\"https:\/\/barmaniapro.com\/es\/producto\/barras-de-dominadas-triangulares\/\"]}]},{\"@type\":\"ImageObject\",\"inLanguage\":\"es\",\"@id\":\"https:\/\/barmaniapro.com\/es\/producto\/barras-de-dominadas-triangulares\/#primaryimage\",\"url\":\"https:\/\/barmaniapro.com\/wp-content\/uploads\/2022\/06\/BMP-51014_Triangular-pull-up-bars_classic_1.png\",\"contentUrl\":\"https:\/\/barmaniapro.com\/wp-content\/uploads\/2022\/06\/BMP-51014_Triangular-pull-up-bars_classic_1.png\",\"width\":1720,\"height\":1720},{\"@type\":\"BreadcrumbList\",\"@id\":\"https:\/\/barmaniapro.com\/es\/producto\/barras-de-dominadas-triangulares\/#breadcrumb\",\"itemListElement\":[{\"@type\":\"ListItem\",\"position\":1,\"name\":\"Tienda\",\"item\":\"https:\/\/barmaniapro.com\/es\/tienda\/\"},{\"@type\":\"ListItem\",\"position\":2,\"name\":\"Barras de dominadas triangulares\"}]},{\"@type\":\"WebSite\",\"@id\":\"https:\/\/barmaniapro.com\/es\/#website\",\"url\":\"https:\/\/barmaniapro.com\/es\/\",\"name\":\"BarManiaPro\",\"description\":\"Manufacturer of Calisthenics equipment\",\"potentialAction\":[{\"@type\":\"SearchAction\",\"target\":{\"@type\":\"EntryPoint\",\"urlTemplate\":\"https:\/\/barmaniapro.com\/es\/?s={search_term_string}\"},\"query-input\":{\"@type\":\"PropertyValueSpecification\",\"valueRequired\":true,\"valueName\":\"search_term_string\"}}],\"inLanguage\":\"es\"}]}<\/script>\n<!-- \/ Yoast SEO plugin. -->","yoast_head_json":{"title":"Barras de dominadas triangulares - BarManiaPro","robots":{"index":"index","follow":"follow","max-snippet":"max-snippet:-1","max-image-preview":"max-image-preview:large","max-video-preview":"max-video-preview:-1"},"canonical":"https:\/\/barmaniapro.com\/es\/producto\/barras-de-dominadas-triangulares\/","og_locale":"es_ES","og_type":"article","og_title":"Barras de dominadas triangulares - BarManiaPro","og_description":"La barra de tracci\u00f3n triangular BarManiaPro\u00ae es una estaci\u00f3n de entrenamiento elegante y robusta dise\u00f1ada para elevar tu entrenamiento de calistenia. Con un armaz\u00f3n triangular \u00fanico, esta configuraci\u00f3n incluye tres fuertes columnas y tres barras transversales de 1450 mm con un di\u00e1metro de 33,7 mm, perfectas para una gran variedad de ejercicios de la parte superior del cuerpo.  Tanto si realizas dominadas tradicionales, dominadas, muscle-ups u otros ejercicios con el peso del cuerpo, esta vers\u00e1til barra de dominadas ofrece una estabilidad, durabilidad y rendimiento excepcionales para atletas de todos los niveles.","og_url":"https:\/\/barmaniapro.com\/es\/producto\/barras-de-dominadas-triangulares\/","og_site_name":"BarManiaPro","article_publisher":"https:\/\/www.facebook.com\/BarManiaPro\/","og_image":[{"width":1720,"height":1720,"url":"https:\/\/barmaniapro.com\/wp-content\/uploads\/2022\/06\/BMP-51014_Triangular-pull-up-bars_classic_1.png","type":"image\/png"}],"twitter_card":"summary_large_image","twitter_misc":{"Tiempo de lectura":"2 minuto"},"schema":{"@context":"https:\/\/schema.org","@graph":[{"@type":"WebPage","@id":"https:\/\/barmaniapro.com\/es\/producto\/barras-de-dominadas-triangulares\/","url":"https:\/\/barmaniapro.com\/es\/producto\/barras-de-dominadas-triangulares\/","name":"Barras de dominadas triangulares - BarManiaPro","isPartOf":{"@id":"https:\/\/barmaniapro.com\/es\/#website"},"primaryImageOfPage":{"@id":"https:\/\/barmaniapro.com\/es\/producto\/barras-de-dominadas-triangulares\/#primaryimage"},"image":{"@id":"https:\/\/barmaniapro.com\/es\/producto\/barras-de-dominadas-triangulares\/#primaryimage"},"thumbnailUrl":"https:\/\/barmaniapro.com\/wp-content\/uploads\/2022\/06\/BMP-51014_Triangular-pull-up-bars_classic_1.png","datePublished":"2022-06-14T13:14:15+00:00","breadcrumb":{"@id":"https:\/\/barmaniapro.com\/es\/producto\/barras-de-dominadas-triangulares\/#breadcrumb"},"inLanguage":"es","potentialAction":[{"@type":"ReadAction","target":["https:\/\/barmaniapro.com\/es\/producto\/barras-de-dominadas-triangulares\/"]}]},{"@type":"ImageObject","inLanguage":"es","@id":"https:\/\/barmaniapro.com\/es\/producto\/barras-de-dominadas-triangulares\/#primaryimage","url":"https:\/\/barmaniapro.com\/wp-content\/uploads\/2022\/06\/BMP-51014_Triangular-pull-up-bars_classic_1.png","contentUrl":"https:\/\/barmaniapro.com\/wp-content\/uploads\/2022\/06\/BMP-51014_Triangular-pull-up-bars_classic_1.png","width":1720,"height":1720},{"@type":"BreadcrumbList","@id":"https:\/\/barmaniapro.com\/es\/producto\/barras-de-dominadas-triangulares\/#breadcrumb","itemListElement":[{"@type":"ListItem","position":1,"name":"Tienda","item":"https:\/\/barmaniapro.com\/es\/tienda\/"},{"@type":"ListItem","position":2,"name":"Barras de dominadas triangulares"}]},{"@type":"WebSite","@id":"https:\/\/barmaniapro.com\/es\/#website","url":"https:\/\/barmaniapro.com\/es\/","name":"BarManiaPro","description":"Manufacturer of Calisthenics equipment","potentialAction":[{"@type":"SearchAction","target":{"@type":"EntryPoint","urlTemplate":"https:\/\/barmaniapro.com\/es\/?s={search_term_string}"},"query-input":{"@type":"PropertyValueSpecification","valueRequired":true,"valueName":"search_term_string"}}],"inLanguage":"es"}]}},"_links":{"self":[{"href":"https:\/\/barmaniapro.com\/es\/wp-json\/wp\/v2\/product\/27147","targetHints":{"allow":["GET"]}}],"collection":[{"href":"https:\/\/barmaniapro.com\/es\/wp-json\/wp\/v2\/product"}],"about":[{"href":"https:\/\/barmaniapro.com\/es\/wp-json\/wp\/v2\/types\/product"}],"replies":[{"embeddable":true,"href":"https:\/\/barmaniapro.com\/es\/wp-json\/wp\/v2\/comments?post=27147"}],"wp:featuredmedia":[{"embeddable":true,"href":"https:\/\/barmaniapro.com\/es\/wp-json\/wp\/v2\/media\/12501"}],"wp:attachment":[{"href":"https:\/\/barmaniapro.com\/es\/wp-json\/wp\/v2\/media?parent=27147"}],"wp:term":[{"taxonomy":"product_brand","embeddable":true,"href":"https:\/\/barmaniapro.com\/es\/wp-json\/wp\/v2\/product_brand?post=27147"},{"taxonomy":"product_cat","embeddable":true,"href":"https:\/\/barmaniapro.com\/es\/wp-json\/wp\/v2\/product_cat?post=27147"},{"taxonomy":"product_tag","embeddable":true,"href":"https:\/\/barmaniapro.com\/es\/wp-json\/wp\/v2\/product_tag?post=27147"}],"curies":[{"name":"wp","href":"https:\/\/api.w.org\/{rel}","templated":true}]}}