{"id":27144,"date":"2022-06-14T15:14:15","date_gmt":"2022-06-14T13:14:15","guid":{"rendered":"https:\/\/barmaniapro.com\/product\/doble-rocodromo\/"},"modified":"2022-06-14T15:14:15","modified_gmt":"2022-06-14T13:14:15","slug":"doble-rocodromo","status":"publish","type":"product","link":"https:\/\/barmaniapro.com\/es\/producto\/doble-rocodromo\/","title":{"rendered":"Doble roc\u00f3dromo"},"content":{"rendered":"<article class=\"w-full text-token-text-primary focus-visible:outline-2 focus-visible:outline-offset-[-4px]\" dir=\"auto\" data-testid=\"conversation-turn-23\" data-scroll-anchor=\"true\">\n<div class=\"m-auto text-base py-[18px] px-6\">\n<div class=\"mx-auto flex flex-1 text-base gap-4 md:gap-5 lg:gap-6 md:max-w-3xl\">\n<div class=\"group\/conversation-turn relative flex w-full min-w-0 flex-col agent-turn @xs\/thread:px-0 @sm\/thread:px-1.5 @md\/thread:px-4\">\n<div class=\"flex-col gap-1 md:gap-3\">\n<div class=\"flex max-w-full flex-col flex-grow\">\n<div class=\"min-h-8 text-message relative flex w-full flex-col items-end gap-2 whitespace-normal break-words text-start [.text-message+&amp;]:mt-5\" dir=\"auto\" data-message-author-role=\"assistant\" data-message-id=\"660aa059-603a-4a47-86b9-f0f4a5abca2d\" data-message-model-slug=\"gpt-4o-mini\">\n<div class=\"flex w-full flex-col gap-1 empty:hidden first:pt-[3px]\">\n<div class=\"markdown prose w-full break-words dark:prose-invert light\">\n<h5 data-start=\"633\" data-end=\"646\">Caracter\u00edsticas:<\/h5>\n<ul data-start=\"647\" data-end=\"1954\">\n<li data-start=\"647\" data-end=\"943\"><strong data-start=\"649\" data-end=\"697\">Tres columnas de 3400 mm + Cuatro columnas de 1100 mm<\/strong>: Las s\u00f3lidas columnas de alta calidad garantizan la estabilidad y resistencia del roc\u00f3dromo. La combinaci\u00f3n de columnas m\u00e1s altas y m\u00e1s cortas crea una estructura vers\u00e1til que admite una serie de movimientos y proporciona una inclinaci\u00f3n desafiante para los escaladores. <\/li>\n<li data-start=\"944\" data-end=\"1134\"><strong data-start=\"946\" data-end=\"966\">Dos marcos de acero<\/strong>: Construidos con acero resistente y duradero, los bastidores ofrecen el m\u00e1ximo soporte y resistencia, garantizando que el roc\u00f3dromo resista un uso intensivo en entornos muy transitados.<\/li>\n<li data-start=\"1135\" data-end=\"1433\"><strong data-start=\"1137\" data-end=\"1189\">Dos placas Trespa (2796 mm x 1992 mm, 6 mm de grosor)<\/strong>: Cada placa Trespa est\u00e1 dise\u00f1ada para durar, proporcionando una superficie de escalada lisa y estable. Las placas de 6 mm de grosor aseguran longevidad y resistencia al desgaste, mientras que su construcci\u00f3n de alta calidad garantiza una experiencia de escalada segura y fiable. <\/li>\n<li data-start=\"1434\" data-end=\"1735\"><strong data-start=\"1436\" data-end=\"1476\">Dos Cuerdas de Escalada H\u00e9rcules (320 cm)<\/strong>: Cada cuerda H\u00e9rcules a\u00f1ade una capa adicional de desaf\u00edo, perfecta para fortalecer el agarre, mejorar la resistencia de la parte superior del cuerpo y perfeccionar las t\u00e9cnicas generales de escalada. Estas resistentes cuerdas son ideales para la escalada din\u00e1mica y otros ejercicios de fitness. <\/li>\n<li data-start=\"1736\" data-end=\"1954\"><strong data-start=\"1738\" data-end=\"1762\">Dise\u00f1o de escalada doble<\/strong>: Con dos paredes de escalada separadas, esta configuraci\u00f3n permite que varios escaladores entrenen simult\u00e1neamente, lo que la hace perfecta para entrenamientos en grupo, retos de fitness y competiciones de carreras de obst\u00e1culos.<\/li>\n<\/ul>\n<h5 data-start=\"1956\" data-end=\"1984\">Ideal para espacios p\u00fablicos:<\/h5>\n<ul data-start=\"1985\" data-end=\"3216\">\n<li data-start=\"1985\" data-end=\"2232\"><strong data-start=\"1987\" data-end=\"2018\">Mayor fuerza y agilidad<\/strong>: El <strong data-start=\"2024\" data-end=\"2060\">roc\u00f3dromo doble barManiaPro<\/strong> estimula la fuerza de todo el cuerpo, haciendo trabajar los brazos, los hombros, el tronco y las piernas. El desaf\u00edo a\u00f1adido de la escalada estimula la resistencia de la parte superior del cuerpo, la fuerza de agarre y la coordinaci\u00f3n. <\/li>\n<li data-start=\"2233\" data-end=\"2487\"><strong data-start=\"2235\" data-end=\"2261\">Apto para entrenamiento en grupo<\/strong>: Con dos roc\u00f3dromos, este montaje permite una experiencia de entrenamiento m\u00e1s atractiva e interactiva. Es perfecto para entrenamientos en grupo, clases de fitness o retos en equipo, por lo que resulta ideal para parques, gimnasios y espacios comunitarios. <\/li>\n<li data-start=\"2488\" data-end=\"2715\"><strong data-start=\"2490\" data-end=\"2521\">Resistente a la intemperie y duradero<\/strong>: Construidas para entornos exteriores, las estructuras de acero y las placas Trespa est\u00e1n dise\u00f1adas para resistir los elementos, garantizando que la pared permanezca en excelentes condiciones todo el a\u00f1o con un mantenimiento m\u00ednimo.<\/li>\n<li data-start=\"2716\" data-end=\"2984\"><strong data-start=\"2718\" data-end=\"2739\">Divertido y competitivo<\/strong>: El dise\u00f1o de doble pared fomenta la competici\u00f3n amistosa, lo que lo convierte en un complemento emocionante para cualquier espacio de fitness. Tanto si se utiliza para entrenamiento personal como para retos en grupo, este roc\u00f3dromo fomenta la motivaci\u00f3n, el desarrollo de habilidades y la mejora de la forma f\u00edsica. <\/li>\n<li data-start=\"2985\" data-end=\"3216\"><strong data-start=\"2987\" data-end=\"3006\">Bajo mantenimiento<\/strong>: Construido con materiales de alta calidad y resistentes a la intemperie, el <strong data-start=\"3072\" data-end=\"3108\">roc\u00f3dromo doble barManiaPro<\/strong> es f\u00e1cil de mantener, lo que garantiza su seguridad, funcionalidad y atractivo visual incluso en zonas muy transitadas.<\/li>\n<\/ul>\n<p data-start=\"3218\" data-end=\"3603\" data-is-last-node=\"\" data-is-only-node=\"\">Transforma tu gimnasio o espacio al aire libre con el <strong data-start=\"3276\" data-end=\"3312\">Roc\u00f3dromo Doble barManiaPro<\/strong>. Con sus desafiantes superficies dobles, su construcci\u00f3n duradera y sus atractivas caracter\u00edsticas, proporciona una forma \u00fanica y divertida de desarrollar fuerza, resistencia y habilidades de escalada. Perfecto para individuos, grupos o competiciones de fitness, este muro ofrece un sinf\u00edn de oportunidades para deportistas de todos los niveles.  <\/p>\n<\/div>\n<\/div>\n<\/div>\n<\/div>\n<div class=\"mb-2 flex gap-3 empty:hidden -ml-2\">\n<div class=\"items-center justify-start rounded-xl p-1 flex\">\n<div class=\"flex items-center\"><\/div>\n<\/div>\n<\/div>\n<div class=\"mt-3 w-full empty:hidden\">\n<div class=\"text-center\"><\/div>\n<\/div>\n<\/div>\n<div class=\"absolute\">\n<div class=\"flex items-center justify-center\"><\/div>\n<\/div>\n<\/div>\n<\/div>\n<\/div>\n<\/article>\n<div class=\"pointer-events-none h-px w-px\" aria-hidden=\"true\" data-edge=\"true\"><\/div>\n","protected":false},"excerpt":{"rendered":"<p>Lleva tus entrenamientos de fitness y carreras de obst\u00e1culos al siguiente nivel con el Muro de Escalada Doble barManiaPro, un desaf\u00edo de escalada doble dise\u00f1ado para elevar tu fuerza, resistencia y agilidad.<\/p>\n<p>Perfecto para parques p\u00fablicos, gimnasios, carreras de obst\u00e1culos o \u00e1reas de fitness comunitarias, este muro cuenta con dos superficies de escalada duraderas, proporcionando m\u00e1s oportunidades para entrenamientos simult\u00e1neos y en grupo.<\/p>\n<p>Con una robusta estructura de acero, placas Trespa de alta calidad y dos cuerdas de escalada H\u00e9rcules, est\u00e1 construido para resistir y ofrecer una experiencia de fitness divertida y competitiva para usuarios de todos los niveles de habilidad.<\/p>\n","protected":false},"featured_media":12610,"comment_status":"open","ping_status":"closed","template":"","meta":{"_acf_changed":false,"inline_featured_image":false},"product_brand":[],"product_cat":[613],"product_tag":[615],"class_list":{"0":"post-27144","1":"product","2":"type-product","3":"status-publish","4":"has-post-thumbnail","6":"product_cat-bootcamp-es","7":"product_tag-bootcamp-es","9":"first","10":"instock","11":"taxable","12":"shipping-taxable","13":"product-type-simple"},"acf":[],"yoast_head":"<!-- This site is optimized with the Yoast SEO plugin v26.2 - https:\/\/yoast.com\/wordpress\/plugins\/seo\/ -->\n<title>Doble roc\u00f3dromo - BarManiaPro<\/title>\n<meta name=\"robots\" content=\"index, follow, max-snippet:-1, max-image-preview:large, max-video-preview:-1\" \/>\n<link rel=\"canonical\" href=\"https:\/\/barmaniapro.com\/es\/producto\/doble-rocodromo\/\" \/>\n<meta property=\"og:locale\" content=\"es_ES\" \/>\n<meta property=\"og:type\" content=\"article\" \/>\n<meta property=\"og:title\" content=\"Doble roc\u00f3dromo - BarManiaPro\" \/>\n<meta property=\"og:description\" content=\"Lleva tus entrenamientos de fitness y carreras de obst\u00e1culos al siguiente nivel con el Muro de Escalada Doble barManiaPro, un desaf\u00edo de escalada doble dise\u00f1ado para elevar tu fuerza, resistencia y agilidad. Perfecto para parques p\u00fablicos, gimnasios, carreras de obst\u00e1culos o \u00e1reas de fitness comunitarias, este muro cuenta con dos superficies de escalada duraderas, proporcionando m\u00e1s oportunidades para entrenamientos simult\u00e1neos y en grupo. Con una robusta estructura de acero, placas Trespa de alta calidad y dos cuerdas de escalada H\u00e9rcules, est\u00e1 construido para resistir y ofrecer una experiencia de fitness divertida y competitiva para usuarios de todos los niveles de habilidad.\" \/>\n<meta property=\"og:url\" content=\"https:\/\/barmaniapro.com\/es\/producto\/doble-rocodromo\/\" \/>\n<meta property=\"og:site_name\" content=\"BarManiaPro\" \/>\n<meta property=\"article:publisher\" content=\"https:\/\/www.facebook.com\/BarManiaPro\/\" \/>\n<meta property=\"og:image\" content=\"https:\/\/barmaniapro.com\/wp-content\/uploads\/2022\/06\/BMP-61010_Double-climbing-wall-inclined-V1_classic_1.png\" \/>\n\t<meta property=\"og:image:width\" content=\"1770\" \/>\n\t<meta property=\"og:image:height\" content=\"1770\" \/>\n\t<meta property=\"og:image:type\" content=\"image\/png\" \/>\n<meta name=\"twitter:card\" content=\"summary_large_image\" \/>\n<meta name=\"twitter:label1\" content=\"Tiempo de lectura\" \/>\n\t<meta name=\"twitter:data1\" content=\"3 minuto\" \/>\n<script type=\"application\/ld+json\" class=\"yoast-schema-graph\">{\"@context\":\"https:\/\/schema.org\",\"@graph\":[{\"@type\":\"WebPage\",\"@id\":\"https:\/\/barmaniapro.com\/es\/producto\/doble-rocodromo\/\",\"url\":\"https:\/\/barmaniapro.com\/es\/producto\/doble-rocodromo\/\",\"name\":\"Doble roc\u00f3dromo - BarManiaPro\",\"isPartOf\":{\"@id\":\"https:\/\/barmaniapro.com\/es\/#website\"},\"primaryImageOfPage\":{\"@id\":\"https:\/\/barmaniapro.com\/es\/producto\/doble-rocodromo\/#primaryimage\"},\"image\":{\"@id\":\"https:\/\/barmaniapro.com\/es\/producto\/doble-rocodromo\/#primaryimage\"},\"thumbnailUrl\":\"https:\/\/barmaniapro.com\/wp-content\/uploads\/2022\/06\/BMP-61010_Double-climbing-wall-inclined-V1_classic_1.png\",\"datePublished\":\"2022-06-14T13:14:15+00:00\",\"breadcrumb\":{\"@id\":\"https:\/\/barmaniapro.com\/es\/producto\/doble-rocodromo\/#breadcrumb\"},\"inLanguage\":\"es\",\"potentialAction\":[{\"@type\":\"ReadAction\",\"target\":[\"https:\/\/barmaniapro.com\/es\/producto\/doble-rocodromo\/\"]}]},{\"@type\":\"ImageObject\",\"inLanguage\":\"es\",\"@id\":\"https:\/\/barmaniapro.com\/es\/producto\/doble-rocodromo\/#primaryimage\",\"url\":\"https:\/\/barmaniapro.com\/wp-content\/uploads\/2022\/06\/BMP-61010_Double-climbing-wall-inclined-V1_classic_1.png\",\"contentUrl\":\"https:\/\/barmaniapro.com\/wp-content\/uploads\/2022\/06\/BMP-61010_Double-climbing-wall-inclined-V1_classic_1.png\",\"width\":1770,\"height\":1770},{\"@type\":\"BreadcrumbList\",\"@id\":\"https:\/\/barmaniapro.com\/es\/producto\/doble-rocodromo\/#breadcrumb\",\"itemListElement\":[{\"@type\":\"ListItem\",\"position\":1,\"name\":\"Tienda\",\"item\":\"https:\/\/barmaniapro.com\/es\/tienda\/\"},{\"@type\":\"ListItem\",\"position\":2,\"name\":\"Doble roc\u00f3dromo\"}]},{\"@type\":\"WebSite\",\"@id\":\"https:\/\/barmaniapro.com\/es\/#website\",\"url\":\"https:\/\/barmaniapro.com\/es\/\",\"name\":\"BarManiaPro\",\"description\":\"Manufacturer of Calisthenics equipment\",\"potentialAction\":[{\"@type\":\"SearchAction\",\"target\":{\"@type\":\"EntryPoint\",\"urlTemplate\":\"https:\/\/barmaniapro.com\/es\/?s={search_term_string}\"},\"query-input\":{\"@type\":\"PropertyValueSpecification\",\"valueRequired\":true,\"valueName\":\"search_term_string\"}}],\"inLanguage\":\"es\"}]}<\/script>\n<!-- \/ Yoast SEO plugin. -->","yoast_head_json":{"title":"Doble roc\u00f3dromo - BarManiaPro","robots":{"index":"index","follow":"follow","max-snippet":"max-snippet:-1","max-image-preview":"max-image-preview:large","max-video-preview":"max-video-preview:-1"},"canonical":"https:\/\/barmaniapro.com\/es\/producto\/doble-rocodromo\/","og_locale":"es_ES","og_type":"article","og_title":"Doble roc\u00f3dromo - BarManiaPro","og_description":"Lleva tus entrenamientos de fitness y carreras de obst\u00e1culos al siguiente nivel con el Muro de Escalada Doble barManiaPro, un desaf\u00edo de escalada doble dise\u00f1ado para elevar tu fuerza, resistencia y agilidad. Perfecto para parques p\u00fablicos, gimnasios, carreras de obst\u00e1culos o \u00e1reas de fitness comunitarias, este muro cuenta con dos superficies de escalada duraderas, proporcionando m\u00e1s oportunidades para entrenamientos simult\u00e1neos y en grupo. Con una robusta estructura de acero, placas Trespa de alta calidad y dos cuerdas de escalada H\u00e9rcules, est\u00e1 construido para resistir y ofrecer una experiencia de fitness divertida y competitiva para usuarios de todos los niveles de habilidad.","og_url":"https:\/\/barmaniapro.com\/es\/producto\/doble-rocodromo\/","og_site_name":"BarManiaPro","article_publisher":"https:\/\/www.facebook.com\/BarManiaPro\/","og_image":[{"width":1770,"height":1770,"url":"https:\/\/barmaniapro.com\/wp-content\/uploads\/2022\/06\/BMP-61010_Double-climbing-wall-inclined-V1_classic_1.png","type":"image\/png"}],"twitter_card":"summary_large_image","twitter_misc":{"Tiempo de lectura":"3 minuto"},"schema":{"@context":"https:\/\/schema.org","@graph":[{"@type":"WebPage","@id":"https:\/\/barmaniapro.com\/es\/producto\/doble-rocodromo\/","url":"https:\/\/barmaniapro.com\/es\/producto\/doble-rocodromo\/","name":"Doble roc\u00f3dromo - BarManiaPro","isPartOf":{"@id":"https:\/\/barmaniapro.com\/es\/#website"},"primaryImageOfPage":{"@id":"https:\/\/barmaniapro.com\/es\/producto\/doble-rocodromo\/#primaryimage"},"image":{"@id":"https:\/\/barmaniapro.com\/es\/producto\/doble-rocodromo\/#primaryimage"},"thumbnailUrl":"https:\/\/barmaniapro.com\/wp-content\/uploads\/2022\/06\/BMP-61010_Double-climbing-wall-inclined-V1_classic_1.png","datePublished":"2022-06-14T13:14:15+00:00","breadcrumb":{"@id":"https:\/\/barmaniapro.com\/es\/producto\/doble-rocodromo\/#breadcrumb"},"inLanguage":"es","potentialAction":[{"@type":"ReadAction","target":["https:\/\/barmaniapro.com\/es\/producto\/doble-rocodromo\/"]}]},{"@type":"ImageObject","inLanguage":"es","@id":"https:\/\/barmaniapro.com\/es\/producto\/doble-rocodromo\/#primaryimage","url":"https:\/\/barmaniapro.com\/wp-content\/uploads\/2022\/06\/BMP-61010_Double-climbing-wall-inclined-V1_classic_1.png","contentUrl":"https:\/\/barmaniapro.com\/wp-content\/uploads\/2022\/06\/BMP-61010_Double-climbing-wall-inclined-V1_classic_1.png","width":1770,"height":1770},{"@type":"BreadcrumbList","@id":"https:\/\/barmaniapro.com\/es\/producto\/doble-rocodromo\/#breadcrumb","itemListElement":[{"@type":"ListItem","position":1,"name":"Tienda","item":"https:\/\/barmaniapro.com\/es\/tienda\/"},{"@type":"ListItem","position":2,"name":"Doble roc\u00f3dromo"}]},{"@type":"WebSite","@id":"https:\/\/barmaniapro.com\/es\/#website","url":"https:\/\/barmaniapro.com\/es\/","name":"BarManiaPro","description":"Manufacturer of Calisthenics equipment","potentialAction":[{"@type":"SearchAction","target":{"@type":"EntryPoint","urlTemplate":"https:\/\/barmaniapro.com\/es\/?s={search_term_string}"},"query-input":{"@type":"PropertyValueSpecification","valueRequired":true,"valueName":"search_term_string"}}],"inLanguage":"es"}]}},"_links":{"self":[{"href":"https:\/\/barmaniapro.com\/es\/wp-json\/wp\/v2\/product\/27144","targetHints":{"allow":["GET"]}}],"collection":[{"href":"https:\/\/barmaniapro.com\/es\/wp-json\/wp\/v2\/product"}],"about":[{"href":"https:\/\/barmaniapro.com\/es\/wp-json\/wp\/v2\/types\/product"}],"replies":[{"embeddable":true,"href":"https:\/\/barmaniapro.com\/es\/wp-json\/wp\/v2\/comments?post=27144"}],"wp:featuredmedia":[{"embeddable":true,"href":"https:\/\/barmaniapro.com\/es\/wp-json\/wp\/v2\/media\/12610"}],"wp:attachment":[{"href":"https:\/\/barmaniapro.com\/es\/wp-json\/wp\/v2\/media?parent=27144"}],"wp:term":[{"taxonomy":"product_brand","embeddable":true,"href":"https:\/\/barmaniapro.com\/es\/wp-json\/wp\/v2\/product_brand?post=27144"},{"taxonomy":"product_cat","embeddable":true,"href":"https:\/\/barmaniapro.com\/es\/wp-json\/wp\/v2\/product_cat?post=27144"},{"taxonomy":"product_tag","embeddable":true,"href":"https:\/\/barmaniapro.com\/es\/wp-json\/wp\/v2\/product_tag?post=27144"}],"curies":[{"name":"wp","href":"https:\/\/api.w.org\/{rel}","templated":true}]}}