{"id":27143,"date":"2022-06-14T15:14:15","date_gmt":"2022-06-14T13:14:15","guid":{"rendered":"https:\/\/barmaniapro.com\/product\/anillas-de-gimnasia\/"},"modified":"2022-06-14T15:14:15","modified_gmt":"2022-06-14T13:14:15","slug":"anillas-de-gimnasia","status":"publish","type":"product","link":"https:\/\/barmaniapro.com\/es\/producto\/anillas-de-gimnasia\/","title":{"rendered":"Anillas de gimnasia"},"content":{"rendered":"<h5 data-start=\"476\" data-end=\"489\">Caracter\u00edsticas:<\/h5>\n<ul data-start=\"490\" data-end=\"1524\">\n<li data-start=\"490\" data-end=\"673\"><strong data-start=\"492\" data-end=\"520\">Dise\u00f1o robusto y fiable<\/strong>: Compuesto por dos robustas columnas de 4400 mm de altura cada una y un travesa\u00f1o de 1900 mm de ancho, que garantizan estabilidad y durabilidad incluso durante los entrenamientos m\u00e1s intensos.<\/li>\n<li data-start=\"674\" data-end=\"946\"><strong data-start=\"676\" data-end=\"700\">Construcci\u00f3n de primera calidad<\/strong>: Las anillas se fijan mediante cadenas de acero inoxidable de alta resistencia, que ofrecen una durabilidad y una resistencia al desgaste excepcionales. Las propias anillas est\u00e1n fabricadas con <strong data-start=\"860\" data-end=\"890\">polipropileno de alta calidad<\/strong>, que proporciona un agarre c\u00f3modo y seguro para todos los usuarios. <\/li>\n<li data-start=\"947\" data-end=\"1136\"><strong data-start=\"949\" data-end=\"970\">Altura ajustable<\/strong>: Las anillas de gimnasia se pueden ajustar f\u00e1cilmente para adaptarse a diversos niveles de habilidad y tipos de ejercicio, ya sea que est\u00e9s haciendo dominadas, fondos o movimientos espec\u00edficos con anillas.<\/li>\n<li data-start=\"1137\" data-end=\"1312\"><strong data-start=\"1139\" data-end=\"1157\">Elegante y moderno<\/strong>: El dise\u00f1o minimalista se integra a la perfecci\u00f3n en cualquier entorno de fitness, mientras que los materiales utilizados garantizan un rendimiento duradero y resistente a la intemperie.<\/li>\n<li data-start=\"1313\" data-end=\"1524\"><strong data-start=\"1315\" data-end=\"1342\">Herramienta de entrenamiento vers\u00e1til<\/strong>: Ideal para mejorar la fuerza de la parte superior del cuerpo, la estabilidad del tronco, la coordinaci\u00f3n y el equilibrio, lo que permite una amplia gama de ejercicios como fondos en anillas, muscle-ups, dominadas, flexiones y m\u00e1s.<\/li>\n<\/ul>\n<h5 data-start=\"1526\" data-end=\"1554\">Ideal para espacios p\u00fablicos:<\/h5>\n<ul data-start=\"1555\" data-end=\"2540\">\n<li data-start=\"1555\" data-end=\"1762\"><strong data-start=\"1557\" data-end=\"1579\">Fitness funcional<\/strong>: Perfectas para mejorar la fuerza, la coordinaci\u00f3n y la movilidad, las <strong data-start=\"1645\" data-end=\"1676\">Anillas Gimn\u00e1sticas barManiaPro<\/strong> proporcionan un entrenamiento atractivo que beneficia tanto a principiantes como a atletas avanzados.<\/li>\n<li data-start=\"1763\" data-end=\"1984\"><strong data-start=\"1765\" data-end=\"1794\">Fomenta los entrenamientos en grupo<\/strong>: El dise\u00f1o permite que varios usuarios entrenen a la vez, lo que lo convierte en una opci\u00f3n ideal para centros comunitarios, parques y gimnasios donde las personas pueden entrenar juntas y desafiarse mutuamente.<\/li>\n<li data-start=\"1985\" data-end=\"2178\"><strong data-start=\"1987\" data-end=\"2026\">Resistente a la intemperie y de bajo mantenimiento<\/strong>: Construido para soportar las duras condiciones exteriores, las cadenas de acero inoxidable y las anillas de polipropileno est\u00e1n dise\u00f1adas para durar y requieren un mantenimiento m\u00ednimo.<\/li>\n<li data-start=\"2179\" data-end=\"2348\"><strong data-start=\"2181\" data-end=\"2213\">Promueve el entrenamiento con el peso corporal<\/strong>: Perfecto para aquellos que buscan dominar ejercicios funcionales con el peso corporal que mejoran la resistencia muscular, la flexibilidad y el estado f\u00edsico general.<\/li>\n<li data-start=\"2349\" data-end=\"2540\"><strong data-start=\"2351\" data-end=\"2369\">Seguro y duradero<\/strong>: La combinaci\u00f3n de materiales de alta calidad y un dise\u00f1o bien pensado garantiza una herramienta de entrenamiento segura, estable y duradera para espacios p\u00fablicos, que promueve el fitness para todas las edades.<\/li>\n<\/ul>\n<p data-start=\"2542\" data-end=\"2811\" data-is-last-node=\"\" data-is-only-node=\"\">Lleva tu entrenamiento f\u00edsico a nuevas cotas con las <strong data-start=\"2592\" data-end=\"2623\">Anillas Gimn\u00e1sticas barManiaPro,<\/strong>la herramienta definitiva para desarrollar fuerza, agilidad y control corporal. Perfectas para cualquier entorno de fitness, estas anillas aportan diversi\u00f3n y entrenamiento eficaz tanto a particulares como a comunidades. <\/p>\n","protected":false},"excerpt":{"rendered":"<p>Libera todo tu potencial con las Anillas Gimn\u00e1sticas BarManiaPro, dise\u00f1adas para llevar el entrenamiento de estilo gimn\u00e1stico a cualquier espacio exterior o interior. Estas anillas de alta calidad ofrecen una experiencia de entrenamiento din\u00e1mica y vers\u00e1til, dirigida a la fuerza, la estabilidad y la movilidad. <\/p>\n<p>Tanto si est\u00e1s perfeccionando tus muscle-ups, flexiones u otros ejercicios con el peso del cuerpo, los Anillos Gimn\u00e1sticos BarManiaPro est\u00e1n fabricados para llevar tu rutina de fitness al siguiente nivel.<\/p>\n","protected":false},"featured_media":12563,"comment_status":"open","ping_status":"closed","template":"","meta":{"_acf_changed":false,"inline_featured_image":false},"product_brand":[],"product_cat":[613,616],"product_tag":[615],"class_list":{"0":"post-27143","1":"product","2":"type-product","3":"status-publish","4":"has-post-thumbnail","6":"product_cat-bootcamp-es","7":"product_cat-entrenamiento-infantil","8":"product_tag-bootcamp-es","10":"first","11":"instock","12":"taxable","13":"shipping-taxable","14":"product-type-simple"},"acf":[],"yoast_head":"<!-- This site is optimized with the Yoast SEO plugin v26.2 - https:\/\/yoast.com\/wordpress\/plugins\/seo\/ -->\n<title>Anillas de gimnasia - BarManiaPro<\/title>\n<meta name=\"robots\" content=\"index, follow, max-snippet:-1, max-image-preview:large, max-video-preview:-1\" \/>\n<link rel=\"canonical\" href=\"https:\/\/barmaniapro.com\/es\/producto\/anillas-de-gimnasia\/\" \/>\n<meta property=\"og:locale\" content=\"es_ES\" \/>\n<meta property=\"og:type\" content=\"article\" \/>\n<meta property=\"og:title\" content=\"Anillas de gimnasia - BarManiaPro\" \/>\n<meta property=\"og:description\" content=\"Libera todo tu potencial con las Anillas Gimn\u00e1sticas BarManiaPro, dise\u00f1adas para llevar el entrenamiento de estilo gimn\u00e1stico a cualquier espacio exterior o interior. Estas anillas de alta calidad ofrecen una experiencia de entrenamiento din\u00e1mica y vers\u00e1til, dirigida a la fuerza, la estabilidad y la movilidad.  Tanto si est\u00e1s perfeccionando tus muscle-ups, flexiones u otros ejercicios con el peso del cuerpo, los Anillos Gimn\u00e1sticos BarManiaPro est\u00e1n fabricados para llevar tu rutina de fitness al siguiente nivel.\" \/>\n<meta property=\"og:url\" content=\"https:\/\/barmaniapro.com\/es\/producto\/anillas-de-gimnasia\/\" \/>\n<meta property=\"og:site_name\" content=\"BarManiaPro\" \/>\n<meta property=\"article:publisher\" content=\"https:\/\/www.facebook.com\/BarManiaPro\/\" \/>\n<meta property=\"og:image\" content=\"https:\/\/barmaniapro.com\/wp-content\/uploads\/2022\/06\/BMP-61004_Gymnastic-rings_classic_1.png\" \/>\n\t<meta property=\"og:image:width\" content=\"1770\" \/>\n\t<meta property=\"og:image:height\" content=\"1770\" \/>\n\t<meta property=\"og:image:type\" content=\"image\/png\" \/>\n<meta name=\"twitter:card\" content=\"summary_large_image\" \/>\n<meta name=\"twitter:label1\" content=\"Tiempo de lectura\" \/>\n\t<meta name=\"twitter:data1\" content=\"2 minuto\" \/>\n<script type=\"application\/ld+json\" class=\"yoast-schema-graph\">{\"@context\":\"https:\/\/schema.org\",\"@graph\":[{\"@type\":\"WebPage\",\"@id\":\"https:\/\/barmaniapro.com\/es\/producto\/anillas-de-gimnasia\/\",\"url\":\"https:\/\/barmaniapro.com\/es\/producto\/anillas-de-gimnasia\/\",\"name\":\"Anillas de gimnasia - BarManiaPro\",\"isPartOf\":{\"@id\":\"https:\/\/barmaniapro.com\/es\/#website\"},\"primaryImageOfPage\":{\"@id\":\"https:\/\/barmaniapro.com\/es\/producto\/anillas-de-gimnasia\/#primaryimage\"},\"image\":{\"@id\":\"https:\/\/barmaniapro.com\/es\/producto\/anillas-de-gimnasia\/#primaryimage\"},\"thumbnailUrl\":\"https:\/\/barmaniapro.com\/wp-content\/uploads\/2022\/06\/BMP-61004_Gymnastic-rings_classic_1.png\",\"datePublished\":\"2022-06-14T13:14:15+00:00\",\"breadcrumb\":{\"@id\":\"https:\/\/barmaniapro.com\/es\/producto\/anillas-de-gimnasia\/#breadcrumb\"},\"inLanguage\":\"es\",\"potentialAction\":[{\"@type\":\"ReadAction\",\"target\":[\"https:\/\/barmaniapro.com\/es\/producto\/anillas-de-gimnasia\/\"]}]},{\"@type\":\"ImageObject\",\"inLanguage\":\"es\",\"@id\":\"https:\/\/barmaniapro.com\/es\/producto\/anillas-de-gimnasia\/#primaryimage\",\"url\":\"https:\/\/barmaniapro.com\/wp-content\/uploads\/2022\/06\/BMP-61004_Gymnastic-rings_classic_1.png\",\"contentUrl\":\"https:\/\/barmaniapro.com\/wp-content\/uploads\/2022\/06\/BMP-61004_Gymnastic-rings_classic_1.png\",\"width\":1770,\"height\":1770},{\"@type\":\"BreadcrumbList\",\"@id\":\"https:\/\/barmaniapro.com\/es\/producto\/anillas-de-gimnasia\/#breadcrumb\",\"itemListElement\":[{\"@type\":\"ListItem\",\"position\":1,\"name\":\"Tienda\",\"item\":\"https:\/\/barmaniapro.com\/es\/tienda\/\"},{\"@type\":\"ListItem\",\"position\":2,\"name\":\"Anillas de gimnasia\"}]},{\"@type\":\"WebSite\",\"@id\":\"https:\/\/barmaniapro.com\/es\/#website\",\"url\":\"https:\/\/barmaniapro.com\/es\/\",\"name\":\"BarManiaPro\",\"description\":\"Manufacturer of Calisthenics equipment\",\"potentialAction\":[{\"@type\":\"SearchAction\",\"target\":{\"@type\":\"EntryPoint\",\"urlTemplate\":\"https:\/\/barmaniapro.com\/es\/?s={search_term_string}\"},\"query-input\":{\"@type\":\"PropertyValueSpecification\",\"valueRequired\":true,\"valueName\":\"search_term_string\"}}],\"inLanguage\":\"es\"}]}<\/script>\n<!-- \/ Yoast SEO plugin. -->","yoast_head_json":{"title":"Anillas de gimnasia - BarManiaPro","robots":{"index":"index","follow":"follow","max-snippet":"max-snippet:-1","max-image-preview":"max-image-preview:large","max-video-preview":"max-video-preview:-1"},"canonical":"https:\/\/barmaniapro.com\/es\/producto\/anillas-de-gimnasia\/","og_locale":"es_ES","og_type":"article","og_title":"Anillas de gimnasia - BarManiaPro","og_description":"Libera todo tu potencial con las Anillas Gimn\u00e1sticas BarManiaPro, dise\u00f1adas para llevar el entrenamiento de estilo gimn\u00e1stico a cualquier espacio exterior o interior. Estas anillas de alta calidad ofrecen una experiencia de entrenamiento din\u00e1mica y vers\u00e1til, dirigida a la fuerza, la estabilidad y la movilidad.  Tanto si est\u00e1s perfeccionando tus muscle-ups, flexiones u otros ejercicios con el peso del cuerpo, los Anillos Gimn\u00e1sticos BarManiaPro est\u00e1n fabricados para llevar tu rutina de fitness al siguiente nivel.","og_url":"https:\/\/barmaniapro.com\/es\/producto\/anillas-de-gimnasia\/","og_site_name":"BarManiaPro","article_publisher":"https:\/\/www.facebook.com\/BarManiaPro\/","og_image":[{"width":1770,"height":1770,"url":"https:\/\/barmaniapro.com\/wp-content\/uploads\/2022\/06\/BMP-61004_Gymnastic-rings_classic_1.png","type":"image\/png"}],"twitter_card":"summary_large_image","twitter_misc":{"Tiempo de lectura":"2 minuto"},"schema":{"@context":"https:\/\/schema.org","@graph":[{"@type":"WebPage","@id":"https:\/\/barmaniapro.com\/es\/producto\/anillas-de-gimnasia\/","url":"https:\/\/barmaniapro.com\/es\/producto\/anillas-de-gimnasia\/","name":"Anillas de gimnasia - BarManiaPro","isPartOf":{"@id":"https:\/\/barmaniapro.com\/es\/#website"},"primaryImageOfPage":{"@id":"https:\/\/barmaniapro.com\/es\/producto\/anillas-de-gimnasia\/#primaryimage"},"image":{"@id":"https:\/\/barmaniapro.com\/es\/producto\/anillas-de-gimnasia\/#primaryimage"},"thumbnailUrl":"https:\/\/barmaniapro.com\/wp-content\/uploads\/2022\/06\/BMP-61004_Gymnastic-rings_classic_1.png","datePublished":"2022-06-14T13:14:15+00:00","breadcrumb":{"@id":"https:\/\/barmaniapro.com\/es\/producto\/anillas-de-gimnasia\/#breadcrumb"},"inLanguage":"es","potentialAction":[{"@type":"ReadAction","target":["https:\/\/barmaniapro.com\/es\/producto\/anillas-de-gimnasia\/"]}]},{"@type":"ImageObject","inLanguage":"es","@id":"https:\/\/barmaniapro.com\/es\/producto\/anillas-de-gimnasia\/#primaryimage","url":"https:\/\/barmaniapro.com\/wp-content\/uploads\/2022\/06\/BMP-61004_Gymnastic-rings_classic_1.png","contentUrl":"https:\/\/barmaniapro.com\/wp-content\/uploads\/2022\/06\/BMP-61004_Gymnastic-rings_classic_1.png","width":1770,"height":1770},{"@type":"BreadcrumbList","@id":"https:\/\/barmaniapro.com\/es\/producto\/anillas-de-gimnasia\/#breadcrumb","itemListElement":[{"@type":"ListItem","position":1,"name":"Tienda","item":"https:\/\/barmaniapro.com\/es\/tienda\/"},{"@type":"ListItem","position":2,"name":"Anillas de gimnasia"}]},{"@type":"WebSite","@id":"https:\/\/barmaniapro.com\/es\/#website","url":"https:\/\/barmaniapro.com\/es\/","name":"BarManiaPro","description":"Manufacturer of Calisthenics equipment","potentialAction":[{"@type":"SearchAction","target":{"@type":"EntryPoint","urlTemplate":"https:\/\/barmaniapro.com\/es\/?s={search_term_string}"},"query-input":{"@type":"PropertyValueSpecification","valueRequired":true,"valueName":"search_term_string"}}],"inLanguage":"es"}]}},"_links":{"self":[{"href":"https:\/\/barmaniapro.com\/es\/wp-json\/wp\/v2\/product\/27143","targetHints":{"allow":["GET"]}}],"collection":[{"href":"https:\/\/barmaniapro.com\/es\/wp-json\/wp\/v2\/product"}],"about":[{"href":"https:\/\/barmaniapro.com\/es\/wp-json\/wp\/v2\/types\/product"}],"replies":[{"embeddable":true,"href":"https:\/\/barmaniapro.com\/es\/wp-json\/wp\/v2\/comments?post=27143"}],"wp:featuredmedia":[{"embeddable":true,"href":"https:\/\/barmaniapro.com\/es\/wp-json\/wp\/v2\/media\/12563"}],"wp:attachment":[{"href":"https:\/\/barmaniapro.com\/es\/wp-json\/wp\/v2\/media?parent=27143"}],"wp:term":[{"taxonomy":"product_brand","embeddable":true,"href":"https:\/\/barmaniapro.com\/es\/wp-json\/wp\/v2\/product_brand?post=27143"},{"taxonomy":"product_cat","embeddable":true,"href":"https:\/\/barmaniapro.com\/es\/wp-json\/wp\/v2\/product_cat?post=27143"},{"taxonomy":"product_tag","embeddable":true,"href":"https:\/\/barmaniapro.com\/es\/wp-json\/wp\/v2\/product_tag?post=27143"}],"curies":[{"name":"wp","href":"https:\/\/api.w.org\/{rel}","templated":true}]}}