{"id":27137,"date":"2022-06-14T15:17:16","date_gmt":"2022-06-14T13:17:16","guid":{"rendered":"https:\/\/barmaniapro.com\/product\/estacion-de-entrenamiento-basica\/"},"modified":"2022-06-14T15:17:16","modified_gmt":"2022-06-14T13:17:16","slug":"estacion-de-entrenamiento-basica","status":"publish","type":"product","link":"https:\/\/barmaniapro.com\/es\/producto\/estacion-de-entrenamiento-basica\/","title":{"rendered":"Estaci\u00f3n de entrenamiento b\u00e1sica"},"content":{"rendered":"<p><strong>BarManiaPro Workout Station Basic &#8211; Aparato de Fitness Esencial para Espacios P\u00fablicos, Gimnasios y Hoteles<\/strong><\/p>\n<p>La Estaci\u00f3n de Entrenamiento BarManiaPro Basic es una estaci\u00f3n de fitness vers\u00e1til y de alta calidad dise\u00f1ada para satisfacer las necesidades de espacios p\u00fablicos, gimnasios y centros de fitness de hoteles. Combinando barras paralelas dobles con m\u00faltiples barras para dominadas y flexiones, incluida una barra alta para dominadas explosivas, esta estaci\u00f3n compacta proporciona un entrenamiento completo de todo el cuerpo en una configuraci\u00f3n sencilla pero eficaz. Perfecta para atletas de todos los niveles, proporciona la soluci\u00f3n ideal para desarrollar fuerza, resistencia y agilidad en cualquier espacio activo.  <\/p>\n<h5><strong>Caracter\u00edsticas:<\/strong><\/h5>\n<ul>\n<li><strong>Barras paralelas dobles (pr\u00e9mium)<\/strong>: Ideales para fondos, flexiones y otros ejercicios de la parte superior del cuerpo, estas barras est\u00e1n dise\u00f1adas para ofrecer la m\u00e1xima estabilidad y comodidad durante el entrenamiento con el peso corporal.<\/li>\n<li><strong>Tres barras para flexiones y dominadas<\/strong>: Disponibles a distintas alturas para adaptarse a diferentes niveles de habilidad, estas barras ofrecen m\u00faltiples agarres para una amplia gama de ejercicios.<\/li>\n<li><strong>Barra alta para dominadas explosivas<\/strong>: Una barra alta espec\u00edfica para dominadas din\u00e1micas y explosivas, que ayuda a los atletas a desarrollar la potencia y el rendimiento de la parte superior del cuerpo.<\/li>\n<li><strong>Sistema de abrazadera patentado<\/strong>: Un sistema \u00fanico y eficiente que garantiza un montaje f\u00e1cil y una estructura segura y estable para una durabilidad duradera.<\/li>\n<\/ul>\n","protected":false},"excerpt":{"rendered":"<ul>\n<li><strong>Construcci\u00f3n de acero pr\u00e9mium<\/strong>: Fabricado para durar, hecho de acero de primera calidad<\/li>\n<li><strong>Protecci\u00f3n contra el \u00f3xido de doble capa<\/strong>: El acabado de doble capa garantiza una protecci\u00f3n duradera contra el \u00f3xido y la corrosi\u00f3n<\/li>\n<li><strong>Dise\u00f1o que ahorra espacio<\/strong>: Perfecto para lugares con espacio limitado<\/li>\n<li><strong>Resistente a la intemperie<\/strong>: Dise\u00f1ado para uso en exteriores, este parque est\u00e1 construido para resistir a los elementos<\/li>\n<li><strong>F\u00e1cil instalaci\u00f3n y mantenimiento<\/strong>: El sistema de abrazadera patentado simplifica el montaje y el mantenimiento<\/li>\n<\/ul>\n<p>&nbsp;<\/p>\n","protected":false},"featured_media":12437,"comment_status":"open","ping_status":"closed","template":"","meta":{"_acf_changed":false,"inline_featured_image":false},"product_brand":[],"product_cat":[610],"product_tag":[611],"class_list":{"0":"post-27137","1":"product","2":"type-product","3":"status-publish","4":"has-post-thumbnail","6":"product_cat-calistenia-es","7":"product_tag-calistenia","9":"first","10":"instock","11":"taxable","12":"shipping-taxable","13":"product-type-simple"},"acf":[],"yoast_head":"<!-- This site is optimized with the Yoast SEO plugin v26.2 - https:\/\/yoast.com\/wordpress\/plugins\/seo\/ -->\n<title>Estaci\u00f3n de entrenamiento b\u00e1sica - BarManiaPro<\/title>\n<meta name=\"robots\" content=\"index, follow, max-snippet:-1, max-image-preview:large, max-video-preview:-1\" \/>\n<link rel=\"canonical\" href=\"https:\/\/barmaniapro.com\/es\/producto\/estacion-de-entrenamiento-basica\/\" \/>\n<meta property=\"og:locale\" content=\"es_ES\" \/>\n<meta property=\"og:type\" content=\"article\" \/>\n<meta property=\"og:title\" content=\"Estaci\u00f3n de entrenamiento b\u00e1sica - BarManiaPro\" \/>\n<meta property=\"og:description\" content=\"Construcci\u00f3n de acero pr\u00e9mium: Fabricado para durar, hecho de acero de primera calidad  Protecci\u00f3n contra el \u00f3xido de doble capa: El acabado de doble capa garantiza una protecci\u00f3n duradera contra el \u00f3xido y la corrosi\u00f3n  Dise\u00f1o que ahorra espacio: Perfecto para lugares con espacio limitado  Resistente a la intemperie: Dise\u00f1ado para uso en exteriores, este parque est\u00e1 construido para resistir a los elementos  F\u00e1cil instalaci\u00f3n y mantenimiento: El sistema de abrazadera patentado simplifica el montaje y el mantenimiento &nbsp;\" \/>\n<meta property=\"og:url\" content=\"https:\/\/barmaniapro.com\/es\/producto\/estacion-de-entrenamiento-basica\/\" \/>\n<meta property=\"og:site_name\" content=\"BarManiaPro\" \/>\n<meta property=\"article:publisher\" content=\"https:\/\/www.facebook.com\/BarManiaPro\/\" \/>\n<meta property=\"og:image\" content=\"https:\/\/barmaniapro.com\/wp-content\/uploads\/2022\/06\/BMP-51034_Workout-station-Basic_classic_1.png\" \/>\n\t<meta property=\"og:image:width\" content=\"1770\" \/>\n\t<meta property=\"og:image:height\" content=\"1770\" \/>\n\t<meta property=\"og:image:type\" content=\"image\/png\" \/>\n<meta name=\"twitter:card\" content=\"summary_large_image\" \/>\n<meta name=\"twitter:label1\" content=\"Tiempo de lectura\" \/>\n\t<meta name=\"twitter:data1\" content=\"1 minuto\" \/>\n<script type=\"application\/ld+json\" class=\"yoast-schema-graph\">{\"@context\":\"https:\/\/schema.org\",\"@graph\":[{\"@type\":\"WebPage\",\"@id\":\"https:\/\/barmaniapro.com\/es\/producto\/estacion-de-entrenamiento-basica\/\",\"url\":\"https:\/\/barmaniapro.com\/es\/producto\/estacion-de-entrenamiento-basica\/\",\"name\":\"Estaci\u00f3n de entrenamiento b\u00e1sica - BarManiaPro\",\"isPartOf\":{\"@id\":\"https:\/\/barmaniapro.com\/es\/#website\"},\"primaryImageOfPage\":{\"@id\":\"https:\/\/barmaniapro.com\/es\/producto\/estacion-de-entrenamiento-basica\/#primaryimage\"},\"image\":{\"@id\":\"https:\/\/barmaniapro.com\/es\/producto\/estacion-de-entrenamiento-basica\/#primaryimage\"},\"thumbnailUrl\":\"https:\/\/barmaniapro.com\/wp-content\/uploads\/2022\/06\/BMP-51034_Workout-station-Basic_classic_1.png\",\"datePublished\":\"2022-06-14T13:17:16+00:00\",\"breadcrumb\":{\"@id\":\"https:\/\/barmaniapro.com\/es\/producto\/estacion-de-entrenamiento-basica\/#breadcrumb\"},\"inLanguage\":\"es\",\"potentialAction\":[{\"@type\":\"ReadAction\",\"target\":[\"https:\/\/barmaniapro.com\/es\/producto\/estacion-de-entrenamiento-basica\/\"]}]},{\"@type\":\"ImageObject\",\"inLanguage\":\"es\",\"@id\":\"https:\/\/barmaniapro.com\/es\/producto\/estacion-de-entrenamiento-basica\/#primaryimage\",\"url\":\"https:\/\/barmaniapro.com\/wp-content\/uploads\/2022\/06\/BMP-51034_Workout-station-Basic_classic_1.png\",\"contentUrl\":\"https:\/\/barmaniapro.com\/wp-content\/uploads\/2022\/06\/BMP-51034_Workout-station-Basic_classic_1.png\",\"width\":1770,\"height\":1770},{\"@type\":\"BreadcrumbList\",\"@id\":\"https:\/\/barmaniapro.com\/es\/producto\/estacion-de-entrenamiento-basica\/#breadcrumb\",\"itemListElement\":[{\"@type\":\"ListItem\",\"position\":1,\"name\":\"Tienda\",\"item\":\"https:\/\/barmaniapro.com\/es\/tienda\/\"},{\"@type\":\"ListItem\",\"position\":2,\"name\":\"Estaci\u00f3n de entrenamiento b\u00e1sica\"}]},{\"@type\":\"WebSite\",\"@id\":\"https:\/\/barmaniapro.com\/es\/#website\",\"url\":\"https:\/\/barmaniapro.com\/es\/\",\"name\":\"BarManiaPro\",\"description\":\"Manufacturer of Calisthenics equipment\",\"potentialAction\":[{\"@type\":\"SearchAction\",\"target\":{\"@type\":\"EntryPoint\",\"urlTemplate\":\"https:\/\/barmaniapro.com\/es\/?s={search_term_string}\"},\"query-input\":{\"@type\":\"PropertyValueSpecification\",\"valueRequired\":true,\"valueName\":\"search_term_string\"}}],\"inLanguage\":\"es\"}]}<\/script>\n<!-- \/ Yoast SEO plugin. -->","yoast_head_json":{"title":"Estaci\u00f3n de entrenamiento b\u00e1sica - BarManiaPro","robots":{"index":"index","follow":"follow","max-snippet":"max-snippet:-1","max-image-preview":"max-image-preview:large","max-video-preview":"max-video-preview:-1"},"canonical":"https:\/\/barmaniapro.com\/es\/producto\/estacion-de-entrenamiento-basica\/","og_locale":"es_ES","og_type":"article","og_title":"Estaci\u00f3n de entrenamiento b\u00e1sica - BarManiaPro","og_description":"Construcci\u00f3n de acero pr\u00e9mium: Fabricado para durar, hecho de acero de primera calidad  Protecci\u00f3n contra el \u00f3xido de doble capa: El acabado de doble capa garantiza una protecci\u00f3n duradera contra el \u00f3xido y la corrosi\u00f3n  Dise\u00f1o que ahorra espacio: Perfecto para lugares con espacio limitado  Resistente a la intemperie: Dise\u00f1ado para uso en exteriores, este parque est\u00e1 construido para resistir a los elementos  F\u00e1cil instalaci\u00f3n y mantenimiento: El sistema de abrazadera patentado simplifica el montaje y el mantenimiento &nbsp;","og_url":"https:\/\/barmaniapro.com\/es\/producto\/estacion-de-entrenamiento-basica\/","og_site_name":"BarManiaPro","article_publisher":"https:\/\/www.facebook.com\/BarManiaPro\/","og_image":[{"width":1770,"height":1770,"url":"https:\/\/barmaniapro.com\/wp-content\/uploads\/2022\/06\/BMP-51034_Workout-station-Basic_classic_1.png","type":"image\/png"}],"twitter_card":"summary_large_image","twitter_misc":{"Tiempo de lectura":"1 minuto"},"schema":{"@context":"https:\/\/schema.org","@graph":[{"@type":"WebPage","@id":"https:\/\/barmaniapro.com\/es\/producto\/estacion-de-entrenamiento-basica\/","url":"https:\/\/barmaniapro.com\/es\/producto\/estacion-de-entrenamiento-basica\/","name":"Estaci\u00f3n de entrenamiento b\u00e1sica - BarManiaPro","isPartOf":{"@id":"https:\/\/barmaniapro.com\/es\/#website"},"primaryImageOfPage":{"@id":"https:\/\/barmaniapro.com\/es\/producto\/estacion-de-entrenamiento-basica\/#primaryimage"},"image":{"@id":"https:\/\/barmaniapro.com\/es\/producto\/estacion-de-entrenamiento-basica\/#primaryimage"},"thumbnailUrl":"https:\/\/barmaniapro.com\/wp-content\/uploads\/2022\/06\/BMP-51034_Workout-station-Basic_classic_1.png","datePublished":"2022-06-14T13:17:16+00:00","breadcrumb":{"@id":"https:\/\/barmaniapro.com\/es\/producto\/estacion-de-entrenamiento-basica\/#breadcrumb"},"inLanguage":"es","potentialAction":[{"@type":"ReadAction","target":["https:\/\/barmaniapro.com\/es\/producto\/estacion-de-entrenamiento-basica\/"]}]},{"@type":"ImageObject","inLanguage":"es","@id":"https:\/\/barmaniapro.com\/es\/producto\/estacion-de-entrenamiento-basica\/#primaryimage","url":"https:\/\/barmaniapro.com\/wp-content\/uploads\/2022\/06\/BMP-51034_Workout-station-Basic_classic_1.png","contentUrl":"https:\/\/barmaniapro.com\/wp-content\/uploads\/2022\/06\/BMP-51034_Workout-station-Basic_classic_1.png","width":1770,"height":1770},{"@type":"BreadcrumbList","@id":"https:\/\/barmaniapro.com\/es\/producto\/estacion-de-entrenamiento-basica\/#breadcrumb","itemListElement":[{"@type":"ListItem","position":1,"name":"Tienda","item":"https:\/\/barmaniapro.com\/es\/tienda\/"},{"@type":"ListItem","position":2,"name":"Estaci\u00f3n de entrenamiento b\u00e1sica"}]},{"@type":"WebSite","@id":"https:\/\/barmaniapro.com\/es\/#website","url":"https:\/\/barmaniapro.com\/es\/","name":"BarManiaPro","description":"Manufacturer of Calisthenics equipment","potentialAction":[{"@type":"SearchAction","target":{"@type":"EntryPoint","urlTemplate":"https:\/\/barmaniapro.com\/es\/?s={search_term_string}"},"query-input":{"@type":"PropertyValueSpecification","valueRequired":true,"valueName":"search_term_string"}}],"inLanguage":"es"}]}},"_links":{"self":[{"href":"https:\/\/barmaniapro.com\/es\/wp-json\/wp\/v2\/product\/27137","targetHints":{"allow":["GET"]}}],"collection":[{"href":"https:\/\/barmaniapro.com\/es\/wp-json\/wp\/v2\/product"}],"about":[{"href":"https:\/\/barmaniapro.com\/es\/wp-json\/wp\/v2\/types\/product"}],"replies":[{"embeddable":true,"href":"https:\/\/barmaniapro.com\/es\/wp-json\/wp\/v2\/comments?post=27137"}],"wp:featuredmedia":[{"embeddable":true,"href":"https:\/\/barmaniapro.com\/es\/wp-json\/wp\/v2\/media\/12437"}],"wp:attachment":[{"href":"https:\/\/barmaniapro.com\/es\/wp-json\/wp\/v2\/media?parent=27137"}],"wp:term":[{"taxonomy":"product_brand","embeddable":true,"href":"https:\/\/barmaniapro.com\/es\/wp-json\/wp\/v2\/product_brand?post=27137"},{"taxonomy":"product_cat","embeddable":true,"href":"https:\/\/barmaniapro.com\/es\/wp-json\/wp\/v2\/product_cat?post=27137"},{"taxonomy":"product_tag","embeddable":true,"href":"https:\/\/barmaniapro.com\/es\/wp-json\/wp\/v2\/product_tag?post=27137"}],"curies":[{"name":"wp","href":"https:\/\/api.w.org\/{rel}","templated":true}]}}