{"id":27134,"date":"2022-06-14T15:16:00","date_gmt":"2022-06-14T13:16:00","guid":{"rendered":"https:\/\/barmaniapro.com\/product\/triangulo-de-la-estacion-de-entrenamiento\/"},"modified":"2022-06-14T15:16:00","modified_gmt":"2022-06-14T13:16:00","slug":"triangulo-de-la-estacion-de-entrenamiento","status":"publish","type":"product","link":"https:\/\/barmaniapro.com\/es\/producto\/triangulo-de-la-estacion-de-entrenamiento\/","title":{"rendered":"Tri\u00e1ngulo de la estaci\u00f3n de entrenamiento"},"content":{"rendered":"<p><strong>BarManiaPro Estaci\u00f3n de Entrenamiento Triangular &#8211; Lo \u00faltimo en estaciones de fitness para espacios p\u00fablicos, gimnasios y hoteles<\/strong><\/p>\n<p>La Estaci\u00f3n de Entrenamiento Triangular BarManiaPro es una instalaci\u00f3n de fitness de vanguardia dise\u00f1ada para aportar versatilidad y durabilidad a cualquier espacio p\u00fablico, gimnasio o centro de fitness de hotel. Con una barra serpiente, una pared sueca y una serie de barras para dominadas y flexiones, incluida una barra alta para dominadas explosivas, esta estaci\u00f3n proporciona una experiencia de entrenamiento para todo el cuerpo. Ideal para usuarios de todos los niveles de forma f\u00edsica, ofrece entrenamiento de fuerza, resistencia y agilidad en un paquete din\u00e1mico.  <\/p>\n<h5><strong>Caracter\u00edsticas:<\/strong><\/h5>\n<ul>\n<li><strong>Barra Serpiente<\/strong>: Una barra \u00fanica y desafiante dise\u00f1ada para implicar la parte superior del cuerpo y el tronco mientras se desarrolla la fuerza y la coordinaci\u00f3n.<\/li>\n<li><strong>Pared Sueca<\/strong>: Una herramienta de entrenamiento vers\u00e1til para ejercicios de peso corporal, estiramientos y trabajo de flexibilidad, que ofrece un entrenamiento de todo el cuerpo.<\/li>\n<li><strong>Cuatro barras para<\/strong> dominadas y <strong>flexiones<\/strong>: M\u00faltiples alturas y agarres para dominadas y flexiones, que proporcionan flexibilidad en el entrenamiento y se adaptan a distintos niveles de forma f\u00edsica.<\/li>\n<li><strong>Barra alta para dominadas explosivas<\/strong>: Perfecta para ejercicios de dominadas din\u00e1micos y explosivos, que ayudan a los atletas a desarrollar la potencia y velocidad de la parte superior del cuerpo.<\/li>\n<li><strong>Sistema de abrazaderas patentado<\/strong>: El innovador sistema de abrazaderas garantiza un montaje r\u00e1pido y conexiones seguras, haciendo que la estaci\u00f3n sea robusta y f\u00e1cil de mantener.<\/li>\n<\/ul>\n","protected":false},"excerpt":{"rendered":"<ul>\n<li><strong>Construcci\u00f3n de acero pr\u00e9mium<\/strong>: Fabricado para durar, hecho de acero de primera calidad<\/li>\n<li><strong>Protecci\u00f3n contra el \u00f3xido de doble capa<\/strong>: El acabado de doble capa garantiza una protecci\u00f3n duradera contra el \u00f3xido y la corrosi\u00f3n<\/li>\n<li><strong>Dise\u00f1o que ahorra espacio<\/strong>: Perfecto para lugares con espacio limitado<\/li>\n<li><strong>Resistente a la intemperie<\/strong>: Dise\u00f1ado para uso en exteriores, este parque est\u00e1 construido para resistir a los elementos<\/li>\n<li><strong>F\u00e1cil instalaci\u00f3n y mantenimiento<\/strong>: El sistema de abrazadera patentado simplifica el montaje y el mantenimiento<\/li>\n<\/ul>\n<p>&nbsp;<\/p>\n","protected":false},"featured_media":13660,"comment_status":"open","ping_status":"closed","template":"","meta":{"_acf_changed":false,"inline_featured_image":false},"product_brand":[],"product_cat":[610,616],"product_tag":[611],"class_list":{"0":"post-27134","1":"product","2":"type-product","3":"status-publish","4":"has-post-thumbnail","6":"product_cat-calistenia-es","7":"product_cat-entrenamiento-infantil","8":"product_tag-calistenia","10":"first","11":"instock","12":"taxable","13":"shipping-taxable","14":"product-type-simple"},"acf":[],"yoast_head":"<!-- This site is optimized with the Yoast SEO plugin v26.2 - https:\/\/yoast.com\/wordpress\/plugins\/seo\/ -->\n<title>Tri\u00e1ngulo de la estaci\u00f3n de entrenamiento - BarManiaPro<\/title>\n<meta name=\"robots\" content=\"index, follow, max-snippet:-1, max-image-preview:large, max-video-preview:-1\" \/>\n<link rel=\"canonical\" href=\"https:\/\/barmaniapro.com\/es\/producto\/triangulo-de-la-estacion-de-entrenamiento\/\" \/>\n<meta property=\"og:locale\" content=\"es_ES\" \/>\n<meta property=\"og:type\" content=\"article\" \/>\n<meta property=\"og:title\" content=\"Tri\u00e1ngulo de la estaci\u00f3n de entrenamiento - BarManiaPro\" \/>\n<meta property=\"og:description\" content=\"Construcci\u00f3n de acero pr\u00e9mium: Fabricado para durar, hecho de acero de primera calidad  Protecci\u00f3n contra el \u00f3xido de doble capa: El acabado de doble capa garantiza una protecci\u00f3n duradera contra el \u00f3xido y la corrosi\u00f3n  Dise\u00f1o que ahorra espacio: Perfecto para lugares con espacio limitado  Resistente a la intemperie: Dise\u00f1ado para uso en exteriores, este parque est\u00e1 construido para resistir a los elementos  F\u00e1cil instalaci\u00f3n y mantenimiento: El sistema de abrazadera patentado simplifica el montaje y el mantenimiento &nbsp;\" \/>\n<meta property=\"og:url\" content=\"https:\/\/barmaniapro.com\/es\/producto\/triangulo-de-la-estacion-de-entrenamiento\/\" \/>\n<meta property=\"og:site_name\" content=\"BarManiaPro\" \/>\n<meta property=\"article:publisher\" content=\"https:\/\/www.facebook.com\/BarManiaPro\/\" \/>\n<meta property=\"og:image\" content=\"https:\/\/barmaniapro.com\/wp-content\/uploads\/2024\/11\/BMP-51015_Workout-station-Triangle_classic_1-min.png\" \/>\n\t<meta property=\"og:image:width\" content=\"1739\" \/>\n\t<meta property=\"og:image:height\" content=\"1740\" \/>\n\t<meta property=\"og:image:type\" content=\"image\/png\" \/>\n<meta name=\"twitter:card\" content=\"summary_large_image\" \/>\n<meta name=\"twitter:label1\" content=\"Tiempo de lectura\" \/>\n\t<meta name=\"twitter:data1\" content=\"1 minuto\" \/>\n<script type=\"application\/ld+json\" class=\"yoast-schema-graph\">{\"@context\":\"https:\/\/schema.org\",\"@graph\":[{\"@type\":\"WebPage\",\"@id\":\"https:\/\/barmaniapro.com\/es\/producto\/triangulo-de-la-estacion-de-entrenamiento\/\",\"url\":\"https:\/\/barmaniapro.com\/es\/producto\/triangulo-de-la-estacion-de-entrenamiento\/\",\"name\":\"Tri\u00e1ngulo de la estaci\u00f3n de entrenamiento - BarManiaPro\",\"isPartOf\":{\"@id\":\"https:\/\/barmaniapro.com\/es\/#website\"},\"primaryImageOfPage\":{\"@id\":\"https:\/\/barmaniapro.com\/es\/producto\/triangulo-de-la-estacion-de-entrenamiento\/#primaryimage\"},\"image\":{\"@id\":\"https:\/\/barmaniapro.com\/es\/producto\/triangulo-de-la-estacion-de-entrenamiento\/#primaryimage\"},\"thumbnailUrl\":\"https:\/\/barmaniapro.com\/wp-content\/uploads\/2024\/11\/BMP-51015_Workout-station-Triangle_classic_1-min.png\",\"datePublished\":\"2022-06-14T13:16:00+00:00\",\"breadcrumb\":{\"@id\":\"https:\/\/barmaniapro.com\/es\/producto\/triangulo-de-la-estacion-de-entrenamiento\/#breadcrumb\"},\"inLanguage\":\"es\",\"potentialAction\":[{\"@type\":\"ReadAction\",\"target\":[\"https:\/\/barmaniapro.com\/es\/producto\/triangulo-de-la-estacion-de-entrenamiento\/\"]}]},{\"@type\":\"ImageObject\",\"inLanguage\":\"es\",\"@id\":\"https:\/\/barmaniapro.com\/es\/producto\/triangulo-de-la-estacion-de-entrenamiento\/#primaryimage\",\"url\":\"https:\/\/barmaniapro.com\/wp-content\/uploads\/2024\/11\/BMP-51015_Workout-station-Triangle_classic_1-min.png\",\"contentUrl\":\"https:\/\/barmaniapro.com\/wp-content\/uploads\/2024\/11\/BMP-51015_Workout-station-Triangle_classic_1-min.png\",\"width\":1739,\"height\":1740},{\"@type\":\"BreadcrumbList\",\"@id\":\"https:\/\/barmaniapro.com\/es\/producto\/triangulo-de-la-estacion-de-entrenamiento\/#breadcrumb\",\"itemListElement\":[{\"@type\":\"ListItem\",\"position\":1,\"name\":\"Tienda\",\"item\":\"https:\/\/barmaniapro.com\/es\/tienda\/\"},{\"@type\":\"ListItem\",\"position\":2,\"name\":\"Tri\u00e1ngulo de la estaci\u00f3n de entrenamiento\"}]},{\"@type\":\"WebSite\",\"@id\":\"https:\/\/barmaniapro.com\/es\/#website\",\"url\":\"https:\/\/barmaniapro.com\/es\/\",\"name\":\"BarManiaPro\",\"description\":\"Manufacturer of Calisthenics equipment\",\"potentialAction\":[{\"@type\":\"SearchAction\",\"target\":{\"@type\":\"EntryPoint\",\"urlTemplate\":\"https:\/\/barmaniapro.com\/es\/?s={search_term_string}\"},\"query-input\":{\"@type\":\"PropertyValueSpecification\",\"valueRequired\":true,\"valueName\":\"search_term_string\"}}],\"inLanguage\":\"es\"}]}<\/script>\n<!-- \/ Yoast SEO plugin. -->","yoast_head_json":{"title":"Tri\u00e1ngulo de la estaci\u00f3n de entrenamiento - BarManiaPro","robots":{"index":"index","follow":"follow","max-snippet":"max-snippet:-1","max-image-preview":"max-image-preview:large","max-video-preview":"max-video-preview:-1"},"canonical":"https:\/\/barmaniapro.com\/es\/producto\/triangulo-de-la-estacion-de-entrenamiento\/","og_locale":"es_ES","og_type":"article","og_title":"Tri\u00e1ngulo de la estaci\u00f3n de entrenamiento - BarManiaPro","og_description":"Construcci\u00f3n de acero pr\u00e9mium: Fabricado para durar, hecho de acero de primera calidad  Protecci\u00f3n contra el \u00f3xido de doble capa: El acabado de doble capa garantiza una protecci\u00f3n duradera contra el \u00f3xido y la corrosi\u00f3n  Dise\u00f1o que ahorra espacio: Perfecto para lugares con espacio limitado  Resistente a la intemperie: Dise\u00f1ado para uso en exteriores, este parque est\u00e1 construido para resistir a los elementos  F\u00e1cil instalaci\u00f3n y mantenimiento: El sistema de abrazadera patentado simplifica el montaje y el mantenimiento &nbsp;","og_url":"https:\/\/barmaniapro.com\/es\/producto\/triangulo-de-la-estacion-de-entrenamiento\/","og_site_name":"BarManiaPro","article_publisher":"https:\/\/www.facebook.com\/BarManiaPro\/","og_image":[{"width":1739,"height":1740,"url":"https:\/\/barmaniapro.com\/wp-content\/uploads\/2024\/11\/BMP-51015_Workout-station-Triangle_classic_1-min.png","type":"image\/png"}],"twitter_card":"summary_large_image","twitter_misc":{"Tiempo de lectura":"1 minuto"},"schema":{"@context":"https:\/\/schema.org","@graph":[{"@type":"WebPage","@id":"https:\/\/barmaniapro.com\/es\/producto\/triangulo-de-la-estacion-de-entrenamiento\/","url":"https:\/\/barmaniapro.com\/es\/producto\/triangulo-de-la-estacion-de-entrenamiento\/","name":"Tri\u00e1ngulo de la estaci\u00f3n de entrenamiento - BarManiaPro","isPartOf":{"@id":"https:\/\/barmaniapro.com\/es\/#website"},"primaryImageOfPage":{"@id":"https:\/\/barmaniapro.com\/es\/producto\/triangulo-de-la-estacion-de-entrenamiento\/#primaryimage"},"image":{"@id":"https:\/\/barmaniapro.com\/es\/producto\/triangulo-de-la-estacion-de-entrenamiento\/#primaryimage"},"thumbnailUrl":"https:\/\/barmaniapro.com\/wp-content\/uploads\/2024\/11\/BMP-51015_Workout-station-Triangle_classic_1-min.png","datePublished":"2022-06-14T13:16:00+00:00","breadcrumb":{"@id":"https:\/\/barmaniapro.com\/es\/producto\/triangulo-de-la-estacion-de-entrenamiento\/#breadcrumb"},"inLanguage":"es","potentialAction":[{"@type":"ReadAction","target":["https:\/\/barmaniapro.com\/es\/producto\/triangulo-de-la-estacion-de-entrenamiento\/"]}]},{"@type":"ImageObject","inLanguage":"es","@id":"https:\/\/barmaniapro.com\/es\/producto\/triangulo-de-la-estacion-de-entrenamiento\/#primaryimage","url":"https:\/\/barmaniapro.com\/wp-content\/uploads\/2024\/11\/BMP-51015_Workout-station-Triangle_classic_1-min.png","contentUrl":"https:\/\/barmaniapro.com\/wp-content\/uploads\/2024\/11\/BMP-51015_Workout-station-Triangle_classic_1-min.png","width":1739,"height":1740},{"@type":"BreadcrumbList","@id":"https:\/\/barmaniapro.com\/es\/producto\/triangulo-de-la-estacion-de-entrenamiento\/#breadcrumb","itemListElement":[{"@type":"ListItem","position":1,"name":"Tienda","item":"https:\/\/barmaniapro.com\/es\/tienda\/"},{"@type":"ListItem","position":2,"name":"Tri\u00e1ngulo de la estaci\u00f3n de entrenamiento"}]},{"@type":"WebSite","@id":"https:\/\/barmaniapro.com\/es\/#website","url":"https:\/\/barmaniapro.com\/es\/","name":"BarManiaPro","description":"Manufacturer of Calisthenics equipment","potentialAction":[{"@type":"SearchAction","target":{"@type":"EntryPoint","urlTemplate":"https:\/\/barmaniapro.com\/es\/?s={search_term_string}"},"query-input":{"@type":"PropertyValueSpecification","valueRequired":true,"valueName":"search_term_string"}}],"inLanguage":"es"}]}},"_links":{"self":[{"href":"https:\/\/barmaniapro.com\/es\/wp-json\/wp\/v2\/product\/27134","targetHints":{"allow":["GET"]}}],"collection":[{"href":"https:\/\/barmaniapro.com\/es\/wp-json\/wp\/v2\/product"}],"about":[{"href":"https:\/\/barmaniapro.com\/es\/wp-json\/wp\/v2\/types\/product"}],"replies":[{"embeddable":true,"href":"https:\/\/barmaniapro.com\/es\/wp-json\/wp\/v2\/comments?post=27134"}],"wp:featuredmedia":[{"embeddable":true,"href":"https:\/\/barmaniapro.com\/es\/wp-json\/wp\/v2\/media\/13660"}],"wp:attachment":[{"href":"https:\/\/barmaniapro.com\/es\/wp-json\/wp\/v2\/media?parent=27134"}],"wp:term":[{"taxonomy":"product_brand","embeddable":true,"href":"https:\/\/barmaniapro.com\/es\/wp-json\/wp\/v2\/product_brand?post=27134"},{"taxonomy":"product_cat","embeddable":true,"href":"https:\/\/barmaniapro.com\/es\/wp-json\/wp\/v2\/product_cat?post=27134"},{"taxonomy":"product_tag","embeddable":true,"href":"https:\/\/barmaniapro.com\/es\/wp-json\/wp\/v2\/product_tag?post=27134"}],"curies":[{"name":"wp","href":"https:\/\/api.w.org\/{rel}","templated":true}]}}