{"id":27133,"date":"2022-06-14T15:16:00","date_gmt":"2022-06-14T13:16:00","guid":{"rendered":"https:\/\/barmaniapro.com\/product\/estacion-de-entrenamiento-octogono\/"},"modified":"2022-06-14T15:16:00","modified_gmt":"2022-06-14T13:16:00","slug":"estacion-de-entrenamiento-octogono","status":"publish","type":"product","link":"https:\/\/barmaniapro.com\/es\/producto\/estacion-de-entrenamiento-octogono\/","title":{"rendered":"Estaci\u00f3n de entrenamiento oct\u00f3gono"},"content":{"rendered":"<div class=\"flex-shrink-0 flex flex-col relative items-end\">\n<div>\n<div class=\"pt-0\">\n<div class=\"gizmo-bot-avatar flex h-8 w-8 items-center justify-center overflow-hidden rounded-full\">\n<div class=\"relative p-1 rounded-sm flex items-center justify-center bg-token-main-surface-primary text-token-text-primary h-8 w-8\"><\/div>\n<\/div>\n<\/div>\n<\/div>\n<\/div>\n<div class=\"group\/conversation-turn relative flex w-full min-w-0 flex-col agent-turn\">\n<div class=\"flex-col gap-1 md:gap-3\">\n<div class=\"flex max-w-full flex-col flex-grow\">\n<div class=\"min-h-8 text-message flex w-full flex-col items-end gap-2 whitespace-normal break-words text-start [.text-message+&amp;]:mt-5\" dir=\"auto\" data-message-author-role=\"assistant\" data-message-id=\"cf28bbd0-6788-4a6c-b048-9d29b4b9c0dc\" data-message-model-slug=\"gpt-4o-mini\">\n<div class=\"flex w-full flex-col gap-1 empty:hidden first:pt-[3px]\">\n<div class=\"result-streaming markdown prose w-full break-words dark:prose-invert light\">\n<p>La Estaci\u00f3n de Entrenamiento BarManiaPro Oct\u00e1gono es un equipo de fitness de \u00faltima generaci\u00f3n dise\u00f1ado para aportar variedad e intensidad a cualquier gimnasio, espacio p\u00fablico o zona de fitness de hotel. Con una barra cl\u00e1sica, cinco barras para dominadas y flexiones a distintas alturas y una barra alta para dominadas explosivas, esta estaci\u00f3n ofrece una combinaci\u00f3n inigualable de entrenamiento de fuerza, agilidad y resistencia. Perfecta para usuarios de todos los niveles, la Estaci\u00f3n de Entrenamiento BarManiaPro Oct\u00e1gono permite un entrenamiento de todo el cuerpo en un dise\u00f1o compacto y que ocupa poco espacio.  <\/p>\n<h5><strong>Caracter\u00edsticas:<\/strong><\/h5>\n<ul>\n<li><strong>Barra<\/strong>: Un elemento clave para desarrollar la fuerza de agarre, la coordinaci\u00f3n y la resistencia de la parte superior del cuerpo. Perfecta para los usuarios que buscan un entrenamiento divertido pero exigente. <\/li>\n<li><strong>Cinco<\/strong> barras de dominadas y flexiones: Varias barras de dominadas y flexiones a distintas alturas proporcionan variedad de ejercicios, adaptados a distintos objetivos de entrenamiento y niveles de forma f\u00edsica.<\/li>\n<li><strong>Barra alta para dominadas explosivas<\/strong>: Dise\u00f1ada para atletas que buscan desarrollar la potencia de la parte superior del cuerpo, la barra alta es ideal para dominadas explosivas y movimientos din\u00e1micos de la parte superior del cuerpo.<\/li>\n<li><strong>Sistema de abrazaderas patentado<\/strong>: El montaje r\u00e1pido y sencillo, con conexiones seguras y estables, garantiza que la estaci\u00f3n sea resistente y duradera, incluso con un uso intensivo.<\/li>\n<\/ul>\n<\/div>\n<\/div>\n<\/div>\n<\/div>\n<\/div>\n<\/div>\n","protected":false},"excerpt":{"rendered":"<ul>\n<li><strong>Construcci\u00f3n de acero pr\u00e9mium<\/strong>: Fabricado para durar, hecho de acero de primera calidad<\/li>\n<li><strong>Protecci\u00f3n contra el \u00f3xido de doble capa<\/strong>: El acabado de doble capa garantiza una protecci\u00f3n duradera contra el \u00f3xido y la corrosi\u00f3n<\/li>\n<li><strong>Dise\u00f1o que ahorra espacio<\/strong>: Perfecto para lugares con espacio limitado<\/li>\n<li><strong>Resistente a la intemperie<\/strong>: Dise\u00f1ado para uso en exteriores, este parque est\u00e1 construido para resistir a los elementos<\/li>\n<li><strong>F\u00e1cil instalaci\u00f3n y mantenimiento<\/strong>: El sistema de abrazadera patentado simplifica el montaje y el mantenimiento<\/li>\n<\/ul>\n<p>&nbsp;<\/p>\n","protected":false},"featured_media":12363,"comment_status":"open","ping_status":"closed","template":"","meta":{"_acf_changed":false,"inline_featured_image":false},"product_brand":[],"product_cat":[610,616],"product_tag":[611],"class_list":{"0":"post-27133","1":"product","2":"type-product","3":"status-publish","4":"has-post-thumbnail","6":"product_cat-calistenia-es","7":"product_cat-entrenamiento-infantil","8":"product_tag-calistenia","10":"first","11":"instock","12":"taxable","13":"shipping-taxable","14":"product-type-simple"},"acf":[],"yoast_head":"<!-- This site is optimized with the Yoast SEO plugin v26.2 - https:\/\/yoast.com\/wordpress\/plugins\/seo\/ -->\n<title>Estaci\u00f3n de entrenamiento oct\u00f3gono - BarManiaPro<\/title>\n<meta name=\"robots\" content=\"index, follow, max-snippet:-1, max-image-preview:large, max-video-preview:-1\" \/>\n<link rel=\"canonical\" href=\"https:\/\/barmaniapro.com\/es\/producto\/estacion-de-entrenamiento-octogono\/\" \/>\n<meta property=\"og:locale\" content=\"es_ES\" \/>\n<meta property=\"og:type\" content=\"article\" \/>\n<meta property=\"og:title\" content=\"Estaci\u00f3n de entrenamiento oct\u00f3gono - BarManiaPro\" \/>\n<meta property=\"og:description\" content=\"Construcci\u00f3n de acero pr\u00e9mium: Fabricado para durar, hecho de acero de primera calidad  Protecci\u00f3n contra el \u00f3xido de doble capa: El acabado de doble capa garantiza una protecci\u00f3n duradera contra el \u00f3xido y la corrosi\u00f3n  Dise\u00f1o que ahorra espacio: Perfecto para lugares con espacio limitado  Resistente a la intemperie: Dise\u00f1ado para uso en exteriores, este parque est\u00e1 construido para resistir a los elementos  F\u00e1cil instalaci\u00f3n y mantenimiento: El sistema de abrazadera patentado simplifica el montaje y el mantenimiento &nbsp;\" \/>\n<meta property=\"og:url\" content=\"https:\/\/barmaniapro.com\/es\/producto\/estacion-de-entrenamiento-octogono\/\" \/>\n<meta property=\"og:site_name\" content=\"BarManiaPro\" \/>\n<meta property=\"article:publisher\" content=\"https:\/\/www.facebook.com\/BarManiaPro\/\" \/>\n<meta property=\"og:image\" content=\"https:\/\/barmaniapro.com\/wp-content\/uploads\/2022\/06\/BMP-51018_Workout-station-Octagon_classic_1-min.png\" \/>\n\t<meta property=\"og:image:width\" content=\"1770\" \/>\n\t<meta property=\"og:image:height\" content=\"1770\" \/>\n\t<meta property=\"og:image:type\" content=\"image\/png\" \/>\n<meta name=\"twitter:card\" content=\"summary_large_image\" \/>\n<meta name=\"twitter:label1\" content=\"Tiempo de lectura\" \/>\n\t<meta name=\"twitter:data1\" content=\"1 minuto\" \/>\n<script type=\"application\/ld+json\" class=\"yoast-schema-graph\">{\"@context\":\"https:\/\/schema.org\",\"@graph\":[{\"@type\":\"WebPage\",\"@id\":\"https:\/\/barmaniapro.com\/es\/producto\/estacion-de-entrenamiento-octogono\/\",\"url\":\"https:\/\/barmaniapro.com\/es\/producto\/estacion-de-entrenamiento-octogono\/\",\"name\":\"Estaci\u00f3n de entrenamiento oct\u00f3gono - BarManiaPro\",\"isPartOf\":{\"@id\":\"https:\/\/barmaniapro.com\/es\/#website\"},\"primaryImageOfPage\":{\"@id\":\"https:\/\/barmaniapro.com\/es\/producto\/estacion-de-entrenamiento-octogono\/#primaryimage\"},\"image\":{\"@id\":\"https:\/\/barmaniapro.com\/es\/producto\/estacion-de-entrenamiento-octogono\/#primaryimage\"},\"thumbnailUrl\":\"https:\/\/barmaniapro.com\/wp-content\/uploads\/2022\/06\/BMP-51018_Workout-station-Octagon_classic_1-min.png\",\"datePublished\":\"2022-06-14T13:16:00+00:00\",\"breadcrumb\":{\"@id\":\"https:\/\/barmaniapro.com\/es\/producto\/estacion-de-entrenamiento-octogono\/#breadcrumb\"},\"inLanguage\":\"es\",\"potentialAction\":[{\"@type\":\"ReadAction\",\"target\":[\"https:\/\/barmaniapro.com\/es\/producto\/estacion-de-entrenamiento-octogono\/\"]}]},{\"@type\":\"ImageObject\",\"inLanguage\":\"es\",\"@id\":\"https:\/\/barmaniapro.com\/es\/producto\/estacion-de-entrenamiento-octogono\/#primaryimage\",\"url\":\"https:\/\/barmaniapro.com\/wp-content\/uploads\/2022\/06\/BMP-51018_Workout-station-Octagon_classic_1-min.png\",\"contentUrl\":\"https:\/\/barmaniapro.com\/wp-content\/uploads\/2022\/06\/BMP-51018_Workout-station-Octagon_classic_1-min.png\",\"width\":1770,\"height\":1770},{\"@type\":\"BreadcrumbList\",\"@id\":\"https:\/\/barmaniapro.com\/es\/producto\/estacion-de-entrenamiento-octogono\/#breadcrumb\",\"itemListElement\":[{\"@type\":\"ListItem\",\"position\":1,\"name\":\"Tienda\",\"item\":\"https:\/\/barmaniapro.com\/es\/tienda\/\"},{\"@type\":\"ListItem\",\"position\":2,\"name\":\"Estaci\u00f3n de entrenamiento oct\u00f3gono\"}]},{\"@type\":\"WebSite\",\"@id\":\"https:\/\/barmaniapro.com\/es\/#website\",\"url\":\"https:\/\/barmaniapro.com\/es\/\",\"name\":\"BarManiaPro\",\"description\":\"Manufacturer of Calisthenics equipment\",\"potentialAction\":[{\"@type\":\"SearchAction\",\"target\":{\"@type\":\"EntryPoint\",\"urlTemplate\":\"https:\/\/barmaniapro.com\/es\/?s={search_term_string}\"},\"query-input\":{\"@type\":\"PropertyValueSpecification\",\"valueRequired\":true,\"valueName\":\"search_term_string\"}}],\"inLanguage\":\"es\"}]}<\/script>\n<!-- \/ Yoast SEO plugin. -->","yoast_head_json":{"title":"Estaci\u00f3n de entrenamiento oct\u00f3gono - BarManiaPro","robots":{"index":"index","follow":"follow","max-snippet":"max-snippet:-1","max-image-preview":"max-image-preview:large","max-video-preview":"max-video-preview:-1"},"canonical":"https:\/\/barmaniapro.com\/es\/producto\/estacion-de-entrenamiento-octogono\/","og_locale":"es_ES","og_type":"article","og_title":"Estaci\u00f3n de entrenamiento oct\u00f3gono - BarManiaPro","og_description":"Construcci\u00f3n de acero pr\u00e9mium: Fabricado para durar, hecho de acero de primera calidad  Protecci\u00f3n contra el \u00f3xido de doble capa: El acabado de doble capa garantiza una protecci\u00f3n duradera contra el \u00f3xido y la corrosi\u00f3n  Dise\u00f1o que ahorra espacio: Perfecto para lugares con espacio limitado  Resistente a la intemperie: Dise\u00f1ado para uso en exteriores, este parque est\u00e1 construido para resistir a los elementos  F\u00e1cil instalaci\u00f3n y mantenimiento: El sistema de abrazadera patentado simplifica el montaje y el mantenimiento &nbsp;","og_url":"https:\/\/barmaniapro.com\/es\/producto\/estacion-de-entrenamiento-octogono\/","og_site_name":"BarManiaPro","article_publisher":"https:\/\/www.facebook.com\/BarManiaPro\/","og_image":[{"width":1770,"height":1770,"url":"https:\/\/barmaniapro.com\/wp-content\/uploads\/2022\/06\/BMP-51018_Workout-station-Octagon_classic_1-min.png","type":"image\/png"}],"twitter_card":"summary_large_image","twitter_misc":{"Tiempo de lectura":"1 minuto"},"schema":{"@context":"https:\/\/schema.org","@graph":[{"@type":"WebPage","@id":"https:\/\/barmaniapro.com\/es\/producto\/estacion-de-entrenamiento-octogono\/","url":"https:\/\/barmaniapro.com\/es\/producto\/estacion-de-entrenamiento-octogono\/","name":"Estaci\u00f3n de entrenamiento oct\u00f3gono - BarManiaPro","isPartOf":{"@id":"https:\/\/barmaniapro.com\/es\/#website"},"primaryImageOfPage":{"@id":"https:\/\/barmaniapro.com\/es\/producto\/estacion-de-entrenamiento-octogono\/#primaryimage"},"image":{"@id":"https:\/\/barmaniapro.com\/es\/producto\/estacion-de-entrenamiento-octogono\/#primaryimage"},"thumbnailUrl":"https:\/\/barmaniapro.com\/wp-content\/uploads\/2022\/06\/BMP-51018_Workout-station-Octagon_classic_1-min.png","datePublished":"2022-06-14T13:16:00+00:00","breadcrumb":{"@id":"https:\/\/barmaniapro.com\/es\/producto\/estacion-de-entrenamiento-octogono\/#breadcrumb"},"inLanguage":"es","potentialAction":[{"@type":"ReadAction","target":["https:\/\/barmaniapro.com\/es\/producto\/estacion-de-entrenamiento-octogono\/"]}]},{"@type":"ImageObject","inLanguage":"es","@id":"https:\/\/barmaniapro.com\/es\/producto\/estacion-de-entrenamiento-octogono\/#primaryimage","url":"https:\/\/barmaniapro.com\/wp-content\/uploads\/2022\/06\/BMP-51018_Workout-station-Octagon_classic_1-min.png","contentUrl":"https:\/\/barmaniapro.com\/wp-content\/uploads\/2022\/06\/BMP-51018_Workout-station-Octagon_classic_1-min.png","width":1770,"height":1770},{"@type":"BreadcrumbList","@id":"https:\/\/barmaniapro.com\/es\/producto\/estacion-de-entrenamiento-octogono\/#breadcrumb","itemListElement":[{"@type":"ListItem","position":1,"name":"Tienda","item":"https:\/\/barmaniapro.com\/es\/tienda\/"},{"@type":"ListItem","position":2,"name":"Estaci\u00f3n de entrenamiento oct\u00f3gono"}]},{"@type":"WebSite","@id":"https:\/\/barmaniapro.com\/es\/#website","url":"https:\/\/barmaniapro.com\/es\/","name":"BarManiaPro","description":"Manufacturer of Calisthenics equipment","potentialAction":[{"@type":"SearchAction","target":{"@type":"EntryPoint","urlTemplate":"https:\/\/barmaniapro.com\/es\/?s={search_term_string}"},"query-input":{"@type":"PropertyValueSpecification","valueRequired":true,"valueName":"search_term_string"}}],"inLanguage":"es"}]}},"_links":{"self":[{"href":"https:\/\/barmaniapro.com\/es\/wp-json\/wp\/v2\/product\/27133","targetHints":{"allow":["GET"]}}],"collection":[{"href":"https:\/\/barmaniapro.com\/es\/wp-json\/wp\/v2\/product"}],"about":[{"href":"https:\/\/barmaniapro.com\/es\/wp-json\/wp\/v2\/types\/product"}],"replies":[{"embeddable":true,"href":"https:\/\/barmaniapro.com\/es\/wp-json\/wp\/v2\/comments?post=27133"}],"wp:featuredmedia":[{"embeddable":true,"href":"https:\/\/barmaniapro.com\/es\/wp-json\/wp\/v2\/media\/12363"}],"wp:attachment":[{"href":"https:\/\/barmaniapro.com\/es\/wp-json\/wp\/v2\/media?parent=27133"}],"wp:term":[{"taxonomy":"product_brand","embeddable":true,"href":"https:\/\/barmaniapro.com\/es\/wp-json\/wp\/v2\/product_brand?post=27133"},{"taxonomy":"product_cat","embeddable":true,"href":"https:\/\/barmaniapro.com\/es\/wp-json\/wp\/v2\/product_cat?post=27133"},{"taxonomy":"product_tag","embeddable":true,"href":"https:\/\/barmaniapro.com\/es\/wp-json\/wp\/v2\/product_tag?post=27133"}],"curies":[{"name":"wp","href":"https:\/\/api.w.org\/{rel}","templated":true}]}}