{"id":27130,"date":"2022-06-14T15:16:00","date_gmt":"2022-06-14T13:16:00","guid":{"rendered":"https:\/\/barmaniapro.com\/product\/banco-de-abdominales-doble-inclinado\/"},"modified":"2022-06-14T15:16:00","modified_gmt":"2022-06-14T13:16:00","slug":"banco-de-abdominales-doble-inclinado","status":"publish","type":"product","link":"https:\/\/barmaniapro.com\/es\/producto\/banco-de-abdominales-doble-inclinado\/","title":{"rendered":"Banco de abdominales doble inclinado"},"content":{"rendered":"<ul>\n<li><strong>Dise\u00f1o de doble inclinaci\u00f3n:<\/strong> Con dos superficies inclinadas, este banco ofrece versatilidad y una mayor intensidad de entrenamiento, permiti\u00e9ndote realizar una serie de ejercicios en diferentes \u00e1ngulos para un compromiso \u00f3ptimo del tronco.<\/li>\n<li><strong>Robustas vigas de madera de Bilinga:<\/strong> Fabricadas con madera de bilinga de primera calidad, las vigas son duraderas y resistentes al desgaste, lo que garantiza una fuerza y estabilidad duraderas durante tus sesiones de entrenamiento.<\/li>\n<li><strong>Sistema de soporte de seis columnas:<\/strong> La robusta estructura de seis columnas proporciona una estabilidad excepcional, por lo que es ideal para entrenamientos de alta intensidad con confianza y seguridad.<\/li>\n<li><strong>Travesa\u00f1os para mayor apoyo:<\/strong> Los seis travesa\u00f1os de 480 mm garantizan una construcci\u00f3n segura del banco, reforzando su durabilidad y proporcionando estabilidad adicional durante los ejercicios.<\/li>\n<li><strong>Amplias opciones de ejercicio:<\/strong> Perfecta para una gran variedad de ejercicios de tronco, como abdominales inclinados, elevaciones de piernas, planchas, giros oblicuos, etc., a la vez que ejercitas otros grupos musculares, como la zona lumbar y los gl\u00fateos.<\/li>\n<li><strong>Revestimiento resistente a la intemperie:<\/strong> Dise\u00f1ado para su uso en exteriores, el banco presenta un acabado resistente a la intemperie que resiste el \u00f3xido y el desgaste, por lo que es ideal para cualquier parque de calistenia o espacio de fitness.<\/li>\n<li><strong>12 juegos de abrazaderas:<\/strong> Las 12 abrazaderas seguras garantizan que todos los componentes permanezcan firmemente en su sitio durante el uso, proporcionando una experiencia de entrenamiento segura y fiable.<\/li>\n<\/ul>\n","protected":false},"excerpt":{"rendered":"<p>Transforma tu entrenamiento del tronco con el Banco de Abdominales Doble Inclinado BarManiaPro\u00ae, un equipo avanzado dise\u00f1ado para llevar tus entrenamientos de calistenia al siguiente nivel. Con seis columnas, ocho vigas de madera de Bilinga, seis travesa\u00f1os de 480 mm y doce juegos de abrazaderas, este banco proporciona dos superficies inclinadas que permiten realizar una gran variedad de ejercicios, aumentando la intensidad y dirigi\u00e9ndose a m\u00faltiples grupos musculares simult\u00e1neamente. <\/p>\n","protected":false},"featured_media":12413,"comment_status":"open","ping_status":"closed","template":"","meta":{"_acf_changed":false,"inline_featured_image":false},"product_brand":[],"product_cat":[610],"product_tag":[611],"class_list":{"0":"post-27130","1":"product","2":"type-product","3":"status-publish","4":"has-post-thumbnail","6":"product_cat-calistenia-es","7":"product_tag-calistenia","9":"first","10":"instock","11":"taxable","12":"shipping-taxable","13":"product-type-simple"},"acf":[],"yoast_head":"<!-- This site is optimized with the Yoast SEO plugin v26.2 - https:\/\/yoast.com\/wordpress\/plugins\/seo\/ -->\n<title>Banco de abdominales doble inclinado - BarManiaPro<\/title>\n<meta name=\"robots\" content=\"index, follow, max-snippet:-1, max-image-preview:large, max-video-preview:-1\" \/>\n<link rel=\"canonical\" href=\"https:\/\/barmaniapro.com\/es\/producto\/banco-de-abdominales-doble-inclinado\/\" \/>\n<meta property=\"og:locale\" content=\"es_ES\" \/>\n<meta property=\"og:type\" content=\"article\" \/>\n<meta property=\"og:title\" content=\"Banco de abdominales doble inclinado - BarManiaPro\" \/>\n<meta property=\"og:description\" content=\"Transforma tu entrenamiento del tronco con el Banco de Abdominales Doble Inclinado BarManiaPro\u00ae, un equipo avanzado dise\u00f1ado para llevar tus entrenamientos de calistenia al siguiente nivel. Con seis columnas, ocho vigas de madera de Bilinga, seis travesa\u00f1os de 480 mm y doce juegos de abrazaderas, este banco proporciona dos superficies inclinadas que permiten realizar una gran variedad de ejercicios, aumentando la intensidad y dirigi\u00e9ndose a m\u00faltiples grupos musculares simult\u00e1neamente.\" \/>\n<meta property=\"og:url\" content=\"https:\/\/barmaniapro.com\/es\/producto\/banco-de-abdominales-doble-inclinado\/\" \/>\n<meta property=\"og:site_name\" content=\"BarManiaPro\" \/>\n<meta property=\"article:publisher\" content=\"https:\/\/www.facebook.com\/BarManiaPro\/\" \/>\n<meta property=\"og:image\" content=\"https:\/\/barmaniapro.com\/wp-content\/uploads\/2022\/06\/BMP-51031_Double-inclined-abs-benches_classic_1.png\" \/>\n\t<meta property=\"og:image:width\" content=\"1770\" \/>\n\t<meta property=\"og:image:height\" content=\"1770\" \/>\n\t<meta property=\"og:image:type\" content=\"image\/png\" \/>\n<meta name=\"twitter:card\" content=\"summary_large_image\" \/>\n<meta name=\"twitter:label1\" content=\"Tiempo de lectura\" \/>\n\t<meta name=\"twitter:data1\" content=\"1 minuto\" \/>\n<script type=\"application\/ld+json\" class=\"yoast-schema-graph\">{\"@context\":\"https:\/\/schema.org\",\"@graph\":[{\"@type\":\"WebPage\",\"@id\":\"https:\/\/barmaniapro.com\/es\/producto\/banco-de-abdominales-doble-inclinado\/\",\"url\":\"https:\/\/barmaniapro.com\/es\/producto\/banco-de-abdominales-doble-inclinado\/\",\"name\":\"Banco de abdominales doble inclinado - BarManiaPro\",\"isPartOf\":{\"@id\":\"https:\/\/barmaniapro.com\/es\/#website\"},\"primaryImageOfPage\":{\"@id\":\"https:\/\/barmaniapro.com\/es\/producto\/banco-de-abdominales-doble-inclinado\/#primaryimage\"},\"image\":{\"@id\":\"https:\/\/barmaniapro.com\/es\/producto\/banco-de-abdominales-doble-inclinado\/#primaryimage\"},\"thumbnailUrl\":\"https:\/\/barmaniapro.com\/wp-content\/uploads\/2022\/06\/BMP-51031_Double-inclined-abs-benches_classic_1.png\",\"datePublished\":\"2022-06-14T13:16:00+00:00\",\"breadcrumb\":{\"@id\":\"https:\/\/barmaniapro.com\/es\/producto\/banco-de-abdominales-doble-inclinado\/#breadcrumb\"},\"inLanguage\":\"es\",\"potentialAction\":[{\"@type\":\"ReadAction\",\"target\":[\"https:\/\/barmaniapro.com\/es\/producto\/banco-de-abdominales-doble-inclinado\/\"]}]},{\"@type\":\"ImageObject\",\"inLanguage\":\"es\",\"@id\":\"https:\/\/barmaniapro.com\/es\/producto\/banco-de-abdominales-doble-inclinado\/#primaryimage\",\"url\":\"https:\/\/barmaniapro.com\/wp-content\/uploads\/2022\/06\/BMP-51031_Double-inclined-abs-benches_classic_1.png\",\"contentUrl\":\"https:\/\/barmaniapro.com\/wp-content\/uploads\/2022\/06\/BMP-51031_Double-inclined-abs-benches_classic_1.png\",\"width\":1770,\"height\":1770},{\"@type\":\"BreadcrumbList\",\"@id\":\"https:\/\/barmaniapro.com\/es\/producto\/banco-de-abdominales-doble-inclinado\/#breadcrumb\",\"itemListElement\":[{\"@type\":\"ListItem\",\"position\":1,\"name\":\"Tienda\",\"item\":\"https:\/\/barmaniapro.com\/es\/tienda\/\"},{\"@type\":\"ListItem\",\"position\":2,\"name\":\"Banco de abdominales doble inclinado\"}]},{\"@type\":\"WebSite\",\"@id\":\"https:\/\/barmaniapro.com\/es\/#website\",\"url\":\"https:\/\/barmaniapro.com\/es\/\",\"name\":\"BarManiaPro\",\"description\":\"Manufacturer of Calisthenics equipment\",\"potentialAction\":[{\"@type\":\"SearchAction\",\"target\":{\"@type\":\"EntryPoint\",\"urlTemplate\":\"https:\/\/barmaniapro.com\/es\/?s={search_term_string}\"},\"query-input\":{\"@type\":\"PropertyValueSpecification\",\"valueRequired\":true,\"valueName\":\"search_term_string\"}}],\"inLanguage\":\"es\"}]}<\/script>\n<!-- \/ Yoast SEO plugin. -->","yoast_head_json":{"title":"Banco de abdominales doble inclinado - BarManiaPro","robots":{"index":"index","follow":"follow","max-snippet":"max-snippet:-1","max-image-preview":"max-image-preview:large","max-video-preview":"max-video-preview:-1"},"canonical":"https:\/\/barmaniapro.com\/es\/producto\/banco-de-abdominales-doble-inclinado\/","og_locale":"es_ES","og_type":"article","og_title":"Banco de abdominales doble inclinado - BarManiaPro","og_description":"Transforma tu entrenamiento del tronco con el Banco de Abdominales Doble Inclinado BarManiaPro\u00ae, un equipo avanzado dise\u00f1ado para llevar tus entrenamientos de calistenia al siguiente nivel. Con seis columnas, ocho vigas de madera de Bilinga, seis travesa\u00f1os de 480 mm y doce juegos de abrazaderas, este banco proporciona dos superficies inclinadas que permiten realizar una gran variedad de ejercicios, aumentando la intensidad y dirigi\u00e9ndose a m\u00faltiples grupos musculares simult\u00e1neamente.","og_url":"https:\/\/barmaniapro.com\/es\/producto\/banco-de-abdominales-doble-inclinado\/","og_site_name":"BarManiaPro","article_publisher":"https:\/\/www.facebook.com\/BarManiaPro\/","og_image":[{"width":1770,"height":1770,"url":"https:\/\/barmaniapro.com\/wp-content\/uploads\/2022\/06\/BMP-51031_Double-inclined-abs-benches_classic_1.png","type":"image\/png"}],"twitter_card":"summary_large_image","twitter_misc":{"Tiempo de lectura":"1 minuto"},"schema":{"@context":"https:\/\/schema.org","@graph":[{"@type":"WebPage","@id":"https:\/\/barmaniapro.com\/es\/producto\/banco-de-abdominales-doble-inclinado\/","url":"https:\/\/barmaniapro.com\/es\/producto\/banco-de-abdominales-doble-inclinado\/","name":"Banco de abdominales doble inclinado - BarManiaPro","isPartOf":{"@id":"https:\/\/barmaniapro.com\/es\/#website"},"primaryImageOfPage":{"@id":"https:\/\/barmaniapro.com\/es\/producto\/banco-de-abdominales-doble-inclinado\/#primaryimage"},"image":{"@id":"https:\/\/barmaniapro.com\/es\/producto\/banco-de-abdominales-doble-inclinado\/#primaryimage"},"thumbnailUrl":"https:\/\/barmaniapro.com\/wp-content\/uploads\/2022\/06\/BMP-51031_Double-inclined-abs-benches_classic_1.png","datePublished":"2022-06-14T13:16:00+00:00","breadcrumb":{"@id":"https:\/\/barmaniapro.com\/es\/producto\/banco-de-abdominales-doble-inclinado\/#breadcrumb"},"inLanguage":"es","potentialAction":[{"@type":"ReadAction","target":["https:\/\/barmaniapro.com\/es\/producto\/banco-de-abdominales-doble-inclinado\/"]}]},{"@type":"ImageObject","inLanguage":"es","@id":"https:\/\/barmaniapro.com\/es\/producto\/banco-de-abdominales-doble-inclinado\/#primaryimage","url":"https:\/\/barmaniapro.com\/wp-content\/uploads\/2022\/06\/BMP-51031_Double-inclined-abs-benches_classic_1.png","contentUrl":"https:\/\/barmaniapro.com\/wp-content\/uploads\/2022\/06\/BMP-51031_Double-inclined-abs-benches_classic_1.png","width":1770,"height":1770},{"@type":"BreadcrumbList","@id":"https:\/\/barmaniapro.com\/es\/producto\/banco-de-abdominales-doble-inclinado\/#breadcrumb","itemListElement":[{"@type":"ListItem","position":1,"name":"Tienda","item":"https:\/\/barmaniapro.com\/es\/tienda\/"},{"@type":"ListItem","position":2,"name":"Banco de abdominales doble inclinado"}]},{"@type":"WebSite","@id":"https:\/\/barmaniapro.com\/es\/#website","url":"https:\/\/barmaniapro.com\/es\/","name":"BarManiaPro","description":"Manufacturer of Calisthenics equipment","potentialAction":[{"@type":"SearchAction","target":{"@type":"EntryPoint","urlTemplate":"https:\/\/barmaniapro.com\/es\/?s={search_term_string}"},"query-input":{"@type":"PropertyValueSpecification","valueRequired":true,"valueName":"search_term_string"}}],"inLanguage":"es"}]}},"_links":{"self":[{"href":"https:\/\/barmaniapro.com\/es\/wp-json\/wp\/v2\/product\/27130","targetHints":{"allow":["GET"]}}],"collection":[{"href":"https:\/\/barmaniapro.com\/es\/wp-json\/wp\/v2\/product"}],"about":[{"href":"https:\/\/barmaniapro.com\/es\/wp-json\/wp\/v2\/types\/product"}],"replies":[{"embeddable":true,"href":"https:\/\/barmaniapro.com\/es\/wp-json\/wp\/v2\/comments?post=27130"}],"wp:featuredmedia":[{"embeddable":true,"href":"https:\/\/barmaniapro.com\/es\/wp-json\/wp\/v2\/media\/12413"}],"wp:attachment":[{"href":"https:\/\/barmaniapro.com\/es\/wp-json\/wp\/v2\/media?parent=27130"}],"wp:term":[{"taxonomy":"product_brand","embeddable":true,"href":"https:\/\/barmaniapro.com\/es\/wp-json\/wp\/v2\/product_brand?post=27130"},{"taxonomy":"product_cat","embeddable":true,"href":"https:\/\/barmaniapro.com\/es\/wp-json\/wp\/v2\/product_cat?post=27130"},{"taxonomy":"product_tag","embeddable":true,"href":"https:\/\/barmaniapro.com\/es\/wp-json\/wp\/v2\/product_tag?post=27130"}],"curies":[{"name":"wp","href":"https:\/\/api.w.org\/{rel}","templated":true}]}}