{"id":27111,"date":"2022-06-14T15:19:16","date_gmt":"2022-06-14T13:19:16","guid":{"rendered":"https:\/\/barmaniapro.com\/product\/barras-de-dominadas-freestyle\/"},"modified":"2022-06-14T15:19:16","modified_gmt":"2022-06-14T13:19:16","slug":"barras-de-dominadas-freestyle","status":"publish","type":"product","link":"https:\/\/barmaniapro.com\/es\/producto\/barras-de-dominadas-freestyle\/","title":{"rendered":"Barras de dominadas Freestyle"},"content":{"rendered":"<p>La barra de tracci\u00f3n Freestyle BarManiaPro\u00ae est\u00e1 dise\u00f1ada para los atletas a los que les gusta superar los l\u00edmites de su entrenamiento. Tanto si realizas movimientos din\u00e1micos de estilo libre como si desarrollas fuerza fundamental, esta estaci\u00f3n te proporciona el espacio, la estabilidad y la durabilidad que necesitas. Con su elegante dise\u00f1o y robusta construcci\u00f3n, es el complemento perfecto para cualquier entorno de fitness.  <\/p>\n<ul>\n<li><strong>Seis columnas robustas:<\/strong>\n<ul>\n<li>Dise\u00f1ado para ofrecer la m\u00e1xima estabilidad y durabilidad, garantizando la seguridad durante las rutinas de estilo libre de alta energ\u00eda.<\/li>\n<\/ul>\n<\/li>\n<li><strong>Cinco barras transversales largas (1900 mm):<\/strong>\n<ul>\n<li>Proporciona un espacio generoso para las dominadas est\u00e1ndar, las dominadas, las dominadas musculares y las presas est\u00e1ticas.<\/li>\n<li>Ideal para varios usuarios o sesiones de entrenamiento en grupo.<\/li>\n<\/ul>\n<\/li>\n<li><strong>Barra de tracci\u00f3n ultralarga (2200 mm):<\/strong>\n<ul>\n<li>Espec\u00edficamente dise\u00f1ado para movimientos de estilo libre, incluidos giros, volteretas y transiciones din\u00e1micas.<\/li>\n<li>Ofrece el espacio necesario para rutinas de calistenia creativas y habilidades avanzadas.<\/li>\n<\/ul>\n<\/li>\n<li><strong>Barras transversales de 33,7 mm de di\u00e1metro:<\/strong>\n<ul>\n<li>Optimizado para un agarre c\u00f3modo, reduciendo la fatiga de la mano durante entrenamientos prolongados.<\/li>\n<li>Adecuado para deportistas de todos los niveles, desde principiantes hasta practicantes avanzados.<\/li>\n<\/ul>\n<\/li>\n<li><strong>Diez juegos de pinzas:<\/strong>\n<ul>\n<li>Garantiza conexiones seguras y estables entre los componentes para un uso seguro y fiable.<\/li>\n<\/ul>\n<\/li>\n<li><strong>Dise\u00f1o multifuncional de estilo libre:<\/strong>\n<ul>\n<li>Perfecta para ejercicios de estilo libre, de fuerza est\u00e1tica y de calistenia tradicional, satisfaciendo una amplia gama de objetivos de entrenamiento.<\/li>\n<\/ul>\n<\/li>\n<li><strong>Calidad de construcci\u00f3n superior:<\/strong>\n<ul>\n<li>Construido con materiales de alta calidad para soportar un uso riguroso en parques de fitness, gimnasios o instalaciones personales.<\/li>\n<\/ul>\n<\/li>\n<li><strong>Acabado resistente a la intemperie:<\/strong>\n<ul>\n<li>El revestimiento resistente al \u00f3xido garantiza su longevidad, por lo que es ideal para uso en exteriores e interiores.<\/li>\n<\/ul>\n<\/li>\n<\/ul>\n","protected":false},"excerpt":{"rendered":"<p>Las Barras de tracci\u00f3n Freestyle BarManiaPro\u00ae son la estaci\u00f3n de entrenamiento definitiva para los entusiastas de la calistenia freestyle.<\/p>\n<p>Dise\u00f1ada para movimientos din\u00e1micos, esta configuraci\u00f3n incluye seis robustas columnas, cinco barras transversales largas de 1900 mm y una barra de dominadas ultralarga de 2200 mm, que proporcionan amplio espacio y versatilidad para ejercicios avanzados. Las barras transversales, con un di\u00e1metro de 33,7 mm, ofrecen el agarre perfecto para un rendimiento sin fisuras durante tus entrenamientos. <\/p>\n","protected":false},"featured_media":12371,"comment_status":"open","ping_status":"closed","template":"","meta":{"_acf_changed":false,"inline_featured_image":false},"product_brand":[],"product_cat":[610],"product_tag":[611],"class_list":{"0":"post-27111","1":"product","2":"type-product","3":"status-publish","4":"has-post-thumbnail","6":"product_cat-calistenia-es","7":"product_tag-calistenia","9":"first","10":"instock","11":"taxable","12":"shipping-taxable","13":"product-type-simple"},"acf":[],"yoast_head":"<!-- This site is optimized with the Yoast SEO plugin v26.2 - https:\/\/yoast.com\/wordpress\/plugins\/seo\/ -->\n<title>Barras de dominadas Freestyle - BarManiaPro<\/title>\n<meta name=\"robots\" content=\"index, follow, max-snippet:-1, max-image-preview:large, max-video-preview:-1\" \/>\n<link rel=\"canonical\" href=\"https:\/\/barmaniapro.com\/es\/producto\/barras-de-dominadas-freestyle\/\" \/>\n<meta property=\"og:locale\" content=\"es_ES\" \/>\n<meta property=\"og:type\" content=\"article\" \/>\n<meta property=\"og:title\" content=\"Barras de dominadas Freestyle - BarManiaPro\" \/>\n<meta property=\"og:description\" content=\"Las Barras de tracci\u00f3n Freestyle BarManiaPro\u00ae son la estaci\u00f3n de entrenamiento definitiva para los entusiastas de la calistenia freestyle. Dise\u00f1ada para movimientos din\u00e1micos, esta configuraci\u00f3n incluye seis robustas columnas, cinco barras transversales largas de 1900 mm y una barra de dominadas ultralarga de 2200 mm, que proporcionan amplio espacio y versatilidad para ejercicios avanzados. Las barras transversales, con un di\u00e1metro de 33,7 mm, ofrecen el agarre perfecto para un rendimiento sin fisuras durante tus entrenamientos.\" \/>\n<meta property=\"og:url\" content=\"https:\/\/barmaniapro.com\/es\/producto\/barras-de-dominadas-freestyle\/\" \/>\n<meta property=\"og:site_name\" content=\"BarManiaPro\" \/>\n<meta property=\"article:publisher\" content=\"https:\/\/www.facebook.com\/BarManiaPro\/\" \/>\n<meta property=\"og:image\" content=\"https:\/\/barmaniapro.com\/wp-content\/uploads\/2022\/06\/BMP-51020_Freestyle-pull-up-bars_classic_1-min.png\" \/>\n\t<meta property=\"og:image:width\" content=\"1770\" \/>\n\t<meta property=\"og:image:height\" content=\"1770\" \/>\n\t<meta property=\"og:image:type\" content=\"image\/png\" \/>\n<meta name=\"twitter:card\" content=\"summary_large_image\" \/>\n<meta name=\"twitter:label1\" content=\"Tiempo de lectura\" \/>\n\t<meta name=\"twitter:data1\" content=\"1 minuto\" \/>\n<script type=\"application\/ld+json\" class=\"yoast-schema-graph\">{\"@context\":\"https:\/\/schema.org\",\"@graph\":[{\"@type\":\"WebPage\",\"@id\":\"https:\/\/barmaniapro.com\/es\/producto\/barras-de-dominadas-freestyle\/\",\"url\":\"https:\/\/barmaniapro.com\/es\/producto\/barras-de-dominadas-freestyle\/\",\"name\":\"Barras de dominadas Freestyle - BarManiaPro\",\"isPartOf\":{\"@id\":\"https:\/\/barmaniapro.com\/es\/#website\"},\"primaryImageOfPage\":{\"@id\":\"https:\/\/barmaniapro.com\/es\/producto\/barras-de-dominadas-freestyle\/#primaryimage\"},\"image\":{\"@id\":\"https:\/\/barmaniapro.com\/es\/producto\/barras-de-dominadas-freestyle\/#primaryimage\"},\"thumbnailUrl\":\"https:\/\/barmaniapro.com\/wp-content\/uploads\/2022\/06\/BMP-51020_Freestyle-pull-up-bars_classic_1-min.png\",\"datePublished\":\"2022-06-14T13:19:16+00:00\",\"breadcrumb\":{\"@id\":\"https:\/\/barmaniapro.com\/es\/producto\/barras-de-dominadas-freestyle\/#breadcrumb\"},\"inLanguage\":\"es\",\"potentialAction\":[{\"@type\":\"ReadAction\",\"target\":[\"https:\/\/barmaniapro.com\/es\/producto\/barras-de-dominadas-freestyle\/\"]}]},{\"@type\":\"ImageObject\",\"inLanguage\":\"es\",\"@id\":\"https:\/\/barmaniapro.com\/es\/producto\/barras-de-dominadas-freestyle\/#primaryimage\",\"url\":\"https:\/\/barmaniapro.com\/wp-content\/uploads\/2022\/06\/BMP-51020_Freestyle-pull-up-bars_classic_1-min.png\",\"contentUrl\":\"https:\/\/barmaniapro.com\/wp-content\/uploads\/2022\/06\/BMP-51020_Freestyle-pull-up-bars_classic_1-min.png\",\"width\":1770,\"height\":1770},{\"@type\":\"BreadcrumbList\",\"@id\":\"https:\/\/barmaniapro.com\/es\/producto\/barras-de-dominadas-freestyle\/#breadcrumb\",\"itemListElement\":[{\"@type\":\"ListItem\",\"position\":1,\"name\":\"Tienda\",\"item\":\"https:\/\/barmaniapro.com\/es\/tienda\/\"},{\"@type\":\"ListItem\",\"position\":2,\"name\":\"Barras de dominadas Freestyle\"}]},{\"@type\":\"WebSite\",\"@id\":\"https:\/\/barmaniapro.com\/es\/#website\",\"url\":\"https:\/\/barmaniapro.com\/es\/\",\"name\":\"BarManiaPro\",\"description\":\"Manufacturer of Calisthenics equipment\",\"potentialAction\":[{\"@type\":\"SearchAction\",\"target\":{\"@type\":\"EntryPoint\",\"urlTemplate\":\"https:\/\/barmaniapro.com\/es\/?s={search_term_string}\"},\"query-input\":{\"@type\":\"PropertyValueSpecification\",\"valueRequired\":true,\"valueName\":\"search_term_string\"}}],\"inLanguage\":\"es\"}]}<\/script>\n<!-- \/ Yoast SEO plugin. -->","yoast_head_json":{"title":"Barras de dominadas Freestyle - BarManiaPro","robots":{"index":"index","follow":"follow","max-snippet":"max-snippet:-1","max-image-preview":"max-image-preview:large","max-video-preview":"max-video-preview:-1"},"canonical":"https:\/\/barmaniapro.com\/es\/producto\/barras-de-dominadas-freestyle\/","og_locale":"es_ES","og_type":"article","og_title":"Barras de dominadas Freestyle - BarManiaPro","og_description":"Las Barras de tracci\u00f3n Freestyle BarManiaPro\u00ae son la estaci\u00f3n de entrenamiento definitiva para los entusiastas de la calistenia freestyle. Dise\u00f1ada para movimientos din\u00e1micos, esta configuraci\u00f3n incluye seis robustas columnas, cinco barras transversales largas de 1900 mm y una barra de dominadas ultralarga de 2200 mm, que proporcionan amplio espacio y versatilidad para ejercicios avanzados. Las barras transversales, con un di\u00e1metro de 33,7 mm, ofrecen el agarre perfecto para un rendimiento sin fisuras durante tus entrenamientos.","og_url":"https:\/\/barmaniapro.com\/es\/producto\/barras-de-dominadas-freestyle\/","og_site_name":"BarManiaPro","article_publisher":"https:\/\/www.facebook.com\/BarManiaPro\/","og_image":[{"width":1770,"height":1770,"url":"https:\/\/barmaniapro.com\/wp-content\/uploads\/2022\/06\/BMP-51020_Freestyle-pull-up-bars_classic_1-min.png","type":"image\/png"}],"twitter_card":"summary_large_image","twitter_misc":{"Tiempo de lectura":"1 minuto"},"schema":{"@context":"https:\/\/schema.org","@graph":[{"@type":"WebPage","@id":"https:\/\/barmaniapro.com\/es\/producto\/barras-de-dominadas-freestyle\/","url":"https:\/\/barmaniapro.com\/es\/producto\/barras-de-dominadas-freestyle\/","name":"Barras de dominadas Freestyle - BarManiaPro","isPartOf":{"@id":"https:\/\/barmaniapro.com\/es\/#website"},"primaryImageOfPage":{"@id":"https:\/\/barmaniapro.com\/es\/producto\/barras-de-dominadas-freestyle\/#primaryimage"},"image":{"@id":"https:\/\/barmaniapro.com\/es\/producto\/barras-de-dominadas-freestyle\/#primaryimage"},"thumbnailUrl":"https:\/\/barmaniapro.com\/wp-content\/uploads\/2022\/06\/BMP-51020_Freestyle-pull-up-bars_classic_1-min.png","datePublished":"2022-06-14T13:19:16+00:00","breadcrumb":{"@id":"https:\/\/barmaniapro.com\/es\/producto\/barras-de-dominadas-freestyle\/#breadcrumb"},"inLanguage":"es","potentialAction":[{"@type":"ReadAction","target":["https:\/\/barmaniapro.com\/es\/producto\/barras-de-dominadas-freestyle\/"]}]},{"@type":"ImageObject","inLanguage":"es","@id":"https:\/\/barmaniapro.com\/es\/producto\/barras-de-dominadas-freestyle\/#primaryimage","url":"https:\/\/barmaniapro.com\/wp-content\/uploads\/2022\/06\/BMP-51020_Freestyle-pull-up-bars_classic_1-min.png","contentUrl":"https:\/\/barmaniapro.com\/wp-content\/uploads\/2022\/06\/BMP-51020_Freestyle-pull-up-bars_classic_1-min.png","width":1770,"height":1770},{"@type":"BreadcrumbList","@id":"https:\/\/barmaniapro.com\/es\/producto\/barras-de-dominadas-freestyle\/#breadcrumb","itemListElement":[{"@type":"ListItem","position":1,"name":"Tienda","item":"https:\/\/barmaniapro.com\/es\/tienda\/"},{"@type":"ListItem","position":2,"name":"Barras de dominadas Freestyle"}]},{"@type":"WebSite","@id":"https:\/\/barmaniapro.com\/es\/#website","url":"https:\/\/barmaniapro.com\/es\/","name":"BarManiaPro","description":"Manufacturer of Calisthenics equipment","potentialAction":[{"@type":"SearchAction","target":{"@type":"EntryPoint","urlTemplate":"https:\/\/barmaniapro.com\/es\/?s={search_term_string}"},"query-input":{"@type":"PropertyValueSpecification","valueRequired":true,"valueName":"search_term_string"}}],"inLanguage":"es"}]}},"_links":{"self":[{"href":"https:\/\/barmaniapro.com\/es\/wp-json\/wp\/v2\/product\/27111","targetHints":{"allow":["GET"]}}],"collection":[{"href":"https:\/\/barmaniapro.com\/es\/wp-json\/wp\/v2\/product"}],"about":[{"href":"https:\/\/barmaniapro.com\/es\/wp-json\/wp\/v2\/types\/product"}],"replies":[{"embeddable":true,"href":"https:\/\/barmaniapro.com\/es\/wp-json\/wp\/v2\/comments?post=27111"}],"wp:featuredmedia":[{"embeddable":true,"href":"https:\/\/barmaniapro.com\/es\/wp-json\/wp\/v2\/media\/12371"}],"wp:attachment":[{"href":"https:\/\/barmaniapro.com\/es\/wp-json\/wp\/v2\/media?parent=27111"}],"wp:term":[{"taxonomy":"product_brand","embeddable":true,"href":"https:\/\/barmaniapro.com\/es\/wp-json\/wp\/v2\/product_brand?post=27111"},{"taxonomy":"product_cat","embeddable":true,"href":"https:\/\/barmaniapro.com\/es\/wp-json\/wp\/v2\/product_cat?post=27111"},{"taxonomy":"product_tag","embeddable":true,"href":"https:\/\/barmaniapro.com\/es\/wp-json\/wp\/v2\/product_tag?post=27111"}],"curies":[{"name":"wp","href":"https:\/\/api.w.org\/{rel}","templated":true}]}}