{"id":27104,"date":"2022-06-14T15:17:16","date_gmt":"2022-06-14T13:17:16","guid":{"rendered":"https:\/\/barmaniapro.com\/product\/estacion-de-agarre-colgante\/"},"modified":"2026-02-11T08:57:15","modified_gmt":"2026-02-11T07:57:15","slug":"estacion-de-agarre-colgante","status":"publish","type":"product","link":"https:\/\/barmaniapro.com\/es\/producto\/estacion-de-agarre-colgante\/","title":{"rendered":"Hanging Grip Station"},"content":{"rendered":"<p data-start=\"585\" data-end=\"1093\">Construida \u00edntegramente en acero duradero de alta calidad, la estructura est\u00e1 hecha para soportar un uso diario intensivo en entornos p\u00fablicos exigentes. Todos los componentes de acero est\u00e1n totalmente galvanizados para proporcionar una s\u00f3lida capa base de protecci\u00f3n contra el \u00f3xido. A continuaci\u00f3n, la estructura se acaba con un sistema profesional de dos capas, que garantiza una resistencia \u00f3ptima contra la corrosi\u00f3n, la exposici\u00f3n a la intemperie y el desgaste intenso. Esta combinaci\u00f3n garantiza una durabilidad a largo plazo con un mantenimiento m\u00ednimo, incluso en condiciones exteriores duras.   <\/p>\n<p data-start=\"1095\" data-end=\"1469\">Una caracter\u00edstica definitoria de la estaci\u00f3n es el sistema patentado de abrazaderas BarManiaPro. Este innovador sistema de conexi\u00f3n no s\u00f3lo mejora la integridad estructural y la seguridad, sino que tambi\u00e9n crea un aspecto visual limpio, sin juntas y de primera calidad. Los refinados detalles de acabado confieren a la estructura un aspecto arquitect\u00f3nico de alta gama que eleva cualquier parque de fitness al aire libre o zona de entrenamiento p\u00fablica.  <\/p>\n<p data-start=\"1471\" data-end=\"1633\" data-is-last-node=\"\" data-is-only-node=\"\">Dise\u00f1ada para ofrecer rendimiento, durabilidad e impacto visual, la estaci\u00f3n de agarre colgante barManiaPro establece un nuevo est\u00e1ndar en soluciones de entrenamiento de agarre y obst\u00e1culos al aire libre.<\/p>\n","protected":false},"excerpt":{"rendered":"<p>La Estaci\u00f3n de Agarre Colgante barManiaPro es una robusta estructura de entrenamiento preparada para el exterior y dise\u00f1ada para espacios p\u00fablicos, perfecta para atletas de Ninja Warrior y entusiastas del bootcamp. Presenta dos rutas de agarre colgante distintas, cada una de las cuales ofrece un nivel de dificultad diferente y una variedad de retos de agarre para poner a prueba la fuerza, la resistencia y la coordinaci\u00f3n. <\/p>\n<p>Construida para durar y utilizarse a gran volumen, la estaci\u00f3n fomenta el entrenamiento din\u00e1mico de la parte superior del cuerpo, los entrenamientos con obst\u00e1culos y la progresi\u00f3n escalable para usuarios de todos los niveles de forma f\u00edsica.<\/p>\n","protected":false},"featured_media":27618,"comment_status":"open","ping_status":"closed","template":"","meta":{"_acf_changed":false,"inline_featured_image":false},"product_brand":[],"product_cat":[614,682],"product_tag":[669],"class_list":{"0":"post-27104","1":"product","2":"type-product","3":"status-publish","4":"has-post-thumbnail","6":"product_cat-equipo","7":"product_cat-guerrero-ninja","8":"product_tag-guerrero-ninja","10":"first","11":"instock","12":"taxable","13":"shipping-taxable","14":"product-type-simple"},"acf":[],"yoast_head":"<!-- This site is optimized with the Yoast SEO plugin v26.2 - https:\/\/yoast.com\/wordpress\/plugins\/seo\/ -->\n<title>Hanging Grip Station - BarManiaPro<\/title>\n<meta name=\"robots\" content=\"index, follow, max-snippet:-1, max-image-preview:large, max-video-preview:-1\" \/>\n<link rel=\"canonical\" href=\"https:\/\/barmaniapro.com\/es\/producto\/estacion-de-agarre-colgante\/\" \/>\n<meta property=\"og:locale\" content=\"es_ES\" \/>\n<meta property=\"og:type\" content=\"article\" \/>\n<meta property=\"og:title\" content=\"Hanging Grip Station - BarManiaPro\" \/>\n<meta property=\"og:description\" content=\"La Estaci\u00f3n de Agarre Colgante barManiaPro es una robusta estructura de entrenamiento preparada para el exterior y dise\u00f1ada para espacios p\u00fablicos, perfecta para atletas de Ninja Warrior y entusiastas del bootcamp. Presenta dos rutas de agarre colgante distintas, cada una de las cuales ofrece un nivel de dificultad diferente y una variedad de retos de agarre para poner a prueba la fuerza, la resistencia y la coordinaci\u00f3n.  Construida para durar y utilizarse a gran volumen, la estaci\u00f3n fomenta el entrenamiento din\u00e1mico de la parte superior del cuerpo, los entrenamientos con obst\u00e1culos y la progresi\u00f3n escalable para usuarios de todos los niveles de forma f\u00edsica.\" \/>\n<meta property=\"og:url\" content=\"https:\/\/barmaniapro.com\/es\/producto\/estacion-de-agarre-colgante\/\" \/>\n<meta property=\"og:site_name\" content=\"BarManiaPro\" \/>\n<meta property=\"article:publisher\" content=\"https:\/\/www.facebook.com\/BarManiaPro\/\" \/>\n<meta property=\"article:modified_time\" content=\"2026-02-11T07:57:15+00:00\" \/>\n<meta property=\"og:image\" content=\"https:\/\/barmaniapro.com\/wp-content\/uploads\/2022\/06\/BMN-71001_Hanging-grip-station_classic_1-min.png\" \/>\n\t<meta property=\"og:image:width\" content=\"1770\" \/>\n\t<meta property=\"og:image:height\" content=\"1770\" \/>\n\t<meta property=\"og:image:type\" content=\"image\/png\" \/>\n<meta name=\"twitter:card\" content=\"summary_large_image\" \/>\n<meta name=\"twitter:label1\" content=\"Tiempo de lectura\" \/>\n\t<meta name=\"twitter:data1\" content=\"1 minuto\" \/>\n<script type=\"application\/ld+json\" class=\"yoast-schema-graph\">{\"@context\":\"https:\/\/schema.org\",\"@graph\":[{\"@type\":\"WebPage\",\"@id\":\"https:\/\/barmaniapro.com\/es\/producto\/estacion-de-agarre-colgante\/\",\"url\":\"https:\/\/barmaniapro.com\/es\/producto\/estacion-de-agarre-colgante\/\",\"name\":\"Hanging Grip Station - BarManiaPro\",\"isPartOf\":{\"@id\":\"https:\/\/barmaniapro.com\/es\/#website\"},\"primaryImageOfPage\":{\"@id\":\"https:\/\/barmaniapro.com\/es\/producto\/estacion-de-agarre-colgante\/#primaryimage\"},\"image\":{\"@id\":\"https:\/\/barmaniapro.com\/es\/producto\/estacion-de-agarre-colgante\/#primaryimage\"},\"thumbnailUrl\":\"https:\/\/barmaniapro.com\/wp-content\/uploads\/2022\/06\/BMP-71001_Hanging-Grip-Station_2-baans_classic2.png\",\"datePublished\":\"2022-06-14T13:17:16+00:00\",\"dateModified\":\"2026-02-11T07:57:15+00:00\",\"breadcrumb\":{\"@id\":\"https:\/\/barmaniapro.com\/es\/producto\/estacion-de-agarre-colgante\/#breadcrumb\"},\"inLanguage\":\"es\",\"potentialAction\":[{\"@type\":\"ReadAction\",\"target\":[\"https:\/\/barmaniapro.com\/es\/producto\/estacion-de-agarre-colgante\/\"]}]},{\"@type\":\"ImageObject\",\"inLanguage\":\"es\",\"@id\":\"https:\/\/barmaniapro.com\/es\/producto\/estacion-de-agarre-colgante\/#primaryimage\",\"url\":\"https:\/\/barmaniapro.com\/wp-content\/uploads\/2022\/06\/BMP-71001_Hanging-Grip-Station_2-baans_classic2.png\",\"contentUrl\":\"https:\/\/barmaniapro.com\/wp-content\/uploads\/2022\/06\/BMP-71001_Hanging-Grip-Station_2-baans_classic2.png\",\"width\":1726,\"height\":1726},{\"@type\":\"BreadcrumbList\",\"@id\":\"https:\/\/barmaniapro.com\/es\/producto\/estacion-de-agarre-colgante\/#breadcrumb\",\"itemListElement\":[{\"@type\":\"ListItem\",\"position\":1,\"name\":\"Tienda\",\"item\":\"https:\/\/barmaniapro.com\/es\/tienda\/\"},{\"@type\":\"ListItem\",\"position\":2,\"name\":\"Hanging Grip Station\"}]},{\"@type\":\"WebSite\",\"@id\":\"https:\/\/barmaniapro.com\/es\/#website\",\"url\":\"https:\/\/barmaniapro.com\/es\/\",\"name\":\"BarManiaPro\",\"description\":\"Manufacturer of Calisthenics equipment\",\"potentialAction\":[{\"@type\":\"SearchAction\",\"target\":{\"@type\":\"EntryPoint\",\"urlTemplate\":\"https:\/\/barmaniapro.com\/es\/?s={search_term_string}\"},\"query-input\":{\"@type\":\"PropertyValueSpecification\",\"valueRequired\":true,\"valueName\":\"search_term_string\"}}],\"inLanguage\":\"es\"}]}<\/script>\n<!-- \/ Yoast SEO plugin. -->","yoast_head_json":{"title":"Hanging Grip Station - BarManiaPro","robots":{"index":"index","follow":"follow","max-snippet":"max-snippet:-1","max-image-preview":"max-image-preview:large","max-video-preview":"max-video-preview:-1"},"canonical":"https:\/\/barmaniapro.com\/es\/producto\/estacion-de-agarre-colgante\/","og_locale":"es_ES","og_type":"article","og_title":"Hanging Grip Station - BarManiaPro","og_description":"La Estaci\u00f3n de Agarre Colgante barManiaPro es una robusta estructura de entrenamiento preparada para el exterior y dise\u00f1ada para espacios p\u00fablicos, perfecta para atletas de Ninja Warrior y entusiastas del bootcamp. Presenta dos rutas de agarre colgante distintas, cada una de las cuales ofrece un nivel de dificultad diferente y una variedad de retos de agarre para poner a prueba la fuerza, la resistencia y la coordinaci\u00f3n.  Construida para durar y utilizarse a gran volumen, la estaci\u00f3n fomenta el entrenamiento din\u00e1mico de la parte superior del cuerpo, los entrenamientos con obst\u00e1culos y la progresi\u00f3n escalable para usuarios de todos los niveles de forma f\u00edsica.","og_url":"https:\/\/barmaniapro.com\/es\/producto\/estacion-de-agarre-colgante\/","og_site_name":"BarManiaPro","article_publisher":"https:\/\/www.facebook.com\/BarManiaPro\/","article_modified_time":"2026-02-11T07:57:15+00:00","og_image":[{"width":1770,"height":1770,"url":"https:\/\/barmaniapro.com\/wp-content\/uploads\/2022\/06\/BMN-71001_Hanging-grip-station_classic_1-min.png","type":"image\/png"}],"twitter_card":"summary_large_image","twitter_misc":{"Tiempo de lectura":"1 minuto"},"schema":{"@context":"https:\/\/schema.org","@graph":[{"@type":"WebPage","@id":"https:\/\/barmaniapro.com\/es\/producto\/estacion-de-agarre-colgante\/","url":"https:\/\/barmaniapro.com\/es\/producto\/estacion-de-agarre-colgante\/","name":"Hanging Grip Station - BarManiaPro","isPartOf":{"@id":"https:\/\/barmaniapro.com\/es\/#website"},"primaryImageOfPage":{"@id":"https:\/\/barmaniapro.com\/es\/producto\/estacion-de-agarre-colgante\/#primaryimage"},"image":{"@id":"https:\/\/barmaniapro.com\/es\/producto\/estacion-de-agarre-colgante\/#primaryimage"},"thumbnailUrl":"https:\/\/barmaniapro.com\/wp-content\/uploads\/2022\/06\/BMP-71001_Hanging-Grip-Station_2-baans_classic2.png","datePublished":"2022-06-14T13:17:16+00:00","dateModified":"2026-02-11T07:57:15+00:00","breadcrumb":{"@id":"https:\/\/barmaniapro.com\/es\/producto\/estacion-de-agarre-colgante\/#breadcrumb"},"inLanguage":"es","potentialAction":[{"@type":"ReadAction","target":["https:\/\/barmaniapro.com\/es\/producto\/estacion-de-agarre-colgante\/"]}]},{"@type":"ImageObject","inLanguage":"es","@id":"https:\/\/barmaniapro.com\/es\/producto\/estacion-de-agarre-colgante\/#primaryimage","url":"https:\/\/barmaniapro.com\/wp-content\/uploads\/2022\/06\/BMP-71001_Hanging-Grip-Station_2-baans_classic2.png","contentUrl":"https:\/\/barmaniapro.com\/wp-content\/uploads\/2022\/06\/BMP-71001_Hanging-Grip-Station_2-baans_classic2.png","width":1726,"height":1726},{"@type":"BreadcrumbList","@id":"https:\/\/barmaniapro.com\/es\/producto\/estacion-de-agarre-colgante\/#breadcrumb","itemListElement":[{"@type":"ListItem","position":1,"name":"Tienda","item":"https:\/\/barmaniapro.com\/es\/tienda\/"},{"@type":"ListItem","position":2,"name":"Hanging Grip Station"}]},{"@type":"WebSite","@id":"https:\/\/barmaniapro.com\/es\/#website","url":"https:\/\/barmaniapro.com\/es\/","name":"BarManiaPro","description":"Manufacturer of Calisthenics equipment","potentialAction":[{"@type":"SearchAction","target":{"@type":"EntryPoint","urlTemplate":"https:\/\/barmaniapro.com\/es\/?s={search_term_string}"},"query-input":{"@type":"PropertyValueSpecification","valueRequired":true,"valueName":"search_term_string"}}],"inLanguage":"es"}]}},"_links":{"self":[{"href":"https:\/\/barmaniapro.com\/es\/wp-json\/wp\/v2\/product\/27104","targetHints":{"allow":["GET"]}}],"collection":[{"href":"https:\/\/barmaniapro.com\/es\/wp-json\/wp\/v2\/product"}],"about":[{"href":"https:\/\/barmaniapro.com\/es\/wp-json\/wp\/v2\/types\/product"}],"replies":[{"embeddable":true,"href":"https:\/\/barmaniapro.com\/es\/wp-json\/wp\/v2\/comments?post=27104"}],"wp:featuredmedia":[{"embeddable":true,"href":"https:\/\/barmaniapro.com\/es\/wp-json\/wp\/v2\/media\/27618"}],"wp:attachment":[{"href":"https:\/\/barmaniapro.com\/es\/wp-json\/wp\/v2\/media?parent=27104"}],"wp:term":[{"taxonomy":"product_brand","embeddable":true,"href":"https:\/\/barmaniapro.com\/es\/wp-json\/wp\/v2\/product_brand?post=27104"},{"taxonomy":"product_cat","embeddable":true,"href":"https:\/\/barmaniapro.com\/es\/wp-json\/wp\/v2\/product_cat?post=27104"},{"taxonomy":"product_tag","embeddable":true,"href":"https:\/\/barmaniapro.com\/es\/wp-json\/wp\/v2\/product_tag?post=27104"}],"curies":[{"name":"wp","href":"https:\/\/api.w.org\/{rel}","templated":true}]}}