{"id":27099,"date":"2022-06-14T15:17:16","date_gmt":"2022-06-14T13:17:16","guid":{"rendered":"https:\/\/barmaniapro.com\/product\/pared-parada-de-manos\/"},"modified":"2022-06-14T15:17:16","modified_gmt":"2022-06-14T13:17:16","slug":"pared-parada-de-manos","status":"publish","type":"product","link":"https:\/\/barmaniapro.com\/es\/producto\/pared-parada-de-manos\/","title":{"rendered":"Pared parada de manos"},"content":{"rendered":"<article class=\"w-full text-token-text-primary focus-visible:outline-2 focus-visible:outline-offset-[-4px]\" dir=\"auto\" data-testid=\"conversation-turn-27\" data-scroll-anchor=\"true\">\n<div class=\"m-auto text-base py-[18px] px-6\">\n<div class=\"mx-auto flex flex-1 text-base gap-4 md:gap-5 lg:gap-6 md:max-w-3xl\">\n<div class=\"group\/conversation-turn relative flex w-full min-w-0 flex-col agent-turn @xs\/thread:px-0 @sm\/thread:px-1.5 @md\/thread:px-4\">\n<div class=\"flex-col gap-1 md:gap-3\">\n<div class=\"flex max-w-full flex-col flex-grow\">\n<div class=\"min-h-8 text-message relative flex w-full flex-col items-end gap-2 whitespace-normal break-words text-start [.text-message+&amp;]:mt-5\" dir=\"auto\" data-message-author-role=\"assistant\" data-message-id=\"7daae4e5-e390-4767-99da-1f2a901ce720\" data-message-model-slug=\"gpt-4o-mini\">\n<div class=\"flex w-full flex-col gap-1 empty:hidden first:pt-[3px]\">\n<div class=\"markdown prose w-full break-words dark:prose-invert light\">\n<h5 data-start=\"608\" data-end=\"621\">Caracter\u00edsticas:<\/h5>\n<ul data-start=\"622\" data-end=\"1644\">\n<li data-start=\"622\" data-end=\"796\"><strong data-start=\"624\" data-end=\"647\">Dos columnas de 3400 mm<\/strong>: Las robustas columnas de alta calidad proporcionan una base s\u00f3lida y estable para el muro de parada de manos, garantizando seguridad y apoyo durante tus sesiones de entrenamiento.<\/li>\n<li data-start=\"797\" data-end=\"1103\"><strong data-start=\"799\" data-end=\"826\">Tres barras transversales de 1450 mm<\/strong>: Los travesa\u00f1os est\u00e1n colocados estrat\u00e9gicamente para ofrecer una estructura de apoyo equilibrada para las posturas de manos y otros ejercicios con el peso del cuerpo. Su altura est\u00e1 dise\u00f1ada para adaptarse a diversos ejercicios, desde principiantes que practican el equilibrio hasta usuarios avanzados que buscan perfeccionar la forma de pararse de manos. <\/li>\n<li data-start=\"1104\" data-end=\"1388\"><strong data-start=\"1106\" data-end=\"1153\">Placa Trespa (2200 mm x 1450 mm, 6 mm de grosor)<\/strong>: La gran placa Trespa proporciona una superficie lisa, duradera y segura para practicar paradas de manos. El grosor de 6 mm garantiza un rendimiento duradero, mientras que el material resiste el desgaste, manteniendo la estabilidad durante el uso repetido. <\/li>\n<li data-start=\"1389\" data-end=\"1644\"><strong data-start=\"1391\" data-end=\"1413\">Entrenamiento vers\u00e1til<\/strong>: La pared est\u00e1 dise\u00f1ada para una amplia gama de ejercicios, como flexiones de manos, paseos por la pared y ejercicios de equilibrio. Es una herramienta esencial para cualquiera que desee mejorar sus habilidades de parada de manos, la fuerza de los hombros y la estabilidad del tronco. <\/li>\n<\/ul>\n<h5 data-start=\"1646\" data-end=\"1674\">Ideal para espacios p\u00fablicos:<\/h5>\n<ul data-start=\"1675\" data-end=\"2922\">\n<li data-start=\"1675\" data-end=\"1934\"><strong data-start=\"1677\" data-end=\"1711\">Desarrollo de la fuerza y el equilibrio<\/strong>: La <strong data-start=\"1717\" data-end=\"1747\">Pared de Parada de Manos barManiaPro<\/strong> es perfecta para atletas de todos los niveles que buscan desarrollar la fuerza de la parte superior del cuerpo, mejorar la estabilidad del tronco y desarrollar el equilibrio. Es imprescindible para el entrenamiento de paradas de manos y calistenia. <\/li>\n<li data-start=\"1935\" data-end=\"2230\"><strong data-start=\"1937\" data-end=\"1966\">Herramienta de entrenamiento progresivo<\/strong>: Tanto si acabas de empezar como si eres un atleta experimentado, el muro de parada de manos proporciona el entorno adecuado para progresar gradualmente. Los principiantes pueden centrarse en desarrollar el equilibrio, mientras que los usuarios avanzados pueden perfeccionar las flexiones de manos y otros movimientos avanzados. <\/li>\n<li data-start=\"2231\" data-end=\"2519\"><strong data-start=\"2233\" data-end=\"2264\">Duradera y resistente a la intemperie<\/strong>: Construida con materiales de alta calidad, incluidas placas Trespa resistentes a la intemperie, la <strong data-start=\"2348\" data-end=\"2378\">Pared de Parada de Manos barManiaPro<\/strong> es ideal tanto para uso en interiores como en exteriores. Resiste las inclemencias del tiempo, por lo que es perfecta para parques p\u00fablicos, gimnasios y centros de fitness al aire libre. <\/li>\n<li data-start=\"2520\" data-end=\"2723\"><strong data-start=\"2522\" data-end=\"2557\">Entrenamiento en grupo y fitness social<\/strong>: El dise\u00f1o fomenta el entrenamiento en grupo y los retos de fitness, por lo que es una gran adici\u00f3n a los espacios p\u00fablicos donde se fomenta la interacci\u00f3n social y los entrenamientos en grupo.<\/li>\n<li data-start=\"2724\" data-end=\"2922\"><strong data-start=\"2726\" data-end=\"2745\">Poco Mantenimiento<\/strong>: La construcci\u00f3n robusta y los materiales duraderos garantizan que la <strong data-start=\"2809\" data-end=\"2839\">Pared para pararse de manos barManiaPro<\/strong> requiera un mantenimiento m\u00ednimo, lo que la convierte en un complemento ideal para entornos muy transitados.<\/li>\n<\/ul>\n<p data-start=\"2924\" data-end=\"3310\" data-is-last-node=\"\" data-is-only-node=\"\">Eleva tu forma f\u00edsica y lleva tu entrenamiento de paradas de manos a nuevas cotas con la <strong data-start=\"3010\" data-end=\"3040\">Pared de Paradas de Manos barManiaPro<\/strong>. Al ofrecer una superficie duradera, segura y de apoyo, es perfecta para los atletas que desean mejorar su fuerza, equilibrio y control corporal en general. Perfecta para espacios p\u00fablicos o gimnasios privados, esta pared te ayudar\u00e1 a alcanzar tus objetivos de parada de manos con confianza y facilidad.  <\/p>\n<\/div>\n<\/div>\n<\/div>\n<\/div>\n<div class=\"mb-2 flex gap-3 empty:hidden -ml-2\">\n<div class=\"items-center justify-start rounded-xl p-1 flex\">\n<div class=\"flex items-center\"><\/div>\n<\/div>\n<\/div>\n<div class=\"mt-3 w-full empty:hidden\">\n<div class=\"text-center\"><\/div>\n<\/div>\n<\/div>\n<div class=\"absolute\">\n<div class=\"flex items-center justify-center\"><\/div>\n<\/div>\n<\/div>\n<\/div>\n<\/div>\n<\/article>\n<div class=\"pointer-events-none h-px w-px\" aria-hidden=\"true\" data-edge=\"true\"><\/div>\n","protected":false},"excerpt":{"rendered":"<p>Libera todo tu potencial con la Pared para pararse de manos barManiaPro, una herramienta de entrenamiento \u00fanica dise\u00f1ada para ayudar a los atletas a dominar las paradas de manos, desarrollar la fuerza de la parte superior del cuerpo y mejorar el equilibrio.<\/p>\n<p>Perfecta para gimnasios, parques de fitness y espacios de entrenamiento p\u00fablicos, esta innovadora pieza de equipamiento proporciona una superficie estable y de apoyo para practicar paradas de manos, flexiones de manos y otros ejercicios avanzados de peso corporal.<\/p>\n<p>Tanto si eres un principiante como un atleta experimentado, la Pared para pararse de manos barManiaPro ofrece la plataforma ideal para mejorar tu fuerza, coordinaci\u00f3n y t\u00e9cnica.<\/p>\n","protected":false},"featured_media":12658,"comment_status":"open","ping_status":"closed","template":"","meta":{"_acf_changed":false,"inline_featured_image":false},"product_brand":[],"product_cat":[613,614,616],"product_tag":[615],"class_list":{"0":"post-27099","1":"product","2":"type-product","3":"status-publish","4":"has-post-thumbnail","6":"product_cat-bootcamp-es","7":"product_cat-equipo","8":"product_cat-entrenamiento-infantil","9":"product_tag-bootcamp-es","11":"first","12":"instock","13":"taxable","14":"shipping-taxable","15":"product-type-simple"},"acf":[],"yoast_head":"<!-- This site is optimized with the Yoast SEO plugin v26.2 - https:\/\/yoast.com\/wordpress\/plugins\/seo\/ -->\n<title>Pared parada de manos - BarManiaPro<\/title>\n<meta name=\"robots\" content=\"index, follow, max-snippet:-1, max-image-preview:large, max-video-preview:-1\" \/>\n<link rel=\"canonical\" href=\"https:\/\/barmaniapro.com\/es\/producto\/pared-parada-de-manos\/\" \/>\n<meta property=\"og:locale\" content=\"es_ES\" \/>\n<meta property=\"og:type\" content=\"article\" \/>\n<meta property=\"og:title\" content=\"Pared parada de manos - BarManiaPro\" \/>\n<meta property=\"og:description\" content=\"Libera todo tu potencial con la Pared para pararse de manos barManiaPro, una herramienta de entrenamiento \u00fanica dise\u00f1ada para ayudar a los atletas a dominar las paradas de manos, desarrollar la fuerza de la parte superior del cuerpo y mejorar el equilibrio. Perfecta para gimnasios, parques de fitness y espacios de entrenamiento p\u00fablicos, esta innovadora pieza de equipamiento proporciona una superficie estable y de apoyo para practicar paradas de manos, flexiones de manos y otros ejercicios avanzados de peso corporal. Tanto si eres un principiante como un atleta experimentado, la Pared para pararse de manos barManiaPro ofrece la plataforma ideal para mejorar tu fuerza, coordinaci\u00f3n y t\u00e9cnica.\" \/>\n<meta property=\"og:url\" content=\"https:\/\/barmaniapro.com\/es\/producto\/pared-parada-de-manos\/\" \/>\n<meta property=\"og:site_name\" content=\"BarManiaPro\" \/>\n<meta property=\"article:publisher\" content=\"https:\/\/www.facebook.com\/BarManiaPro\/\" \/>\n<meta property=\"og:image\" content=\"https:\/\/barmaniapro.com\/wp-content\/uploads\/2022\/06\/BMP-61027_Handstand-wall_classic_1.png\" \/>\n\t<meta property=\"og:image:width\" content=\"1770\" \/>\n\t<meta property=\"og:image:height\" content=\"1770\" \/>\n\t<meta property=\"og:image:type\" content=\"image\/png\" \/>\n<meta name=\"twitter:card\" content=\"summary_large_image\" \/>\n<meta name=\"twitter:label1\" content=\"Tiempo de lectura\" \/>\n\t<meta name=\"twitter:data1\" content=\"3 minuto\" \/>\n<script type=\"application\/ld+json\" class=\"yoast-schema-graph\">{\"@context\":\"https:\/\/schema.org\",\"@graph\":[{\"@type\":\"WebPage\",\"@id\":\"https:\/\/barmaniapro.com\/es\/producto\/pared-parada-de-manos\/\",\"url\":\"https:\/\/barmaniapro.com\/es\/producto\/pared-parada-de-manos\/\",\"name\":\"Pared parada de manos - BarManiaPro\",\"isPartOf\":{\"@id\":\"https:\/\/barmaniapro.com\/es\/#website\"},\"primaryImageOfPage\":{\"@id\":\"https:\/\/barmaniapro.com\/es\/producto\/pared-parada-de-manos\/#primaryimage\"},\"image\":{\"@id\":\"https:\/\/barmaniapro.com\/es\/producto\/pared-parada-de-manos\/#primaryimage\"},\"thumbnailUrl\":\"https:\/\/barmaniapro.com\/wp-content\/uploads\/2022\/06\/BMP-61027_Handstand-wall_classic_1.png\",\"datePublished\":\"2022-06-14T13:17:16+00:00\",\"breadcrumb\":{\"@id\":\"https:\/\/barmaniapro.com\/es\/producto\/pared-parada-de-manos\/#breadcrumb\"},\"inLanguage\":\"es\",\"potentialAction\":[{\"@type\":\"ReadAction\",\"target\":[\"https:\/\/barmaniapro.com\/es\/producto\/pared-parada-de-manos\/\"]}]},{\"@type\":\"ImageObject\",\"inLanguage\":\"es\",\"@id\":\"https:\/\/barmaniapro.com\/es\/producto\/pared-parada-de-manos\/#primaryimage\",\"url\":\"https:\/\/barmaniapro.com\/wp-content\/uploads\/2022\/06\/BMP-61027_Handstand-wall_classic_1.png\",\"contentUrl\":\"https:\/\/barmaniapro.com\/wp-content\/uploads\/2022\/06\/BMP-61027_Handstand-wall_classic_1.png\",\"width\":1770,\"height\":1770},{\"@type\":\"BreadcrumbList\",\"@id\":\"https:\/\/barmaniapro.com\/es\/producto\/pared-parada-de-manos\/#breadcrumb\",\"itemListElement\":[{\"@type\":\"ListItem\",\"position\":1,\"name\":\"Tienda\",\"item\":\"https:\/\/barmaniapro.com\/es\/tienda\/\"},{\"@type\":\"ListItem\",\"position\":2,\"name\":\"Pared parada de manos\"}]},{\"@type\":\"WebSite\",\"@id\":\"https:\/\/barmaniapro.com\/es\/#website\",\"url\":\"https:\/\/barmaniapro.com\/es\/\",\"name\":\"BarManiaPro\",\"description\":\"Manufacturer of Calisthenics equipment\",\"potentialAction\":[{\"@type\":\"SearchAction\",\"target\":{\"@type\":\"EntryPoint\",\"urlTemplate\":\"https:\/\/barmaniapro.com\/es\/?s={search_term_string}\"},\"query-input\":{\"@type\":\"PropertyValueSpecification\",\"valueRequired\":true,\"valueName\":\"search_term_string\"}}],\"inLanguage\":\"es\"}]}<\/script>\n<!-- \/ Yoast SEO plugin. -->","yoast_head_json":{"title":"Pared parada de manos - BarManiaPro","robots":{"index":"index","follow":"follow","max-snippet":"max-snippet:-1","max-image-preview":"max-image-preview:large","max-video-preview":"max-video-preview:-1"},"canonical":"https:\/\/barmaniapro.com\/es\/producto\/pared-parada-de-manos\/","og_locale":"es_ES","og_type":"article","og_title":"Pared parada de manos - BarManiaPro","og_description":"Libera todo tu potencial con la Pared para pararse de manos barManiaPro, una herramienta de entrenamiento \u00fanica dise\u00f1ada para ayudar a los atletas a dominar las paradas de manos, desarrollar la fuerza de la parte superior del cuerpo y mejorar el equilibrio. Perfecta para gimnasios, parques de fitness y espacios de entrenamiento p\u00fablicos, esta innovadora pieza de equipamiento proporciona una superficie estable y de apoyo para practicar paradas de manos, flexiones de manos y otros ejercicios avanzados de peso corporal. Tanto si eres un principiante como un atleta experimentado, la Pared para pararse de manos barManiaPro ofrece la plataforma ideal para mejorar tu fuerza, coordinaci\u00f3n y t\u00e9cnica.","og_url":"https:\/\/barmaniapro.com\/es\/producto\/pared-parada-de-manos\/","og_site_name":"BarManiaPro","article_publisher":"https:\/\/www.facebook.com\/BarManiaPro\/","og_image":[{"width":1770,"height":1770,"url":"https:\/\/barmaniapro.com\/wp-content\/uploads\/2022\/06\/BMP-61027_Handstand-wall_classic_1.png","type":"image\/png"}],"twitter_card":"summary_large_image","twitter_misc":{"Tiempo de lectura":"3 minuto"},"schema":{"@context":"https:\/\/schema.org","@graph":[{"@type":"WebPage","@id":"https:\/\/barmaniapro.com\/es\/producto\/pared-parada-de-manos\/","url":"https:\/\/barmaniapro.com\/es\/producto\/pared-parada-de-manos\/","name":"Pared parada de manos - BarManiaPro","isPartOf":{"@id":"https:\/\/barmaniapro.com\/es\/#website"},"primaryImageOfPage":{"@id":"https:\/\/barmaniapro.com\/es\/producto\/pared-parada-de-manos\/#primaryimage"},"image":{"@id":"https:\/\/barmaniapro.com\/es\/producto\/pared-parada-de-manos\/#primaryimage"},"thumbnailUrl":"https:\/\/barmaniapro.com\/wp-content\/uploads\/2022\/06\/BMP-61027_Handstand-wall_classic_1.png","datePublished":"2022-06-14T13:17:16+00:00","breadcrumb":{"@id":"https:\/\/barmaniapro.com\/es\/producto\/pared-parada-de-manos\/#breadcrumb"},"inLanguage":"es","potentialAction":[{"@type":"ReadAction","target":["https:\/\/barmaniapro.com\/es\/producto\/pared-parada-de-manos\/"]}]},{"@type":"ImageObject","inLanguage":"es","@id":"https:\/\/barmaniapro.com\/es\/producto\/pared-parada-de-manos\/#primaryimage","url":"https:\/\/barmaniapro.com\/wp-content\/uploads\/2022\/06\/BMP-61027_Handstand-wall_classic_1.png","contentUrl":"https:\/\/barmaniapro.com\/wp-content\/uploads\/2022\/06\/BMP-61027_Handstand-wall_classic_1.png","width":1770,"height":1770},{"@type":"BreadcrumbList","@id":"https:\/\/barmaniapro.com\/es\/producto\/pared-parada-de-manos\/#breadcrumb","itemListElement":[{"@type":"ListItem","position":1,"name":"Tienda","item":"https:\/\/barmaniapro.com\/es\/tienda\/"},{"@type":"ListItem","position":2,"name":"Pared parada de manos"}]},{"@type":"WebSite","@id":"https:\/\/barmaniapro.com\/es\/#website","url":"https:\/\/barmaniapro.com\/es\/","name":"BarManiaPro","description":"Manufacturer of Calisthenics equipment","potentialAction":[{"@type":"SearchAction","target":{"@type":"EntryPoint","urlTemplate":"https:\/\/barmaniapro.com\/es\/?s={search_term_string}"},"query-input":{"@type":"PropertyValueSpecification","valueRequired":true,"valueName":"search_term_string"}}],"inLanguage":"es"}]}},"_links":{"self":[{"href":"https:\/\/barmaniapro.com\/es\/wp-json\/wp\/v2\/product\/27099","targetHints":{"allow":["GET"]}}],"collection":[{"href":"https:\/\/barmaniapro.com\/es\/wp-json\/wp\/v2\/product"}],"about":[{"href":"https:\/\/barmaniapro.com\/es\/wp-json\/wp\/v2\/types\/product"}],"replies":[{"embeddable":true,"href":"https:\/\/barmaniapro.com\/es\/wp-json\/wp\/v2\/comments?post=27099"}],"wp:featuredmedia":[{"embeddable":true,"href":"https:\/\/barmaniapro.com\/es\/wp-json\/wp\/v2\/media\/12658"}],"wp:attachment":[{"href":"https:\/\/barmaniapro.com\/es\/wp-json\/wp\/v2\/media?parent=27099"}],"wp:term":[{"taxonomy":"product_brand","embeddable":true,"href":"https:\/\/barmaniapro.com\/es\/wp-json\/wp\/v2\/product_brand?post=27099"},{"taxonomy":"product_cat","embeddable":true,"href":"https:\/\/barmaniapro.com\/es\/wp-json\/wp\/v2\/product_cat?post=27099"},{"taxonomy":"product_tag","embeddable":true,"href":"https:\/\/barmaniapro.com\/es\/wp-json\/wp\/v2\/product_tag?post=27099"}],"curies":[{"name":"wp","href":"https:\/\/api.w.org\/{rel}","templated":true}]}}