{"id":27094,"date":"2022-06-14T15:17:16","date_gmt":"2022-06-14T13:17:16","guid":{"rendered":"https:\/\/barmaniapro.com\/product\/estacion-de-entrenamiento-profesional\/"},"modified":"2022-06-14T15:17:16","modified_gmt":"2022-06-14T13:17:16","slug":"estacion-de-entrenamiento-profesional","status":"publish","type":"product","link":"https:\/\/barmaniapro.com\/es\/producto\/estacion-de-entrenamiento-profesional\/","title":{"rendered":"Estaci\u00f3n de entrenamiento profesional"},"content":{"rendered":"<p><strong>BarManiaPro Estaci\u00f3n de entrenamiento profesional &#8211; Lo \u00faltimo en estaciones de fitness para espacios p\u00fablicos, gimnasios y hoteles<\/strong><\/p>\n<p>La Estaci\u00f3n de Entrenamiento Profesional BarManiaPro es una soluci\u00f3n de fitness premium de alto rendimiento dise\u00f1ada para espacios p\u00fablicos, gimnasios y \u00e1reas de fitness de hoteles. Esta estaci\u00f3n, que combina componentes de entrenamiento vers\u00e1tiles como una barra de abdominales, una pared sueca, dos barras de inmersi\u00f3n de alta calidad y seis barras para flexiones y dominadas, es perfecta para atletas de todos los niveles. Tanto si tu objetivo es la fuerza, la resistencia o la potencia explosiva, la Estaci\u00f3n de Entrenamiento Profesional BarManiaPro proporciona las herramientas necesarias para un entrenamiento completo de todo el cuerpo en un dise\u00f1o que ocupa poco espacio.  <\/p>\n<h5><strong>Caracter\u00edsticas:<\/strong><\/h5>\n<ul>\n<li><strong>Barra de mono<\/strong>: Mejora la fuerza de agarre, la resistencia de la parte superior del cuerpo y la coordinaci\u00f3n con este elemento cl\u00e1sico de calistenia, ideal para usuarios de todos los niveles de habilidad.<\/li>\n<li><strong>Pared Sueca<\/strong>: Una herramienta de fitness vers\u00e1til que permite realizar ejercicios con el peso corporal, estiramientos y entrenamiento de la flexibilidad, implicando a todo el cuerpo.<\/li>\n<li>Barras de inmersi\u00f3n <strong>premium dobles<\/strong>: fortalece y define el pecho, los tr\u00edceps y los hombros con barras de inmersi\u00f3n paralelas dise\u00f1adas para ofrecer comodidad y estabilidad.<\/li>\n<li><strong>Seis barras para<\/strong> dominadas <strong>y flexiones<\/strong>: Ajustables a diferentes alturas para ofrecer diversas variaciones de dominadas y flexiones, que se adaptan a diferentes objetivos de entrenamiento y niveles de forma f\u00edsica.<\/li>\n<li><strong>Barra alta para dominadas explosivas<\/strong>: Dise\u00f1ada espec\u00edficamente para el entrenamiento de dominadas explosivas, esta barra alta ayuda a los atletas a desarrollar potencia y mejorar la fuerza din\u00e1mica.<\/li>\n<li><strong>Sistema de abrazaderas patentado<\/strong>: Montaje r\u00e1pido y seguro mediante nuestro sistema de abrazaderas patentado, que garantiza una estructura estable y duradera para un uso prolongado.<\/li>\n<\/ul>\n","protected":false},"excerpt":{"rendered":"<ul>\n<li><strong>Construcci\u00f3n de acero pr\u00e9mium<\/strong>: Fabricado para durar, hecho de acero de primera calidad<\/li>\n<li><strong>Protecci\u00f3n contra el \u00f3xido de doble capa<\/strong>: El acabado de doble capa garantiza una protecci\u00f3n duradera contra el \u00f3xido y la corrosi\u00f3n<\/li>\n<li><strong>Dise\u00f1o que ahorra espacio<\/strong>: Perfecto para lugares con espacio limitado<\/li>\n<li><strong>Resistente a la intemperie<\/strong>: Dise\u00f1ado para uso en exteriores, este parque est\u00e1 construido para resistir a los elementos<\/li>\n<li><strong>F\u00e1cil instalaci\u00f3n y mantenimiento<\/strong>: El sistema de abrazadera patentado simplifica el montaje y el mantenimiento<\/li>\n<\/ul>\n<p>&nbsp;<\/p>\n","protected":false},"featured_media":13636,"comment_status":"open","ping_status":"closed","template":"","meta":{"_acf_changed":false,"inline_featured_image":false},"product_brand":[],"product_cat":[610],"product_tag":[611],"class_list":{"0":"post-27094","1":"product","2":"type-product","3":"status-publish","4":"has-post-thumbnail","6":"product_cat-calistenia-es","7":"product_tag-calistenia","9":"first","10":"instock","11":"taxable","12":"shipping-taxable","13":"product-type-simple"},"acf":[],"yoast_head":"<!-- This site is optimized with the Yoast SEO plugin v26.2 - https:\/\/yoast.com\/wordpress\/plugins\/seo\/ -->\n<title>Estaci\u00f3n de entrenamiento profesional - BarManiaPro<\/title>\n<meta name=\"robots\" content=\"index, follow, max-snippet:-1, max-image-preview:large, max-video-preview:-1\" \/>\n<link rel=\"canonical\" href=\"https:\/\/barmaniapro.com\/es\/producto\/estacion-de-entrenamiento-profesional\/\" \/>\n<meta property=\"og:locale\" content=\"es_ES\" \/>\n<meta property=\"og:type\" content=\"article\" \/>\n<meta property=\"og:title\" content=\"Estaci\u00f3n de entrenamiento profesional - BarManiaPro\" \/>\n<meta property=\"og:description\" content=\"Construcci\u00f3n de acero pr\u00e9mium: Fabricado para durar, hecho de acero de primera calidad  Protecci\u00f3n contra el \u00f3xido de doble capa: El acabado de doble capa garantiza una protecci\u00f3n duradera contra el \u00f3xido y la corrosi\u00f3n  Dise\u00f1o que ahorra espacio: Perfecto para lugares con espacio limitado  Resistente a la intemperie: Dise\u00f1ado para uso en exteriores, este parque est\u00e1 construido para resistir a los elementos  F\u00e1cil instalaci\u00f3n y mantenimiento: El sistema de abrazadera patentado simplifica el montaje y el mantenimiento &nbsp;\" \/>\n<meta property=\"og:url\" content=\"https:\/\/barmaniapro.com\/es\/producto\/estacion-de-entrenamiento-profesional\/\" \/>\n<meta property=\"og:site_name\" content=\"BarManiaPro\" \/>\n<meta property=\"article:publisher\" content=\"https:\/\/www.facebook.com\/BarManiaPro\/\" \/>\n<meta property=\"og:image\" content=\"https:\/\/barmaniapro.com\/wp-content\/uploads\/2022\/06\/BMP-51036_Workout-station-Pro_classic_1-min.png\" \/>\n\t<meta property=\"og:image:width\" content=\"1770\" \/>\n\t<meta property=\"og:image:height\" content=\"1770\" \/>\n\t<meta property=\"og:image:type\" content=\"image\/png\" \/>\n<meta name=\"twitter:card\" content=\"summary_large_image\" \/>\n<meta name=\"twitter:label1\" content=\"Tiempo de lectura\" \/>\n\t<meta name=\"twitter:data1\" content=\"2 minuto\" \/>\n<script type=\"application\/ld+json\" class=\"yoast-schema-graph\">{\"@context\":\"https:\/\/schema.org\",\"@graph\":[{\"@type\":\"WebPage\",\"@id\":\"https:\/\/barmaniapro.com\/es\/producto\/estacion-de-entrenamiento-profesional\/\",\"url\":\"https:\/\/barmaniapro.com\/es\/producto\/estacion-de-entrenamiento-profesional\/\",\"name\":\"Estaci\u00f3n de entrenamiento profesional - BarManiaPro\",\"isPartOf\":{\"@id\":\"https:\/\/barmaniapro.com\/es\/#website\"},\"primaryImageOfPage\":{\"@id\":\"https:\/\/barmaniapro.com\/es\/producto\/estacion-de-entrenamiento-profesional\/#primaryimage\"},\"image\":{\"@id\":\"https:\/\/barmaniapro.com\/es\/producto\/estacion-de-entrenamiento-profesional\/#primaryimage\"},\"thumbnailUrl\":\"https:\/\/barmaniapro.com\/wp-content\/uploads\/2022\/06\/BMP-51036_Workout-station-Pro_classic_1-min.png\",\"datePublished\":\"2022-06-14T13:17:16+00:00\",\"breadcrumb\":{\"@id\":\"https:\/\/barmaniapro.com\/es\/producto\/estacion-de-entrenamiento-profesional\/#breadcrumb\"},\"inLanguage\":\"es\",\"potentialAction\":[{\"@type\":\"ReadAction\",\"target\":[\"https:\/\/barmaniapro.com\/es\/producto\/estacion-de-entrenamiento-profesional\/\"]}]},{\"@type\":\"ImageObject\",\"inLanguage\":\"es\",\"@id\":\"https:\/\/barmaniapro.com\/es\/producto\/estacion-de-entrenamiento-profesional\/#primaryimage\",\"url\":\"https:\/\/barmaniapro.com\/wp-content\/uploads\/2022\/06\/BMP-51036_Workout-station-Pro_classic_1-min.png\",\"contentUrl\":\"https:\/\/barmaniapro.com\/wp-content\/uploads\/2022\/06\/BMP-51036_Workout-station-Pro_classic_1-min.png\",\"width\":1770,\"height\":1770},{\"@type\":\"BreadcrumbList\",\"@id\":\"https:\/\/barmaniapro.com\/es\/producto\/estacion-de-entrenamiento-profesional\/#breadcrumb\",\"itemListElement\":[{\"@type\":\"ListItem\",\"position\":1,\"name\":\"Tienda\",\"item\":\"https:\/\/barmaniapro.com\/es\/tienda\/\"},{\"@type\":\"ListItem\",\"position\":2,\"name\":\"Estaci\u00f3n de entrenamiento profesional\"}]},{\"@type\":\"WebSite\",\"@id\":\"https:\/\/barmaniapro.com\/es\/#website\",\"url\":\"https:\/\/barmaniapro.com\/es\/\",\"name\":\"BarManiaPro\",\"description\":\"Manufacturer of Calisthenics equipment\",\"potentialAction\":[{\"@type\":\"SearchAction\",\"target\":{\"@type\":\"EntryPoint\",\"urlTemplate\":\"https:\/\/barmaniapro.com\/es\/?s={search_term_string}\"},\"query-input\":{\"@type\":\"PropertyValueSpecification\",\"valueRequired\":true,\"valueName\":\"search_term_string\"}}],\"inLanguage\":\"es\"}]}<\/script>\n<!-- \/ Yoast SEO plugin. -->","yoast_head_json":{"title":"Estaci\u00f3n de entrenamiento profesional - BarManiaPro","robots":{"index":"index","follow":"follow","max-snippet":"max-snippet:-1","max-image-preview":"max-image-preview:large","max-video-preview":"max-video-preview:-1"},"canonical":"https:\/\/barmaniapro.com\/es\/producto\/estacion-de-entrenamiento-profesional\/","og_locale":"es_ES","og_type":"article","og_title":"Estaci\u00f3n de entrenamiento profesional - BarManiaPro","og_description":"Construcci\u00f3n de acero pr\u00e9mium: Fabricado para durar, hecho de acero de primera calidad  Protecci\u00f3n contra el \u00f3xido de doble capa: El acabado de doble capa garantiza una protecci\u00f3n duradera contra el \u00f3xido y la corrosi\u00f3n  Dise\u00f1o que ahorra espacio: Perfecto para lugares con espacio limitado  Resistente a la intemperie: Dise\u00f1ado para uso en exteriores, este parque est\u00e1 construido para resistir a los elementos  F\u00e1cil instalaci\u00f3n y mantenimiento: El sistema de abrazadera patentado simplifica el montaje y el mantenimiento &nbsp;","og_url":"https:\/\/barmaniapro.com\/es\/producto\/estacion-de-entrenamiento-profesional\/","og_site_name":"BarManiaPro","article_publisher":"https:\/\/www.facebook.com\/BarManiaPro\/","og_image":[{"width":1770,"height":1770,"url":"https:\/\/barmaniapro.com\/wp-content\/uploads\/2022\/06\/BMP-51036_Workout-station-Pro_classic_1-min.png","type":"image\/png"}],"twitter_card":"summary_large_image","twitter_misc":{"Tiempo de lectura":"2 minuto"},"schema":{"@context":"https:\/\/schema.org","@graph":[{"@type":"WebPage","@id":"https:\/\/barmaniapro.com\/es\/producto\/estacion-de-entrenamiento-profesional\/","url":"https:\/\/barmaniapro.com\/es\/producto\/estacion-de-entrenamiento-profesional\/","name":"Estaci\u00f3n de entrenamiento profesional - BarManiaPro","isPartOf":{"@id":"https:\/\/barmaniapro.com\/es\/#website"},"primaryImageOfPage":{"@id":"https:\/\/barmaniapro.com\/es\/producto\/estacion-de-entrenamiento-profesional\/#primaryimage"},"image":{"@id":"https:\/\/barmaniapro.com\/es\/producto\/estacion-de-entrenamiento-profesional\/#primaryimage"},"thumbnailUrl":"https:\/\/barmaniapro.com\/wp-content\/uploads\/2022\/06\/BMP-51036_Workout-station-Pro_classic_1-min.png","datePublished":"2022-06-14T13:17:16+00:00","breadcrumb":{"@id":"https:\/\/barmaniapro.com\/es\/producto\/estacion-de-entrenamiento-profesional\/#breadcrumb"},"inLanguage":"es","potentialAction":[{"@type":"ReadAction","target":["https:\/\/barmaniapro.com\/es\/producto\/estacion-de-entrenamiento-profesional\/"]}]},{"@type":"ImageObject","inLanguage":"es","@id":"https:\/\/barmaniapro.com\/es\/producto\/estacion-de-entrenamiento-profesional\/#primaryimage","url":"https:\/\/barmaniapro.com\/wp-content\/uploads\/2022\/06\/BMP-51036_Workout-station-Pro_classic_1-min.png","contentUrl":"https:\/\/barmaniapro.com\/wp-content\/uploads\/2022\/06\/BMP-51036_Workout-station-Pro_classic_1-min.png","width":1770,"height":1770},{"@type":"BreadcrumbList","@id":"https:\/\/barmaniapro.com\/es\/producto\/estacion-de-entrenamiento-profesional\/#breadcrumb","itemListElement":[{"@type":"ListItem","position":1,"name":"Tienda","item":"https:\/\/barmaniapro.com\/es\/tienda\/"},{"@type":"ListItem","position":2,"name":"Estaci\u00f3n de entrenamiento profesional"}]},{"@type":"WebSite","@id":"https:\/\/barmaniapro.com\/es\/#website","url":"https:\/\/barmaniapro.com\/es\/","name":"BarManiaPro","description":"Manufacturer of Calisthenics equipment","potentialAction":[{"@type":"SearchAction","target":{"@type":"EntryPoint","urlTemplate":"https:\/\/barmaniapro.com\/es\/?s={search_term_string}"},"query-input":{"@type":"PropertyValueSpecification","valueRequired":true,"valueName":"search_term_string"}}],"inLanguage":"es"}]}},"_links":{"self":[{"href":"https:\/\/barmaniapro.com\/es\/wp-json\/wp\/v2\/product\/27094","targetHints":{"allow":["GET"]}}],"collection":[{"href":"https:\/\/barmaniapro.com\/es\/wp-json\/wp\/v2\/product"}],"about":[{"href":"https:\/\/barmaniapro.com\/es\/wp-json\/wp\/v2\/types\/product"}],"replies":[{"embeddable":true,"href":"https:\/\/barmaniapro.com\/es\/wp-json\/wp\/v2\/comments?post=27094"}],"wp:featuredmedia":[{"embeddable":true,"href":"https:\/\/barmaniapro.com\/es\/wp-json\/wp\/v2\/media\/13636"}],"wp:attachment":[{"href":"https:\/\/barmaniapro.com\/es\/wp-json\/wp\/v2\/media?parent=27094"}],"wp:term":[{"taxonomy":"product_brand","embeddable":true,"href":"https:\/\/barmaniapro.com\/es\/wp-json\/wp\/v2\/product_brand?post=27094"},{"taxonomy":"product_cat","embeddable":true,"href":"https:\/\/barmaniapro.com\/es\/wp-json\/wp\/v2\/product_cat?post=27094"},{"taxonomy":"product_tag","embeddable":true,"href":"https:\/\/barmaniapro.com\/es\/wp-json\/wp\/v2\/product_tag?post=27094"}],"curies":[{"name":"wp","href":"https:\/\/api.w.org\/{rel}","templated":true}]}}