{"id":27086,"date":"2022-06-14T15:16:00","date_gmt":"2022-06-14T13:16:00","guid":{"rendered":"https:\/\/barmaniapro.com\/product\/silla-romana-para-abdominales\/"},"modified":"2022-06-14T15:16:00","modified_gmt":"2022-06-14T13:16:00","slug":"silla-romana-para-abdominales","status":"publish","type":"product","link":"https:\/\/barmaniapro.com\/es\/producto\/silla-romana-para-abdominales\/","title":{"rendered":"Silla romana para abdominales"},"content":{"rendered":"<ul>\n<li><strong>Vigas de madera de Bilinga para apoyo de la espalda:<\/strong> Cuatro vigas de madera de Bilinga est\u00e1n colocadas estrat\u00e9gicamente para proporcionar un apoyo superior a la espalda, permiti\u00e9ndote realizar ejercicios de tronco como elevaciones de piernas, abdominales y planchas con mayor comodidad y seguridad.<\/li>\n<li><strong>Vigas de apoyo para los brazos:<\/strong> Dos vigas ergon\u00f3micas de madera para apoyar los brazos ofrecen estabilidad adicional durante los ejercicios, asegurando que mantengas la postura y la forma correctas durante todo el entrenamiento.<\/li>\n<li><strong>Armaz\u00f3n de acero resistente:<\/strong> Construida con un armaz\u00f3n de acero de alta calidad, la Silla Romans Abs est\u00e1 dise\u00f1ada para ofrecer durabilidad y estabilidad, proporcionando una base segura incluso durante sesiones de entrenamiento intensas.<\/li>\n<li><strong>Entrenamiento vers\u00e1til del tronco:<\/strong> Perfecta para una gran variedad de ejercicios abdominales, como elevaciones de piernas en silla romana, abdominales sentado, ejercicios lumbares, etc., la silla te permite trabajar los abdominales superiores e inferiores, los oblicuos y los flexores de la cadera.<\/li>\n<li><strong>Dise\u00f1o compacto:<\/strong> La Silla Romans Abs es compacta pero robusta, lo que la hace ideal para parques de calistenia, gimnasios o espacios de entrenamiento personal, sin ocupar un espacio excesivo.<\/li>\n<li><strong>Revestimiento resistente a la intemperie:<\/strong> La silla est\u00e1 equipada con un acabado resistente a la intemperie y al \u00f3xido, lo que la hace perfecta para su uso en exteriores y garantiza una larga durabilidad.<\/li>\n<li><strong>Sistema de sujeci\u00f3n seguro:<\/strong> Las cuatro abrazaderas de alta calidad garantizan que todos los componentes permanezcan firmemente en su sitio, ofreciendo una experiencia de entrenamiento segura y fiable.<\/li>\n<\/ul>\n","protected":false},"excerpt":{"rendered":"<p>La Silla Romana para Abdominales BarManiaPro\u00ae es el equipo definitivo para trabajar el tronco, ya que ofrece un apoyo y una estabilidad excepcionales para realizar ejercicios abdominales y de la parte inferior del cuerpo. Dise\u00f1ada con dos fuertes columnas, cuatro vigas de madera de Bilinga para el respaldo, dos vigas para los brazos y un robusto armaz\u00f3n de acero, esta silla proporciona la base perfecta para realizar diversos ejercicios con el peso del cuerpo que fortalecen el tronco y mejoran la forma f\u00edsica general. <\/p>\n","protected":false},"featured_media":12421,"comment_status":"open","ping_status":"closed","template":"","meta":{"_acf_changed":false,"inline_featured_image":false},"product_brand":[],"product_cat":[610],"product_tag":[611],"class_list":{"0":"post-27086","1":"product","2":"type-product","3":"status-publish","4":"has-post-thumbnail","6":"product_cat-calistenia-es","7":"product_tag-calistenia","9":"first","10":"instock","11":"taxable","12":"shipping-taxable","13":"product-type-simple"},"acf":[],"yoast_head":"<!-- This site is optimized with the Yoast SEO plugin v26.2 - https:\/\/yoast.com\/wordpress\/plugins\/seo\/ -->\n<title>Silla romana para abdominales - BarManiaPro<\/title>\n<meta name=\"robots\" content=\"index, follow, max-snippet:-1, max-image-preview:large, max-video-preview:-1\" \/>\n<link rel=\"canonical\" href=\"https:\/\/barmaniapro.com\/es\/producto\/silla-romana-para-abdominales\/\" \/>\n<meta property=\"og:locale\" content=\"es_ES\" \/>\n<meta property=\"og:type\" content=\"article\" \/>\n<meta property=\"og:title\" content=\"Silla romana para abdominales - BarManiaPro\" \/>\n<meta property=\"og:description\" content=\"La Silla Romana para Abdominales BarManiaPro\u00ae es el equipo definitivo para trabajar el tronco, ya que ofrece un apoyo y una estabilidad excepcionales para realizar ejercicios abdominales y de la parte inferior del cuerpo. Dise\u00f1ada con dos fuertes columnas, cuatro vigas de madera de Bilinga para el respaldo, dos vigas para los brazos y un robusto armaz\u00f3n de acero, esta silla proporciona la base perfecta para realizar diversos ejercicios con el peso del cuerpo que fortalecen el tronco y mejoran la forma f\u00edsica general.\" \/>\n<meta property=\"og:url\" content=\"https:\/\/barmaniapro.com\/es\/producto\/silla-romana-para-abdominales\/\" \/>\n<meta property=\"og:site_name\" content=\"BarManiaPro\" \/>\n<meta property=\"article:publisher\" content=\"https:\/\/www.facebook.com\/BarManiaPro\/\" \/>\n<meta property=\"og:image\" content=\"https:\/\/barmaniapro.com\/wp-content\/uploads\/2022\/06\/BMP-51032_Roman-abs-chair_classic_1.png\" \/>\n\t<meta property=\"og:image:width\" content=\"1770\" \/>\n\t<meta property=\"og:image:height\" content=\"1770\" \/>\n\t<meta property=\"og:image:type\" content=\"image\/png\" \/>\n<meta name=\"twitter:card\" content=\"summary_large_image\" \/>\n<meta name=\"twitter:label1\" content=\"Tiempo de lectura\" \/>\n\t<meta name=\"twitter:data1\" content=\"1 minuto\" \/>\n<script type=\"application\/ld+json\" class=\"yoast-schema-graph\">{\"@context\":\"https:\/\/schema.org\",\"@graph\":[{\"@type\":\"WebPage\",\"@id\":\"https:\/\/barmaniapro.com\/es\/producto\/silla-romana-para-abdominales\/\",\"url\":\"https:\/\/barmaniapro.com\/es\/producto\/silla-romana-para-abdominales\/\",\"name\":\"Silla romana para abdominales - BarManiaPro\",\"isPartOf\":{\"@id\":\"https:\/\/barmaniapro.com\/es\/#website\"},\"primaryImageOfPage\":{\"@id\":\"https:\/\/barmaniapro.com\/es\/producto\/silla-romana-para-abdominales\/#primaryimage\"},\"image\":{\"@id\":\"https:\/\/barmaniapro.com\/es\/producto\/silla-romana-para-abdominales\/#primaryimage\"},\"thumbnailUrl\":\"https:\/\/barmaniapro.com\/wp-content\/uploads\/2022\/06\/BMP-51032_Roman-abs-chair_classic_1.png\",\"datePublished\":\"2022-06-14T13:16:00+00:00\",\"breadcrumb\":{\"@id\":\"https:\/\/barmaniapro.com\/es\/producto\/silla-romana-para-abdominales\/#breadcrumb\"},\"inLanguage\":\"es\",\"potentialAction\":[{\"@type\":\"ReadAction\",\"target\":[\"https:\/\/barmaniapro.com\/es\/producto\/silla-romana-para-abdominales\/\"]}]},{\"@type\":\"ImageObject\",\"inLanguage\":\"es\",\"@id\":\"https:\/\/barmaniapro.com\/es\/producto\/silla-romana-para-abdominales\/#primaryimage\",\"url\":\"https:\/\/barmaniapro.com\/wp-content\/uploads\/2022\/06\/BMP-51032_Roman-abs-chair_classic_1.png\",\"contentUrl\":\"https:\/\/barmaniapro.com\/wp-content\/uploads\/2022\/06\/BMP-51032_Roman-abs-chair_classic_1.png\",\"width\":1770,\"height\":1770},{\"@type\":\"BreadcrumbList\",\"@id\":\"https:\/\/barmaniapro.com\/es\/producto\/silla-romana-para-abdominales\/#breadcrumb\",\"itemListElement\":[{\"@type\":\"ListItem\",\"position\":1,\"name\":\"Tienda\",\"item\":\"https:\/\/barmaniapro.com\/es\/tienda\/\"},{\"@type\":\"ListItem\",\"position\":2,\"name\":\"Silla romana para abdominales\"}]},{\"@type\":\"WebSite\",\"@id\":\"https:\/\/barmaniapro.com\/es\/#website\",\"url\":\"https:\/\/barmaniapro.com\/es\/\",\"name\":\"BarManiaPro\",\"description\":\"Manufacturer of Calisthenics equipment\",\"potentialAction\":[{\"@type\":\"SearchAction\",\"target\":{\"@type\":\"EntryPoint\",\"urlTemplate\":\"https:\/\/barmaniapro.com\/es\/?s={search_term_string}\"},\"query-input\":{\"@type\":\"PropertyValueSpecification\",\"valueRequired\":true,\"valueName\":\"search_term_string\"}}],\"inLanguage\":\"es\"}]}<\/script>\n<!-- \/ Yoast SEO plugin. -->","yoast_head_json":{"title":"Silla romana para abdominales - BarManiaPro","robots":{"index":"index","follow":"follow","max-snippet":"max-snippet:-1","max-image-preview":"max-image-preview:large","max-video-preview":"max-video-preview:-1"},"canonical":"https:\/\/barmaniapro.com\/es\/producto\/silla-romana-para-abdominales\/","og_locale":"es_ES","og_type":"article","og_title":"Silla romana para abdominales - BarManiaPro","og_description":"La Silla Romana para Abdominales BarManiaPro\u00ae es el equipo definitivo para trabajar el tronco, ya que ofrece un apoyo y una estabilidad excepcionales para realizar ejercicios abdominales y de la parte inferior del cuerpo. Dise\u00f1ada con dos fuertes columnas, cuatro vigas de madera de Bilinga para el respaldo, dos vigas para los brazos y un robusto armaz\u00f3n de acero, esta silla proporciona la base perfecta para realizar diversos ejercicios con el peso del cuerpo que fortalecen el tronco y mejoran la forma f\u00edsica general.","og_url":"https:\/\/barmaniapro.com\/es\/producto\/silla-romana-para-abdominales\/","og_site_name":"BarManiaPro","article_publisher":"https:\/\/www.facebook.com\/BarManiaPro\/","og_image":[{"width":1770,"height":1770,"url":"https:\/\/barmaniapro.com\/wp-content\/uploads\/2022\/06\/BMP-51032_Roman-abs-chair_classic_1.png","type":"image\/png"}],"twitter_card":"summary_large_image","twitter_misc":{"Tiempo de lectura":"1 minuto"},"schema":{"@context":"https:\/\/schema.org","@graph":[{"@type":"WebPage","@id":"https:\/\/barmaniapro.com\/es\/producto\/silla-romana-para-abdominales\/","url":"https:\/\/barmaniapro.com\/es\/producto\/silla-romana-para-abdominales\/","name":"Silla romana para abdominales - BarManiaPro","isPartOf":{"@id":"https:\/\/barmaniapro.com\/es\/#website"},"primaryImageOfPage":{"@id":"https:\/\/barmaniapro.com\/es\/producto\/silla-romana-para-abdominales\/#primaryimage"},"image":{"@id":"https:\/\/barmaniapro.com\/es\/producto\/silla-romana-para-abdominales\/#primaryimage"},"thumbnailUrl":"https:\/\/barmaniapro.com\/wp-content\/uploads\/2022\/06\/BMP-51032_Roman-abs-chair_classic_1.png","datePublished":"2022-06-14T13:16:00+00:00","breadcrumb":{"@id":"https:\/\/barmaniapro.com\/es\/producto\/silla-romana-para-abdominales\/#breadcrumb"},"inLanguage":"es","potentialAction":[{"@type":"ReadAction","target":["https:\/\/barmaniapro.com\/es\/producto\/silla-romana-para-abdominales\/"]}]},{"@type":"ImageObject","inLanguage":"es","@id":"https:\/\/barmaniapro.com\/es\/producto\/silla-romana-para-abdominales\/#primaryimage","url":"https:\/\/barmaniapro.com\/wp-content\/uploads\/2022\/06\/BMP-51032_Roman-abs-chair_classic_1.png","contentUrl":"https:\/\/barmaniapro.com\/wp-content\/uploads\/2022\/06\/BMP-51032_Roman-abs-chair_classic_1.png","width":1770,"height":1770},{"@type":"BreadcrumbList","@id":"https:\/\/barmaniapro.com\/es\/producto\/silla-romana-para-abdominales\/#breadcrumb","itemListElement":[{"@type":"ListItem","position":1,"name":"Tienda","item":"https:\/\/barmaniapro.com\/es\/tienda\/"},{"@type":"ListItem","position":2,"name":"Silla romana para abdominales"}]},{"@type":"WebSite","@id":"https:\/\/barmaniapro.com\/es\/#website","url":"https:\/\/barmaniapro.com\/es\/","name":"BarManiaPro","description":"Manufacturer of Calisthenics equipment","potentialAction":[{"@type":"SearchAction","target":{"@type":"EntryPoint","urlTemplate":"https:\/\/barmaniapro.com\/es\/?s={search_term_string}"},"query-input":{"@type":"PropertyValueSpecification","valueRequired":true,"valueName":"search_term_string"}}],"inLanguage":"es"}]}},"_links":{"self":[{"href":"https:\/\/barmaniapro.com\/es\/wp-json\/wp\/v2\/product\/27086","targetHints":{"allow":["GET"]}}],"collection":[{"href":"https:\/\/barmaniapro.com\/es\/wp-json\/wp\/v2\/product"}],"about":[{"href":"https:\/\/barmaniapro.com\/es\/wp-json\/wp\/v2\/types\/product"}],"replies":[{"embeddable":true,"href":"https:\/\/barmaniapro.com\/es\/wp-json\/wp\/v2\/comments?post=27086"}],"wp:featuredmedia":[{"embeddable":true,"href":"https:\/\/barmaniapro.com\/es\/wp-json\/wp\/v2\/media\/12421"}],"wp:attachment":[{"href":"https:\/\/barmaniapro.com\/es\/wp-json\/wp\/v2\/media?parent=27086"}],"wp:term":[{"taxonomy":"product_brand","embeddable":true,"href":"https:\/\/barmaniapro.com\/es\/wp-json\/wp\/v2\/product_brand?post=27086"},{"taxonomy":"product_cat","embeddable":true,"href":"https:\/\/barmaniapro.com\/es\/wp-json\/wp\/v2\/product_cat?post=27086"},{"taxonomy":"product_tag","embeddable":true,"href":"https:\/\/barmaniapro.com\/es\/wp-json\/wp\/v2\/product_tag?post=27086"}],"curies":[{"name":"wp","href":"https:\/\/api.w.org\/{rel}","templated":true}]}}