{"id":27085,"date":"2022-06-14T15:16:00","date_gmt":"2022-06-14T13:16:00","guid":{"rendered":"https:\/\/barmaniapro.com\/product\/banco-de-abdominales-inclinado\/"},"modified":"2022-06-14T15:16:00","modified_gmt":"2022-06-14T13:16:00","slug":"banco-de-abdominales-inclinado","status":"publish","type":"product","link":"https:\/\/barmaniapro.com\/es\/producto\/banco-de-abdominales-inclinado\/","title":{"rendered":"Banco de abdominales inclinado"},"content":{"rendered":"<ul>\n<li><strong>Ligera inclinaci\u00f3n para un mayor desaf\u00edo:<\/strong> La ligera inclinaci\u00f3n del banco aumenta la intensidad de los ejercicios de tronco, como abdominales, elevaciones de piernas y abdominales, involucrando m\u00e1s fibras musculares para obtener mejores resultados.<\/li>\n<li><strong>Duraderos largueros de madera de Bilinga:<\/strong> Fabricados con madera de Bilinga de alta calidad, los largueros proporcionan una resistencia y estabilidad excepcionales, garantizando que el banco se mantenga duradero y seguro durante tus entrenamientos.<\/li>\n<li><strong>Soporte de cuatro columnas:<\/strong> El dise\u00f1o de cuatro columnas garantiza una base estable y fiable, que te permite realizar movimientos con confianza y seguridad.<\/li>\n<li><strong>Opciones de ejercicio vers\u00e1tiles:<\/strong> Ideal para trabajar el tronco con ejercicios como abdominales inclinados, elevaciones de piernas, planchas e incluso rutinas de estiramientos. La inclinaci\u00f3n tambi\u00e9n permite trabajar otros grupos musculares, como los gl\u00fateos y la zona lumbar. <\/li>\n<li><strong>Revestimiento resistente a la intemperie:<\/strong> Dise\u00f1ado para soportar los elementos exteriores, el acabado resistente a la intemperie garantiza un rendimiento duradero en diversas condiciones.<\/li>\n<li><strong>Compacto y eficiente en espacio:<\/strong> Perfecta para gimnasios dom\u00e9sticos, parques de calistenia o estudios de fitness, ofrece una potente herramienta de entrenamiento en un dise\u00f1o que ocupa poco espacio.<\/li>\n<\/ul>\n","protected":false},"excerpt":{"rendered":"<p>Eleva tu entrenamiento del tronco con el Banco de abdominales inclinado BarManiaPro\u00ae, un vers\u00e1til equipo de calistenia dise\u00f1ado para llevar tus ejercicios abdominales y de todo el cuerpo al siguiente nivel. Con cuatro robustas columnas y cuatro vigas de madera de Bilinga, este banco est\u00e1 ligeramente inclinado para proporcionar un \u00e1ngulo m\u00e1s desafiante para una variedad de ejercicios, ayud\u00e1ndote a trabajar el tronco y a mejorar la fuerza, la estabilidad y la resistencia. <\/p>\n","protected":false},"featured_media":12405,"comment_status":"open","ping_status":"closed","template":"","meta":{"_acf_changed":false,"inline_featured_image":false},"product_brand":[],"product_cat":[610],"product_tag":[611],"class_list":{"0":"post-27085","1":"product","2":"type-product","3":"status-publish","4":"has-post-thumbnail","6":"product_cat-calistenia-es","7":"product_tag-calistenia","9":"first","10":"instock","11":"taxable","12":"shipping-taxable","13":"product-type-simple"},"acf":[],"yoast_head":"<!-- This site is optimized with the Yoast SEO plugin v26.2 - https:\/\/yoast.com\/wordpress\/plugins\/seo\/ -->\n<title>Banco de abdominales inclinado - BarManiaPro<\/title>\n<meta name=\"robots\" content=\"index, follow, max-snippet:-1, max-image-preview:large, max-video-preview:-1\" \/>\n<link rel=\"canonical\" href=\"https:\/\/barmaniapro.com\/es\/producto\/banco-de-abdominales-inclinado\/\" \/>\n<meta property=\"og:locale\" content=\"es_ES\" \/>\n<meta property=\"og:type\" content=\"article\" \/>\n<meta property=\"og:title\" content=\"Banco de abdominales inclinado - BarManiaPro\" \/>\n<meta property=\"og:description\" content=\"Eleva tu entrenamiento del tronco con el Banco de abdominales inclinado BarManiaPro\u00ae, un vers\u00e1til equipo de calistenia dise\u00f1ado para llevar tus ejercicios abdominales y de todo el cuerpo al siguiente nivel. Con cuatro robustas columnas y cuatro vigas de madera de Bilinga, este banco est\u00e1 ligeramente inclinado para proporcionar un \u00e1ngulo m\u00e1s desafiante para una variedad de ejercicios, ayud\u00e1ndote a trabajar el tronco y a mejorar la fuerza, la estabilidad y la resistencia.\" \/>\n<meta property=\"og:url\" content=\"https:\/\/barmaniapro.com\/es\/producto\/banco-de-abdominales-inclinado\/\" \/>\n<meta property=\"og:site_name\" content=\"BarManiaPro\" \/>\n<meta property=\"article:publisher\" content=\"https:\/\/www.facebook.com\/BarManiaPro\/\" \/>\n<meta property=\"og:image\" content=\"https:\/\/barmaniapro.com\/wp-content\/uploads\/2022\/06\/BMP-51030_Inclined-abs-bench_classic_1.png\" \/>\n\t<meta property=\"og:image:width\" content=\"1770\" \/>\n\t<meta property=\"og:image:height\" content=\"1770\" \/>\n\t<meta property=\"og:image:type\" content=\"image\/png\" \/>\n<meta name=\"twitter:card\" content=\"summary_large_image\" \/>\n<meta name=\"twitter:label1\" content=\"Tiempo de lectura\" \/>\n\t<meta name=\"twitter:data1\" content=\"1 minuto\" \/>\n<script type=\"application\/ld+json\" class=\"yoast-schema-graph\">{\"@context\":\"https:\/\/schema.org\",\"@graph\":[{\"@type\":\"WebPage\",\"@id\":\"https:\/\/barmaniapro.com\/es\/producto\/banco-de-abdominales-inclinado\/\",\"url\":\"https:\/\/barmaniapro.com\/es\/producto\/banco-de-abdominales-inclinado\/\",\"name\":\"Banco de abdominales inclinado - BarManiaPro\",\"isPartOf\":{\"@id\":\"https:\/\/barmaniapro.com\/es\/#website\"},\"primaryImageOfPage\":{\"@id\":\"https:\/\/barmaniapro.com\/es\/producto\/banco-de-abdominales-inclinado\/#primaryimage\"},\"image\":{\"@id\":\"https:\/\/barmaniapro.com\/es\/producto\/banco-de-abdominales-inclinado\/#primaryimage\"},\"thumbnailUrl\":\"https:\/\/barmaniapro.com\/wp-content\/uploads\/2022\/06\/BMP-51030_Inclined-abs-bench_classic_1.png\",\"datePublished\":\"2022-06-14T13:16:00+00:00\",\"breadcrumb\":{\"@id\":\"https:\/\/barmaniapro.com\/es\/producto\/banco-de-abdominales-inclinado\/#breadcrumb\"},\"inLanguage\":\"es\",\"potentialAction\":[{\"@type\":\"ReadAction\",\"target\":[\"https:\/\/barmaniapro.com\/es\/producto\/banco-de-abdominales-inclinado\/\"]}]},{\"@type\":\"ImageObject\",\"inLanguage\":\"es\",\"@id\":\"https:\/\/barmaniapro.com\/es\/producto\/banco-de-abdominales-inclinado\/#primaryimage\",\"url\":\"https:\/\/barmaniapro.com\/wp-content\/uploads\/2022\/06\/BMP-51030_Inclined-abs-bench_classic_1.png\",\"contentUrl\":\"https:\/\/barmaniapro.com\/wp-content\/uploads\/2022\/06\/BMP-51030_Inclined-abs-bench_classic_1.png\",\"width\":1770,\"height\":1770},{\"@type\":\"BreadcrumbList\",\"@id\":\"https:\/\/barmaniapro.com\/es\/producto\/banco-de-abdominales-inclinado\/#breadcrumb\",\"itemListElement\":[{\"@type\":\"ListItem\",\"position\":1,\"name\":\"Tienda\",\"item\":\"https:\/\/barmaniapro.com\/es\/tienda\/\"},{\"@type\":\"ListItem\",\"position\":2,\"name\":\"Banco de abdominales inclinado\"}]},{\"@type\":\"WebSite\",\"@id\":\"https:\/\/barmaniapro.com\/es\/#website\",\"url\":\"https:\/\/barmaniapro.com\/es\/\",\"name\":\"BarManiaPro\",\"description\":\"Manufacturer of Calisthenics equipment\",\"potentialAction\":[{\"@type\":\"SearchAction\",\"target\":{\"@type\":\"EntryPoint\",\"urlTemplate\":\"https:\/\/barmaniapro.com\/es\/?s={search_term_string}\"},\"query-input\":{\"@type\":\"PropertyValueSpecification\",\"valueRequired\":true,\"valueName\":\"search_term_string\"}}],\"inLanguage\":\"es\"}]}<\/script>\n<!-- \/ Yoast SEO plugin. -->","yoast_head_json":{"title":"Banco de abdominales inclinado - BarManiaPro","robots":{"index":"index","follow":"follow","max-snippet":"max-snippet:-1","max-image-preview":"max-image-preview:large","max-video-preview":"max-video-preview:-1"},"canonical":"https:\/\/barmaniapro.com\/es\/producto\/banco-de-abdominales-inclinado\/","og_locale":"es_ES","og_type":"article","og_title":"Banco de abdominales inclinado - BarManiaPro","og_description":"Eleva tu entrenamiento del tronco con el Banco de abdominales inclinado BarManiaPro\u00ae, un vers\u00e1til equipo de calistenia dise\u00f1ado para llevar tus ejercicios abdominales y de todo el cuerpo al siguiente nivel. Con cuatro robustas columnas y cuatro vigas de madera de Bilinga, este banco est\u00e1 ligeramente inclinado para proporcionar un \u00e1ngulo m\u00e1s desafiante para una variedad de ejercicios, ayud\u00e1ndote a trabajar el tronco y a mejorar la fuerza, la estabilidad y la resistencia.","og_url":"https:\/\/barmaniapro.com\/es\/producto\/banco-de-abdominales-inclinado\/","og_site_name":"BarManiaPro","article_publisher":"https:\/\/www.facebook.com\/BarManiaPro\/","og_image":[{"width":1770,"height":1770,"url":"https:\/\/barmaniapro.com\/wp-content\/uploads\/2022\/06\/BMP-51030_Inclined-abs-bench_classic_1.png","type":"image\/png"}],"twitter_card":"summary_large_image","twitter_misc":{"Tiempo de lectura":"1 minuto"},"schema":{"@context":"https:\/\/schema.org","@graph":[{"@type":"WebPage","@id":"https:\/\/barmaniapro.com\/es\/producto\/banco-de-abdominales-inclinado\/","url":"https:\/\/barmaniapro.com\/es\/producto\/banco-de-abdominales-inclinado\/","name":"Banco de abdominales inclinado - BarManiaPro","isPartOf":{"@id":"https:\/\/barmaniapro.com\/es\/#website"},"primaryImageOfPage":{"@id":"https:\/\/barmaniapro.com\/es\/producto\/banco-de-abdominales-inclinado\/#primaryimage"},"image":{"@id":"https:\/\/barmaniapro.com\/es\/producto\/banco-de-abdominales-inclinado\/#primaryimage"},"thumbnailUrl":"https:\/\/barmaniapro.com\/wp-content\/uploads\/2022\/06\/BMP-51030_Inclined-abs-bench_classic_1.png","datePublished":"2022-06-14T13:16:00+00:00","breadcrumb":{"@id":"https:\/\/barmaniapro.com\/es\/producto\/banco-de-abdominales-inclinado\/#breadcrumb"},"inLanguage":"es","potentialAction":[{"@type":"ReadAction","target":["https:\/\/barmaniapro.com\/es\/producto\/banco-de-abdominales-inclinado\/"]}]},{"@type":"ImageObject","inLanguage":"es","@id":"https:\/\/barmaniapro.com\/es\/producto\/banco-de-abdominales-inclinado\/#primaryimage","url":"https:\/\/barmaniapro.com\/wp-content\/uploads\/2022\/06\/BMP-51030_Inclined-abs-bench_classic_1.png","contentUrl":"https:\/\/barmaniapro.com\/wp-content\/uploads\/2022\/06\/BMP-51030_Inclined-abs-bench_classic_1.png","width":1770,"height":1770},{"@type":"BreadcrumbList","@id":"https:\/\/barmaniapro.com\/es\/producto\/banco-de-abdominales-inclinado\/#breadcrumb","itemListElement":[{"@type":"ListItem","position":1,"name":"Tienda","item":"https:\/\/barmaniapro.com\/es\/tienda\/"},{"@type":"ListItem","position":2,"name":"Banco de abdominales inclinado"}]},{"@type":"WebSite","@id":"https:\/\/barmaniapro.com\/es\/#website","url":"https:\/\/barmaniapro.com\/es\/","name":"BarManiaPro","description":"Manufacturer of Calisthenics equipment","potentialAction":[{"@type":"SearchAction","target":{"@type":"EntryPoint","urlTemplate":"https:\/\/barmaniapro.com\/es\/?s={search_term_string}"},"query-input":{"@type":"PropertyValueSpecification","valueRequired":true,"valueName":"search_term_string"}}],"inLanguage":"es"}]}},"_links":{"self":[{"href":"https:\/\/barmaniapro.com\/es\/wp-json\/wp\/v2\/product\/27085","targetHints":{"allow":["GET"]}}],"collection":[{"href":"https:\/\/barmaniapro.com\/es\/wp-json\/wp\/v2\/product"}],"about":[{"href":"https:\/\/barmaniapro.com\/es\/wp-json\/wp\/v2\/types\/product"}],"replies":[{"embeddable":true,"href":"https:\/\/barmaniapro.com\/es\/wp-json\/wp\/v2\/comments?post=27085"}],"wp:featuredmedia":[{"embeddable":true,"href":"https:\/\/barmaniapro.com\/es\/wp-json\/wp\/v2\/media\/12405"}],"wp:attachment":[{"href":"https:\/\/barmaniapro.com\/es\/wp-json\/wp\/v2\/media?parent=27085"}],"wp:term":[{"taxonomy":"product_brand","embeddable":true,"href":"https:\/\/barmaniapro.com\/es\/wp-json\/wp\/v2\/product_brand?post=27085"},{"taxonomy":"product_cat","embeddable":true,"href":"https:\/\/barmaniapro.com\/es\/wp-json\/wp\/v2\/product_cat?post=27085"},{"taxonomy":"product_tag","embeddable":true,"href":"https:\/\/barmaniapro.com\/es\/wp-json\/wp\/v2\/product_tag?post=27085"}],"curies":[{"name":"wp","href":"https:\/\/api.w.org\/{rel}","templated":true}]}}