{"id":27078,"date":"2022-06-14T15:24:28","date_gmt":"2022-06-14T13:24:28","guid":{"rendered":"https:\/\/barmaniapro.com\/product\/estacion-de-entrenamiento-en-la-playa\/"},"modified":"2022-06-14T15:24:28","modified_gmt":"2022-06-14T13:24:28","slug":"estacion-de-entrenamiento-en-la-playa","status":"publish","type":"product","link":"https:\/\/barmaniapro.com\/es\/producto\/estacion-de-entrenamiento-en-la-playa\/","title":{"rendered":"Estaci\u00f3n de entrenamiento en la playa"},"content":{"rendered":"<p><strong>BarManiaPro Estaci\u00f3n de entrenamiento en la playa &#8211; Lo \u00faltimo en estaciones de fitness al aire libre para espacios p\u00fablicos, gimnasios y hoteles<\/strong><\/p>\n<p>La Estaci\u00f3n de Entrenamiento BarManiaPro Playa es una estaci\u00f3n de fitness din\u00e1mica y vers\u00e1til dise\u00f1ada para su uso al aire libre en parques p\u00fablicos, gimnasios o complejos hoteleros. Perfecta para entornos junto a la playa o espacios abiertos, esta estaci\u00f3n de fitness re\u00fane una variedad de equipos de entrenamiento de alta calidad para que los usuarios realicen ejercicios de fuerza y peso corporal de cuerpo entero. Desde escalada hasta dominadas explosivas, esta estaci\u00f3n ofrece todo lo que necesitas para desarrollar fuerza, agilidad y resistencia en un entorno natural al aire libre.  <\/p>\n<h5><strong>Caracter\u00edsticas:<\/strong><\/h5>\n<ul>\n<li><strong>Red de Escalada<\/strong>: Un complemento desafiante y divertido que fomenta la fuerza de agarre, la agilidad y el acondicionamiento de todo el cuerpo a medida que los usuarios escalan y conquistan la red.<\/li>\n<li><strong>Barras m\u00faltiples para flexiones y dominadas<\/strong>: Al ofrecer varias alturas y agarres, estas barras permiten a los usuarios realizar una amplia gama de ejercicios de la parte superior del cuerpo para diferentes niveles de forma f\u00edsica.<\/li>\n<li>Barras de inmersi\u00f3n <strong>dobles<\/strong>: Barras de inmersi\u00f3n paralelas que permiten a los usuarios trabajar tr\u00edceps, hombros y pecho con ejercicios de inmersi\u00f3n de peso corporal.<\/li>\n<li><strong>Barra alta para dominadas explosivas<\/strong>: Una barra alta dise\u00f1ada espec\u00edficamente para realizar dominadas potentes y explosivas con el fin de desarrollar la fuerza y la potencia de la parte superior del cuerpo.<\/li>\n<li><strong>Cubo Freestyle con barras ultralargas<\/strong>: Una caracter\u00edstica \u00fanica que ofrece m\u00faltiples posiciones de agarre tanto para las dominadas como para las dominadas, lo que permite una variedad infinita de ejercicios.<\/li>\n<li><strong>Anillas de gimnasia<\/strong>: Un juego completo de anillas de gimnasia para realizar ejercicios desafiantes con el peso corporal, mejorar la coordinaci\u00f3n y desarrollar la fuerza en m\u00faltiples grupos musculares.<\/li>\n<li><strong>Panel informativo con instrucciones<\/strong>: Proporciona instrucciones de ejercicios f\u00e1ciles de seguir para guiar a los usuarios en su rutina de entrenamiento, fomentando la forma adecuada y maximizando los resultados.<\/li>\n<\/ul>\n","protected":false},"excerpt":{"rendered":"<ul>\n<li><strong>Construcci\u00f3n de acero pr\u00e9mium<\/strong>: Fabricado para durar, hecho de acero de primera calidad<\/li>\n<li><strong>Protecci\u00f3n contra el \u00f3xido de doble capa<\/strong>: El acabado de doble capa garantiza una protecci\u00f3n duradera contra el \u00f3xido y la corrosi\u00f3n<\/li>\n<li><strong>Dise\u00f1o que ahorra espacio<\/strong>: Perfecto para lugares con espacio limitado<\/li>\n<li><strong>Resistente a la intemperie<\/strong>: Dise\u00f1ado para uso en exteriores, este parque est\u00e1 construido para resistir a los elementos<\/li>\n<li><strong>F\u00e1cil instalaci\u00f3n y mantenimiento<\/strong>: El sistema de abrazadera patentado simplifica el montaje y el mantenimiento<\/li>\n<\/ul>\n<p>&nbsp;<\/p>\n","protected":false},"featured_media":12720,"comment_status":"open","ping_status":"closed","template":"","meta":{"_acf_changed":false,"inline_featured_image":false},"product_brand":[],"product_cat":[616,978],"product_tag":[611],"class_list":{"0":"post-27078","1":"product","2":"type-product","3":"status-publish","4":"has-post-thumbnail","6":"product_cat-entrenamiento-infantil","7":"product_cat-calistenia","8":"product_tag-calistenia","10":"first","11":"instock","12":"taxable","13":"shipping-taxable","14":"product-type-simple"},"acf":[],"yoast_head":"<!-- This site is optimized with the Yoast SEO plugin v26.2 - https:\/\/yoast.com\/wordpress\/plugins\/seo\/ -->\n<title>Estaci\u00f3n de entrenamiento en la playa - BarManiaPro<\/title>\n<meta name=\"robots\" content=\"index, follow, max-snippet:-1, max-image-preview:large, max-video-preview:-1\" \/>\n<link rel=\"canonical\" href=\"https:\/\/barmaniapro.com\/es\/producto\/estacion-de-entrenamiento-en-la-playa\/\" \/>\n<meta property=\"og:locale\" content=\"es_ES\" \/>\n<meta property=\"og:type\" content=\"article\" \/>\n<meta property=\"og:title\" content=\"Estaci\u00f3n de entrenamiento en la playa - BarManiaPro\" \/>\n<meta property=\"og:description\" content=\"Construcci\u00f3n de acero pr\u00e9mium: Fabricado para durar, hecho de acero de primera calidad  Protecci\u00f3n contra el \u00f3xido de doble capa: El acabado de doble capa garantiza una protecci\u00f3n duradera contra el \u00f3xido y la corrosi\u00f3n  Dise\u00f1o que ahorra espacio: Perfecto para lugares con espacio limitado  Resistente a la intemperie: Dise\u00f1ado para uso en exteriores, este parque est\u00e1 construido para resistir a los elementos  F\u00e1cil instalaci\u00f3n y mantenimiento: El sistema de abrazadera patentado simplifica el montaje y el mantenimiento &nbsp;\" \/>\n<meta property=\"og:url\" content=\"https:\/\/barmaniapro.com\/es\/producto\/estacion-de-entrenamiento-en-la-playa\/\" \/>\n<meta property=\"og:site_name\" content=\"BarManiaPro\" \/>\n<meta property=\"article:publisher\" content=\"https:\/\/www.facebook.com\/BarManiaPro\/\" \/>\n<meta property=\"og:image\" content=\"https:\/\/barmaniapro.com\/wp-content\/uploads\/2022\/06\/BMP-53001_Workout-station-Beach_classic_1.png\" \/>\n\t<meta property=\"og:image:width\" content=\"1770\" \/>\n\t<meta property=\"og:image:height\" content=\"1770\" \/>\n\t<meta property=\"og:image:type\" content=\"image\/png\" \/>\n<meta name=\"twitter:card\" content=\"summary_large_image\" \/>\n<meta name=\"twitter:label1\" content=\"Tiempo de lectura\" \/>\n\t<meta name=\"twitter:data1\" content=\"2 minuto\" \/>\n<script type=\"application\/ld+json\" class=\"yoast-schema-graph\">{\"@context\":\"https:\/\/schema.org\",\"@graph\":[{\"@type\":\"WebPage\",\"@id\":\"https:\/\/barmaniapro.com\/es\/producto\/estacion-de-entrenamiento-en-la-playa\/\",\"url\":\"https:\/\/barmaniapro.com\/es\/producto\/estacion-de-entrenamiento-en-la-playa\/\",\"name\":\"Estaci\u00f3n de entrenamiento en la playa - BarManiaPro\",\"isPartOf\":{\"@id\":\"https:\/\/barmaniapro.com\/es\/#website\"},\"primaryImageOfPage\":{\"@id\":\"https:\/\/barmaniapro.com\/es\/producto\/estacion-de-entrenamiento-en-la-playa\/#primaryimage\"},\"image\":{\"@id\":\"https:\/\/barmaniapro.com\/es\/producto\/estacion-de-entrenamiento-en-la-playa\/#primaryimage\"},\"thumbnailUrl\":\"https:\/\/barmaniapro.com\/wp-content\/uploads\/2022\/06\/BMP-53001_Workout-station-Beach_classic_1.png\",\"datePublished\":\"2022-06-14T13:24:28+00:00\",\"breadcrumb\":{\"@id\":\"https:\/\/barmaniapro.com\/es\/producto\/estacion-de-entrenamiento-en-la-playa\/#breadcrumb\"},\"inLanguage\":\"es\",\"potentialAction\":[{\"@type\":\"ReadAction\",\"target\":[\"https:\/\/barmaniapro.com\/es\/producto\/estacion-de-entrenamiento-en-la-playa\/\"]}]},{\"@type\":\"ImageObject\",\"inLanguage\":\"es\",\"@id\":\"https:\/\/barmaniapro.com\/es\/producto\/estacion-de-entrenamiento-en-la-playa\/#primaryimage\",\"url\":\"https:\/\/barmaniapro.com\/wp-content\/uploads\/2022\/06\/BMP-53001_Workout-station-Beach_classic_1.png\",\"contentUrl\":\"https:\/\/barmaniapro.com\/wp-content\/uploads\/2022\/06\/BMP-53001_Workout-station-Beach_classic_1.png\",\"width\":1770,\"height\":1770},{\"@type\":\"BreadcrumbList\",\"@id\":\"https:\/\/barmaniapro.com\/es\/producto\/estacion-de-entrenamiento-en-la-playa\/#breadcrumb\",\"itemListElement\":[{\"@type\":\"ListItem\",\"position\":1,\"name\":\"Tienda\",\"item\":\"https:\/\/barmaniapro.com\/es\/tienda\/\"},{\"@type\":\"ListItem\",\"position\":2,\"name\":\"Estaci\u00f3n de entrenamiento en la playa\"}]},{\"@type\":\"WebSite\",\"@id\":\"https:\/\/barmaniapro.com\/es\/#website\",\"url\":\"https:\/\/barmaniapro.com\/es\/\",\"name\":\"BarManiaPro\",\"description\":\"Manufacturer of Calisthenics equipment\",\"potentialAction\":[{\"@type\":\"SearchAction\",\"target\":{\"@type\":\"EntryPoint\",\"urlTemplate\":\"https:\/\/barmaniapro.com\/es\/?s={search_term_string}\"},\"query-input\":{\"@type\":\"PropertyValueSpecification\",\"valueRequired\":true,\"valueName\":\"search_term_string\"}}],\"inLanguage\":\"es\"}]}<\/script>\n<!-- \/ Yoast SEO plugin. -->","yoast_head_json":{"title":"Estaci\u00f3n de entrenamiento en la playa - BarManiaPro","robots":{"index":"index","follow":"follow","max-snippet":"max-snippet:-1","max-image-preview":"max-image-preview:large","max-video-preview":"max-video-preview:-1"},"canonical":"https:\/\/barmaniapro.com\/es\/producto\/estacion-de-entrenamiento-en-la-playa\/","og_locale":"es_ES","og_type":"article","og_title":"Estaci\u00f3n de entrenamiento en la playa - BarManiaPro","og_description":"Construcci\u00f3n de acero pr\u00e9mium: Fabricado para durar, hecho de acero de primera calidad  Protecci\u00f3n contra el \u00f3xido de doble capa: El acabado de doble capa garantiza una protecci\u00f3n duradera contra el \u00f3xido y la corrosi\u00f3n  Dise\u00f1o que ahorra espacio: Perfecto para lugares con espacio limitado  Resistente a la intemperie: Dise\u00f1ado para uso en exteriores, este parque est\u00e1 construido para resistir a los elementos  F\u00e1cil instalaci\u00f3n y mantenimiento: El sistema de abrazadera patentado simplifica el montaje y el mantenimiento &nbsp;","og_url":"https:\/\/barmaniapro.com\/es\/producto\/estacion-de-entrenamiento-en-la-playa\/","og_site_name":"BarManiaPro","article_publisher":"https:\/\/www.facebook.com\/BarManiaPro\/","og_image":[{"width":1770,"height":1770,"url":"https:\/\/barmaniapro.com\/wp-content\/uploads\/2022\/06\/BMP-53001_Workout-station-Beach_classic_1.png","type":"image\/png"}],"twitter_card":"summary_large_image","twitter_misc":{"Tiempo de lectura":"2 minuto"},"schema":{"@context":"https:\/\/schema.org","@graph":[{"@type":"WebPage","@id":"https:\/\/barmaniapro.com\/es\/producto\/estacion-de-entrenamiento-en-la-playa\/","url":"https:\/\/barmaniapro.com\/es\/producto\/estacion-de-entrenamiento-en-la-playa\/","name":"Estaci\u00f3n de entrenamiento en la playa - BarManiaPro","isPartOf":{"@id":"https:\/\/barmaniapro.com\/es\/#website"},"primaryImageOfPage":{"@id":"https:\/\/barmaniapro.com\/es\/producto\/estacion-de-entrenamiento-en-la-playa\/#primaryimage"},"image":{"@id":"https:\/\/barmaniapro.com\/es\/producto\/estacion-de-entrenamiento-en-la-playa\/#primaryimage"},"thumbnailUrl":"https:\/\/barmaniapro.com\/wp-content\/uploads\/2022\/06\/BMP-53001_Workout-station-Beach_classic_1.png","datePublished":"2022-06-14T13:24:28+00:00","breadcrumb":{"@id":"https:\/\/barmaniapro.com\/es\/producto\/estacion-de-entrenamiento-en-la-playa\/#breadcrumb"},"inLanguage":"es","potentialAction":[{"@type":"ReadAction","target":["https:\/\/barmaniapro.com\/es\/producto\/estacion-de-entrenamiento-en-la-playa\/"]}]},{"@type":"ImageObject","inLanguage":"es","@id":"https:\/\/barmaniapro.com\/es\/producto\/estacion-de-entrenamiento-en-la-playa\/#primaryimage","url":"https:\/\/barmaniapro.com\/wp-content\/uploads\/2022\/06\/BMP-53001_Workout-station-Beach_classic_1.png","contentUrl":"https:\/\/barmaniapro.com\/wp-content\/uploads\/2022\/06\/BMP-53001_Workout-station-Beach_classic_1.png","width":1770,"height":1770},{"@type":"BreadcrumbList","@id":"https:\/\/barmaniapro.com\/es\/producto\/estacion-de-entrenamiento-en-la-playa\/#breadcrumb","itemListElement":[{"@type":"ListItem","position":1,"name":"Tienda","item":"https:\/\/barmaniapro.com\/es\/tienda\/"},{"@type":"ListItem","position":2,"name":"Estaci\u00f3n de entrenamiento en la playa"}]},{"@type":"WebSite","@id":"https:\/\/barmaniapro.com\/es\/#website","url":"https:\/\/barmaniapro.com\/es\/","name":"BarManiaPro","description":"Manufacturer of Calisthenics equipment","potentialAction":[{"@type":"SearchAction","target":{"@type":"EntryPoint","urlTemplate":"https:\/\/barmaniapro.com\/es\/?s={search_term_string}"},"query-input":{"@type":"PropertyValueSpecification","valueRequired":true,"valueName":"search_term_string"}}],"inLanguage":"es"}]}},"_links":{"self":[{"href":"https:\/\/barmaniapro.com\/es\/wp-json\/wp\/v2\/product\/27078","targetHints":{"allow":["GET"]}}],"collection":[{"href":"https:\/\/barmaniapro.com\/es\/wp-json\/wp\/v2\/product"}],"about":[{"href":"https:\/\/barmaniapro.com\/es\/wp-json\/wp\/v2\/types\/product"}],"replies":[{"embeddable":true,"href":"https:\/\/barmaniapro.com\/es\/wp-json\/wp\/v2\/comments?post=27078"}],"wp:featuredmedia":[{"embeddable":true,"href":"https:\/\/barmaniapro.com\/es\/wp-json\/wp\/v2\/media\/12720"}],"wp:attachment":[{"href":"https:\/\/barmaniapro.com\/es\/wp-json\/wp\/v2\/media?parent=27078"}],"wp:term":[{"taxonomy":"product_brand","embeddable":true,"href":"https:\/\/barmaniapro.com\/es\/wp-json\/wp\/v2\/product_brand?post=27078"},{"taxonomy":"product_cat","embeddable":true,"href":"https:\/\/barmaniapro.com\/es\/wp-json\/wp\/v2\/product_cat?post=27078"},{"taxonomy":"product_tag","embeddable":true,"href":"https:\/\/barmaniapro.com\/es\/wp-json\/wp\/v2\/product_tag?post=27078"}],"curies":[{"name":"wp","href":"https:\/\/api.w.org\/{rel}","templated":true}]}}