{"id":27077,"date":"2022-06-14T15:24:28","date_gmt":"2022-06-14T13:24:28","guid":{"rendered":"https:\/\/barmaniapro.com\/product\/barra-paralela-horizontal\/"},"modified":"2022-06-14T15:24:28","modified_gmt":"2022-06-14T13:24:28","slug":"barra-paralela-horizontal","status":"publish","type":"product","link":"https:\/\/barmaniapro.com\/es\/producto\/barra-paralela-horizontal\/","title":{"rendered":"Barra paralela horizontal"},"content":{"rendered":"<ul>\n<li><strong>Entrada m\u00e1s ancha:<\/strong> Pensada para ofrecer un amplio espacio a los usuarios de sillas de ruedas, facilitando el acceso y el uso de las barras.<\/li>\n<li><strong>Construcci\u00f3n duradera:<\/strong> Construidas con acero de primera calidad, las barras ofrecen una estabilidad y resistencia excepcionales, soportando diversos ejercicios de peso corporal.<\/li>\n<li><strong>Altura ergon\u00f3mica:<\/strong> Ideal para realizar ejercicios sentado o de pie, permitiendo una gran variedad de movimientos como flexiones, tirones sentado y ejercicios con bandas de resistencia.<\/li>\n<li><strong>Acabado resistente a la intemperie:<\/strong> Dise\u00f1ado para soportar las condiciones exteriores con un revestimiento resistente al \u00f3xido y a la intemperie para una durabilidad duradera.<\/li>\n<li><strong>Superficie antideslizante:<\/strong> Garantiza seguridad y confianza durante los entrenamientos, con un agarre texturizado que ayuda a los usuarios a mantener la estabilidad.<\/li>\n<li><strong>Dise\u00f1o inclusivo:<\/strong> Perfecto para entusiastas de la calistenia de todos los niveles, desde principiantes hasta atletas avanzados, y dise\u00f1ado para fomentar la fuerza, la movilidad y la independencia.<\/li>\n<\/ul>\n","protected":false},"excerpt":{"rendered":"<p>La Barra Paralela Horizontal BarManiaPro\u00ae se ha dise\u00f1ado pensando en la accesibilidad y la inclusi\u00f3n, y proporciona una soluci\u00f3n de entrenamiento funcional y estimulante para personas de todas las capacidades. Especialmente dise\u00f1ada con una entrada m\u00e1s ancha para acomodar sillas de ruedas, este elemento esencial del parque de calistenia garantiza que el fitness siga siendo accesible para todos. <\/p>\n","protected":false},"featured_media":12251,"comment_status":"open","ping_status":"closed","template":"","meta":{"_acf_changed":false,"inline_featured_image":false},"product_brand":[],"product_cat":[978],"product_tag":[611],"class_list":{"0":"post-27077","1":"product","2":"type-product","3":"status-publish","4":"has-post-thumbnail","6":"product_cat-calistenia","7":"product_tag-calistenia","9":"first","10":"instock","11":"taxable","12":"shipping-taxable","13":"product-type-simple"},"acf":[],"yoast_head":"<!-- This site is optimized with the Yoast SEO plugin v26.2 - https:\/\/yoast.com\/wordpress\/plugins\/seo\/ -->\n<title>Barra paralela horizontal - BarManiaPro<\/title>\n<meta name=\"robots\" content=\"index, follow, max-snippet:-1, max-image-preview:large, max-video-preview:-1\" \/>\n<link rel=\"canonical\" href=\"https:\/\/barmaniapro.com\/es\/producto\/barra-paralela-horizontal\/\" \/>\n<meta property=\"og:locale\" content=\"es_ES\" \/>\n<meta property=\"og:type\" content=\"article\" \/>\n<meta property=\"og:title\" content=\"Barra paralela horizontal - BarManiaPro\" \/>\n<meta property=\"og:description\" content=\"La Barra Paralela Horizontal BarManiaPro\u00ae se ha dise\u00f1ado pensando en la accesibilidad y la inclusi\u00f3n, y proporciona una soluci\u00f3n de entrenamiento funcional y estimulante para personas de todas las capacidades. Especialmente dise\u00f1ada con una entrada m\u00e1s ancha para acomodar sillas de ruedas, este elemento esencial del parque de calistenia garantiza que el fitness siga siendo accesible para todos.\" \/>\n<meta property=\"og:url\" content=\"https:\/\/barmaniapro.com\/es\/producto\/barra-paralela-horizontal\/\" \/>\n<meta property=\"og:site_name\" content=\"BarManiaPro\" \/>\n<meta property=\"article:publisher\" content=\"https:\/\/www.facebook.com\/BarManiaPro\/\" \/>\n<meta property=\"og:image\" content=\"https:\/\/barmaniapro.com\/wp-content\/uploads\/2022\/06\/BMP-51005_Parallel-bar-Horizontal_classic_1.png\" \/>\n\t<meta property=\"og:image:width\" content=\"1770\" \/>\n\t<meta property=\"og:image:height\" content=\"1770\" \/>\n\t<meta property=\"og:image:type\" content=\"image\/png\" \/>\n<meta name=\"twitter:card\" content=\"summary_large_image\" \/>\n<meta name=\"twitter:label1\" content=\"Tiempo de lectura\" \/>\n\t<meta name=\"twitter:data1\" content=\"1 minuto\" \/>\n<script type=\"application\/ld+json\" class=\"yoast-schema-graph\">{\"@context\":\"https:\/\/schema.org\",\"@graph\":[{\"@type\":\"WebPage\",\"@id\":\"https:\/\/barmaniapro.com\/es\/producto\/barra-paralela-horizontal\/\",\"url\":\"https:\/\/barmaniapro.com\/es\/producto\/barra-paralela-horizontal\/\",\"name\":\"Barra paralela horizontal - BarManiaPro\",\"isPartOf\":{\"@id\":\"https:\/\/barmaniapro.com\/es\/#website\"},\"primaryImageOfPage\":{\"@id\":\"https:\/\/barmaniapro.com\/es\/producto\/barra-paralela-horizontal\/#primaryimage\"},\"image\":{\"@id\":\"https:\/\/barmaniapro.com\/es\/producto\/barra-paralela-horizontal\/#primaryimage\"},\"thumbnailUrl\":\"https:\/\/barmaniapro.com\/wp-content\/uploads\/2022\/06\/BMP-51005_Parallel-bar-Horizontal_classic_1.png\",\"datePublished\":\"2022-06-14T13:24:28+00:00\",\"breadcrumb\":{\"@id\":\"https:\/\/barmaniapro.com\/es\/producto\/barra-paralela-horizontal\/#breadcrumb\"},\"inLanguage\":\"es\",\"potentialAction\":[{\"@type\":\"ReadAction\",\"target\":[\"https:\/\/barmaniapro.com\/es\/producto\/barra-paralela-horizontal\/\"]}]},{\"@type\":\"ImageObject\",\"inLanguage\":\"es\",\"@id\":\"https:\/\/barmaniapro.com\/es\/producto\/barra-paralela-horizontal\/#primaryimage\",\"url\":\"https:\/\/barmaniapro.com\/wp-content\/uploads\/2022\/06\/BMP-51005_Parallel-bar-Horizontal_classic_1.png\",\"contentUrl\":\"https:\/\/barmaniapro.com\/wp-content\/uploads\/2022\/06\/BMP-51005_Parallel-bar-Horizontal_classic_1.png\",\"width\":1770,\"height\":1770},{\"@type\":\"BreadcrumbList\",\"@id\":\"https:\/\/barmaniapro.com\/es\/producto\/barra-paralela-horizontal\/#breadcrumb\",\"itemListElement\":[{\"@type\":\"ListItem\",\"position\":1,\"name\":\"Tienda\",\"item\":\"https:\/\/barmaniapro.com\/es\/tienda\/\"},{\"@type\":\"ListItem\",\"position\":2,\"name\":\"Barra paralela horizontal\"}]},{\"@type\":\"WebSite\",\"@id\":\"https:\/\/barmaniapro.com\/es\/#website\",\"url\":\"https:\/\/barmaniapro.com\/es\/\",\"name\":\"BarManiaPro\",\"description\":\"Manufacturer of Calisthenics equipment\",\"potentialAction\":[{\"@type\":\"SearchAction\",\"target\":{\"@type\":\"EntryPoint\",\"urlTemplate\":\"https:\/\/barmaniapro.com\/es\/?s={search_term_string}\"},\"query-input\":{\"@type\":\"PropertyValueSpecification\",\"valueRequired\":true,\"valueName\":\"search_term_string\"}}],\"inLanguage\":\"es\"}]}<\/script>\n<!-- \/ Yoast SEO plugin. -->","yoast_head_json":{"title":"Barra paralela horizontal - BarManiaPro","robots":{"index":"index","follow":"follow","max-snippet":"max-snippet:-1","max-image-preview":"max-image-preview:large","max-video-preview":"max-video-preview:-1"},"canonical":"https:\/\/barmaniapro.com\/es\/producto\/barra-paralela-horizontal\/","og_locale":"es_ES","og_type":"article","og_title":"Barra paralela horizontal - BarManiaPro","og_description":"La Barra Paralela Horizontal BarManiaPro\u00ae se ha dise\u00f1ado pensando en la accesibilidad y la inclusi\u00f3n, y proporciona una soluci\u00f3n de entrenamiento funcional y estimulante para personas de todas las capacidades. Especialmente dise\u00f1ada con una entrada m\u00e1s ancha para acomodar sillas de ruedas, este elemento esencial del parque de calistenia garantiza que el fitness siga siendo accesible para todos.","og_url":"https:\/\/barmaniapro.com\/es\/producto\/barra-paralela-horizontal\/","og_site_name":"BarManiaPro","article_publisher":"https:\/\/www.facebook.com\/BarManiaPro\/","og_image":[{"width":1770,"height":1770,"url":"https:\/\/barmaniapro.com\/wp-content\/uploads\/2022\/06\/BMP-51005_Parallel-bar-Horizontal_classic_1.png","type":"image\/png"}],"twitter_card":"summary_large_image","twitter_misc":{"Tiempo de lectura":"1 minuto"},"schema":{"@context":"https:\/\/schema.org","@graph":[{"@type":"WebPage","@id":"https:\/\/barmaniapro.com\/es\/producto\/barra-paralela-horizontal\/","url":"https:\/\/barmaniapro.com\/es\/producto\/barra-paralela-horizontal\/","name":"Barra paralela horizontal - BarManiaPro","isPartOf":{"@id":"https:\/\/barmaniapro.com\/es\/#website"},"primaryImageOfPage":{"@id":"https:\/\/barmaniapro.com\/es\/producto\/barra-paralela-horizontal\/#primaryimage"},"image":{"@id":"https:\/\/barmaniapro.com\/es\/producto\/barra-paralela-horizontal\/#primaryimage"},"thumbnailUrl":"https:\/\/barmaniapro.com\/wp-content\/uploads\/2022\/06\/BMP-51005_Parallel-bar-Horizontal_classic_1.png","datePublished":"2022-06-14T13:24:28+00:00","breadcrumb":{"@id":"https:\/\/barmaniapro.com\/es\/producto\/barra-paralela-horizontal\/#breadcrumb"},"inLanguage":"es","potentialAction":[{"@type":"ReadAction","target":["https:\/\/barmaniapro.com\/es\/producto\/barra-paralela-horizontal\/"]}]},{"@type":"ImageObject","inLanguage":"es","@id":"https:\/\/barmaniapro.com\/es\/producto\/barra-paralela-horizontal\/#primaryimage","url":"https:\/\/barmaniapro.com\/wp-content\/uploads\/2022\/06\/BMP-51005_Parallel-bar-Horizontal_classic_1.png","contentUrl":"https:\/\/barmaniapro.com\/wp-content\/uploads\/2022\/06\/BMP-51005_Parallel-bar-Horizontal_classic_1.png","width":1770,"height":1770},{"@type":"BreadcrumbList","@id":"https:\/\/barmaniapro.com\/es\/producto\/barra-paralela-horizontal\/#breadcrumb","itemListElement":[{"@type":"ListItem","position":1,"name":"Tienda","item":"https:\/\/barmaniapro.com\/es\/tienda\/"},{"@type":"ListItem","position":2,"name":"Barra paralela horizontal"}]},{"@type":"WebSite","@id":"https:\/\/barmaniapro.com\/es\/#website","url":"https:\/\/barmaniapro.com\/es\/","name":"BarManiaPro","description":"Manufacturer of Calisthenics equipment","potentialAction":[{"@type":"SearchAction","target":{"@type":"EntryPoint","urlTemplate":"https:\/\/barmaniapro.com\/es\/?s={search_term_string}"},"query-input":{"@type":"PropertyValueSpecification","valueRequired":true,"valueName":"search_term_string"}}],"inLanguage":"es"}]}},"_links":{"self":[{"href":"https:\/\/barmaniapro.com\/es\/wp-json\/wp\/v2\/product\/27077","targetHints":{"allow":["GET"]}}],"collection":[{"href":"https:\/\/barmaniapro.com\/es\/wp-json\/wp\/v2\/product"}],"about":[{"href":"https:\/\/barmaniapro.com\/es\/wp-json\/wp\/v2\/types\/product"}],"replies":[{"embeddable":true,"href":"https:\/\/barmaniapro.com\/es\/wp-json\/wp\/v2\/comments?post=27077"}],"wp:featuredmedia":[{"embeddable":true,"href":"https:\/\/barmaniapro.com\/es\/wp-json\/wp\/v2\/media\/12251"}],"wp:attachment":[{"href":"https:\/\/barmaniapro.com\/es\/wp-json\/wp\/v2\/media?parent=27077"}],"wp:term":[{"taxonomy":"product_brand","embeddable":true,"href":"https:\/\/barmaniapro.com\/es\/wp-json\/wp\/v2\/product_brand?post=27077"},{"taxonomy":"product_cat","embeddable":true,"href":"https:\/\/barmaniapro.com\/es\/wp-json\/wp\/v2\/product_cat?post=27077"},{"taxonomy":"product_tag","embeddable":true,"href":"https:\/\/barmaniapro.com\/es\/wp-json\/wp\/v2\/product_tag?post=27077"}],"curies":[{"name":"wp","href":"https:\/\/api.w.org\/{rel}","templated":true}]}}