{"id":27075,"date":"2022-06-14T15:24:28","date_gmt":"2022-06-14T13:24:28","guid":{"rendered":"https:\/\/barmaniapro.com\/product\/plata-compacta-1\/"},"modified":"2022-06-14T15:24:28","modified_gmt":"2022-06-14T13:24:28","slug":"plata-compacta-1","status":"publish","type":"product","link":"https:\/\/barmaniapro.com\/es\/producto\/plata-compacta-1\/","title":{"rendered":"Plata compacta 1"},"content":{"rendered":"<ul>\n<li><strong>Barras de dominadas dobles:<\/strong>\n<ul>\n<li>Una barra de dominadas est\u00e1ndar para los ejercicios cl\u00e1sicos de la parte superior del cuerpo, como dominadas, dominadas de barbilla y dominadas musculares.<\/li>\n<li>Una barra de dominadas con agarres adicionales para posiciones variadas de las manos, que te permiten dirigirte a grupos musculares espec\u00edficos para mejorar la versatilidad del entrenamiento.<\/li>\n<\/ul>\n<\/li>\n<li><strong>Extensi\u00f3n para la bandera humana:<\/strong>\n<ul>\n<li>Especialmente dise\u00f1ada para dominar los ejercicios de la bandera humana, esta extensi\u00f3n ofrece un agarre y una estabilidad \u00f3ptimos, apoyando tu progreso en las presas de fuerza est\u00e1tica.<\/li>\n<\/ul>\n<\/li>\n<li><strong>Accesorio para saco de boxeo:<\/strong>\n<ul>\n<li>El saco de boxeo integrado proporciona una opci\u00f3n din\u00e1mica para entrenamientos de cardio, coordinaci\u00f3n y golpeo, a\u00f1adiendo diversidad a tu rutina de entrenamiento.<\/li>\n<\/ul>\n<\/li>\n<li><strong>Barras paralelas para saltos:<\/strong>\n<ul>\n<li>Las robustas barras paralelas son ideales para hacer fondos, flexiones y otros ejercicios con el peso del cuerpo para fortalecer el pecho, los tr\u00edceps y los hombros.<\/li>\n<\/ul>\n<\/li>\n<li><strong>Construcci\u00f3n duradera:<\/strong>\n<ul>\n<li>Construida con materiales de alta calidad, la Estaci\u00f3n Compact 1 Plata garantiza una estabilidad y durabilidad excepcionales, por lo que es adecuada para entrenamientos intensos de calistenia.<\/li>\n<\/ul>\n<\/li>\n<li><strong>Dise\u00f1o eficiente del espacio:<\/strong>\n<ul>\n<li>Compacta pero vers\u00e1til, esta estaci\u00f3n es perfecta para gimnasios dom\u00e9sticos, espacios al aire libre o parques de fitness donde maximizar la funcionalidad es esencial.<\/li>\n<\/ul>\n<\/li>\n<li><strong>Acabado resistente a la intemperie:<\/strong>\n<ul>\n<li>Dise\u00f1ado para su uso tanto en interiores como en exteriores, el equipo incorpora un revestimiento resistente al \u00f3xido para un rendimiento duradero en todos los entornos.<\/li>\n<\/ul>\n<\/li>\n<\/ul>\n","protected":false},"excerpt":{"rendered":"<p>La BarManiaPro\u00ae Silver Compact 1 es una soluci\u00f3n vers\u00e1til \u00abtodo en uno\u00bb dise\u00f1ada para los entusiastas de la calistenia que desean una configuraci\u00f3n de entrenamiento compacta pero completa. Esta estaci\u00f3n multifuncional incluye dos barras de dominadas (una de ellas con opciones de agarre adicionales), una extensi\u00f3n de bandera humana espec\u00edfica, un saco de boxeo para ejercicios de golpeo y barras paralelas para dominadas. <\/p>\n<p>Tanto si trabajas la fuerza, la resistencia o la agilidad, esta estaci\u00f3n est\u00e1 dise\u00f1ada para soportar una amplia gama de ejercicios en un dise\u00f1o que ocupa poco espacio.<\/p>\n<p><em><strong>6-8 semanas de plazo de entrega<\/strong><\/em><\/p>\n","protected":false},"featured_media":13796,"comment_status":"open","ping_status":"closed","template":"","meta":{"_acf_changed":false,"inline_featured_image":false},"product_brand":[],"product_cat":[616,978],"product_tag":[611],"class_list":{"0":"post-27075","1":"product","2":"type-product","3":"status-publish","4":"has-post-thumbnail","6":"product_cat-entrenamiento-infantil","7":"product_cat-calistenia","8":"product_tag-calistenia","10":"first","11":"instock","12":"taxable","13":"shipping-taxable","14":"product-type-simple"},"acf":[],"yoast_head":"<!-- This site is optimized with the Yoast SEO plugin v26.2 - https:\/\/yoast.com\/wordpress\/plugins\/seo\/ -->\n<title>Plata compacta 1 - BarManiaPro<\/title>\n<meta name=\"robots\" content=\"index, follow, max-snippet:-1, max-image-preview:large, max-video-preview:-1\" \/>\n<link rel=\"canonical\" href=\"https:\/\/barmaniapro.com\/es\/producto\/plata-compacta-1\/\" \/>\n<meta property=\"og:locale\" content=\"es_ES\" \/>\n<meta property=\"og:type\" content=\"article\" \/>\n<meta property=\"og:title\" content=\"Plata compacta 1 - BarManiaPro\" \/>\n<meta property=\"og:description\" content=\"La BarManiaPro\u00ae Silver Compact 1 es una soluci\u00f3n vers\u00e1til &quot;todo en uno&quot; dise\u00f1ada para los entusiastas de la calistenia que desean una configuraci\u00f3n de entrenamiento compacta pero completa. Esta estaci\u00f3n multifuncional incluye dos barras de dominadas (una de ellas con opciones de agarre adicionales), una extensi\u00f3n de bandera humana espec\u00edfica, un saco de boxeo para ejercicios de golpeo y barras paralelas para dominadas.  Tanto si trabajas la fuerza, la resistencia o la agilidad, esta estaci\u00f3n est\u00e1 dise\u00f1ada para soportar una amplia gama de ejercicios en un dise\u00f1o que ocupa poco espacio. 6-8 semanas de plazo de entrega\" \/>\n<meta property=\"og:url\" content=\"https:\/\/barmaniapro.com\/es\/producto\/plata-compacta-1\/\" \/>\n<meta property=\"og:site_name\" content=\"BarManiaPro\" \/>\n<meta property=\"article:publisher\" content=\"https:\/\/www.facebook.com\/BarManiaPro\/\" \/>\n<meta property=\"og:image\" content=\"https:\/\/barmaniapro.com\/wp-content\/uploads\/2022\/06\/BMP-53009_Silver-Compact-1_classic_1-min.png\" \/>\n\t<meta property=\"og:image:width\" content=\"1770\" \/>\n\t<meta property=\"og:image:height\" content=\"1770\" \/>\n\t<meta property=\"og:image:type\" content=\"image\/png\" \/>\n<meta name=\"twitter:card\" content=\"summary_large_image\" \/>\n<meta name=\"twitter:label1\" content=\"Tiempo de lectura\" \/>\n\t<meta name=\"twitter:data1\" content=\"1 minuto\" \/>\n<script type=\"application\/ld+json\" class=\"yoast-schema-graph\">{\"@context\":\"https:\/\/schema.org\",\"@graph\":[{\"@type\":\"WebPage\",\"@id\":\"https:\/\/barmaniapro.com\/es\/producto\/plata-compacta-1\/\",\"url\":\"https:\/\/barmaniapro.com\/es\/producto\/plata-compacta-1\/\",\"name\":\"Plata compacta 1 - BarManiaPro\",\"isPartOf\":{\"@id\":\"https:\/\/barmaniapro.com\/es\/#website\"},\"primaryImageOfPage\":{\"@id\":\"https:\/\/barmaniapro.com\/es\/producto\/plata-compacta-1\/#primaryimage\"},\"image\":{\"@id\":\"https:\/\/barmaniapro.com\/es\/producto\/plata-compacta-1\/#primaryimage\"},\"thumbnailUrl\":\"https:\/\/barmaniapro.com\/wp-content\/uploads\/2022\/06\/BMP-53009_Silver-Compact-1_classic_1-min.png\",\"datePublished\":\"2022-06-14T13:24:28+00:00\",\"breadcrumb\":{\"@id\":\"https:\/\/barmaniapro.com\/es\/producto\/plata-compacta-1\/#breadcrumb\"},\"inLanguage\":\"es\",\"potentialAction\":[{\"@type\":\"ReadAction\",\"target\":[\"https:\/\/barmaniapro.com\/es\/producto\/plata-compacta-1\/\"]}]},{\"@type\":\"ImageObject\",\"inLanguage\":\"es\",\"@id\":\"https:\/\/barmaniapro.com\/es\/producto\/plata-compacta-1\/#primaryimage\",\"url\":\"https:\/\/barmaniapro.com\/wp-content\/uploads\/2022\/06\/BMP-53009_Silver-Compact-1_classic_1-min.png\",\"contentUrl\":\"https:\/\/barmaniapro.com\/wp-content\/uploads\/2022\/06\/BMP-53009_Silver-Compact-1_classic_1-min.png\",\"width\":1770,\"height\":1770},{\"@type\":\"BreadcrumbList\",\"@id\":\"https:\/\/barmaniapro.com\/es\/producto\/plata-compacta-1\/#breadcrumb\",\"itemListElement\":[{\"@type\":\"ListItem\",\"position\":1,\"name\":\"Tienda\",\"item\":\"https:\/\/barmaniapro.com\/es\/tienda\/\"},{\"@type\":\"ListItem\",\"position\":2,\"name\":\"Plata compacta 1\"}]},{\"@type\":\"WebSite\",\"@id\":\"https:\/\/barmaniapro.com\/es\/#website\",\"url\":\"https:\/\/barmaniapro.com\/es\/\",\"name\":\"BarManiaPro\",\"description\":\"Manufacturer of Calisthenics equipment\",\"potentialAction\":[{\"@type\":\"SearchAction\",\"target\":{\"@type\":\"EntryPoint\",\"urlTemplate\":\"https:\/\/barmaniapro.com\/es\/?s={search_term_string}\"},\"query-input\":{\"@type\":\"PropertyValueSpecification\",\"valueRequired\":true,\"valueName\":\"search_term_string\"}}],\"inLanguage\":\"es\"}]}<\/script>\n<!-- \/ Yoast SEO plugin. -->","yoast_head_json":{"title":"Plata compacta 1 - BarManiaPro","robots":{"index":"index","follow":"follow","max-snippet":"max-snippet:-1","max-image-preview":"max-image-preview:large","max-video-preview":"max-video-preview:-1"},"canonical":"https:\/\/barmaniapro.com\/es\/producto\/plata-compacta-1\/","og_locale":"es_ES","og_type":"article","og_title":"Plata compacta 1 - BarManiaPro","og_description":"La BarManiaPro\u00ae Silver Compact 1 es una soluci\u00f3n vers\u00e1til \"todo en uno\" dise\u00f1ada para los entusiastas de la calistenia que desean una configuraci\u00f3n de entrenamiento compacta pero completa. Esta estaci\u00f3n multifuncional incluye dos barras de dominadas (una de ellas con opciones de agarre adicionales), una extensi\u00f3n de bandera humana espec\u00edfica, un saco de boxeo para ejercicios de golpeo y barras paralelas para dominadas.  Tanto si trabajas la fuerza, la resistencia o la agilidad, esta estaci\u00f3n est\u00e1 dise\u00f1ada para soportar una amplia gama de ejercicios en un dise\u00f1o que ocupa poco espacio. 6-8 semanas de plazo de entrega","og_url":"https:\/\/barmaniapro.com\/es\/producto\/plata-compacta-1\/","og_site_name":"BarManiaPro","article_publisher":"https:\/\/www.facebook.com\/BarManiaPro\/","og_image":[{"width":1770,"height":1770,"url":"https:\/\/barmaniapro.com\/wp-content\/uploads\/2022\/06\/BMP-53009_Silver-Compact-1_classic_1-min.png","type":"image\/png"}],"twitter_card":"summary_large_image","twitter_misc":{"Tiempo de lectura":"1 minuto"},"schema":{"@context":"https:\/\/schema.org","@graph":[{"@type":"WebPage","@id":"https:\/\/barmaniapro.com\/es\/producto\/plata-compacta-1\/","url":"https:\/\/barmaniapro.com\/es\/producto\/plata-compacta-1\/","name":"Plata compacta 1 - BarManiaPro","isPartOf":{"@id":"https:\/\/barmaniapro.com\/es\/#website"},"primaryImageOfPage":{"@id":"https:\/\/barmaniapro.com\/es\/producto\/plata-compacta-1\/#primaryimage"},"image":{"@id":"https:\/\/barmaniapro.com\/es\/producto\/plata-compacta-1\/#primaryimage"},"thumbnailUrl":"https:\/\/barmaniapro.com\/wp-content\/uploads\/2022\/06\/BMP-53009_Silver-Compact-1_classic_1-min.png","datePublished":"2022-06-14T13:24:28+00:00","breadcrumb":{"@id":"https:\/\/barmaniapro.com\/es\/producto\/plata-compacta-1\/#breadcrumb"},"inLanguage":"es","potentialAction":[{"@type":"ReadAction","target":["https:\/\/barmaniapro.com\/es\/producto\/plata-compacta-1\/"]}]},{"@type":"ImageObject","inLanguage":"es","@id":"https:\/\/barmaniapro.com\/es\/producto\/plata-compacta-1\/#primaryimage","url":"https:\/\/barmaniapro.com\/wp-content\/uploads\/2022\/06\/BMP-53009_Silver-Compact-1_classic_1-min.png","contentUrl":"https:\/\/barmaniapro.com\/wp-content\/uploads\/2022\/06\/BMP-53009_Silver-Compact-1_classic_1-min.png","width":1770,"height":1770},{"@type":"BreadcrumbList","@id":"https:\/\/barmaniapro.com\/es\/producto\/plata-compacta-1\/#breadcrumb","itemListElement":[{"@type":"ListItem","position":1,"name":"Tienda","item":"https:\/\/barmaniapro.com\/es\/tienda\/"},{"@type":"ListItem","position":2,"name":"Plata compacta 1"}]},{"@type":"WebSite","@id":"https:\/\/barmaniapro.com\/es\/#website","url":"https:\/\/barmaniapro.com\/es\/","name":"BarManiaPro","description":"Manufacturer of Calisthenics equipment","potentialAction":[{"@type":"SearchAction","target":{"@type":"EntryPoint","urlTemplate":"https:\/\/barmaniapro.com\/es\/?s={search_term_string}"},"query-input":{"@type":"PropertyValueSpecification","valueRequired":true,"valueName":"search_term_string"}}],"inLanguage":"es"}]}},"_links":{"self":[{"href":"https:\/\/barmaniapro.com\/es\/wp-json\/wp\/v2\/product\/27075","targetHints":{"allow":["GET"]}}],"collection":[{"href":"https:\/\/barmaniapro.com\/es\/wp-json\/wp\/v2\/product"}],"about":[{"href":"https:\/\/barmaniapro.com\/es\/wp-json\/wp\/v2\/types\/product"}],"replies":[{"embeddable":true,"href":"https:\/\/barmaniapro.com\/es\/wp-json\/wp\/v2\/comments?post=27075"}],"wp:featuredmedia":[{"embeddable":true,"href":"https:\/\/barmaniapro.com\/es\/wp-json\/wp\/v2\/media\/13796"}],"wp:attachment":[{"href":"https:\/\/barmaniapro.com\/es\/wp-json\/wp\/v2\/media?parent=27075"}],"wp:term":[{"taxonomy":"product_brand","embeddable":true,"href":"https:\/\/barmaniapro.com\/es\/wp-json\/wp\/v2\/product_brand?post=27075"},{"taxonomy":"product_cat","embeddable":true,"href":"https:\/\/barmaniapro.com\/es\/wp-json\/wp\/v2\/product_cat?post=27075"},{"taxonomy":"product_tag","embeddable":true,"href":"https:\/\/barmaniapro.com\/es\/wp-json\/wp\/v2\/product_tag?post=27075"}],"curies":[{"name":"wp","href":"https:\/\/api.w.org\/{rel}","templated":true}]}}