{"id":27071,"date":"2022-06-14T15:24:28","date_gmt":"2022-06-14T13:24:28","guid":{"rendered":"https:\/\/barmaniapro.com\/product\/barras-de-hierro-de-estilo-libre\/"},"modified":"2022-06-14T15:24:28","modified_gmt":"2022-06-14T13:24:28","slug":"barras-de-hierro-de-estilo-libre","status":"publish","type":"product","link":"https:\/\/barmaniapro.com\/es\/producto\/barras-de-hierro-de-estilo-libre\/","title":{"rendered":"Barras de hierro de estilo libre"},"content":{"rendered":"<p>Las Barras de Estilo Libre de Hierro BarManiaPro\u00ae ofrecen una versatilidad inigualable para los atletas de calistenia que quieren superar sus l\u00edmites. Ya sea para dominar las t\u00e9cnicas de estilo libre, desarrollar la fuerza b\u00e1sica o realizar posturas est\u00e1ticas avanzadas, esta estaci\u00f3n proporciona la plataforma perfecta. <\/p>\n<p>Su dise\u00f1o duradero y sus componentes adaptables lo convierten en una opci\u00f3n destacada para gimnasios dom\u00e9sticos, parques de fitness e instalaciones profesionales de calistenia.<\/p>\n<h6><strong>Caracter\u00edsticas principales:<\/strong><\/h6>\n<ul>\n<li><strong>Construcci\u00f3n de acero galvanizado de primera<\/strong> calidad: Fabricadas con<strong> acero galvanizado de primera calidad,<\/strong> estas barras de estilo libre ofrecen una durabilidad y una resistencia a la corrosi\u00f3n superiores. El sistema de protecci\u00f3n de dos capas garantiza que las barras est\u00e9n protegidas contra el desgaste, el \u00f3xido y los da\u00f1os, lo que las hace ideales para el entrenamiento de alto rendimiento en todas las condiciones. <\/li>\n<li><strong>Cuatro<\/strong> barras de estilo libre ultralargas <strong>de 2200 mm<\/strong>: Las barras de estilo libre ultralargas de 2200 mm ofrecen un amplio espacio para una gran variedad de ejercicios. Su longitud ampliada permite m\u00faltiples posiciones de agarre y movimientos din\u00e1micos, tanto si realizas dominadas con agarre ancho, muscle-ups o rutinas de calistenia de estilo libre. Estas barras te dan libertad para realizar una amplia gama de ejercicios con estabilidad y facilidad.  <\/li>\n<li><strong>Dos barras de inmersi\u00f3n para mayor variedad<\/strong>: El aparato incluye dos barras de inmersi\u00f3n, perfectas para fortalecer los tr\u00edceps, los hombros y el pecho. Ideales para realizar dominadas con el peso del cuerpo, puedes incorporarlas a tu rutina para aumentar la fuerza y el desarrollo muscular de la parte superior del cuerpo. <\/li>\n<li><strong>Cuatro Columnas de 3400mm<\/strong>: Las columnas de 3400mm proporcionan una base s\u00f3lida y estable para las barras de estilo libre, garantizando una configuraci\u00f3n segura que puede soportar tu entrenamiento incluso durante los entrenamientos m\u00e1s intensos. Estas columnas ofrecen la altura perfecta para una amplia gama de movimientos de calistenia. <\/li>\n<li><strong>Ocho juegos de abrazaderas<\/strong>: La instalaci\u00f3n viene con ocho juegos de abrazaderas, que garantizan que las barras de estilo libre y las barras de inmersi\u00f3n est\u00e9n bien sujetas a las columnas. Estas abrazaderas proporcionan una estabilidad \u00f3ptima, evitando movimientos o deslizamientos durante los ejercicios. <\/li>\n<li><strong>Vers\u00e1til para m\u00faltiples ejercicios<\/strong>: Esta configuraci\u00f3n permite realizar una gran variedad de movimientos con el peso corporal, como dominadas, dominadas musculares, fondos y mucho m\u00e1s. Tanto si entrenas fuerza, resistencia o t\u00e9cnicas de estilo libre, esta configuraci\u00f3n se adapta a una serie de ejercicios que te ayudar\u00e1n a alcanzar tus objetivos de forma f\u00edsica. <\/li>\n<\/ul>\n<h6><\/h6>\n<h6><strong>\u00bfPor qu\u00e9 elegir las Barritas BarManiaPro\u00ae Iron Freestyle?<\/strong><\/h6>\n<ul>\n<li><strong>Duraderas y de larga duraci\u00f3n<\/strong>: La construcci\u00f3n de acero galvanizado y el sistema de protecci\u00f3n de dos capas garantizan que estas barras resistan incluso las sesiones de entrenamiento m\u00e1s rigurosas, ofreciendo una fiabilidad duradera.<\/li>\n<li><strong>Entrenamiento vers\u00e1til<\/strong>: Con cuatro barras de estilo libre ultralargas, dos barras de inmersi\u00f3n y cuatro columnas de 3400 mm, esta configuraci\u00f3n es perfecta para una amplia gama de ejercicios de calistenia, lo que te permite dirigirte a diferentes grupos musculares y desarrollar fuerza funcional.<\/li>\n<li><strong>Perfectas para todos los niveles<\/strong>: Adecuadas tanto para principiantes como para atletas avanzados, las Barras Iron Freestyle ofrecen una experiencia de entrenamiento desafiante pero manejable. Tanto si est\u00e1s mejorando tu forma b\u00e1sica como si trabajas en t\u00e9cnicas avanzadas de estilo libre, esta configuraci\u00f3n apoya tu progreso. <\/li>\n<li><strong>Estable y Seguro<\/strong>: Los ocho juegos de abrazaderas garantizan que tus barras permanezcan en su sitio, proporcionando un entorno de entrenamiento estable para cada ejercicio.<\/li>\n<li><strong>Ideal para uso en interiores y exteriores<\/strong>: Dise\u00f1ado para resistir los elementos, este montaje es perfecto tanto para gimnasios dom\u00e9sticos como para parques de entrenamiento al aire libre, ofreci\u00e9ndote flexibilidad y comodidad dondequiera que decidas entrenar.<\/li>\n<\/ul>\n","protected":false},"excerpt":{"rendered":"<p>Las Barras Iron Freestyle son la soluci\u00f3n definitiva para los atletas que desean explorar la calistenia de estilo libre y los entrenamientos de cuerpo entero.<\/p>\n<p>Con cuatro barras de dominadas extralargas (2200 mm) y barras paralelas separadas con un di\u00e1metro de 48,3 mm, esta estaci\u00f3n proporciona una versatilidad y un espacio incomparables para t\u00e9cnicas avanzadas, movimientos din\u00e1micos y ejercicios b\u00e1sicos de fuerza. Fabricada para ofrecer durabilidad y rendimiento, es ideal para atletas de todos los niveles. <\/p>\n<h6>Impuestos incluidos. Env\u00edo calculado al finalizar la compra. <em><strong><br \/>\n<\/strong><\/em><em><strong>*Plazo de entrega de 5 a 7 semanas<\/strong><\/em><\/h6>\n","protected":false},"featured_media":12728,"comment_status":"open","ping_status":"closed","template":"","meta":{"_acf_changed":false,"inline_featured_image":false},"product_brand":[],"product_cat":[978],"product_tag":[611],"class_list":{"0":"post-27071","1":"product","2":"type-product","3":"status-publish","4":"has-post-thumbnail","6":"product_cat-calistenia","7":"product_tag-calistenia","9":"first","10":"instock","11":"taxable","12":"shipping-taxable","13":"purchasable","14":"product-type-simple"},"acf":[],"yoast_head":"<!-- This site is optimized with the Yoast SEO plugin v26.2 - https:\/\/yoast.com\/wordpress\/plugins\/seo\/ -->\n<title>Barras de hierro de estilo libre - BarManiaPro<\/title>\n<meta name=\"robots\" content=\"index, follow, max-snippet:-1, max-image-preview:large, max-video-preview:-1\" \/>\n<link rel=\"canonical\" href=\"https:\/\/barmaniapro.com\/es\/producto\/barras-de-hierro-de-estilo-libre\/\" \/>\n<meta property=\"og:locale\" content=\"es_ES\" \/>\n<meta property=\"og:type\" content=\"article\" \/>\n<meta property=\"og:title\" content=\"Barras de hierro de estilo libre - BarManiaPro\" \/>\n<meta property=\"og:description\" content=\"Las Barras Iron Freestyle son la soluci\u00f3n definitiva para los atletas que desean explorar la calistenia de estilo libre y los entrenamientos de cuerpo entero. Con cuatro barras de dominadas extralargas (2200 mm) y barras paralelas separadas con un di\u00e1metro de 48,3 mm, esta estaci\u00f3n proporciona una versatilidad y un espacio incomparables para t\u00e9cnicas avanzadas, movimientos din\u00e1micos y ejercicios b\u00e1sicos de fuerza. Fabricada para ofrecer durabilidad y rendimiento, es ideal para atletas de todos los niveles. Impuestos incluidos. Env\u00edo calculado al finalizar la compra. *Plazo de entrega de 5 a 7 semanas\" \/>\n<meta property=\"og:url\" content=\"https:\/\/barmaniapro.com\/es\/producto\/barras-de-hierro-de-estilo-libre\/\" \/>\n<meta property=\"og:site_name\" content=\"BarManiaPro\" \/>\n<meta property=\"article:publisher\" content=\"https:\/\/www.facebook.com\/BarManiaPro\/\" \/>\n<meta property=\"og:image\" content=\"https:\/\/barmaniapro.com\/wp-content\/uploads\/2022\/06\/BMP-53007_Iron-Freestyle-bars_classic_1.png\" \/>\n\t<meta property=\"og:image:width\" content=\"1770\" \/>\n\t<meta property=\"og:image:height\" content=\"1770\" \/>\n\t<meta property=\"og:image:type\" content=\"image\/png\" \/>\n<meta name=\"twitter:card\" content=\"summary_large_image\" \/>\n<meta name=\"twitter:label1\" content=\"Tiempo de lectura\" \/>\n\t<meta name=\"twitter:data1\" content=\"3 minuto\" \/>\n<script type=\"application\/ld+json\" class=\"yoast-schema-graph\">{\"@context\":\"https:\/\/schema.org\",\"@graph\":[{\"@type\":\"WebPage\",\"@id\":\"https:\/\/barmaniapro.com\/es\/producto\/barras-de-hierro-de-estilo-libre\/\",\"url\":\"https:\/\/barmaniapro.com\/es\/producto\/barras-de-hierro-de-estilo-libre\/\",\"name\":\"Barras de hierro de estilo libre - BarManiaPro\",\"isPartOf\":{\"@id\":\"https:\/\/barmaniapro.com\/es\/#website\"},\"primaryImageOfPage\":{\"@id\":\"https:\/\/barmaniapro.com\/es\/producto\/barras-de-hierro-de-estilo-libre\/#primaryimage\"},\"image\":{\"@id\":\"https:\/\/barmaniapro.com\/es\/producto\/barras-de-hierro-de-estilo-libre\/#primaryimage\"},\"thumbnailUrl\":\"https:\/\/barmaniapro.com\/wp-content\/uploads\/2022\/06\/BMP-53007_Iron-Freestyle-bars_classic_1.png\",\"datePublished\":\"2022-06-14T13:24:28+00:00\",\"breadcrumb\":{\"@id\":\"https:\/\/barmaniapro.com\/es\/producto\/barras-de-hierro-de-estilo-libre\/#breadcrumb\"},\"inLanguage\":\"es\",\"potentialAction\":[{\"@type\":\"ReadAction\",\"target\":[\"https:\/\/barmaniapro.com\/es\/producto\/barras-de-hierro-de-estilo-libre\/\"]}]},{\"@type\":\"ImageObject\",\"inLanguage\":\"es\",\"@id\":\"https:\/\/barmaniapro.com\/es\/producto\/barras-de-hierro-de-estilo-libre\/#primaryimage\",\"url\":\"https:\/\/barmaniapro.com\/wp-content\/uploads\/2022\/06\/BMP-53007_Iron-Freestyle-bars_classic_1.png\",\"contentUrl\":\"https:\/\/barmaniapro.com\/wp-content\/uploads\/2022\/06\/BMP-53007_Iron-Freestyle-bars_classic_1.png\",\"width\":1770,\"height\":1770},{\"@type\":\"BreadcrumbList\",\"@id\":\"https:\/\/barmaniapro.com\/es\/producto\/barras-de-hierro-de-estilo-libre\/#breadcrumb\",\"itemListElement\":[{\"@type\":\"ListItem\",\"position\":1,\"name\":\"Tienda\",\"item\":\"https:\/\/barmaniapro.com\/es\/tienda\/\"},{\"@type\":\"ListItem\",\"position\":2,\"name\":\"Barras de hierro de estilo libre\"}]},{\"@type\":\"WebSite\",\"@id\":\"https:\/\/barmaniapro.com\/es\/#website\",\"url\":\"https:\/\/barmaniapro.com\/es\/\",\"name\":\"BarManiaPro\",\"description\":\"Manufacturer of Calisthenics equipment\",\"potentialAction\":[{\"@type\":\"SearchAction\",\"target\":{\"@type\":\"EntryPoint\",\"urlTemplate\":\"https:\/\/barmaniapro.com\/es\/?s={search_term_string}\"},\"query-input\":{\"@type\":\"PropertyValueSpecification\",\"valueRequired\":true,\"valueName\":\"search_term_string\"}}],\"inLanguage\":\"es\"}]}<\/script>\n<!-- \/ Yoast SEO plugin. -->","yoast_head_json":{"title":"Barras de hierro de estilo libre - BarManiaPro","robots":{"index":"index","follow":"follow","max-snippet":"max-snippet:-1","max-image-preview":"max-image-preview:large","max-video-preview":"max-video-preview:-1"},"canonical":"https:\/\/barmaniapro.com\/es\/producto\/barras-de-hierro-de-estilo-libre\/","og_locale":"es_ES","og_type":"article","og_title":"Barras de hierro de estilo libre - BarManiaPro","og_description":"Las Barras Iron Freestyle son la soluci\u00f3n definitiva para los atletas que desean explorar la calistenia de estilo libre y los entrenamientos de cuerpo entero. Con cuatro barras de dominadas extralargas (2200 mm) y barras paralelas separadas con un di\u00e1metro de 48,3 mm, esta estaci\u00f3n proporciona una versatilidad y un espacio incomparables para t\u00e9cnicas avanzadas, movimientos din\u00e1micos y ejercicios b\u00e1sicos de fuerza. Fabricada para ofrecer durabilidad y rendimiento, es ideal para atletas de todos los niveles. Impuestos incluidos. Env\u00edo calculado al finalizar la compra. *Plazo de entrega de 5 a 7 semanas","og_url":"https:\/\/barmaniapro.com\/es\/producto\/barras-de-hierro-de-estilo-libre\/","og_site_name":"BarManiaPro","article_publisher":"https:\/\/www.facebook.com\/BarManiaPro\/","og_image":[{"width":1770,"height":1770,"url":"https:\/\/barmaniapro.com\/wp-content\/uploads\/2022\/06\/BMP-53007_Iron-Freestyle-bars_classic_1.png","type":"image\/png"}],"twitter_card":"summary_large_image","twitter_misc":{"Tiempo de lectura":"3 minuto"},"schema":{"@context":"https:\/\/schema.org","@graph":[{"@type":"WebPage","@id":"https:\/\/barmaniapro.com\/es\/producto\/barras-de-hierro-de-estilo-libre\/","url":"https:\/\/barmaniapro.com\/es\/producto\/barras-de-hierro-de-estilo-libre\/","name":"Barras de hierro de estilo libre - BarManiaPro","isPartOf":{"@id":"https:\/\/barmaniapro.com\/es\/#website"},"primaryImageOfPage":{"@id":"https:\/\/barmaniapro.com\/es\/producto\/barras-de-hierro-de-estilo-libre\/#primaryimage"},"image":{"@id":"https:\/\/barmaniapro.com\/es\/producto\/barras-de-hierro-de-estilo-libre\/#primaryimage"},"thumbnailUrl":"https:\/\/barmaniapro.com\/wp-content\/uploads\/2022\/06\/BMP-53007_Iron-Freestyle-bars_classic_1.png","datePublished":"2022-06-14T13:24:28+00:00","breadcrumb":{"@id":"https:\/\/barmaniapro.com\/es\/producto\/barras-de-hierro-de-estilo-libre\/#breadcrumb"},"inLanguage":"es","potentialAction":[{"@type":"ReadAction","target":["https:\/\/barmaniapro.com\/es\/producto\/barras-de-hierro-de-estilo-libre\/"]}]},{"@type":"ImageObject","inLanguage":"es","@id":"https:\/\/barmaniapro.com\/es\/producto\/barras-de-hierro-de-estilo-libre\/#primaryimage","url":"https:\/\/barmaniapro.com\/wp-content\/uploads\/2022\/06\/BMP-53007_Iron-Freestyle-bars_classic_1.png","contentUrl":"https:\/\/barmaniapro.com\/wp-content\/uploads\/2022\/06\/BMP-53007_Iron-Freestyle-bars_classic_1.png","width":1770,"height":1770},{"@type":"BreadcrumbList","@id":"https:\/\/barmaniapro.com\/es\/producto\/barras-de-hierro-de-estilo-libre\/#breadcrumb","itemListElement":[{"@type":"ListItem","position":1,"name":"Tienda","item":"https:\/\/barmaniapro.com\/es\/tienda\/"},{"@type":"ListItem","position":2,"name":"Barras de hierro de estilo libre"}]},{"@type":"WebSite","@id":"https:\/\/barmaniapro.com\/es\/#website","url":"https:\/\/barmaniapro.com\/es\/","name":"BarManiaPro","description":"Manufacturer of Calisthenics equipment","potentialAction":[{"@type":"SearchAction","target":{"@type":"EntryPoint","urlTemplate":"https:\/\/barmaniapro.com\/es\/?s={search_term_string}"},"query-input":{"@type":"PropertyValueSpecification","valueRequired":true,"valueName":"search_term_string"}}],"inLanguage":"es"}]}},"_links":{"self":[{"href":"https:\/\/barmaniapro.com\/es\/wp-json\/wp\/v2\/product\/27071","targetHints":{"allow":["GET"]}}],"collection":[{"href":"https:\/\/barmaniapro.com\/es\/wp-json\/wp\/v2\/product"}],"about":[{"href":"https:\/\/barmaniapro.com\/es\/wp-json\/wp\/v2\/types\/product"}],"replies":[{"embeddable":true,"href":"https:\/\/barmaniapro.com\/es\/wp-json\/wp\/v2\/comments?post=27071"}],"wp:featuredmedia":[{"embeddable":true,"href":"https:\/\/barmaniapro.com\/es\/wp-json\/wp\/v2\/media\/12728"}],"wp:attachment":[{"href":"https:\/\/barmaniapro.com\/es\/wp-json\/wp\/v2\/media?parent=27071"}],"wp:term":[{"taxonomy":"product_brand","embeddable":true,"href":"https:\/\/barmaniapro.com\/es\/wp-json\/wp\/v2\/product_brand?post=27071"},{"taxonomy":"product_cat","embeddable":true,"href":"https:\/\/barmaniapro.com\/es\/wp-json\/wp\/v2\/product_cat?post=27071"},{"taxonomy":"product_tag","embeddable":true,"href":"https:\/\/barmaniapro.com\/es\/wp-json\/wp\/v2\/product_tag?post=27071"}],"curies":[{"name":"wp","href":"https:\/\/api.w.org\/{rel}","templated":true}]}}