{"id":27063,"date":"2022-06-14T15:22:52","date_gmt":"2022-06-14T13:22:52","guid":{"rendered":"https:\/\/barmaniapro.com\/product\/superserpiente\/"},"modified":"2022-06-14T15:22:52","modified_gmt":"2022-06-14T13:22:52","slug":"superserpiente","status":"publish","type":"product","link":"https:\/\/barmaniapro.com\/es\/producto\/superserpiente\/","title":{"rendered":"Superserpiente"},"content":{"rendered":"<div class=\"flex-shrink-0 flex flex-col relative items-end\">\n<div class=\"pt-0\">\n<div class=\"gizmo-bot-avatar flex h-8 w-8 items-center justify-center overflow-hidden rounded-full\">\n<div class=\"relative p-1 rounded-sm flex items-center justify-center bg-token-main-surface-primary text-token-text-primary h-8 w-8\">La BarManiaPro\u00ae Supersnake es un montaje de entrenamiento \u00fanico y din\u00e1mico dise\u00f1ado para parques de Calistenia y Ninja Warrior. Perfecto para atletas de todos los niveles, este vers\u00e1til equipo ofrece una desafiante combinaci\u00f3n de ejercicios de suspensi\u00f3n, coordinaci\u00f3n y fuerza.  El montaje Supersnake es una forma emocionante de desarrollar la fuerza de la parte superior del cuerpo, mejorar el agarre y perfeccionar las habilidades de coordinaci\u00f3n, al tiempo que pones a prueba tu resistencia y agilidad.<\/div>\n<div>\n<ul>\n<li><strong>4 Columnas de 3400 mm<\/strong>: Estas columnas resistentes y duraderas proporcionan una base s\u00f3lida para el montaje de la Superserpiente, garantizando la estabilidad durante el uso riguroso y el entrenamiento de alta intensidad.<\/li>\n<li><strong>2 Columnas transversales de 480 mm<\/strong>: Estas cortas columnas transversales permiten la fijaci\u00f3n segura de las anillas serpiente, proporcionando los puntos de anclaje perfectos para los movimientos coordinados.<\/li>\n<li><strong>1 Travesa\u00f1o de 5000 mm con<\/strong> 11 anillas de serpiente soldadas: Este travesa\u00f1o m\u00e1s largo abarca una distancia generosa y est\u00e1 equipado con 11 anillas de serpiente soldadas para ofrecer la m\u00e1xima estabilidad y durabilidad. Estos anillos ofrecen un emocionante desaf\u00edo para que los atletas naveguen utilizando la fuerza de la parte superior del cuerpo, la coordinaci\u00f3n y el agarre. <\/li>\n<li><strong>4 juegos de abrazaderas<\/strong>: Estas abrazaderas sujetan firmemente todos los componentes del montaje para garantizar la seguridad y estabilidad durante el uso, creando un entorno fiable para el entrenamiento intenso.<\/li>\n<\/ul>\n<p>\u00bfPor qu\u00e9 elegir la BarManiaPro\u00ae Supersnake?<\/p>\n<ul>\n<li><strong>Desafiante y Divertido<\/strong>: Los anillos de serpiente proporcionan un obst\u00e1culo \u00fanico que desaf\u00eda la fuerza de agarre, el control del cuerpo y la coordinaci\u00f3n, convirti\u00e9ndolo en una adici\u00f3n emocionante a cualquier parque de entrenamiento.<\/li>\n<li><strong>Adaptable a Todos los Niveles<\/strong>: Dise\u00f1ado para atletas de todos los niveles de fuerza, el Supersnake puede utilizarse tanto para principiantes que trabajan en habilidades b\u00e1sicas de suspensi\u00f3n como para usuarios avanzados que buscan un obst\u00e1culo m\u00e1s dif\u00edcil.<\/li>\n<li><strong>Opciones de ejercicio vers\u00e1tiles<\/strong>: Ideal para una serie de ejercicios, como colgarse, balancearse y ejercicios de coordinaci\u00f3n, este montaje ayuda a desarrollar la fuerza, la estabilidad y la agilidad de todo el cuerpo.<\/li>\n<li><strong>Perfecto para Calistenia y Entrenamiento de Guerreros Ninja<\/strong>: Tanto si se utiliza para entrenamiento individual como para carreras de obst\u00e1culos, el montaje Supersnake mejora la resistencia de la parte superior del cuerpo, la fuerza de agarre y el movimiento funcional, por lo que es perfecto para los entusiastas de la calistenia y los guerreros ninja.<\/li>\n<li><strong>Fabricado para durar<\/strong>: Construido con materiales de alta calidad, el montaje Supersnake est\u00e1 dise\u00f1ado para soportar las sesiones de entrenamiento m\u00e1s duras y aguantar un uso de alta intensidad.<\/li>\n<\/ul>\n<\/div>\n<\/div>\n<\/div>\n<\/div>\n","protected":false},"excerpt":{"rendered":"<p>La BarManiaPro\u00ae Supersnake es un montaje de entrenamiento \u00fanico y din\u00e1mico dise\u00f1ado para parques de Calistenia y Ninja Warrior. Perfecto para atletas de todos los niveles, este vers\u00e1til equipo ofrece una desafiante combinaci\u00f3n de ejercicios de suspensi\u00f3n, coordinaci\u00f3n y fuerza. <\/p>\n<p>El montaje Supersnake es una forma emocionante de desarrollar la fuerza de la parte superior del cuerpo, mejorar el agarre y perfeccionar las habilidades de coordinaci\u00f3n, al tiempo que pones a prueba tu resistencia y agilidad.<\/p>\n","protected":false},"featured_media":13916,"comment_status":"open","ping_status":"closed","template":"","meta":{"_acf_changed":false,"inline_featured_image":false},"product_brand":[],"product_cat":[614,682],"product_tag":[],"class_list":{"0":"post-27063","1":"product","2":"type-product","3":"status-publish","4":"has-post-thumbnail","6":"product_cat-equipo","7":"product_cat-guerrero-ninja","9":"first","10":"instock","11":"taxable","12":"shipping-taxable","13":"product-type-simple"},"acf":[],"yoast_head":"<!-- This site is optimized with the Yoast SEO plugin v26.2 - https:\/\/yoast.com\/wordpress\/plugins\/seo\/ -->\n<title>Superserpiente - BarManiaPro<\/title>\n<meta name=\"robots\" content=\"index, follow, max-snippet:-1, max-image-preview:large, max-video-preview:-1\" \/>\n<link rel=\"canonical\" href=\"https:\/\/barmaniapro.com\/es\/producto\/superserpiente\/\" \/>\n<meta property=\"og:locale\" content=\"es_ES\" \/>\n<meta property=\"og:type\" content=\"article\" \/>\n<meta property=\"og:title\" content=\"Superserpiente - BarManiaPro\" \/>\n<meta property=\"og:description\" content=\"La BarManiaPro\u00ae Supersnake es un montaje de entrenamiento \u00fanico y din\u00e1mico dise\u00f1ado para parques de Calistenia y Ninja Warrior. Perfecto para atletas de todos los niveles, este vers\u00e1til equipo ofrece una desafiante combinaci\u00f3n de ejercicios de suspensi\u00f3n, coordinaci\u00f3n y fuerza.  El montaje Supersnake es una forma emocionante de desarrollar la fuerza de la parte superior del cuerpo, mejorar el agarre y perfeccionar las habilidades de coordinaci\u00f3n, al tiempo que pones a prueba tu resistencia y agilidad.\" \/>\n<meta property=\"og:url\" content=\"https:\/\/barmaniapro.com\/es\/producto\/superserpiente\/\" \/>\n<meta property=\"og:site_name\" content=\"BarManiaPro\" \/>\n<meta property=\"article:publisher\" content=\"https:\/\/www.facebook.com\/BarManiaPro\/\" \/>\n<meta property=\"og:image\" content=\"https:\/\/barmaniapro.com\/wp-content\/uploads\/2022\/06\/BMP-71015_Supersnake_classic_1-min.png\" \/>\n\t<meta property=\"og:image:width\" content=\"1770\" \/>\n\t<meta property=\"og:image:height\" content=\"1770\" \/>\n\t<meta property=\"og:image:type\" content=\"image\/png\" \/>\n<meta name=\"twitter:card\" content=\"summary_large_image\" \/>\n<meta name=\"twitter:label1\" content=\"Tiempo de lectura\" \/>\n\t<meta name=\"twitter:data1\" content=\"2 minuto\" \/>\n<script type=\"application\/ld+json\" class=\"yoast-schema-graph\">{\"@context\":\"https:\/\/schema.org\",\"@graph\":[{\"@type\":\"WebPage\",\"@id\":\"https:\/\/barmaniapro.com\/es\/producto\/superserpiente\/\",\"url\":\"https:\/\/barmaniapro.com\/es\/producto\/superserpiente\/\",\"name\":\"Superserpiente - BarManiaPro\",\"isPartOf\":{\"@id\":\"https:\/\/barmaniapro.com\/es\/#website\"},\"primaryImageOfPage\":{\"@id\":\"https:\/\/barmaniapro.com\/es\/producto\/superserpiente\/#primaryimage\"},\"image\":{\"@id\":\"https:\/\/barmaniapro.com\/es\/producto\/superserpiente\/#primaryimage\"},\"thumbnailUrl\":\"https:\/\/barmaniapro.com\/wp-content\/uploads\/2022\/06\/BMP-71015_Supersnake_classic_1-min.png\",\"datePublished\":\"2022-06-14T13:22:52+00:00\",\"breadcrumb\":{\"@id\":\"https:\/\/barmaniapro.com\/es\/producto\/superserpiente\/#breadcrumb\"},\"inLanguage\":\"es\",\"potentialAction\":[{\"@type\":\"ReadAction\",\"target\":[\"https:\/\/barmaniapro.com\/es\/producto\/superserpiente\/\"]}]},{\"@type\":\"ImageObject\",\"inLanguage\":\"es\",\"@id\":\"https:\/\/barmaniapro.com\/es\/producto\/superserpiente\/#primaryimage\",\"url\":\"https:\/\/barmaniapro.com\/wp-content\/uploads\/2022\/06\/BMP-71015_Supersnake_classic_1-min.png\",\"contentUrl\":\"https:\/\/barmaniapro.com\/wp-content\/uploads\/2022\/06\/BMP-71015_Supersnake_classic_1-min.png\",\"width\":1770,\"height\":1770},{\"@type\":\"BreadcrumbList\",\"@id\":\"https:\/\/barmaniapro.com\/es\/producto\/superserpiente\/#breadcrumb\",\"itemListElement\":[{\"@type\":\"ListItem\",\"position\":1,\"name\":\"Tienda\",\"item\":\"https:\/\/barmaniapro.com\/es\/tienda\/\"},{\"@type\":\"ListItem\",\"position\":2,\"name\":\"Superserpiente\"}]},{\"@type\":\"WebSite\",\"@id\":\"https:\/\/barmaniapro.com\/es\/#website\",\"url\":\"https:\/\/barmaniapro.com\/es\/\",\"name\":\"BarManiaPro\",\"description\":\"Manufacturer of Calisthenics equipment\",\"potentialAction\":[{\"@type\":\"SearchAction\",\"target\":{\"@type\":\"EntryPoint\",\"urlTemplate\":\"https:\/\/barmaniapro.com\/es\/?s={search_term_string}\"},\"query-input\":{\"@type\":\"PropertyValueSpecification\",\"valueRequired\":true,\"valueName\":\"search_term_string\"}}],\"inLanguage\":\"es\"}]}<\/script>\n<!-- \/ Yoast SEO plugin. -->","yoast_head_json":{"title":"Superserpiente - BarManiaPro","robots":{"index":"index","follow":"follow","max-snippet":"max-snippet:-1","max-image-preview":"max-image-preview:large","max-video-preview":"max-video-preview:-1"},"canonical":"https:\/\/barmaniapro.com\/es\/producto\/superserpiente\/","og_locale":"es_ES","og_type":"article","og_title":"Superserpiente - BarManiaPro","og_description":"La BarManiaPro\u00ae Supersnake es un montaje de entrenamiento \u00fanico y din\u00e1mico dise\u00f1ado para parques de Calistenia y Ninja Warrior. Perfecto para atletas de todos los niveles, este vers\u00e1til equipo ofrece una desafiante combinaci\u00f3n de ejercicios de suspensi\u00f3n, coordinaci\u00f3n y fuerza.  El montaje Supersnake es una forma emocionante de desarrollar la fuerza de la parte superior del cuerpo, mejorar el agarre y perfeccionar las habilidades de coordinaci\u00f3n, al tiempo que pones a prueba tu resistencia y agilidad.","og_url":"https:\/\/barmaniapro.com\/es\/producto\/superserpiente\/","og_site_name":"BarManiaPro","article_publisher":"https:\/\/www.facebook.com\/BarManiaPro\/","og_image":[{"width":1770,"height":1770,"url":"https:\/\/barmaniapro.com\/wp-content\/uploads\/2022\/06\/BMP-71015_Supersnake_classic_1-min.png","type":"image\/png"}],"twitter_card":"summary_large_image","twitter_misc":{"Tiempo de lectura":"2 minuto"},"schema":{"@context":"https:\/\/schema.org","@graph":[{"@type":"WebPage","@id":"https:\/\/barmaniapro.com\/es\/producto\/superserpiente\/","url":"https:\/\/barmaniapro.com\/es\/producto\/superserpiente\/","name":"Superserpiente - BarManiaPro","isPartOf":{"@id":"https:\/\/barmaniapro.com\/es\/#website"},"primaryImageOfPage":{"@id":"https:\/\/barmaniapro.com\/es\/producto\/superserpiente\/#primaryimage"},"image":{"@id":"https:\/\/barmaniapro.com\/es\/producto\/superserpiente\/#primaryimage"},"thumbnailUrl":"https:\/\/barmaniapro.com\/wp-content\/uploads\/2022\/06\/BMP-71015_Supersnake_classic_1-min.png","datePublished":"2022-06-14T13:22:52+00:00","breadcrumb":{"@id":"https:\/\/barmaniapro.com\/es\/producto\/superserpiente\/#breadcrumb"},"inLanguage":"es","potentialAction":[{"@type":"ReadAction","target":["https:\/\/barmaniapro.com\/es\/producto\/superserpiente\/"]}]},{"@type":"ImageObject","inLanguage":"es","@id":"https:\/\/barmaniapro.com\/es\/producto\/superserpiente\/#primaryimage","url":"https:\/\/barmaniapro.com\/wp-content\/uploads\/2022\/06\/BMP-71015_Supersnake_classic_1-min.png","contentUrl":"https:\/\/barmaniapro.com\/wp-content\/uploads\/2022\/06\/BMP-71015_Supersnake_classic_1-min.png","width":1770,"height":1770},{"@type":"BreadcrumbList","@id":"https:\/\/barmaniapro.com\/es\/producto\/superserpiente\/#breadcrumb","itemListElement":[{"@type":"ListItem","position":1,"name":"Tienda","item":"https:\/\/barmaniapro.com\/es\/tienda\/"},{"@type":"ListItem","position":2,"name":"Superserpiente"}]},{"@type":"WebSite","@id":"https:\/\/barmaniapro.com\/es\/#website","url":"https:\/\/barmaniapro.com\/es\/","name":"BarManiaPro","description":"Manufacturer of Calisthenics equipment","potentialAction":[{"@type":"SearchAction","target":{"@type":"EntryPoint","urlTemplate":"https:\/\/barmaniapro.com\/es\/?s={search_term_string}"},"query-input":{"@type":"PropertyValueSpecification","valueRequired":true,"valueName":"search_term_string"}}],"inLanguage":"es"}]}},"_links":{"self":[{"href":"https:\/\/barmaniapro.com\/es\/wp-json\/wp\/v2\/product\/27063","targetHints":{"allow":["GET"]}}],"collection":[{"href":"https:\/\/barmaniapro.com\/es\/wp-json\/wp\/v2\/product"}],"about":[{"href":"https:\/\/barmaniapro.com\/es\/wp-json\/wp\/v2\/types\/product"}],"replies":[{"embeddable":true,"href":"https:\/\/barmaniapro.com\/es\/wp-json\/wp\/v2\/comments?post=27063"}],"wp:featuredmedia":[{"embeddable":true,"href":"https:\/\/barmaniapro.com\/es\/wp-json\/wp\/v2\/media\/13916"}],"wp:attachment":[{"href":"https:\/\/barmaniapro.com\/es\/wp-json\/wp\/v2\/media?parent=27063"}],"wp:term":[{"taxonomy":"product_brand","embeddable":true,"href":"https:\/\/barmaniapro.com\/es\/wp-json\/wp\/v2\/product_brand?post=27063"},{"taxonomy":"product_cat","embeddable":true,"href":"https:\/\/barmaniapro.com\/es\/wp-json\/wp\/v2\/product_cat?post=27063"},{"taxonomy":"product_tag","embeddable":true,"href":"https:\/\/barmaniapro.com\/es\/wp-json\/wp\/v2\/product_tag?post=27063"}],"curies":[{"name":"wp","href":"https:\/\/api.w.org\/{rel}","templated":true}]}}