{"id":27061,"date":"2022-06-14T15:22:52","date_gmt":"2022-06-14T13:22:52","guid":{"rendered":"https:\/\/barmaniapro.com\/product\/hierro-fitness-corporal-completo\/"},"modified":"2022-06-14T15:22:52","modified_gmt":"2022-06-14T13:22:52","slug":"hierro-fitness-corporal-completo","status":"publish","type":"product","link":"https:\/\/barmaniapro.com\/es\/producto\/hierro-fitness-corporal-completo\/","title":{"rendered":"Hierro Fitness corporal completo"},"content":{"rendered":"<p>La Estaci\u00f3n de Fitness BarManiaPro\u00ae Iron Full Body est\u00e1 dise\u00f1ada para atletas que valoran la versatilidad, la durabilidad y el rendimiento. Tanto si est\u00e1s dominando dominadas, fondos o t\u00e9cnicas avanzadas de estilo libre, esta estaci\u00f3n proporciona una plataforma estable y fiable para alcanzar tus objetivos de fitness. <\/p>\n<p>Su dise\u00f1o integrado permite realizar una amplia gama de ejercicios manteniendo un tama\u00f1o compacto, lo que la hace perfecta para uso personal o profesional.<\/p>\n<h6><strong>Caracter\u00edsticas principales:<\/strong><\/h6>\n<ul>\n<li><strong>Barra de dominadas extralarga (2200 mm): <\/strong>Ideal para dominadas de agarre ancho, muscle-ups, chin-ups y movimientos de estilo libre, ofreciendo un amplio espacio para t\u00e9cnicas avanzadas y m\u00faltiples usuarios.<\/li>\n<li>Barras <strong>paralelas integradas: <\/strong>Dos barras paralelas con un di\u00e1metro de 48,3 mm son perfectas para hacer fondos, sentadillas en L, flexiones y otros ejercicios de peso corporal dirigidos al pecho, los hombros y los tr\u00edceps. Su dise\u00f1o robusto y ergon\u00f3mico garantiza seguridad y comodidad durante los entrenamientos. <\/li>\n<li><strong>Robusta Construcci\u00f3n de Doble Columna: <\/strong>La estructura de dos columnas proporciona una estabilidad excepcional, lo que permite a la estaci\u00f3n soportar entrenamientos intensos y dar soporte a usuarios de todos los niveles de forma f\u00edsica.<\/li>\n<li><strong>Soluci\u00f3n de entrenamiento para todo el cuerpo: <\/strong>Combina ejercicios de dominadas y barras paralelas en un solo aparato compacto, por lo que es ideal para trabajar varios grupos musculares, incluidos la parte superior del cuerpo, el tronco y los brazos.<\/li>\n<li><strong>Construcci\u00f3n de alta calidad: <\/strong>Construida con materiales de primera calidad para garantizar su durabilidad, esta estaci\u00f3n est\u00e1 hecha para soportar un uso diario riguroso.<\/li>\n<li><strong>Acabado resistente a la intemperie: <\/strong>Recubierto con un acabado resistente al \u00f3xido para un rendimiento duradero tanto en interiores como en exteriores.<\/li>\n<li><strong>Dise\u00f1o que ahorra espacio: <\/strong>Compacto pero muy funcional, lo que lo convierte en un gran complemento para gimnasios dom\u00e9sticos, parques de fitness o instalaciones de entrenamiento calist\u00e9nico profesional.<\/li>\n<\/ul>\n<h6><\/h6>\n<h6><strong>\u00bfPor qu\u00e9 elegir la barra BarManiaPro\u00ae Freestyle con barras de inmersi\u00f3n?<\/strong><\/h6>\n<ul>\n<li><strong>Duradero y duradero<\/strong>: La construcci\u00f3n de acero galvanizado y el acabado de dos capas proporcionan una protecci\u00f3n superior, garantizando que este montaje dure a trav\u00e9s de un uso intensivo mientras mantiene su aspecto elegante.<\/li>\n<li>Vers\u00e1til <strong>para diversos ejercicios<\/strong>: Desde las dominadas b\u00e1sicas hasta los fondos avanzados, este montaje ofrece versatilidad para una amplia gama de ejercicios de calistenia, por lo que es adecuado tanto para principiantes como para atletas experimentados.<\/li>\n<li><strong>Perfecto para el entrenamiento avanzado<\/strong>: Con la barra Freestyle y la barra de inmersi\u00f3n, esta configuraci\u00f3n es ideal para los atletas que desean dominar movimientos avanzados o mejorar su control corporal y su fuerza con otros ejercicios de calistenia din\u00e1mica.<\/li>\n<li><strong>Seguro y estable<\/strong>: Las columnas y abrazaderas de 3400 mm proporcionan una base s\u00f3lida y fiable, garantizando que todos los componentes permanezcan en su sitio durante los entrenamientos de alta intensidad.<\/li>\n<li><strong>Mejora la fuerza y la estabilidad del tronco<\/strong>: La configuraci\u00f3n se dirige a la fuerza y estabilidad del tronco, ofreciendo un ejercicio desafiante y gratificante para a\u00f1adir a tu rutina de entrenamiento.<\/li>\n<\/ul>\n","protected":false},"excerpt":{"rendered":"<p>La estaci\u00f3n de fitness BarManiaPro\u00ae Iron Full Body es la soluci\u00f3n definitiva para los deportistas que buscan desarrollar fuerza, resistencia y flexibilidad a trav\u00e9s de la calistenia.<\/p>\n<p>Esta estaci\u00f3n de entrenamiento vers\u00e1til y duradera est\u00e1 dise\u00f1ada pensando en la funcionalidad y la eficacia, e incluye una barra de dominadas extralarga de 2200 mm y barras paralelas integradas de 48,3 mm de di\u00e1metro, que permiten un entrenamiento completo de la parte superior del cuerpo y el tronco.<\/p>\n<h6>* Los gastos de env\u00edo se calcular\u00e1n y facturar\u00e1n por separado tras el pago, en funci\u00f3n del c\u00f3digo postal.<em><strong><br \/>\n<\/strong><\/em><\/h6>\n","protected":false},"featured_media":12696,"comment_status":"open","ping_status":"closed","template":"","meta":{"_acf_changed":false,"inline_featured_image":false},"product_brand":[],"product_cat":[978],"product_tag":[611],"class_list":{"0":"post-27061","1":"product","2":"type-product","3":"status-publish","4":"has-post-thumbnail","6":"product_cat-calistenia","7":"product_tag-calistenia","9":"first","10":"onbackorder","11":"taxable","12":"shipping-taxable","13":"purchasable","14":"product-type-simple"},"acf":[],"yoast_head":"<!-- This site is optimized with the Yoast SEO plugin v26.2 - https:\/\/yoast.com\/wordpress\/plugins\/seo\/ -->\n<title>Hierro Fitness corporal completo - BarManiaPro<\/title>\n<meta name=\"robots\" content=\"index, follow, max-snippet:-1, max-image-preview:large, max-video-preview:-1\" \/>\n<link rel=\"canonical\" href=\"https:\/\/barmaniapro.com\/es\/producto\/hierro-fitness-corporal-completo\/\" \/>\n<meta property=\"og:locale\" content=\"es_ES\" \/>\n<meta property=\"og:type\" content=\"article\" \/>\n<meta property=\"og:title\" content=\"Hierro Fitness corporal completo - BarManiaPro\" \/>\n<meta property=\"og:description\" content=\"La estaci\u00f3n de fitness BarManiaPro\u00ae Iron Full Body es la soluci\u00f3n definitiva para los deportistas que buscan desarrollar fuerza, resistencia y flexibilidad a trav\u00e9s de la calistenia. Esta estaci\u00f3n de entrenamiento vers\u00e1til y duradera est\u00e1 dise\u00f1ada pensando en la funcionalidad y la eficacia, e incluye una barra de dominadas extralarga de 2200 mm y barras paralelas integradas de 48,3 mm de di\u00e1metro, que permiten un entrenamiento completo de la parte superior del cuerpo y el tronco. * Los gastos de env\u00edo se calcular\u00e1n y facturar\u00e1n por separado tras el pago, en funci\u00f3n del c\u00f3digo postal.\" \/>\n<meta property=\"og:url\" content=\"https:\/\/barmaniapro.com\/es\/producto\/hierro-fitness-corporal-completo\/\" \/>\n<meta property=\"og:site_name\" content=\"BarManiaPro\" \/>\n<meta property=\"article:publisher\" content=\"https:\/\/www.facebook.com\/BarManiaPro\/\" \/>\n<meta property=\"og:image\" content=\"https:\/\/barmaniapro.com\/wp-content\/uploads\/2022\/06\/BMP-53006_Iron-full-body-Fitness_classic_1.png\" \/>\n\t<meta property=\"og:image:width\" content=\"1770\" \/>\n\t<meta property=\"og:image:height\" content=\"1770\" \/>\n\t<meta property=\"og:image:type\" content=\"image\/png\" \/>\n<meta name=\"twitter:card\" content=\"summary_large_image\" \/>\n<meta name=\"twitter:label1\" content=\"Tiempo de lectura\" \/>\n\t<meta name=\"twitter:data1\" content=\"3 minuto\" \/>\n<script type=\"application\/ld+json\" class=\"yoast-schema-graph\">{\"@context\":\"https:\/\/schema.org\",\"@graph\":[{\"@type\":\"WebPage\",\"@id\":\"https:\/\/barmaniapro.com\/es\/producto\/hierro-fitness-corporal-completo\/\",\"url\":\"https:\/\/barmaniapro.com\/es\/producto\/hierro-fitness-corporal-completo\/\",\"name\":\"Hierro Fitness corporal completo - BarManiaPro\",\"isPartOf\":{\"@id\":\"https:\/\/barmaniapro.com\/es\/#website\"},\"primaryImageOfPage\":{\"@id\":\"https:\/\/barmaniapro.com\/es\/producto\/hierro-fitness-corporal-completo\/#primaryimage\"},\"image\":{\"@id\":\"https:\/\/barmaniapro.com\/es\/producto\/hierro-fitness-corporal-completo\/#primaryimage\"},\"thumbnailUrl\":\"https:\/\/barmaniapro.com\/wp-content\/uploads\/2022\/06\/BMP-53006_Iron-full-body-Fitness_classic_1.png\",\"datePublished\":\"2022-06-14T13:22:52+00:00\",\"breadcrumb\":{\"@id\":\"https:\/\/barmaniapro.com\/es\/producto\/hierro-fitness-corporal-completo\/#breadcrumb\"},\"inLanguage\":\"es\",\"potentialAction\":[{\"@type\":\"ReadAction\",\"target\":[\"https:\/\/barmaniapro.com\/es\/producto\/hierro-fitness-corporal-completo\/\"]}]},{\"@type\":\"ImageObject\",\"inLanguage\":\"es\",\"@id\":\"https:\/\/barmaniapro.com\/es\/producto\/hierro-fitness-corporal-completo\/#primaryimage\",\"url\":\"https:\/\/barmaniapro.com\/wp-content\/uploads\/2022\/06\/BMP-53006_Iron-full-body-Fitness_classic_1.png\",\"contentUrl\":\"https:\/\/barmaniapro.com\/wp-content\/uploads\/2022\/06\/BMP-53006_Iron-full-body-Fitness_classic_1.png\",\"width\":1770,\"height\":1770},{\"@type\":\"BreadcrumbList\",\"@id\":\"https:\/\/barmaniapro.com\/es\/producto\/hierro-fitness-corporal-completo\/#breadcrumb\",\"itemListElement\":[{\"@type\":\"ListItem\",\"position\":1,\"name\":\"Tienda\",\"item\":\"https:\/\/barmaniapro.com\/es\/tienda\/\"},{\"@type\":\"ListItem\",\"position\":2,\"name\":\"Hierro Fitness corporal completo\"}]},{\"@type\":\"WebSite\",\"@id\":\"https:\/\/barmaniapro.com\/es\/#website\",\"url\":\"https:\/\/barmaniapro.com\/es\/\",\"name\":\"BarManiaPro\",\"description\":\"Manufacturer of Calisthenics equipment\",\"potentialAction\":[{\"@type\":\"SearchAction\",\"target\":{\"@type\":\"EntryPoint\",\"urlTemplate\":\"https:\/\/barmaniapro.com\/es\/?s={search_term_string}\"},\"query-input\":{\"@type\":\"PropertyValueSpecification\",\"valueRequired\":true,\"valueName\":\"search_term_string\"}}],\"inLanguage\":\"es\"}]}<\/script>\n<!-- \/ Yoast SEO plugin. -->","yoast_head_json":{"title":"Hierro Fitness corporal completo - BarManiaPro","robots":{"index":"index","follow":"follow","max-snippet":"max-snippet:-1","max-image-preview":"max-image-preview:large","max-video-preview":"max-video-preview:-1"},"canonical":"https:\/\/barmaniapro.com\/es\/producto\/hierro-fitness-corporal-completo\/","og_locale":"es_ES","og_type":"article","og_title":"Hierro Fitness corporal completo - BarManiaPro","og_description":"La estaci\u00f3n de fitness BarManiaPro\u00ae Iron Full Body es la soluci\u00f3n definitiva para los deportistas que buscan desarrollar fuerza, resistencia y flexibilidad a trav\u00e9s de la calistenia. Esta estaci\u00f3n de entrenamiento vers\u00e1til y duradera est\u00e1 dise\u00f1ada pensando en la funcionalidad y la eficacia, e incluye una barra de dominadas extralarga de 2200 mm y barras paralelas integradas de 48,3 mm de di\u00e1metro, que permiten un entrenamiento completo de la parte superior del cuerpo y el tronco. * Los gastos de env\u00edo se calcular\u00e1n y facturar\u00e1n por separado tras el pago, en funci\u00f3n del c\u00f3digo postal.","og_url":"https:\/\/barmaniapro.com\/es\/producto\/hierro-fitness-corporal-completo\/","og_site_name":"BarManiaPro","article_publisher":"https:\/\/www.facebook.com\/BarManiaPro\/","og_image":[{"width":1770,"height":1770,"url":"https:\/\/barmaniapro.com\/wp-content\/uploads\/2022\/06\/BMP-53006_Iron-full-body-Fitness_classic_1.png","type":"image\/png"}],"twitter_card":"summary_large_image","twitter_misc":{"Tiempo de lectura":"3 minuto"},"schema":{"@context":"https:\/\/schema.org","@graph":[{"@type":"WebPage","@id":"https:\/\/barmaniapro.com\/es\/producto\/hierro-fitness-corporal-completo\/","url":"https:\/\/barmaniapro.com\/es\/producto\/hierro-fitness-corporal-completo\/","name":"Hierro Fitness corporal completo - BarManiaPro","isPartOf":{"@id":"https:\/\/barmaniapro.com\/es\/#website"},"primaryImageOfPage":{"@id":"https:\/\/barmaniapro.com\/es\/producto\/hierro-fitness-corporal-completo\/#primaryimage"},"image":{"@id":"https:\/\/barmaniapro.com\/es\/producto\/hierro-fitness-corporal-completo\/#primaryimage"},"thumbnailUrl":"https:\/\/barmaniapro.com\/wp-content\/uploads\/2022\/06\/BMP-53006_Iron-full-body-Fitness_classic_1.png","datePublished":"2022-06-14T13:22:52+00:00","breadcrumb":{"@id":"https:\/\/barmaniapro.com\/es\/producto\/hierro-fitness-corporal-completo\/#breadcrumb"},"inLanguage":"es","potentialAction":[{"@type":"ReadAction","target":["https:\/\/barmaniapro.com\/es\/producto\/hierro-fitness-corporal-completo\/"]}]},{"@type":"ImageObject","inLanguage":"es","@id":"https:\/\/barmaniapro.com\/es\/producto\/hierro-fitness-corporal-completo\/#primaryimage","url":"https:\/\/barmaniapro.com\/wp-content\/uploads\/2022\/06\/BMP-53006_Iron-full-body-Fitness_classic_1.png","contentUrl":"https:\/\/barmaniapro.com\/wp-content\/uploads\/2022\/06\/BMP-53006_Iron-full-body-Fitness_classic_1.png","width":1770,"height":1770},{"@type":"BreadcrumbList","@id":"https:\/\/barmaniapro.com\/es\/producto\/hierro-fitness-corporal-completo\/#breadcrumb","itemListElement":[{"@type":"ListItem","position":1,"name":"Tienda","item":"https:\/\/barmaniapro.com\/es\/tienda\/"},{"@type":"ListItem","position":2,"name":"Hierro Fitness corporal completo"}]},{"@type":"WebSite","@id":"https:\/\/barmaniapro.com\/es\/#website","url":"https:\/\/barmaniapro.com\/es\/","name":"BarManiaPro","description":"Manufacturer of Calisthenics equipment","potentialAction":[{"@type":"SearchAction","target":{"@type":"EntryPoint","urlTemplate":"https:\/\/barmaniapro.com\/es\/?s={search_term_string}"},"query-input":{"@type":"PropertyValueSpecification","valueRequired":true,"valueName":"search_term_string"}}],"inLanguage":"es"}]}},"_links":{"self":[{"href":"https:\/\/barmaniapro.com\/es\/wp-json\/wp\/v2\/product\/27061","targetHints":{"allow":["GET"]}}],"collection":[{"href":"https:\/\/barmaniapro.com\/es\/wp-json\/wp\/v2\/product"}],"about":[{"href":"https:\/\/barmaniapro.com\/es\/wp-json\/wp\/v2\/types\/product"}],"replies":[{"embeddable":true,"href":"https:\/\/barmaniapro.com\/es\/wp-json\/wp\/v2\/comments?post=27061"}],"wp:featuredmedia":[{"embeddable":true,"href":"https:\/\/barmaniapro.com\/es\/wp-json\/wp\/v2\/media\/12696"}],"wp:attachment":[{"href":"https:\/\/barmaniapro.com\/es\/wp-json\/wp\/v2\/media?parent=27061"}],"wp:term":[{"taxonomy":"product_brand","embeddable":true,"href":"https:\/\/barmaniapro.com\/es\/wp-json\/wp\/v2\/product_brand?post=27061"},{"taxonomy":"product_cat","embeddable":true,"href":"https:\/\/barmaniapro.com\/es\/wp-json\/wp\/v2\/product_cat?post=27061"},{"taxonomy":"product_tag","embeddable":true,"href":"https:\/\/barmaniapro.com\/es\/wp-json\/wp\/v2\/product_tag?post=27061"}],"curies":[{"name":"wp","href":"https:\/\/api.w.org\/{rel}","templated":true}]}}