{"id":27058,"date":"2022-06-14T15:22:52","date_gmt":"2022-06-14T13:22:52","guid":{"rendered":"https:\/\/barmaniapro.com\/product\/calistenia-parque-l-avanzado\/"},"modified":"2022-06-14T15:22:52","modified_gmt":"2022-06-14T13:22:52","slug":"calistenia-parque-l-avanzado","status":"publish","type":"product","link":"https:\/\/barmaniapro.com\/es\/producto\/calistenia-parque-l-avanzado\/","title":{"rendered":"Calistenia parque L Avanzado"},"content":{"rendered":"<h5 data-start=\"460\" data-end=\"473\">Caracter\u00edsticas:<\/h5>\n<ul data-start=\"474\" data-end=\"1686\">\n<li data-start=\"474\" data-end=\"612\"><strong data-start=\"476\" data-end=\"498\">Barra de flexiones triple<\/strong>: Ideal para realizar diversas variaciones de flexiones y fortalecer la parte superior del cuerpo, mejorando el pecho, los hombros y los tr\u00edceps.<\/li>\n<li data-start=\"613\" data-end=\"774\"><strong data-start=\"615\" data-end=\"655\">LegTrainer con 3 alturas ajustables<\/strong>: Apunta a la fuerza y resistencia de la parte inferior del cuerpo, permitiendo a los usuarios modificar la intensidad de las sentadillas, estocadas y elevaciones de piernas.<\/li>\n<li data-start=\"775\" data-end=\"920\"><strong data-start=\"777\" data-end=\"801\">Barras paralelas dobles<\/strong>: Perfectas para practicar dips, muscle-ups y otros ejercicios de la parte superior del cuerpo, mejorando la fuerza de brazos, hombros y pecho.<\/li>\n<li data-start=\"921\" data-end=\"1095\"><strong data-start=\"923\" data-end=\"964\">Silla Romana para Abdominales + Banco Inclinado para Abdominales<\/strong>: Se centra en el fortalecimiento del tronco con la posibilidad de realizar abdominales, elevaciones de piernas y sentadillas, garantizando un abdomen fuerte y tonificado.<\/li>\n<li data-start=\"1096\" data-end=\"1235\"><strong data-start=\"1098\" data-end=\"1114\">Pared Sueca<\/strong>: Multifuncional para estiramientos, ejercicios de espalda y movimientos de peso corporal como dominadas, paradas de manos y ejercicios de piernas.<\/li>\n<li data-start=\"1236\" data-end=\"1366\"><strong data-start=\"1238\" data-end=\"1260\">Barras dobles<\/strong>: ejercitan la fuerza de agarre, la fuerza de los brazos y la coordinaci\u00f3n, ideales para mejorar la potencia y la agilidad de la parte superior del cuerpo.<\/li>\n<li data-start=\"1367\" data-end=\"1520\"><strong data-start=\"1369\" data-end=\"1408\">6 Barras de dominadas a diferentes alturas<\/strong>: Ofrece una amplia gama de ejercicios de dominadas, desde los b\u00e1sicos hasta los avanzados, con alturas ajustables que se adaptan a distintos usuarios.<\/li>\n<li data-start=\"1521\" data-end=\"1686\"><strong data-start=\"1523\" data-end=\"1544\">Panel informativo<\/strong>: Incluye una gu\u00eda detallada de ejercicios y normas de seguridad, para garantizar que los usuarios est\u00e9n informados sobre la t\u00e9cnica adecuada y la seguridad durante sus entrenamientos.<\/li>\n<\/ul>\n<h5 data-start=\"1688\" data-end=\"1716\">Ideal para espacios p\u00fablicos:<\/h5>\n<ul data-start=\"1717\" data-end=\"2567\">\n<li data-start=\"1717\" data-end=\"1903\"><strong data-start=\"1719\" data-end=\"1744\">Vers\u00e1til e inclusivo<\/strong>: Las caracter\u00edsticas del parque son adecuadas para todas las edades y niveles de forma f\u00edsica, y ofrecen opciones para una amplia gama de ejercicios, desde movimientos b\u00e1sicos hasta rutinas avanzadas.<\/li>\n<li data-start=\"1904\" data-end=\"2074\"><strong data-start=\"1906\" data-end=\"1936\">Fomenta el Fitness al Aire Libre<\/strong>: Perfecto para espacios p\u00fablicos como parques, escuelas, gimnasios y zonas recreativas, fomentando un estilo de vida activo y saludable en la comunidad.<\/li>\n<li data-start=\"2075\" data-end=\"2269\"><strong data-start=\"2077\" data-end=\"2098\">Compromiso social<\/strong>: M\u00faltiples estaciones permiten entrenamientos en grupo, retos en equipo y experiencias de fitness compartidas, fomentando un sentido de comunidad y motivando a los usuarios a mantenerse activos juntos.<\/li>\n<li data-start=\"2270\" data-end=\"2412\"><strong data-start=\"2272\" data-end=\"2305\">Sostenible y de bajo mantenimiento<\/strong>: Construido para resistir los elementos clim\u00e1ticos y el uso intensivo, ofrece un rendimiento duradero con un mantenimiento m\u00ednimo.<\/li>\n<li data-start=\"2413\" data-end=\"2567\"><strong data-start=\"2415\" data-end=\"2437\">F\u00e1cil de usar y seguro<\/strong>: La informaci\u00f3n de seguridad incluida garantiza que los usuarios comprendan el uso correcto del equipo, fomentando la seguridad y evitando lesiones.<\/li>\n<\/ul>\n<p data-start=\"2569\" data-end=\"2726\" data-is-last-node=\"\" data-is-only-node=\"\">Eleva tu espacio p\u00fablico con el <strong data-start=\"2604\" data-end=\"2648\">barManiaPro Calisthenics Park L Advanced<\/strong>, creando un destino donde se unen el fitness, la comunidad y el bienestar.<\/p>\n","protected":false},"excerpt":{"rendered":"<p>Transforma tu espacio p\u00fablico en un din\u00e1mico centro de fitness con el Parque de Calistenia BarManiaPro L Avanzado. Este completo parque de calistenia est\u00e1 dise\u00f1ado para personas de todos los niveles de forma f\u00edsica y proporciona una experiencia de entrenamiento vers\u00e1til tanto para principiantes como para deportistas avanzados. <\/p>\n<p>Ya sea para parques, gimnasios o zonas comunitarias, esta configuraci\u00f3n fomenta el ejercicio al aire libre, el compromiso social y la vida sana.<\/p>\n","protected":false},"featured_media":14372,"comment_status":"open","ping_status":"closed","template":"","meta":{"_acf_changed":false,"inline_featured_image":false},"product_brand":[],"product_cat":[614,644],"product_tag":[611],"class_list":{"0":"post-27058","1":"product","2":"type-product","3":"status-publish","4":"has-post-thumbnail","6":"product_cat-equipo","7":"product_cat-parques-de-entrenamiento","8":"product_tag-calistenia","10":"first","11":"instock","12":"taxable","13":"shipping-taxable","14":"product-type-simple"},"acf":[],"yoast_head":"<!-- This site is optimized with the Yoast SEO plugin v26.2 - https:\/\/yoast.com\/wordpress\/plugins\/seo\/ -->\n<title>Calistenia parque L Avanzado - BarManiaPro<\/title>\n<meta name=\"robots\" content=\"index, follow, max-snippet:-1, max-image-preview:large, max-video-preview:-1\" \/>\n<link rel=\"canonical\" href=\"https:\/\/barmaniapro.com\/es\/producto\/calistenia-parque-l-avanzado\/\" \/>\n<meta property=\"og:locale\" content=\"es_ES\" \/>\n<meta property=\"og:type\" content=\"article\" \/>\n<meta property=\"og:title\" content=\"Calistenia parque L Avanzado - BarManiaPro\" \/>\n<meta property=\"og:description\" content=\"Transforma tu espacio p\u00fablico en un din\u00e1mico centro de fitness con el Parque de Calistenia BarManiaPro L Avanzado. Este completo parque de calistenia est\u00e1 dise\u00f1ado para personas de todos los niveles de forma f\u00edsica y proporciona una experiencia de entrenamiento vers\u00e1til tanto para principiantes como para deportistas avanzados.  Ya sea para parques, gimnasios o zonas comunitarias, esta configuraci\u00f3n fomenta el ejercicio al aire libre, el compromiso social y la vida sana.\" \/>\n<meta property=\"og:url\" content=\"https:\/\/barmaniapro.com\/es\/producto\/calistenia-parque-l-avanzado\/\" \/>\n<meta property=\"og:site_name\" content=\"BarManiaPro\" \/>\n<meta property=\"article:publisher\" content=\"https:\/\/www.facebook.com\/BarManiaPro\/\" \/>\n<meta property=\"og:image\" content=\"https:\/\/barmaniapro.com\/wp-content\/uploads\/2022\/06\/BMP-51044_Calisthenics-park-L-Advanced_CLASSIC-min.png\" \/>\n\t<meta property=\"og:image:width\" content=\"3040\" \/>\n\t<meta property=\"og:image:height\" content=\"1770\" \/>\n\t<meta property=\"og:image:type\" content=\"image\/png\" \/>\n<meta name=\"twitter:card\" content=\"summary_large_image\" \/>\n<meta name=\"twitter:label1\" content=\"Tiempo de lectura\" \/>\n\t<meta name=\"twitter:data1\" content=\"2 minuto\" \/>\n<script type=\"application\/ld+json\" class=\"yoast-schema-graph\">{\"@context\":\"https:\/\/schema.org\",\"@graph\":[{\"@type\":\"WebPage\",\"@id\":\"https:\/\/barmaniapro.com\/es\/producto\/calistenia-parque-l-avanzado\/\",\"url\":\"https:\/\/barmaniapro.com\/es\/producto\/calistenia-parque-l-avanzado\/\",\"name\":\"Calistenia parque L Avanzado - BarManiaPro\",\"isPartOf\":{\"@id\":\"https:\/\/barmaniapro.com\/es\/#website\"},\"primaryImageOfPage\":{\"@id\":\"https:\/\/barmaniapro.com\/es\/producto\/calistenia-parque-l-avanzado\/#primaryimage\"},\"image\":{\"@id\":\"https:\/\/barmaniapro.com\/es\/producto\/calistenia-parque-l-avanzado\/#primaryimage\"},\"thumbnailUrl\":\"https:\/\/barmaniapro.com\/wp-content\/uploads\/2022\/06\/BMP-51044_Calisthenics-park-L-Advanced_CLASSIC-min.png\",\"datePublished\":\"2022-06-14T13:22:52+00:00\",\"breadcrumb\":{\"@id\":\"https:\/\/barmaniapro.com\/es\/producto\/calistenia-parque-l-avanzado\/#breadcrumb\"},\"inLanguage\":\"es\",\"potentialAction\":[{\"@type\":\"ReadAction\",\"target\":[\"https:\/\/barmaniapro.com\/es\/producto\/calistenia-parque-l-avanzado\/\"]}]},{\"@type\":\"ImageObject\",\"inLanguage\":\"es\",\"@id\":\"https:\/\/barmaniapro.com\/es\/producto\/calistenia-parque-l-avanzado\/#primaryimage\",\"url\":\"https:\/\/barmaniapro.com\/wp-content\/uploads\/2022\/06\/BMP-51044_Calisthenics-park-L-Advanced_CLASSIC-min.png\",\"contentUrl\":\"https:\/\/barmaniapro.com\/wp-content\/uploads\/2022\/06\/BMP-51044_Calisthenics-park-L-Advanced_CLASSIC-min.png\",\"width\":3040,\"height\":1770},{\"@type\":\"BreadcrumbList\",\"@id\":\"https:\/\/barmaniapro.com\/es\/producto\/calistenia-parque-l-avanzado\/#breadcrumb\",\"itemListElement\":[{\"@type\":\"ListItem\",\"position\":1,\"name\":\"Tienda\",\"item\":\"https:\/\/barmaniapro.com\/es\/tienda\/\"},{\"@type\":\"ListItem\",\"position\":2,\"name\":\"Calistenia parque L Avanzado\"}]},{\"@type\":\"WebSite\",\"@id\":\"https:\/\/barmaniapro.com\/es\/#website\",\"url\":\"https:\/\/barmaniapro.com\/es\/\",\"name\":\"BarManiaPro\",\"description\":\"Manufacturer of Calisthenics equipment\",\"potentialAction\":[{\"@type\":\"SearchAction\",\"target\":{\"@type\":\"EntryPoint\",\"urlTemplate\":\"https:\/\/barmaniapro.com\/es\/?s={search_term_string}\"},\"query-input\":{\"@type\":\"PropertyValueSpecification\",\"valueRequired\":true,\"valueName\":\"search_term_string\"}}],\"inLanguage\":\"es\"}]}<\/script>\n<!-- \/ Yoast SEO plugin. -->","yoast_head_json":{"title":"Calistenia parque L Avanzado - BarManiaPro","robots":{"index":"index","follow":"follow","max-snippet":"max-snippet:-1","max-image-preview":"max-image-preview:large","max-video-preview":"max-video-preview:-1"},"canonical":"https:\/\/barmaniapro.com\/es\/producto\/calistenia-parque-l-avanzado\/","og_locale":"es_ES","og_type":"article","og_title":"Calistenia parque L Avanzado - BarManiaPro","og_description":"Transforma tu espacio p\u00fablico en un din\u00e1mico centro de fitness con el Parque de Calistenia BarManiaPro L Avanzado. Este completo parque de calistenia est\u00e1 dise\u00f1ado para personas de todos los niveles de forma f\u00edsica y proporciona una experiencia de entrenamiento vers\u00e1til tanto para principiantes como para deportistas avanzados.  Ya sea para parques, gimnasios o zonas comunitarias, esta configuraci\u00f3n fomenta el ejercicio al aire libre, el compromiso social y la vida sana.","og_url":"https:\/\/barmaniapro.com\/es\/producto\/calistenia-parque-l-avanzado\/","og_site_name":"BarManiaPro","article_publisher":"https:\/\/www.facebook.com\/BarManiaPro\/","og_image":[{"width":3040,"height":1770,"url":"https:\/\/barmaniapro.com\/wp-content\/uploads\/2022\/06\/BMP-51044_Calisthenics-park-L-Advanced_CLASSIC-min.png","type":"image\/png"}],"twitter_card":"summary_large_image","twitter_misc":{"Tiempo de lectura":"2 minuto"},"schema":{"@context":"https:\/\/schema.org","@graph":[{"@type":"WebPage","@id":"https:\/\/barmaniapro.com\/es\/producto\/calistenia-parque-l-avanzado\/","url":"https:\/\/barmaniapro.com\/es\/producto\/calistenia-parque-l-avanzado\/","name":"Calistenia parque L Avanzado - BarManiaPro","isPartOf":{"@id":"https:\/\/barmaniapro.com\/es\/#website"},"primaryImageOfPage":{"@id":"https:\/\/barmaniapro.com\/es\/producto\/calistenia-parque-l-avanzado\/#primaryimage"},"image":{"@id":"https:\/\/barmaniapro.com\/es\/producto\/calistenia-parque-l-avanzado\/#primaryimage"},"thumbnailUrl":"https:\/\/barmaniapro.com\/wp-content\/uploads\/2022\/06\/BMP-51044_Calisthenics-park-L-Advanced_CLASSIC-min.png","datePublished":"2022-06-14T13:22:52+00:00","breadcrumb":{"@id":"https:\/\/barmaniapro.com\/es\/producto\/calistenia-parque-l-avanzado\/#breadcrumb"},"inLanguage":"es","potentialAction":[{"@type":"ReadAction","target":["https:\/\/barmaniapro.com\/es\/producto\/calistenia-parque-l-avanzado\/"]}]},{"@type":"ImageObject","inLanguage":"es","@id":"https:\/\/barmaniapro.com\/es\/producto\/calistenia-parque-l-avanzado\/#primaryimage","url":"https:\/\/barmaniapro.com\/wp-content\/uploads\/2022\/06\/BMP-51044_Calisthenics-park-L-Advanced_CLASSIC-min.png","contentUrl":"https:\/\/barmaniapro.com\/wp-content\/uploads\/2022\/06\/BMP-51044_Calisthenics-park-L-Advanced_CLASSIC-min.png","width":3040,"height":1770},{"@type":"BreadcrumbList","@id":"https:\/\/barmaniapro.com\/es\/producto\/calistenia-parque-l-avanzado\/#breadcrumb","itemListElement":[{"@type":"ListItem","position":1,"name":"Tienda","item":"https:\/\/barmaniapro.com\/es\/tienda\/"},{"@type":"ListItem","position":2,"name":"Calistenia parque L Avanzado"}]},{"@type":"WebSite","@id":"https:\/\/barmaniapro.com\/es\/#website","url":"https:\/\/barmaniapro.com\/es\/","name":"BarManiaPro","description":"Manufacturer of Calisthenics equipment","potentialAction":[{"@type":"SearchAction","target":{"@type":"EntryPoint","urlTemplate":"https:\/\/barmaniapro.com\/es\/?s={search_term_string}"},"query-input":{"@type":"PropertyValueSpecification","valueRequired":true,"valueName":"search_term_string"}}],"inLanguage":"es"}]}},"_links":{"self":[{"href":"https:\/\/barmaniapro.com\/es\/wp-json\/wp\/v2\/product\/27058","targetHints":{"allow":["GET"]}}],"collection":[{"href":"https:\/\/barmaniapro.com\/es\/wp-json\/wp\/v2\/product"}],"about":[{"href":"https:\/\/barmaniapro.com\/es\/wp-json\/wp\/v2\/types\/product"}],"replies":[{"embeddable":true,"href":"https:\/\/barmaniapro.com\/es\/wp-json\/wp\/v2\/comments?post=27058"}],"wp:featuredmedia":[{"embeddable":true,"href":"https:\/\/barmaniapro.com\/es\/wp-json\/wp\/v2\/media\/14372"}],"wp:attachment":[{"href":"https:\/\/barmaniapro.com\/es\/wp-json\/wp\/v2\/media?parent=27058"}],"wp:term":[{"taxonomy":"product_brand","embeddable":true,"href":"https:\/\/barmaniapro.com\/es\/wp-json\/wp\/v2\/product_brand?post=27058"},{"taxonomy":"product_cat","embeddable":true,"href":"https:\/\/barmaniapro.com\/es\/wp-json\/wp\/v2\/product_cat?post=27058"},{"taxonomy":"product_tag","embeddable":true,"href":"https:\/\/barmaniapro.com\/es\/wp-json\/wp\/v2\/product_tag?post=27058"}],"curies":[{"name":"wp","href":"https:\/\/api.w.org\/{rel}","templated":true}]}}