{"id":27057,"date":"2022-06-14T15:22:52","date_gmt":"2022-06-14T13:22:52","guid":{"rendered":"https:\/\/barmaniapro.com\/product\/piedras-para-trepar-horizontales\/"},"modified":"2026-03-13T11:17:42","modified_gmt":"2026-03-13T10:17:42","slug":"piedras-para-trepar-horizontales","status":"publish","type":"product","link":"https:\/\/barmaniapro.com\/es\/producto\/piedras-para-trepar-horizontales\/","title":{"rendered":"Piedras para trepar horizontales"},"content":{"rendered":"<p>Tanto si est\u00e1s construyendo un muro de entrenamiento en tu garaje, gimnasio o zona de juegos al aire libre, estas piedras de escalada proporcionan un agarre seguro, formas variadas y una durabilidad fiable para simular experiencias reales de escalada en roca.<\/p>\n<h2 data-section-id=\"1iz91iu\" data-start=\"637\" data-end=\"653\">Caracter\u00edsticas principales<\/h2>\n<p>42 Presas de Escalada Incluidas<br data-start=\"688\" data-end=\"691\">Un juego completo con m\u00faltiples formas y tama\u00f1os para crear variadas v\u00edas de escalada y niveles de dificultad.<\/p>\n<p>Superficie texturizada antideslizante<br data-start=\"827\" data-end=\"830\">Cada presa tiene una textura rugosa para proporcionar un agarre excelente y mejorar la seguridad al escalar.<\/p>\n<p>Material resistente y duradero<br data-start=\"954\" data-end=\"957\">Fabricado con material compuesto de alta resistencia dise\u00f1ado para soportar un uso intensivo en interiores o exteriores.<\/p>\n<p>F\u00e1cil instalaci\u00f3n<br data-start=\"1075\" data-end=\"1078\">Compatible con los pernos est\u00e1ndar para roc\u00f3dromos, lo que simplifica la instalaci\u00f3n en roc\u00f3dromos de madera.<\/p>\n<p>Perfecto para entrenar y divertirse<br data-start=\"1212\" data-end=\"1215\">Adecuado para la pr\u00e1ctica del b\u00falder, el entrenamiento de fuerza, los ejercicios de coordinaci\u00f3n y la escalada recreativa.<\/p>\n<h2 data-section-id=\"1qmgibc\" data-start=\"1324\" data-end=\"1337\">Ideal para<\/h2>\n<ul data-start=\"1338\" data-end=\"1474\">\n<li data-section-id=\"11n26h7\" data-start=\"1338\" data-end=\"1361\">Roc\u00f3dromos caseros<\/li>\n<li data-section-id=\"sehg6z\" data-start=\"1362\" data-end=\"1392\">Configuraciones de entrenamiento de b\u00falder<\/li>\n<li data-section-id=\"ccw135\" data-start=\"1393\" data-end=\"1420\">Gimnasios y clubes de escalada<\/li>\n<li data-section-id=\"13svkia\" data-start=\"1421\" data-end=\"1448\">Estructuras de juego exteriores<\/li>\n<li data-section-id=\"15a9o43\" data-start=\"1449\" data-end=\"1474\">Ni\u00f1os y adultos escaladores<\/li>\n<\/ul>\n<h2 data-section-id=\"1dqbs77\" data-start=\"1476\" data-end=\"1502\">Especificaciones del producto<\/h2>\n<ul data-start=\"1503\" data-end=\"1703\">\n<li data-section-id=\"erzfzz\" data-start=\"1503\" data-end=\"1529\">Marca: BarManiaPro<\/li>\n<li data-section-id=\"7g358a\" data-start=\"1530\" data-end=\"1579\">Producto: Piedras de escalada \/ Presas de escalada<\/li>\n<li data-section-id=\"a1yvnv\" data-start=\"1580\" data-end=\"1614\">N\u00famero de sujeciones: 42 piezas<\/li>\n<li data-section-id=\"xbi5md\" data-start=\"1615\" data-end=\"1655\">Uso: Boulder \/ Roc\u00f3dromos<\/li>\n<li data-section-id=\"1nhom8f\" data-start=\"1656\" data-end=\"1703\">Instalaci\u00f3n: Presas de escalada atornilladas<\/li>\n<\/ul>\n<p>Crea tus propias v\u00edas de escalada personalizadas y entrena como un profesional con el Juego de Piedras de Escalada BarManiaPro, el complemento perfecto para cualquier muro de b\u00falder.<\/p>\n","protected":false},"excerpt":{"rendered":"<p>Lleva tu entrenamiento de escalada al siguiente nivel con el Juego de Piedras de Escalada BarManiaPro. Dise\u00f1ado para roc\u00f3dromos dom\u00e9sticos, instalaciones de b\u00falder y espacios de entrenamiento, este completo juego incluye 42 agarres de escalada duraderos que te permitir\u00e1n crear rutas desafiantes para escaladores de todos los niveles. <\/p>\n","protected":false},"featured_media":13130,"comment_status":"open","ping_status":"closed","template":"","meta":{"_acf_changed":false,"inline_featured_image":false},"product_brand":[],"product_cat":[682,614,616],"product_tag":[669],"class_list":{"0":"post-27057","1":"product","2":"type-product","3":"status-publish","4":"has-post-thumbnail","6":"product_cat-guerrero-ninja","7":"product_cat-equipo","8":"product_cat-entrenamiento-infantil","9":"product_tag-guerrero-ninja","11":"first","12":"instock","13":"taxable","14":"shipping-taxable","15":"product-type-simple"},"acf":[],"yoast_head":"<!-- This site is optimized with the Yoast SEO plugin v26.2 - https:\/\/yoast.com\/wordpress\/plugins\/seo\/ -->\n<title>Piedras para trepar horizontales - BarManiaPro<\/title>\n<meta name=\"robots\" content=\"index, follow, max-snippet:-1, max-image-preview:large, max-video-preview:-1\" \/>\n<link rel=\"canonical\" href=\"https:\/\/barmaniapro.com\/es\/producto\/piedras-para-trepar-horizontales\/\" \/>\n<meta property=\"og:locale\" content=\"es_ES\" \/>\n<meta property=\"og:type\" content=\"article\" \/>\n<meta property=\"og:title\" content=\"Piedras para trepar horizontales - BarManiaPro\" \/>\n<meta property=\"og:description\" content=\"Lleva tu entrenamiento de escalada al siguiente nivel con el Juego de Piedras de Escalada BarManiaPro. Dise\u00f1ado para roc\u00f3dromos dom\u00e9sticos, instalaciones de b\u00falder y espacios de entrenamiento, este completo juego incluye 42 agarres de escalada duraderos que te permitir\u00e1n crear rutas desafiantes para escaladores de todos los niveles.\" \/>\n<meta property=\"og:url\" content=\"https:\/\/barmaniapro.com\/es\/producto\/piedras-para-trepar-horizontales\/\" \/>\n<meta property=\"og:site_name\" content=\"BarManiaPro\" \/>\n<meta property=\"article:publisher\" content=\"https:\/\/www.facebook.com\/BarManiaPro\/\" \/>\n<meta property=\"article:modified_time\" content=\"2026-03-13T10:17:42+00:00\" \/>\n<meta property=\"og:image\" content=\"https:\/\/barmaniapro.com\/wp-content\/uploads\/2022\/06\/BMP-71007_Climbing-stones-horizontal_classic_1-min.png\" \/>\n\t<meta property=\"og:image:width\" content=\"1770\" \/>\n\t<meta property=\"og:image:height\" content=\"1770\" \/>\n\t<meta property=\"og:image:type\" content=\"image\/png\" \/>\n<meta name=\"twitter:card\" content=\"summary_large_image\" \/>\n<meta name=\"twitter:label1\" content=\"Tiempo de lectura\" \/>\n\t<meta name=\"twitter:data1\" content=\"1 minuto\" \/>\n<script type=\"application\/ld+json\" class=\"yoast-schema-graph\">{\"@context\":\"https:\/\/schema.org\",\"@graph\":[{\"@type\":\"WebPage\",\"@id\":\"https:\/\/barmaniapro.com\/es\/producto\/piedras-para-trepar-horizontales\/\",\"url\":\"https:\/\/barmaniapro.com\/es\/producto\/piedras-para-trepar-horizontales\/\",\"name\":\"Piedras para trepar horizontales - BarManiaPro\",\"isPartOf\":{\"@id\":\"https:\/\/barmaniapro.com\/es\/#website\"},\"primaryImageOfPage\":{\"@id\":\"https:\/\/barmaniapro.com\/es\/producto\/piedras-para-trepar-horizontales\/#primaryimage\"},\"image\":{\"@id\":\"https:\/\/barmaniapro.com\/es\/producto\/piedras-para-trepar-horizontales\/#primaryimage\"},\"thumbnailUrl\":\"https:\/\/barmaniapro.com\/wp-content\/uploads\/2022\/06\/BMP-71007_Climbing-stones-horizontal_classic_1-min.png\",\"datePublished\":\"2022-06-14T13:22:52+00:00\",\"dateModified\":\"2026-03-13T10:17:42+00:00\",\"breadcrumb\":{\"@id\":\"https:\/\/barmaniapro.com\/es\/producto\/piedras-para-trepar-horizontales\/#breadcrumb\"},\"inLanguage\":\"es\",\"potentialAction\":[{\"@type\":\"ReadAction\",\"target\":[\"https:\/\/barmaniapro.com\/es\/producto\/piedras-para-trepar-horizontales\/\"]}]},{\"@type\":\"ImageObject\",\"inLanguage\":\"es\",\"@id\":\"https:\/\/barmaniapro.com\/es\/producto\/piedras-para-trepar-horizontales\/#primaryimage\",\"url\":\"https:\/\/barmaniapro.com\/wp-content\/uploads\/2022\/06\/BMP-71007_Climbing-stones-horizontal_classic_1-min.png\",\"contentUrl\":\"https:\/\/barmaniapro.com\/wp-content\/uploads\/2022\/06\/BMP-71007_Climbing-stones-horizontal_classic_1-min.png\",\"width\":1770,\"height\":1770},{\"@type\":\"BreadcrumbList\",\"@id\":\"https:\/\/barmaniapro.com\/es\/producto\/piedras-para-trepar-horizontales\/#breadcrumb\",\"itemListElement\":[{\"@type\":\"ListItem\",\"position\":1,\"name\":\"Tienda\",\"item\":\"https:\/\/barmaniapro.com\/es\/tienda\/\"},{\"@type\":\"ListItem\",\"position\":2,\"name\":\"Piedras para trepar horizontales\"}]},{\"@type\":\"WebSite\",\"@id\":\"https:\/\/barmaniapro.com\/es\/#website\",\"url\":\"https:\/\/barmaniapro.com\/es\/\",\"name\":\"BarManiaPro\",\"description\":\"Manufacturer of Calisthenics equipment\",\"potentialAction\":[{\"@type\":\"SearchAction\",\"target\":{\"@type\":\"EntryPoint\",\"urlTemplate\":\"https:\/\/barmaniapro.com\/es\/?s={search_term_string}\"},\"query-input\":{\"@type\":\"PropertyValueSpecification\",\"valueRequired\":true,\"valueName\":\"search_term_string\"}}],\"inLanguage\":\"es\"}]}<\/script>\n<!-- \/ Yoast SEO plugin. -->","yoast_head_json":{"title":"Piedras para trepar horizontales - BarManiaPro","robots":{"index":"index","follow":"follow","max-snippet":"max-snippet:-1","max-image-preview":"max-image-preview:large","max-video-preview":"max-video-preview:-1"},"canonical":"https:\/\/barmaniapro.com\/es\/producto\/piedras-para-trepar-horizontales\/","og_locale":"es_ES","og_type":"article","og_title":"Piedras para trepar horizontales - BarManiaPro","og_description":"Lleva tu entrenamiento de escalada al siguiente nivel con el Juego de Piedras de Escalada BarManiaPro. Dise\u00f1ado para roc\u00f3dromos dom\u00e9sticos, instalaciones de b\u00falder y espacios de entrenamiento, este completo juego incluye 42 agarres de escalada duraderos que te permitir\u00e1n crear rutas desafiantes para escaladores de todos los niveles.","og_url":"https:\/\/barmaniapro.com\/es\/producto\/piedras-para-trepar-horizontales\/","og_site_name":"BarManiaPro","article_publisher":"https:\/\/www.facebook.com\/BarManiaPro\/","article_modified_time":"2026-03-13T10:17:42+00:00","og_image":[{"width":1770,"height":1770,"url":"https:\/\/barmaniapro.com\/wp-content\/uploads\/2022\/06\/BMP-71007_Climbing-stones-horizontal_classic_1-min.png","type":"image\/png"}],"twitter_card":"summary_large_image","twitter_misc":{"Tiempo de lectura":"1 minuto"},"schema":{"@context":"https:\/\/schema.org","@graph":[{"@type":"WebPage","@id":"https:\/\/barmaniapro.com\/es\/producto\/piedras-para-trepar-horizontales\/","url":"https:\/\/barmaniapro.com\/es\/producto\/piedras-para-trepar-horizontales\/","name":"Piedras para trepar horizontales - BarManiaPro","isPartOf":{"@id":"https:\/\/barmaniapro.com\/es\/#website"},"primaryImageOfPage":{"@id":"https:\/\/barmaniapro.com\/es\/producto\/piedras-para-trepar-horizontales\/#primaryimage"},"image":{"@id":"https:\/\/barmaniapro.com\/es\/producto\/piedras-para-trepar-horizontales\/#primaryimage"},"thumbnailUrl":"https:\/\/barmaniapro.com\/wp-content\/uploads\/2022\/06\/BMP-71007_Climbing-stones-horizontal_classic_1-min.png","datePublished":"2022-06-14T13:22:52+00:00","dateModified":"2026-03-13T10:17:42+00:00","breadcrumb":{"@id":"https:\/\/barmaniapro.com\/es\/producto\/piedras-para-trepar-horizontales\/#breadcrumb"},"inLanguage":"es","potentialAction":[{"@type":"ReadAction","target":["https:\/\/barmaniapro.com\/es\/producto\/piedras-para-trepar-horizontales\/"]}]},{"@type":"ImageObject","inLanguage":"es","@id":"https:\/\/barmaniapro.com\/es\/producto\/piedras-para-trepar-horizontales\/#primaryimage","url":"https:\/\/barmaniapro.com\/wp-content\/uploads\/2022\/06\/BMP-71007_Climbing-stones-horizontal_classic_1-min.png","contentUrl":"https:\/\/barmaniapro.com\/wp-content\/uploads\/2022\/06\/BMP-71007_Climbing-stones-horizontal_classic_1-min.png","width":1770,"height":1770},{"@type":"BreadcrumbList","@id":"https:\/\/barmaniapro.com\/es\/producto\/piedras-para-trepar-horizontales\/#breadcrumb","itemListElement":[{"@type":"ListItem","position":1,"name":"Tienda","item":"https:\/\/barmaniapro.com\/es\/tienda\/"},{"@type":"ListItem","position":2,"name":"Piedras para trepar horizontales"}]},{"@type":"WebSite","@id":"https:\/\/barmaniapro.com\/es\/#website","url":"https:\/\/barmaniapro.com\/es\/","name":"BarManiaPro","description":"Manufacturer of Calisthenics equipment","potentialAction":[{"@type":"SearchAction","target":{"@type":"EntryPoint","urlTemplate":"https:\/\/barmaniapro.com\/es\/?s={search_term_string}"},"query-input":{"@type":"PropertyValueSpecification","valueRequired":true,"valueName":"search_term_string"}}],"inLanguage":"es"}]}},"_links":{"self":[{"href":"https:\/\/barmaniapro.com\/es\/wp-json\/wp\/v2\/product\/27057","targetHints":{"allow":["GET"]}}],"collection":[{"href":"https:\/\/barmaniapro.com\/es\/wp-json\/wp\/v2\/product"}],"about":[{"href":"https:\/\/barmaniapro.com\/es\/wp-json\/wp\/v2\/types\/product"}],"replies":[{"embeddable":true,"href":"https:\/\/barmaniapro.com\/es\/wp-json\/wp\/v2\/comments?post=27057"}],"wp:featuredmedia":[{"embeddable":true,"href":"https:\/\/barmaniapro.com\/es\/wp-json\/wp\/v2\/media\/13130"}],"wp:attachment":[{"href":"https:\/\/barmaniapro.com\/es\/wp-json\/wp\/v2\/media?parent=27057"}],"wp:term":[{"taxonomy":"product_brand","embeddable":true,"href":"https:\/\/barmaniapro.com\/es\/wp-json\/wp\/v2\/product_brand?post=27057"},{"taxonomy":"product_cat","embeddable":true,"href":"https:\/\/barmaniapro.com\/es\/wp-json\/wp\/v2\/product_cat?post=27057"},{"taxonomy":"product_tag","embeddable":true,"href":"https:\/\/barmaniapro.com\/es\/wp-json\/wp\/v2\/product_tag?post=27057"}],"curies":[{"name":"wp","href":"https:\/\/api.w.org\/{rel}","templated":true}]}}