{"id":27054,"date":"2022-06-14T15:21:22","date_gmt":"2022-06-14T13:21:22","guid":{"rendered":"https:\/\/barmaniapro.com\/product\/estacion-de-sentadillas\/"},"modified":"2022-06-14T15:21:22","modified_gmt":"2022-06-14T13:21:22","slug":"estacion-de-sentadillas","status":"publish","type":"product","link":"https:\/\/barmaniapro.com\/es\/producto\/estacion-de-sentadillas\/","title":{"rendered":"Estaci\u00f3n de sentadillas"},"content":{"rendered":"<article class=\"w-full text-token-text-primary focus-visible:outline-2 focus-visible:outline-offset-[-4px]\" dir=\"auto\" data-testid=\"conversation-turn-33\" data-scroll-anchor=\"true\">\n<div class=\"m-auto text-base py-[18px] px-6\">\n<div class=\"mx-auto flex flex-1 text-base gap-4 md:gap-5 lg:gap-6 md:max-w-3xl\">\n<div class=\"group\/conversation-turn relative flex w-full min-w-0 flex-col agent-turn @xs\/thread:px-0 @sm\/thread:px-1.5 @md\/thread:px-4\">\n<div class=\"flex-col gap-1 md:gap-3\">\n<div class=\"flex max-w-full flex-col flex-grow\">\n<div class=\"min-h-8 text-message relative flex w-full flex-col items-end gap-2 whitespace-normal break-words text-start [.text-message+&amp;]:mt-5\" dir=\"auto\" data-message-author-role=\"assistant\" data-message-id=\"c3300cb5-f13b-47c0-8286-d46cc0ffe54a\" data-message-model-slug=\"gpt-4o-mini\">\n<div class=\"flex w-full flex-col gap-1 empty:hidden first:pt-[3px]\">\n<div class=\"markdown prose w-full break-words dark:prose-invert light\">\n<h5 data-start=\"525\" data-end=\"538\">Caracter\u00edsticas:<\/h5>\n<ul data-start=\"539\" data-end=\"1777\">\n<li data-start=\"539\" data-end=\"800\"><strong data-start=\"541\" data-end=\"564\">Dos columnas de 3400 mm<\/strong>: Las columnas, robustas y de gran calidad, proporcionan la estabilidad y el apoyo necesarios para realizar con seguridad sentadillas, press de banca y otros levantamientos pesados. Su robusto dise\u00f1o garantiza que la estaci\u00f3n de sentadillas permanezca estable, incluso bajo las cargas m\u00e1s pesadas. <\/li>\n<li data-start=\"801\" data-end=\"1037\"><strong data-start=\"803\" data-end=\"819\">Cuatro ganchos<\/strong> en <strong data-start=\"803\" data-end=\"819\">J<\/strong>: La <strong data-start=\"825\" data-end=\"854\">estaci\u00f3n de sentadillas barManiaPro<\/strong> viene equipada con cuatro ganchos en J ajustables, que facilitan el montaje y desmontaje de la barra. Estos ganchos garantizan un ajuste seguro y te permiten guardar con seguridad la barra entre series. <\/li>\n<li data-start=\"1038\" data-end=\"1283\"><strong data-start=\"1040\" data-end=\"1064\">Un travesa\u00f1o de 1000 mm<\/strong>: El travesa\u00f1o proporciona estabilidad adicional a la estructura y permite una colocaci\u00f3n segura de la barra. La s\u00f3lida construcci\u00f3n del travesa\u00f1o garantiza que toda la estructura sea duradera y capaz de soportar un uso riguroso. <\/li>\n<li data-start=\"1284\" data-end=\"1498\"><strong data-start=\"1286\" data-end=\"1308\">Dos juegos de abrazaderas<\/strong>: Las abrazaderas incluidas sujetan firmemente la barra, evitando desplazamientos no deseados durante los levantamientos. Estas abrazaderas garantizan que la barra permanezca en su sitio mientras t\u00fa te concentras en tu entrenamiento. <\/li>\n<li data-start=\"1499\" data-end=\"1777\"><strong data-start=\"1501\" data-end=\"1525\">Barra personalizable<\/strong>: La estaci\u00f3n de sentadillas no incluye una barra, lo que da a los usuarios la flexibilidad de traer su propia barra, adaptada a sus preferencias y necesidades de entrenamiento. Esta personalizaci\u00f3n te permite elegir el peso y el estilo de barra perfectos para tu entrenamiento. <\/li>\n<\/ul>\n<h5 data-start=\"1779\" data-end=\"1807\">Ideal para espacios p\u00fablicos:<\/h5>\n<ul data-start=\"1808\" data-end=\"3081\">\n<li data-start=\"1808\" data-end=\"2062\"><strong data-start=\"1810\" data-end=\"1839\">Fortalece la parte inferior del cuerpo<\/strong>: La <strong data-start=\"1845\" data-end=\"1874\">Estaci\u00f3n de Sentadillas barManiaPro<\/strong> es perfecta para fortalecer las piernas, los gl\u00fateos y el tronco. Permite realizar una gran variedad de sentadillas, peso muerto y otros ejercicios esenciales para mejorar la potencia, estabilidad y resistencia de la parte inferior del cuerpo. <\/li>\n<li data-start=\"2063\" data-end=\"2320\"><strong data-start=\"2065\" data-end=\"2094\">Espacio eficiente y duradero<\/strong>: El dise\u00f1o compacto pero duradero de la estaci\u00f3n de sentadillas es ideal para espacios p\u00fablicos, gimnasios al aire libre y parques. Est\u00e1 dise\u00f1ada para resistir las inclemencias del tiempo y un uso constante, lo que la convierte en un complemento perfecto para zonas de fitness muy transitadas. <\/li>\n<li data-start=\"2321\" data-end=\"2634\"><strong data-start=\"2323\" data-end=\"2345\">Entrenamiento vers\u00e1til<\/strong>: Tanto si realizas sentadillas frontales, sentadillas traseras, press por encima de la cabeza o incluso jalones en rack, esta estaci\u00f3n de sentadillas ofrece versatilidad para una amplia gama de ejercicios. Es la estaci\u00f3n perfecta tanto para principiantes que aprenden la forma adecuada como para atletas experimentados que desean aumentar la intensidad de su entrenamiento. <\/li>\n<li data-start=\"2635\" data-end=\"2836\"><strong data-start=\"2637\" data-end=\"2659\">Configuraci\u00f3n personalizable<\/strong>: Al permitir que los usuarios lleven su propia barra, <strong data-start=\"2711\" data-end=\"2740\">la Estaci\u00f3n de Sentadillas barManiaPro<\/strong> ofrece una configuraci\u00f3n flexible que puede adaptarse a una amplia gama de preferencias y capacidades de levantamiento.<\/li>\n<li data-start=\"2837\" data-end=\"3081\"><strong data-start=\"2839\" data-end=\"2858\">Bajo mantenimiento<\/strong>: Construida con materiales duraderos y resistentes a la intemperie, <strong data-start=\"2919\" data-end=\"2948\">la Estaci\u00f3n de Sentadillas barManiaPro<\/strong> requiere un mantenimiento m\u00ednimo y est\u00e1 hecha para soportar un uso intensivo en entornos exteriores, garantizando fiabilidad y seguridad durante a\u00f1os.<\/li>\n<\/ul>\n<p data-start=\"3083\" data-end=\"3486\" data-is-last-node=\"\" data-is-only-node=\"\">La <strong data-start=\"3087\" data-end=\"3116\">Estaci\u00f3n de Sentadillas barManiaPro<\/strong> ofrece todo lo que necesitas para llevar tu entrenamiento de fuerza al aire libre. Con sus robustas columnas, sus ganchos en J ajustables y la configuraci\u00f3n personalizable de la barra, es el complemento perfecto para cualquier parque de fitness, gimnasio o zona de entrenamiento comunitario. Empieza hoy mismo a fortalecer la parte inferior de tu cuerpo, a mejorar tu movilidad y a alcanzar tus objetivos de fitness con la <strong data-start=\"3456\" data-end=\"3485\">Estaci\u00f3n de Sentadillas barManiaPro<\/strong>.  <\/p>\n<\/div>\n<\/div>\n<\/div>\n<\/div>\n<div class=\"mb-2 flex gap-3 empty:hidden -ml-2\">\n<div class=\"items-center justify-start rounded-xl p-1 flex\">\n<div class=\"flex items-center\"><\/div>\n<\/div>\n<\/div>\n<div class=\"mt-3 w-full empty:hidden\">\n<div class=\"text-center\"><\/div>\n<\/div>\n<\/div>\n<div class=\"absolute\">\n<div class=\"flex items-center justify-center\"><\/div>\n<\/div>\n<\/div>\n<\/div>\n<\/div>\n<\/article>\n<div class=\"pointer-events-none h-px w-px\" aria-hidden=\"true\" data-edge=\"true\"><\/div>\n","protected":false},"excerpt":{"rendered":"<p>Transforma tu entrenamiento de fuerza con la estaci\u00f3n de sentadillas barManiaPro, la herramienta definitiva para desarrollar la potencia de la parte inferior del cuerpo, mejorar la estabilidad y alcanzar tus objetivos de fitness.<\/p>\n<p>Dise\u00f1ada para parques de fitness al aire libre, gimnasios y espacios p\u00fablicos, esta estaci\u00f3n de sentadillas robusta y vers\u00e1til permite a los usuarios realizar una gran variedad de ejercicios de sentadillas de forma segura y eficaz. Tanto si eres un principiante como un levantador avanzado, la Estaci\u00f3n de Sentadillas barManiaPro proporciona la base perfecta para tu entrenamiento.   <em>Barbell no incluido*.<\/em><\/p>\n","protected":false},"featured_media":12620,"comment_status":"open","ping_status":"closed","template":"","meta":{"_acf_changed":false,"inline_featured_image":false},"product_brand":[],"product_cat":[613],"product_tag":[615],"class_list":{"0":"post-27054","1":"product","2":"type-product","3":"status-publish","4":"has-post-thumbnail","6":"product_cat-bootcamp-es","7":"product_tag-bootcamp-es","9":"first","10":"instock","11":"taxable","12":"shipping-taxable","13":"product-type-simple"},"acf":[],"yoast_head":"<!-- This site is optimized with the Yoast SEO plugin v26.2 - https:\/\/yoast.com\/wordpress\/plugins\/seo\/ -->\n<title>Estaci\u00f3n de sentadillas - BarManiaPro<\/title>\n<meta name=\"robots\" content=\"index, follow, max-snippet:-1, max-image-preview:large, max-video-preview:-1\" \/>\n<link rel=\"canonical\" href=\"https:\/\/barmaniapro.com\/es\/producto\/estacion-de-sentadillas\/\" \/>\n<meta property=\"og:locale\" content=\"es_ES\" \/>\n<meta property=\"og:type\" content=\"article\" \/>\n<meta property=\"og:title\" content=\"Estaci\u00f3n de sentadillas - BarManiaPro\" \/>\n<meta property=\"og:description\" content=\"Transforma tu entrenamiento de fuerza con la estaci\u00f3n de sentadillas barManiaPro, la herramienta definitiva para desarrollar la potencia de la parte inferior del cuerpo, mejorar la estabilidad y alcanzar tus objetivos de fitness. Dise\u00f1ada para parques de fitness al aire libre, gimnasios y espacios p\u00fablicos, esta estaci\u00f3n de sentadillas robusta y vers\u00e1til permite a los usuarios realizar una gran variedad de ejercicios de sentadillas de forma segura y eficaz. Tanto si eres un principiante como un levantador avanzado, la Estaci\u00f3n de Sentadillas barManiaPro proporciona la base perfecta para tu entrenamiento.  Barbell no incluido*.\" \/>\n<meta property=\"og:url\" content=\"https:\/\/barmaniapro.com\/es\/producto\/estacion-de-sentadillas\/\" \/>\n<meta property=\"og:site_name\" content=\"BarManiaPro\" \/>\n<meta property=\"article:publisher\" content=\"https:\/\/www.facebook.com\/BarManiaPro\/\" \/>\n<meta property=\"og:image\" content=\"https:\/\/barmaniapro.com\/wp-content\/uploads\/2022\/06\/BMP-61012_Squat-columns-pull-up_classic_1.png\" \/>\n\t<meta property=\"og:image:width\" content=\"1770\" \/>\n\t<meta property=\"og:image:height\" content=\"1770\" \/>\n\t<meta property=\"og:image:type\" content=\"image\/png\" \/>\n<meta name=\"twitter:card\" content=\"summary_large_image\" \/>\n<meta name=\"twitter:label1\" content=\"Tiempo de lectura\" \/>\n\t<meta name=\"twitter:data1\" content=\"3 minuto\" \/>\n<script type=\"application\/ld+json\" class=\"yoast-schema-graph\">{\"@context\":\"https:\/\/schema.org\",\"@graph\":[{\"@type\":\"WebPage\",\"@id\":\"https:\/\/barmaniapro.com\/es\/producto\/estacion-de-sentadillas\/\",\"url\":\"https:\/\/barmaniapro.com\/es\/producto\/estacion-de-sentadillas\/\",\"name\":\"Estaci\u00f3n de sentadillas - BarManiaPro\",\"isPartOf\":{\"@id\":\"https:\/\/barmaniapro.com\/es\/#website\"},\"primaryImageOfPage\":{\"@id\":\"https:\/\/barmaniapro.com\/es\/producto\/estacion-de-sentadillas\/#primaryimage\"},\"image\":{\"@id\":\"https:\/\/barmaniapro.com\/es\/producto\/estacion-de-sentadillas\/#primaryimage\"},\"thumbnailUrl\":\"https:\/\/barmaniapro.com\/wp-content\/uploads\/2022\/06\/BMP-61012_Squat-columns-pull-up_classic_1.png\",\"datePublished\":\"2022-06-14T13:21:22+00:00\",\"breadcrumb\":{\"@id\":\"https:\/\/barmaniapro.com\/es\/producto\/estacion-de-sentadillas\/#breadcrumb\"},\"inLanguage\":\"es\",\"potentialAction\":[{\"@type\":\"ReadAction\",\"target\":[\"https:\/\/barmaniapro.com\/es\/producto\/estacion-de-sentadillas\/\"]}]},{\"@type\":\"ImageObject\",\"inLanguage\":\"es\",\"@id\":\"https:\/\/barmaniapro.com\/es\/producto\/estacion-de-sentadillas\/#primaryimage\",\"url\":\"https:\/\/barmaniapro.com\/wp-content\/uploads\/2022\/06\/BMP-61012_Squat-columns-pull-up_classic_1.png\",\"contentUrl\":\"https:\/\/barmaniapro.com\/wp-content\/uploads\/2022\/06\/BMP-61012_Squat-columns-pull-up_classic_1.png\",\"width\":1770,\"height\":1770},{\"@type\":\"BreadcrumbList\",\"@id\":\"https:\/\/barmaniapro.com\/es\/producto\/estacion-de-sentadillas\/#breadcrumb\",\"itemListElement\":[{\"@type\":\"ListItem\",\"position\":1,\"name\":\"Tienda\",\"item\":\"https:\/\/barmaniapro.com\/es\/tienda\/\"},{\"@type\":\"ListItem\",\"position\":2,\"name\":\"Estaci\u00f3n de sentadillas\"}]},{\"@type\":\"WebSite\",\"@id\":\"https:\/\/barmaniapro.com\/es\/#website\",\"url\":\"https:\/\/barmaniapro.com\/es\/\",\"name\":\"BarManiaPro\",\"description\":\"Manufacturer of Calisthenics equipment\",\"potentialAction\":[{\"@type\":\"SearchAction\",\"target\":{\"@type\":\"EntryPoint\",\"urlTemplate\":\"https:\/\/barmaniapro.com\/es\/?s={search_term_string}\"},\"query-input\":{\"@type\":\"PropertyValueSpecification\",\"valueRequired\":true,\"valueName\":\"search_term_string\"}}],\"inLanguage\":\"es\"}]}<\/script>\n<!-- \/ Yoast SEO plugin. -->","yoast_head_json":{"title":"Estaci\u00f3n de sentadillas - BarManiaPro","robots":{"index":"index","follow":"follow","max-snippet":"max-snippet:-1","max-image-preview":"max-image-preview:large","max-video-preview":"max-video-preview:-1"},"canonical":"https:\/\/barmaniapro.com\/es\/producto\/estacion-de-sentadillas\/","og_locale":"es_ES","og_type":"article","og_title":"Estaci\u00f3n de sentadillas - BarManiaPro","og_description":"Transforma tu entrenamiento de fuerza con la estaci\u00f3n de sentadillas barManiaPro, la herramienta definitiva para desarrollar la potencia de la parte inferior del cuerpo, mejorar la estabilidad y alcanzar tus objetivos de fitness. Dise\u00f1ada para parques de fitness al aire libre, gimnasios y espacios p\u00fablicos, esta estaci\u00f3n de sentadillas robusta y vers\u00e1til permite a los usuarios realizar una gran variedad de ejercicios de sentadillas de forma segura y eficaz. Tanto si eres un principiante como un levantador avanzado, la Estaci\u00f3n de Sentadillas barManiaPro proporciona la base perfecta para tu entrenamiento.  Barbell no incluido*.","og_url":"https:\/\/barmaniapro.com\/es\/producto\/estacion-de-sentadillas\/","og_site_name":"BarManiaPro","article_publisher":"https:\/\/www.facebook.com\/BarManiaPro\/","og_image":[{"width":1770,"height":1770,"url":"https:\/\/barmaniapro.com\/wp-content\/uploads\/2022\/06\/BMP-61012_Squat-columns-pull-up_classic_1.png","type":"image\/png"}],"twitter_card":"summary_large_image","twitter_misc":{"Tiempo de lectura":"3 minuto"},"schema":{"@context":"https:\/\/schema.org","@graph":[{"@type":"WebPage","@id":"https:\/\/barmaniapro.com\/es\/producto\/estacion-de-sentadillas\/","url":"https:\/\/barmaniapro.com\/es\/producto\/estacion-de-sentadillas\/","name":"Estaci\u00f3n de sentadillas - BarManiaPro","isPartOf":{"@id":"https:\/\/barmaniapro.com\/es\/#website"},"primaryImageOfPage":{"@id":"https:\/\/barmaniapro.com\/es\/producto\/estacion-de-sentadillas\/#primaryimage"},"image":{"@id":"https:\/\/barmaniapro.com\/es\/producto\/estacion-de-sentadillas\/#primaryimage"},"thumbnailUrl":"https:\/\/barmaniapro.com\/wp-content\/uploads\/2022\/06\/BMP-61012_Squat-columns-pull-up_classic_1.png","datePublished":"2022-06-14T13:21:22+00:00","breadcrumb":{"@id":"https:\/\/barmaniapro.com\/es\/producto\/estacion-de-sentadillas\/#breadcrumb"},"inLanguage":"es","potentialAction":[{"@type":"ReadAction","target":["https:\/\/barmaniapro.com\/es\/producto\/estacion-de-sentadillas\/"]}]},{"@type":"ImageObject","inLanguage":"es","@id":"https:\/\/barmaniapro.com\/es\/producto\/estacion-de-sentadillas\/#primaryimage","url":"https:\/\/barmaniapro.com\/wp-content\/uploads\/2022\/06\/BMP-61012_Squat-columns-pull-up_classic_1.png","contentUrl":"https:\/\/barmaniapro.com\/wp-content\/uploads\/2022\/06\/BMP-61012_Squat-columns-pull-up_classic_1.png","width":1770,"height":1770},{"@type":"BreadcrumbList","@id":"https:\/\/barmaniapro.com\/es\/producto\/estacion-de-sentadillas\/#breadcrumb","itemListElement":[{"@type":"ListItem","position":1,"name":"Tienda","item":"https:\/\/barmaniapro.com\/es\/tienda\/"},{"@type":"ListItem","position":2,"name":"Estaci\u00f3n de sentadillas"}]},{"@type":"WebSite","@id":"https:\/\/barmaniapro.com\/es\/#website","url":"https:\/\/barmaniapro.com\/es\/","name":"BarManiaPro","description":"Manufacturer of Calisthenics equipment","potentialAction":[{"@type":"SearchAction","target":{"@type":"EntryPoint","urlTemplate":"https:\/\/barmaniapro.com\/es\/?s={search_term_string}"},"query-input":{"@type":"PropertyValueSpecification","valueRequired":true,"valueName":"search_term_string"}}],"inLanguage":"es"}]}},"_links":{"self":[{"href":"https:\/\/barmaniapro.com\/es\/wp-json\/wp\/v2\/product\/27054","targetHints":{"allow":["GET"]}}],"collection":[{"href":"https:\/\/barmaniapro.com\/es\/wp-json\/wp\/v2\/product"}],"about":[{"href":"https:\/\/barmaniapro.com\/es\/wp-json\/wp\/v2\/types\/product"}],"replies":[{"embeddable":true,"href":"https:\/\/barmaniapro.com\/es\/wp-json\/wp\/v2\/comments?post=27054"}],"wp:featuredmedia":[{"embeddable":true,"href":"https:\/\/barmaniapro.com\/es\/wp-json\/wp\/v2\/media\/12620"}],"wp:attachment":[{"href":"https:\/\/barmaniapro.com\/es\/wp-json\/wp\/v2\/media?parent=27054"}],"wp:term":[{"taxonomy":"product_brand","embeddable":true,"href":"https:\/\/barmaniapro.com\/es\/wp-json\/wp\/v2\/product_brand?post=27054"},{"taxonomy":"product_cat","embeddable":true,"href":"https:\/\/barmaniapro.com\/es\/wp-json\/wp\/v2\/product_cat?post=27054"},{"taxonomy":"product_tag","embeddable":true,"href":"https:\/\/barmaniapro.com\/es\/wp-json\/wp\/v2\/product_tag?post=27054"}],"curies":[{"name":"wp","href":"https:\/\/api.w.org\/{rel}","templated":true}]}}