{"id":27035,"date":"2022-09-13T15:56:40","date_gmt":"2022-09-13T13:56:40","guid":{"rendered":"https:\/\/barmaniapro.com\/product\/para-workout-cube\/"},"modified":"2022-09-13T15:56:40","modified_gmt":"2022-09-13T13:56:40","slug":"para-workout-cube","status":"publish","type":"product","link":"https:\/\/barmaniapro.com\/es\/producto\/para-workout-cube\/","title":{"rendered":"Para workout cube"},"content":{"rendered":"","protected":false},"excerpt":{"rendered":"<p>El Para workout cube consta de cuatro barras transversales para dominadas, flexiones de ment\u00f3n, muscle-ups y muchos otros ejercicios. Adem\u00e1s, hay una pared sueca, barras de inmersi\u00f3n inclinadas y un banco. La salud puede mejorarse a trav\u00e9s de una variedad de entrenamientos.  <\/p>\n<p>El equipo BarManiaPro\u00ae es perfectamente adecuado para cualquier espacio. \u00a1Lo sue\u00f1as, lo construimos! <\/p>\n","protected":false},"featured_media":13334,"comment_status":"closed","ping_status":"closed","template":"","meta":{"_acf_changed":false,"inline_featured_image":false},"product_brand":[],"product_cat":[614,968],"product_tag":[],"class_list":{"0":"post-27035","1":"product","2":"type-product","3":"status-publish","4":"has-post-thumbnail","6":"product_cat-equipo","7":"product_cat-para-workout","9":"first","10":"instock","11":"taxable","12":"shipping-taxable","13":"product-type-simple"},"acf":[],"yoast_head":"<!-- This site is optimized with the Yoast SEO plugin v26.2 - https:\/\/yoast.com\/wordpress\/plugins\/seo\/ -->\n<title>Para workout cube - BarManiaPro<\/title>\n<meta name=\"robots\" content=\"index, follow, max-snippet:-1, max-image-preview:large, max-video-preview:-1\" \/>\n<link rel=\"canonical\" href=\"https:\/\/barmaniapro.com\/es\/producto\/para-workout-cube\/\" \/>\n<meta property=\"og:locale\" content=\"es_ES\" \/>\n<meta property=\"og:type\" content=\"article\" \/>\n<meta property=\"og:title\" content=\"Para workout cube - BarManiaPro\" \/>\n<meta property=\"og:description\" content=\"El Para workout cube consta de cuatro barras transversales para dominadas, flexiones de ment\u00f3n, muscle-ups y muchos otros ejercicios. Adem\u00e1s, hay una pared sueca, barras de inmersi\u00f3n inclinadas y un banco. La salud puede mejorarse a trav\u00e9s de una variedad de entrenamientos.  El equipo BarManiaPro\u00ae es perfectamente adecuado para cualquier espacio. \u00a1Lo sue\u00f1as, lo construimos!\" \/>\n<meta property=\"og:url\" content=\"https:\/\/barmaniapro.com\/es\/producto\/para-workout-cube\/\" \/>\n<meta property=\"og:site_name\" content=\"BarManiaPro\" \/>\n<meta property=\"article:publisher\" content=\"https:\/\/www.facebook.com\/BarManiaPro\/\" \/>\n<meta property=\"og:image\" content=\"https:\/\/barmaniapro.com\/wp-content\/uploads\/2022\/09\/BMP-81004_Para-workout-cube_classic_1-min.png\" \/>\n\t<meta property=\"og:image:width\" content=\"1770\" \/>\n\t<meta property=\"og:image:height\" content=\"1770\" \/>\n\t<meta property=\"og:image:type\" content=\"image\/png\" \/>\n<meta name=\"twitter:card\" content=\"summary_large_image\" \/>\n<script type=\"application\/ld+json\" class=\"yoast-schema-graph\">{\"@context\":\"https:\/\/schema.org\",\"@graph\":[{\"@type\":\"WebPage\",\"@id\":\"https:\/\/barmaniapro.com\/es\/producto\/para-workout-cube\/\",\"url\":\"https:\/\/barmaniapro.com\/es\/producto\/para-workout-cube\/\",\"name\":\"Para workout cube - BarManiaPro\",\"isPartOf\":{\"@id\":\"https:\/\/barmaniapro.com\/es\/#website\"},\"primaryImageOfPage\":{\"@id\":\"https:\/\/barmaniapro.com\/es\/producto\/para-workout-cube\/#primaryimage\"},\"image\":{\"@id\":\"https:\/\/barmaniapro.com\/es\/producto\/para-workout-cube\/#primaryimage\"},\"thumbnailUrl\":\"https:\/\/barmaniapro.com\/wp-content\/uploads\/2022\/09\/BMP-81004_Para-workout-cube_classic_1-min.png\",\"datePublished\":\"2022-09-13T13:56:40+00:00\",\"breadcrumb\":{\"@id\":\"https:\/\/barmaniapro.com\/es\/producto\/para-workout-cube\/#breadcrumb\"},\"inLanguage\":\"es\",\"potentialAction\":[{\"@type\":\"ReadAction\",\"target\":[\"https:\/\/barmaniapro.com\/es\/producto\/para-workout-cube\/\"]}]},{\"@type\":\"ImageObject\",\"inLanguage\":\"es\",\"@id\":\"https:\/\/barmaniapro.com\/es\/producto\/para-workout-cube\/#primaryimage\",\"url\":\"https:\/\/barmaniapro.com\/wp-content\/uploads\/2022\/09\/BMP-81004_Para-workout-cube_classic_1-min.png\",\"contentUrl\":\"https:\/\/barmaniapro.com\/wp-content\/uploads\/2022\/09\/BMP-81004_Para-workout-cube_classic_1-min.png\",\"width\":1770,\"height\":1770},{\"@type\":\"BreadcrumbList\",\"@id\":\"https:\/\/barmaniapro.com\/es\/producto\/para-workout-cube\/#breadcrumb\",\"itemListElement\":[{\"@type\":\"ListItem\",\"position\":1,\"name\":\"Tienda\",\"item\":\"https:\/\/barmaniapro.com\/es\/tienda\/\"},{\"@type\":\"ListItem\",\"position\":2,\"name\":\"Para workout cube\"}]},{\"@type\":\"WebSite\",\"@id\":\"https:\/\/barmaniapro.com\/es\/#website\",\"url\":\"https:\/\/barmaniapro.com\/es\/\",\"name\":\"BarManiaPro\",\"description\":\"Manufacturer of Calisthenics equipment\",\"potentialAction\":[{\"@type\":\"SearchAction\",\"target\":{\"@type\":\"EntryPoint\",\"urlTemplate\":\"https:\/\/barmaniapro.com\/es\/?s={search_term_string}\"},\"query-input\":{\"@type\":\"PropertyValueSpecification\",\"valueRequired\":true,\"valueName\":\"search_term_string\"}}],\"inLanguage\":\"es\"}]}<\/script>\n<!-- \/ Yoast SEO plugin. -->","yoast_head_json":{"title":"Para workout cube - BarManiaPro","robots":{"index":"index","follow":"follow","max-snippet":"max-snippet:-1","max-image-preview":"max-image-preview:large","max-video-preview":"max-video-preview:-1"},"canonical":"https:\/\/barmaniapro.com\/es\/producto\/para-workout-cube\/","og_locale":"es_ES","og_type":"article","og_title":"Para workout cube - BarManiaPro","og_description":"El Para workout cube consta de cuatro barras transversales para dominadas, flexiones de ment\u00f3n, muscle-ups y muchos otros ejercicios. Adem\u00e1s, hay una pared sueca, barras de inmersi\u00f3n inclinadas y un banco. La salud puede mejorarse a trav\u00e9s de una variedad de entrenamientos.  El equipo BarManiaPro\u00ae es perfectamente adecuado para cualquier espacio. \u00a1Lo sue\u00f1as, lo construimos!","og_url":"https:\/\/barmaniapro.com\/es\/producto\/para-workout-cube\/","og_site_name":"BarManiaPro","article_publisher":"https:\/\/www.facebook.com\/BarManiaPro\/","og_image":[{"width":1770,"height":1770,"url":"https:\/\/barmaniapro.com\/wp-content\/uploads\/2022\/09\/BMP-81004_Para-workout-cube_classic_1-min.png","type":"image\/png"}],"twitter_card":"summary_large_image","schema":{"@context":"https:\/\/schema.org","@graph":[{"@type":"WebPage","@id":"https:\/\/barmaniapro.com\/es\/producto\/para-workout-cube\/","url":"https:\/\/barmaniapro.com\/es\/producto\/para-workout-cube\/","name":"Para workout cube - BarManiaPro","isPartOf":{"@id":"https:\/\/barmaniapro.com\/es\/#website"},"primaryImageOfPage":{"@id":"https:\/\/barmaniapro.com\/es\/producto\/para-workout-cube\/#primaryimage"},"image":{"@id":"https:\/\/barmaniapro.com\/es\/producto\/para-workout-cube\/#primaryimage"},"thumbnailUrl":"https:\/\/barmaniapro.com\/wp-content\/uploads\/2022\/09\/BMP-81004_Para-workout-cube_classic_1-min.png","datePublished":"2022-09-13T13:56:40+00:00","breadcrumb":{"@id":"https:\/\/barmaniapro.com\/es\/producto\/para-workout-cube\/#breadcrumb"},"inLanguage":"es","potentialAction":[{"@type":"ReadAction","target":["https:\/\/barmaniapro.com\/es\/producto\/para-workout-cube\/"]}]},{"@type":"ImageObject","inLanguage":"es","@id":"https:\/\/barmaniapro.com\/es\/producto\/para-workout-cube\/#primaryimage","url":"https:\/\/barmaniapro.com\/wp-content\/uploads\/2022\/09\/BMP-81004_Para-workout-cube_classic_1-min.png","contentUrl":"https:\/\/barmaniapro.com\/wp-content\/uploads\/2022\/09\/BMP-81004_Para-workout-cube_classic_1-min.png","width":1770,"height":1770},{"@type":"BreadcrumbList","@id":"https:\/\/barmaniapro.com\/es\/producto\/para-workout-cube\/#breadcrumb","itemListElement":[{"@type":"ListItem","position":1,"name":"Tienda","item":"https:\/\/barmaniapro.com\/es\/tienda\/"},{"@type":"ListItem","position":2,"name":"Para workout cube"}]},{"@type":"WebSite","@id":"https:\/\/barmaniapro.com\/es\/#website","url":"https:\/\/barmaniapro.com\/es\/","name":"BarManiaPro","description":"Manufacturer of Calisthenics equipment","potentialAction":[{"@type":"SearchAction","target":{"@type":"EntryPoint","urlTemplate":"https:\/\/barmaniapro.com\/es\/?s={search_term_string}"},"query-input":{"@type":"PropertyValueSpecification","valueRequired":true,"valueName":"search_term_string"}}],"inLanguage":"es"}]}},"_links":{"self":[{"href":"https:\/\/barmaniapro.com\/es\/wp-json\/wp\/v2\/product\/27035","targetHints":{"allow":["GET"]}}],"collection":[{"href":"https:\/\/barmaniapro.com\/es\/wp-json\/wp\/v2\/product"}],"about":[{"href":"https:\/\/barmaniapro.com\/es\/wp-json\/wp\/v2\/types\/product"}],"replies":[{"embeddable":true,"href":"https:\/\/barmaniapro.com\/es\/wp-json\/wp\/v2\/comments?post=27035"}],"wp:featuredmedia":[{"embeddable":true,"href":"https:\/\/barmaniapro.com\/es\/wp-json\/wp\/v2\/media\/13334"}],"wp:attachment":[{"href":"https:\/\/barmaniapro.com\/es\/wp-json\/wp\/v2\/media?parent=27035"}],"wp:term":[{"taxonomy":"product_brand","embeddable":true,"href":"https:\/\/barmaniapro.com\/es\/wp-json\/wp\/v2\/product_brand?post=27035"},{"taxonomy":"product_cat","embeddable":true,"href":"https:\/\/barmaniapro.com\/es\/wp-json\/wp\/v2\/product_cat?post=27035"},{"taxonomy":"product_tag","embeddable":true,"href":"https:\/\/barmaniapro.com\/es\/wp-json\/wp\/v2\/product_tag?post=27035"}],"curies":[{"name":"wp","href":"https:\/\/api.w.org\/{rel}","templated":true}]}}