{"id":27023,"date":"2022-06-14T15:40:20","date_gmt":"2022-06-14T13:40:20","guid":{"rendered":"https:\/\/barmaniapro.com\/product\/bootcamp-park-avanzado\/"},"modified":"2026-02-11T09:12:23","modified_gmt":"2026-02-11T08:12:23","slug":"bootcamp-park-avanzado","status":"publish","type":"product","link":"https:\/\/barmaniapro.com\/es\/producto\/bootcamp-park-avanzado\/","title":{"rendered":"Bootcamp park avanzado"},"content":{"rendered":"<p data-start=\"0\" data-end=\"596\">El BarManiaPro Bootcamp Park Advanced es una soluci\u00f3n premium de fitness al aire libre dise\u00f1ada para espacios p\u00fablicos, que ofrece un entorno de entrenamiento completo para grupos de bootcamp y entusiastas de la calistenia de todos los niveles. El parque combina una vers\u00e1til selecci\u00f3n de equipos de fuerza, peso corporal y entrenamiento funcional, que permiten realizar desde ejercicios b\u00e1sicos para principiantes hasta t\u00e9cnicas avanzadas de calistenia y entrenamientos en grupo de alta intensidad. Su disposici\u00f3n inteligente favorece el entrenamiento progresivo, por lo que es ideal para \u00e1reas de fitness comunitarias, escuelas, instalaciones militares y gimnasios profesionales al aire libre.  <\/p>\n<p data-start=\"598\" data-end=\"1182\">Toda la estructura est\u00e1 fabricada con acero duradero de alta calidad, dise\u00f1ado para soportar un uso diario intensivo en entornos p\u00fablicos exigentes. Todos los componentes de acero est\u00e1n totalmente galvanizados, creando una s\u00f3lida capa de base protectora contra el \u00f3xido y el impacto ambiental. Para garantizar la m\u00e1xima longevidad, la estructura est\u00e1 acabada con un sistema profesional de dos capas, que proporciona una protecci\u00f3n \u00f3ptima contra la corrosi\u00f3n, las condiciones meteorol\u00f3gicas y el desgaste intenso. Este avanzado proceso de acabado garantiza la durabilidad a largo plazo con un mantenimiento m\u00ednimo, incluso en condiciones exteriores extremas.   <\/p>\n<p data-start=\"1184\" data-end=\"1577\">Una caracter\u00edstica distintiva del Bootcamp Park Advanced es el sistema patentado de abrazaderas BarManiaPro. Esta innovadora tecnolog\u00eda de conexi\u00f3n mejora la estabilidad estructural y la seguridad, a la vez que proporciona una est\u00e9tica limpia, sin juntas y de alta gama. El refinado dise\u00f1o de las abrazaderas elimina las soldaduras visibles, dando al parque un aspecto arquitect\u00f3nico moderno y de primera calidad que eleva cualquier espacio p\u00fablico de fitness.  <\/p>\n<p data-start=\"1579\" data-end=\"1760\" data-is-last-node=\"\" data-is-only-node=\"\">Combinando durabilidad, funcionalidad y dise\u00f1o sofisticado, el barManiaPro Bootcamp Park Advanced establece un nuevo punto de referencia para las instalaciones de entrenamiento de calistenia y bootcamp al aire libre.<\/p>\n","protected":false},"excerpt":{"rendered":"<p>El <strong data-start=\"4\" data-end=\"42\">barManiaPro Bootcamp Park Advanced<\/strong> es una soluci\u00f3n de fitness al aire libre de alto rendimiento dise\u00f1ada para espacios p\u00fablicos, ideal para entrenadores de bootcamp y entusiastas de la calistenia. Esta vers\u00e1til instalaci\u00f3n combina una amplia gama de equipos de calistenia y entrenamiento funcional, adecuados para principiantes y atletas avanzados. <\/p>\n<p>Desde ejercicios de fuerza y peso corporal hasta entrenamientos din\u00e1micos en grupo, el parque favorece el entrenamiento progresivo en un entorno duradero, seguro y dise\u00f1ado profesionalmente. Construido para un uso p\u00fablico intensivo, ofrece funcionalidad y fiabilidad a largo plazo tanto a las comunidades como a los profesionales del fitness. <\/p>\n","protected":false},"featured_media":14412,"comment_status":"open","ping_status":"closed","template":"","meta":{"_acf_changed":false,"inline_featured_image":false},"product_brand":[],"product_cat":[613,614,644],"product_tag":[611,615],"class_list":{"0":"post-27023","1":"product","2":"type-product","3":"status-publish","4":"has-post-thumbnail","6":"product_cat-bootcamp-es","7":"product_cat-equipo","8":"product_cat-parques-de-entrenamiento","9":"product_tag-calistenia","10":"product_tag-bootcamp-es","12":"first","13":"instock","14":"taxable","15":"shipping-taxable","16":"product-type-simple"},"acf":[],"yoast_head":"<!-- This site is optimized with the Yoast SEO plugin v26.2 - https:\/\/yoast.com\/wordpress\/plugins\/seo\/ -->\n<title>Bootcamp park avanzado - BarManiaPro<\/title>\n<meta name=\"robots\" content=\"index, follow, max-snippet:-1, max-image-preview:large, max-video-preview:-1\" \/>\n<link rel=\"canonical\" href=\"https:\/\/barmaniapro.com\/es\/producto\/bootcamp-park-avanzado\/\" \/>\n<meta property=\"og:locale\" content=\"es_ES\" \/>\n<meta property=\"og:type\" content=\"article\" \/>\n<meta property=\"og:title\" content=\"Bootcamp park avanzado - BarManiaPro\" \/>\n<meta property=\"og:description\" content=\"El barManiaPro Bootcamp Park Advanced es una soluci\u00f3n de fitness al aire libre de alto rendimiento dise\u00f1ada para espacios p\u00fablicos, ideal para entrenadores de bootcamp y entusiastas de la calistenia. Esta vers\u00e1til instalaci\u00f3n combina una amplia gama de equipos de calistenia y entrenamiento funcional, adecuados para principiantes y atletas avanzados.  Desde ejercicios de fuerza y peso corporal hasta entrenamientos din\u00e1micos en grupo, el parque favorece el entrenamiento progresivo en un entorno duradero, seguro y dise\u00f1ado profesionalmente. Construido para un uso p\u00fablico intensivo, ofrece funcionalidad y fiabilidad a largo plazo tanto a las comunidades como a los profesionales del fitness.\" \/>\n<meta property=\"og:url\" content=\"https:\/\/barmaniapro.com\/es\/producto\/bootcamp-park-avanzado\/\" \/>\n<meta property=\"og:site_name\" content=\"BarManiaPro\" \/>\n<meta property=\"article:publisher\" content=\"https:\/\/www.facebook.com\/BarManiaPro\/\" \/>\n<meta property=\"article:modified_time\" content=\"2026-02-11T08:12:23+00:00\" \/>\n<meta property=\"og:image\" content=\"https:\/\/barmaniapro.com\/wp-content\/uploads\/2022\/06\/BMP-61014_Bootcamp-Park-Advanced_CLASSIC-min.png\" \/>\n\t<meta property=\"og:image:width\" content=\"1824\" \/>\n\t<meta property=\"og:image:height\" content=\"1062\" \/>\n\t<meta property=\"og:image:type\" content=\"image\/png\" \/>\n<meta name=\"twitter:card\" content=\"summary_large_image\" \/>\n<meta name=\"twitter:label1\" content=\"Tiempo de lectura\" \/>\n\t<meta name=\"twitter:data1\" content=\"2 minuto\" \/>\n<script type=\"application\/ld+json\" class=\"yoast-schema-graph\">{\"@context\":\"https:\/\/schema.org\",\"@graph\":[{\"@type\":\"WebPage\",\"@id\":\"https:\/\/barmaniapro.com\/es\/producto\/bootcamp-park-avanzado\/\",\"url\":\"https:\/\/barmaniapro.com\/es\/producto\/bootcamp-park-avanzado\/\",\"name\":\"Bootcamp park avanzado - BarManiaPro\",\"isPartOf\":{\"@id\":\"https:\/\/barmaniapro.com\/es\/#website\"},\"primaryImageOfPage\":{\"@id\":\"https:\/\/barmaniapro.com\/es\/producto\/bootcamp-park-avanzado\/#primaryimage\"},\"image\":{\"@id\":\"https:\/\/barmaniapro.com\/es\/producto\/bootcamp-park-avanzado\/#primaryimage\"},\"thumbnailUrl\":\"https:\/\/barmaniapro.com\/wp-content\/uploads\/2022\/06\/BMP-61014_Bootcamp-Park-Advanced_CLASSIC-min.png\",\"datePublished\":\"2022-06-14T13:40:20+00:00\",\"dateModified\":\"2026-02-11T08:12:23+00:00\",\"breadcrumb\":{\"@id\":\"https:\/\/barmaniapro.com\/es\/producto\/bootcamp-park-avanzado\/#breadcrumb\"},\"inLanguage\":\"es\",\"potentialAction\":[{\"@type\":\"ReadAction\",\"target\":[\"https:\/\/barmaniapro.com\/es\/producto\/bootcamp-park-avanzado\/\"]}]},{\"@type\":\"ImageObject\",\"inLanguage\":\"es\",\"@id\":\"https:\/\/barmaniapro.com\/es\/producto\/bootcamp-park-avanzado\/#primaryimage\",\"url\":\"https:\/\/barmaniapro.com\/wp-content\/uploads\/2022\/06\/BMP-61014_Bootcamp-Park-Advanced_CLASSIC-min.png\",\"contentUrl\":\"https:\/\/barmaniapro.com\/wp-content\/uploads\/2022\/06\/BMP-61014_Bootcamp-Park-Advanced_CLASSIC-min.png\",\"width\":1824,\"height\":1062},{\"@type\":\"BreadcrumbList\",\"@id\":\"https:\/\/barmaniapro.com\/es\/producto\/bootcamp-park-avanzado\/#breadcrumb\",\"itemListElement\":[{\"@type\":\"ListItem\",\"position\":1,\"name\":\"Tienda\",\"item\":\"https:\/\/barmaniapro.com\/es\/tienda\/\"},{\"@type\":\"ListItem\",\"position\":2,\"name\":\"Bootcamp park avanzado\"}]},{\"@type\":\"WebSite\",\"@id\":\"https:\/\/barmaniapro.com\/es\/#website\",\"url\":\"https:\/\/barmaniapro.com\/es\/\",\"name\":\"BarManiaPro\",\"description\":\"Manufacturer of Calisthenics equipment\",\"potentialAction\":[{\"@type\":\"SearchAction\",\"target\":{\"@type\":\"EntryPoint\",\"urlTemplate\":\"https:\/\/barmaniapro.com\/es\/?s={search_term_string}\"},\"query-input\":{\"@type\":\"PropertyValueSpecification\",\"valueRequired\":true,\"valueName\":\"search_term_string\"}}],\"inLanguage\":\"es\"}]}<\/script>\n<!-- \/ Yoast SEO plugin. -->","yoast_head_json":{"title":"Bootcamp park avanzado - BarManiaPro","robots":{"index":"index","follow":"follow","max-snippet":"max-snippet:-1","max-image-preview":"max-image-preview:large","max-video-preview":"max-video-preview:-1"},"canonical":"https:\/\/barmaniapro.com\/es\/producto\/bootcamp-park-avanzado\/","og_locale":"es_ES","og_type":"article","og_title":"Bootcamp park avanzado - BarManiaPro","og_description":"El barManiaPro Bootcamp Park Advanced es una soluci\u00f3n de fitness al aire libre de alto rendimiento dise\u00f1ada para espacios p\u00fablicos, ideal para entrenadores de bootcamp y entusiastas de la calistenia. Esta vers\u00e1til instalaci\u00f3n combina una amplia gama de equipos de calistenia y entrenamiento funcional, adecuados para principiantes y atletas avanzados.  Desde ejercicios de fuerza y peso corporal hasta entrenamientos din\u00e1micos en grupo, el parque favorece el entrenamiento progresivo en un entorno duradero, seguro y dise\u00f1ado profesionalmente. Construido para un uso p\u00fablico intensivo, ofrece funcionalidad y fiabilidad a largo plazo tanto a las comunidades como a los profesionales del fitness.","og_url":"https:\/\/barmaniapro.com\/es\/producto\/bootcamp-park-avanzado\/","og_site_name":"BarManiaPro","article_publisher":"https:\/\/www.facebook.com\/BarManiaPro\/","article_modified_time":"2026-02-11T08:12:23+00:00","og_image":[{"width":1824,"height":1062,"url":"https:\/\/barmaniapro.com\/wp-content\/uploads\/2022\/06\/BMP-61014_Bootcamp-Park-Advanced_CLASSIC-min.png","type":"image\/png"}],"twitter_card":"summary_large_image","twitter_misc":{"Tiempo de lectura":"2 minuto"},"schema":{"@context":"https:\/\/schema.org","@graph":[{"@type":"WebPage","@id":"https:\/\/barmaniapro.com\/es\/producto\/bootcamp-park-avanzado\/","url":"https:\/\/barmaniapro.com\/es\/producto\/bootcamp-park-avanzado\/","name":"Bootcamp park avanzado - BarManiaPro","isPartOf":{"@id":"https:\/\/barmaniapro.com\/es\/#website"},"primaryImageOfPage":{"@id":"https:\/\/barmaniapro.com\/es\/producto\/bootcamp-park-avanzado\/#primaryimage"},"image":{"@id":"https:\/\/barmaniapro.com\/es\/producto\/bootcamp-park-avanzado\/#primaryimage"},"thumbnailUrl":"https:\/\/barmaniapro.com\/wp-content\/uploads\/2022\/06\/BMP-61014_Bootcamp-Park-Advanced_CLASSIC-min.png","datePublished":"2022-06-14T13:40:20+00:00","dateModified":"2026-02-11T08:12:23+00:00","breadcrumb":{"@id":"https:\/\/barmaniapro.com\/es\/producto\/bootcamp-park-avanzado\/#breadcrumb"},"inLanguage":"es","potentialAction":[{"@type":"ReadAction","target":["https:\/\/barmaniapro.com\/es\/producto\/bootcamp-park-avanzado\/"]}]},{"@type":"ImageObject","inLanguage":"es","@id":"https:\/\/barmaniapro.com\/es\/producto\/bootcamp-park-avanzado\/#primaryimage","url":"https:\/\/barmaniapro.com\/wp-content\/uploads\/2022\/06\/BMP-61014_Bootcamp-Park-Advanced_CLASSIC-min.png","contentUrl":"https:\/\/barmaniapro.com\/wp-content\/uploads\/2022\/06\/BMP-61014_Bootcamp-Park-Advanced_CLASSIC-min.png","width":1824,"height":1062},{"@type":"BreadcrumbList","@id":"https:\/\/barmaniapro.com\/es\/producto\/bootcamp-park-avanzado\/#breadcrumb","itemListElement":[{"@type":"ListItem","position":1,"name":"Tienda","item":"https:\/\/barmaniapro.com\/es\/tienda\/"},{"@type":"ListItem","position":2,"name":"Bootcamp park avanzado"}]},{"@type":"WebSite","@id":"https:\/\/barmaniapro.com\/es\/#website","url":"https:\/\/barmaniapro.com\/es\/","name":"BarManiaPro","description":"Manufacturer of Calisthenics equipment","potentialAction":[{"@type":"SearchAction","target":{"@type":"EntryPoint","urlTemplate":"https:\/\/barmaniapro.com\/es\/?s={search_term_string}"},"query-input":{"@type":"PropertyValueSpecification","valueRequired":true,"valueName":"search_term_string"}}],"inLanguage":"es"}]}},"_links":{"self":[{"href":"https:\/\/barmaniapro.com\/es\/wp-json\/wp\/v2\/product\/27023","targetHints":{"allow":["GET"]}}],"collection":[{"href":"https:\/\/barmaniapro.com\/es\/wp-json\/wp\/v2\/product"}],"about":[{"href":"https:\/\/barmaniapro.com\/es\/wp-json\/wp\/v2\/types\/product"}],"replies":[{"embeddable":true,"href":"https:\/\/barmaniapro.com\/es\/wp-json\/wp\/v2\/comments?post=27023"}],"wp:featuredmedia":[{"embeddable":true,"href":"https:\/\/barmaniapro.com\/es\/wp-json\/wp\/v2\/media\/14412"}],"wp:attachment":[{"href":"https:\/\/barmaniapro.com\/es\/wp-json\/wp\/v2\/media?parent=27023"}],"wp:term":[{"taxonomy":"product_brand","embeddable":true,"href":"https:\/\/barmaniapro.com\/es\/wp-json\/wp\/v2\/product_brand?post=27023"},{"taxonomy":"product_cat","embeddable":true,"href":"https:\/\/barmaniapro.com\/es\/wp-json\/wp\/v2\/product_cat?post=27023"},{"taxonomy":"product_tag","embeddable":true,"href":"https:\/\/barmaniapro.com\/es\/wp-json\/wp\/v2\/product_tag?post=27023"}],"curies":[{"name":"wp","href":"https:\/\/api.w.org\/{rel}","templated":true}]}}