{"id":27017,"date":"2023-04-20T10:06:24","date_gmt":"2023-04-20T08:06:24","guid":{"rendered":"https:\/\/barmaniapro.com\/product\/puente-militar\/"},"modified":"2023-04-20T10:06:24","modified_gmt":"2023-04-20T08:06:24","slug":"puente-militar","status":"publish","type":"product","link":"https:\/\/barmaniapro.com\/es\/producto\/puente-militar\/","title":{"rendered":"Puente militar"},"content":{"rendered":"<h5 data-start=\"521\" data-end=\"534\">Caracter\u00edsticas:<\/h5>\n<ul data-start=\"535\" data-end=\"1557\">\n<li data-start=\"535\" data-end=\"758\"><strong data-start=\"537\" data-end=\"561\">Cuatro columnas de 3800 mm<\/strong>: Fuertes y duraderas, estas columnas de alta calidad forman la base del puente militar, ofreciendo un soporte s\u00f3lido para una variedad de ejercicios, a la vez que garantizan un rendimiento duradero en todos los entornos.<\/li>\n<li data-start=\"759\" data-end=\"947\"><strong data-start=\"761\" data-end=\"786\">Dos travesa\u00f1os de 1450 mm<\/strong>: Estos travesa\u00f1os est\u00e1n dise\u00f1ados para una variedad de ejercicios, ofreciendo m\u00faltiples puntos de apoyo para el desarrollo de la fuerza de agarre, movimientos de peso corporal y entrenamiento de estabilidad.<\/li>\n<li data-start=\"948\" data-end=\"1157\"><strong data-start=\"950\" data-end=\"976\">Dos asas para la bandera humana<\/strong>: Dise\u00f1adas espec\u00edficamente para calistenia avanzada, estas asas permiten a los atletas practicar y perfeccionar la bandera humana, un movimiento desafiante que involucra el core, los hombros y los brazos.<\/li>\n<li data-start=\"1158\" data-end=\"1365\"><strong data-start=\"1160\" data-end=\"1183\">Cuatro cuerdas H\u00e9rcules<\/strong>: Resistentes y duraderas, las cuerdas H\u00e9rcules proporcionan el m\u00e1ximo desaf\u00edo para la fuerza de agarre y el control del cuerpo, perfectas para ejercicios como escalada de cuerdas, tirones y ejercicios de resistencia muscular.<\/li>\n<li data-start=\"1366\" data-end=\"1557\"><strong data-start=\"1368\" data-end=\"1392\">Construcci\u00f3n pr\u00e9mium<\/strong>: Fabricado con materiales de alta resistencia, este puente est\u00e1 dise\u00f1ado para soportar las sesiones de entrenamiento m\u00e1s exigentes, proporcionando durabilidad y seguridad para un uso a largo plazo.<\/li>\n<\/ul>\n<h5 data-start=\"1559\" data-end=\"1587\">Ideal para espacios p\u00fablicos:<\/h5>\n<ul data-start=\"1588\" data-end=\"2728\">\n<li data-start=\"1588\" data-end=\"1835\"><strong data-start=\"1590\" data-end=\"1612\">Entrenamiento de cuerpo completo<\/strong>: El <strong data-start=\"1618\" data-end=\"1649\">puente militar barManiaPro<\/strong> es la herramienta definitiva para desarrollar la fuerza de la parte superior del cuerpo, la resistencia del agarre y la estabilidad del core. Perfecto para una amplia gama de ejercicios de peso corporal, desde la escalada de cuerdas hasta las sujeciones de bandera avanzadas. <\/li>\n<li data-start=\"1836\" data-end=\"2090\"><strong data-start=\"1838\" data-end=\"1865\">Vers\u00e1til y desafiante<\/strong>: Tanto si eres principiante como un atleta experimentado, este equipo ofrece una amplia gama de desaf\u00edos. Las asas para la bandera humana y las cuerdas H\u00e9rcules ofrecen oportunidades tanto para el desarrollo de la fuerza como para las habilidades avanzadas de calistenia. <\/li>\n<li data-start=\"2091\" data-end=\"2318\"><strong data-start=\"2093\" data-end=\"2122\">Fomenta los entrenamientos en grupo<\/strong>: Con m\u00faltiples estaciones y componentes, este puente est\u00e1 dise\u00f1ado para m\u00faltiples usuarios, lo que lo convierte en un complemento ideal para \u00e1reas de fitness al aire libre, eventos de entrenamiento en equipo o carreras de obst\u00e1culos de estilo militar.<\/li>\n<li data-start=\"2319\" data-end=\"2552\"><strong data-start=\"2321\" data-end=\"2352\">Resistente a la intemperie y duradero<\/strong>: Construido para resistir los elementos, el <strong data-start=\"2388\" data-end=\"2419\">puente militar barManiaPro<\/strong> est\u00e1 fabricado con materiales resistentes a la intemperie, lo que garantiza que resista un uso intensivo y se mantenga en \u00f3ptimas condiciones en cualquier entorno exterior.<\/li>\n<li data-start=\"2553\" data-end=\"2728\"><strong data-start=\"2555\" data-end=\"2574\">Bajo mantenimiento<\/strong>: Gracias a su dise\u00f1o robusto y a sus materiales de alta calidad, esta estaci\u00f3n de entrenamiento requiere un mantenimiento m\u00ednimo, lo que la hace perfecta para espacios p\u00fablicos de mucho tr\u00e1nsito.<\/li>\n<\/ul>\n<p data-start=\"2730\" data-end=\"3014\" data-is-last-node=\"\" data-is-only-node=\"\">Aporte una experiencia de fitness desafiante y funcional a su comunidad con el <strong data-start=\"2811\" data-end=\"2842\">puente militar barManiaPro<\/strong>. Ya sea que est\u00e9 escalando, tirando o perfeccionando sus movimientos de calistenia, esta herramienta de entrenamiento todo en uno est\u00e1 construida para ayudarle a alcanzar nuevas cotas de fuerza y rendimiento. <\/p>\n","protected":false},"excerpt":{"rendered":"<p>Desaf\u00ede su fuerza, agilidad y resistencia con el puente militar barManiaPro, una estaci\u00f3n de fitness din\u00e1mica y robusta construida para superar sus l\u00edmites. Esta vers\u00e1til herramienta de entrenamiento est\u00e1 dise\u00f1ada para atletas de todos los niveles, proporcionando un intenso entrenamiento de cuerpo completo que se centra en la fuerza, la estabilidad y la coordinaci\u00f3n. <\/p>\n<p>Perfecto para parques al aire libre, \u00e1reas de entrenamiento militar, gimnasios o espacios comunitarios, el puente militar barManiaPro elevar\u00e1 su experiencia de fitness al siguiente nivel.<\/p>\n","protected":false},"featured_media":12642,"comment_status":"open","ping_status":"closed","template":"","meta":{"_acf_changed":false,"inline_featured_image":false},"product_brand":[],"product_cat":[613],"product_tag":[615],"class_list":{"0":"post-27017","1":"product","2":"type-product","3":"status-publish","4":"has-post-thumbnail","6":"product_cat-bootcamp-es","7":"product_tag-bootcamp-es","9":"first","10":"instock","11":"taxable","12":"shipping-taxable","13":"product-type-simple"},"acf":[],"yoast_head":"<!-- This site is optimized with the Yoast SEO plugin v26.2 - https:\/\/yoast.com\/wordpress\/plugins\/seo\/ -->\n<title>Puente militar - BarManiaPro<\/title>\n<meta name=\"robots\" content=\"index, follow, max-snippet:-1, max-image-preview:large, max-video-preview:-1\" \/>\n<link rel=\"canonical\" href=\"https:\/\/barmaniapro.com\/es\/producto\/puente-militar\/\" \/>\n<meta property=\"og:locale\" content=\"es_ES\" \/>\n<meta property=\"og:type\" content=\"article\" \/>\n<meta property=\"og:title\" content=\"Puente militar - BarManiaPro\" \/>\n<meta property=\"og:description\" content=\"Desaf\u00ede su fuerza, agilidad y resistencia con el puente militar barManiaPro, una estaci\u00f3n de fitness din\u00e1mica y robusta construida para superar sus l\u00edmites. Esta vers\u00e1til herramienta de entrenamiento est\u00e1 dise\u00f1ada para atletas de todos los niveles, proporcionando un intenso entrenamiento de cuerpo completo que se centra en la fuerza, la estabilidad y la coordinaci\u00f3n.  Perfecto para parques al aire libre, \u00e1reas de entrenamiento militar, gimnasios o espacios comunitarios, el puente militar barManiaPro elevar\u00e1 su experiencia de fitness al siguiente nivel.\" \/>\n<meta property=\"og:url\" content=\"https:\/\/barmaniapro.com\/es\/producto\/puente-militar\/\" \/>\n<meta property=\"og:site_name\" content=\"BarManiaPro\" \/>\n<meta property=\"article:publisher\" content=\"https:\/\/www.facebook.com\/BarManiaPro\/\" \/>\n<meta property=\"og:image\" content=\"https:\/\/barmaniapro.com\/wp-content\/uploads\/2023\/04\/BMP-61018_Militairy-bridge_classic_1.png\" \/>\n\t<meta property=\"og:image:width\" content=\"1770\" \/>\n\t<meta property=\"og:image:height\" content=\"1770\" \/>\n\t<meta property=\"og:image:type\" content=\"image\/png\" \/>\n<meta name=\"twitter:card\" content=\"summary_large_image\" \/>\n<meta name=\"twitter:label1\" content=\"Tiempo de lectura\" \/>\n\t<meta name=\"twitter:data1\" content=\"2 minuto\" \/>\n<script type=\"application\/ld+json\" class=\"yoast-schema-graph\">{\"@context\":\"https:\/\/schema.org\",\"@graph\":[{\"@type\":\"WebPage\",\"@id\":\"https:\/\/barmaniapro.com\/es\/producto\/puente-militar\/\",\"url\":\"https:\/\/barmaniapro.com\/es\/producto\/puente-militar\/\",\"name\":\"Puente militar - BarManiaPro\",\"isPartOf\":{\"@id\":\"https:\/\/barmaniapro.com\/es\/#website\"},\"primaryImageOfPage\":{\"@id\":\"https:\/\/barmaniapro.com\/es\/producto\/puente-militar\/#primaryimage\"},\"image\":{\"@id\":\"https:\/\/barmaniapro.com\/es\/producto\/puente-militar\/#primaryimage\"},\"thumbnailUrl\":\"https:\/\/barmaniapro.com\/wp-content\/uploads\/2023\/04\/BMP-61018_Militairy-bridge_classic_1.png\",\"datePublished\":\"2023-04-20T08:06:24+00:00\",\"breadcrumb\":{\"@id\":\"https:\/\/barmaniapro.com\/es\/producto\/puente-militar\/#breadcrumb\"},\"inLanguage\":\"es\",\"potentialAction\":[{\"@type\":\"ReadAction\",\"target\":[\"https:\/\/barmaniapro.com\/es\/producto\/puente-militar\/\"]}]},{\"@type\":\"ImageObject\",\"inLanguage\":\"es\",\"@id\":\"https:\/\/barmaniapro.com\/es\/producto\/puente-militar\/#primaryimage\",\"url\":\"https:\/\/barmaniapro.com\/wp-content\/uploads\/2023\/04\/BMP-61018_Militairy-bridge_classic_1.png\",\"contentUrl\":\"https:\/\/barmaniapro.com\/wp-content\/uploads\/2023\/04\/BMP-61018_Militairy-bridge_classic_1.png\",\"width\":1770,\"height\":1770},{\"@type\":\"BreadcrumbList\",\"@id\":\"https:\/\/barmaniapro.com\/es\/producto\/puente-militar\/#breadcrumb\",\"itemListElement\":[{\"@type\":\"ListItem\",\"position\":1,\"name\":\"Tienda\",\"item\":\"https:\/\/barmaniapro.com\/es\/tienda\/\"},{\"@type\":\"ListItem\",\"position\":2,\"name\":\"Puente militar\"}]},{\"@type\":\"WebSite\",\"@id\":\"https:\/\/barmaniapro.com\/es\/#website\",\"url\":\"https:\/\/barmaniapro.com\/es\/\",\"name\":\"BarManiaPro\",\"description\":\"Manufacturer of Calisthenics equipment\",\"potentialAction\":[{\"@type\":\"SearchAction\",\"target\":{\"@type\":\"EntryPoint\",\"urlTemplate\":\"https:\/\/barmaniapro.com\/es\/?s={search_term_string}\"},\"query-input\":{\"@type\":\"PropertyValueSpecification\",\"valueRequired\":true,\"valueName\":\"search_term_string\"}}],\"inLanguage\":\"es\"}]}<\/script>\n<!-- \/ Yoast SEO plugin. -->","yoast_head_json":{"title":"Puente militar - BarManiaPro","robots":{"index":"index","follow":"follow","max-snippet":"max-snippet:-1","max-image-preview":"max-image-preview:large","max-video-preview":"max-video-preview:-1"},"canonical":"https:\/\/barmaniapro.com\/es\/producto\/puente-militar\/","og_locale":"es_ES","og_type":"article","og_title":"Puente militar - BarManiaPro","og_description":"Desaf\u00ede su fuerza, agilidad y resistencia con el puente militar barManiaPro, una estaci\u00f3n de fitness din\u00e1mica y robusta construida para superar sus l\u00edmites. Esta vers\u00e1til herramienta de entrenamiento est\u00e1 dise\u00f1ada para atletas de todos los niveles, proporcionando un intenso entrenamiento de cuerpo completo que se centra en la fuerza, la estabilidad y la coordinaci\u00f3n.  Perfecto para parques al aire libre, \u00e1reas de entrenamiento militar, gimnasios o espacios comunitarios, el puente militar barManiaPro elevar\u00e1 su experiencia de fitness al siguiente nivel.","og_url":"https:\/\/barmaniapro.com\/es\/producto\/puente-militar\/","og_site_name":"BarManiaPro","article_publisher":"https:\/\/www.facebook.com\/BarManiaPro\/","og_image":[{"width":1770,"height":1770,"url":"https:\/\/barmaniapro.com\/wp-content\/uploads\/2023\/04\/BMP-61018_Militairy-bridge_classic_1.png","type":"image\/png"}],"twitter_card":"summary_large_image","twitter_misc":{"Tiempo de lectura":"2 minuto"},"schema":{"@context":"https:\/\/schema.org","@graph":[{"@type":"WebPage","@id":"https:\/\/barmaniapro.com\/es\/producto\/puente-militar\/","url":"https:\/\/barmaniapro.com\/es\/producto\/puente-militar\/","name":"Puente militar - BarManiaPro","isPartOf":{"@id":"https:\/\/barmaniapro.com\/es\/#website"},"primaryImageOfPage":{"@id":"https:\/\/barmaniapro.com\/es\/producto\/puente-militar\/#primaryimage"},"image":{"@id":"https:\/\/barmaniapro.com\/es\/producto\/puente-militar\/#primaryimage"},"thumbnailUrl":"https:\/\/barmaniapro.com\/wp-content\/uploads\/2023\/04\/BMP-61018_Militairy-bridge_classic_1.png","datePublished":"2023-04-20T08:06:24+00:00","breadcrumb":{"@id":"https:\/\/barmaniapro.com\/es\/producto\/puente-militar\/#breadcrumb"},"inLanguage":"es","potentialAction":[{"@type":"ReadAction","target":["https:\/\/barmaniapro.com\/es\/producto\/puente-militar\/"]}]},{"@type":"ImageObject","inLanguage":"es","@id":"https:\/\/barmaniapro.com\/es\/producto\/puente-militar\/#primaryimage","url":"https:\/\/barmaniapro.com\/wp-content\/uploads\/2023\/04\/BMP-61018_Militairy-bridge_classic_1.png","contentUrl":"https:\/\/barmaniapro.com\/wp-content\/uploads\/2023\/04\/BMP-61018_Militairy-bridge_classic_1.png","width":1770,"height":1770},{"@type":"BreadcrumbList","@id":"https:\/\/barmaniapro.com\/es\/producto\/puente-militar\/#breadcrumb","itemListElement":[{"@type":"ListItem","position":1,"name":"Tienda","item":"https:\/\/barmaniapro.com\/es\/tienda\/"},{"@type":"ListItem","position":2,"name":"Puente militar"}]},{"@type":"WebSite","@id":"https:\/\/barmaniapro.com\/es\/#website","url":"https:\/\/barmaniapro.com\/es\/","name":"BarManiaPro","description":"Manufacturer of Calisthenics equipment","potentialAction":[{"@type":"SearchAction","target":{"@type":"EntryPoint","urlTemplate":"https:\/\/barmaniapro.com\/es\/?s={search_term_string}"},"query-input":{"@type":"PropertyValueSpecification","valueRequired":true,"valueName":"search_term_string"}}],"inLanguage":"es"}]}},"_links":{"self":[{"href":"https:\/\/barmaniapro.com\/es\/wp-json\/wp\/v2\/product\/27017","targetHints":{"allow":["GET"]}}],"collection":[{"href":"https:\/\/barmaniapro.com\/es\/wp-json\/wp\/v2\/product"}],"about":[{"href":"https:\/\/barmaniapro.com\/es\/wp-json\/wp\/v2\/types\/product"}],"replies":[{"embeddable":true,"href":"https:\/\/barmaniapro.com\/es\/wp-json\/wp\/v2\/comments?post=27017"}],"wp:featuredmedia":[{"embeddable":true,"href":"https:\/\/barmaniapro.com\/es\/wp-json\/wp\/v2\/media\/12642"}],"wp:attachment":[{"href":"https:\/\/barmaniapro.com\/es\/wp-json\/wp\/v2\/media?parent=27017"}],"wp:term":[{"taxonomy":"product_brand","embeddable":true,"href":"https:\/\/barmaniapro.com\/es\/wp-json\/wp\/v2\/product_brand?post=27017"},{"taxonomy":"product_cat","embeddable":true,"href":"https:\/\/barmaniapro.com\/es\/wp-json\/wp\/v2\/product_cat?post=27017"},{"taxonomy":"product_tag","embeddable":true,"href":"https:\/\/barmaniapro.com\/es\/wp-json\/wp\/v2\/product_tag?post=27017"}],"curies":[{"name":"wp","href":"https:\/\/api.w.org\/{rel}","templated":true}]}}