{"id":27015,"date":"2023-04-19T09:04:08","date_gmt":"2023-04-19T07:04:08","guid":{"rendered":"https:\/\/barmaniapro.com\/product\/tablas-de-equilibrio-colgantes\/"},"modified":"2023-04-19T09:04:08","modified_gmt":"2023-04-19T07:04:08","slug":"tablas-de-equilibrio-colgantes","status":"publish","type":"product","link":"https:\/\/barmaniapro.com\/es\/producto\/tablas-de-equilibrio-colgantes\/","title":{"rendered":"Tablas de equilibrio colgantes"},"content":{"rendered":"<p>Mejore su entrenamiento de calistenia o de guerrero ninja con las tablas de equilibrio colgantes BarManiaPro\u00ae. \u00a1Perfectas para cualquiera que busque desarrollar una mejor coordinaci\u00f3n, equilibrio y fuerza general de una manera divertida y desafiante! <\/p>\n<div class=\"flex-1 overflow-hidden @container\/thread\">\n<div class=\"h-full\">\n<div class=\"react-scroll-to-bottom--css-laptr-79elbk h-full\">\n<div class=\"react-scroll-to-bottom--css-laptr-1n7m0yu\">\n<div class=\"flex flex-col text-sm md:pb-9\">\n<article class=\"w-full scroll-mb-[var(--thread-trailing-height,150px)] text-token-text-primary focus-visible:outline-2 focus-visible:outline-offset-[-4px]\" dir=\"auto\" data-testid=\"conversation-turn-7\" data-scroll-anchor=\"true\">\n<div class=\"m-auto text-base py-[18px] px-3 md:px-4 w-full md:px-5 lg:px-4 xl:px-5\">\n<div class=\"mx-auto flex flex-1 gap-4 text-base md:gap-5 lg:gap-6 md:max-w-3xl\">\n<div class=\"group\/conversation-turn relative flex w-full min-w-0 flex-col agent-turn\">\n<div class=\"flex-col gap-1 md:gap-3\">\n<div class=\"flex max-w-full flex-col flex-grow\">\n<div class=\"min-h-8 text-message flex w-full flex-col items-end gap-2 whitespace-normal break-words text-start [.text-message+&amp;]:mt-5\" dir=\"auto\" data-message-author-role=\"assistant\" data-message-id=\"6d55b9d0-ee2a-4587-b865-3b38e6c6e69c\" data-message-model-slug=\"gpt-4o-mini\">\n<div class=\"flex w-full flex-col gap-1 empty:hidden first:pt-[3px]\">\n<div class=\"markdown prose w-full break-words dark:prose-invert light\">\n<ul>\n<li><strong>4 columnas de 3400 mm<\/strong>: Estas columnas altas y robustas forman la base de la estructura, dise\u00f1adas para proporcionar un soporte seguro para una variedad de ejercicios de equilibrio.<\/li>\n<li><strong>2 columnas transversales de 1450 mm<\/strong>: Estas barras transversales permiten una variedad de opciones de movimiento, ofreciendo flexibilidad en su entrenamiento mientras mantienen una plataforma estable para ejercicios de equilibrio.<\/li>\n<li><strong>1 columna transversal de 4760 mm<\/strong>: Una barra transversal m\u00e1s larga que ofrece espacio adicional para ejercicios desafiantes de equilibrio y coordinaci\u00f3n, ideal para ejercicios m\u00e1s avanzados.<\/li>\n<li><strong>6 cuerdas Hercules con tablas de equilibrio<\/strong>: Las seis cuerdas de alta resistencia proporcionan puntos de suspensi\u00f3n para las tablas de equilibrio, lo que permite a los usuarios participar en una variedad de ejercicios de equilibrio colgantes que se dirigen a la estabilidad del core, la coordinaci\u00f3n y la fuerza. Cada tabla de equilibrio ofrece un nivel de dificultad ajustable para adaptarse a todos los niveles de habilidad. <\/li>\n<li><strong>4 juegos de abrazaderas<\/strong>: Fije de forma segura todos los componentes de la estructura para una seguridad y estabilidad \u00f3ptimas durante el uso, garantizando un entorno de entrenamiento fiable y seguro.<\/li>\n<\/ul>\n<p>\u00bfPor qu\u00e9 elegir las tablas de equilibrio colgantes BarManiaPro\u00ae?<\/p>\n<ul>\n<li><strong>Herramienta de entrenamiento vers\u00e1til<\/strong>: Ya sea que est\u00e9 trabajando en el equilibrio, la coordinaci\u00f3n o la construcci\u00f3n de fuerza general, estas tablas ofrecen un desaf\u00edo integral para todo tipo de atletas.<\/li>\n<li><strong>Adaptable para todos los niveles<\/strong>: La estructura est\u00e1 dise\u00f1ada para atender a todos los niveles de fuerza y habilidad, desde principiantes hasta atletas avanzados que buscan refinar su t\u00e9cnica.<\/li>\n<li><strong>Perfecto para el entrenamiento de calistenia y guerreros ninja<\/strong>: Ideal para usar tanto en parques de calistenia como en recorridos de guerreros ninja, proporcionando un desaf\u00edo din\u00e1mico que pone a prueba la agilidad y el control.<\/li>\n<li><strong>Construcci\u00f3n de alta calidad<\/strong>: Construido para resistir el uso riguroso, las cuerdas Hercules y las tablas de equilibrio garantizan durabilidad y seguridad durante las sesiones de entrenamiento intensas.<\/li>\n<li><strong>Enfoque en la fuerza central y funcional<\/strong>: Los ejercicios en estas tablas de equilibrio activan los m\u00fasculos centrales, mejorando el equilibrio, la estabilidad y la fuerza funcional que se transfieren a otras disciplinas de entrenamiento.<\/li>\n<\/ul>\n<p>Mejore su entrenamiento de calistenia o de guerrero ninja con las tablas de equilibrio colgantes BarManiaPro\u00ae. \u00a1Perfectas para cualquiera que busque desarrollar una mejor coordinaci\u00f3n, equilibrio y fuerza general de una manera divertida y desafiante! <\/p>\n<\/div>\n<\/div>\n<\/div>\n<\/div>\n<\/div>\n<\/div>\n<\/div>\n<\/div>\n<\/article>\n<\/div>\n<\/div>\n<\/div>\n<\/div>\n<\/div>\n","protected":false},"excerpt":{"rendered":"<p>Las tablas de equilibrio colgantes BarManiaPro\u00ae son una herramienta de entrenamiento din\u00e1mica dise\u00f1ada para parques de calistenia y guerreros ninja, perfecta para atletas de todos los niveles. Ya sea que est\u00e9 buscando mejorar su equilibrio, coordinaci\u00f3n o fuerza, esta estructura ofrece una experiencia de entrenamiento vers\u00e1til y desafiante. <\/p>\n<p>Dise\u00f1ado para ser adecuado para atletas principiantes y avanzados, es una adici\u00f3n ideal a cualquier instalaci\u00f3n de fitness o carrera de obst\u00e1culos.<\/p>\n","protected":false},"featured_media":13900,"comment_status":"open","ping_status":"closed","template":"","meta":{"_acf_changed":false,"inline_featured_image":false},"product_brand":[],"product_cat":[614,682],"product_tag":[],"class_list":{"0":"post-27015","1":"product","2":"type-product","3":"status-publish","4":"has-post-thumbnail","6":"product_cat-equipo","7":"product_cat-guerrero-ninja","9":"first","10":"instock","11":"taxable","12":"shipping-taxable","13":"product-type-simple"},"acf":[],"yoast_head":"<!-- This site is optimized with the Yoast SEO plugin v26.2 - https:\/\/yoast.com\/wordpress\/plugins\/seo\/ -->\n<title>Tablas de equilibrio colgantes - BarManiaPro<\/title>\n<meta name=\"robots\" content=\"index, follow, max-snippet:-1, max-image-preview:large, max-video-preview:-1\" \/>\n<link rel=\"canonical\" href=\"https:\/\/barmaniapro.com\/es\/producto\/tablas-de-equilibrio-colgantes\/\" \/>\n<meta property=\"og:locale\" content=\"es_ES\" \/>\n<meta property=\"og:type\" content=\"article\" \/>\n<meta property=\"og:title\" content=\"Tablas de equilibrio colgantes - BarManiaPro\" \/>\n<meta property=\"og:description\" content=\"Las tablas de equilibrio colgantes BarManiaPro\u00ae son una herramienta de entrenamiento din\u00e1mica dise\u00f1ada para parques de calistenia y guerreros ninja, perfecta para atletas de todos los niveles. Ya sea que est\u00e9 buscando mejorar su equilibrio, coordinaci\u00f3n o fuerza, esta estructura ofrece una experiencia de entrenamiento vers\u00e1til y desafiante.  Dise\u00f1ado para ser adecuado para atletas principiantes y avanzados, es una adici\u00f3n ideal a cualquier instalaci\u00f3n de fitness o carrera de obst\u00e1culos.\" \/>\n<meta property=\"og:url\" content=\"https:\/\/barmaniapro.com\/es\/producto\/tablas-de-equilibrio-colgantes\/\" \/>\n<meta property=\"og:site_name\" content=\"BarManiaPro\" \/>\n<meta property=\"article:publisher\" content=\"https:\/\/www.facebook.com\/BarManiaPro\/\" \/>\n<meta property=\"og:image\" content=\"https:\/\/barmaniapro.com\/wp-content\/uploads\/2023\/04\/BMP-71016_Hanging-balance-boards_classic_1-min.png\" \/>\n\t<meta property=\"og:image:width\" content=\"1770\" \/>\n\t<meta property=\"og:image:height\" content=\"1770\" \/>\n\t<meta property=\"og:image:type\" content=\"image\/png\" \/>\n<meta name=\"twitter:card\" content=\"summary_large_image\" \/>\n<meta name=\"twitter:label1\" content=\"Tiempo de lectura\" \/>\n\t<meta name=\"twitter:data1\" content=\"2 minuto\" \/>\n<script type=\"application\/ld+json\" class=\"yoast-schema-graph\">{\"@context\":\"https:\/\/schema.org\",\"@graph\":[{\"@type\":\"WebPage\",\"@id\":\"https:\/\/barmaniapro.com\/es\/producto\/tablas-de-equilibrio-colgantes\/\",\"url\":\"https:\/\/barmaniapro.com\/es\/producto\/tablas-de-equilibrio-colgantes\/\",\"name\":\"Tablas de equilibrio colgantes - BarManiaPro\",\"isPartOf\":{\"@id\":\"https:\/\/barmaniapro.com\/es\/#website\"},\"primaryImageOfPage\":{\"@id\":\"https:\/\/barmaniapro.com\/es\/producto\/tablas-de-equilibrio-colgantes\/#primaryimage\"},\"image\":{\"@id\":\"https:\/\/barmaniapro.com\/es\/producto\/tablas-de-equilibrio-colgantes\/#primaryimage\"},\"thumbnailUrl\":\"https:\/\/barmaniapro.com\/wp-content\/uploads\/2023\/04\/BMP-71016_Hanging-balance-boards_classic_1-min.png\",\"datePublished\":\"2023-04-19T07:04:08+00:00\",\"breadcrumb\":{\"@id\":\"https:\/\/barmaniapro.com\/es\/producto\/tablas-de-equilibrio-colgantes\/#breadcrumb\"},\"inLanguage\":\"es\",\"potentialAction\":[{\"@type\":\"ReadAction\",\"target\":[\"https:\/\/barmaniapro.com\/es\/producto\/tablas-de-equilibrio-colgantes\/\"]}]},{\"@type\":\"ImageObject\",\"inLanguage\":\"es\",\"@id\":\"https:\/\/barmaniapro.com\/es\/producto\/tablas-de-equilibrio-colgantes\/#primaryimage\",\"url\":\"https:\/\/barmaniapro.com\/wp-content\/uploads\/2023\/04\/BMP-71016_Hanging-balance-boards_classic_1-min.png\",\"contentUrl\":\"https:\/\/barmaniapro.com\/wp-content\/uploads\/2023\/04\/BMP-71016_Hanging-balance-boards_classic_1-min.png\",\"width\":1770,\"height\":1770},{\"@type\":\"BreadcrumbList\",\"@id\":\"https:\/\/barmaniapro.com\/es\/producto\/tablas-de-equilibrio-colgantes\/#breadcrumb\",\"itemListElement\":[{\"@type\":\"ListItem\",\"position\":1,\"name\":\"Tienda\",\"item\":\"https:\/\/barmaniapro.com\/es\/tienda\/\"},{\"@type\":\"ListItem\",\"position\":2,\"name\":\"Tablas de equilibrio colgantes\"}]},{\"@type\":\"WebSite\",\"@id\":\"https:\/\/barmaniapro.com\/es\/#website\",\"url\":\"https:\/\/barmaniapro.com\/es\/\",\"name\":\"BarManiaPro\",\"description\":\"Manufacturer of Calisthenics equipment\",\"potentialAction\":[{\"@type\":\"SearchAction\",\"target\":{\"@type\":\"EntryPoint\",\"urlTemplate\":\"https:\/\/barmaniapro.com\/es\/?s={search_term_string}\"},\"query-input\":{\"@type\":\"PropertyValueSpecification\",\"valueRequired\":true,\"valueName\":\"search_term_string\"}}],\"inLanguage\":\"es\"}]}<\/script>\n<!-- \/ Yoast SEO plugin. -->","yoast_head_json":{"title":"Tablas de equilibrio colgantes - BarManiaPro","robots":{"index":"index","follow":"follow","max-snippet":"max-snippet:-1","max-image-preview":"max-image-preview:large","max-video-preview":"max-video-preview:-1"},"canonical":"https:\/\/barmaniapro.com\/es\/producto\/tablas-de-equilibrio-colgantes\/","og_locale":"es_ES","og_type":"article","og_title":"Tablas de equilibrio colgantes - BarManiaPro","og_description":"Las tablas de equilibrio colgantes BarManiaPro\u00ae son una herramienta de entrenamiento din\u00e1mica dise\u00f1ada para parques de calistenia y guerreros ninja, perfecta para atletas de todos los niveles. Ya sea que est\u00e9 buscando mejorar su equilibrio, coordinaci\u00f3n o fuerza, esta estructura ofrece una experiencia de entrenamiento vers\u00e1til y desafiante.  Dise\u00f1ado para ser adecuado para atletas principiantes y avanzados, es una adici\u00f3n ideal a cualquier instalaci\u00f3n de fitness o carrera de obst\u00e1culos.","og_url":"https:\/\/barmaniapro.com\/es\/producto\/tablas-de-equilibrio-colgantes\/","og_site_name":"BarManiaPro","article_publisher":"https:\/\/www.facebook.com\/BarManiaPro\/","og_image":[{"width":1770,"height":1770,"url":"https:\/\/barmaniapro.com\/wp-content\/uploads\/2023\/04\/BMP-71016_Hanging-balance-boards_classic_1-min.png","type":"image\/png"}],"twitter_card":"summary_large_image","twitter_misc":{"Tiempo de lectura":"2 minuto"},"schema":{"@context":"https:\/\/schema.org","@graph":[{"@type":"WebPage","@id":"https:\/\/barmaniapro.com\/es\/producto\/tablas-de-equilibrio-colgantes\/","url":"https:\/\/barmaniapro.com\/es\/producto\/tablas-de-equilibrio-colgantes\/","name":"Tablas de equilibrio colgantes - BarManiaPro","isPartOf":{"@id":"https:\/\/barmaniapro.com\/es\/#website"},"primaryImageOfPage":{"@id":"https:\/\/barmaniapro.com\/es\/producto\/tablas-de-equilibrio-colgantes\/#primaryimage"},"image":{"@id":"https:\/\/barmaniapro.com\/es\/producto\/tablas-de-equilibrio-colgantes\/#primaryimage"},"thumbnailUrl":"https:\/\/barmaniapro.com\/wp-content\/uploads\/2023\/04\/BMP-71016_Hanging-balance-boards_classic_1-min.png","datePublished":"2023-04-19T07:04:08+00:00","breadcrumb":{"@id":"https:\/\/barmaniapro.com\/es\/producto\/tablas-de-equilibrio-colgantes\/#breadcrumb"},"inLanguage":"es","potentialAction":[{"@type":"ReadAction","target":["https:\/\/barmaniapro.com\/es\/producto\/tablas-de-equilibrio-colgantes\/"]}]},{"@type":"ImageObject","inLanguage":"es","@id":"https:\/\/barmaniapro.com\/es\/producto\/tablas-de-equilibrio-colgantes\/#primaryimage","url":"https:\/\/barmaniapro.com\/wp-content\/uploads\/2023\/04\/BMP-71016_Hanging-balance-boards_classic_1-min.png","contentUrl":"https:\/\/barmaniapro.com\/wp-content\/uploads\/2023\/04\/BMP-71016_Hanging-balance-boards_classic_1-min.png","width":1770,"height":1770},{"@type":"BreadcrumbList","@id":"https:\/\/barmaniapro.com\/es\/producto\/tablas-de-equilibrio-colgantes\/#breadcrumb","itemListElement":[{"@type":"ListItem","position":1,"name":"Tienda","item":"https:\/\/barmaniapro.com\/es\/tienda\/"},{"@type":"ListItem","position":2,"name":"Tablas de equilibrio colgantes"}]},{"@type":"WebSite","@id":"https:\/\/barmaniapro.com\/es\/#website","url":"https:\/\/barmaniapro.com\/es\/","name":"BarManiaPro","description":"Manufacturer of Calisthenics equipment","potentialAction":[{"@type":"SearchAction","target":{"@type":"EntryPoint","urlTemplate":"https:\/\/barmaniapro.com\/es\/?s={search_term_string}"},"query-input":{"@type":"PropertyValueSpecification","valueRequired":true,"valueName":"search_term_string"}}],"inLanguage":"es"}]}},"_links":{"self":[{"href":"https:\/\/barmaniapro.com\/es\/wp-json\/wp\/v2\/product\/27015","targetHints":{"allow":["GET"]}}],"collection":[{"href":"https:\/\/barmaniapro.com\/es\/wp-json\/wp\/v2\/product"}],"about":[{"href":"https:\/\/barmaniapro.com\/es\/wp-json\/wp\/v2\/types\/product"}],"replies":[{"embeddable":true,"href":"https:\/\/barmaniapro.com\/es\/wp-json\/wp\/v2\/comments?post=27015"}],"wp:featuredmedia":[{"embeddable":true,"href":"https:\/\/barmaniapro.com\/es\/wp-json\/wp\/v2\/media\/13900"}],"wp:attachment":[{"href":"https:\/\/barmaniapro.com\/es\/wp-json\/wp\/v2\/media?parent=27015"}],"wp:term":[{"taxonomy":"product_brand","embeddable":true,"href":"https:\/\/barmaniapro.com\/es\/wp-json\/wp\/v2\/product_brand?post=27015"},{"taxonomy":"product_cat","embeddable":true,"href":"https:\/\/barmaniapro.com\/es\/wp-json\/wp\/v2\/product_cat?post=27015"},{"taxonomy":"product_tag","embeddable":true,"href":"https:\/\/barmaniapro.com\/es\/wp-json\/wp\/v2\/product_tag?post=27015"}],"curies":[{"name":"wp","href":"https:\/\/api.w.org\/{rel}","templated":true}]}}