{"id":27013,"date":"2023-04-17T09:04:05","date_gmt":"2023-04-17T07:04:05","guid":{"rendered":"https:\/\/barmaniapro.com\/product\/muro-de-escalada-red\/"},"modified":"2023-04-17T09:04:05","modified_gmt":"2023-04-17T07:04:05","slug":"muro-de-escalada-red","status":"publish","type":"product","link":"https:\/\/barmaniapro.com\/es\/producto\/muro-de-escalada-red\/","title":{"rendered":"Muro de escalada + red"},"content":{"rendered":"<h5 data-start=\"628\" data-end=\"641\">Caracter\u00edsticas:<\/h5>\n<ul data-start=\"642\" data-end=\"2151\">\n<li data-start=\"642\" data-end=\"950\"><strong data-start=\"644\" data-end=\"689\">Dos columnas de 2800 mm + Dos columnas de 1100 mm<\/strong>: Las columnas robustas y de alta calidad crean una base estable para el muro de escalada y la red, lo que garantiza la seguridad y la durabilidad durante las sesiones de entrenamiento intensas. Las diferentes alturas de las columnas proporcionan una configuraci\u00f3n accesible y desafiante para usuarios de diferentes capacidades. <\/li>\n<li data-start=\"951\" data-end=\"1120\"><strong data-start=\"953\" data-end=\"968\">Estructura de acero<\/strong>: La robusta estructura de acero garantiza un soporte y una longevidad excepcionales, ofreciendo una estructura fiable que puede soportar un uso intensivo en espacios p\u00fablicos o gimnasios.<\/li>\n<li data-start=\"1121\" data-end=\"1358\"><strong data-start=\"1123\" data-end=\"1170\">Placa Trespa (2796 mm x 1992 mm, 6 mm de grosor)<\/strong>: La duradera placa Trespa ofrece una superficie lisa y s\u00f3lida para la escalada. Sus 6 mm de grosor garantizan la resistencia al desgaste, proporcionando un muro de escalada seguro y fiable para un uso prolongado. <\/li>\n<li data-start=\"1359\" data-end=\"1641\"><strong data-start=\"1361\" data-end=\"1396\">Cuerda de escalada H\u00e9rcules (320 cm)<\/strong>: La cuerda de escalada H\u00e9rcules incluida a\u00f1ade una dimensi\u00f3n extra a tu entrenamiento, mejorando la fuerza de agarre, la resistencia de la parte superior del cuerpo y la estabilidad del tronco. Ideal para escaladas con cuerda y entrenamiento funcional, esta cuerda complementa los ejercicios del muro de escalada. <\/li>\n<li data-start=\"1642\" data-end=\"2151\"><strong data-start=\"1644\" data-end=\"1671\">Componentes de la red de escalada<\/strong>:\n<ul data-start=\"1675\" data-end=\"2151\">\n<li data-start=\"1675\" data-end=\"1849\"><strong data-start=\"1677\" data-end=\"1702\">Dos travesa\u00f1os de 1450 mm<\/strong>: Estos travesa\u00f1os proporcionan un marco estable para la red de escalada, lo que permite a los usuarios practicar t\u00e9cnicas de escalada y ejercitar varios grupos musculares.<\/li>\n<li data-start=\"1852\" data-end=\"2151\"><strong data-start=\"1854\" data-end=\"1895\">Red de escalada H\u00e9rcules (1,30 m x 2,25 m)<\/strong>: La red H\u00e9rcules, grande y resistente, ofrece un desaf\u00edo adicional, involucrando a los usuarios en un entrenamiento de fuerza de todo el cuerpo. Perfecta para practicar la escalada con cuerda, el gateo u otros movimientos funcionales, la red mejora el agarre, la coordinaci\u00f3n y el control general del cuerpo. <\/li>\n<\/ul>\n<\/li>\n<\/ul>\n<h5 data-start=\"2153\" data-end=\"2181\">Ideal para espacios p\u00fablicos:<\/h5>\n<ul data-start=\"2182\" data-end=\"3417\">\n<li data-start=\"2182\" data-end=\"2471\"><strong data-start=\"2184\" data-end=\"2216\">Fuerza y agilidad de todo el cuerpo<\/strong>: El <strong data-start=\"2222\" data-end=\"2266\">Muro de escalada + red de escalada barManiaPro<\/strong> involucra a m\u00faltiples grupos musculares, desde los brazos y los hombros hasta el tronco y las piernas. Escalar y gatear a trav\u00e9s de la red proporciona un excelente entrenamiento cardiovascular a la vez que se desarrolla la fuerza y se mejora la resistencia. <\/li>\n<li data-start=\"2472\" data-end=\"2726\"><strong data-start=\"2474\" data-end=\"2498\">Vers\u00e1til y atractivo<\/strong>: Con un muro de escalada y una red de escalada, esta configuraci\u00f3n ofrece una variedad de opciones de entrenamiento. Tanto si te centras en la fuerza de agarre, la resistencia o las t\u00e9cnicas de escalada, encontrar\u00e1s infinitas oportunidades para desafiarte a ti mismo. <\/li>\n<li data-start=\"2727\" data-end=\"2993\"><strong data-start=\"2729\" data-end=\"2753\">Ideal para grupos y divertido<\/strong>: Este dise\u00f1o vers\u00e1til fomenta los entrenamientos en grupo y las competiciones amistosas, lo que lo hace perfecto para \u00e1reas de fitness comunitarias, parques y gimnasios. Los elementos duales (muro de escalada y red) permiten desaf\u00edos interactivos y entrenamiento en equipo. <\/li>\n<li data-start=\"2994\" data-end=\"3204\"><strong data-start=\"2996\" data-end=\"3027\">Resistente a la intemperie y duradero<\/strong>: Dise\u00f1ado para uso en exteriores, la estructura de acero, la placa Trespa y la red H\u00e9rcules son resistentes a la intemperie, lo que garantiza una durabilidad a largo plazo y un rendimiento fiable en cualquier entorno exterior.<\/li>\n<li data-start=\"3205\" data-end=\"3417\"><strong data-start=\"3207\" data-end=\"3226\">Bajo mantenimiento<\/strong>: Construido con materiales de alta calidad, el <strong data-start=\"3267\" data-end=\"3311\">Muro de escalada + red de escalada barManiaPro<\/strong> requiere un mantenimiento m\u00ednimo, lo que lo convierte en un complemento ideal para espacios p\u00fablicos o instalaciones de fitness de mucho tr\u00e1nsito.<\/li>\n<\/ul>\n<p data-start=\"3419\" data-end=\"3787\" data-is-last-node=\"\" data-is-only-node=\"\">Transforma tu espacio de fitness con el <strong data-start=\"3457\" data-end=\"3501\">Muro de escalada + red de escalada barManiaPro<\/strong>, la estaci\u00f3n de entrenamiento definitiva para desarrollar la fuerza, mejorar la agilidad y dominar las t\u00e9cnicas de escalada. Tanto si te desaf\u00edas a ti mismo en solitario como si participas en grupo, esta configuraci\u00f3n din\u00e1mica proporciona la forma perfecta de superar tus l\u00edmites y alcanzar nuevas cotas en tu viaje de fitness. <\/p>\n","protected":false},"excerpt":{"rendered":"<p>Eleva tu rutina de fitness y supera tus l\u00edmites con el muro de escalada + red de escalada barManiaPro, una estaci\u00f3n de entrenamiento innovadora y din\u00e1mica dise\u00f1ada para la fuerza, la agilidad y la resistencia.<\/p>\n<p>Esta vers\u00e1til pieza de equipo combina un muro de escalada duradero con una red de escalada desafiante, proporcionando a los atletas la oportunidad de desarrollar la fuerza de todo el cuerpo, mejorar las t\u00e9cnicas de escalada y poner a prueba sus l\u00edmites.<\/p>\n<p>Perfecto para parques al aire libre, pistas de obst\u00e1culos, gimnasios y espacios comunitarios, esta configuraci\u00f3n combinada ofrece una experiencia emocionante y atractiva para escaladores de todos los niveles.<\/p>\n","protected":false},"featured_media":12634,"comment_status":"open","ping_status":"closed","template":"","meta":{"_acf_changed":false,"inline_featured_image":false},"product_brand":[],"product_cat":[613,614,616],"product_tag":[615],"class_list":{"0":"post-27013","1":"product","2":"type-product","3":"status-publish","4":"has-post-thumbnail","6":"product_cat-bootcamp-es","7":"product_cat-equipo","8":"product_cat-entrenamiento-infantil","9":"product_tag-bootcamp-es","11":"first","12":"instock","13":"taxable","14":"shipping-taxable","15":"product-type-simple"},"acf":[],"yoast_head":"<!-- This site is optimized with the Yoast SEO plugin v26.2 - https:\/\/yoast.com\/wordpress\/plugins\/seo\/ -->\n<title>Muro de escalada + red - BarManiaPro<\/title>\n<meta name=\"robots\" content=\"index, follow, max-snippet:-1, max-image-preview:large, max-video-preview:-1\" \/>\n<link rel=\"canonical\" href=\"https:\/\/barmaniapro.com\/es\/producto\/muro-de-escalada-red\/\" \/>\n<meta property=\"og:locale\" content=\"es_ES\" \/>\n<meta property=\"og:type\" content=\"article\" \/>\n<meta property=\"og:title\" content=\"Muro de escalada + red - BarManiaPro\" \/>\n<meta property=\"og:description\" content=\"Eleva tu rutina de fitness y supera tus l\u00edmites con el muro de escalada + red de escalada barManiaPro, una estaci\u00f3n de entrenamiento innovadora y din\u00e1mica dise\u00f1ada para la fuerza, la agilidad y la resistencia. Esta vers\u00e1til pieza de equipo combina un muro de escalada duradero con una red de escalada desafiante, proporcionando a los atletas la oportunidad de desarrollar la fuerza de todo el cuerpo, mejorar las t\u00e9cnicas de escalada y poner a prueba sus l\u00edmites. Perfecto para parques al aire libre, pistas de obst\u00e1culos, gimnasios y espacios comunitarios, esta configuraci\u00f3n combinada ofrece una experiencia emocionante y atractiva para escaladores de todos los niveles.\" \/>\n<meta property=\"og:url\" content=\"https:\/\/barmaniapro.com\/es\/producto\/muro-de-escalada-red\/\" \/>\n<meta property=\"og:site_name\" content=\"BarManiaPro\" \/>\n<meta property=\"article:publisher\" content=\"https:\/\/www.facebook.com\/BarManiaPro\/\" \/>\n<meta property=\"og:image\" content=\"https:\/\/barmaniapro.com\/wp-content\/uploads\/2023\/04\/BMP-61017_Climbing-wall-climbing-net-inclined_classic_1.png\" \/>\n\t<meta property=\"og:image:width\" content=\"1770\" \/>\n\t<meta property=\"og:image:height\" content=\"1770\" \/>\n\t<meta property=\"og:image:type\" content=\"image\/png\" \/>\n<meta name=\"twitter:card\" content=\"summary_large_image\" \/>\n<meta name=\"twitter:label1\" content=\"Tiempo de lectura\" \/>\n\t<meta name=\"twitter:data1\" content=\"3 minuto\" \/>\n<script type=\"application\/ld+json\" class=\"yoast-schema-graph\">{\"@context\":\"https:\/\/schema.org\",\"@graph\":[{\"@type\":\"WebPage\",\"@id\":\"https:\/\/barmaniapro.com\/es\/producto\/muro-de-escalada-red\/\",\"url\":\"https:\/\/barmaniapro.com\/es\/producto\/muro-de-escalada-red\/\",\"name\":\"Muro de escalada + red - BarManiaPro\",\"isPartOf\":{\"@id\":\"https:\/\/barmaniapro.com\/es\/#website\"},\"primaryImageOfPage\":{\"@id\":\"https:\/\/barmaniapro.com\/es\/producto\/muro-de-escalada-red\/#primaryimage\"},\"image\":{\"@id\":\"https:\/\/barmaniapro.com\/es\/producto\/muro-de-escalada-red\/#primaryimage\"},\"thumbnailUrl\":\"https:\/\/barmaniapro.com\/wp-content\/uploads\/2023\/04\/BMP-61017_Climbing-wall-climbing-net-inclined_classic_1.png\",\"datePublished\":\"2023-04-17T07:04:05+00:00\",\"breadcrumb\":{\"@id\":\"https:\/\/barmaniapro.com\/es\/producto\/muro-de-escalada-red\/#breadcrumb\"},\"inLanguage\":\"es\",\"potentialAction\":[{\"@type\":\"ReadAction\",\"target\":[\"https:\/\/barmaniapro.com\/es\/producto\/muro-de-escalada-red\/\"]}]},{\"@type\":\"ImageObject\",\"inLanguage\":\"es\",\"@id\":\"https:\/\/barmaniapro.com\/es\/producto\/muro-de-escalada-red\/#primaryimage\",\"url\":\"https:\/\/barmaniapro.com\/wp-content\/uploads\/2023\/04\/BMP-61017_Climbing-wall-climbing-net-inclined_classic_1.png\",\"contentUrl\":\"https:\/\/barmaniapro.com\/wp-content\/uploads\/2023\/04\/BMP-61017_Climbing-wall-climbing-net-inclined_classic_1.png\",\"width\":1770,\"height\":1770},{\"@type\":\"BreadcrumbList\",\"@id\":\"https:\/\/barmaniapro.com\/es\/producto\/muro-de-escalada-red\/#breadcrumb\",\"itemListElement\":[{\"@type\":\"ListItem\",\"position\":1,\"name\":\"Tienda\",\"item\":\"https:\/\/barmaniapro.com\/es\/tienda\/\"},{\"@type\":\"ListItem\",\"position\":2,\"name\":\"Muro de escalada + red\"}]},{\"@type\":\"WebSite\",\"@id\":\"https:\/\/barmaniapro.com\/es\/#website\",\"url\":\"https:\/\/barmaniapro.com\/es\/\",\"name\":\"BarManiaPro\",\"description\":\"Manufacturer of Calisthenics equipment\",\"potentialAction\":[{\"@type\":\"SearchAction\",\"target\":{\"@type\":\"EntryPoint\",\"urlTemplate\":\"https:\/\/barmaniapro.com\/es\/?s={search_term_string}\"},\"query-input\":{\"@type\":\"PropertyValueSpecification\",\"valueRequired\":true,\"valueName\":\"search_term_string\"}}],\"inLanguage\":\"es\"}]}<\/script>\n<!-- \/ Yoast SEO plugin. -->","yoast_head_json":{"title":"Muro de escalada + red - BarManiaPro","robots":{"index":"index","follow":"follow","max-snippet":"max-snippet:-1","max-image-preview":"max-image-preview:large","max-video-preview":"max-video-preview:-1"},"canonical":"https:\/\/barmaniapro.com\/es\/producto\/muro-de-escalada-red\/","og_locale":"es_ES","og_type":"article","og_title":"Muro de escalada + red - BarManiaPro","og_description":"Eleva tu rutina de fitness y supera tus l\u00edmites con el muro de escalada + red de escalada barManiaPro, una estaci\u00f3n de entrenamiento innovadora y din\u00e1mica dise\u00f1ada para la fuerza, la agilidad y la resistencia. Esta vers\u00e1til pieza de equipo combina un muro de escalada duradero con una red de escalada desafiante, proporcionando a los atletas la oportunidad de desarrollar la fuerza de todo el cuerpo, mejorar las t\u00e9cnicas de escalada y poner a prueba sus l\u00edmites. Perfecto para parques al aire libre, pistas de obst\u00e1culos, gimnasios y espacios comunitarios, esta configuraci\u00f3n combinada ofrece una experiencia emocionante y atractiva para escaladores de todos los niveles.","og_url":"https:\/\/barmaniapro.com\/es\/producto\/muro-de-escalada-red\/","og_site_name":"BarManiaPro","article_publisher":"https:\/\/www.facebook.com\/BarManiaPro\/","og_image":[{"width":1770,"height":1770,"url":"https:\/\/barmaniapro.com\/wp-content\/uploads\/2023\/04\/BMP-61017_Climbing-wall-climbing-net-inclined_classic_1.png","type":"image\/png"}],"twitter_card":"summary_large_image","twitter_misc":{"Tiempo de lectura":"3 minuto"},"schema":{"@context":"https:\/\/schema.org","@graph":[{"@type":"WebPage","@id":"https:\/\/barmaniapro.com\/es\/producto\/muro-de-escalada-red\/","url":"https:\/\/barmaniapro.com\/es\/producto\/muro-de-escalada-red\/","name":"Muro de escalada + red - BarManiaPro","isPartOf":{"@id":"https:\/\/barmaniapro.com\/es\/#website"},"primaryImageOfPage":{"@id":"https:\/\/barmaniapro.com\/es\/producto\/muro-de-escalada-red\/#primaryimage"},"image":{"@id":"https:\/\/barmaniapro.com\/es\/producto\/muro-de-escalada-red\/#primaryimage"},"thumbnailUrl":"https:\/\/barmaniapro.com\/wp-content\/uploads\/2023\/04\/BMP-61017_Climbing-wall-climbing-net-inclined_classic_1.png","datePublished":"2023-04-17T07:04:05+00:00","breadcrumb":{"@id":"https:\/\/barmaniapro.com\/es\/producto\/muro-de-escalada-red\/#breadcrumb"},"inLanguage":"es","potentialAction":[{"@type":"ReadAction","target":["https:\/\/barmaniapro.com\/es\/producto\/muro-de-escalada-red\/"]}]},{"@type":"ImageObject","inLanguage":"es","@id":"https:\/\/barmaniapro.com\/es\/producto\/muro-de-escalada-red\/#primaryimage","url":"https:\/\/barmaniapro.com\/wp-content\/uploads\/2023\/04\/BMP-61017_Climbing-wall-climbing-net-inclined_classic_1.png","contentUrl":"https:\/\/barmaniapro.com\/wp-content\/uploads\/2023\/04\/BMP-61017_Climbing-wall-climbing-net-inclined_classic_1.png","width":1770,"height":1770},{"@type":"BreadcrumbList","@id":"https:\/\/barmaniapro.com\/es\/producto\/muro-de-escalada-red\/#breadcrumb","itemListElement":[{"@type":"ListItem","position":1,"name":"Tienda","item":"https:\/\/barmaniapro.com\/es\/tienda\/"},{"@type":"ListItem","position":2,"name":"Muro de escalada + red"}]},{"@type":"WebSite","@id":"https:\/\/barmaniapro.com\/es\/#website","url":"https:\/\/barmaniapro.com\/es\/","name":"BarManiaPro","description":"Manufacturer of Calisthenics equipment","potentialAction":[{"@type":"SearchAction","target":{"@type":"EntryPoint","urlTemplate":"https:\/\/barmaniapro.com\/es\/?s={search_term_string}"},"query-input":{"@type":"PropertyValueSpecification","valueRequired":true,"valueName":"search_term_string"}}],"inLanguage":"es"}]}},"_links":{"self":[{"href":"https:\/\/barmaniapro.com\/es\/wp-json\/wp\/v2\/product\/27013","targetHints":{"allow":["GET"]}}],"collection":[{"href":"https:\/\/barmaniapro.com\/es\/wp-json\/wp\/v2\/product"}],"about":[{"href":"https:\/\/barmaniapro.com\/es\/wp-json\/wp\/v2\/types\/product"}],"replies":[{"embeddable":true,"href":"https:\/\/barmaniapro.com\/es\/wp-json\/wp\/v2\/comments?post=27013"}],"wp:featuredmedia":[{"embeddable":true,"href":"https:\/\/barmaniapro.com\/es\/wp-json\/wp\/v2\/media\/12634"}],"wp:attachment":[{"href":"https:\/\/barmaniapro.com\/es\/wp-json\/wp\/v2\/media?parent=27013"}],"wp:term":[{"taxonomy":"product_brand","embeddable":true,"href":"https:\/\/barmaniapro.com\/es\/wp-json\/wp\/v2\/product_brand?post=27013"},{"taxonomy":"product_cat","embeddable":true,"href":"https:\/\/barmaniapro.com\/es\/wp-json\/wp\/v2\/product_cat?post=27013"},{"taxonomy":"product_tag","embeddable":true,"href":"https:\/\/barmaniapro.com\/es\/wp-json\/wp\/v2\/product_tag?post=27013"}],"curies":[{"name":"wp","href":"https:\/\/api.w.org\/{rel}","templated":true}]}}