{"id":27010,"date":"2023-01-24T10:15:27","date_gmt":"2023-01-24T09:15:27","guid":{"rendered":"https:\/\/barmaniapro.com\/product\/barra-de-flexiones-deluxe\/"},"modified":"2023-01-24T10:15:27","modified_gmt":"2023-01-24T09:15:27","slug":"barra-de-flexiones-deluxe","status":"publish","type":"product","link":"https:\/\/barmaniapro.com\/es\/producto\/barra-de-flexiones-deluxe\/","title":{"rendered":"Barra de flexiones Deluxe"},"content":{"rendered":"<p>La barra de flexiones Deluxe de BarManiaPro es imprescindible para cualquiera que se tome en serio llevar su entrenamiento de flexiones a nuevas cotas. Con opciones de agarre \u00fanicas, una durabilidad excelente y facilidad de uso, esta configuraci\u00f3n garantiza que sus entrenamientos de flexiones sigan siendo desafiantes y eficaces. Tanto si es principiante como atleta avanzado, esta configuraci\u00f3n le proporciona una herramienta de entrenamiento vers\u00e1til y fiable que le ayudar\u00e1 a desarrollar fuerza y m\u00fasculo con el tiempo.  <\/p>\n<ul>\n<li><strong>Barra transversal \u00fanica con m\u00faltiples opciones de agarre:<\/strong>\n<ul>\n<li>La barra transversal, especialmente dise\u00f1ada, ofrece varias posiciones de agarre, lo que le permite trabajar diferentes grupos musculares con facilidad.<\/li>\n<li>Los diferentes \u00e1ngulos (por ejemplo, ancho, estrecho, neutro) mejoran la variedad de sus ejercicios de flexiones, lo que le permite desarrollar fuerza en el pecho, los tr\u00edceps, los hombros y el core.<\/li>\n<\/ul>\n<\/li>\n<li><strong>Barras transversales de 33,7 mm de di\u00e1metro:<\/strong>\n<ul>\n<li>Proporciona un agarre c\u00f3modo y seguro durante su rutina de flexiones, lo que reduce la fatiga de las manos.<\/li>\n<li>El di\u00e1metro de 33,7 mm garantiza una sujeci\u00f3n ergon\u00f3mica y firme, lo que mejora el rendimiento y la estabilidad al realizar ejercicios con el peso corporal.<\/li>\n<\/ul>\n<\/li>\n<li><strong>Dos columnas robustas:<\/strong>\n<ul>\n<li>Construidas para ofrecer durabilidad y resistencia, las columnas ofrecen una estabilidad excelente durante el entrenamiento de flexiones intenso.<\/li>\n<li>Construida para soportar un uso repetido, lo que convierte a esta configuraci\u00f3n en un complemento fiable para su espacio de entrenamiento personal.<\/li>\n<\/ul>\n<\/li>\n<li><strong>Cuatro juegos de abrazaderas:<\/strong>\n<ul>\n<li>Mantiene todos los componentes bien sujetos para garantizar la estabilidad durante sus ejercicios.<\/li>\n<li>F\u00e1cil de montar y configurar, lo que le permite centrarse en su entrenamiento en lugar de preocuparse por la estabilidad del equipo.<\/li>\n<\/ul>\n<\/li>\n<li><strong>Dise\u00f1ada para uso privado:<\/strong>\n<ul>\n<li>Esta configuraci\u00f3n est\u00e1 dise\u00f1ada espec\u00edficamente para uso privado y no est\u00e1 disponible para espacios p\u00fablicos, lo que garantiza que tenga una experiencia de entrenamiento personalizada y a medida.<\/li>\n<li>Perfecta para gimnasios en casa o zonas de fitness privadas donde desee realizar variaciones de flexiones en la comodidad de su espacio.<\/li>\n<\/ul>\n<\/li>\n<li><strong>Construcci\u00f3n duradera y de alta calidad:<\/strong>\n<ul>\n<li>Construida con materiales de alta calidad para una durabilidad duradera, esta configuraci\u00f3n puede soportar incluso las sesiones de entrenamiento m\u00e1s intensas.<\/li>\n<li>El revestimiento resistente al \u00f3xido garantiza que el equipo sea adecuado para entornos interiores y mantendr\u00e1 su rendimiento con el tiempo.<\/li>\n<\/ul>\n<\/li>\n<li><strong>Herramienta de entrenamiento vers\u00e1til:<\/strong>\n<ul>\n<li>Ideal para variaciones avanzadas de flexiones, como flexiones de diamante, flexiones con agarre ancho, flexiones declinadas y mucho m\u00e1s.<\/li>\n<li>Un gran complemento para cualquier rutina de calistenia o entrenamiento con el peso corporal, centr\u00e1ndose en mejorar la fuerza y la estabilidad de la parte superior del cuerpo.<\/li>\n<\/ul>\n<\/li>\n<\/ul>\n","protected":false},"excerpt":{"rendered":"<p>Eleve su entrenamiento de flexiones con la barra de flexiones Deluxe de BarManiaPro\u00ae, una estaci\u00f3n de entrenamiento de calistenia especializada dise\u00f1ada para ofrecer un rendimiento y una versatilidad \u00f3ptimos. Con dos columnas robustas, una barra transversal \u00fanica con m\u00faltiples opciones de agarre en varios \u00e1ngulos y un di\u00e1metro de 33,7 mm, esta configuraci\u00f3n es perfecta para los atletas que desean llevar sus rutinas de flexiones al siguiente nivel. <\/p>\n<p>Dise\u00f1ada para uso privado, la <strong>barra de flexiones Deluxe<\/strong> proporciona un entorno de entrenamiento personalizable, c\u00f3modo y seguro para un entrenamiento de fuerza centrado.<\/p>\n<p><span style=\"color: #808080;\"><strong><em>* Este equipo no es para espacios p\u00fablicos<\/em><\/strong><\/span><\/p>\n","protected":false},"featured_media":12740,"comment_status":"open","ping_status":"closed","template":"","meta":{"_acf_changed":false,"inline_featured_image":false},"product_brand":[],"product_cat":[610],"product_tag":[611],"class_list":{"0":"post-27010","1":"product","2":"type-product","3":"status-publish","4":"has-post-thumbnail","6":"product_cat-calistenia-es","7":"product_tag-calistenia","9":"first","10":"instock","11":"taxable","12":"shipping-taxable","13":"product-type-simple"},"acf":[],"yoast_head":"<!-- This site is optimized with the Yoast SEO plugin v26.2 - https:\/\/yoast.com\/wordpress\/plugins\/seo\/ -->\n<title>Barra de flexiones Deluxe - BarManiaPro<\/title>\n<meta name=\"robots\" content=\"index, follow, max-snippet:-1, max-image-preview:large, max-video-preview:-1\" \/>\n<link rel=\"canonical\" href=\"https:\/\/barmaniapro.com\/es\/producto\/barra-de-flexiones-deluxe\/\" \/>\n<meta property=\"og:locale\" content=\"es_ES\" \/>\n<meta property=\"og:type\" content=\"article\" \/>\n<meta property=\"og:title\" content=\"Barra de flexiones Deluxe - BarManiaPro\" \/>\n<meta property=\"og:description\" content=\"Eleve su entrenamiento de flexiones con la barra de flexiones Deluxe de BarManiaPro\u00ae, una estaci\u00f3n de entrenamiento de calistenia especializada dise\u00f1ada para ofrecer un rendimiento y una versatilidad \u00f3ptimos. Con dos columnas robustas, una barra transversal \u00fanica con m\u00faltiples opciones de agarre en varios \u00e1ngulos y un di\u00e1metro de 33,7 mm, esta configuraci\u00f3n es perfecta para los atletas que desean llevar sus rutinas de flexiones al siguiente nivel.  Dise\u00f1ada para uso privado, la barra de flexiones Deluxe proporciona un entorno de entrenamiento personalizable, c\u00f3modo y seguro para un entrenamiento de fuerza centrado. * Este equipo no es para espacios p\u00fablicos\" \/>\n<meta property=\"og:url\" content=\"https:\/\/barmaniapro.com\/es\/producto\/barra-de-flexiones-deluxe\/\" \/>\n<meta property=\"og:site_name\" content=\"BarManiaPro\" \/>\n<meta property=\"article:publisher\" content=\"https:\/\/www.facebook.com\/BarManiaPro\/\" \/>\n<meta property=\"og:image\" content=\"https:\/\/barmaniapro.com\/wp-content\/uploads\/2023\/01\/BMP-51062_Push-up-bar-Deluxe_classic_1.png\" \/>\n\t<meta property=\"og:image:width\" content=\"1770\" \/>\n\t<meta property=\"og:image:height\" content=\"1770\" \/>\n\t<meta property=\"og:image:type\" content=\"image\/png\" \/>\n<meta name=\"twitter:card\" content=\"summary_large_image\" \/>\n<meta name=\"twitter:label1\" content=\"Tiempo de lectura\" \/>\n\t<meta name=\"twitter:data1\" content=\"2 minuto\" \/>\n<script type=\"application\/ld+json\" class=\"yoast-schema-graph\">{\"@context\":\"https:\/\/schema.org\",\"@graph\":[{\"@type\":\"WebPage\",\"@id\":\"https:\/\/barmaniapro.com\/es\/producto\/barra-de-flexiones-deluxe\/\",\"url\":\"https:\/\/barmaniapro.com\/es\/producto\/barra-de-flexiones-deluxe\/\",\"name\":\"Barra de flexiones Deluxe - BarManiaPro\",\"isPartOf\":{\"@id\":\"https:\/\/barmaniapro.com\/es\/#website\"},\"primaryImageOfPage\":{\"@id\":\"https:\/\/barmaniapro.com\/es\/producto\/barra-de-flexiones-deluxe\/#primaryimage\"},\"image\":{\"@id\":\"https:\/\/barmaniapro.com\/es\/producto\/barra-de-flexiones-deluxe\/#primaryimage\"},\"thumbnailUrl\":\"https:\/\/barmaniapro.com\/wp-content\/uploads\/2023\/01\/BMP-51062_Push-up-bar-Deluxe_classic_1.png\",\"datePublished\":\"2023-01-24T09:15:27+00:00\",\"breadcrumb\":{\"@id\":\"https:\/\/barmaniapro.com\/es\/producto\/barra-de-flexiones-deluxe\/#breadcrumb\"},\"inLanguage\":\"es\",\"potentialAction\":[{\"@type\":\"ReadAction\",\"target\":[\"https:\/\/barmaniapro.com\/es\/producto\/barra-de-flexiones-deluxe\/\"]}]},{\"@type\":\"ImageObject\",\"inLanguage\":\"es\",\"@id\":\"https:\/\/barmaniapro.com\/es\/producto\/barra-de-flexiones-deluxe\/#primaryimage\",\"url\":\"https:\/\/barmaniapro.com\/wp-content\/uploads\/2023\/01\/BMP-51062_Push-up-bar-Deluxe_classic_1.png\",\"contentUrl\":\"https:\/\/barmaniapro.com\/wp-content\/uploads\/2023\/01\/BMP-51062_Push-up-bar-Deluxe_classic_1.png\",\"width\":1770,\"height\":1770},{\"@type\":\"BreadcrumbList\",\"@id\":\"https:\/\/barmaniapro.com\/es\/producto\/barra-de-flexiones-deluxe\/#breadcrumb\",\"itemListElement\":[{\"@type\":\"ListItem\",\"position\":1,\"name\":\"Tienda\",\"item\":\"https:\/\/barmaniapro.com\/es\/tienda\/\"},{\"@type\":\"ListItem\",\"position\":2,\"name\":\"Barra de flexiones Deluxe\"}]},{\"@type\":\"WebSite\",\"@id\":\"https:\/\/barmaniapro.com\/es\/#website\",\"url\":\"https:\/\/barmaniapro.com\/es\/\",\"name\":\"BarManiaPro\",\"description\":\"Manufacturer of Calisthenics equipment\",\"potentialAction\":[{\"@type\":\"SearchAction\",\"target\":{\"@type\":\"EntryPoint\",\"urlTemplate\":\"https:\/\/barmaniapro.com\/es\/?s={search_term_string}\"},\"query-input\":{\"@type\":\"PropertyValueSpecification\",\"valueRequired\":true,\"valueName\":\"search_term_string\"}}],\"inLanguage\":\"es\"}]}<\/script>\n<!-- \/ Yoast SEO plugin. -->","yoast_head_json":{"title":"Barra de flexiones Deluxe - BarManiaPro","robots":{"index":"index","follow":"follow","max-snippet":"max-snippet:-1","max-image-preview":"max-image-preview:large","max-video-preview":"max-video-preview:-1"},"canonical":"https:\/\/barmaniapro.com\/es\/producto\/barra-de-flexiones-deluxe\/","og_locale":"es_ES","og_type":"article","og_title":"Barra de flexiones Deluxe - BarManiaPro","og_description":"Eleve su entrenamiento de flexiones con la barra de flexiones Deluxe de BarManiaPro\u00ae, una estaci\u00f3n de entrenamiento de calistenia especializada dise\u00f1ada para ofrecer un rendimiento y una versatilidad \u00f3ptimos. Con dos columnas robustas, una barra transversal \u00fanica con m\u00faltiples opciones de agarre en varios \u00e1ngulos y un di\u00e1metro de 33,7 mm, esta configuraci\u00f3n es perfecta para los atletas que desean llevar sus rutinas de flexiones al siguiente nivel.  Dise\u00f1ada para uso privado, la barra de flexiones Deluxe proporciona un entorno de entrenamiento personalizable, c\u00f3modo y seguro para un entrenamiento de fuerza centrado. * Este equipo no es para espacios p\u00fablicos","og_url":"https:\/\/barmaniapro.com\/es\/producto\/barra-de-flexiones-deluxe\/","og_site_name":"BarManiaPro","article_publisher":"https:\/\/www.facebook.com\/BarManiaPro\/","og_image":[{"width":1770,"height":1770,"url":"https:\/\/barmaniapro.com\/wp-content\/uploads\/2023\/01\/BMP-51062_Push-up-bar-Deluxe_classic_1.png","type":"image\/png"}],"twitter_card":"summary_large_image","twitter_misc":{"Tiempo de lectura":"2 minuto"},"schema":{"@context":"https:\/\/schema.org","@graph":[{"@type":"WebPage","@id":"https:\/\/barmaniapro.com\/es\/producto\/barra-de-flexiones-deluxe\/","url":"https:\/\/barmaniapro.com\/es\/producto\/barra-de-flexiones-deluxe\/","name":"Barra de flexiones Deluxe - BarManiaPro","isPartOf":{"@id":"https:\/\/barmaniapro.com\/es\/#website"},"primaryImageOfPage":{"@id":"https:\/\/barmaniapro.com\/es\/producto\/barra-de-flexiones-deluxe\/#primaryimage"},"image":{"@id":"https:\/\/barmaniapro.com\/es\/producto\/barra-de-flexiones-deluxe\/#primaryimage"},"thumbnailUrl":"https:\/\/barmaniapro.com\/wp-content\/uploads\/2023\/01\/BMP-51062_Push-up-bar-Deluxe_classic_1.png","datePublished":"2023-01-24T09:15:27+00:00","breadcrumb":{"@id":"https:\/\/barmaniapro.com\/es\/producto\/barra-de-flexiones-deluxe\/#breadcrumb"},"inLanguage":"es","potentialAction":[{"@type":"ReadAction","target":["https:\/\/barmaniapro.com\/es\/producto\/barra-de-flexiones-deluxe\/"]}]},{"@type":"ImageObject","inLanguage":"es","@id":"https:\/\/barmaniapro.com\/es\/producto\/barra-de-flexiones-deluxe\/#primaryimage","url":"https:\/\/barmaniapro.com\/wp-content\/uploads\/2023\/01\/BMP-51062_Push-up-bar-Deluxe_classic_1.png","contentUrl":"https:\/\/barmaniapro.com\/wp-content\/uploads\/2023\/01\/BMP-51062_Push-up-bar-Deluxe_classic_1.png","width":1770,"height":1770},{"@type":"BreadcrumbList","@id":"https:\/\/barmaniapro.com\/es\/producto\/barra-de-flexiones-deluxe\/#breadcrumb","itemListElement":[{"@type":"ListItem","position":1,"name":"Tienda","item":"https:\/\/barmaniapro.com\/es\/tienda\/"},{"@type":"ListItem","position":2,"name":"Barra de flexiones Deluxe"}]},{"@type":"WebSite","@id":"https:\/\/barmaniapro.com\/es\/#website","url":"https:\/\/barmaniapro.com\/es\/","name":"BarManiaPro","description":"Manufacturer of Calisthenics equipment","potentialAction":[{"@type":"SearchAction","target":{"@type":"EntryPoint","urlTemplate":"https:\/\/barmaniapro.com\/es\/?s={search_term_string}"},"query-input":{"@type":"PropertyValueSpecification","valueRequired":true,"valueName":"search_term_string"}}],"inLanguage":"es"}]}},"_links":{"self":[{"href":"https:\/\/barmaniapro.com\/es\/wp-json\/wp\/v2\/product\/27010","targetHints":{"allow":["GET"]}}],"collection":[{"href":"https:\/\/barmaniapro.com\/es\/wp-json\/wp\/v2\/product"}],"about":[{"href":"https:\/\/barmaniapro.com\/es\/wp-json\/wp\/v2\/types\/product"}],"replies":[{"embeddable":true,"href":"https:\/\/barmaniapro.com\/es\/wp-json\/wp\/v2\/comments?post=27010"}],"wp:featuredmedia":[{"embeddable":true,"href":"https:\/\/barmaniapro.com\/es\/wp-json\/wp\/v2\/media\/12740"}],"wp:attachment":[{"href":"https:\/\/barmaniapro.com\/es\/wp-json\/wp\/v2\/media?parent=27010"}],"wp:term":[{"taxonomy":"product_brand","embeddable":true,"href":"https:\/\/barmaniapro.com\/es\/wp-json\/wp\/v2\/product_brand?post=27010"},{"taxonomy":"product_cat","embeddable":true,"href":"https:\/\/barmaniapro.com\/es\/wp-json\/wp\/v2\/product_cat?post=27010"},{"taxonomy":"product_tag","embeddable":true,"href":"https:\/\/barmaniapro.com\/es\/wp-json\/wp\/v2\/product_tag?post=27010"}],"curies":[{"name":"wp","href":"https:\/\/api.w.org\/{rel}","templated":true}]}}