{"id":27002,"date":"2022-06-14T15:39:47","date_gmt":"2022-06-14T13:39:47","guid":{"rendered":"https:\/\/barmaniapro.com\/product\/barra-de-inmersion-compacta\/"},"modified":"2022-06-14T15:39:47","modified_gmt":"2022-06-14T13:39:47","slug":"barra-de-inmersion-compacta","status":"publish","type":"product","link":"https:\/\/barmaniapro.com\/es\/producto\/barra-de-inmersion-compacta\/","title":{"rendered":"Barra de inmersi\u00f3n compacta"},"content":{"rendered":"<p>La barra de inmersi\u00f3n compacta BarManiaPro est\u00e1 dise\u00f1ada para los atletas que desean un equipo vers\u00e1til y fiable de forma compacta. Tanto si realizas dominadas tradicionales, flexiones inclinadas u otros ejercicios con el peso del cuerpo, esta barra de dominadas te ofrece todo lo que necesitas para desarrollar fuerza, potencia y resistencia muscular. Su construcci\u00f3n robusta y su dise\u00f1o resistente a la intemperie la hacen ideal tanto para entrenamientos personales como profesionales.  <\/p>\n<ul>\n<li><strong>Secciones de barras de inmersi\u00f3n inclinadas y planas:<\/strong>\n<ul>\n<li>La <strong>secci\u00f3n inclinada<\/strong> es ideal para ejercicios dirigidos al pecho, los hombros y los tr\u00edceps, como flexiones inclinadas o fondos inclinados.<\/li>\n<li>La <strong>secci\u00f3n plana<\/strong> est\u00e1 dise\u00f1ada para los dips tradicionales, que se centran en los tr\u00edceps, los hombros y la parte superior del pecho para aumentar la fuerza y la definici\u00f3n muscular.<\/li>\n<li>La combinaci\u00f3n de ambas secciones proporciona variedad y aumenta la versatilidad de tu entrenamiento.<\/li>\n<\/ul>\n<\/li>\n<li><strong>Construcci\u00f3n de una sola columna:<\/strong>\n<ul>\n<li>Proporciona la m\u00e1xima estabilidad y apoyo, garantizando la seguridad incluso durante entrenamientos intensos.<\/li>\n<li>Su dise\u00f1o minimalista la hace ideal para espacios donde la eficiencia y la funcionalidad son clave.<\/li>\n<\/ul>\n<\/li>\n<li><strong>Barras paralelas de 48,3 mm de di\u00e1metro:<\/strong>\n<ul>\n<li>Optimizado para la comodidad y el agarre, el di\u00e1metro de 48,3 mm proporciona una sujeci\u00f3n segura durante las flexiones y los ejercicios inclinados.<\/li>\n<li>Adecuado para deportistas de todos los niveles, desde principiantes hasta practicantes avanzados.<\/li>\n<\/ul>\n<\/li>\n<li><strong>Dos juegos de abrazaderas:<\/strong>\n<ul>\n<li>Garantiza que todos los componentes est\u00e9n bien sujetos, aumentando la estabilidad y fiabilidad generales del montaje.<\/li>\n<li>Montaje sencillo para una configuraci\u00f3n r\u00e1pida, para que est\u00e9s listo para tu entrenamiento en un abrir y cerrar de ojos.<\/li>\n<\/ul>\n<\/li>\n<li><strong>Construcci\u00f3n duradera y resistente a la intemperie:<\/strong>\n<ul>\n<li>Fabricado con materiales de alta calidad para soportar intensas sesiones de calistenia.<\/li>\n<li>El acabado resistente al \u00f3xido hace que esta barra de inmersi\u00f3n sea ideal tanto para uso interior como exterior, garantizando un rendimiento duradero en todos los entornos.<\/li>\n<\/ul>\n<\/li>\n<li><strong>Dise\u00f1o compacto y eficiente:<\/strong>\n<ul>\n<li>Su estructura compacta permite aprovechar al m\u00e1ximo el espacio, al tiempo que ofrece toda la funcionalidad necesaria para un entrenamiento de cuerpo completo.<\/li>\n<li>Perfecto para gimnasios dom\u00e9sticos, parques de fitness o cualquier zona con espacio limitado pero con ganas de un entrenamiento calist\u00e9nico eficaz.<\/li>\n<\/ul>\n<\/li>\n<\/ul>\n","protected":false},"excerpt":{"rendered":"<p>La barra de inmersi\u00f3n compacta BarManiaPro\u00ae es una estaci\u00f3n de calistenia vers\u00e1til y que ocupa poco espacio, dise\u00f1ada para elevar tu entrenamiento con el peso corporal. Esta configuraci\u00f3n compacta pero potente cuenta con una columna, una barra de inmersi\u00f3n con una secci\u00f3n inclinada para ejercicios y una secci\u00f3n plana para inmersiones, que ofrece una experiencia de entrenamiento completa. <\/p>\n<p>Con un di\u00e1metro de 48,3 mm en las barras paralelas y dos juegos de abrazaderas que garantizan la estabilidad, esta barra de inmersi\u00f3n est\u00e1 fabricada para ofrecer durabilidad, seguridad y rendimiento.<\/p>\n","protected":false},"featured_media":12453,"comment_status":"open","ping_status":"closed","template":"","meta":{"_acf_changed":false,"inline_featured_image":false},"product_brand":[],"product_cat":[610],"product_tag":[611],"class_list":{"0":"post-27002","1":"product","2":"type-product","3":"status-publish","4":"has-post-thumbnail","6":"product_cat-calistenia-es","7":"product_tag-calistenia","9":"first","10":"instock","11":"taxable","12":"shipping-taxable","13":"product-type-simple"},"acf":[],"yoast_head":"<!-- This site is optimized with the Yoast SEO plugin v26.2 - https:\/\/yoast.com\/wordpress\/plugins\/seo\/ -->\n<title>Barra de inmersi\u00f3n compacta - BarManiaPro<\/title>\n<meta name=\"robots\" content=\"index, follow, max-snippet:-1, max-image-preview:large, max-video-preview:-1\" \/>\n<link rel=\"canonical\" href=\"https:\/\/barmaniapro.com\/es\/producto\/barra-de-inmersion-compacta\/\" \/>\n<meta property=\"og:locale\" content=\"es_ES\" \/>\n<meta property=\"og:type\" content=\"article\" \/>\n<meta property=\"og:title\" content=\"Barra de inmersi\u00f3n compacta - BarManiaPro\" \/>\n<meta property=\"og:description\" content=\"La barra de inmersi\u00f3n compacta BarManiaPro\u00ae es una estaci\u00f3n de calistenia vers\u00e1til y que ocupa poco espacio, dise\u00f1ada para elevar tu entrenamiento con el peso corporal. Esta configuraci\u00f3n compacta pero potente cuenta con una columna, una barra de inmersi\u00f3n con una secci\u00f3n inclinada para ejercicios y una secci\u00f3n plana para inmersiones, que ofrece una experiencia de entrenamiento completa.  Con un di\u00e1metro de 48,3 mm en las barras paralelas y dos juegos de abrazaderas que garantizan la estabilidad, esta barra de inmersi\u00f3n est\u00e1 fabricada para ofrecer durabilidad, seguridad y rendimiento.\" \/>\n<meta property=\"og:url\" content=\"https:\/\/barmaniapro.com\/es\/producto\/barra-de-inmersion-compacta\/\" \/>\n<meta property=\"og:site_name\" content=\"BarManiaPro\" \/>\n<meta property=\"article:publisher\" content=\"https:\/\/www.facebook.com\/BarManiaPro\/\" \/>\n<meta property=\"og:image\" content=\"https:\/\/barmaniapro.com\/wp-content\/uploads\/2022\/06\/BMP-51046_Compact-dipbar_classic_1.png\" \/>\n\t<meta property=\"og:image:width\" content=\"1770\" \/>\n\t<meta property=\"og:image:height\" content=\"1770\" \/>\n\t<meta property=\"og:image:type\" content=\"image\/png\" \/>\n<meta name=\"twitter:card\" content=\"summary_large_image\" \/>\n<meta name=\"twitter:label1\" content=\"Tiempo de lectura\" \/>\n\t<meta name=\"twitter:data1\" content=\"2 minuto\" \/>\n<script type=\"application\/ld+json\" class=\"yoast-schema-graph\">{\"@context\":\"https:\/\/schema.org\",\"@graph\":[{\"@type\":\"WebPage\",\"@id\":\"https:\/\/barmaniapro.com\/es\/producto\/barra-de-inmersion-compacta\/\",\"url\":\"https:\/\/barmaniapro.com\/es\/producto\/barra-de-inmersion-compacta\/\",\"name\":\"Barra de inmersi\u00f3n compacta - BarManiaPro\",\"isPartOf\":{\"@id\":\"https:\/\/barmaniapro.com\/es\/#website\"},\"primaryImageOfPage\":{\"@id\":\"https:\/\/barmaniapro.com\/es\/producto\/barra-de-inmersion-compacta\/#primaryimage\"},\"image\":{\"@id\":\"https:\/\/barmaniapro.com\/es\/producto\/barra-de-inmersion-compacta\/#primaryimage\"},\"thumbnailUrl\":\"https:\/\/barmaniapro.com\/wp-content\/uploads\/2022\/06\/BMP-51046_Compact-dipbar_classic_1.png\",\"datePublished\":\"2022-06-14T13:39:47+00:00\",\"breadcrumb\":{\"@id\":\"https:\/\/barmaniapro.com\/es\/producto\/barra-de-inmersion-compacta\/#breadcrumb\"},\"inLanguage\":\"es\",\"potentialAction\":[{\"@type\":\"ReadAction\",\"target\":[\"https:\/\/barmaniapro.com\/es\/producto\/barra-de-inmersion-compacta\/\"]}]},{\"@type\":\"ImageObject\",\"inLanguage\":\"es\",\"@id\":\"https:\/\/barmaniapro.com\/es\/producto\/barra-de-inmersion-compacta\/#primaryimage\",\"url\":\"https:\/\/barmaniapro.com\/wp-content\/uploads\/2022\/06\/BMP-51046_Compact-dipbar_classic_1.png\",\"contentUrl\":\"https:\/\/barmaniapro.com\/wp-content\/uploads\/2022\/06\/BMP-51046_Compact-dipbar_classic_1.png\",\"width\":1770,\"height\":1770},{\"@type\":\"BreadcrumbList\",\"@id\":\"https:\/\/barmaniapro.com\/es\/producto\/barra-de-inmersion-compacta\/#breadcrumb\",\"itemListElement\":[{\"@type\":\"ListItem\",\"position\":1,\"name\":\"Tienda\",\"item\":\"https:\/\/barmaniapro.com\/es\/tienda\/\"},{\"@type\":\"ListItem\",\"position\":2,\"name\":\"Barra de inmersi\u00f3n compacta\"}]},{\"@type\":\"WebSite\",\"@id\":\"https:\/\/barmaniapro.com\/es\/#website\",\"url\":\"https:\/\/barmaniapro.com\/es\/\",\"name\":\"BarManiaPro\",\"description\":\"Manufacturer of Calisthenics equipment\",\"potentialAction\":[{\"@type\":\"SearchAction\",\"target\":{\"@type\":\"EntryPoint\",\"urlTemplate\":\"https:\/\/barmaniapro.com\/es\/?s={search_term_string}\"},\"query-input\":{\"@type\":\"PropertyValueSpecification\",\"valueRequired\":true,\"valueName\":\"search_term_string\"}}],\"inLanguage\":\"es\"}]}<\/script>\n<!-- \/ Yoast SEO plugin. -->","yoast_head_json":{"title":"Barra de inmersi\u00f3n compacta - BarManiaPro","robots":{"index":"index","follow":"follow","max-snippet":"max-snippet:-1","max-image-preview":"max-image-preview:large","max-video-preview":"max-video-preview:-1"},"canonical":"https:\/\/barmaniapro.com\/es\/producto\/barra-de-inmersion-compacta\/","og_locale":"es_ES","og_type":"article","og_title":"Barra de inmersi\u00f3n compacta - BarManiaPro","og_description":"La barra de inmersi\u00f3n compacta BarManiaPro\u00ae es una estaci\u00f3n de calistenia vers\u00e1til y que ocupa poco espacio, dise\u00f1ada para elevar tu entrenamiento con el peso corporal. Esta configuraci\u00f3n compacta pero potente cuenta con una columna, una barra de inmersi\u00f3n con una secci\u00f3n inclinada para ejercicios y una secci\u00f3n plana para inmersiones, que ofrece una experiencia de entrenamiento completa.  Con un di\u00e1metro de 48,3 mm en las barras paralelas y dos juegos de abrazaderas que garantizan la estabilidad, esta barra de inmersi\u00f3n est\u00e1 fabricada para ofrecer durabilidad, seguridad y rendimiento.","og_url":"https:\/\/barmaniapro.com\/es\/producto\/barra-de-inmersion-compacta\/","og_site_name":"BarManiaPro","article_publisher":"https:\/\/www.facebook.com\/BarManiaPro\/","og_image":[{"width":1770,"height":1770,"url":"https:\/\/barmaniapro.com\/wp-content\/uploads\/2022\/06\/BMP-51046_Compact-dipbar_classic_1.png","type":"image\/png"}],"twitter_card":"summary_large_image","twitter_misc":{"Tiempo de lectura":"2 minuto"},"schema":{"@context":"https:\/\/schema.org","@graph":[{"@type":"WebPage","@id":"https:\/\/barmaniapro.com\/es\/producto\/barra-de-inmersion-compacta\/","url":"https:\/\/barmaniapro.com\/es\/producto\/barra-de-inmersion-compacta\/","name":"Barra de inmersi\u00f3n compacta - BarManiaPro","isPartOf":{"@id":"https:\/\/barmaniapro.com\/es\/#website"},"primaryImageOfPage":{"@id":"https:\/\/barmaniapro.com\/es\/producto\/barra-de-inmersion-compacta\/#primaryimage"},"image":{"@id":"https:\/\/barmaniapro.com\/es\/producto\/barra-de-inmersion-compacta\/#primaryimage"},"thumbnailUrl":"https:\/\/barmaniapro.com\/wp-content\/uploads\/2022\/06\/BMP-51046_Compact-dipbar_classic_1.png","datePublished":"2022-06-14T13:39:47+00:00","breadcrumb":{"@id":"https:\/\/barmaniapro.com\/es\/producto\/barra-de-inmersion-compacta\/#breadcrumb"},"inLanguage":"es","potentialAction":[{"@type":"ReadAction","target":["https:\/\/barmaniapro.com\/es\/producto\/barra-de-inmersion-compacta\/"]}]},{"@type":"ImageObject","inLanguage":"es","@id":"https:\/\/barmaniapro.com\/es\/producto\/barra-de-inmersion-compacta\/#primaryimage","url":"https:\/\/barmaniapro.com\/wp-content\/uploads\/2022\/06\/BMP-51046_Compact-dipbar_classic_1.png","contentUrl":"https:\/\/barmaniapro.com\/wp-content\/uploads\/2022\/06\/BMP-51046_Compact-dipbar_classic_1.png","width":1770,"height":1770},{"@type":"BreadcrumbList","@id":"https:\/\/barmaniapro.com\/es\/producto\/barra-de-inmersion-compacta\/#breadcrumb","itemListElement":[{"@type":"ListItem","position":1,"name":"Tienda","item":"https:\/\/barmaniapro.com\/es\/tienda\/"},{"@type":"ListItem","position":2,"name":"Barra de inmersi\u00f3n compacta"}]},{"@type":"WebSite","@id":"https:\/\/barmaniapro.com\/es\/#website","url":"https:\/\/barmaniapro.com\/es\/","name":"BarManiaPro","description":"Manufacturer of Calisthenics equipment","potentialAction":[{"@type":"SearchAction","target":{"@type":"EntryPoint","urlTemplate":"https:\/\/barmaniapro.com\/es\/?s={search_term_string}"},"query-input":{"@type":"PropertyValueSpecification","valueRequired":true,"valueName":"search_term_string"}}],"inLanguage":"es"}]}},"_links":{"self":[{"href":"https:\/\/barmaniapro.com\/es\/wp-json\/wp\/v2\/product\/27002","targetHints":{"allow":["GET"]}}],"collection":[{"href":"https:\/\/barmaniapro.com\/es\/wp-json\/wp\/v2\/product"}],"about":[{"href":"https:\/\/barmaniapro.com\/es\/wp-json\/wp\/v2\/types\/product"}],"replies":[{"embeddable":true,"href":"https:\/\/barmaniapro.com\/es\/wp-json\/wp\/v2\/comments?post=27002"}],"wp:featuredmedia":[{"embeddable":true,"href":"https:\/\/barmaniapro.com\/es\/wp-json\/wp\/v2\/media\/12453"}],"wp:attachment":[{"href":"https:\/\/barmaniapro.com\/es\/wp-json\/wp\/v2\/media?parent=27002"}],"wp:term":[{"taxonomy":"product_brand","embeddable":true,"href":"https:\/\/barmaniapro.com\/es\/wp-json\/wp\/v2\/product_brand?post=27002"},{"taxonomy":"product_cat","embeddable":true,"href":"https:\/\/barmaniapro.com\/es\/wp-json\/wp\/v2\/product_cat?post=27002"},{"taxonomy":"product_tag","embeddable":true,"href":"https:\/\/barmaniapro.com\/es\/wp-json\/wp\/v2\/product_tag?post=27002"}],"curies":[{"name":"wp","href":"https:\/\/api.w.org\/{rel}","templated":true}]}}