{"id":26997,"date":"2022-06-14T15:25:10","date_gmt":"2022-06-14T13:25:10","guid":{"rendered":"https:\/\/barmaniapro.com\/product\/cubo-de-entrenamiento-pro\/"},"modified":"2026-03-18T08:38:22","modified_gmt":"2026-03-18T07:38:22","slug":"cubo-de-entrenamiento-pro","status":"publish","type":"product","link":"https:\/\/barmaniapro.com\/es\/producto\/cubo-de-entrenamiento-pro\/","title":{"rendered":"Cubo de entrenamiento PRO"},"content":{"rendered":"<p>El BarManiaPro Workout Cube PRO es la estaci\u00f3n definitiva para los deportistas que desean lo mejor del entrenamiento calist\u00e9nico. Con su combinaci\u00f3n de barras de dominadas, un banco inclinado para abdominales, una pared sueca y una barra serpiente, esta configuraci\u00f3n ofrece todo lo que necesitas para un entrenamiento de cuerpo completo. <\/p>\n<p>Tanto si te centras en desarrollar fuerza, mejorar la flexibilidad o explorar t\u00e9cnicas avanzadas de estilo libre, esta estaci\u00f3n proporciona la versatilidad y durabilidad necesarias para destacar. Perfecto tanto para gimnasios profesionales como para instalaciones dom\u00e9sticas, el BarManiaPro Workout Cube PRO llevar\u00e1 tu entrenamiento a nuevas cotas. <\/p>\n<ul>\n<li><strong>Cuatro barras transversales (1450 mm):<\/strong>\n<ul>\n<li>Dise\u00f1ado para pull-ups, chin-ups, muscle-ups y otros ejercicios con el peso del cuerpo.<\/li>\n<li>Las barras transversales de 33,7 mm de di\u00e1metro ofrecen un agarre c\u00f3modo y ergon\u00f3mico que minimiza la fatiga de la mano durante sesiones prolongadas.<\/li>\n<li>Los m\u00faltiples travesa\u00f1os permiten diferentes variaciones de agarre y la flexibilidad necesaria para realizar diversos ejercicios.<\/li>\n<\/ul>\n<\/li>\n<li><strong>Banco de abdominales inclinado:<\/strong>\n<ul>\n<li>Perfecta para fortalecer el tronco con ejercicios como abdominales, elevaciones de piernas y sentadillas.<\/li>\n<li>La posici\u00f3n inclinada a\u00f1ade un reto adicional a tus ejercicios abdominales, ayud\u00e1ndote a trabajar y tonificar el tronco con mayor eficacia.<\/li>\n<\/ul>\n<\/li>\n<li><strong>Muro sueco:<\/strong>\n<ul>\n<li>Ideal para ejercicios de flexibilidad, estiramiento y movilidad.<\/li>\n<li>Proporciona apoyo para movimientos de escalada, presas est\u00e1ticas y ejercicios con bandas de resistencia para mejorar la fuerza funcional general y la amplitud de movimiento.<\/li>\n<\/ul>\n<\/li>\n<li><strong>Barra de serpiente:<\/strong>\n<ul>\n<li>Una barra \u00fanica y din\u00e1mica dise\u00f1ada para la calistenia avanzada de estilo libre.<\/li>\n<li>Perfecta para movimientos creativos y din\u00e1micos como columpios, volteretas y otras t\u00e9cnicas avanzadas que implican a todo el cuerpo.<\/li>\n<\/ul>\n<\/li>\n<li><strong>Doce columnas robustas:<\/strong>\n<ul>\n<li>Proporciona una base s\u00f3lida para la configuraci\u00f3n, garantizando la m\u00e1xima estabilidad y apoyo durante los entrenamientos intensos y din\u00e1micos.<\/li>\n<li>El n\u00famero a\u00f1adido de columnas garantiza que el montaje pueda soportar movimientos de alto impacto y un uso intensivo.<\/li>\n<\/ul>\n<\/li>\n<li><strong>26 juegos de pinzas:<\/strong>\n<ul>\n<li>Garantiza que todos los componentes est\u00e9n bien sujetos, lo que aumenta la seguridad y fiabilidad generales del equipo.<\/li>\n<li>Montaje sencillo y r\u00e1pido, para que la instalaci\u00f3n sea f\u00e1cil y sin complicaciones.<\/li>\n<\/ul>\n<\/li>\n<li><strong>Construcci\u00f3n duradera y resistente a la intemperie:<\/strong>\n<ul>\n<li>Construido con materiales de alta calidad para soportar las exigencias de un entrenamiento intenso.<\/li>\n<li>El acabado resistente al \u00f3xido lo hace ideal tanto para uso en interiores como en exteriores, garantizando un rendimiento duradero en todas las condiciones.<\/li>\n<\/ul>\n<\/li>\n<li><strong>Soluci\u00f3n de entrenamiento integral:<\/strong>\n<ul>\n<li>Combina m\u00faltiples elementos de entrenamiento funcional en una sola configuraci\u00f3n, lo que la hace perfecta para trabajar diversos grupos musculares y objetivos de fitness.<\/li>\n<li>Ideal para fuerza, resistencia, flexibilidad, movilidad y rutinas creativas de calistenia de estilo libre.<\/li>\n<\/ul>\n<\/li>\n<\/ul>\n","protected":false},"excerpt":{"rendered":"<p>Lleva tu entrenamiento calist\u00e9nico al siguiente nivel con el Cubo de entrenamiento BarManiaPro\u00ae PRO NUEVO. Esta potente estaci\u00f3n de entrenamiento todo en uno est\u00e1 dise\u00f1ada para atletas que exigen versatilidad, durabilidad y opciones de entrenamiento completas. <\/p>\n<p>Con barras paralelas, cuatro barras transversales para tracciones y flexiones, un banco inclinado para abdominales, una pared sueca y una barra serpiente din\u00e1mica, esta configuraci\u00f3n proporciona la experiencia de entrenamiento definitiva. La instalaci\u00f3n admite una amplia gama de ejercicios, desde el entrenamiento de fuerza y resistencia hasta el de movilidad y flexibilidad. <\/p>\n","protected":false},"featured_media":27741,"comment_status":"open","ping_status":"closed","template":"","meta":{"_acf_changed":false,"inline_featured_image":false},"product_brand":[],"product_cat":[978],"product_tag":[611],"class_list":{"0":"post-26997","1":"product","2":"type-product","3":"status-publish","4":"has-post-thumbnail","6":"product_cat-calistenia","7":"product_tag-calistenia","9":"first","10":"instock","11":"taxable","12":"shipping-taxable","13":"product-type-simple"},"acf":[],"yoast_head":"<!-- This site is optimized with the Yoast SEO plugin v26.2 - https:\/\/yoast.com\/wordpress\/plugins\/seo\/ -->\n<title>Cubo de entrenamiento PRO - BarManiaPro<\/title>\n<meta name=\"robots\" content=\"index, follow, max-snippet:-1, max-image-preview:large, max-video-preview:-1\" \/>\n<link rel=\"canonical\" href=\"https:\/\/barmaniapro.com\/es\/producto\/cubo-de-entrenamiento-pro\/\" \/>\n<meta property=\"og:locale\" content=\"es_ES\" \/>\n<meta property=\"og:type\" content=\"article\" \/>\n<meta property=\"og:title\" content=\"Cubo de entrenamiento PRO - BarManiaPro\" \/>\n<meta property=\"og:description\" content=\"Lleva tu entrenamiento calist\u00e9nico al siguiente nivel con el Cubo de entrenamiento BarManiaPro\u00ae PRO NUEVO. Esta potente estaci\u00f3n de entrenamiento todo en uno est\u00e1 dise\u00f1ada para atletas que exigen versatilidad, durabilidad y opciones de entrenamiento completas.  Con barras paralelas, cuatro barras transversales para tracciones y flexiones, un banco inclinado para abdominales, una pared sueca y una barra serpiente din\u00e1mica, esta configuraci\u00f3n proporciona la experiencia de entrenamiento definitiva. La instalaci\u00f3n admite una amplia gama de ejercicios, desde el entrenamiento de fuerza y resistencia hasta el de movilidad y flexibilidad.\" \/>\n<meta property=\"og:url\" content=\"https:\/\/barmaniapro.com\/es\/producto\/cubo-de-entrenamiento-pro\/\" \/>\n<meta property=\"og:site_name\" content=\"BarManiaPro\" \/>\n<meta property=\"article:publisher\" content=\"https:\/\/www.facebook.com\/BarManiaPro\/\" \/>\n<meta property=\"article:modified_time\" content=\"2026-03-18T07:38:22+00:00\" \/>\n<meta property=\"og:image\" content=\"https:\/\/barmaniapro.com\/wp-content\/uploads\/2022\/06\/BMP-51027_Workout-Cube-Pro_Classic1.png\" \/>\n\t<meta property=\"og:image:width\" content=\"1726\" \/>\n\t<meta property=\"og:image:height\" content=\"1726\" \/>\n\t<meta property=\"og:image:type\" content=\"image\/png\" \/>\n<meta name=\"twitter:card\" content=\"summary_large_image\" \/>\n<meta name=\"twitter:label1\" content=\"Tiempo de lectura\" \/>\n\t<meta name=\"twitter:data1\" content=\"2 minuto\" \/>\n<script type=\"application\/ld+json\" class=\"yoast-schema-graph\">{\"@context\":\"https:\/\/schema.org\",\"@graph\":[{\"@type\":\"WebPage\",\"@id\":\"https:\/\/barmaniapro.com\/es\/producto\/cubo-de-entrenamiento-pro\/\",\"url\":\"https:\/\/barmaniapro.com\/es\/producto\/cubo-de-entrenamiento-pro\/\",\"name\":\"Cubo de entrenamiento PRO - BarManiaPro\",\"isPartOf\":{\"@id\":\"https:\/\/barmaniapro.com\/es\/#website\"},\"primaryImageOfPage\":{\"@id\":\"https:\/\/barmaniapro.com\/es\/producto\/cubo-de-entrenamiento-pro\/#primaryimage\"},\"image\":{\"@id\":\"https:\/\/barmaniapro.com\/es\/producto\/cubo-de-entrenamiento-pro\/#primaryimage\"},\"thumbnailUrl\":\"https:\/\/barmaniapro.com\/wp-content\/uploads\/2022\/06\/BMP-51027_Workout-Cube-Pro_Classic1.png\",\"datePublished\":\"2022-06-14T13:25:10+00:00\",\"dateModified\":\"2026-03-18T07:38:22+00:00\",\"breadcrumb\":{\"@id\":\"https:\/\/barmaniapro.com\/es\/producto\/cubo-de-entrenamiento-pro\/#breadcrumb\"},\"inLanguage\":\"es\",\"potentialAction\":[{\"@type\":\"ReadAction\",\"target\":[\"https:\/\/barmaniapro.com\/es\/producto\/cubo-de-entrenamiento-pro\/\"]}]},{\"@type\":\"ImageObject\",\"inLanguage\":\"es\",\"@id\":\"https:\/\/barmaniapro.com\/es\/producto\/cubo-de-entrenamiento-pro\/#primaryimage\",\"url\":\"https:\/\/barmaniapro.com\/wp-content\/uploads\/2022\/06\/BMP-51027_Workout-Cube-Pro_Classic1.png\",\"contentUrl\":\"https:\/\/barmaniapro.com\/wp-content\/uploads\/2022\/06\/BMP-51027_Workout-Cube-Pro_Classic1.png\",\"width\":1726,\"height\":1726},{\"@type\":\"BreadcrumbList\",\"@id\":\"https:\/\/barmaniapro.com\/es\/producto\/cubo-de-entrenamiento-pro\/#breadcrumb\",\"itemListElement\":[{\"@type\":\"ListItem\",\"position\":1,\"name\":\"Tienda\",\"item\":\"https:\/\/barmaniapro.com\/es\/tienda\/\"},{\"@type\":\"ListItem\",\"position\":2,\"name\":\"Cubo de entrenamiento PRO\"}]},{\"@type\":\"WebSite\",\"@id\":\"https:\/\/barmaniapro.com\/es\/#website\",\"url\":\"https:\/\/barmaniapro.com\/es\/\",\"name\":\"BarManiaPro\",\"description\":\"Manufacturer of Calisthenics equipment\",\"potentialAction\":[{\"@type\":\"SearchAction\",\"target\":{\"@type\":\"EntryPoint\",\"urlTemplate\":\"https:\/\/barmaniapro.com\/es\/?s={search_term_string}\"},\"query-input\":{\"@type\":\"PropertyValueSpecification\",\"valueRequired\":true,\"valueName\":\"search_term_string\"}}],\"inLanguage\":\"es\"}]}<\/script>\n<!-- \/ Yoast SEO plugin. -->","yoast_head_json":{"title":"Cubo de entrenamiento PRO - BarManiaPro","robots":{"index":"index","follow":"follow","max-snippet":"max-snippet:-1","max-image-preview":"max-image-preview:large","max-video-preview":"max-video-preview:-1"},"canonical":"https:\/\/barmaniapro.com\/es\/producto\/cubo-de-entrenamiento-pro\/","og_locale":"es_ES","og_type":"article","og_title":"Cubo de entrenamiento PRO - BarManiaPro","og_description":"Lleva tu entrenamiento calist\u00e9nico al siguiente nivel con el Cubo de entrenamiento BarManiaPro\u00ae PRO NUEVO. Esta potente estaci\u00f3n de entrenamiento todo en uno est\u00e1 dise\u00f1ada para atletas que exigen versatilidad, durabilidad y opciones de entrenamiento completas.  Con barras paralelas, cuatro barras transversales para tracciones y flexiones, un banco inclinado para abdominales, una pared sueca y una barra serpiente din\u00e1mica, esta configuraci\u00f3n proporciona la experiencia de entrenamiento definitiva. La instalaci\u00f3n admite una amplia gama de ejercicios, desde el entrenamiento de fuerza y resistencia hasta el de movilidad y flexibilidad.","og_url":"https:\/\/barmaniapro.com\/es\/producto\/cubo-de-entrenamiento-pro\/","og_site_name":"BarManiaPro","article_publisher":"https:\/\/www.facebook.com\/BarManiaPro\/","article_modified_time":"2026-03-18T07:38:22+00:00","og_image":[{"width":1726,"height":1726,"url":"https:\/\/barmaniapro.com\/wp-content\/uploads\/2022\/06\/BMP-51027_Workout-Cube-Pro_Classic1.png","type":"image\/png"}],"twitter_card":"summary_large_image","twitter_misc":{"Tiempo de lectura":"2 minuto"},"schema":{"@context":"https:\/\/schema.org","@graph":[{"@type":"WebPage","@id":"https:\/\/barmaniapro.com\/es\/producto\/cubo-de-entrenamiento-pro\/","url":"https:\/\/barmaniapro.com\/es\/producto\/cubo-de-entrenamiento-pro\/","name":"Cubo de entrenamiento PRO - BarManiaPro","isPartOf":{"@id":"https:\/\/barmaniapro.com\/es\/#website"},"primaryImageOfPage":{"@id":"https:\/\/barmaniapro.com\/es\/producto\/cubo-de-entrenamiento-pro\/#primaryimage"},"image":{"@id":"https:\/\/barmaniapro.com\/es\/producto\/cubo-de-entrenamiento-pro\/#primaryimage"},"thumbnailUrl":"https:\/\/barmaniapro.com\/wp-content\/uploads\/2022\/06\/BMP-51027_Workout-Cube-Pro_Classic1.png","datePublished":"2022-06-14T13:25:10+00:00","dateModified":"2026-03-18T07:38:22+00:00","breadcrumb":{"@id":"https:\/\/barmaniapro.com\/es\/producto\/cubo-de-entrenamiento-pro\/#breadcrumb"},"inLanguage":"es","potentialAction":[{"@type":"ReadAction","target":["https:\/\/barmaniapro.com\/es\/producto\/cubo-de-entrenamiento-pro\/"]}]},{"@type":"ImageObject","inLanguage":"es","@id":"https:\/\/barmaniapro.com\/es\/producto\/cubo-de-entrenamiento-pro\/#primaryimage","url":"https:\/\/barmaniapro.com\/wp-content\/uploads\/2022\/06\/BMP-51027_Workout-Cube-Pro_Classic1.png","contentUrl":"https:\/\/barmaniapro.com\/wp-content\/uploads\/2022\/06\/BMP-51027_Workout-Cube-Pro_Classic1.png","width":1726,"height":1726},{"@type":"BreadcrumbList","@id":"https:\/\/barmaniapro.com\/es\/producto\/cubo-de-entrenamiento-pro\/#breadcrumb","itemListElement":[{"@type":"ListItem","position":1,"name":"Tienda","item":"https:\/\/barmaniapro.com\/es\/tienda\/"},{"@type":"ListItem","position":2,"name":"Cubo de entrenamiento PRO"}]},{"@type":"WebSite","@id":"https:\/\/barmaniapro.com\/es\/#website","url":"https:\/\/barmaniapro.com\/es\/","name":"BarManiaPro","description":"Manufacturer of Calisthenics equipment","potentialAction":[{"@type":"SearchAction","target":{"@type":"EntryPoint","urlTemplate":"https:\/\/barmaniapro.com\/es\/?s={search_term_string}"},"query-input":{"@type":"PropertyValueSpecification","valueRequired":true,"valueName":"search_term_string"}}],"inLanguage":"es"}]}},"_links":{"self":[{"href":"https:\/\/barmaniapro.com\/es\/wp-json\/wp\/v2\/product\/26997","targetHints":{"allow":["GET"]}}],"collection":[{"href":"https:\/\/barmaniapro.com\/es\/wp-json\/wp\/v2\/product"}],"about":[{"href":"https:\/\/barmaniapro.com\/es\/wp-json\/wp\/v2\/types\/product"}],"replies":[{"embeddable":true,"href":"https:\/\/barmaniapro.com\/es\/wp-json\/wp\/v2\/comments?post=26997"}],"wp:featuredmedia":[{"embeddable":true,"href":"https:\/\/barmaniapro.com\/es\/wp-json\/wp\/v2\/media\/27741"}],"wp:attachment":[{"href":"https:\/\/barmaniapro.com\/es\/wp-json\/wp\/v2\/media?parent=26997"}],"wp:term":[{"taxonomy":"product_brand","embeddable":true,"href":"https:\/\/barmaniapro.com\/es\/wp-json\/wp\/v2\/product_brand?post=26997"},{"taxonomy":"product_cat","embeddable":true,"href":"https:\/\/barmaniapro.com\/es\/wp-json\/wp\/v2\/product_cat?post=26997"},{"taxonomy":"product_tag","embeddable":true,"href":"https:\/\/barmaniapro.com\/es\/wp-json\/wp\/v2\/product_tag?post=26997"}],"curies":[{"name":"wp","href":"https:\/\/api.w.org\/{rel}","templated":true}]}}