{"id":26996,"date":"2022-06-14T15:39:18","date_gmt":"2022-06-14T13:39:18","guid":{"rendered":"https:\/\/barmaniapro.com\/product\/barra-paralela-doble-premium\/"},"modified":"2022-06-14T15:39:18","modified_gmt":"2022-06-14T13:39:18","slug":"barra-paralela-doble-premium","status":"publish","type":"product","link":"https:\/\/barmaniapro.com\/es\/producto\/barra-paralela-doble-premium\/","title":{"rendered":"Barra paralela doble premium"},"content":{"rendered":"<p>Las Barras Paralelas Dobles Premium BarManiaPro\u00ae est\u00e1n dise\u00f1adas para ofrecer una funcionalidad y durabilidad superiores para el entrenamiento de fuerza de todo el cuerpo.<\/p>\n<p>Con su dise\u00f1o de doble barra, base reforzada y materiales de calidad profesional, ofrece una plataforma fiable e inclusiva para los entusiastas de la calistenia.<\/p>\n<ul>\n<li><strong>Configuraci\u00f3n de barras paralelas dobles:<\/strong>\n<ul>\n<li>Dos juegos de barras paralelas con un di\u00e1metro de 48,3 mm, que ofrecen un agarre c\u00f3modo para ejercicios como fondos, flexiones, sentadillas en L y mucho m\u00e1s.<\/li>\n<li>Proporciona un amplio espacio para m\u00faltiples usuarios, fomentando la participaci\u00f3n de la comunidad y la eficacia de los entrenamientos.<\/li>\n<\/ul>\n<\/li>\n<li><strong>Estructura inferior reforzada:<\/strong>\n<ul>\n<li>Una base m\u00e1s gruesa y robusta garantiza la m\u00e1xima estabilidad y seguridad, incluso durante sesiones de entrenamiento de alta intensidad.<\/li>\n<li>Dise\u00f1ado para soportar un uso intensivo en gimnasios p\u00fablicos.<\/li>\n<\/ul>\n<\/li>\n<li><strong>Construcci\u00f3n duradera y resistente a la intemperie:<\/strong>\n<ul>\n<li>Materiales de alta calidad con un revestimiento resistente a la oxidaci\u00f3n, que garantiza un rendimiento duradero en entornos exteriores.<\/li>\n<li>Construido para soportar condiciones meteorol\u00f3gicas variables y un uso p\u00fablico frecuente.<\/li>\n<\/ul>\n<\/li>\n<li><strong>Optimizado para Espacios P\u00fablicos:<\/strong>\n<ul>\n<li>Perfecto para parques de fitness, escuelas y zonas recreativas, ya que se adapta a usuarios de todos los niveles de habilidad.<\/li>\n<li>Un complemento vers\u00e1til para cualquier instalaci\u00f3n de fitness al aire libre, que mejora la variedad y accesibilidad del entrenamiento.<\/li>\n<\/ul>\n<\/li>\n<\/ul>\n","protected":false},"excerpt":{"rendered":"<p>Las Barras Paralelas Dobles Premium BarManiaPro\u00ae son una estaci\u00f3n de calistenia de primer nivel construida para la fuerza, el equilibrio y el acondicionamiento f\u00edsico funcional.<\/p>\n<p>Dise\u00f1ado con dos juegos de barras paralelas y una estructura inferior reforzada, este equipo proporciona una estabilidad y versatilidad inigualables, lo que lo hace perfecto para espacios p\u00fablicos como parques, gimnasios y \u00e1reas de acondicionamiento f\u00edsico comunitario.<\/p>\n","protected":false},"featured_media":12333,"comment_status":"open","ping_status":"closed","template":"","meta":{"_acf_changed":false,"inline_featured_image":false},"product_brand":[],"product_cat":[610],"product_tag":[611],"class_list":{"0":"post-26996","1":"product","2":"type-product","3":"status-publish","4":"has-post-thumbnail","6":"product_cat-calistenia-es","7":"product_tag-calistenia","9":"first","10":"instock","11":"taxable","12":"shipping-taxable","13":"product-type-simple"},"acf":[],"yoast_head":"<!-- This site is optimized with the Yoast SEO plugin v26.2 - https:\/\/yoast.com\/wordpress\/plugins\/seo\/ -->\n<title>Barra paralela doble premium - BarManiaPro<\/title>\n<meta name=\"robots\" content=\"index, follow, max-snippet:-1, max-image-preview:large, max-video-preview:-1\" \/>\n<link rel=\"canonical\" href=\"https:\/\/barmaniapro.com\/es\/producto\/barra-paralela-doble-premium\/\" \/>\n<meta property=\"og:locale\" content=\"es_ES\" \/>\n<meta property=\"og:type\" content=\"article\" \/>\n<meta property=\"og:title\" content=\"Barra paralela doble premium - BarManiaPro\" \/>\n<meta property=\"og:description\" content=\"Las Barras Paralelas Dobles Premium BarManiaPro\u00ae son una estaci\u00f3n de calistenia de primer nivel construida para la fuerza, el equilibrio y el acondicionamiento f\u00edsico funcional. Dise\u00f1ado con dos juegos de barras paralelas y una estructura inferior reforzada, este equipo proporciona una estabilidad y versatilidad inigualables, lo que lo hace perfecto para espacios p\u00fablicos como parques, gimnasios y \u00e1reas de acondicionamiento f\u00edsico comunitario.\" \/>\n<meta property=\"og:url\" content=\"https:\/\/barmaniapro.com\/es\/producto\/barra-paralela-doble-premium\/\" \/>\n<meta property=\"og:site_name\" content=\"BarManiaPro\" \/>\n<meta property=\"article:publisher\" content=\"https:\/\/www.facebook.com\/BarManiaPro\/\" \/>\n<meta property=\"og:image\" content=\"https:\/\/barmaniapro.com\/wp-content\/uploads\/2022\/06\/BMP-51029_Double-Parrallel-bars-Premium_classic_1-min.png\" \/>\n\t<meta property=\"og:image:width\" content=\"1770\" \/>\n\t<meta property=\"og:image:height\" content=\"1770\" \/>\n\t<meta property=\"og:image:type\" content=\"image\/png\" \/>\n<meta name=\"twitter:card\" content=\"summary_large_image\" \/>\n<meta name=\"twitter:label1\" content=\"Tiempo de lectura\" \/>\n\t<meta name=\"twitter:data1\" content=\"1 minuto\" \/>\n<script type=\"application\/ld+json\" class=\"yoast-schema-graph\">{\"@context\":\"https:\/\/schema.org\",\"@graph\":[{\"@type\":\"WebPage\",\"@id\":\"https:\/\/barmaniapro.com\/es\/producto\/barra-paralela-doble-premium\/\",\"url\":\"https:\/\/barmaniapro.com\/es\/producto\/barra-paralela-doble-premium\/\",\"name\":\"Barra paralela doble premium - BarManiaPro\",\"isPartOf\":{\"@id\":\"https:\/\/barmaniapro.com\/es\/#website\"},\"primaryImageOfPage\":{\"@id\":\"https:\/\/barmaniapro.com\/es\/producto\/barra-paralela-doble-premium\/#primaryimage\"},\"image\":{\"@id\":\"https:\/\/barmaniapro.com\/es\/producto\/barra-paralela-doble-premium\/#primaryimage\"},\"thumbnailUrl\":\"https:\/\/barmaniapro.com\/wp-content\/uploads\/2022\/06\/BMP-51029_Double-Parrallel-bars-Premium_classic_1-min.png\",\"datePublished\":\"2022-06-14T13:39:18+00:00\",\"breadcrumb\":{\"@id\":\"https:\/\/barmaniapro.com\/es\/producto\/barra-paralela-doble-premium\/#breadcrumb\"},\"inLanguage\":\"es\",\"potentialAction\":[{\"@type\":\"ReadAction\",\"target\":[\"https:\/\/barmaniapro.com\/es\/producto\/barra-paralela-doble-premium\/\"]}]},{\"@type\":\"ImageObject\",\"inLanguage\":\"es\",\"@id\":\"https:\/\/barmaniapro.com\/es\/producto\/barra-paralela-doble-premium\/#primaryimage\",\"url\":\"https:\/\/barmaniapro.com\/wp-content\/uploads\/2022\/06\/BMP-51029_Double-Parrallel-bars-Premium_classic_1-min.png\",\"contentUrl\":\"https:\/\/barmaniapro.com\/wp-content\/uploads\/2022\/06\/BMP-51029_Double-Parrallel-bars-Premium_classic_1-min.png\",\"width\":1770,\"height\":1770},{\"@type\":\"BreadcrumbList\",\"@id\":\"https:\/\/barmaniapro.com\/es\/producto\/barra-paralela-doble-premium\/#breadcrumb\",\"itemListElement\":[{\"@type\":\"ListItem\",\"position\":1,\"name\":\"Tienda\",\"item\":\"https:\/\/barmaniapro.com\/es\/tienda\/\"},{\"@type\":\"ListItem\",\"position\":2,\"name\":\"Barra paralela doble premium\"}]},{\"@type\":\"WebSite\",\"@id\":\"https:\/\/barmaniapro.com\/es\/#website\",\"url\":\"https:\/\/barmaniapro.com\/es\/\",\"name\":\"BarManiaPro\",\"description\":\"Manufacturer of Calisthenics equipment\",\"potentialAction\":[{\"@type\":\"SearchAction\",\"target\":{\"@type\":\"EntryPoint\",\"urlTemplate\":\"https:\/\/barmaniapro.com\/es\/?s={search_term_string}\"},\"query-input\":{\"@type\":\"PropertyValueSpecification\",\"valueRequired\":true,\"valueName\":\"search_term_string\"}}],\"inLanguage\":\"es\"}]}<\/script>\n<!-- \/ Yoast SEO plugin. -->","yoast_head_json":{"title":"Barra paralela doble premium - BarManiaPro","robots":{"index":"index","follow":"follow","max-snippet":"max-snippet:-1","max-image-preview":"max-image-preview:large","max-video-preview":"max-video-preview:-1"},"canonical":"https:\/\/barmaniapro.com\/es\/producto\/barra-paralela-doble-premium\/","og_locale":"es_ES","og_type":"article","og_title":"Barra paralela doble premium - BarManiaPro","og_description":"Las Barras Paralelas Dobles Premium BarManiaPro\u00ae son una estaci\u00f3n de calistenia de primer nivel construida para la fuerza, el equilibrio y el acondicionamiento f\u00edsico funcional. Dise\u00f1ado con dos juegos de barras paralelas y una estructura inferior reforzada, este equipo proporciona una estabilidad y versatilidad inigualables, lo que lo hace perfecto para espacios p\u00fablicos como parques, gimnasios y \u00e1reas de acondicionamiento f\u00edsico comunitario.","og_url":"https:\/\/barmaniapro.com\/es\/producto\/barra-paralela-doble-premium\/","og_site_name":"BarManiaPro","article_publisher":"https:\/\/www.facebook.com\/BarManiaPro\/","og_image":[{"width":1770,"height":1770,"url":"https:\/\/barmaniapro.com\/wp-content\/uploads\/2022\/06\/BMP-51029_Double-Parrallel-bars-Premium_classic_1-min.png","type":"image\/png"}],"twitter_card":"summary_large_image","twitter_misc":{"Tiempo de lectura":"1 minuto"},"schema":{"@context":"https:\/\/schema.org","@graph":[{"@type":"WebPage","@id":"https:\/\/barmaniapro.com\/es\/producto\/barra-paralela-doble-premium\/","url":"https:\/\/barmaniapro.com\/es\/producto\/barra-paralela-doble-premium\/","name":"Barra paralela doble premium - BarManiaPro","isPartOf":{"@id":"https:\/\/barmaniapro.com\/es\/#website"},"primaryImageOfPage":{"@id":"https:\/\/barmaniapro.com\/es\/producto\/barra-paralela-doble-premium\/#primaryimage"},"image":{"@id":"https:\/\/barmaniapro.com\/es\/producto\/barra-paralela-doble-premium\/#primaryimage"},"thumbnailUrl":"https:\/\/barmaniapro.com\/wp-content\/uploads\/2022\/06\/BMP-51029_Double-Parrallel-bars-Premium_classic_1-min.png","datePublished":"2022-06-14T13:39:18+00:00","breadcrumb":{"@id":"https:\/\/barmaniapro.com\/es\/producto\/barra-paralela-doble-premium\/#breadcrumb"},"inLanguage":"es","potentialAction":[{"@type":"ReadAction","target":["https:\/\/barmaniapro.com\/es\/producto\/barra-paralela-doble-premium\/"]}]},{"@type":"ImageObject","inLanguage":"es","@id":"https:\/\/barmaniapro.com\/es\/producto\/barra-paralela-doble-premium\/#primaryimage","url":"https:\/\/barmaniapro.com\/wp-content\/uploads\/2022\/06\/BMP-51029_Double-Parrallel-bars-Premium_classic_1-min.png","contentUrl":"https:\/\/barmaniapro.com\/wp-content\/uploads\/2022\/06\/BMP-51029_Double-Parrallel-bars-Premium_classic_1-min.png","width":1770,"height":1770},{"@type":"BreadcrumbList","@id":"https:\/\/barmaniapro.com\/es\/producto\/barra-paralela-doble-premium\/#breadcrumb","itemListElement":[{"@type":"ListItem","position":1,"name":"Tienda","item":"https:\/\/barmaniapro.com\/es\/tienda\/"},{"@type":"ListItem","position":2,"name":"Barra paralela doble premium"}]},{"@type":"WebSite","@id":"https:\/\/barmaniapro.com\/es\/#website","url":"https:\/\/barmaniapro.com\/es\/","name":"BarManiaPro","description":"Manufacturer of Calisthenics equipment","potentialAction":[{"@type":"SearchAction","target":{"@type":"EntryPoint","urlTemplate":"https:\/\/barmaniapro.com\/es\/?s={search_term_string}"},"query-input":{"@type":"PropertyValueSpecification","valueRequired":true,"valueName":"search_term_string"}}],"inLanguage":"es"}]}},"_links":{"self":[{"href":"https:\/\/barmaniapro.com\/es\/wp-json\/wp\/v2\/product\/26996","targetHints":{"allow":["GET"]}}],"collection":[{"href":"https:\/\/barmaniapro.com\/es\/wp-json\/wp\/v2\/product"}],"about":[{"href":"https:\/\/barmaniapro.com\/es\/wp-json\/wp\/v2\/types\/product"}],"replies":[{"embeddable":true,"href":"https:\/\/barmaniapro.com\/es\/wp-json\/wp\/v2\/comments?post=26996"}],"wp:featuredmedia":[{"embeddable":true,"href":"https:\/\/barmaniapro.com\/es\/wp-json\/wp\/v2\/media\/12333"}],"wp:attachment":[{"href":"https:\/\/barmaniapro.com\/es\/wp-json\/wp\/v2\/media?parent=26996"}],"wp:term":[{"taxonomy":"product_brand","embeddable":true,"href":"https:\/\/barmaniapro.com\/es\/wp-json\/wp\/v2\/product_brand?post=26996"},{"taxonomy":"product_cat","embeddable":true,"href":"https:\/\/barmaniapro.com\/es\/wp-json\/wp\/v2\/product_cat?post=26996"},{"taxonomy":"product_tag","embeddable":true,"href":"https:\/\/barmaniapro.com\/es\/wp-json\/wp\/v2\/product_tag?post=26996"}],"curies":[{"name":"wp","href":"https:\/\/api.w.org\/{rel}","templated":true}]}}