{"id":26982,"date":"2022-06-14T15:39:18","date_gmt":"2022-06-14T13:39:18","guid":{"rendered":"https:\/\/barmaniapro.com\/product\/extension-de-la-bandera-humana\/"},"modified":"2022-06-14T15:39:18","modified_gmt":"2022-06-14T13:39:18","slug":"extension-de-la-bandera-humana","status":"publish","type":"product","link":"https:\/\/barmaniapro.com\/es\/producto\/extension-de-la-bandera-humana\/","title":{"rendered":"Extensi\u00f3n de la bandera humana"},"content":{"rendered":"<p><strong>BarManiaPro Extensi\u00f3n de Bandera Humana para Parques de Entrenamiento Calist\u00e9nico<\/strong><\/p>\n<p>La Extensi\u00f3n de Bandera Humana BarManiaPro es un equipo de primera calidad dise\u00f1ado para elevar tu entrenamiento calist\u00e9nico, perfecto para dominar la bandera humana y otros ejercicios avanzados de peso corporal. Fabricada pensando en la durabilidad y el rendimiento, esta extensi\u00f3n proporciona la configuraci\u00f3n \u00f3ptima para superar tus l\u00edmites. <\/p>\n<ul>\n<li><strong>Altura:<\/strong> Una columna con una altura de 3400 mm, que ofrece mucho espacio para el entrenamiento de alta intensidad.<\/li>\n<li><strong>Extensi\u00f3n de la Bandera Humana:<\/strong> Equipada con cinco barras transversales horizontales, cada una con un di\u00e1metro de \u00d8 48,3 mm, dise\u00f1adas para un agarre superior durante los ejercicios de bandera humana, flexiones y mucho m\u00e1s.<\/li>\n<li><strong>Agarre \u00f3ptimo:<\/strong> Los travesa\u00f1os de \u00d8 48,3 mm de di\u00e1metro proporcionan una tracci\u00f3n y un apoyo excelentes, permitiendo a los atletas rendir con el m\u00e1ximo control.<\/li>\n<li><strong>Construcci\u00f3n duradera:<\/strong> Construida para soportar las condiciones exteriores m\u00e1s duras, garantizando longevidad y resistencia incluso con un uso intensivo.<\/li>\n<li><strong>Sistema de abrazaderas de aluminio patentado:<\/strong> Incorpora el exclusivo sistema de abrazaderas de aluminio de BarManiaPro, que garantiza un montaje r\u00e1pido y seguro y una fijaci\u00f3n estable para un rendimiento constante.<\/li>\n<li><strong>Uso vers\u00e1til:<\/strong> Ideal para desarrollar la fuerza central, la estabilidad y el dominio de movimientos calist\u00e9nicos avanzados como la bandera humana, junto con una serie de otros ejercicios de peso corporal.<\/li>\n<li><strong>Materiales de alta calidad:<\/strong> Fabricada con materiales de primera calidad para una durabilidad prolongada y un rendimiento fiable en parques de entrenamiento al aire libre.<\/li>\n<\/ul>\n<p>Mejora tu entrenamiento de calistenia con la Extensi\u00f3n de Bandera Humana BarManiaPro, \u00a1imprescindible para los atletas que quieran conquistar ejercicios avanzados de peso corporal con confianza y fuerza!<\/p>\n","protected":false},"excerpt":{"rendered":"<p>La extensi\u00f3n Bandera humana consta de 5 barras transversales horizontales. Este equipo se utiliza para hacer la bandera humana, pararse de manos, flexiones declinadas y otros muchos ejercicios. Se puede mejorar la salud de los usuarios mediante una variedad de entrenamientos que mejoran la aptitud cardiovascular, la fuerza, la flexibilidad y el bienestar general.  <\/p>\n<p>El equipo BarManiaPro\u00ae es perfectamente adecuado para cualquier espacio. \u00a1Lo sue\u00f1as, lo construimos! <\/p>\n","protected":false},"featured_media":12477,"comment_status":"open","ping_status":"closed","template":"","meta":{"_acf_changed":false,"inline_featured_image":false},"product_brand":[],"product_cat":[610],"product_tag":[611],"class_list":{"0":"post-26982","1":"product","2":"type-product","3":"status-publish","4":"has-post-thumbnail","6":"product_cat-calistenia-es","7":"product_tag-calistenia","9":"first","10":"instock","11":"taxable","12":"shipping-taxable","13":"product-type-simple"},"acf":[],"yoast_head":"<!-- This site is optimized with the Yoast SEO plugin v26.2 - https:\/\/yoast.com\/wordpress\/plugins\/seo\/ -->\n<title>Extensi\u00f3n de la bandera humana - BarManiaPro<\/title>\n<meta name=\"robots\" content=\"index, follow, max-snippet:-1, max-image-preview:large, max-video-preview:-1\" \/>\n<link rel=\"canonical\" href=\"https:\/\/barmaniapro.com\/es\/producto\/extension-de-la-bandera-humana\/\" \/>\n<meta property=\"og:locale\" content=\"es_ES\" \/>\n<meta property=\"og:type\" content=\"article\" \/>\n<meta property=\"og:title\" content=\"Extensi\u00f3n de la bandera humana - BarManiaPro\" \/>\n<meta property=\"og:description\" content=\"La extensi\u00f3n Bandera humana consta de 5 barras transversales horizontales. Este equipo se utiliza para hacer la bandera humana, pararse de manos, flexiones declinadas y otros muchos ejercicios. Se puede mejorar la salud de los usuarios mediante una variedad de entrenamientos que mejoran la aptitud cardiovascular, la fuerza, la flexibilidad y el bienestar general.  El equipo BarManiaPro\u00ae es perfectamente adecuado para cualquier espacio. \u00a1Lo sue\u00f1as, lo construimos!\" \/>\n<meta property=\"og:url\" content=\"https:\/\/barmaniapro.com\/es\/producto\/extension-de-la-bandera-humana\/\" \/>\n<meta property=\"og:site_name\" content=\"BarManiaPro\" \/>\n<meta property=\"article:publisher\" content=\"https:\/\/www.facebook.com\/BarManiaPro\/\" \/>\n<meta property=\"og:image\" content=\"https:\/\/barmaniapro.com\/wp-content\/uploads\/2022\/06\/BMP-51058_Human-flag-extension_classic_1.png\" \/>\n\t<meta property=\"og:image:width\" content=\"1770\" \/>\n\t<meta property=\"og:image:height\" content=\"1770\" \/>\n\t<meta property=\"og:image:type\" content=\"image\/png\" \/>\n<meta name=\"twitter:card\" content=\"summary_large_image\" \/>\n<meta name=\"twitter:label1\" content=\"Tiempo de lectura\" \/>\n\t<meta name=\"twitter:data1\" content=\"1 minuto\" \/>\n<script type=\"application\/ld+json\" class=\"yoast-schema-graph\">{\"@context\":\"https:\/\/schema.org\",\"@graph\":[{\"@type\":\"WebPage\",\"@id\":\"https:\/\/barmaniapro.com\/es\/producto\/extension-de-la-bandera-humana\/\",\"url\":\"https:\/\/barmaniapro.com\/es\/producto\/extension-de-la-bandera-humana\/\",\"name\":\"Extensi\u00f3n de la bandera humana - BarManiaPro\",\"isPartOf\":{\"@id\":\"https:\/\/barmaniapro.com\/es\/#website\"},\"primaryImageOfPage\":{\"@id\":\"https:\/\/barmaniapro.com\/es\/producto\/extension-de-la-bandera-humana\/#primaryimage\"},\"image\":{\"@id\":\"https:\/\/barmaniapro.com\/es\/producto\/extension-de-la-bandera-humana\/#primaryimage\"},\"thumbnailUrl\":\"https:\/\/barmaniapro.com\/wp-content\/uploads\/2022\/06\/BMP-51058_Human-flag-extension_classic_1.png\",\"datePublished\":\"2022-06-14T13:39:18+00:00\",\"breadcrumb\":{\"@id\":\"https:\/\/barmaniapro.com\/es\/producto\/extension-de-la-bandera-humana\/#breadcrumb\"},\"inLanguage\":\"es\",\"potentialAction\":[{\"@type\":\"ReadAction\",\"target\":[\"https:\/\/barmaniapro.com\/es\/producto\/extension-de-la-bandera-humana\/\"]}]},{\"@type\":\"ImageObject\",\"inLanguage\":\"es\",\"@id\":\"https:\/\/barmaniapro.com\/es\/producto\/extension-de-la-bandera-humana\/#primaryimage\",\"url\":\"https:\/\/barmaniapro.com\/wp-content\/uploads\/2022\/06\/BMP-51058_Human-flag-extension_classic_1.png\",\"contentUrl\":\"https:\/\/barmaniapro.com\/wp-content\/uploads\/2022\/06\/BMP-51058_Human-flag-extension_classic_1.png\",\"width\":1770,\"height\":1770},{\"@type\":\"BreadcrumbList\",\"@id\":\"https:\/\/barmaniapro.com\/es\/producto\/extension-de-la-bandera-humana\/#breadcrumb\",\"itemListElement\":[{\"@type\":\"ListItem\",\"position\":1,\"name\":\"Tienda\",\"item\":\"https:\/\/barmaniapro.com\/es\/tienda\/\"},{\"@type\":\"ListItem\",\"position\":2,\"name\":\"Extensi\u00f3n de la bandera humana\"}]},{\"@type\":\"WebSite\",\"@id\":\"https:\/\/barmaniapro.com\/es\/#website\",\"url\":\"https:\/\/barmaniapro.com\/es\/\",\"name\":\"BarManiaPro\",\"description\":\"Manufacturer of Calisthenics equipment\",\"potentialAction\":[{\"@type\":\"SearchAction\",\"target\":{\"@type\":\"EntryPoint\",\"urlTemplate\":\"https:\/\/barmaniapro.com\/es\/?s={search_term_string}\"},\"query-input\":{\"@type\":\"PropertyValueSpecification\",\"valueRequired\":true,\"valueName\":\"search_term_string\"}}],\"inLanguage\":\"es\"}]}<\/script>\n<!-- \/ Yoast SEO plugin. -->","yoast_head_json":{"title":"Extensi\u00f3n de la bandera humana - BarManiaPro","robots":{"index":"index","follow":"follow","max-snippet":"max-snippet:-1","max-image-preview":"max-image-preview:large","max-video-preview":"max-video-preview:-1"},"canonical":"https:\/\/barmaniapro.com\/es\/producto\/extension-de-la-bandera-humana\/","og_locale":"es_ES","og_type":"article","og_title":"Extensi\u00f3n de la bandera humana - BarManiaPro","og_description":"La extensi\u00f3n Bandera humana consta de 5 barras transversales horizontales. Este equipo se utiliza para hacer la bandera humana, pararse de manos, flexiones declinadas y otros muchos ejercicios. Se puede mejorar la salud de los usuarios mediante una variedad de entrenamientos que mejoran la aptitud cardiovascular, la fuerza, la flexibilidad y el bienestar general.  El equipo BarManiaPro\u00ae es perfectamente adecuado para cualquier espacio. \u00a1Lo sue\u00f1as, lo construimos!","og_url":"https:\/\/barmaniapro.com\/es\/producto\/extension-de-la-bandera-humana\/","og_site_name":"BarManiaPro","article_publisher":"https:\/\/www.facebook.com\/BarManiaPro\/","og_image":[{"width":1770,"height":1770,"url":"https:\/\/barmaniapro.com\/wp-content\/uploads\/2022\/06\/BMP-51058_Human-flag-extension_classic_1.png","type":"image\/png"}],"twitter_card":"summary_large_image","twitter_misc":{"Tiempo de lectura":"1 minuto"},"schema":{"@context":"https:\/\/schema.org","@graph":[{"@type":"WebPage","@id":"https:\/\/barmaniapro.com\/es\/producto\/extension-de-la-bandera-humana\/","url":"https:\/\/barmaniapro.com\/es\/producto\/extension-de-la-bandera-humana\/","name":"Extensi\u00f3n de la bandera humana - BarManiaPro","isPartOf":{"@id":"https:\/\/barmaniapro.com\/es\/#website"},"primaryImageOfPage":{"@id":"https:\/\/barmaniapro.com\/es\/producto\/extension-de-la-bandera-humana\/#primaryimage"},"image":{"@id":"https:\/\/barmaniapro.com\/es\/producto\/extension-de-la-bandera-humana\/#primaryimage"},"thumbnailUrl":"https:\/\/barmaniapro.com\/wp-content\/uploads\/2022\/06\/BMP-51058_Human-flag-extension_classic_1.png","datePublished":"2022-06-14T13:39:18+00:00","breadcrumb":{"@id":"https:\/\/barmaniapro.com\/es\/producto\/extension-de-la-bandera-humana\/#breadcrumb"},"inLanguage":"es","potentialAction":[{"@type":"ReadAction","target":["https:\/\/barmaniapro.com\/es\/producto\/extension-de-la-bandera-humana\/"]}]},{"@type":"ImageObject","inLanguage":"es","@id":"https:\/\/barmaniapro.com\/es\/producto\/extension-de-la-bandera-humana\/#primaryimage","url":"https:\/\/barmaniapro.com\/wp-content\/uploads\/2022\/06\/BMP-51058_Human-flag-extension_classic_1.png","contentUrl":"https:\/\/barmaniapro.com\/wp-content\/uploads\/2022\/06\/BMP-51058_Human-flag-extension_classic_1.png","width":1770,"height":1770},{"@type":"BreadcrumbList","@id":"https:\/\/barmaniapro.com\/es\/producto\/extension-de-la-bandera-humana\/#breadcrumb","itemListElement":[{"@type":"ListItem","position":1,"name":"Tienda","item":"https:\/\/barmaniapro.com\/es\/tienda\/"},{"@type":"ListItem","position":2,"name":"Extensi\u00f3n de la bandera humana"}]},{"@type":"WebSite","@id":"https:\/\/barmaniapro.com\/es\/#website","url":"https:\/\/barmaniapro.com\/es\/","name":"BarManiaPro","description":"Manufacturer of Calisthenics equipment","potentialAction":[{"@type":"SearchAction","target":{"@type":"EntryPoint","urlTemplate":"https:\/\/barmaniapro.com\/es\/?s={search_term_string}"},"query-input":{"@type":"PropertyValueSpecification","valueRequired":true,"valueName":"search_term_string"}}],"inLanguage":"es"}]}},"_links":{"self":[{"href":"https:\/\/barmaniapro.com\/es\/wp-json\/wp\/v2\/product\/26982","targetHints":{"allow":["GET"]}}],"collection":[{"href":"https:\/\/barmaniapro.com\/es\/wp-json\/wp\/v2\/product"}],"about":[{"href":"https:\/\/barmaniapro.com\/es\/wp-json\/wp\/v2\/types\/product"}],"replies":[{"embeddable":true,"href":"https:\/\/barmaniapro.com\/es\/wp-json\/wp\/v2\/comments?post=26982"}],"wp:featuredmedia":[{"embeddable":true,"href":"https:\/\/barmaniapro.com\/es\/wp-json\/wp\/v2\/media\/12477"}],"wp:attachment":[{"href":"https:\/\/barmaniapro.com\/es\/wp-json\/wp\/v2\/media?parent=26982"}],"wp:term":[{"taxonomy":"product_brand","embeddable":true,"href":"https:\/\/barmaniapro.com\/es\/wp-json\/wp\/v2\/product_brand?post=26982"},{"taxonomy":"product_cat","embeddable":true,"href":"https:\/\/barmaniapro.com\/es\/wp-json\/wp\/v2\/product_cat?post=26982"},{"taxonomy":"product_tag","embeddable":true,"href":"https:\/\/barmaniapro.com\/es\/wp-json\/wp\/v2\/product_tag?post=26982"}],"curies":[{"name":"wp","href":"https:\/\/api.w.org\/{rel}","templated":true}]}}