{"id":26981,"date":"2022-06-14T15:39:18","date_gmt":"2022-06-14T13:39:18","guid":{"rendered":"https:\/\/barmaniapro.com\/product\/bandera-humana\/"},"modified":"2022-06-14T15:39:18","modified_gmt":"2022-06-14T13:39:18","slug":"bandera-humana","status":"publish","type":"product","link":"https:\/\/barmaniapro.com\/es\/producto\/bandera-humana\/","title":{"rendered":"Bandera humana"},"content":{"rendered":"<p>Esta configuraci\u00f3n es ideal para parques de fitness, centros comunitarios y \u00e1reas recreativas, ya que proporciona a los atletas una estructura dedicada para practicar y perfeccionar sus habilidades con la bandera humana. La Barra de Bandera Humana BarManiaPro admite todos los niveles de entrenamiento, desde principiantes que aprenden lo b\u00e1sico hasta atletas avanzados que superan sus l\u00edmites. <\/p>\n<p>La Barra de Bandera Humana BarManiaPro es compacta, duradera y est\u00e1 dise\u00f1ada espec\u00edficamente para uno de los ejercicios calist\u00e9nicos m\u00e1s desafiantes y gratificantes. Su construcci\u00f3n robusta, agarre ergon\u00f3mico y materiales resistentes a la intemperie la convierten en un complemento fiable y esencial para cualquier espacio de fitness al aire libre. <\/p>\n<h3><strong>Caracter\u00edsticas principales:<\/strong><\/h3>\n<ul>\n<li><strong>Barra de bandera humana vertical:<\/strong>\n<ul>\n<li>Construido con un robusto di\u00e1metro de 48,3 mm para un agarre seguro y una colocaci\u00f3n \u00f3ptima de la mano durante el entrenamiento con banderas.<\/li>\n<li>Admite movimientos avanzados con el peso corporal, al tiempo que garantiza la estabilidad y la seguridad.<\/li>\n<\/ul>\n<\/li>\n<li><strong>Dise\u00f1o de columna \u00fanica:<\/strong>\n<ul>\n<li>Ocupa poco espacio y es f\u00e1cil de integrar en cualquier zona de calistenia o fitness al aire libre.<\/li>\n<li>Construido para soportar entrenamientos de alta intensidad y un uso repetido en espacios p\u00fablicos.<\/li>\n<\/ul>\n<\/li>\n<li><strong>Dos juegos de abrazaderas:<\/strong>\n<ul>\n<li>Mantiene la barra firmemente sujeta a la columna, garantizando la m\u00e1xima seguridad durante los ejercicios.<\/li>\n<li>F\u00e1cil de montar y mantener, por lo que es adecuado para diversos entornos exteriores.<\/li>\n<\/ul>\n<\/li>\n<li><strong>Duradero y preparado para el espacio p\u00fablico:<\/strong>\n<ul>\n<li>Dise\u00f1ado con materiales de alta calidad resistentes a la intemperie para una mayor durabilidad en exteriores.<\/li>\n<li>El revestimiento resistente a la oxidaci\u00f3n garantiza que la estructura se mantenga en excelentes condiciones a pesar de la exposici\u00f3n a los elementos.<\/li>\n<\/ul>\n<\/li>\n<\/ul>\n","protected":false},"excerpt":{"rendered":"<p>La Barra de la Bandera Humana BarManiaPro\u00ae es la soluci\u00f3n definitiva para dominar el ic\u00f3nico movimiento de la bandera humana.<\/p>\n<p>Dise\u00f1ada con precisi\u00f3n y durabilidad, esta configuraci\u00f3n compacta pero robusta cuenta con una sola columna y una barra de bandera humana vertical, lo que la convierte en un complemento perfecto para cualquier parque de calistenia o espacio de entrenamiento p\u00fablico.<\/p>\n","protected":false},"featured_media":12469,"comment_status":"open","ping_status":"closed","template":"","meta":{"_acf_changed":false,"inline_featured_image":false},"product_brand":[],"product_cat":[610],"product_tag":[611],"class_list":{"0":"post-26981","1":"product","2":"type-product","3":"status-publish","4":"has-post-thumbnail","6":"product_cat-calistenia-es","7":"product_tag-calistenia","9":"first","10":"instock","11":"taxable","12":"shipping-taxable","13":"product-type-simple"},"acf":[],"yoast_head":"<!-- This site is optimized with the Yoast SEO plugin v26.2 - https:\/\/yoast.com\/wordpress\/plugins\/seo\/ -->\n<title>Bandera humana - BarManiaPro<\/title>\n<meta name=\"robots\" content=\"index, follow, max-snippet:-1, max-image-preview:large, max-video-preview:-1\" \/>\n<link rel=\"canonical\" href=\"https:\/\/barmaniapro.com\/es\/producto\/bandera-humana\/\" \/>\n<meta property=\"og:locale\" content=\"es_ES\" \/>\n<meta property=\"og:type\" content=\"article\" \/>\n<meta property=\"og:title\" content=\"Bandera humana - BarManiaPro\" \/>\n<meta property=\"og:description\" content=\"La Barra de la Bandera Humana BarManiaPro\u00ae es la soluci\u00f3n definitiva para dominar el ic\u00f3nico movimiento de la bandera humana. Dise\u00f1ada con precisi\u00f3n y durabilidad, esta configuraci\u00f3n compacta pero robusta cuenta con una sola columna y una barra de bandera humana vertical, lo que la convierte en un complemento perfecto para cualquier parque de calistenia o espacio de entrenamiento p\u00fablico.\" \/>\n<meta property=\"og:url\" content=\"https:\/\/barmaniapro.com\/es\/producto\/bandera-humana\/\" \/>\n<meta property=\"og:site_name\" content=\"BarManiaPro\" \/>\n<meta property=\"article:publisher\" content=\"https:\/\/www.facebook.com\/BarManiaPro\/\" \/>\n<meta property=\"og:image\" content=\"https:\/\/barmaniapro.com\/wp-content\/uploads\/2022\/06\/BMP-51057_Human-Flag_classic_1.png\" \/>\n\t<meta property=\"og:image:width\" content=\"1770\" \/>\n\t<meta property=\"og:image:height\" content=\"1770\" \/>\n\t<meta property=\"og:image:type\" content=\"image\/png\" \/>\n<meta name=\"twitter:card\" content=\"summary_large_image\" \/>\n<meta name=\"twitter:label1\" content=\"Tiempo de lectura\" \/>\n\t<meta name=\"twitter:data1\" content=\"1 minuto\" \/>\n<script type=\"application\/ld+json\" class=\"yoast-schema-graph\">{\"@context\":\"https:\/\/schema.org\",\"@graph\":[{\"@type\":\"WebPage\",\"@id\":\"https:\/\/barmaniapro.com\/es\/producto\/bandera-humana\/\",\"url\":\"https:\/\/barmaniapro.com\/es\/producto\/bandera-humana\/\",\"name\":\"Bandera humana - BarManiaPro\",\"isPartOf\":{\"@id\":\"https:\/\/barmaniapro.com\/es\/#website\"},\"primaryImageOfPage\":{\"@id\":\"https:\/\/barmaniapro.com\/es\/producto\/bandera-humana\/#primaryimage\"},\"image\":{\"@id\":\"https:\/\/barmaniapro.com\/es\/producto\/bandera-humana\/#primaryimage\"},\"thumbnailUrl\":\"https:\/\/barmaniapro.com\/wp-content\/uploads\/2022\/06\/BMP-51057_Human-Flag_classic_1.png\",\"datePublished\":\"2022-06-14T13:39:18+00:00\",\"breadcrumb\":{\"@id\":\"https:\/\/barmaniapro.com\/es\/producto\/bandera-humana\/#breadcrumb\"},\"inLanguage\":\"es\",\"potentialAction\":[{\"@type\":\"ReadAction\",\"target\":[\"https:\/\/barmaniapro.com\/es\/producto\/bandera-humana\/\"]}]},{\"@type\":\"ImageObject\",\"inLanguage\":\"es\",\"@id\":\"https:\/\/barmaniapro.com\/es\/producto\/bandera-humana\/#primaryimage\",\"url\":\"https:\/\/barmaniapro.com\/wp-content\/uploads\/2022\/06\/BMP-51057_Human-Flag_classic_1.png\",\"contentUrl\":\"https:\/\/barmaniapro.com\/wp-content\/uploads\/2022\/06\/BMP-51057_Human-Flag_classic_1.png\",\"width\":1770,\"height\":1770},{\"@type\":\"BreadcrumbList\",\"@id\":\"https:\/\/barmaniapro.com\/es\/producto\/bandera-humana\/#breadcrumb\",\"itemListElement\":[{\"@type\":\"ListItem\",\"position\":1,\"name\":\"Tienda\",\"item\":\"https:\/\/barmaniapro.com\/es\/tienda\/\"},{\"@type\":\"ListItem\",\"position\":2,\"name\":\"Bandera humana\"}]},{\"@type\":\"WebSite\",\"@id\":\"https:\/\/barmaniapro.com\/es\/#website\",\"url\":\"https:\/\/barmaniapro.com\/es\/\",\"name\":\"BarManiaPro\",\"description\":\"Manufacturer of Calisthenics equipment\",\"potentialAction\":[{\"@type\":\"SearchAction\",\"target\":{\"@type\":\"EntryPoint\",\"urlTemplate\":\"https:\/\/barmaniapro.com\/es\/?s={search_term_string}\"},\"query-input\":{\"@type\":\"PropertyValueSpecification\",\"valueRequired\":true,\"valueName\":\"search_term_string\"}}],\"inLanguage\":\"es\"}]}<\/script>\n<!-- \/ Yoast SEO plugin. -->","yoast_head_json":{"title":"Bandera humana - BarManiaPro","robots":{"index":"index","follow":"follow","max-snippet":"max-snippet:-1","max-image-preview":"max-image-preview:large","max-video-preview":"max-video-preview:-1"},"canonical":"https:\/\/barmaniapro.com\/es\/producto\/bandera-humana\/","og_locale":"es_ES","og_type":"article","og_title":"Bandera humana - BarManiaPro","og_description":"La Barra de la Bandera Humana BarManiaPro\u00ae es la soluci\u00f3n definitiva para dominar el ic\u00f3nico movimiento de la bandera humana. Dise\u00f1ada con precisi\u00f3n y durabilidad, esta configuraci\u00f3n compacta pero robusta cuenta con una sola columna y una barra de bandera humana vertical, lo que la convierte en un complemento perfecto para cualquier parque de calistenia o espacio de entrenamiento p\u00fablico.","og_url":"https:\/\/barmaniapro.com\/es\/producto\/bandera-humana\/","og_site_name":"BarManiaPro","article_publisher":"https:\/\/www.facebook.com\/BarManiaPro\/","og_image":[{"width":1770,"height":1770,"url":"https:\/\/barmaniapro.com\/wp-content\/uploads\/2022\/06\/BMP-51057_Human-Flag_classic_1.png","type":"image\/png"}],"twitter_card":"summary_large_image","twitter_misc":{"Tiempo de lectura":"1 minuto"},"schema":{"@context":"https:\/\/schema.org","@graph":[{"@type":"WebPage","@id":"https:\/\/barmaniapro.com\/es\/producto\/bandera-humana\/","url":"https:\/\/barmaniapro.com\/es\/producto\/bandera-humana\/","name":"Bandera humana - BarManiaPro","isPartOf":{"@id":"https:\/\/barmaniapro.com\/es\/#website"},"primaryImageOfPage":{"@id":"https:\/\/barmaniapro.com\/es\/producto\/bandera-humana\/#primaryimage"},"image":{"@id":"https:\/\/barmaniapro.com\/es\/producto\/bandera-humana\/#primaryimage"},"thumbnailUrl":"https:\/\/barmaniapro.com\/wp-content\/uploads\/2022\/06\/BMP-51057_Human-Flag_classic_1.png","datePublished":"2022-06-14T13:39:18+00:00","breadcrumb":{"@id":"https:\/\/barmaniapro.com\/es\/producto\/bandera-humana\/#breadcrumb"},"inLanguage":"es","potentialAction":[{"@type":"ReadAction","target":["https:\/\/barmaniapro.com\/es\/producto\/bandera-humana\/"]}]},{"@type":"ImageObject","inLanguage":"es","@id":"https:\/\/barmaniapro.com\/es\/producto\/bandera-humana\/#primaryimage","url":"https:\/\/barmaniapro.com\/wp-content\/uploads\/2022\/06\/BMP-51057_Human-Flag_classic_1.png","contentUrl":"https:\/\/barmaniapro.com\/wp-content\/uploads\/2022\/06\/BMP-51057_Human-Flag_classic_1.png","width":1770,"height":1770},{"@type":"BreadcrumbList","@id":"https:\/\/barmaniapro.com\/es\/producto\/bandera-humana\/#breadcrumb","itemListElement":[{"@type":"ListItem","position":1,"name":"Tienda","item":"https:\/\/barmaniapro.com\/es\/tienda\/"},{"@type":"ListItem","position":2,"name":"Bandera humana"}]},{"@type":"WebSite","@id":"https:\/\/barmaniapro.com\/es\/#website","url":"https:\/\/barmaniapro.com\/es\/","name":"BarManiaPro","description":"Manufacturer of Calisthenics equipment","potentialAction":[{"@type":"SearchAction","target":{"@type":"EntryPoint","urlTemplate":"https:\/\/barmaniapro.com\/es\/?s={search_term_string}"},"query-input":{"@type":"PropertyValueSpecification","valueRequired":true,"valueName":"search_term_string"}}],"inLanguage":"es"}]}},"_links":{"self":[{"href":"https:\/\/barmaniapro.com\/es\/wp-json\/wp\/v2\/product\/26981","targetHints":{"allow":["GET"]}}],"collection":[{"href":"https:\/\/barmaniapro.com\/es\/wp-json\/wp\/v2\/product"}],"about":[{"href":"https:\/\/barmaniapro.com\/es\/wp-json\/wp\/v2\/types\/product"}],"replies":[{"embeddable":true,"href":"https:\/\/barmaniapro.com\/es\/wp-json\/wp\/v2\/comments?post=26981"}],"wp:featuredmedia":[{"embeddable":true,"href":"https:\/\/barmaniapro.com\/es\/wp-json\/wp\/v2\/media\/12469"}],"wp:attachment":[{"href":"https:\/\/barmaniapro.com\/es\/wp-json\/wp\/v2\/media?parent=26981"}],"wp:term":[{"taxonomy":"product_brand","embeddable":true,"href":"https:\/\/barmaniapro.com\/es\/wp-json\/wp\/v2\/product_brand?post=26981"},{"taxonomy":"product_cat","embeddable":true,"href":"https:\/\/barmaniapro.com\/es\/wp-json\/wp\/v2\/product_cat?post=26981"},{"taxonomy":"product_tag","embeddable":true,"href":"https:\/\/barmaniapro.com\/es\/wp-json\/wp\/v2\/product_tag?post=26981"}],"curies":[{"name":"wp","href":"https:\/\/api.w.org\/{rel}","templated":true}]}}