{"id":26972,"date":"2022-06-14T15:39:47","date_gmt":"2022-06-14T13:39:47","guid":{"rendered":"https:\/\/barmaniapro.com\/product\/baston-de-escalada-pared-sueca-anillas-de-gimnasia\/"},"modified":"2022-06-14T15:39:47","modified_gmt":"2022-06-14T13:39:47","slug":"baston-de-escalada-pared-sueca-anillas-de-gimnasia","status":"publish","type":"product","link":"https:\/\/barmaniapro.com\/es\/producto\/baston-de-escalada-pared-sueca-anillas-de-gimnasia\/","title":{"rendered":"Bast\u00f3n de escalada + Pared sueca + Anillas de gimnasia"},"content":{"rendered":"<h5 data-start=\"556\" data-end=\"569\">Caracter\u00edsticas:<\/h5>\n<ul data-start=\"570\" data-end=\"1778\">\n<li data-start=\"570\" data-end=\"748\"><strong data-start=\"572\" data-end=\"596\">Cuatro columnas de 3800 mm<\/strong>: Las robustas columnas de alta calidad proporcionan una base estable para todos los componentes, garantizando la durabilidad y la seguridad incluso durante los entrenamientos m\u00e1s intensos.<\/li>\n<li data-start=\"749\" data-end=\"1040\"><strong data-start=\"751\" data-end=\"767\">Pared Sueca<\/strong>: Ideal para mejorar la flexibilidad, el equilibrio y la fuerza en general, la pared sueca es perfecta para ejercicios con el peso del cuerpo, como dominadas, elevaciones de piernas y estiramientos. Tambi\u00e9n es una herramienta excelente para que los principiantes y los deportistas avanzados trabajen el agarre y el control corporal. <\/li>\n<li data-start=\"1041\" data-end=\"1295\"><strong data-start=\"1043\" data-end=\"1060\">Bast\u00f3n de escalada<\/strong>: Situado a una altura desafiante, el poste de escalada proporciona un entrenamiento atractivo para desarrollar la fuerza de agarre, la coordinaci\u00f3n y la resistencia de la parte superior del cuerpo. La superficie lisa y duradera garantiza una experiencia de escalada c\u00f3moda y eficaz. <\/li>\n<li data-start=\"1296\" data-end=\"1604\"><strong data-start=\"1298\" data-end=\"1317\">Anillas de gimnasia<\/strong>: Estas <strong data-start=\"1398\" data-end=\"1421\">anillas de polipropileno<\/strong> de alta calidad, unidas mediante cadenas de acero inoxidable para una m\u00e1xima durabilidad, son perfectas para el entrenamiento de fuerza, ya que te ayudan a dominar las flexiones, los fondos, las flexiones de brazos y mucho m\u00e1s. La altura ajustable permite realizar una gran variedad de ejercicios para trabajar diferentes grupos musculares. <\/li>\n<li data-start=\"1605\" data-end=\"1778\"><strong data-start=\"1607\" data-end=\"1631\">Construcci\u00f3n de primera calidad<\/strong>: Todo el conjunto est\u00e1 fabricado con materiales de primera calidad, lo que garantiza un rendimiento duradero y resistencia al desgaste, incluso en entornos exteriores dif\u00edciles.<\/li>\n<\/ul>\n<h5 data-start=\"1780\" data-end=\"1808\">Ideal para espacios p\u00fablicos:<\/h5>\n<ul data-start=\"1809\" data-end=\"3004\">\n<li data-start=\"1809\" data-end=\"2101\"><strong data-start=\"1811\" data-end=\"1833\">Entrenamiento vers\u00e1til<\/strong>: Combinando un poste de escalada, una pared sueca y anillas de gimnasia, este equipo ofrece una experiencia de fitness completa, desde el entrenamiento de fuerza hasta el trabajo de flexibilidad y equilibrio. Es perfecto para ejercicios de peso corporal, fitness funcional y desarrollo de habilidades. <\/li>\n<li data-start=\"2102\" data-end=\"2344\"><strong data-start=\"2104\" data-end=\"2139\">Fomenta el Compromiso Comunitario<\/strong>: Con la posibilidad de que varios usuarios se ejerciten al mismo tiempo, este equipo fomenta el sentido de comunidad y anima al entrenamiento en grupo, por lo que es perfecto para parques, escuelas y espacios recreativos.<\/li>\n<li data-start=\"2345\" data-end=\"2587\"><strong data-start=\"2347\" data-end=\"2378\">Resistente a la intemperie y duradero<\/strong>: Dise\u00f1ados para soportar los elementos, los materiales de acero inoxidable y polipropileno garantizan la longevidad, mientras que los acabados resistentes a la intemperie garantizan una soluci\u00f3n de bajo mantenimiento para espacios p\u00fablicos muy transitados.<\/li>\n<li data-start=\"2588\" data-end=\"2831\"><strong data-start=\"2590\" data-end=\"2621\">Mejora el Fitness Funcional<\/strong>: Tanto si escalas como si utilizas las anillas gimn\u00e1sticas o realizas ejercicios con el peso corporal en la pared sueca, esta configuraci\u00f3n es ideal para mejorar la coordinaci\u00f3n, la fuerza, la resistencia y la forma f\u00edsica funcional en general.<\/li>\n<li data-start=\"2832\" data-end=\"3004\"><strong data-start=\"2834\" data-end=\"2858\">Seguro y f\u00e1cil de usar<\/strong>: Centrado en la seguridad y la facilidad de uso, el dise\u00f1o garantiza que usuarios de todos los niveles puedan disfrutar del equipo con confianza y estabilidad.<\/li>\n<\/ul>\n<p data-start=\"3006\" data-end=\"3329\" data-is-last-node=\"\" data-is-only-node=\"\">Transforma tu espacio de fitness p\u00fablico en una zona de entrenamiento desafiante y din\u00e1mica con el <strong data-start=\"3096\" data-end=\"3158\">BarManiaPro Barra de Escalada + Pared Sueca + Anillas Gimn\u00e1sticas<\/strong>. Este sistema todo en uno ofrece infinitas posibilidades de entrenamiento, desde el desarrollo de la fuerza hasta la mejora de las habilidades, lo que lo convierte en el complemento perfecto para cualquier gimnasio al aire libre o de interior. <\/p>\n","protected":false},"excerpt":{"rendered":"<p>Eleva tu espacio de fitness con la combinaci\u00f3n definitiva de versatilidad y desaf\u00edo: el poste de escalada + pared sueca + anillas de gimnasia barManiaPro. Esta din\u00e1mica estaci\u00f3n de fitness multifuncional est\u00e1 dise\u00f1ada tanto para el entrenamiento de fuerza como de movilidad, por lo que es perfecta para cualquier parque p\u00fablico, gimnasio o zona de fitness comunitaria. <\/p>\n<p>Tanto si quieres fortalecer la parte superior del cuerpo, mejorar la coordinaci\u00f3n o dominar las t\u00e9cnicas de escalada, esta configuraci\u00f3n te ofrece todo lo que necesitas para superar tus l\u00edmites.<\/p>\n","protected":false},"featured_media":12626,"comment_status":"open","ping_status":"closed","template":"","meta":{"_acf_changed":false,"inline_featured_image":false},"product_brand":[],"product_cat":[613,616],"product_tag":[615],"class_list":{"0":"post-26972","1":"product","2":"type-product","3":"status-publish","4":"has-post-thumbnail","6":"product_cat-bootcamp-es","7":"product_cat-entrenamiento-infantil","8":"product_tag-bootcamp-es","10":"first","11":"instock","12":"taxable","13":"shipping-taxable","14":"product-type-simple"},"acf":[],"yoast_head":"<!-- This site is optimized with the Yoast SEO plugin v26.2 - https:\/\/yoast.com\/wordpress\/plugins\/seo\/ -->\n<title>Bast\u00f3n de escalada + Pared sueca + Anillas de gimnasia - BarManiaPro<\/title>\n<meta name=\"robots\" content=\"index, follow, max-snippet:-1, max-image-preview:large, max-video-preview:-1\" \/>\n<link rel=\"canonical\" href=\"https:\/\/barmaniapro.com\/es\/producto\/baston-de-escalada-pared-sueca-anillas-de-gimnasia\/\" \/>\n<meta property=\"og:locale\" content=\"es_ES\" \/>\n<meta property=\"og:type\" content=\"article\" \/>\n<meta property=\"og:title\" content=\"Bast\u00f3n de escalada + Pared sueca + Anillas de gimnasia - BarManiaPro\" \/>\n<meta property=\"og:description\" content=\"Eleva tu espacio de fitness con la combinaci\u00f3n definitiva de versatilidad y desaf\u00edo: el poste de escalada + pared sueca + anillas de gimnasia barManiaPro. Esta din\u00e1mica estaci\u00f3n de fitness multifuncional est\u00e1 dise\u00f1ada tanto para el entrenamiento de fuerza como de movilidad, por lo que es perfecta para cualquier parque p\u00fablico, gimnasio o zona de fitness comunitaria.  Tanto si quieres fortalecer la parte superior del cuerpo, mejorar la coordinaci\u00f3n o dominar las t\u00e9cnicas de escalada, esta configuraci\u00f3n te ofrece todo lo que necesitas para superar tus l\u00edmites.\" \/>\n<meta property=\"og:url\" content=\"https:\/\/barmaniapro.com\/es\/producto\/baston-de-escalada-pared-sueca-anillas-de-gimnasia\/\" \/>\n<meta property=\"og:site_name\" content=\"BarManiaPro\" \/>\n<meta property=\"article:publisher\" content=\"https:\/\/www.facebook.com\/BarManiaPro\/\" \/>\n<meta property=\"og:image\" content=\"https:\/\/barmaniapro.com\/wp-content\/uploads\/2022\/06\/BMP-61016_Climbing-pole-swedish-wall-rings_classic_1.png\" \/>\n\t<meta property=\"og:image:width\" content=\"1770\" \/>\n\t<meta property=\"og:image:height\" content=\"1770\" \/>\n\t<meta property=\"og:image:type\" content=\"image\/png\" \/>\n<meta name=\"twitter:card\" content=\"summary_large_image\" \/>\n<meta name=\"twitter:label1\" content=\"Tiempo de lectura\" \/>\n\t<meta name=\"twitter:data1\" content=\"3 minuto\" \/>\n<script type=\"application\/ld+json\" class=\"yoast-schema-graph\">{\"@context\":\"https:\/\/schema.org\",\"@graph\":[{\"@type\":\"WebPage\",\"@id\":\"https:\/\/barmaniapro.com\/es\/producto\/baston-de-escalada-pared-sueca-anillas-de-gimnasia\/\",\"url\":\"https:\/\/barmaniapro.com\/es\/producto\/baston-de-escalada-pared-sueca-anillas-de-gimnasia\/\",\"name\":\"Bast\u00f3n de escalada + Pared sueca + Anillas de gimnasia - BarManiaPro\",\"isPartOf\":{\"@id\":\"https:\/\/barmaniapro.com\/es\/#website\"},\"primaryImageOfPage\":{\"@id\":\"https:\/\/barmaniapro.com\/es\/producto\/baston-de-escalada-pared-sueca-anillas-de-gimnasia\/#primaryimage\"},\"image\":{\"@id\":\"https:\/\/barmaniapro.com\/es\/producto\/baston-de-escalada-pared-sueca-anillas-de-gimnasia\/#primaryimage\"},\"thumbnailUrl\":\"https:\/\/barmaniapro.com\/wp-content\/uploads\/2022\/06\/BMP-61016_Climbing-pole-swedish-wall-rings_classic_1.png\",\"datePublished\":\"2022-06-14T13:39:47+00:00\",\"breadcrumb\":{\"@id\":\"https:\/\/barmaniapro.com\/es\/producto\/baston-de-escalada-pared-sueca-anillas-de-gimnasia\/#breadcrumb\"},\"inLanguage\":\"es\",\"potentialAction\":[{\"@type\":\"ReadAction\",\"target\":[\"https:\/\/barmaniapro.com\/es\/producto\/baston-de-escalada-pared-sueca-anillas-de-gimnasia\/\"]}]},{\"@type\":\"ImageObject\",\"inLanguage\":\"es\",\"@id\":\"https:\/\/barmaniapro.com\/es\/producto\/baston-de-escalada-pared-sueca-anillas-de-gimnasia\/#primaryimage\",\"url\":\"https:\/\/barmaniapro.com\/wp-content\/uploads\/2022\/06\/BMP-61016_Climbing-pole-swedish-wall-rings_classic_1.png\",\"contentUrl\":\"https:\/\/barmaniapro.com\/wp-content\/uploads\/2022\/06\/BMP-61016_Climbing-pole-swedish-wall-rings_classic_1.png\",\"width\":1770,\"height\":1770},{\"@type\":\"BreadcrumbList\",\"@id\":\"https:\/\/barmaniapro.com\/es\/producto\/baston-de-escalada-pared-sueca-anillas-de-gimnasia\/#breadcrumb\",\"itemListElement\":[{\"@type\":\"ListItem\",\"position\":1,\"name\":\"Tienda\",\"item\":\"https:\/\/barmaniapro.com\/es\/tienda\/\"},{\"@type\":\"ListItem\",\"position\":2,\"name\":\"Bast\u00f3n de escalada + Pared sueca + Anillas de gimnasia\"}]},{\"@type\":\"WebSite\",\"@id\":\"https:\/\/barmaniapro.com\/es\/#website\",\"url\":\"https:\/\/barmaniapro.com\/es\/\",\"name\":\"BarManiaPro\",\"description\":\"Manufacturer of Calisthenics equipment\",\"potentialAction\":[{\"@type\":\"SearchAction\",\"target\":{\"@type\":\"EntryPoint\",\"urlTemplate\":\"https:\/\/barmaniapro.com\/es\/?s={search_term_string}\"},\"query-input\":{\"@type\":\"PropertyValueSpecification\",\"valueRequired\":true,\"valueName\":\"search_term_string\"}}],\"inLanguage\":\"es\"}]}<\/script>\n<!-- \/ Yoast SEO plugin. -->","yoast_head_json":{"title":"Bast\u00f3n de escalada + Pared sueca + Anillas de gimnasia - BarManiaPro","robots":{"index":"index","follow":"follow","max-snippet":"max-snippet:-1","max-image-preview":"max-image-preview:large","max-video-preview":"max-video-preview:-1"},"canonical":"https:\/\/barmaniapro.com\/es\/producto\/baston-de-escalada-pared-sueca-anillas-de-gimnasia\/","og_locale":"es_ES","og_type":"article","og_title":"Bast\u00f3n de escalada + Pared sueca + Anillas de gimnasia - BarManiaPro","og_description":"Eleva tu espacio de fitness con la combinaci\u00f3n definitiva de versatilidad y desaf\u00edo: el poste de escalada + pared sueca + anillas de gimnasia barManiaPro. Esta din\u00e1mica estaci\u00f3n de fitness multifuncional est\u00e1 dise\u00f1ada tanto para el entrenamiento de fuerza como de movilidad, por lo que es perfecta para cualquier parque p\u00fablico, gimnasio o zona de fitness comunitaria.  Tanto si quieres fortalecer la parte superior del cuerpo, mejorar la coordinaci\u00f3n o dominar las t\u00e9cnicas de escalada, esta configuraci\u00f3n te ofrece todo lo que necesitas para superar tus l\u00edmites.","og_url":"https:\/\/barmaniapro.com\/es\/producto\/baston-de-escalada-pared-sueca-anillas-de-gimnasia\/","og_site_name":"BarManiaPro","article_publisher":"https:\/\/www.facebook.com\/BarManiaPro\/","og_image":[{"width":1770,"height":1770,"url":"https:\/\/barmaniapro.com\/wp-content\/uploads\/2022\/06\/BMP-61016_Climbing-pole-swedish-wall-rings_classic_1.png","type":"image\/png"}],"twitter_card":"summary_large_image","twitter_misc":{"Tiempo de lectura":"3 minuto"},"schema":{"@context":"https:\/\/schema.org","@graph":[{"@type":"WebPage","@id":"https:\/\/barmaniapro.com\/es\/producto\/baston-de-escalada-pared-sueca-anillas-de-gimnasia\/","url":"https:\/\/barmaniapro.com\/es\/producto\/baston-de-escalada-pared-sueca-anillas-de-gimnasia\/","name":"Bast\u00f3n de escalada + Pared sueca + Anillas de gimnasia - BarManiaPro","isPartOf":{"@id":"https:\/\/barmaniapro.com\/es\/#website"},"primaryImageOfPage":{"@id":"https:\/\/barmaniapro.com\/es\/producto\/baston-de-escalada-pared-sueca-anillas-de-gimnasia\/#primaryimage"},"image":{"@id":"https:\/\/barmaniapro.com\/es\/producto\/baston-de-escalada-pared-sueca-anillas-de-gimnasia\/#primaryimage"},"thumbnailUrl":"https:\/\/barmaniapro.com\/wp-content\/uploads\/2022\/06\/BMP-61016_Climbing-pole-swedish-wall-rings_classic_1.png","datePublished":"2022-06-14T13:39:47+00:00","breadcrumb":{"@id":"https:\/\/barmaniapro.com\/es\/producto\/baston-de-escalada-pared-sueca-anillas-de-gimnasia\/#breadcrumb"},"inLanguage":"es","potentialAction":[{"@type":"ReadAction","target":["https:\/\/barmaniapro.com\/es\/producto\/baston-de-escalada-pared-sueca-anillas-de-gimnasia\/"]}]},{"@type":"ImageObject","inLanguage":"es","@id":"https:\/\/barmaniapro.com\/es\/producto\/baston-de-escalada-pared-sueca-anillas-de-gimnasia\/#primaryimage","url":"https:\/\/barmaniapro.com\/wp-content\/uploads\/2022\/06\/BMP-61016_Climbing-pole-swedish-wall-rings_classic_1.png","contentUrl":"https:\/\/barmaniapro.com\/wp-content\/uploads\/2022\/06\/BMP-61016_Climbing-pole-swedish-wall-rings_classic_1.png","width":1770,"height":1770},{"@type":"BreadcrumbList","@id":"https:\/\/barmaniapro.com\/es\/producto\/baston-de-escalada-pared-sueca-anillas-de-gimnasia\/#breadcrumb","itemListElement":[{"@type":"ListItem","position":1,"name":"Tienda","item":"https:\/\/barmaniapro.com\/es\/tienda\/"},{"@type":"ListItem","position":2,"name":"Bast\u00f3n de escalada + Pared sueca + Anillas de gimnasia"}]},{"@type":"WebSite","@id":"https:\/\/barmaniapro.com\/es\/#website","url":"https:\/\/barmaniapro.com\/es\/","name":"BarManiaPro","description":"Manufacturer of Calisthenics equipment","potentialAction":[{"@type":"SearchAction","target":{"@type":"EntryPoint","urlTemplate":"https:\/\/barmaniapro.com\/es\/?s={search_term_string}"},"query-input":{"@type":"PropertyValueSpecification","valueRequired":true,"valueName":"search_term_string"}}],"inLanguage":"es"}]}},"_links":{"self":[{"href":"https:\/\/barmaniapro.com\/es\/wp-json\/wp\/v2\/product\/26972","targetHints":{"allow":["GET"]}}],"collection":[{"href":"https:\/\/barmaniapro.com\/es\/wp-json\/wp\/v2\/product"}],"about":[{"href":"https:\/\/barmaniapro.com\/es\/wp-json\/wp\/v2\/types\/product"}],"replies":[{"embeddable":true,"href":"https:\/\/barmaniapro.com\/es\/wp-json\/wp\/v2\/comments?post=26972"}],"wp:featuredmedia":[{"embeddable":true,"href":"https:\/\/barmaniapro.com\/es\/wp-json\/wp\/v2\/media\/12626"}],"wp:attachment":[{"href":"https:\/\/barmaniapro.com\/es\/wp-json\/wp\/v2\/media?parent=26972"}],"wp:term":[{"taxonomy":"product_brand","embeddable":true,"href":"https:\/\/barmaniapro.com\/es\/wp-json\/wp\/v2\/product_brand?post=26972"},{"taxonomy":"product_cat","embeddable":true,"href":"https:\/\/barmaniapro.com\/es\/wp-json\/wp\/v2\/product_cat?post=26972"},{"taxonomy":"product_tag","embeddable":true,"href":"https:\/\/barmaniapro.com\/es\/wp-json\/wp\/v2\/product_tag?post=26972"}],"curies":[{"name":"wp","href":"https:\/\/api.w.org\/{rel}","templated":true}]}}