{"id":26960,"date":"2025-08-06T12:19:20","date_gmt":"2025-08-06T10:19:20","guid":{"rendered":"https:\/\/barmaniapro.com\/product\/over-under-agility-bars-parcours\/"},"modified":"2025-08-06T12:19:20","modified_gmt":"2025-08-06T10:19:20","slug":"over-under-agility-bars-parcours","status":"publish","type":"product","link":"https:\/\/barmaniapro.com\/es\/producto\/over-under-agility-bars-parcours\/","title":{"rendered":"Over Under Agility Bars Parcours"},"content":{"rendered":"<p data-start=\"220\" data-end=\"599\">Las Barras de Agilidad Superiores e Inferiores BarManiaPro son una soluci\u00f3n de entrenamiento vers\u00e1til y de primera calidad dise\u00f1ada para la agilidad, la movilidad y el acondicionamiento de todo el cuerpo. Con <strong data-start=\"377\" data-end=\"439\">seis barras de agilidad dise\u00f1adas con precisi\u00f3n a distintas alturas<\/strong>, este equipo permite a los atletas, entusiastas de la calistenia y usuarios de fitness funcional realizar una amplia gama de movimientos din\u00e1micos con seguridad y estabilidad. <\/p>\n<p data-start=\"601\" data-end=\"627\">Cada barra de agilidad incluye<\/p>\n<ul data-start=\"629\" data-end=\"1047\">\n<li data-start=\"629\" data-end=\"740\">\n<p data-start=\"631\" data-end=\"740\"><strong data-start=\"631\" data-end=\"672\">Dos robustas columnas de soporte horizontales<\/strong> de <strong data-start=\"692\" data-end=\"704\">101,6 mm de<\/strong> di\u00e1metro para una estabilidad estructural sin igual.<\/p>\n<\/li>\n<li data-start=\"741\" data-end=\"890\">\n<p data-start=\"743\" data-end=\"890\">Un <strong data-start=\"745\" data-end=\"766\">travesa\u00f1o<\/strong> vertical de <strong data-start=\"777\" data-end=\"797\">190 cm de longitud<\/strong> con un c\u00f3modo di\u00e1metro de agarre de <strong data-start=\"834\" data-end=\"845\">48,3 mm<\/strong>, ideal tanto para usuarios principiantes como avanzados.<\/p>\n<\/li>\n<li data-start=\"891\" data-end=\"1047\">\n<p data-start=\"893\" data-end=\"1047\">Todos los manillares est\u00e1n firmemente sujetos mediante el <strong data-start=\"934\" data-end=\"981\">sistema de abrazaderas de aluminio patentado BarManiaPro<\/strong>, conocido por su agarre superior, durabilidad y facilidad de ajuste.<\/p>\n<\/li>\n<\/ul>\n<h6 data-start=\"1049\" data-end=\"1066\">Caracter\u00edsticas principales:<\/h6>\n<ul data-start=\"1067\" data-end=\"1556\">\n<li data-start=\"1067\" data-end=\"1186\">\n<p data-start=\"1069\" data-end=\"1186\"><strong data-start=\"1069\" data-end=\"1091\">Variabilidad de altura<\/strong> Las diferentes alturas de la barra permiten un entrenamiento progresivo y una gama m\u00e1s amplia de patrones de movimiento.<\/p>\n<\/li>\n<li data-start=\"1187\" data-end=\"1337\">\n<p data-start=\"1189\" data-end=\"1337\"><strong data-start=\"1189\" data-end=\"1215\">Materiales de alta calidad<\/strong> Los componentes de acero y aluminio de calidad industrial garantizan un rendimiento duradero tanto en interiores como en exteriores.<\/p>\n<\/li>\n<li data-start=\"1338\" data-end=\"1461\">\n<p data-start=\"1340\" data-end=\"1461\"><strong data-start=\"1340\" data-end=\"1358\">Dise\u00f1o modular<\/strong> Se integra f\u00e1cilmente en parques de calistenia, zonas de fitness funcional o instalaciones de entrenamiento personal.<\/p>\n<\/li>\n<li data-start=\"1462\" data-end=\"1556\">\n<p data-start=\"1464\" data-end=\"1556\"><strong data-start=\"1464\" data-end=\"1493\">Seguridad y dise\u00f1o certificados<\/strong> Dise\u00f1ado para la m\u00e1xima seguridad del usuario y rendimiento ergon\u00f3mico.<\/p>\n<\/li>\n<\/ul>\n","protected":false},"excerpt":{"rendered":"<p data-start=\"2401\" data-end=\"2629\">Tanto si entrenas la agilidad, como si mejoras la movilidad o incorporas t\u00e9cnicas avanzadas de calistenia, <strong data-start=\"2513\" data-end=\"2552\">las barras de agilidad superpuestas BarManiaPro<\/strong> proporcionan la plataforma ideal para entrenamientos vers\u00e1tiles y completos en cualquier entorno.<\/p>\n<p data-start=\"2631\" data-end=\"2765\"><strong data-start=\"2631\" data-end=\"2646\">Perfecto para<\/strong>: Parques de calistenia, academias deportivas, entrenamiento con obst\u00e1culos, centros de rehabilitaci\u00f3n y zonas de fitness funcional.<\/p>\n","protected":false},"featured_media":26589,"comment_status":"open","ping_status":"closed","template":"","meta":{"_acf_changed":false,"inline_featured_image":false},"product_brand":[],"product_cat":[613,614,635,964],"product_tag":[],"class_list":{"0":"post-26960","1":"product","2":"type-product","3":"status-publish","4":"has-post-thumbnail","6":"product_cat-bootcamp-es","7":"product_cat-equipo","8":"product_cat-equipos-de-bootcamp","9":"product_cat-bootcamp","11":"first","12":"instock","13":"taxable","14":"shipping-taxable","15":"product-type-simple"},"acf":[],"yoast_head":"<!-- This site is optimized with the Yoast SEO plugin v26.2 - https:\/\/yoast.com\/wordpress\/plugins\/seo\/ -->\n<title>Over Under Agility Bars Parcours - BarManiaPro<\/title>\n<meta name=\"robots\" content=\"index, follow, max-snippet:-1, max-image-preview:large, max-video-preview:-1\" \/>\n<link rel=\"canonical\" href=\"https:\/\/barmaniapro.com\/es\/producto\/over-under-agility-bars-parcours\/\" \/>\n<meta property=\"og:locale\" content=\"es_ES\" \/>\n<meta property=\"og:type\" content=\"article\" \/>\n<meta property=\"og:title\" content=\"Over Under Agility Bars Parcours - BarManiaPro\" \/>\n<meta property=\"og:description\" content=\"Tanto si entrenas la agilidad, como si mejoras la movilidad o incorporas t\u00e9cnicas avanzadas de calistenia, las barras de agilidad superpuestas BarManiaPro proporcionan la plataforma ideal para entrenamientos vers\u00e1tiles y completos en cualquier entorno. Perfecto para: Parques de calistenia, academias deportivas, entrenamiento con obst\u00e1culos, centros de rehabilitaci\u00f3n y zonas de fitness funcional.\" \/>\n<meta property=\"og:url\" content=\"https:\/\/barmaniapro.com\/es\/producto\/over-under-agility-bars-parcours\/\" \/>\n<meta property=\"og:site_name\" content=\"BarManiaPro\" \/>\n<meta property=\"article:publisher\" content=\"https:\/\/www.facebook.com\/BarManiaPro\/\" \/>\n<meta property=\"og:image\" content=\"https:\/\/barmaniapro.com\/wp-content\/uploads\/2025\/08\/BMP-61030_Over-Under-Agility-Bars_CLASSIC_1-min.png\" \/>\n\t<meta property=\"og:image:width\" content=\"1738\" \/>\n\t<meta property=\"og:image:height\" content=\"1738\" \/>\n\t<meta property=\"og:image:type\" content=\"image\/png\" \/>\n<meta name=\"twitter:card\" content=\"summary_large_image\" \/>\n<meta name=\"twitter:label1\" content=\"Tiempo de lectura\" \/>\n\t<meta name=\"twitter:data1\" content=\"1 minuto\" \/>\n<script type=\"application\/ld+json\" class=\"yoast-schema-graph\">{\"@context\":\"https:\/\/schema.org\",\"@graph\":[{\"@type\":\"WebPage\",\"@id\":\"https:\/\/barmaniapro.com\/es\/producto\/over-under-agility-bars-parcours\/\",\"url\":\"https:\/\/barmaniapro.com\/es\/producto\/over-under-agility-bars-parcours\/\",\"name\":\"Over Under Agility Bars Parcours - BarManiaPro\",\"isPartOf\":{\"@id\":\"https:\/\/barmaniapro.com\/es\/#website\"},\"primaryImageOfPage\":{\"@id\":\"https:\/\/barmaniapro.com\/es\/producto\/over-under-agility-bars-parcours\/#primaryimage\"},\"image\":{\"@id\":\"https:\/\/barmaniapro.com\/es\/producto\/over-under-agility-bars-parcours\/#primaryimage\"},\"thumbnailUrl\":\"https:\/\/barmaniapro.com\/wp-content\/uploads\/2025\/08\/BMP-61030_Over-Under-Agility-Bars_CLASSIC_1-min.png\",\"datePublished\":\"2025-08-06T10:19:20+00:00\",\"breadcrumb\":{\"@id\":\"https:\/\/barmaniapro.com\/es\/producto\/over-under-agility-bars-parcours\/#breadcrumb\"},\"inLanguage\":\"es\",\"potentialAction\":[{\"@type\":\"ReadAction\",\"target\":[\"https:\/\/barmaniapro.com\/es\/producto\/over-under-agility-bars-parcours\/\"]}]},{\"@type\":\"ImageObject\",\"inLanguage\":\"es\",\"@id\":\"https:\/\/barmaniapro.com\/es\/producto\/over-under-agility-bars-parcours\/#primaryimage\",\"url\":\"https:\/\/barmaniapro.com\/wp-content\/uploads\/2025\/08\/BMP-61030_Over-Under-Agility-Bars_CLASSIC_1-min.png\",\"contentUrl\":\"https:\/\/barmaniapro.com\/wp-content\/uploads\/2025\/08\/BMP-61030_Over-Under-Agility-Bars_CLASSIC_1-min.png\",\"width\":1738,\"height\":1738},{\"@type\":\"BreadcrumbList\",\"@id\":\"https:\/\/barmaniapro.com\/es\/producto\/over-under-agility-bars-parcours\/#breadcrumb\",\"itemListElement\":[{\"@type\":\"ListItem\",\"position\":1,\"name\":\"Tienda\",\"item\":\"https:\/\/barmaniapro.com\/es\/tienda\/\"},{\"@type\":\"ListItem\",\"position\":2,\"name\":\"Over Under Agility Bars Parcours\"}]},{\"@type\":\"WebSite\",\"@id\":\"https:\/\/barmaniapro.com\/es\/#website\",\"url\":\"https:\/\/barmaniapro.com\/es\/\",\"name\":\"BarManiaPro\",\"description\":\"Manufacturer of Calisthenics equipment\",\"potentialAction\":[{\"@type\":\"SearchAction\",\"target\":{\"@type\":\"EntryPoint\",\"urlTemplate\":\"https:\/\/barmaniapro.com\/es\/?s={search_term_string}\"},\"query-input\":{\"@type\":\"PropertyValueSpecification\",\"valueRequired\":true,\"valueName\":\"search_term_string\"}}],\"inLanguage\":\"es\"}]}<\/script>\n<!-- \/ Yoast SEO plugin. -->","yoast_head_json":{"title":"Over Under Agility Bars Parcours - BarManiaPro","robots":{"index":"index","follow":"follow","max-snippet":"max-snippet:-1","max-image-preview":"max-image-preview:large","max-video-preview":"max-video-preview:-1"},"canonical":"https:\/\/barmaniapro.com\/es\/producto\/over-under-agility-bars-parcours\/","og_locale":"es_ES","og_type":"article","og_title":"Over Under Agility Bars Parcours - BarManiaPro","og_description":"Tanto si entrenas la agilidad, como si mejoras la movilidad o incorporas t\u00e9cnicas avanzadas de calistenia, las barras de agilidad superpuestas BarManiaPro proporcionan la plataforma ideal para entrenamientos vers\u00e1tiles y completos en cualquier entorno. Perfecto para: Parques de calistenia, academias deportivas, entrenamiento con obst\u00e1culos, centros de rehabilitaci\u00f3n y zonas de fitness funcional.","og_url":"https:\/\/barmaniapro.com\/es\/producto\/over-under-agility-bars-parcours\/","og_site_name":"BarManiaPro","article_publisher":"https:\/\/www.facebook.com\/BarManiaPro\/","og_image":[{"width":1738,"height":1738,"url":"https:\/\/barmaniapro.com\/wp-content\/uploads\/2025\/08\/BMP-61030_Over-Under-Agility-Bars_CLASSIC_1-min.png","type":"image\/png"}],"twitter_card":"summary_large_image","twitter_misc":{"Tiempo de lectura":"1 minuto"},"schema":{"@context":"https:\/\/schema.org","@graph":[{"@type":"WebPage","@id":"https:\/\/barmaniapro.com\/es\/producto\/over-under-agility-bars-parcours\/","url":"https:\/\/barmaniapro.com\/es\/producto\/over-under-agility-bars-parcours\/","name":"Over Under Agility Bars Parcours - BarManiaPro","isPartOf":{"@id":"https:\/\/barmaniapro.com\/es\/#website"},"primaryImageOfPage":{"@id":"https:\/\/barmaniapro.com\/es\/producto\/over-under-agility-bars-parcours\/#primaryimage"},"image":{"@id":"https:\/\/barmaniapro.com\/es\/producto\/over-under-agility-bars-parcours\/#primaryimage"},"thumbnailUrl":"https:\/\/barmaniapro.com\/wp-content\/uploads\/2025\/08\/BMP-61030_Over-Under-Agility-Bars_CLASSIC_1-min.png","datePublished":"2025-08-06T10:19:20+00:00","breadcrumb":{"@id":"https:\/\/barmaniapro.com\/es\/producto\/over-under-agility-bars-parcours\/#breadcrumb"},"inLanguage":"es","potentialAction":[{"@type":"ReadAction","target":["https:\/\/barmaniapro.com\/es\/producto\/over-under-agility-bars-parcours\/"]}]},{"@type":"ImageObject","inLanguage":"es","@id":"https:\/\/barmaniapro.com\/es\/producto\/over-under-agility-bars-parcours\/#primaryimage","url":"https:\/\/barmaniapro.com\/wp-content\/uploads\/2025\/08\/BMP-61030_Over-Under-Agility-Bars_CLASSIC_1-min.png","contentUrl":"https:\/\/barmaniapro.com\/wp-content\/uploads\/2025\/08\/BMP-61030_Over-Under-Agility-Bars_CLASSIC_1-min.png","width":1738,"height":1738},{"@type":"BreadcrumbList","@id":"https:\/\/barmaniapro.com\/es\/producto\/over-under-agility-bars-parcours\/#breadcrumb","itemListElement":[{"@type":"ListItem","position":1,"name":"Tienda","item":"https:\/\/barmaniapro.com\/es\/tienda\/"},{"@type":"ListItem","position":2,"name":"Over Under Agility Bars Parcours"}]},{"@type":"WebSite","@id":"https:\/\/barmaniapro.com\/es\/#website","url":"https:\/\/barmaniapro.com\/es\/","name":"BarManiaPro","description":"Manufacturer of Calisthenics equipment","potentialAction":[{"@type":"SearchAction","target":{"@type":"EntryPoint","urlTemplate":"https:\/\/barmaniapro.com\/es\/?s={search_term_string}"},"query-input":{"@type":"PropertyValueSpecification","valueRequired":true,"valueName":"search_term_string"}}],"inLanguage":"es"}]}},"_links":{"self":[{"href":"https:\/\/barmaniapro.com\/es\/wp-json\/wp\/v2\/product\/26960","targetHints":{"allow":["GET"]}}],"collection":[{"href":"https:\/\/barmaniapro.com\/es\/wp-json\/wp\/v2\/product"}],"about":[{"href":"https:\/\/barmaniapro.com\/es\/wp-json\/wp\/v2\/types\/product"}],"replies":[{"embeddable":true,"href":"https:\/\/barmaniapro.com\/es\/wp-json\/wp\/v2\/comments?post=26960"}],"wp:featuredmedia":[{"embeddable":true,"href":"https:\/\/barmaniapro.com\/es\/wp-json\/wp\/v2\/media\/26589"}],"wp:attachment":[{"href":"https:\/\/barmaniapro.com\/es\/wp-json\/wp\/v2\/media?parent=26960"}],"wp:term":[{"taxonomy":"product_brand","embeddable":true,"href":"https:\/\/barmaniapro.com\/es\/wp-json\/wp\/v2\/product_brand?post=26960"},{"taxonomy":"product_cat","embeddable":true,"href":"https:\/\/barmaniapro.com\/es\/wp-json\/wp\/v2\/product_cat?post=26960"},{"taxonomy":"product_tag","embeddable":true,"href":"https:\/\/barmaniapro.com\/es\/wp-json\/wp\/v2\/product_tag?post=26960"}],"curies":[{"name":"wp","href":"https:\/\/api.w.org\/{rel}","templated":true}]}}