{"id":26959,"date":"2025-12-20T15:38:09","date_gmt":"2025-12-20T14:38:09","guid":{"rendered":"https:\/\/barmaniapro.com\/product\/rayo-equilibrador-parcours\/"},"modified":"2026-02-13T14:00:23","modified_gmt":"2026-02-13T13:00:23","slug":"rayo-equilibrador-parcours","status":"publish","type":"product","link":"https:\/\/barmaniapro.com\/es\/producto\/rayo-equilibrador-parcours\/","title":{"rendered":"Rayo equilibrador Parcours"},"content":{"rendered":"<h5 data-start=\"591\" data-end=\"604\">Caracter\u00edsticas:<\/h5>\n<ul data-start=\"605\" data-end=\"1500\">\n<li data-start=\"605\" data-end=\"891\"><strong data-start=\"607\" data-end=\"653\">Tres Columnas de Soporte (48,3 mm de Di\u00e1metro <\/strong>) Cada una de las cinco <strong data-start=\"659\" data-end=\"689\">Barras de Equilibrio barManiaPro del Parcours<\/strong> est\u00e1 soportada por tres columnas resistentes y duraderas fabricadas en acero inoxidable de alta calidad con un di\u00e1metro de 48,3 mm. Estas columnas proporcionan una base estable para garantizar la seguridad y el equilibrio durante la realizaci\u00f3n de los ejercicios. <\/li>\n<li data-start=\"892\" data-end=\"1212\"><strong data-start=\"894\" data-end=\"942\">Viga de madera dura Billinga (300 cm x 10 cm x 10 cm) <\/strong>Fabricada con madera dura Billinga de primera calidad, esta viga proporciona una superficie lisa y resistente hecha para durar. La textura natural de la madera y su construcci\u00f3n de alta calidad ofrecen una estabilidad fiable durante el uso, al tiempo que proporcionan una superficie c\u00f3moda y antideslizante para tus pies. <\/li>\n<li data-start=\"1213\" data-end=\"1500\"><strong data-start=\"1215\" data-end=\"1245\">Entrenamiento del equilibrio de todo el cuerpo <\/strong>La barra est\u00e1 dise\u00f1ada para mejorar no s\u00f3lo el equilibrio, sino tambi\u00e9n el control y la coordinaci\u00f3n general del cuerpo. Realizar ejercicios en la barra fortalece el tronco, mejora la postura y ayuda a trabajar los m\u00fasculos de la parte inferior del cuerpo, incluidas las piernas y los pies. <\/li>\n<\/ul>\n<h5 data-start=\"1502\" data-end=\"1530\">Ideal para espacios p\u00fablicos<\/h5>\n<ul data-start=\"1531\" data-end=\"3054\">\n<li data-start=\"1531\" data-end=\"1871\"><strong data-start=\"1533\" data-end=\"1571\">Desarrollo de la agilidad y la coordinaci\u00f3n <\/strong>La <strong data-start=\"1577\" data-end=\"1607\">barra de equilibrio barManiaPro Parcours<\/strong> es ideal para desarrollar el equilibrio, la coordinaci\u00f3n y la agilidad. Tanto si entrenas para un deporte, como si mejoras el movimiento funcional o simplemente quieres mejorar el control general de tu cuerpo, esta viga ofrece una herramienta de entrenamiento vers\u00e1til para una amplia gama de ejercicios. <\/li>\n<li data-start=\"1872\" data-end=\"2199\"><strong data-start=\"1874\" data-end=\"1908\">Perfecta para todos los niveles de forma f\u00edsica <\/strong>Tanto si eres un principiante que acaba de iniciarse en los ejercicios de equilibrio como si eres un atleta avanzado que pretende dominar la estabilidad, la <strong data-start=\"2028\" data-end=\"2058\">barraManiaPro Balancing Beam Parcours<\/strong> te proporciona el reto adecuado. Su dise\u00f1o fomenta la mejora gradual, permitiendo a los usuarios aumentar la dificultad a medida que desarrollan sus habilidades. <\/li>\n<li data-start=\"2200\" data-end=\"2545\"><strong data-start=\"2202\" data-end=\"2233\">Duradero y resistente a la intemperie <\/strong>Construido para resistir a la intemperie, el <strong data-start=\"2272\" data-end=\"2302\">barManiaPro Balancing Beam Parcours<\/strong> est\u00e1 fabricado con materiales de alta calidad resistentes al desgaste. Las columnas de acero inoxidable y la viga de madera dura de Billinga est\u00e1n dise\u00f1adas para su uso en exteriores, lo que garantiza una durabilidad y un rendimiento duraderos incluso en diversas condiciones meteorol\u00f3gicas. <\/li>\n<li data-start=\"2546\" data-end=\"2828\">Espacio <strong data-start=\"2548\" data-end=\"2577\">eficiente y compacto <\/strong>Con su dise\u00f1o delgado y compacto, la barra de equilibrio es una gran adici\u00f3n a cualquier parque de fitness, gimnasio al aire libre o espacio p\u00fablico con espacio limitado. Proporciona una herramienta de entrenamiento eficaz sin ocupar mucho espacio, por lo que es perfecta para zonas muy transitadas. <\/li>\n<li data-start=\"2829\" data-end=\"3054\"><strong data-start=\"2831\" data-end=\"2850\">Bajo mantenimiento <\/strong>Dise\u00f1ada pensando en un mantenimiento m\u00ednimo, la <strong data-start=\"2894\" data-end=\"2924\">barra de equilibrio barManiaPro<\/strong> Parcours requiere poco mantenimiento, lo que la convierte en una gran elecci\u00f3n para parques de fitness y gimnasios muy concurridos que necesitan equipos fiables y duraderos.<\/li>\n<\/ul>\n<p data-start=\"3056\" data-end=\"3431\" data-is-last-node=\"\" data-is-only-node=\"\">Eleva tu rutina de fitness y mejora tu equilibrio con la <strong data-start=\"3119\" data-end=\"3149\">barra de equilibrio barManiaPro Parcours,<\/strong>una herramienta de entrenamiento duradera, eficaz y atractiva para mejorar la estabilidad, la coordinaci\u00f3n y el control corporal. Perfecta para atletas de todos los niveles, esta viga es un complemento esencial para espacios de fitness y gimnasios al aire libre, ya que ofrece un reto emocionante para llevar tu entrenamiento a nuevas cotas. <\/p>\n","protected":false},"excerpt":{"rendered":"<p>Mejora tu agilidad, equilibrio y coordinaci\u00f3n con la barra de equilibrio BarManiaPro Parcours, un equipo vers\u00e1til y atractivo dise\u00f1ado para atletas y entusiastas del fitness que buscan mejorar el control y la estabilidad de su cuerpo.<\/p>\n<p>Tanto si eres un principiante que trabaja el equilibrio como un atleta avanzado que afina su coordinaci\u00f3n, la barra de equilibrio barManiaPro Parcours te ofrece un reto emocionante y eficaz. Perfecta para parques de fitness al aire libre, gimnasios o espacios p\u00fablicos, esta barra de equilibrio de alta calidad es ideal para entrenamientos de todo el cuerpo y entrenamiento funcional. <\/p>\n","protected":false},"featured_media":26565,"comment_status":"open","ping_status":"closed","template":"","meta":{"_acf_changed":false,"inline_featured_image":false},"product_brand":[],"product_cat":[613],"product_tag":[615],"class_list":{"0":"post-26959","1":"product","2":"type-product","3":"status-publish","4":"has-post-thumbnail","6":"product_cat-bootcamp-es","7":"product_tag-bootcamp-es","9":"first","10":"instock","11":"taxable","12":"shipping-taxable","13":"product-type-simple"},"acf":[],"yoast_head":"<!-- This site is optimized with the Yoast SEO plugin v26.2 - https:\/\/yoast.com\/wordpress\/plugins\/seo\/ -->\n<title>Rayo equilibrador Parcours - BarManiaPro<\/title>\n<meta name=\"robots\" content=\"index, follow, max-snippet:-1, max-image-preview:large, max-video-preview:-1\" \/>\n<link rel=\"canonical\" href=\"https:\/\/barmaniapro.com\/es\/producto\/rayo-equilibrador-parcours\/\" \/>\n<meta property=\"og:locale\" content=\"es_ES\" \/>\n<meta property=\"og:type\" content=\"article\" \/>\n<meta property=\"og:title\" content=\"Rayo equilibrador Parcours - BarManiaPro\" \/>\n<meta property=\"og:description\" content=\"Mejora tu agilidad, equilibrio y coordinaci\u00f3n con la barra de equilibrio BarManiaPro Parcours, un equipo vers\u00e1til y atractivo dise\u00f1ado para atletas y entusiastas del fitness que buscan mejorar el control y la estabilidad de su cuerpo. Tanto si eres un principiante que trabaja el equilibrio como un atleta avanzado que afina su coordinaci\u00f3n, la barra de equilibrio barManiaPro Parcours te ofrece un reto emocionante y eficaz. Perfecta para parques de fitness al aire libre, gimnasios o espacios p\u00fablicos, esta barra de equilibrio de alta calidad es ideal para entrenamientos de todo el cuerpo y entrenamiento funcional.\" \/>\n<meta property=\"og:url\" content=\"https:\/\/barmaniapro.com\/es\/producto\/rayo-equilibrador-parcours\/\" \/>\n<meta property=\"og:site_name\" content=\"BarManiaPro\" \/>\n<meta property=\"article:publisher\" content=\"https:\/\/www.facebook.com\/BarManiaPro\/\" \/>\n<meta property=\"article:modified_time\" content=\"2026-02-13T13:00:23+00:00\" \/>\n<meta property=\"og:image\" content=\"https:\/\/barmaniapro.com\/wp-content\/uploads\/2025\/12\/BMP-61031_Balance-Beams-Parcours_BLACK_1-min.png\" \/>\n\t<meta property=\"og:image:width\" content=\"1738\" \/>\n\t<meta property=\"og:image:height\" content=\"1738\" \/>\n\t<meta property=\"og:image:type\" content=\"image\/png\" \/>\n<meta name=\"twitter:card\" content=\"summary_large_image\" \/>\n<meta name=\"twitter:label1\" content=\"Tiempo de lectura\" \/>\n\t<meta name=\"twitter:data1\" content=\"3 minuto\" \/>\n<script type=\"application\/ld+json\" class=\"yoast-schema-graph\">{\"@context\":\"https:\/\/schema.org\",\"@graph\":[{\"@type\":\"WebPage\",\"@id\":\"https:\/\/barmaniapro.com\/es\/producto\/rayo-equilibrador-parcours\/\",\"url\":\"https:\/\/barmaniapro.com\/es\/producto\/rayo-equilibrador-parcours\/\",\"name\":\"Rayo equilibrador Parcours - BarManiaPro\",\"isPartOf\":{\"@id\":\"https:\/\/barmaniapro.com\/es\/#website\"},\"primaryImageOfPage\":{\"@id\":\"https:\/\/barmaniapro.com\/es\/producto\/rayo-equilibrador-parcours\/#primaryimage\"},\"image\":{\"@id\":\"https:\/\/barmaniapro.com\/es\/producto\/rayo-equilibrador-parcours\/#primaryimage\"},\"thumbnailUrl\":\"https:\/\/barmaniapro.com\/wp-content\/uploads\/2025\/12\/BMP-61031_Balance-Beams-Parcours_BLACK_1-min.png\",\"datePublished\":\"2025-12-20T14:38:09+00:00\",\"dateModified\":\"2026-02-13T13:00:23+00:00\",\"breadcrumb\":{\"@id\":\"https:\/\/barmaniapro.com\/es\/producto\/rayo-equilibrador-parcours\/#breadcrumb\"},\"inLanguage\":\"es\",\"potentialAction\":[{\"@type\":\"ReadAction\",\"target\":[\"https:\/\/barmaniapro.com\/es\/producto\/rayo-equilibrador-parcours\/\"]}]},{\"@type\":\"ImageObject\",\"inLanguage\":\"es\",\"@id\":\"https:\/\/barmaniapro.com\/es\/producto\/rayo-equilibrador-parcours\/#primaryimage\",\"url\":\"https:\/\/barmaniapro.com\/wp-content\/uploads\/2025\/12\/BMP-61031_Balance-Beams-Parcours_BLACK_1-min.png\",\"contentUrl\":\"https:\/\/barmaniapro.com\/wp-content\/uploads\/2025\/12\/BMP-61031_Balance-Beams-Parcours_BLACK_1-min.png\",\"width\":1738,\"height\":1738},{\"@type\":\"BreadcrumbList\",\"@id\":\"https:\/\/barmaniapro.com\/es\/producto\/rayo-equilibrador-parcours\/#breadcrumb\",\"itemListElement\":[{\"@type\":\"ListItem\",\"position\":1,\"name\":\"Tienda\",\"item\":\"https:\/\/barmaniapro.com\/es\/tienda\/\"},{\"@type\":\"ListItem\",\"position\":2,\"name\":\"Rayo equilibrador Parcours\"}]},{\"@type\":\"WebSite\",\"@id\":\"https:\/\/barmaniapro.com\/es\/#website\",\"url\":\"https:\/\/barmaniapro.com\/es\/\",\"name\":\"BarManiaPro\",\"description\":\"Manufacturer of Calisthenics equipment\",\"potentialAction\":[{\"@type\":\"SearchAction\",\"target\":{\"@type\":\"EntryPoint\",\"urlTemplate\":\"https:\/\/barmaniapro.com\/es\/?s={search_term_string}\"},\"query-input\":{\"@type\":\"PropertyValueSpecification\",\"valueRequired\":true,\"valueName\":\"search_term_string\"}}],\"inLanguage\":\"es\"}]}<\/script>\n<!-- \/ Yoast SEO plugin. -->","yoast_head_json":{"title":"Rayo equilibrador Parcours - BarManiaPro","robots":{"index":"index","follow":"follow","max-snippet":"max-snippet:-1","max-image-preview":"max-image-preview:large","max-video-preview":"max-video-preview:-1"},"canonical":"https:\/\/barmaniapro.com\/es\/producto\/rayo-equilibrador-parcours\/","og_locale":"es_ES","og_type":"article","og_title":"Rayo equilibrador Parcours - BarManiaPro","og_description":"Mejora tu agilidad, equilibrio y coordinaci\u00f3n con la barra de equilibrio BarManiaPro Parcours, un equipo vers\u00e1til y atractivo dise\u00f1ado para atletas y entusiastas del fitness que buscan mejorar el control y la estabilidad de su cuerpo. Tanto si eres un principiante que trabaja el equilibrio como un atleta avanzado que afina su coordinaci\u00f3n, la barra de equilibrio barManiaPro Parcours te ofrece un reto emocionante y eficaz. Perfecta para parques de fitness al aire libre, gimnasios o espacios p\u00fablicos, esta barra de equilibrio de alta calidad es ideal para entrenamientos de todo el cuerpo y entrenamiento funcional.","og_url":"https:\/\/barmaniapro.com\/es\/producto\/rayo-equilibrador-parcours\/","og_site_name":"BarManiaPro","article_publisher":"https:\/\/www.facebook.com\/BarManiaPro\/","article_modified_time":"2026-02-13T13:00:23+00:00","og_image":[{"width":1738,"height":1738,"url":"https:\/\/barmaniapro.com\/wp-content\/uploads\/2025\/12\/BMP-61031_Balance-Beams-Parcours_BLACK_1-min.png","type":"image\/png"}],"twitter_card":"summary_large_image","twitter_misc":{"Tiempo de lectura":"3 minuto"},"schema":{"@context":"https:\/\/schema.org","@graph":[{"@type":"WebPage","@id":"https:\/\/barmaniapro.com\/es\/producto\/rayo-equilibrador-parcours\/","url":"https:\/\/barmaniapro.com\/es\/producto\/rayo-equilibrador-parcours\/","name":"Rayo equilibrador Parcours - BarManiaPro","isPartOf":{"@id":"https:\/\/barmaniapro.com\/es\/#website"},"primaryImageOfPage":{"@id":"https:\/\/barmaniapro.com\/es\/producto\/rayo-equilibrador-parcours\/#primaryimage"},"image":{"@id":"https:\/\/barmaniapro.com\/es\/producto\/rayo-equilibrador-parcours\/#primaryimage"},"thumbnailUrl":"https:\/\/barmaniapro.com\/wp-content\/uploads\/2025\/12\/BMP-61031_Balance-Beams-Parcours_BLACK_1-min.png","datePublished":"2025-12-20T14:38:09+00:00","dateModified":"2026-02-13T13:00:23+00:00","breadcrumb":{"@id":"https:\/\/barmaniapro.com\/es\/producto\/rayo-equilibrador-parcours\/#breadcrumb"},"inLanguage":"es","potentialAction":[{"@type":"ReadAction","target":["https:\/\/barmaniapro.com\/es\/producto\/rayo-equilibrador-parcours\/"]}]},{"@type":"ImageObject","inLanguage":"es","@id":"https:\/\/barmaniapro.com\/es\/producto\/rayo-equilibrador-parcours\/#primaryimage","url":"https:\/\/barmaniapro.com\/wp-content\/uploads\/2025\/12\/BMP-61031_Balance-Beams-Parcours_BLACK_1-min.png","contentUrl":"https:\/\/barmaniapro.com\/wp-content\/uploads\/2025\/12\/BMP-61031_Balance-Beams-Parcours_BLACK_1-min.png","width":1738,"height":1738},{"@type":"BreadcrumbList","@id":"https:\/\/barmaniapro.com\/es\/producto\/rayo-equilibrador-parcours\/#breadcrumb","itemListElement":[{"@type":"ListItem","position":1,"name":"Tienda","item":"https:\/\/barmaniapro.com\/es\/tienda\/"},{"@type":"ListItem","position":2,"name":"Rayo equilibrador Parcours"}]},{"@type":"WebSite","@id":"https:\/\/barmaniapro.com\/es\/#website","url":"https:\/\/barmaniapro.com\/es\/","name":"BarManiaPro","description":"Manufacturer of Calisthenics equipment","potentialAction":[{"@type":"SearchAction","target":{"@type":"EntryPoint","urlTemplate":"https:\/\/barmaniapro.com\/es\/?s={search_term_string}"},"query-input":{"@type":"PropertyValueSpecification","valueRequired":true,"valueName":"search_term_string"}}],"inLanguage":"es"}]}},"_links":{"self":[{"href":"https:\/\/barmaniapro.com\/es\/wp-json\/wp\/v2\/product\/26959","targetHints":{"allow":["GET"]}}],"collection":[{"href":"https:\/\/barmaniapro.com\/es\/wp-json\/wp\/v2\/product"}],"about":[{"href":"https:\/\/barmaniapro.com\/es\/wp-json\/wp\/v2\/types\/product"}],"replies":[{"embeddable":true,"href":"https:\/\/barmaniapro.com\/es\/wp-json\/wp\/v2\/comments?post=26959"}],"wp:featuredmedia":[{"embeddable":true,"href":"https:\/\/barmaniapro.com\/es\/wp-json\/wp\/v2\/media\/26565"}],"wp:attachment":[{"href":"https:\/\/barmaniapro.com\/es\/wp-json\/wp\/v2\/media?parent=26959"}],"wp:term":[{"taxonomy":"product_brand","embeddable":true,"href":"https:\/\/barmaniapro.com\/es\/wp-json\/wp\/v2\/product_brand?post=26959"},{"taxonomy":"product_cat","embeddable":true,"href":"https:\/\/barmaniapro.com\/es\/wp-json\/wp\/v2\/product_cat?post=26959"},{"taxonomy":"product_tag","embeddable":true,"href":"https:\/\/barmaniapro.com\/es\/wp-json\/wp\/v2\/product_tag?post=26959"}],"curies":[{"name":"wp","href":"https:\/\/api.w.org\/{rel}","templated":true}]}}