{"id":14946,"date":"2023-08-28T12:16:15","date_gmt":"2023-08-28T10:16:15","guid":{"rendered":"https:\/\/barmaniapro.com\/product\/tireflip\/"},"modified":"2026-01-18T17:53:41","modified_gmt":"2026-01-18T16:53:41","slug":"tireflip","status":"publish","type":"product","link":"https:\/\/barmaniapro.com\/es\/producto\/tireflip\/","title":{"rendered":"Tireflip"},"content":{"rendered":"<h5 data-start=\"613\" data-end=\"626\">Caracter\u00edsticas:<\/h5>\n<ul data-start=\"627\" data-end=\"1518\">\n<li data-start=\"627\" data-end=\"939\"><strong data-start=\"629\" data-end=\"671\">Tubo de acero inoxidable (48,3 mm de di\u00e1metro)<\/strong>: El tubo de acero inoxidable de alta resistencia proporciona una estructura robusta y estable para la estaci\u00f3n de volteo de neum\u00e1ticos, lo que garantiza durabilidad y fiabilidad incluso durante las sesiones de entrenamiento intensas. El di\u00e1metro de 48,3 mm ofrece una base s\u00f3lida, lo que permite realizar volteos suaves y controlados. <\/li>\n<li data-start=\"940\" data-end=\"1227\"><strong data-start=\"942\" data-end=\"956\">Neum\u00e1tico de cami\u00f3n<\/strong>: El neum\u00e1tico de cami\u00f3n sobredimensionado y duradero est\u00e1 dise\u00f1ado para soportar volteos repetidos, lo que lo convierte en la herramienta ideal de peso y resistencia para desarrollar la fuerza total del cuerpo. Su construcci\u00f3n de alta resistencia involucra a m\u00faltiples grupos musculares, centr\u00e1ndose en las piernas, el tronco, los brazos y los hombros. <\/li>\n<li data-start=\"1228\" data-end=\"1515\"><strong data-start=\"1230\" data-end=\"1252\">Fitness funcional<\/strong>: El volteo de neum\u00e1ticos es un ejercicio excepcional de cuerpo completo que mejora la potencia explosiva, la coordinaci\u00f3n y la resistencia. Al voltear el neum\u00e1tico, se dirigen a grupos musculares clave en un movimiento din\u00e1mico y funcional que imita los desaf\u00edos de la vida real, promoviendo la fuerza y la agilidad. <\/li>\n<\/ul>\n<h5 data-start=\"1519\" data-end=\"1547\">Ideal para espacios p\u00fablicos:<\/h5>\n<ul data-start=\"1548\" data-end=\"2866\">\n<li data-start=\"1548\" data-end=\"1841\"><strong data-start=\"1550\" data-end=\"1582\">Desarrollo de fuerza y potencia<\/strong>: La <strong data-start=\"1588\" data-end=\"1612\">barraManiaPro Tireflip<\/strong> es perfecta para desarrollar la fuerza de todo el cuerpo, la potencia explosiva y la resistencia. Es un ejercicio excelente para los atletas que desean aumentar su forma f\u00edsica funcional o para cualquiera que quiera superar sus l\u00edmites y desarrollar m\u00e1s m\u00fasculo.<\/li>\n<li data-start=\"1842\" data-end=\"2097\"><strong data-start=\"1844\" data-end=\"1875\">Ideal para grupos y motivador<\/strong>: El volteo de neum\u00e1ticos es un ejercicio atractivo y competitivo, ideal para entrenamientos en grupo o desaf\u00edos de fitness. Motiva a las personas a esforzarse, lo que lo hace perfecto para parques de fitness al aire libre, gimnasios y espacios comunitarios. <\/li>\n<li data-start=\"2098\" data-end=\"2405\"><strong data-start=\"2100\" data-end=\"2131\">Duradero y resistente a la intemperie<\/strong>: Construido con acero inoxidable de alta calidad y un robusto neum\u00e1tico de cami\u00f3n, el <strong data-start=\"2208\" data-end=\"2232\">barManiaPro Tireflip<\/strong> est\u00e1 hecho para soportar los elementos, por lo que es perfecto para usar en cualquier condici\u00f3n meteorol\u00f3gica. Su robusta construcci\u00f3n garantiza un rendimiento duradero en entornos muy transitados.<\/li>\n<li data-start=\"2406\" data-end=\"2682\"><strong data-start=\"2408\" data-end=\"2427\">Espacio eficiente<\/strong>: El <strong data-start=\"2433\" data-end=\"2457\">barManiaPro Tireflip<\/strong> ocupa poco espacio, por lo que es ideal para espacios con poco espacio para equipos m\u00e1s grandes. Su dise\u00f1o permite integrarlo f\u00e1cilmente en zonas de fitness o gimnasios al aire libre, ofreciendo una herramienta de entrenamiento \u00fanica y eficaz.<\/li>\n<li data-start=\"2683\" data-end=\"2866\"><strong data-start=\"2685\" data-end=\"2704\">Bajo mantenimiento<\/strong>: Construida con materiales duraderos y resistentes a la intemperie, esta estaci\u00f3n de volteo de neum\u00e1ticos requiere un mantenimiento m\u00ednimo, lo que garantiza que siga siendo funcional y segura durante muchos a\u00f1os.<\/li>\n<\/ul>\n<p data-start=\"2868\" data-end=\"3341\" data-is-last-node=\"\" data-is-only-node=\"\">Lleva tu entrenamiento al siguiente nivel con la <strong data-start=\"2914\" data-end=\"2938\">barraManiaPro Tireflip, una<\/strong>forma emocionante y potente de desarrollar fuerza, resistencia y potencia explosiva. Tanto si eres un atleta, un entusiasta del fitness o simplemente buscas una nueva forma de desafiarte a ti mismo, esta estaci\u00f3n de volteo de neum\u00e1ticos proporciona un entrenamiento din\u00e1mico que involucra a todo tu cuerpo. Perfecto para espacios p\u00fablicos, gimnasios o parques de fitness, el <strong data-start=\"3257\" data-end=\"3281\">barManiaPro Tireflip<\/strong> es la herramienta definitiva para liberar todo tu potencial de fitness.<\/p>\n","protected":false},"excerpt":{"rendered":"<p>Supere sus l\u00edmites de fitness y participe en un entrenamiento verdaderamente din\u00e1mico con el barManiaPro Tireflip, un equipo robusto y eficaz dise\u00f1ado para desarrollar fuerza, potencia y resistencia.<\/p>\n<p>Ideal para parques de fitness al aire libre, gimnasios y espacios p\u00fablicos, esta estaci\u00f3n de volteo de neum\u00e1ticos combina el desaf\u00edo del volteo de neum\u00e1ticos con un robusto marco de acero inoxidable, proporcionando una experiencia de entrenamiento funcional y emocionante. Tanto si est\u00e1 entrenando para el rendimiento atl\u00e9tico como si simplemente busca a\u00f1adir variedad a su rutina, el barManiaPro Tireflip es la herramienta definitiva para mejorar el fitness funcional. <\/p>\n","protected":false},"featured_media":12547,"comment_status":"open","ping_status":"closed","template":"","meta":{"_acf_changed":false,"inline_featured_image":false},"product_brand":[],"product_cat":[613],"product_tag":[615],"class_list":{"0":"post-14946","1":"product","2":"type-product","3":"status-publish","4":"has-post-thumbnail","6":"product_cat-bootcamp-es","7":"product_tag-bootcamp-es","9":"first","10":"instock","11":"taxable","12":"shipping-taxable","13":"product-type-simple"},"acf":[],"yoast_head":"<!-- This site is optimized with the Yoast SEO plugin v26.2 - https:\/\/yoast.com\/wordpress\/plugins\/seo\/ -->\n<title>Tireflip - BarManiaPro<\/title>\n<meta name=\"robots\" content=\"index, follow, max-snippet:-1, max-image-preview:large, max-video-preview:-1\" \/>\n<link rel=\"canonical\" href=\"https:\/\/barmaniapro.com\/es\/producto\/tireflip\/\" \/>\n<meta property=\"og:locale\" content=\"es_ES\" \/>\n<meta property=\"og:type\" content=\"article\" \/>\n<meta property=\"og:title\" content=\"Tireflip - BarManiaPro\" \/>\n<meta property=\"og:description\" content=\"Supere sus l\u00edmites de fitness y participe en un entrenamiento verdaderamente din\u00e1mico con el barManiaPro Tireflip, un equipo robusto y eficaz dise\u00f1ado para desarrollar fuerza, potencia y resistencia. Ideal para parques de fitness al aire libre, gimnasios y espacios p\u00fablicos, esta estaci\u00f3n de volteo de neum\u00e1ticos combina el desaf\u00edo del volteo de neum\u00e1ticos con un robusto marco de acero inoxidable, proporcionando una experiencia de entrenamiento funcional y emocionante. Tanto si est\u00e1 entrenando para el rendimiento atl\u00e9tico como si simplemente busca a\u00f1adir variedad a su rutina, el barManiaPro Tireflip es la herramienta definitiva para mejorar el fitness funcional.\" \/>\n<meta property=\"og:url\" content=\"https:\/\/barmaniapro.com\/es\/producto\/tireflip\/\" \/>\n<meta property=\"og:site_name\" content=\"BarManiaPro\" \/>\n<meta property=\"article:publisher\" content=\"https:\/\/www.facebook.com\/BarManiaPro\/\" \/>\n<meta property=\"article:modified_time\" content=\"2026-01-18T16:53:41+00:00\" \/>\n<meta property=\"og:image\" content=\"https:\/\/barmaniapro.com\/wp-content\/uploads\/2023\/08\/BMP-61002_Tireflip_classic_1.png\" \/>\n\t<meta property=\"og:image:width\" content=\"1770\" \/>\n\t<meta property=\"og:image:height\" content=\"1770\" \/>\n\t<meta property=\"og:image:type\" content=\"image\/png\" \/>\n<meta name=\"twitter:card\" content=\"summary_large_image\" \/>\n<meta name=\"twitter:label1\" content=\"Tiempo de lectura\" \/>\n\t<meta name=\"twitter:data1\" content=\"3 minuto\" \/>\n<script type=\"application\/ld+json\" class=\"yoast-schema-graph\">{\"@context\":\"https:\/\/schema.org\",\"@graph\":[{\"@type\":\"WebPage\",\"@id\":\"https:\/\/barmaniapro.com\/es\/producto\/tireflip\/\",\"url\":\"https:\/\/barmaniapro.com\/es\/producto\/tireflip\/\",\"name\":\"Tireflip - BarManiaPro\",\"isPartOf\":{\"@id\":\"https:\/\/barmaniapro.com\/es\/#website\"},\"primaryImageOfPage\":{\"@id\":\"https:\/\/barmaniapro.com\/es\/producto\/tireflip\/#primaryimage\"},\"image\":{\"@id\":\"https:\/\/barmaniapro.com\/es\/producto\/tireflip\/#primaryimage\"},\"thumbnailUrl\":\"https:\/\/barmaniapro.com\/wp-content\/uploads\/2023\/08\/BMP-61002_Tireflip_classic_1.png\",\"datePublished\":\"2023-08-28T10:16:15+00:00\",\"dateModified\":\"2026-01-18T16:53:41+00:00\",\"breadcrumb\":{\"@id\":\"https:\/\/barmaniapro.com\/es\/producto\/tireflip\/#breadcrumb\"},\"inLanguage\":\"es\",\"potentialAction\":[{\"@type\":\"ReadAction\",\"target\":[\"https:\/\/barmaniapro.com\/es\/producto\/tireflip\/\"]}]},{\"@type\":\"ImageObject\",\"inLanguage\":\"es\",\"@id\":\"https:\/\/barmaniapro.com\/es\/producto\/tireflip\/#primaryimage\",\"url\":\"https:\/\/barmaniapro.com\/wp-content\/uploads\/2023\/08\/BMP-61002_Tireflip_classic_1.png\",\"contentUrl\":\"https:\/\/barmaniapro.com\/wp-content\/uploads\/2023\/08\/BMP-61002_Tireflip_classic_1.png\",\"width\":1770,\"height\":1770},{\"@type\":\"BreadcrumbList\",\"@id\":\"https:\/\/barmaniapro.com\/es\/producto\/tireflip\/#breadcrumb\",\"itemListElement\":[{\"@type\":\"ListItem\",\"position\":1,\"name\":\"Tienda\",\"item\":\"https:\/\/barmaniapro.com\/es\/tienda\/\"},{\"@type\":\"ListItem\",\"position\":2,\"name\":\"Tireflip\"}]},{\"@type\":\"WebSite\",\"@id\":\"https:\/\/barmaniapro.com\/es\/#website\",\"url\":\"https:\/\/barmaniapro.com\/es\/\",\"name\":\"BarManiaPro\",\"description\":\"Manufacturer of Calisthenics equipment\",\"potentialAction\":[{\"@type\":\"SearchAction\",\"target\":{\"@type\":\"EntryPoint\",\"urlTemplate\":\"https:\/\/barmaniapro.com\/es\/?s={search_term_string}\"},\"query-input\":{\"@type\":\"PropertyValueSpecification\",\"valueRequired\":true,\"valueName\":\"search_term_string\"}}],\"inLanguage\":\"es\"}]}<\/script>\n<!-- \/ Yoast SEO plugin. -->","yoast_head_json":{"title":"Tireflip - BarManiaPro","robots":{"index":"index","follow":"follow","max-snippet":"max-snippet:-1","max-image-preview":"max-image-preview:large","max-video-preview":"max-video-preview:-1"},"canonical":"https:\/\/barmaniapro.com\/es\/producto\/tireflip\/","og_locale":"es_ES","og_type":"article","og_title":"Tireflip - BarManiaPro","og_description":"Supere sus l\u00edmites de fitness y participe en un entrenamiento verdaderamente din\u00e1mico con el barManiaPro Tireflip, un equipo robusto y eficaz dise\u00f1ado para desarrollar fuerza, potencia y resistencia. Ideal para parques de fitness al aire libre, gimnasios y espacios p\u00fablicos, esta estaci\u00f3n de volteo de neum\u00e1ticos combina el desaf\u00edo del volteo de neum\u00e1ticos con un robusto marco de acero inoxidable, proporcionando una experiencia de entrenamiento funcional y emocionante. Tanto si est\u00e1 entrenando para el rendimiento atl\u00e9tico como si simplemente busca a\u00f1adir variedad a su rutina, el barManiaPro Tireflip es la herramienta definitiva para mejorar el fitness funcional.","og_url":"https:\/\/barmaniapro.com\/es\/producto\/tireflip\/","og_site_name":"BarManiaPro","article_publisher":"https:\/\/www.facebook.com\/BarManiaPro\/","article_modified_time":"2026-01-18T16:53:41+00:00","og_image":[{"width":1770,"height":1770,"url":"https:\/\/barmaniapro.com\/wp-content\/uploads\/2023\/08\/BMP-61002_Tireflip_classic_1.png","type":"image\/png"}],"twitter_card":"summary_large_image","twitter_misc":{"Tiempo de lectura":"3 minuto"},"schema":{"@context":"https:\/\/schema.org","@graph":[{"@type":"WebPage","@id":"https:\/\/barmaniapro.com\/es\/producto\/tireflip\/","url":"https:\/\/barmaniapro.com\/es\/producto\/tireflip\/","name":"Tireflip - BarManiaPro","isPartOf":{"@id":"https:\/\/barmaniapro.com\/es\/#website"},"primaryImageOfPage":{"@id":"https:\/\/barmaniapro.com\/es\/producto\/tireflip\/#primaryimage"},"image":{"@id":"https:\/\/barmaniapro.com\/es\/producto\/tireflip\/#primaryimage"},"thumbnailUrl":"https:\/\/barmaniapro.com\/wp-content\/uploads\/2023\/08\/BMP-61002_Tireflip_classic_1.png","datePublished":"2023-08-28T10:16:15+00:00","dateModified":"2026-01-18T16:53:41+00:00","breadcrumb":{"@id":"https:\/\/barmaniapro.com\/es\/producto\/tireflip\/#breadcrumb"},"inLanguage":"es","potentialAction":[{"@type":"ReadAction","target":["https:\/\/barmaniapro.com\/es\/producto\/tireflip\/"]}]},{"@type":"ImageObject","inLanguage":"es","@id":"https:\/\/barmaniapro.com\/es\/producto\/tireflip\/#primaryimage","url":"https:\/\/barmaniapro.com\/wp-content\/uploads\/2023\/08\/BMP-61002_Tireflip_classic_1.png","contentUrl":"https:\/\/barmaniapro.com\/wp-content\/uploads\/2023\/08\/BMP-61002_Tireflip_classic_1.png","width":1770,"height":1770},{"@type":"BreadcrumbList","@id":"https:\/\/barmaniapro.com\/es\/producto\/tireflip\/#breadcrumb","itemListElement":[{"@type":"ListItem","position":1,"name":"Tienda","item":"https:\/\/barmaniapro.com\/es\/tienda\/"},{"@type":"ListItem","position":2,"name":"Tireflip"}]},{"@type":"WebSite","@id":"https:\/\/barmaniapro.com\/es\/#website","url":"https:\/\/barmaniapro.com\/es\/","name":"BarManiaPro","description":"Manufacturer of Calisthenics equipment","potentialAction":[{"@type":"SearchAction","target":{"@type":"EntryPoint","urlTemplate":"https:\/\/barmaniapro.com\/es\/?s={search_term_string}"},"query-input":{"@type":"PropertyValueSpecification","valueRequired":true,"valueName":"search_term_string"}}],"inLanguage":"es"}]}},"_links":{"self":[{"href":"https:\/\/barmaniapro.com\/es\/wp-json\/wp\/v2\/product\/14946","targetHints":{"allow":["GET"]}}],"collection":[{"href":"https:\/\/barmaniapro.com\/es\/wp-json\/wp\/v2\/product"}],"about":[{"href":"https:\/\/barmaniapro.com\/es\/wp-json\/wp\/v2\/types\/product"}],"replies":[{"embeddable":true,"href":"https:\/\/barmaniapro.com\/es\/wp-json\/wp\/v2\/comments?post=14946"}],"wp:featuredmedia":[{"embeddable":true,"href":"https:\/\/barmaniapro.com\/es\/wp-json\/wp\/v2\/media\/12547"}],"wp:attachment":[{"href":"https:\/\/barmaniapro.com\/es\/wp-json\/wp\/v2\/media?parent=14946"}],"wp:term":[{"taxonomy":"product_brand","embeddable":true,"href":"https:\/\/barmaniapro.com\/es\/wp-json\/wp\/v2\/product_brand?post=14946"},{"taxonomy":"product_cat","embeddable":true,"href":"https:\/\/barmaniapro.com\/es\/wp-json\/wp\/v2\/product_cat?post=14946"},{"taxonomy":"product_tag","embeddable":true,"href":"https:\/\/barmaniapro.com\/es\/wp-json\/wp\/v2\/product_tag?post=14946"}],"curies":[{"name":"wp","href":"https:\/\/api.w.org\/{rel}","templated":true}]}}