{"id":14904,"date":"2025-01-09T14:29:22","date_gmt":"2025-01-09T13:29:22","guid":{"rendered":"https:\/\/barmaniapro.com\/product\/barmaniapro-grips-de-entrenamiento-pack-duo\/"},"modified":"2026-01-18T17:50:57","modified_gmt":"2026-01-18T16:50:57","slug":"barmaniapro-grips-de-entrenamiento-pack-duo","status":"publish","type":"product","link":"https:\/\/barmaniapro.com\/es\/producto\/barmaniapro-grips-de-entrenamiento-pack-duo\/","title":{"rendered":"BarManiaPro\u00ae grips de entrenamiento, pack DUO"},"content":{"rendered":"<p>Fabricados con tejido de cuero de microfibra de primera calidad, los grips BarManiaPro\u00ae ofrecen una durabilidad superior, proporcionando una sujeci\u00f3n firme incluso en los entrenamientos m\u00e1s exigentes. El soporte de mu\u00f1eca integrado garantiza una mayor estabilidad, ayudando a reducir la tensi\u00f3n y a mantener la concentraci\u00f3n en la forma. Ya no tendr\u00e1 que preocuparse por las palmas sudorosas o por perder el agarre a mitad de la repetici\u00f3n: estos grips ofrecen la fiabilidad que necesita para entrenar m\u00e1s duro y durante m\u00e1s tiempo.  <\/p>\n<p>Disponibles en los elegantes colores blanco y negro, los grips BarManiaPro\u00ae se ofrecen en cuatro tallas (S, M, L y XL), lo que garantiza un ajuste perfecto para cada atleta. Cada juego incluye dos grips y est\u00e1n rematados con el ic\u00f3nico parche de velcro BarManiaPro, que refleja la calidad y el compromiso de la marca. <\/p>\n<p>Dise\u00f1ados para aquellos que exigen lo mejor, los grips de entrenamiento BarManiaPro\u00ae son el complemento perfecto para su equipo de entrenamiento. Prep\u00e1rese para experimentar un mejor agarre, una mayor comodidad y un nuevo nivel de rendimiento en sus entrenamientos de calistenia. <\/p>\n","protected":false},"excerpt":{"rendered":"<p>\u25cf El pack DUO incluye un juego de grips en blanco y negro<br \/>\n\u25cf Protecci\u00f3n de las manos durante el entrenamiento.<br \/>\n\u25cf Evita el deslizamiento y proporciona soporte para la mu\u00f1eca<br \/>\n\u25cf Adecuado para movimientos libres y explosivos<\/p>\n","protected":false},"featured_media":14348,"comment_status":"open","ping_status":"closed","template":"","meta":{"_acf_changed":false,"inline_featured_image":false},"product_brand":[],"product_cat":[630,654],"product_tag":[611],"class_list":{"0":"post-14904","1":"product","2":"type-product","3":"status-publish","4":"has-post-thumbnail","6":"product_cat-accesorios","7":"product_cat-grips-magnesio-y-esparadrapo","8":"product_tag-calistenia","10":"first","11":"instock","12":"taxable","13":"shipping-taxable","14":"purchasable","15":"product-type-variable"},"acf":[],"yoast_head":"<!-- This site is optimized with the Yoast SEO plugin v26.2 - https:\/\/yoast.com\/wordpress\/plugins\/seo\/ -->\n<title>BarManiaPro\u00ae grips de entrenamiento, pack DUO - BarManiaPro<\/title>\n<meta name=\"robots\" content=\"index, follow, max-snippet:-1, max-image-preview:large, max-video-preview:-1\" \/>\n<link rel=\"canonical\" href=\"https:\/\/barmaniapro.com\/es\/producto\/barmaniapro-grips-de-entrenamiento-pack-duo\/\" \/>\n<meta property=\"og:locale\" content=\"es_ES\" \/>\n<meta property=\"og:type\" content=\"article\" \/>\n<meta property=\"og:title\" content=\"BarManiaPro\u00ae grips de entrenamiento, pack DUO - BarManiaPro\" \/>\n<meta property=\"og:description\" content=\"\u25cf El pack DUO incluye un juego de grips en blanco y negro \u25cf Protecci\u00f3n de las manos durante el entrenamiento. \u25cf Evita el deslizamiento y proporciona soporte para la mu\u00f1eca \u25cf Adecuado para movimientos libres y explosivos\" \/>\n<meta property=\"og:url\" content=\"https:\/\/barmaniapro.com\/es\/producto\/barmaniapro-grips-de-entrenamiento-pack-duo\/\" \/>\n<meta property=\"og:site_name\" content=\"BarManiaPro\" \/>\n<meta property=\"article:publisher\" content=\"https:\/\/www.facebook.com\/BarManiaPro\/\" \/>\n<meta property=\"article:modified_time\" content=\"2026-01-18T16:50:57+00:00\" \/>\n<meta property=\"og:image\" content=\"https:\/\/barmaniapro.com\/wp-content\/uploads\/2025\/01\/1000014150_inPixio.jpg\" \/>\n\t<meta property=\"og:image:width\" content=\"714\" \/>\n\t<meta property=\"og:image:height\" content=\"1000\" \/>\n\t<meta property=\"og:image:type\" content=\"image\/jpeg\" \/>\n<meta name=\"twitter:card\" content=\"summary_large_image\" \/>\n<meta name=\"twitter:label1\" content=\"Tiempo de lectura\" \/>\n\t<meta name=\"twitter:data1\" content=\"1 minuto\" \/>\n<script type=\"application\/ld+json\" class=\"yoast-schema-graph\">{\"@context\":\"https:\/\/schema.org\",\"@graph\":[{\"@type\":\"WebPage\",\"@id\":\"https:\/\/barmaniapro.com\/es\/producto\/barmaniapro-grips-de-entrenamiento-pack-duo\/\",\"url\":\"https:\/\/barmaniapro.com\/es\/producto\/barmaniapro-grips-de-entrenamiento-pack-duo\/\",\"name\":\"BarManiaPro\u00ae grips de entrenamiento, pack DUO - BarManiaPro\",\"isPartOf\":{\"@id\":\"https:\/\/barmaniapro.com\/es\/#website\"},\"primaryImageOfPage\":{\"@id\":\"https:\/\/barmaniapro.com\/es\/producto\/barmaniapro-grips-de-entrenamiento-pack-duo\/#primaryimage\"},\"image\":{\"@id\":\"https:\/\/barmaniapro.com\/es\/producto\/barmaniapro-grips-de-entrenamiento-pack-duo\/#primaryimage\"},\"thumbnailUrl\":\"https:\/\/barmaniapro.com\/wp-content\/uploads\/2025\/01\/1000014150_inPixio.jpg\",\"datePublished\":\"2025-01-09T13:29:22+00:00\",\"dateModified\":\"2026-01-18T16:50:57+00:00\",\"breadcrumb\":{\"@id\":\"https:\/\/barmaniapro.com\/es\/producto\/barmaniapro-grips-de-entrenamiento-pack-duo\/#breadcrumb\"},\"inLanguage\":\"es\",\"potentialAction\":[{\"@type\":\"ReadAction\",\"target\":[\"https:\/\/barmaniapro.com\/es\/producto\/barmaniapro-grips-de-entrenamiento-pack-duo\/\"]}]},{\"@type\":\"ImageObject\",\"inLanguage\":\"es\",\"@id\":\"https:\/\/barmaniapro.com\/es\/producto\/barmaniapro-grips-de-entrenamiento-pack-duo\/#primaryimage\",\"url\":\"https:\/\/barmaniapro.com\/wp-content\/uploads\/2025\/01\/1000014150_inPixio.jpg\",\"contentUrl\":\"https:\/\/barmaniapro.com\/wp-content\/uploads\/2025\/01\/1000014150_inPixio.jpg\",\"width\":714,\"height\":1000},{\"@type\":\"BreadcrumbList\",\"@id\":\"https:\/\/barmaniapro.com\/es\/producto\/barmaniapro-grips-de-entrenamiento-pack-duo\/#breadcrumb\",\"itemListElement\":[{\"@type\":\"ListItem\",\"position\":1,\"name\":\"Tienda\",\"item\":\"https:\/\/barmaniapro.com\/es\/tienda\/\"},{\"@type\":\"ListItem\",\"position\":2,\"name\":\"BarManiaPro\u00ae grips de entrenamiento, pack DUO\"}]},{\"@type\":\"WebSite\",\"@id\":\"https:\/\/barmaniapro.com\/es\/#website\",\"url\":\"https:\/\/barmaniapro.com\/es\/\",\"name\":\"BarManiaPro\",\"description\":\"Manufacturer of Calisthenics equipment\",\"potentialAction\":[{\"@type\":\"SearchAction\",\"target\":{\"@type\":\"EntryPoint\",\"urlTemplate\":\"https:\/\/barmaniapro.com\/es\/?s={search_term_string}\"},\"query-input\":{\"@type\":\"PropertyValueSpecification\",\"valueRequired\":true,\"valueName\":\"search_term_string\"}}],\"inLanguage\":\"es\"}]}<\/script>\n<!-- \/ Yoast SEO plugin. -->","yoast_head_json":{"title":"BarManiaPro\u00ae grips de entrenamiento, pack DUO - BarManiaPro","robots":{"index":"index","follow":"follow","max-snippet":"max-snippet:-1","max-image-preview":"max-image-preview:large","max-video-preview":"max-video-preview:-1"},"canonical":"https:\/\/barmaniapro.com\/es\/producto\/barmaniapro-grips-de-entrenamiento-pack-duo\/","og_locale":"es_ES","og_type":"article","og_title":"BarManiaPro\u00ae grips de entrenamiento, pack DUO - BarManiaPro","og_description":"\u25cf El pack DUO incluye un juego de grips en blanco y negro \u25cf Protecci\u00f3n de las manos durante el entrenamiento. \u25cf Evita el deslizamiento y proporciona soporte para la mu\u00f1eca \u25cf Adecuado para movimientos libres y explosivos","og_url":"https:\/\/barmaniapro.com\/es\/producto\/barmaniapro-grips-de-entrenamiento-pack-duo\/","og_site_name":"BarManiaPro","article_publisher":"https:\/\/www.facebook.com\/BarManiaPro\/","article_modified_time":"2026-01-18T16:50:57+00:00","og_image":[{"width":714,"height":1000,"url":"https:\/\/barmaniapro.com\/wp-content\/uploads\/2025\/01\/1000014150_inPixio.jpg","type":"image\/jpeg"}],"twitter_card":"summary_large_image","twitter_misc":{"Tiempo de lectura":"1 minuto"},"schema":{"@context":"https:\/\/schema.org","@graph":[{"@type":"WebPage","@id":"https:\/\/barmaniapro.com\/es\/producto\/barmaniapro-grips-de-entrenamiento-pack-duo\/","url":"https:\/\/barmaniapro.com\/es\/producto\/barmaniapro-grips-de-entrenamiento-pack-duo\/","name":"BarManiaPro\u00ae grips de entrenamiento, pack DUO - BarManiaPro","isPartOf":{"@id":"https:\/\/barmaniapro.com\/es\/#website"},"primaryImageOfPage":{"@id":"https:\/\/barmaniapro.com\/es\/producto\/barmaniapro-grips-de-entrenamiento-pack-duo\/#primaryimage"},"image":{"@id":"https:\/\/barmaniapro.com\/es\/producto\/barmaniapro-grips-de-entrenamiento-pack-duo\/#primaryimage"},"thumbnailUrl":"https:\/\/barmaniapro.com\/wp-content\/uploads\/2025\/01\/1000014150_inPixio.jpg","datePublished":"2025-01-09T13:29:22+00:00","dateModified":"2026-01-18T16:50:57+00:00","breadcrumb":{"@id":"https:\/\/barmaniapro.com\/es\/producto\/barmaniapro-grips-de-entrenamiento-pack-duo\/#breadcrumb"},"inLanguage":"es","potentialAction":[{"@type":"ReadAction","target":["https:\/\/barmaniapro.com\/es\/producto\/barmaniapro-grips-de-entrenamiento-pack-duo\/"]}]},{"@type":"ImageObject","inLanguage":"es","@id":"https:\/\/barmaniapro.com\/es\/producto\/barmaniapro-grips-de-entrenamiento-pack-duo\/#primaryimage","url":"https:\/\/barmaniapro.com\/wp-content\/uploads\/2025\/01\/1000014150_inPixio.jpg","contentUrl":"https:\/\/barmaniapro.com\/wp-content\/uploads\/2025\/01\/1000014150_inPixio.jpg","width":714,"height":1000},{"@type":"BreadcrumbList","@id":"https:\/\/barmaniapro.com\/es\/producto\/barmaniapro-grips-de-entrenamiento-pack-duo\/#breadcrumb","itemListElement":[{"@type":"ListItem","position":1,"name":"Tienda","item":"https:\/\/barmaniapro.com\/es\/tienda\/"},{"@type":"ListItem","position":2,"name":"BarManiaPro\u00ae grips de entrenamiento, pack DUO"}]},{"@type":"WebSite","@id":"https:\/\/barmaniapro.com\/es\/#website","url":"https:\/\/barmaniapro.com\/es\/","name":"BarManiaPro","description":"Manufacturer of Calisthenics equipment","potentialAction":[{"@type":"SearchAction","target":{"@type":"EntryPoint","urlTemplate":"https:\/\/barmaniapro.com\/es\/?s={search_term_string}"},"query-input":{"@type":"PropertyValueSpecification","valueRequired":true,"valueName":"search_term_string"}}],"inLanguage":"es"}]}},"_links":{"self":[{"href":"https:\/\/barmaniapro.com\/es\/wp-json\/wp\/v2\/product\/14904","targetHints":{"allow":["GET"]}}],"collection":[{"href":"https:\/\/barmaniapro.com\/es\/wp-json\/wp\/v2\/product"}],"about":[{"href":"https:\/\/barmaniapro.com\/es\/wp-json\/wp\/v2\/types\/product"}],"replies":[{"embeddable":true,"href":"https:\/\/barmaniapro.com\/es\/wp-json\/wp\/v2\/comments?post=14904"}],"wp:featuredmedia":[{"embeddable":true,"href":"https:\/\/barmaniapro.com\/es\/wp-json\/wp\/v2\/media\/14348"}],"wp:attachment":[{"href":"https:\/\/barmaniapro.com\/es\/wp-json\/wp\/v2\/media?parent=14904"}],"wp:term":[{"taxonomy":"product_brand","embeddable":true,"href":"https:\/\/barmaniapro.com\/es\/wp-json\/wp\/v2\/product_brand?post=14904"},{"taxonomy":"product_cat","embeddable":true,"href":"https:\/\/barmaniapro.com\/es\/wp-json\/wp\/v2\/product_cat?post=14904"},{"taxonomy":"product_tag","embeddable":true,"href":"https:\/\/barmaniapro.com\/es\/wp-json\/wp\/v2\/product_tag?post=14904"}],"curies":[{"name":"wp","href":"https:\/\/api.w.org\/{rel}","templated":true}]}}