{"id":14899,"date":"2025-01-03T10:02:32","date_gmt":"2025-01-03T09:02:32","guid":{"rendered":"https:\/\/barmaniapro.com\/product\/estacion-de-bolas-ninja\/"},"modified":"2026-01-18T17:50:38","modified_gmt":"2026-01-18T16:50:38","slug":"estacion-de-bolas-ninja","status":"publish","type":"product","link":"https:\/\/barmaniapro.com\/es\/producto\/estacion-de-bolas-ninja\/","title":{"rendered":"Estaci\u00f3n de bolas ninja"},"content":{"rendered":"<p>Supera tus l\u00edmites y eleva tu entrenamiento con la estaci\u00f3n de bolas ninja de BarManiaPro\u00ae. \u00a1Perfecta para atletas que buscan un obst\u00e1culo divertido, desafiante y funcional para mejorar su fuerza, coordinaci\u00f3n y agarre! <\/p>\n<h6><strong>Caracter\u00edsticas principales:<\/strong><\/h6>\n<ul>\n<li><strong>4 columnas de 3400 mm<\/strong>: Estas columnas robustas y de alto rendimiento proporcionan la base estructural de la instalaci\u00f3n, garantizando la estabilidad y la durabilidad durante los entrenamientos y competiciones intensos.<\/li>\n<li><strong>2 columnas transversales de 1450 mm<\/strong>: Estas barras transversales cortas fijan de forma segura los anillos de bolas ninja, ofreciendo los puntos de anclaje perfectos para una gran variedad de movimientos y garantizando la fiabilidad durante las sesiones de entrenamiento.<\/li>\n<li><strong>1 columna transversal de 5000 mm con 10 bolas de anillo ninja<\/strong>: La barra transversal larga abarca una distancia generosa y est\u00e1 equipada con 10 bolas de anillo ninja. Estas bolas est\u00e1n suspendidas por robustos anillos de serpiente de cuerda H\u00e9rcules de \u00d8 18 mm, fijados a la columna transversal. Las bolas colgantes ofrecen un desaf\u00edo emocionante para que los atletas las superen balance\u00e1ndose, saltando o colg\u00e1ndose.  <\/li>\n<li><strong>4 juegos de abrazaderas<\/strong>: Estas abrazaderas de alta resistencia garantizan que todos los componentes de la instalaci\u00f3n est\u00e9n bien sujetos, proporcionando la m\u00e1xima seguridad y estabilidad durante el uso.<\/li>\n<\/ul>\n<h6><\/h6>\n<h6><strong>\u00bfPor qu\u00e9 elegir la estaci\u00f3n de bolas ninja de BarManiaPro\u00ae?<\/strong><\/h6>\n<ul>\n<li><strong>Obst\u00e1culo \u00fanico y divertido<\/strong>: Las bolas de anillo ninja crean un desaf\u00edo \u00fanico y atractivo que pone a prueba el agarre, la coordinaci\u00f3n y la capacidad de balanceo de un atleta. Perfecto para los entusiastas de los guerreros ninja y para aquellos que buscan a\u00f1adir un elemento divertido y din\u00e1mico a sus entrenamientos. <\/li>\n<li><strong>Apto para todos los niveles de fuerza<\/strong>: Tanto si est\u00e1s empezando como si buscas mejorar tus t\u00e9cnicas avanzadas, esta instalaci\u00f3n est\u00e1 dise\u00f1ada para adaptarse a todos los niveles de forma f\u00edsica. Su dificultad ajustable la hace perfecta para todo el mundo, desde principiantes hasta atletas profesionales. <\/li>\n<li><strong>Opciones de ejercicio vers\u00e1tiles<\/strong>: Utiliza la estaci\u00f3n de bolas ninja para una variedad de ejercicios de suspensi\u00f3n, balanceo y coordinaci\u00f3n. Esta instalaci\u00f3n ayuda a desarrollar la fuerza de la parte superior del cuerpo, el equilibrio y el movimiento funcional. <\/li>\n<li><strong>Perfecto para el entrenamiento de guerreros ninja y calistenia<\/strong>: Esta instalaci\u00f3n es ideal para mejorar la fuerza de agarre, el control del cuerpo y la agilidad, habilidades esenciales para los cursos de guerreros ninja y las rutinas de calistenia.<\/li>\n<li><strong>Construido para durar<\/strong>: Construida con materiales de alta calidad, la estaci\u00f3n de bolas ninja est\u00e1 hecha para durar y dise\u00f1ada para soportar las sesiones de entrenamiento m\u00e1s intensas.<\/li>\n<\/ul>\n","protected":false},"excerpt":{"rendered":"<p>La estaci\u00f3n de bolas ninja de BarManiaPro\u00ae es un obst\u00e1culo \u00fanico y emocionante dise\u00f1ado para parques de calistenia y guerreros ninja. Perfecta para atletas de todos los niveles de fuerza, esta instalaci\u00f3n combina ejercicios de suspensi\u00f3n, coordinaci\u00f3n y fuerza para ayudar a los atletas a desarrollar la resistencia, mejorar la fuerza de agarre y dominar su equilibrio. <\/p>\n<p>Tanto si eres un principiante que busca desarrollar habilidades b\u00e1sicas como si eres un atleta avanzado que busca una prueba desafiante, la estaci\u00f3n de bolas ninja ofrece una experiencia de entrenamiento divertida y din\u00e1mica.<\/p>\n","protected":false},"featured_media":13956,"comment_status":"open","ping_status":"closed","template":"","meta":{"_acf_changed":false,"inline_featured_image":false},"product_brand":[],"product_cat":[614,682],"product_tag":[611,669],"class_list":{"0":"post-14899","1":"product","2":"type-product","3":"status-publish","4":"has-post-thumbnail","6":"product_cat-equipo","7":"product_cat-guerrero-ninja","8":"product_tag-calistenia","9":"product_tag-guerrero-ninja","11":"first","12":"instock","13":"taxable","14":"shipping-taxable","15":"product-type-simple"},"acf":[],"yoast_head":"<!-- This site is optimized with the Yoast SEO plugin v26.2 - https:\/\/yoast.com\/wordpress\/plugins\/seo\/ -->\n<title>Estaci\u00f3n de bolas ninja - BarManiaPro<\/title>\n<meta name=\"robots\" content=\"index, follow, max-snippet:-1, max-image-preview:large, max-video-preview:-1\" \/>\n<link rel=\"canonical\" href=\"https:\/\/barmaniapro.com\/es\/producto\/estacion-de-bolas-ninja\/\" \/>\n<meta property=\"og:locale\" content=\"es_ES\" \/>\n<meta property=\"og:type\" content=\"article\" \/>\n<meta property=\"og:title\" content=\"Estaci\u00f3n de bolas ninja - BarManiaPro\" \/>\n<meta property=\"og:description\" content=\"La estaci\u00f3n de bolas ninja de BarManiaPro\u00ae es un obst\u00e1culo \u00fanico y emocionante dise\u00f1ado para parques de calistenia y guerreros ninja. Perfecta para atletas de todos los niveles de fuerza, esta instalaci\u00f3n combina ejercicios de suspensi\u00f3n, coordinaci\u00f3n y fuerza para ayudar a los atletas a desarrollar la resistencia, mejorar la fuerza de agarre y dominar su equilibrio.  Tanto si eres un principiante que busca desarrollar habilidades b\u00e1sicas como si eres un atleta avanzado que busca una prueba desafiante, la estaci\u00f3n de bolas ninja ofrece una experiencia de entrenamiento divertida y din\u00e1mica.\" \/>\n<meta property=\"og:url\" content=\"https:\/\/barmaniapro.com\/es\/producto\/estacion-de-bolas-ninja\/\" \/>\n<meta property=\"og:site_name\" content=\"BarManiaPro\" \/>\n<meta property=\"article:publisher\" content=\"https:\/\/www.facebook.com\/BarManiaPro\/\" \/>\n<meta property=\"article:modified_time\" content=\"2026-01-18T16:50:38+00:00\" \/>\n<meta property=\"og:image\" content=\"https:\/\/barmaniapro.com\/wp-content\/uploads\/2025\/01\/BMP-71053_Ninja-Ball-Station_classic_1-min.png\" \/>\n\t<meta property=\"og:image:width\" content=\"1740\" \/>\n\t<meta property=\"og:image:height\" content=\"1740\" \/>\n\t<meta property=\"og:image:type\" content=\"image\/png\" \/>\n<meta name=\"twitter:card\" content=\"summary_large_image\" \/>\n<meta name=\"twitter:label1\" content=\"Tiempo de lectura\" \/>\n\t<meta name=\"twitter:data1\" content=\"2 minuto\" \/>\n<script type=\"application\/ld+json\" class=\"yoast-schema-graph\">{\"@context\":\"https:\/\/schema.org\",\"@graph\":[{\"@type\":\"WebPage\",\"@id\":\"https:\/\/barmaniapro.com\/es\/producto\/estacion-de-bolas-ninja\/\",\"url\":\"https:\/\/barmaniapro.com\/es\/producto\/estacion-de-bolas-ninja\/\",\"name\":\"Estaci\u00f3n de bolas ninja - BarManiaPro\",\"isPartOf\":{\"@id\":\"https:\/\/barmaniapro.com\/es\/#website\"},\"primaryImageOfPage\":{\"@id\":\"https:\/\/barmaniapro.com\/es\/producto\/estacion-de-bolas-ninja\/#primaryimage\"},\"image\":{\"@id\":\"https:\/\/barmaniapro.com\/es\/producto\/estacion-de-bolas-ninja\/#primaryimage\"},\"thumbnailUrl\":\"https:\/\/barmaniapro.com\/wp-content\/uploads\/2025\/01\/BMP-71053_Ninja-Ball-Station_classic_1-min.png\",\"datePublished\":\"2025-01-03T09:02:32+00:00\",\"dateModified\":\"2026-01-18T16:50:38+00:00\",\"breadcrumb\":{\"@id\":\"https:\/\/barmaniapro.com\/es\/producto\/estacion-de-bolas-ninja\/#breadcrumb\"},\"inLanguage\":\"es\",\"potentialAction\":[{\"@type\":\"ReadAction\",\"target\":[\"https:\/\/barmaniapro.com\/es\/producto\/estacion-de-bolas-ninja\/\"]}]},{\"@type\":\"ImageObject\",\"inLanguage\":\"es\",\"@id\":\"https:\/\/barmaniapro.com\/es\/producto\/estacion-de-bolas-ninja\/#primaryimage\",\"url\":\"https:\/\/barmaniapro.com\/wp-content\/uploads\/2025\/01\/BMP-71053_Ninja-Ball-Station_classic_1-min.png\",\"contentUrl\":\"https:\/\/barmaniapro.com\/wp-content\/uploads\/2025\/01\/BMP-71053_Ninja-Ball-Station_classic_1-min.png\",\"width\":1740,\"height\":1740},{\"@type\":\"BreadcrumbList\",\"@id\":\"https:\/\/barmaniapro.com\/es\/producto\/estacion-de-bolas-ninja\/#breadcrumb\",\"itemListElement\":[{\"@type\":\"ListItem\",\"position\":1,\"name\":\"Tienda\",\"item\":\"https:\/\/barmaniapro.com\/es\/tienda\/\"},{\"@type\":\"ListItem\",\"position\":2,\"name\":\"Estaci\u00f3n de bolas ninja\"}]},{\"@type\":\"WebSite\",\"@id\":\"https:\/\/barmaniapro.com\/es\/#website\",\"url\":\"https:\/\/barmaniapro.com\/es\/\",\"name\":\"BarManiaPro\",\"description\":\"Manufacturer of Calisthenics equipment\",\"potentialAction\":[{\"@type\":\"SearchAction\",\"target\":{\"@type\":\"EntryPoint\",\"urlTemplate\":\"https:\/\/barmaniapro.com\/es\/?s={search_term_string}\"},\"query-input\":{\"@type\":\"PropertyValueSpecification\",\"valueRequired\":true,\"valueName\":\"search_term_string\"}}],\"inLanguage\":\"es\"}]}<\/script>\n<!-- \/ Yoast SEO plugin. -->","yoast_head_json":{"title":"Estaci\u00f3n de bolas ninja - BarManiaPro","robots":{"index":"index","follow":"follow","max-snippet":"max-snippet:-1","max-image-preview":"max-image-preview:large","max-video-preview":"max-video-preview:-1"},"canonical":"https:\/\/barmaniapro.com\/es\/producto\/estacion-de-bolas-ninja\/","og_locale":"es_ES","og_type":"article","og_title":"Estaci\u00f3n de bolas ninja - BarManiaPro","og_description":"La estaci\u00f3n de bolas ninja de BarManiaPro\u00ae es un obst\u00e1culo \u00fanico y emocionante dise\u00f1ado para parques de calistenia y guerreros ninja. Perfecta para atletas de todos los niveles de fuerza, esta instalaci\u00f3n combina ejercicios de suspensi\u00f3n, coordinaci\u00f3n y fuerza para ayudar a los atletas a desarrollar la resistencia, mejorar la fuerza de agarre y dominar su equilibrio.  Tanto si eres un principiante que busca desarrollar habilidades b\u00e1sicas como si eres un atleta avanzado que busca una prueba desafiante, la estaci\u00f3n de bolas ninja ofrece una experiencia de entrenamiento divertida y din\u00e1mica.","og_url":"https:\/\/barmaniapro.com\/es\/producto\/estacion-de-bolas-ninja\/","og_site_name":"BarManiaPro","article_publisher":"https:\/\/www.facebook.com\/BarManiaPro\/","article_modified_time":"2026-01-18T16:50:38+00:00","og_image":[{"width":1740,"height":1740,"url":"https:\/\/barmaniapro.com\/wp-content\/uploads\/2025\/01\/BMP-71053_Ninja-Ball-Station_classic_1-min.png","type":"image\/png"}],"twitter_card":"summary_large_image","twitter_misc":{"Tiempo de lectura":"2 minuto"},"schema":{"@context":"https:\/\/schema.org","@graph":[{"@type":"WebPage","@id":"https:\/\/barmaniapro.com\/es\/producto\/estacion-de-bolas-ninja\/","url":"https:\/\/barmaniapro.com\/es\/producto\/estacion-de-bolas-ninja\/","name":"Estaci\u00f3n de bolas ninja - BarManiaPro","isPartOf":{"@id":"https:\/\/barmaniapro.com\/es\/#website"},"primaryImageOfPage":{"@id":"https:\/\/barmaniapro.com\/es\/producto\/estacion-de-bolas-ninja\/#primaryimage"},"image":{"@id":"https:\/\/barmaniapro.com\/es\/producto\/estacion-de-bolas-ninja\/#primaryimage"},"thumbnailUrl":"https:\/\/barmaniapro.com\/wp-content\/uploads\/2025\/01\/BMP-71053_Ninja-Ball-Station_classic_1-min.png","datePublished":"2025-01-03T09:02:32+00:00","dateModified":"2026-01-18T16:50:38+00:00","breadcrumb":{"@id":"https:\/\/barmaniapro.com\/es\/producto\/estacion-de-bolas-ninja\/#breadcrumb"},"inLanguage":"es","potentialAction":[{"@type":"ReadAction","target":["https:\/\/barmaniapro.com\/es\/producto\/estacion-de-bolas-ninja\/"]}]},{"@type":"ImageObject","inLanguage":"es","@id":"https:\/\/barmaniapro.com\/es\/producto\/estacion-de-bolas-ninja\/#primaryimage","url":"https:\/\/barmaniapro.com\/wp-content\/uploads\/2025\/01\/BMP-71053_Ninja-Ball-Station_classic_1-min.png","contentUrl":"https:\/\/barmaniapro.com\/wp-content\/uploads\/2025\/01\/BMP-71053_Ninja-Ball-Station_classic_1-min.png","width":1740,"height":1740},{"@type":"BreadcrumbList","@id":"https:\/\/barmaniapro.com\/es\/producto\/estacion-de-bolas-ninja\/#breadcrumb","itemListElement":[{"@type":"ListItem","position":1,"name":"Tienda","item":"https:\/\/barmaniapro.com\/es\/tienda\/"},{"@type":"ListItem","position":2,"name":"Estaci\u00f3n de bolas ninja"}]},{"@type":"WebSite","@id":"https:\/\/barmaniapro.com\/es\/#website","url":"https:\/\/barmaniapro.com\/es\/","name":"BarManiaPro","description":"Manufacturer of Calisthenics equipment","potentialAction":[{"@type":"SearchAction","target":{"@type":"EntryPoint","urlTemplate":"https:\/\/barmaniapro.com\/es\/?s={search_term_string}"},"query-input":{"@type":"PropertyValueSpecification","valueRequired":true,"valueName":"search_term_string"}}],"inLanguage":"es"}]}},"_links":{"self":[{"href":"https:\/\/barmaniapro.com\/es\/wp-json\/wp\/v2\/product\/14899","targetHints":{"allow":["GET"]}}],"collection":[{"href":"https:\/\/barmaniapro.com\/es\/wp-json\/wp\/v2\/product"}],"about":[{"href":"https:\/\/barmaniapro.com\/es\/wp-json\/wp\/v2\/types\/product"}],"replies":[{"embeddable":true,"href":"https:\/\/barmaniapro.com\/es\/wp-json\/wp\/v2\/comments?post=14899"}],"wp:featuredmedia":[{"embeddable":true,"href":"https:\/\/barmaniapro.com\/es\/wp-json\/wp\/v2\/media\/13956"}],"wp:attachment":[{"href":"https:\/\/barmaniapro.com\/es\/wp-json\/wp\/v2\/media?parent=14899"}],"wp:term":[{"taxonomy":"product_brand","embeddable":true,"href":"https:\/\/barmaniapro.com\/es\/wp-json\/wp\/v2\/product_brand?post=14899"},{"taxonomy":"product_cat","embeddable":true,"href":"https:\/\/barmaniapro.com\/es\/wp-json\/wp\/v2\/product_cat?post=14899"},{"taxonomy":"product_tag","embeddable":true,"href":"https:\/\/barmaniapro.com\/es\/wp-json\/wp\/v2\/product_tag?post=14899"}],"curies":[{"name":"wp","href":"https:\/\/api.w.org\/{rel}","templated":true}]}}