{"id":14894,"date":"2024-12-29T13:50:49","date_gmt":"2024-12-29T12:50:49","guid":{"rendered":"https:\/\/barmaniapro.com\/product\/configuracion-de-montaje-en-pared-interior-2\/"},"modified":"2026-01-18T17:50:31","modified_gmt":"2026-01-18T16:50:31","slug":"configuracion-de-montaje-en-pared-interior-2","status":"publish","type":"product","link":"https:\/\/barmaniapro.com\/es\/producto\/configuracion-de-montaje-en-pared-interior-2\/","title":{"rendered":"Configuraci\u00f3n de montaje en pared interior 2"},"content":{"rendered":"<p>\u00a1Crea tu gimnasio de calistenia interior definitivo con la configuraci\u00f3n de montaje en pared interior 2 de BarManiaPro\u00ae y lleva tu viaje de fitness a nuevas alturas!<\/p>\n<div class=\"flex-1 overflow-hidden @container\/thread\">\n<div class=\"h-full\">\n<div class=\"react-scroll-to-bottom--css-laptr-79elbk h-full\">\n<div class=\"react-scroll-to-bottom--css-laptr-1n7m0yu\">\n<div class=\"flex flex-col text-sm\">\n<article class=\"w-full scroll-mb-[var(--thread-trailing-height,150px)] text-token-text-primary focus-visible:outline-2 focus-visible:outline-offset-[-4px]\" dir=\"auto\" data-testid=\"conversation-turn-3\" data-scroll-anchor=\"true\">\n<div class=\"m-auto text-base py-[18px] px-3 md:px-4 w-full md:px-5 lg:px-4 xl:px-5\">\n<div class=\"mx-auto flex flex-1 gap-4 text-base md:gap-5 lg:gap-6 md:max-w-3xl\">\n<div class=\"group\/conversation-turn relative flex w-full min-w-0 flex-col agent-turn\">\n<div class=\"flex-col gap-1 md:gap-3\">\n<div class=\"flex max-w-full flex-col flex-grow\">\n<div class=\"min-h-8 text-message flex w-full flex-col items-end gap-2 whitespace-normal break-words text-start [.text-message+&amp;]:mt-5\" dir=\"auto\" data-message-author-role=\"assistant\" data-message-id=\"f67e2ff7-fde3-4fb9-88b9-a91a46568033\" data-message-model-slug=\"gpt-4o-mini\">\n<div class=\"flex w-full flex-col gap-1 empty:hidden first:pt-[3px]\">\n<div class=\"markdown prose w-full break-words dark:prose-invert light\">\n<ul>\n<li><strong>9 columnas de 2600 mm<\/strong>: robustas y fiables, estas columnas verticales forman la columna vertebral de tu configuraci\u00f3n, lo que te permite personalizar tu estaci\u00f3n de entrenamiento con facilidad.<\/li>\n<li><strong>1 columna de boxeo<\/strong>: perfecta para incorporar el boxeo y las artes marciales a tu rutina de calistenia.<\/li>\n<li><strong>2 barras paralelas de montaje en pared (Premium)<\/strong>: ideal para fondos, flexiones y otros ejercicios que se centran en la fuerza de la parte superior del cuerpo.<\/li>\n<li><strong>2 barras de mono<\/strong>: dise\u00f1adas para escalar y balancearse, mejorando la fuerza de agarre, la coordinaci\u00f3n y la resistencia.<\/li>\n<li><strong>1 pared sueca<\/strong>: una pieza multifuncional para estirar, tirar y hacer ejercicios de peso corporal que mejoran la flexibilidad y la fuerza.<\/li>\n<li><strong>3 barras transversales de montaje en pared<\/strong>: barras flexibles y robustas que permiten realizar ejercicios de colgado, empuje y tracci\u00f3n, perfectas para una gran variedad de movimientos de calistenia.<\/li>\n<li><strong>5 barras transversales regulares de diferentes longitudes<\/strong>: estas barras transversales ofrecen una flexibilidad de configuraci\u00f3n adicional para personalizar a\u00fan m\u00e1s tu espacio de entrenamiento.<\/li>\n<li><strong>1 saco de boxeo<\/strong>: participa en un entrenamiento de alta intensidad, mejorando tanto la fuerza como la forma f\u00edsica cardiovascular.<\/li>\n<li><strong>1 diana de wallball<\/strong>: lleva tus ejercicios de wallball al siguiente nivel con esta diana de precisi\u00f3n para mejorar la precisi\u00f3n y el acondicionamiento.<\/li>\n<li><strong>1 anillo de cuerda de batalla<\/strong>: imprescindible para los entrenamientos de acondicionamiento que desarrollan potencia explosiva y resistencia.<\/li>\n<li><strong>27 juegos de abrazaderas<\/strong>: fija de forma segura todos los elementos de tu configuraci\u00f3n a la pared, garantizando la seguridad y la estabilidad durante tus entrenamientos.<\/li>\n<\/ul>\n<p><strong>\u00bfPor qu\u00e9 elegir la configuraci\u00f3n de montaje en pared interior 2 de BarManiaPro\u00ae?<\/strong><\/p>\n<ul>\n<li><strong>Durabilidad<\/strong>: construido con materiales de alta calidad, esta configuraci\u00f3n est\u00e1 dise\u00f1ada para soportar un uso riguroso, proporcionando un entorno seguro y estable para tus entrenamientos.<\/li>\n<li><strong>Ahorro de espacio<\/strong>: el dise\u00f1o de montaje en pared maximiza el espacio del suelo al tiempo que ofrece una amplia gama de opciones de entrenamiento.<\/li>\n<li><strong>Versatilidad<\/strong>: ya sea que te est\u00e9s centrando en la fuerza, la flexibilidad, la resistencia o la agilidad, esta configuraci\u00f3n cubre todos los aspectos del entrenamiento de fitness funcional.<\/li>\n<\/ul>\n<\/div>\n<\/div>\n<\/div>\n<\/div>\n<\/div>\n<\/div>\n<\/div>\n<\/div>\n<\/article>\n<\/div>\n<\/div>\n<\/div>\n<\/div>\n<\/div>\n","protected":false},"excerpt":{"rendered":"<p>Transforma tu espacio interior en un completo para\u00edso del fitness con la configuraci\u00f3n de montaje en pared interior 2 de BarManiaPro\u00ae, un parque de calistenia vers\u00e1til y de primera calidad dise\u00f1ado para la fuerza, la agilidad y el entrenamiento funcional.<\/p>\n<p>Dise\u00f1ado para ofrecer una variedad de opciones de ejercicio, esta configuraci\u00f3n integral es ideal para cualquier persona que busque mejorar su rutina de entrenamiento con el peso corporal, desde principiantes hasta atletas avanzados.<\/p>\n","protected":false},"featured_media":13868,"comment_status":"open","ping_status":"closed","template":"","meta":{"_acf_changed":false,"inline_featured_image":false},"product_brand":[],"product_cat":[614,700],"product_tag":[611],"class_list":{"0":"post-14894","1":"product","2":"type-product","3":"status-publish","4":"has-post-thumbnail","6":"product_cat-equipo","7":"product_cat-equipamiento-interior","8":"product_tag-calistenia","10":"first","11":"instock","12":"taxable","13":"shipping-taxable","14":"purchasable","15":"product-type-simple"},"acf":[],"yoast_head":"<!-- This site is optimized with the Yoast SEO plugin v26.2 - https:\/\/yoast.com\/wordpress\/plugins\/seo\/ -->\n<title>Configuraci\u00f3n de montaje en pared interior 2 - BarManiaPro<\/title>\n<meta name=\"robots\" content=\"index, follow, max-snippet:-1, max-image-preview:large, max-video-preview:-1\" \/>\n<link rel=\"canonical\" href=\"https:\/\/barmaniapro.com\/es\/producto\/configuracion-de-montaje-en-pared-interior-2\/\" \/>\n<meta property=\"og:locale\" content=\"es_ES\" \/>\n<meta property=\"og:type\" content=\"article\" \/>\n<meta property=\"og:title\" content=\"Configuraci\u00f3n de montaje en pared interior 2 - BarManiaPro\" \/>\n<meta property=\"og:description\" content=\"Transforma tu espacio interior en un completo para\u00edso del fitness con la configuraci\u00f3n de montaje en pared interior 2 de BarManiaPro\u00ae, un parque de calistenia vers\u00e1til y de primera calidad dise\u00f1ado para la fuerza, la agilidad y el entrenamiento funcional. Dise\u00f1ado para ofrecer una variedad de opciones de ejercicio, esta configuraci\u00f3n integral es ideal para cualquier persona que busque mejorar su rutina de entrenamiento con el peso corporal, desde principiantes hasta atletas avanzados.\" \/>\n<meta property=\"og:url\" content=\"https:\/\/barmaniapro.com\/es\/producto\/configuracion-de-montaje-en-pared-interior-2\/\" \/>\n<meta property=\"og:site_name\" content=\"BarManiaPro\" \/>\n<meta property=\"article:publisher\" content=\"https:\/\/www.facebook.com\/BarManiaPro\/\" \/>\n<meta property=\"article:modified_time\" content=\"2026-01-18T16:50:31+00:00\" \/>\n<meta property=\"og:image\" content=\"https:\/\/barmaniapro.com\/wp-content\/uploads\/2024\/12\/BMP-83002_Indoor-Wallmount-setup-2_classic_1-min_inPixio.jpg\" \/>\n\t<meta property=\"og:image:width\" content=\"1243\" \/>\n\t<meta property=\"og:image:height\" content=\"1740\" \/>\n\t<meta property=\"og:image:type\" content=\"image\/jpeg\" \/>\n<meta name=\"twitter:card\" content=\"summary_large_image\" \/>\n<meta name=\"twitter:label1\" content=\"Tiempo de lectura\" \/>\n\t<meta name=\"twitter:data1\" content=\"2 minuto\" \/>\n<script type=\"application\/ld+json\" class=\"yoast-schema-graph\">{\"@context\":\"https:\/\/schema.org\",\"@graph\":[{\"@type\":\"WebPage\",\"@id\":\"https:\/\/barmaniapro.com\/es\/producto\/configuracion-de-montaje-en-pared-interior-2\/\",\"url\":\"https:\/\/barmaniapro.com\/es\/producto\/configuracion-de-montaje-en-pared-interior-2\/\",\"name\":\"Configuraci\u00f3n de montaje en pared interior 2 - BarManiaPro\",\"isPartOf\":{\"@id\":\"https:\/\/barmaniapro.com\/es\/#website\"},\"primaryImageOfPage\":{\"@id\":\"https:\/\/barmaniapro.com\/es\/producto\/configuracion-de-montaje-en-pared-interior-2\/#primaryimage\"},\"image\":{\"@id\":\"https:\/\/barmaniapro.com\/es\/producto\/configuracion-de-montaje-en-pared-interior-2\/#primaryimage\"},\"thumbnailUrl\":\"https:\/\/barmaniapro.com\/wp-content\/uploads\/2024\/12\/BMP-83002_Indoor-Wallmount-setup-2_classic_1-min_inPixio.jpg\",\"datePublished\":\"2024-12-29T12:50:49+00:00\",\"dateModified\":\"2026-01-18T16:50:31+00:00\",\"breadcrumb\":{\"@id\":\"https:\/\/barmaniapro.com\/es\/producto\/configuracion-de-montaje-en-pared-interior-2\/#breadcrumb\"},\"inLanguage\":\"es\",\"potentialAction\":[{\"@type\":\"ReadAction\",\"target\":[\"https:\/\/barmaniapro.com\/es\/producto\/configuracion-de-montaje-en-pared-interior-2\/\"]}]},{\"@type\":\"ImageObject\",\"inLanguage\":\"es\",\"@id\":\"https:\/\/barmaniapro.com\/es\/producto\/configuracion-de-montaje-en-pared-interior-2\/#primaryimage\",\"url\":\"https:\/\/barmaniapro.com\/wp-content\/uploads\/2024\/12\/BMP-83002_Indoor-Wallmount-setup-2_classic_1-min_inPixio.jpg\",\"contentUrl\":\"https:\/\/barmaniapro.com\/wp-content\/uploads\/2024\/12\/BMP-83002_Indoor-Wallmount-setup-2_classic_1-min_inPixio.jpg\",\"width\":1243,\"height\":1740},{\"@type\":\"BreadcrumbList\",\"@id\":\"https:\/\/barmaniapro.com\/es\/producto\/configuracion-de-montaje-en-pared-interior-2\/#breadcrumb\",\"itemListElement\":[{\"@type\":\"ListItem\",\"position\":1,\"name\":\"Tienda\",\"item\":\"https:\/\/barmaniapro.com\/es\/tienda\/\"},{\"@type\":\"ListItem\",\"position\":2,\"name\":\"Configuraci\u00f3n de montaje en pared interior 2\"}]},{\"@type\":\"WebSite\",\"@id\":\"https:\/\/barmaniapro.com\/es\/#website\",\"url\":\"https:\/\/barmaniapro.com\/es\/\",\"name\":\"BarManiaPro\",\"description\":\"Manufacturer of Calisthenics equipment\",\"potentialAction\":[{\"@type\":\"SearchAction\",\"target\":{\"@type\":\"EntryPoint\",\"urlTemplate\":\"https:\/\/barmaniapro.com\/es\/?s={search_term_string}\"},\"query-input\":{\"@type\":\"PropertyValueSpecification\",\"valueRequired\":true,\"valueName\":\"search_term_string\"}}],\"inLanguage\":\"es\"}]}<\/script>\n<!-- \/ Yoast SEO plugin. -->","yoast_head_json":{"title":"Configuraci\u00f3n de montaje en pared interior 2 - BarManiaPro","robots":{"index":"index","follow":"follow","max-snippet":"max-snippet:-1","max-image-preview":"max-image-preview:large","max-video-preview":"max-video-preview:-1"},"canonical":"https:\/\/barmaniapro.com\/es\/producto\/configuracion-de-montaje-en-pared-interior-2\/","og_locale":"es_ES","og_type":"article","og_title":"Configuraci\u00f3n de montaje en pared interior 2 - BarManiaPro","og_description":"Transforma tu espacio interior en un completo para\u00edso del fitness con la configuraci\u00f3n de montaje en pared interior 2 de BarManiaPro\u00ae, un parque de calistenia vers\u00e1til y de primera calidad dise\u00f1ado para la fuerza, la agilidad y el entrenamiento funcional. Dise\u00f1ado para ofrecer una variedad de opciones de ejercicio, esta configuraci\u00f3n integral es ideal para cualquier persona que busque mejorar su rutina de entrenamiento con el peso corporal, desde principiantes hasta atletas avanzados.","og_url":"https:\/\/barmaniapro.com\/es\/producto\/configuracion-de-montaje-en-pared-interior-2\/","og_site_name":"BarManiaPro","article_publisher":"https:\/\/www.facebook.com\/BarManiaPro\/","article_modified_time":"2026-01-18T16:50:31+00:00","og_image":[{"width":1243,"height":1740,"url":"https:\/\/barmaniapro.com\/wp-content\/uploads\/2024\/12\/BMP-83002_Indoor-Wallmount-setup-2_classic_1-min_inPixio.jpg","type":"image\/jpeg"}],"twitter_card":"summary_large_image","twitter_misc":{"Tiempo de lectura":"2 minuto"},"schema":{"@context":"https:\/\/schema.org","@graph":[{"@type":"WebPage","@id":"https:\/\/barmaniapro.com\/es\/producto\/configuracion-de-montaje-en-pared-interior-2\/","url":"https:\/\/barmaniapro.com\/es\/producto\/configuracion-de-montaje-en-pared-interior-2\/","name":"Configuraci\u00f3n de montaje en pared interior 2 - BarManiaPro","isPartOf":{"@id":"https:\/\/barmaniapro.com\/es\/#website"},"primaryImageOfPage":{"@id":"https:\/\/barmaniapro.com\/es\/producto\/configuracion-de-montaje-en-pared-interior-2\/#primaryimage"},"image":{"@id":"https:\/\/barmaniapro.com\/es\/producto\/configuracion-de-montaje-en-pared-interior-2\/#primaryimage"},"thumbnailUrl":"https:\/\/barmaniapro.com\/wp-content\/uploads\/2024\/12\/BMP-83002_Indoor-Wallmount-setup-2_classic_1-min_inPixio.jpg","datePublished":"2024-12-29T12:50:49+00:00","dateModified":"2026-01-18T16:50:31+00:00","breadcrumb":{"@id":"https:\/\/barmaniapro.com\/es\/producto\/configuracion-de-montaje-en-pared-interior-2\/#breadcrumb"},"inLanguage":"es","potentialAction":[{"@type":"ReadAction","target":["https:\/\/barmaniapro.com\/es\/producto\/configuracion-de-montaje-en-pared-interior-2\/"]}]},{"@type":"ImageObject","inLanguage":"es","@id":"https:\/\/barmaniapro.com\/es\/producto\/configuracion-de-montaje-en-pared-interior-2\/#primaryimage","url":"https:\/\/barmaniapro.com\/wp-content\/uploads\/2024\/12\/BMP-83002_Indoor-Wallmount-setup-2_classic_1-min_inPixio.jpg","contentUrl":"https:\/\/barmaniapro.com\/wp-content\/uploads\/2024\/12\/BMP-83002_Indoor-Wallmount-setup-2_classic_1-min_inPixio.jpg","width":1243,"height":1740},{"@type":"BreadcrumbList","@id":"https:\/\/barmaniapro.com\/es\/producto\/configuracion-de-montaje-en-pared-interior-2\/#breadcrumb","itemListElement":[{"@type":"ListItem","position":1,"name":"Tienda","item":"https:\/\/barmaniapro.com\/es\/tienda\/"},{"@type":"ListItem","position":2,"name":"Configuraci\u00f3n de montaje en pared interior 2"}]},{"@type":"WebSite","@id":"https:\/\/barmaniapro.com\/es\/#website","url":"https:\/\/barmaniapro.com\/es\/","name":"BarManiaPro","description":"Manufacturer of Calisthenics equipment","potentialAction":[{"@type":"SearchAction","target":{"@type":"EntryPoint","urlTemplate":"https:\/\/barmaniapro.com\/es\/?s={search_term_string}"},"query-input":{"@type":"PropertyValueSpecification","valueRequired":true,"valueName":"search_term_string"}}],"inLanguage":"es"}]}},"_links":{"self":[{"href":"https:\/\/barmaniapro.com\/es\/wp-json\/wp\/v2\/product\/14894","targetHints":{"allow":["GET"]}}],"collection":[{"href":"https:\/\/barmaniapro.com\/es\/wp-json\/wp\/v2\/product"}],"about":[{"href":"https:\/\/barmaniapro.com\/es\/wp-json\/wp\/v2\/types\/product"}],"replies":[{"embeddable":true,"href":"https:\/\/barmaniapro.com\/es\/wp-json\/wp\/v2\/comments?post=14894"}],"wp:featuredmedia":[{"embeddable":true,"href":"https:\/\/barmaniapro.com\/es\/wp-json\/wp\/v2\/media\/13868"}],"wp:attachment":[{"href":"https:\/\/barmaniapro.com\/es\/wp-json\/wp\/v2\/media?parent=14894"}],"wp:term":[{"taxonomy":"product_brand","embeddable":true,"href":"https:\/\/barmaniapro.com\/es\/wp-json\/wp\/v2\/product_brand?post=14894"},{"taxonomy":"product_cat","embeddable":true,"href":"https:\/\/barmaniapro.com\/es\/wp-json\/wp\/v2\/product_cat?post=14894"},{"taxonomy":"product_tag","embeddable":true,"href":"https:\/\/barmaniapro.com\/es\/wp-json\/wp\/v2\/product_tag?post=14894"}],"curies":[{"name":"wp","href":"https:\/\/api.w.org\/{rel}","templated":true}]}}