{"id":14891,"date":"2025-01-03T16:09:22","date_gmt":"2025-01-03T15:09:22","guid":{"rendered":"https:\/\/barmaniapro.com\/product\/cinta-de-agarre-barmaniapro\/"},"modified":"2026-03-08T14:21:37","modified_gmt":"2026-03-08T13:21:37","slug":"cinta-de-agarre-barmaniapro","status":"publish","type":"product","link":"https:\/\/barmaniapro.com\/es\/producto\/cinta-de-agarre-barmaniapro\/","title":{"rendered":"Cinta de agarre BarManiaPro\u00ae"},"content":{"rendered":"<p>Ya sea que est\u00e9s entrenando en barras, anillas o cualquier otro equipo, esta cinta de agarre de alta calidad garantiza el m\u00e1ximo control y estabilidad para tus manos, ayud\u00e1ndote a ejecutar tus ejercicios con confianza y precisi\u00f3n.<\/p>\n<div class=\"group\/conversation-turn relative flex w-full min-w-0 flex-col agent-turn\">\n<div class=\"flex-col gap-1 md:gap-3\">\n<div class=\"flex max-w-full flex-col flex-grow\">\n<div class=\"min-h-8 text-message flex w-full flex-col items-end gap-2 whitespace-normal break-words text-start [.text-message+&amp;]:mt-5\" dir=\"auto\" data-message-author-role=\"assistant\" data-message-id=\"9dfb7300-6337-4a9f-a080-e86a5ea7a5c1\" data-message-model-slug=\"gpt-4o-mini\">\n<div class=\"flex w-full flex-col gap-1 empty:hidden first:pt-[3px]\">\n<div class=\"markdown prose w-full break-words dark:prose-invert light\">\n<ul>\n<li>La <strong>cinta de agarre de algod\u00f3n<\/strong> est\u00e1 dise\u00f1ada para mejorar tu sujeci\u00f3n en barras, anillas y otros equipos. Proporciona material suficiente para envolver m\u00faltiples piezas de equipo, ofreciendo un agarre superior. <\/li>\n<\/ul>\n<ul>\n<li><strong>F\u00e1cil de colocar<\/strong>: se puede envolver r\u00e1pidamente alrededor de tu equipo de entrenamiento para una mejora instant\u00e1nea en tu agarre. Sin complicaciones, sin p\u00e9rdida de tiempo, solo un mejor rendimiento en segundos. <\/li>\n<\/ul>\n<h6><strong>\u00bfPor qu\u00e9 elegir la cinta de agarre BarManiaPro\u00ae?<\/strong><\/h6>\n<ul>\n<li><strong>Agarre superior<\/strong>: el material proporciona un equilibrio ideal de comodidad y adherencia, asegurando que tus manos permanezcan firmemente en su lugar incluso durante los ejercicios de calistenia m\u00e1s desafiantes.<\/li>\n<li><strong>Duradera y de larga duraci\u00f3n<\/strong> Dise\u00f1ada para resistir un uso intenso, esta cinta de agarre ofrece un rendimiento fiable durante tus entrenamientos, manteniendo tus manos c\u00f3modas y seguras.<\/li>\n<li><strong>F\u00e1cil de usar<\/strong>: con su sencillo proceso de colocaci\u00f3n, puedes a\u00f1adir r\u00e1pidamente agarre a cualquier barra o anilla, lo que te permite concentrarte en tu entrenamiento en lugar de preocuparte por el deslizamiento.<\/li>\n<li><strong>Vers\u00e1til<\/strong>: perfecta para una amplia gama de ejercicios de calistenia, incluyendo dominadas, muscle-ups y fondos en anillas. Esta cinta de agarre mejora tu rendimiento en varios tipos de equipos. <\/li>\n<li><strong>Soluci\u00f3n econ\u00f3mica<\/strong> Con 10 metros de cinta de agarre, obtienes un valor duradero, capaz de envolver m\u00faltiples estaciones y asegurar un agarre de primer nivel para todo tu espacio de entrenamiento.<\/li>\n<\/ul>\n<\/div>\n<\/div>\n<\/div>\n<\/div>\n<\/div>\n<\/div>\n","protected":false},"excerpt":{"rendered":"<p>La cinta de agarre es una herramienta de entrenamiento esencial para cualquiera que busque mejorar su fuerza de agarre y rendimiento durante los entrenamientos de calistenia.<\/p>\n<p>\u25cf M\u00e1s agarre en barras, anillas y paralelas<br \/>\n\u25cf Mejor rendimiento durante los entrenamientos<br \/>\n\u25cf F\u00e1cil de colocar en segundos<\/p>\n","protected":false},"featured_media":14262,"comment_status":"open","ping_status":"closed","template":"","meta":{"_acf_changed":false,"inline_featured_image":false},"product_brand":[],"product_cat":[654,630],"product_tag":[611],"class_list":{"0":"post-14891","1":"product","2":"type-product","3":"status-publish","4":"has-post-thumbnail","6":"product_cat-grips-magnesio-y-esparadrapo","7":"product_cat-accesorios","8":"product_tag-calistenia","10":"first","11":"instock","12":"sale","13":"taxable","14":"shipping-taxable","15":"purchasable","16":"product-type-simple"},"acf":[],"yoast_head":"<!-- This site is optimized with the Yoast SEO plugin v26.2 - https:\/\/yoast.com\/wordpress\/plugins\/seo\/ -->\n<title>Cinta de agarre BarManiaPro\u00ae - BarManiaPro<\/title>\n<meta name=\"robots\" content=\"index, follow, max-snippet:-1, max-image-preview:large, max-video-preview:-1\" \/>\n<link rel=\"canonical\" href=\"https:\/\/barmaniapro.com\/es\/producto\/cinta-de-agarre-barmaniapro\/\" \/>\n<meta property=\"og:locale\" content=\"es_ES\" \/>\n<meta property=\"og:type\" content=\"article\" \/>\n<meta property=\"og:title\" content=\"Cinta de agarre BarManiaPro\u00ae - BarManiaPro\" \/>\n<meta property=\"og:description\" content=\"La cinta de agarre es una herramienta de entrenamiento esencial para cualquiera que busque mejorar su fuerza de agarre y rendimiento durante los entrenamientos de calistenia. \u25cf M\u00e1s agarre en barras, anillas y paralelas \u25cf Mejor rendimiento durante los entrenamientos \u25cf F\u00e1cil de colocar en segundos\" \/>\n<meta property=\"og:url\" content=\"https:\/\/barmaniapro.com\/es\/producto\/cinta-de-agarre-barmaniapro\/\" \/>\n<meta property=\"og:site_name\" content=\"BarManiaPro\" \/>\n<meta property=\"article:publisher\" content=\"https:\/\/www.facebook.com\/BarManiaPro\/\" \/>\n<meta property=\"article:modified_time\" content=\"2026-03-08T13:21:37+00:00\" \/>\n<meta property=\"og:image\" content=\"https:\/\/barmaniapro.com\/wp-content\/uploads\/2025\/01\/BMP-Tape-Wit-min.png\" \/>\n\t<meta property=\"og:image:width\" content=\"889\" \/>\n\t<meta property=\"og:image:height\" content=\"984\" \/>\n\t<meta property=\"og:image:type\" content=\"image\/png\" \/>\n<meta name=\"twitter:card\" content=\"summary_large_image\" \/>\n<meta name=\"twitter:label1\" content=\"Tiempo de lectura\" \/>\n\t<meta name=\"twitter:data1\" content=\"1 minuto\" \/>\n<script type=\"application\/ld+json\" class=\"yoast-schema-graph\">{\"@context\":\"https:\/\/schema.org\",\"@graph\":[{\"@type\":\"WebPage\",\"@id\":\"https:\/\/barmaniapro.com\/es\/producto\/cinta-de-agarre-barmaniapro\/\",\"url\":\"https:\/\/barmaniapro.com\/es\/producto\/cinta-de-agarre-barmaniapro\/\",\"name\":\"Cinta de agarre BarManiaPro\u00ae - BarManiaPro\",\"isPartOf\":{\"@id\":\"https:\/\/barmaniapro.com\/es\/#website\"},\"primaryImageOfPage\":{\"@id\":\"https:\/\/barmaniapro.com\/es\/producto\/cinta-de-agarre-barmaniapro\/#primaryimage\"},\"image\":{\"@id\":\"https:\/\/barmaniapro.com\/es\/producto\/cinta-de-agarre-barmaniapro\/#primaryimage\"},\"thumbnailUrl\":\"https:\/\/barmaniapro.com\/wp-content\/uploads\/2025\/01\/BMP-Tape-Wit-min.png\",\"datePublished\":\"2025-01-03T15:09:22+00:00\",\"dateModified\":\"2026-03-08T13:21:37+00:00\",\"breadcrumb\":{\"@id\":\"https:\/\/barmaniapro.com\/es\/producto\/cinta-de-agarre-barmaniapro\/#breadcrumb\"},\"inLanguage\":\"es\",\"potentialAction\":[{\"@type\":\"ReadAction\",\"target\":[\"https:\/\/barmaniapro.com\/es\/producto\/cinta-de-agarre-barmaniapro\/\"]}]},{\"@type\":\"ImageObject\",\"inLanguage\":\"es\",\"@id\":\"https:\/\/barmaniapro.com\/es\/producto\/cinta-de-agarre-barmaniapro\/#primaryimage\",\"url\":\"https:\/\/barmaniapro.com\/wp-content\/uploads\/2025\/01\/BMP-Tape-Wit-min.png\",\"contentUrl\":\"https:\/\/barmaniapro.com\/wp-content\/uploads\/2025\/01\/BMP-Tape-Wit-min.png\",\"width\":889,\"height\":984},{\"@type\":\"BreadcrumbList\",\"@id\":\"https:\/\/barmaniapro.com\/es\/producto\/cinta-de-agarre-barmaniapro\/#breadcrumb\",\"itemListElement\":[{\"@type\":\"ListItem\",\"position\":1,\"name\":\"Tienda\",\"item\":\"https:\/\/barmaniapro.com\/es\/tienda\/\"},{\"@type\":\"ListItem\",\"position\":2,\"name\":\"Cinta de agarre BarManiaPro\u00ae\"}]},{\"@type\":\"WebSite\",\"@id\":\"https:\/\/barmaniapro.com\/es\/#website\",\"url\":\"https:\/\/barmaniapro.com\/es\/\",\"name\":\"BarManiaPro\",\"description\":\"Manufacturer of Calisthenics equipment\",\"potentialAction\":[{\"@type\":\"SearchAction\",\"target\":{\"@type\":\"EntryPoint\",\"urlTemplate\":\"https:\/\/barmaniapro.com\/es\/?s={search_term_string}\"},\"query-input\":{\"@type\":\"PropertyValueSpecification\",\"valueRequired\":true,\"valueName\":\"search_term_string\"}}],\"inLanguage\":\"es\"}]}<\/script>\n<!-- \/ Yoast SEO plugin. -->","yoast_head_json":{"title":"Cinta de agarre BarManiaPro\u00ae - BarManiaPro","robots":{"index":"index","follow":"follow","max-snippet":"max-snippet:-1","max-image-preview":"max-image-preview:large","max-video-preview":"max-video-preview:-1"},"canonical":"https:\/\/barmaniapro.com\/es\/producto\/cinta-de-agarre-barmaniapro\/","og_locale":"es_ES","og_type":"article","og_title":"Cinta de agarre BarManiaPro\u00ae - BarManiaPro","og_description":"La cinta de agarre es una herramienta de entrenamiento esencial para cualquiera que busque mejorar su fuerza de agarre y rendimiento durante los entrenamientos de calistenia. \u25cf M\u00e1s agarre en barras, anillas y paralelas \u25cf Mejor rendimiento durante los entrenamientos \u25cf F\u00e1cil de colocar en segundos","og_url":"https:\/\/barmaniapro.com\/es\/producto\/cinta-de-agarre-barmaniapro\/","og_site_name":"BarManiaPro","article_publisher":"https:\/\/www.facebook.com\/BarManiaPro\/","article_modified_time":"2026-03-08T13:21:37+00:00","og_image":[{"width":889,"height":984,"url":"https:\/\/barmaniapro.com\/wp-content\/uploads\/2025\/01\/BMP-Tape-Wit-min.png","type":"image\/png"}],"twitter_card":"summary_large_image","twitter_misc":{"Tiempo de lectura":"1 minuto"},"schema":{"@context":"https:\/\/schema.org","@graph":[{"@type":"WebPage","@id":"https:\/\/barmaniapro.com\/es\/producto\/cinta-de-agarre-barmaniapro\/","url":"https:\/\/barmaniapro.com\/es\/producto\/cinta-de-agarre-barmaniapro\/","name":"Cinta de agarre BarManiaPro\u00ae - BarManiaPro","isPartOf":{"@id":"https:\/\/barmaniapro.com\/es\/#website"},"primaryImageOfPage":{"@id":"https:\/\/barmaniapro.com\/es\/producto\/cinta-de-agarre-barmaniapro\/#primaryimage"},"image":{"@id":"https:\/\/barmaniapro.com\/es\/producto\/cinta-de-agarre-barmaniapro\/#primaryimage"},"thumbnailUrl":"https:\/\/barmaniapro.com\/wp-content\/uploads\/2025\/01\/BMP-Tape-Wit-min.png","datePublished":"2025-01-03T15:09:22+00:00","dateModified":"2026-03-08T13:21:37+00:00","breadcrumb":{"@id":"https:\/\/barmaniapro.com\/es\/producto\/cinta-de-agarre-barmaniapro\/#breadcrumb"},"inLanguage":"es","potentialAction":[{"@type":"ReadAction","target":["https:\/\/barmaniapro.com\/es\/producto\/cinta-de-agarre-barmaniapro\/"]}]},{"@type":"ImageObject","inLanguage":"es","@id":"https:\/\/barmaniapro.com\/es\/producto\/cinta-de-agarre-barmaniapro\/#primaryimage","url":"https:\/\/barmaniapro.com\/wp-content\/uploads\/2025\/01\/BMP-Tape-Wit-min.png","contentUrl":"https:\/\/barmaniapro.com\/wp-content\/uploads\/2025\/01\/BMP-Tape-Wit-min.png","width":889,"height":984},{"@type":"BreadcrumbList","@id":"https:\/\/barmaniapro.com\/es\/producto\/cinta-de-agarre-barmaniapro\/#breadcrumb","itemListElement":[{"@type":"ListItem","position":1,"name":"Tienda","item":"https:\/\/barmaniapro.com\/es\/tienda\/"},{"@type":"ListItem","position":2,"name":"Cinta de agarre BarManiaPro\u00ae"}]},{"@type":"WebSite","@id":"https:\/\/barmaniapro.com\/es\/#website","url":"https:\/\/barmaniapro.com\/es\/","name":"BarManiaPro","description":"Manufacturer of Calisthenics equipment","potentialAction":[{"@type":"SearchAction","target":{"@type":"EntryPoint","urlTemplate":"https:\/\/barmaniapro.com\/es\/?s={search_term_string}"},"query-input":{"@type":"PropertyValueSpecification","valueRequired":true,"valueName":"search_term_string"}}],"inLanguage":"es"}]}},"_links":{"self":[{"href":"https:\/\/barmaniapro.com\/es\/wp-json\/wp\/v2\/product\/14891","targetHints":{"allow":["GET"]}}],"collection":[{"href":"https:\/\/barmaniapro.com\/es\/wp-json\/wp\/v2\/product"}],"about":[{"href":"https:\/\/barmaniapro.com\/es\/wp-json\/wp\/v2\/types\/product"}],"replies":[{"embeddable":true,"href":"https:\/\/barmaniapro.com\/es\/wp-json\/wp\/v2\/comments?post=14891"}],"wp:featuredmedia":[{"embeddable":true,"href":"https:\/\/barmaniapro.com\/es\/wp-json\/wp\/v2\/media\/14262"}],"wp:attachment":[{"href":"https:\/\/barmaniapro.com\/es\/wp-json\/wp\/v2\/media?parent=14891"}],"wp:term":[{"taxonomy":"product_brand","embeddable":true,"href":"https:\/\/barmaniapro.com\/es\/wp-json\/wp\/v2\/product_brand?post=14891"},{"taxonomy":"product_cat","embeddable":true,"href":"https:\/\/barmaniapro.com\/es\/wp-json\/wp\/v2\/product_cat?post=14891"},{"taxonomy":"product_tag","embeddable":true,"href":"https:\/\/barmaniapro.com\/es\/wp-json\/wp\/v2\/product_tag?post=14891"}],"curies":[{"name":"wp","href":"https:\/\/api.w.org\/{rel}","templated":true}]}}